{"id":2327,"date":"2026-01-07T17:28:38","date_gmt":"2026-01-07T17:28:38","guid":{"rendered":"https:\/\/sentrimax.com\/?page_id=2327"},"modified":"2026-04-21T21:13:42","modified_gmt":"2026-04-21T21:13:42","slug":"ethanol-processing-centrifuge-service-in-kansas-city-mo","status":"publish","type":"page","link":"https:\/\/sentrimax.com\/es\/ethanol-processing-centrifuge-service-in-kansas-city-mo\/","title":{"rendered":"Servicio de centr\u00edfuga para procesamiento de etanol en Kansas City, MO"},"content":{"rendered":"<p data-start=\"335\" data-end=\"965\"><img fetchpriority=\"high\" decoding=\"async\" class=\"aligncenter size-full wp-image-1613\" src=\"https:\/\/sentrimax.com\/wp-content\/uploads\/2025\/07\/Food-Bev.png\" alt=\"\" width=\"1536\" height=\"1024\" srcset=\"https:\/\/sentrimax.com\/wp-content\/uploads\/2025\/07\/Food-Bev.png 1536w, https:\/\/sentrimax.com\/wp-content\/uploads\/2025\/07\/Food-Bev-300x200.png 300w, https:\/\/sentrimax.com\/wp-content\/uploads\/2025\/07\/Food-Bev-1024x683.png 1024w, https:\/\/sentrimax.com\/wp-content\/uploads\/2025\/07\/Food-Bev-768x512.png 768w, https:\/\/sentrimax.com\/wp-content\/uploads\/2025\/07\/Food-Bev-600x400.png 600w\" sizes=\"(max-width: 1536px) 100vw, 1536px\" \/><\/p>\n<p data-start=\"335\" data-end=\"965\">Sentrimax ofrece un servicio profesional de centr\u00edfuga para el procesamiento de etanol para instalaciones de producci\u00f3n de etanol para combustibles y bebidas, plantas de proceso y operaciones industriales en todo el pa\u00eds. <strong data-start=\"511\" data-end=\"536\">Kansas City, Misuri<\/strong>. Las centr\u00edfugas para el procesamiento de etanol son esenciales en la producci\u00f3n moderna de etanol, ya que extraen s\u00f3lidos, levaduras y part\u00edculas de las corrientes l\u00edquidas para garantizar la calidad del producto, la eficiencia del proceso y la consistencia del proceso. Cuando estas m\u00e1quinas de alta velocidad experimentan desgaste, vibraciones, reducci\u00f3n de la productividad o problemas mec\u00e1nicos, un servicio confiable es crucial para minimizar el tiempo de inactividad, proteger la calidad del producto y mantener operaciones ininterrumpidas.<\/p>\n<p data-start=\"967\" data-end=\"1459\">Con d\u00e9cadas de experiencia pr\u00e1ctica en el mantenimiento de equipos de separaci\u00f3n de s\u00f3lidos y l\u00edquidos de alta velocidad, <strong data-start=\"1060\" data-end=\"1073\">Sentrimax<\/strong> Ofrece diagn\u00f3sticos exhaustivos, reparaciones mec\u00e1nicas de precisi\u00f3n, planificaci\u00f3n de mantenimiento preventivo y soluciones integrales de reconstrucci\u00f3n dise\u00f1adas espec\u00edficamente para centr\u00edfugas de procesamiento de etanol. Ya sea que est\u00e9 respondiendo a una falla urgente del equipo o planificando un mantenimiento programado, Sentrimax ayuda a las instalaciones de Kansas City a restaurar el rendimiento y prolongar la vida \u00fatil de sus centr\u00edfugas.<\/p>\n<hr data-start=\"1461\" data-end=\"1464\" \/>\n<h2 data-start=\"1466\" data-end=\"1528\">Apoyo a las operaciones de producci\u00f3n de etanol en toda Kansas City<\/h2>\n<p data-start=\"1530\" data-end=\"2118\">Centr\u00edfugas de etanol en el <strong data-start=\"1557\" data-end=\"1590\">\u00c1rea metropolitana de Kansas City<\/strong> Desempe\u00f1an funciones clave en todo el proceso de producci\u00f3n, incluyendo la recolecci\u00f3n de levadura, la clarificaci\u00f3n de s\u00f3lidos, la separaci\u00f3n de suspensiones y la deshidrataci\u00f3n de lodos. Estas m\u00e1quinas operan en r\u00e9gimen continuo con altas cargas de s\u00f3lidos, alimentaciones variables y frecuentes fluctuaciones de temperatura, lo cual acelera el desgaste de rodamientos, sellos, elementos transportadores y conjuntos rotativos. Si no se abordan de forma proactiva, el desgaste y el desequilibrio pueden provocar vibraciones, problemas de torque, fugas en los sellos e interrupciones imprevistas que afectan el rendimiento y la rentabilidad.<\/p>\n<p data-start=\"2120\" data-end=\"2592\">Sentrimax ofrece un servicio de campo eficiente en toda Kansas City y las comunidades cercanas. T\u00e9cnicos cualificados llegan al sitio equipados con herramientas de diagn\u00f3stico avanzadas para evaluar el estado de la m\u00e1quina, identificar las causas de las fallas e implementar soluciones de servicio pr\u00e1cticas que se ajustan a los cronogramas operativos y las normas de seguridad. Esta combinaci\u00f3n de servicio de campo de precisi\u00f3n y amplia experiencia en centr\u00edfugas permite a los productores de etanol mantener un rendimiento de separaci\u00f3n fiable.<\/p>\n<p data-start=\"2594\" data-end=\"2723\">Para obtener una descripci\u00f3n completa de las capacidades de centr\u00edfuga de Sentrimax en las distintas industrias, visite <a class=\"decorated-link cursor-pointer\" target=\"_new\" rel=\"noopener\" data-start=\"2682\" data-end=\"2722\">https:\/\/sentrimax.com\/centrifuge-repair\/<\/a>.<\/p>\n<hr data-start=\"2725\" data-end=\"2728\" \/>\n<h2 data-start=\"2730\" data-end=\"2795\">Por qu\u00e9 es importante el servicio profesional de centr\u00edfugas para el procesamiento de etanol<\/h2>\n<p data-start=\"2797\" data-end=\"3343\">Las centr\u00edfugas para el procesamiento de etanol son m\u00e1quinas rotatorias de precisi\u00f3n con tolerancias estrictas y altas velocidades de rotaci\u00f3n. Las reparaciones inadecuadas o incompletas a menudo abordan los problemas superficiales sin eliminar las causas subyacentes, lo que provoca vibraciones recurrentes, desgaste prematuro, reducci\u00f3n de la eficiencia y tiempos de inactividad inesperados. Los t\u00e9cnicos de Sentrimax siguen procedimientos documentados y las mejores pr\u00e1cticas de la industria, dise\u00f1ados para diagnosticar tanto los da\u00f1os visibles como las tensiones mec\u00e1nicas que contribuyen, como la desalineaci\u00f3n, la falla de la lubricaci\u00f3n, el desequilibrio o la fatiga estructural.<\/p>\n<p data-start=\"3345\" data-end=\"3410\">Un enfoque de servicio integral ayuda a las instalaciones de Kansas City a:<\/p>\n<ul data-start=\"3412\" data-end=\"3608\">\n<li data-start=\"3412\" data-end=\"3457\">\n<p data-start=\"3414\" data-end=\"3457\">Restaurar el rendimiento y el rendimiento del dise\u00f1o<\/p>\n<\/li>\n<li data-start=\"3458\" data-end=\"3495\">\n<p data-start=\"3460\" data-end=\"3495\">Mejorar la calidad de la separaci\u00f3n de s\u00f3lidos<\/p>\n<\/li>\n<li data-start=\"3496\" data-end=\"3546\">\n<p data-start=\"3498\" data-end=\"3546\">Reducir el consumo de energ\u00eda y la frecuencia de reparaci\u00f3n<\/p>\n<\/li>\n<li data-start=\"3547\" data-end=\"3608\">\n<p data-start=\"3549\" data-end=\"3608\">Mantener el cumplimiento de los est\u00e1ndares regulatorios y de productos.<\/p>\n<\/li>\n<\/ul>\n<p data-start=\"3610\" data-end=\"3734\">Al abordar las causas fundamentales, Sentrimax ayuda a los procesadores de etanol a obtener confiabilidad a largo plazo y reducir el costo total de propiedad.<\/p>\n<hr data-start=\"3736\" data-end=\"3739\" \/>\n<h2 data-start=\"3741\" data-end=\"3796\">Servicios integrales de centr\u00edfuga para el procesamiento de etanol<\/h2>\n<p data-start=\"3798\" data-end=\"3916\">Sentrimax ofrece un espectro completo de servicios de centr\u00edfuga para procesamiento de etanol dise\u00f1ados para operaciones industriales de etanol:<\/p>\n<ul data-start=\"3918\" data-end=\"4448\">\n<li data-start=\"3918\" data-end=\"3981\">\n<p data-start=\"3920\" data-end=\"3981\"><strong data-start=\"3920\" data-end=\"3979\">Inspecci\u00f3n mec\u00e1nica y evaluaci\u00f3n detallada del estado<\/strong><\/p>\n<\/li>\n<li data-start=\"3982\" data-end=\"4033\">\n<p data-start=\"3984\" data-end=\"4033\"><strong data-start=\"3984\" data-end=\"4031\">Diagn\u00f3stico de fallas y an\u00e1lisis de causa ra\u00edz<\/strong><\/p>\n<\/li>\n<li data-start=\"4034\" data-end=\"4095\">\n<p data-start=\"4036\" data-end=\"4095\"><strong data-start=\"4036\" data-end=\"4093\">Extracci\u00f3n, sustituci\u00f3n y alineaci\u00f3n de precisi\u00f3n de cojinetes<\/strong><\/p>\n<\/li>\n<li data-start=\"4096\" data-end=\"4171\">\n<p data-start=\"4098\" data-end=\"4171\"><strong data-start=\"4098\" data-end=\"4169\">Reparaci\u00f3n o reemplazo de taz\u00f3n, espiral, transportador y conjunto giratorio<\/strong><\/p>\n<\/li>\n<li data-start=\"4172\" data-end=\"4232\">\n<p data-start=\"4174\" data-end=\"4232\"><strong data-start=\"4174\" data-end=\"4230\">Inspecci\u00f3n, reconstrucci\u00f3n y verificaci\u00f3n de torque de la caja de cambios<\/strong><\/p>\n<\/li>\n<li data-start=\"4233\" data-end=\"4276\">\n<p data-start=\"4235\" data-end=\"4276\"><strong data-start=\"4235\" data-end=\"4274\">Equilibrado din\u00e1mico seg\u00fan tolerancias OEM<\/strong><\/p>\n<\/li>\n<li data-start=\"4277\" data-end=\"4334\">\n<p data-start=\"4279\" data-end=\"4334\"><strong data-start=\"4279\" data-end=\"4332\">Reemplazo de sellos y mejoras en la protecci\u00f3n contra el desgaste<\/strong><\/p>\n<\/li>\n<li data-start=\"4335\" data-end=\"4394\">\n<p data-start=\"4337\" data-end=\"4394\"><strong data-start=\"4337\" data-end=\"4392\">Soporte para resoluci\u00f3n de problemas de control e instrumentaci\u00f3n<\/strong><\/p>\n<\/li>\n<li data-start=\"4395\" data-end=\"4448\">\n<p data-start=\"4397\" data-end=\"4448\"><strong data-start=\"4397\" data-end=\"4448\">Verificaci\u00f3n del rendimiento y asistencia en la puesta en marcha<\/strong><\/p>\n<\/li>\n<\/ul>\n<p data-start=\"4450\" data-end=\"4703\">Cada servicio sigue procedimientos documentados, alineados con las expectativas del equipo original y los est\u00e1ndares de la industria. Los t\u00e9cnicos eval\u00faan el sistema mec\u00e1nico completo, no solo los s\u00edntomas visibles, para brindar reparaciones que maximicen el tiempo de actividad y la confianza operativa.<\/p>\n<hr data-start=\"4705\" data-end=\"4708\" \/>\n<h2 data-start=\"4710\" data-end=\"4757\">Servicio de campo receptivo y soporte en sitio<\/h2>\n<p data-start=\"4759\" data-end=\"5114\">Los problemas imprevistos con las centr\u00edfugas pueden interrumpir el procesamiento de etanol, sobrecargar a los equipos de mantenimiento y afectar los cronogramas de producci\u00f3n. Sentrimax ofrece un servicio de campo r\u00e1pido en la regi\u00f3n metropolitana de Kansas City, enviando t\u00e9cnicos capacitados directamente a sus instalaciones con herramientas especializadas y procedimientos de seguridad para evaluar el equipo en condiciones reales de funcionamiento.<\/p>\n<p data-start=\"5116\" data-end=\"5152\">El servicio en sitio ofrece beneficios clave:<\/p>\n<ul data-start=\"5154\" data-end=\"5454\">\n<li data-start=\"5154\" data-end=\"5221\">\n<p data-start=\"5156\" data-end=\"5221\"><strong data-start=\"5156\" data-end=\"5219\">Observaci\u00f3n en tiempo real del comportamiento de la m\u00e1quina durante el procesamiento<\/strong><\/p>\n<\/li>\n<li data-start=\"5222\" data-end=\"5294\">\n<p data-start=\"5224\" data-end=\"5294\"><strong data-start=\"5224\" data-end=\"5292\">Soluci\u00f3n de problemas inmediata y acci\u00f3n correctiva cuando est\u00e9 permitido<\/strong><\/p>\n<\/li>\n<li data-start=\"5295\" data-end=\"5365\">\n<p data-start=\"5297\" data-end=\"5365\"><strong data-start=\"5297\" data-end=\"5363\">Reducci\u00f3n de la necesidad de costosos transportes fuera del sitio y del tiempo de respuesta<\/strong><\/p>\n<\/li>\n<li data-start=\"5366\" data-end=\"5454\">\n<p data-start=\"5368\" data-end=\"5454\"><strong data-start=\"5368\" data-end=\"5454\">Colaboraci\u00f3n con el personal de las instalaciones para integrar el servicio con las demandas de producci\u00f3n.<\/strong><\/p>\n<\/li>\n<\/ul>\n<p data-start=\"5456\" data-end=\"5596\">Los t\u00e9cnicos de campo se centran en reparaciones efectivas y pr\u00e1cticas que minimizan las interrupciones y ayudan a su equipo a mantener operaciones fluidas y predecibles.<\/p>\n<hr data-start=\"5598\" data-end=\"5601\" \/>\n<h2 data-start=\"5603\" data-end=\"5653\">Reparaciones de precisi\u00f3n con componentes de alta calidad<\/h2>\n<p data-start=\"5655\" data-end=\"5865\">La durabilidad de cualquier reparaci\u00f3n depende en gran medida de la calidad de los componentes instalados durante el servicio. Sentrimax suministra repuestos de calidad OEM y equivalentes para centr\u00edfugas de procesamiento de etanol, incluyendo:<\/p>\n<ul data-start=\"5867\" data-end=\"6133\">\n<li data-start=\"5867\" data-end=\"5902\">\n<p data-start=\"5869\" data-end=\"5902\">Cojinetes y conjuntos de cojinetes<\/p>\n<\/li>\n<li data-start=\"5903\" data-end=\"5937\">\n<p data-start=\"5905\" data-end=\"5937\">Sellos, juntas y anillos de desgaste<\/p>\n<\/li>\n<li data-start=\"5938\" data-end=\"5990\">\n<p data-start=\"5940\" data-end=\"5990\">Desplazamientos, transportadores y elementos giratorios<\/p>\n<\/li>\n<li data-start=\"5991\" data-end=\"6039\">\n<p data-start=\"5993\" data-end=\"6039\">Componentes de la caja de cambios y piezas de transferencia de par<\/p>\n<\/li>\n<li data-start=\"6040\" data-end=\"6078\">\n<p data-start=\"6042\" data-end=\"6078\">Conjuntos de cuenco, cubo y giratorios<\/p>\n<\/li>\n<li data-start=\"6079\" data-end=\"6133\">\n<p data-start=\"6081\" data-end=\"6133\">Kits de sujetadores y herrajes dise\u00f1ados para brindar confiabilidad<\/p>\n<\/li>\n<\/ul>\n<p data-start=\"6135\" data-end=\"6311\">Todas las piezas se inspeccionan para comprobar la precisi\u00f3n dimensional, la integridad del material y la compatibilidad antes de la instalaci\u00f3n para garantizar un rendimiento confiable en condiciones de servicio exigentes.<\/p>\n<p data-start=\"6313\" data-end=\"6439\">Para obtener informaci\u00f3n detallada sobre los componentes de reemplazo y el soporte de piezas disponibles, visite <a class=\"decorated-link cursor-pointer\" target=\"_new\" rel=\"noopener\" data-start=\"6399\" data-end=\"6438\">https:\/\/sentrimax.com\/centrifuge-parts\/<\/a>.<\/p>\n<hr data-start=\"6441\" data-end=\"6444\" \/>\n<h2 data-start=\"6446\" data-end=\"6496\">Servicios de reconstrucci\u00f3n completos para confiabilidad a largo plazo<\/h2>\n<p data-start=\"6498\" data-end=\"6812\">Para centr\u00edfugas de etanol con un desgaste considerable o pr\u00f3ximas al final de su vida \u00fatil, Sentrimax ofrece servicios integrales de reconstrucci\u00f3n. Una reconstrucci\u00f3n profesional puede restaurar el equipo a su estado operativo original, mejorando el equilibrio mec\u00e1nico, reduciendo la vibraci\u00f3n y prolongando su vida \u00fatil.<\/p>\n<p data-start=\"6814\" data-end=\"6849\">Los servicios de reconstrucci\u00f3n generalmente incluyen:<\/p>\n<ul data-start=\"6851\" data-end=\"7137\">\n<li data-start=\"6851\" data-end=\"6897\">\n<p data-start=\"6853\" data-end=\"6897\">Desmontaje completo y limpieza a fondo.<\/p>\n<\/li>\n<li data-start=\"6898\" data-end=\"6963\">\n<p data-start=\"6900\" data-end=\"6963\">Medici\u00f3n y restauraci\u00f3n de tolerancias mec\u00e1nicas cr\u00edticas<\/p>\n<\/li>\n<li data-start=\"6964\" data-end=\"7009\">\n<p data-start=\"6966\" data-end=\"7009\">Sustituci\u00f3n de componentes desgastados o da\u00f1ados<\/p>\n<\/li>\n<li data-start=\"7010\" data-end=\"7049\">\n<p data-start=\"7012\" data-end=\"7049\">Mecanizado de precisi\u00f3n para un ajuste \u00f3ptimo<\/p>\n<\/li>\n<li data-start=\"7050\" data-end=\"7094\">\n<p data-start=\"7052\" data-end=\"7094\">Equilibrado din\u00e1mico de conjuntos rotatorios<\/p>\n<\/li>\n<li data-start=\"7095\" data-end=\"7137\">\n<p data-start=\"7097\" data-end=\"7137\">Reensamblaje y prueba de rendimiento final<\/p>\n<\/li>\n<\/ul>\n<p data-start=\"7139\" data-end=\"7296\">El trabajo de reconstrucci\u00f3n se coordina con los equipos de las instalaciones para alinearse con las paradas planificadas, minimizando el impacto en la producci\u00f3n y maximizando el retorno de la inversi\u00f3n de capital.<\/p>\n<hr data-start=\"7298\" data-end=\"7301\" \/>\n<h2 data-start=\"7303\" data-end=\"7347\">Mantenimiento preventivo para maximizar el tiempo de actividad<\/h2>\n<p data-start=\"7349\" data-end=\"7673\">Las reparaciones reactivas son costosas, tanto por las piezas como por la p\u00e9rdida de tiempo de producci\u00f3n. El mantenimiento preventivo ayuda a los procesadores de etanol a detectar problemas emergentes con anticipaci\u00f3n, reducir fallas imprevistas y optimizar los gastos de mantenimiento. Sentrimax colabora con las instalaciones de Kansas City para desarrollar planes de mantenimiento preventivo a medida que pueden incluir:<\/p>\n<ul data-start=\"7675\" data-end=\"7964\">\n<li data-start=\"7675\" data-end=\"7721\">\n<p data-start=\"7677\" data-end=\"7721\">Inspecciones de rutina y seguimiento del estado<\/p>\n<\/li>\n<li data-start=\"7722\" data-end=\"7769\">\n<p data-start=\"7724\" data-end=\"7769\">An\u00e1lisis de vibraciones y tendencias de rendimiento<\/p>\n<\/li>\n<li data-start=\"7770\" data-end=\"7823\">\n<p data-start=\"7772\" data-end=\"7823\">Muestreo de aceite y evaluaci\u00f3n del estado de lubricaci\u00f3n<\/p>\n<\/li>\n<li data-start=\"7824\" data-end=\"7867\">\n<p data-start=\"7826\" data-end=\"7867\">Medici\u00f3n del desgaste en componentes cr\u00edticos<\/p>\n<\/li>\n<li data-start=\"7868\" data-end=\"7912\">\n<p data-start=\"7870\" data-end=\"7912\">Reemplazo programado de piezas de alto desgaste<\/p>\n<\/li>\n<li data-start=\"7913\" data-end=\"7964\">\n<p data-start=\"7915\" data-end=\"7964\">Comprobaciones de alineaci\u00f3n y verificaci\u00f3n del equilibrio din\u00e1mico<\/p>\n<\/li>\n<\/ul>\n<p data-start=\"7966\" data-end=\"8101\">Al planificar el mantenimiento en funci\u00f3n de datos operativos en lugar de fallas, las instalaciones pueden mejorar el tiempo de actividad y optimizar los presupuestos de mantenimiento.<\/p>\n<hr data-start=\"8103\" data-end=\"8106\" \/>\n<h2 data-start=\"8108\" data-end=\"8155\">Apoyo a la calidad del producto y los objetivos del proceso<\/h2>\n<p data-start=\"8157\" data-end=\"8553\">El rendimiento de la centr\u00edfuga para el procesamiento de etanol influye en la claridad del producto, la eficiencia de la remoci\u00f3n de s\u00f3lidos y la estabilidad del proceso posterior. Una separaci\u00f3n ineficiente puede aumentar los costos de gesti\u00f3n de residuos, reducir el rendimiento efectivo y elevar los gastos operativos. Un mantenimiento eficaz de la centr\u00edfuga ayuda a las instalaciones a mantener un rendimiento de separaci\u00f3n constante que contribuye a los objetivos generales del proceso y la rentabilidad.<\/p>\n<p data-start=\"8555\" data-end=\"8944\">Para un contexto industrial m\u00e1s amplio sobre el tratamiento asociado y las consideraciones ambientales, los operadores pueden consultar <strong data-start=\"8670\" data-end=\"8716\">Agencia de Protecci\u00f3n Ambiental de los Estados Unidos (EPA)<\/strong> en <a class=\"decorated-link cursor-pointer\" target=\"_new\" rel=\"noopener\" data-start=\"8720\" data-end=\"8745\">https:\/\/www.epa.gov\/water<\/a> para obtener orientaci\u00f3n sobre las normas sobre aguas residuales y efluentes. <strong data-start=\"8801\" data-end=\"8839\">Federaci\u00f3n del Medio Ambiente del Agua (FEM)<\/strong> Tambi\u00e9n ofrece informaci\u00f3n t\u00e9cnica y mejores pr\u00e1cticas relevantes para los sistemas de separaci\u00f3n en <a class=\"decorated-link\" href=\"https:\/\/www.wef.org\/\" target=\"_new\" rel=\"noopener\" data-start=\"8923\" data-end=\"8943\">https:\/\/www.wef.org\/<\/a>.<\/p>\n<hr data-start=\"8946\" data-end=\"8949\" \/>\n<h2 data-start=\"8951\" data-end=\"8997\">Por qu\u00e9 las instalaciones de Kansas City eligen Sentrimax<\/h2>\n<p data-start=\"8999\" data-end=\"9338\">Los productores y operadores de procesos de etanol de Kansas City eligen Sentrimax por su profundo conocimiento t\u00e9cnico, sus equipos de servicio de campo receptivos y su compromiso con la calidad. Los t\u00e9cnicos de Sentrimax combinan su experiencia mec\u00e1nica con la pr\u00e1ctica en campo para diagnosticar problemas complejos e implementar reparaciones que protegen activos cr\u00edticos.<\/p>\n<p data-start=\"9340\" data-end=\"9720\">Una comunicaci\u00f3n clara y una documentaci\u00f3n completa son fundamentales en cada intervenci\u00f3n de servicio. Las instalaciones reciben informes detallados que describen los hallazgos del diagn\u00f3stico, las medidas correctivas adoptadas, los componentes reemplazados y las recomendaciones para la planificaci\u00f3n futura del mantenimiento preventivo. Esta informaci\u00f3n ayuda a los equipos de operaciones a tomar decisiones informadas y a fortalecer las estrategias de confiabilidad a largo plazo.<\/p>\n<p data-start=\"9722\" data-end=\"9811\">Para obtener experiencia en servicios relacionados con la industria, consulte <a class=\"decorated-link cursor-pointer\" target=\"_new\" rel=\"noopener\" data-start=\"9766\" data-end=\"9810\">https:\/\/sentrimax.com\/industries\/wastewater\/<\/a>.<\/p>\n<hr data-start=\"9813\" data-end=\"9816\" \/>\n<h2 data-start=\"9818\" data-end=\"9866\">Soporte integral desde la evaluaci\u00f3n hasta la puesta en marcha<\/h2>\n<p data-start=\"9868\" data-end=\"9927\">El modelo de servicio de Sentrimax se extiende m\u00e1s all\u00e1 de la reparaci\u00f3n para incluir:<\/p>\n<ul data-start=\"9929\" data-end=\"10160\">\n<li data-start=\"9929\" data-end=\"9975\">\n<p data-start=\"9931\" data-end=\"9975\">Coordinaci\u00f3n de aparejos y remoci\u00f3n de equipos<\/p>\n<\/li>\n<li data-start=\"9976\" data-end=\"10028\">\n<p data-start=\"9978\" data-end=\"10028\">Alineaci\u00f3n de precisi\u00f3n y verificaci\u00f3n dimensional<\/p>\n<\/li>\n<li data-start=\"10029\" data-end=\"10074\">\n<p data-start=\"10031\" data-end=\"10074\">Asistencia para reinstalaci\u00f3n y calibraci\u00f3n<\/p>\n<\/li>\n<li data-start=\"10075\" data-end=\"10120\">\n<p data-start=\"10077\" data-end=\"10120\">Asistencia para la puesta en marcha y ajuste del rendimiento<\/p>\n<\/li>\n<li data-start=\"10121\" data-end=\"10160\">\n<p data-start=\"10123\" data-end=\"10160\">Evaluaci\u00f3n y presentaci\u00f3n de informes posteriores al servicio<\/p>\n<\/li>\n<\/ul>\n<p data-start=\"10162\" data-end=\"10295\">Este enfoque hol\u00edstico garantiza que las centr\u00edfugas de etanol vuelvan a funcionar de manera confiable, eficiente y dentro de las expectativas de dise\u00f1o.<\/p>\n<hr data-start=\"10297\" data-end=\"10300\" \/>\n<h2 data-start=\"10302\" data-end=\"10359\">Confiabilidad basada en datos mediante la monitorizaci\u00f3n del rendimiento<\/h2>\n<p data-start=\"10361\" data-end=\"10675\">La fiabilidad a largo plazo de las centr\u00edfugas depende de un mantenimiento estructurado y de la monitorizaci\u00f3n del rendimiento. Sentrimax ayuda a las instalaciones a monitorizar indicadores clave, como perfiles de vibraci\u00f3n, datos de par y tendencias de desgaste, para anticipar las necesidades de servicio, optimizar la planificaci\u00f3n del mantenimiento y reducir el coste total de propiedad a largo plazo.<\/p>\n<hr data-start=\"10677\" data-end=\"10680\" \/>\n<h2 data-start=\"10682\" data-end=\"10748\">Solicitar servicio de centr\u00edfuga para procesamiento de etanol en Kansas City, MO<\/h2>\n<p data-start=\"10750\" data-end=\"11135\">Cuando se necesita un servicio de centr\u00edfuga de procesamiento de etanol experto en <strong data-start=\"10813\" data-end=\"10832\">Kansas City, Misuri<\/strong>, Las instalaciones conf\u00edan en Sentrimax para obtener experiencia confiable, soporte t\u00e9cnico r\u00e1pido y resultados profesionales. Ya sea para solucionar fallas urgentes, planificar mantenimiento preventivo o realizar reconstrucciones completas, Sentrimax ofrece soluciones dise\u00f1adas para mantener sus centr\u00edfugas funcionando de manera confiable y eficiente.<\/p>\n<p data-start=\"11137\" data-end=\"11191\"><strong data-start=\"11137\" data-end=\"11191\"><a class=\"decorated-link\" href=\"https:\/\/sentrimax.com\/es\/contact\/\" target=\"_new\" rel=\"noopener\" data-start=\"11139\" data-end=\"11189\">\u00a1Solicita una cotizaci\u00f3n!<\/a><\/strong><\/p>","protected":false},"excerpt":{"rendered":"<p>Sentrimax provides professional ethanol processing centrifuge service for fuel and beverage ethanol production facilities, process plants, and industrial operations throughout Kansas City, Missouri. Ethanol processing centrifuges are essential in modern ethanol production, extracting solids, yeast, and particulates from liquid streams to ensure product quality, process efficiency, and downstream consistency. When these high-speed machines experience wear, [&hellip;]<\/p>\n","protected":false},"author":3,"featured_media":0,"parent":0,"menu_order":0,"comment_status":"closed","ping_status":"closed","template":"seo-page-template.php","meta":{"_acf_changed":false,"inline_featured_image":false,"footnotes":""},"class_list":["post-2327","page","type-page","status-publish","hentry"],"acf":[],"_links":{"self":[{"href":"https:\/\/sentrimax.com\/es\/wp-json\/wp\/v2\/pages\/2327","targetHints":{"allow":["GET"]}}],"collection":[{"href":"https:\/\/sentrimax.com\/es\/wp-json\/wp\/v2\/pages"}],"about":[{"href":"https:\/\/sentrimax.com\/es\/wp-json\/wp\/v2\/types\/page"}],"author":[{"embeddable":true,"href":"https:\/\/sentrimax.com\/es\/wp-json\/wp\/v2\/users\/3"}],"replies":[{"embeddable":true,"href":"https:\/\/sentrimax.com\/es\/wp-json\/wp\/v2\/comments?post=2327"}],"version-history":[{"count":1,"href":"https:\/\/sentrimax.com\/es\/wp-json\/wp\/v2\/pages\/2327\/revisions"}],"predecessor-version":[{"id":2500,"href":"https:\/\/sentrimax.com\/es\/wp-json\/wp\/v2\/pages\/2327\/revisions\/2500"}],"wp:attachment":[{"href":"https:\/\/sentrimax.com\/es\/wp-json\/wp\/v2\/media?parent=2327"}],"curies":[{"name":"wp","href":"https:\/\/api.w.org\/{rel}","templated":true}]}}