{"id":2328,"date":"2026-01-07T17:31:03","date_gmt":"2026-01-07T17:31:03","guid":{"rendered":"https:\/\/sentrimax.com\/?page_id=2328"},"modified":"2026-04-21T21:13:42","modified_gmt":"2026-04-21T21:13:42","slug":"hutchison-hayes-decanter-centrifuge-repair-in-houston-tx","status":"publish","type":"page","link":"https:\/\/sentrimax.com\/es\/hutchison-hayes-decanter-centrifuge-repair-in-houston-tx\/","title":{"rendered":"Reparaci\u00f3n de centr\u00edfugas decantadoras Hutchison Hayes en Houston, Texas"},"content":{"rendered":"<p data-start=\"323\" data-end=\"1074\"><img fetchpriority=\"high\" decoding=\"async\" class=\"aligncenter size-full wp-image-1610\" src=\"https:\/\/sentrimax.com\/wp-content\/uploads\/2025\/07\/Chemicals-scaled.jpg\" alt=\"\" width=\"2560\" height=\"1748\" srcset=\"https:\/\/sentrimax.com\/wp-content\/uploads\/2025\/07\/Chemicals-scaled.jpg 2560w, https:\/\/sentrimax.com\/wp-content\/uploads\/2025\/07\/Chemicals-300x205.jpg 300w, https:\/\/sentrimax.com\/wp-content\/uploads\/2025\/07\/Chemicals-1024x699.jpg 1024w, https:\/\/sentrimax.com\/wp-content\/uploads\/2025\/07\/Chemicals-768x524.jpg 768w, https:\/\/sentrimax.com\/wp-content\/uploads\/2025\/07\/Chemicals-1536x1049.jpg 1536w, https:\/\/sentrimax.com\/wp-content\/uploads\/2025\/07\/Chemicals-2048x1398.jpg 2048w, https:\/\/sentrimax.com\/wp-content\/uploads\/2025\/07\/Chemicals-600x410.jpg 600w\" sizes=\"(max-width: 2560px) 100vw, 2560px\" \/><\/p>\n<p data-start=\"323\" data-end=\"1074\">Sentrimax ofrece servicios profesionales <strong data-start=\"355\" data-end=\"401\">Reparaci\u00f3n de centr\u00edfugas decantadoras Hutchison Hayes<\/strong> servicios para procesadores industriales, instalaciones de tratamiento de aguas residuales y operaciones de separaci\u00f3n de s\u00f3lidos en todo el pa\u00eds <strong data-start=\"515\" data-end=\"533\">Houston, Texas<\/strong>. Cuando las centr\u00edfugas decantadoras Hutchison Hayes experimentan vibraciones, desgaste de cojinetes, fallos en los sellos, problemas con la caja de engranajes o una reducci\u00f3n en el rendimiento de separaci\u00f3n, es fundamental contar con un servicio de reparaci\u00f3n confiable para proteger la continuidad operativa, mantener el rendimiento y evitar costosos tiempos de inactividad. Con d\u00e9cadas de experiencia en el mantenimiento de equipos de separaci\u00f3n de alta velocidad, <strong data-start=\"874\" data-end=\"887\">Sentrimax<\/strong> Ofrece diagn\u00f3sticos precisos, reparaciones de precisi\u00f3n, planificaci\u00f3n de mantenimiento preventivo y soluciones de reconstrucci\u00f3n dise\u00f1adas para restaurar el rendimiento y extender la vida \u00fatil del equipo para las instalaciones de Houston.<\/p>\n<p data-start=\"1076\" data-end=\"1592\">Las centr\u00edfugas Hutchison Hayes desempe\u00f1an un papel fundamental en las tareas de separaci\u00f3n de s\u00f3lidos y l\u00edquidos, donde la integridad mec\u00e1nica robusta y el rendimiento confiable son cruciales. Estas m\u00e1quinas est\u00e1n dise\u00f1adas para un funcionamiento continuo, pero la combinaci\u00f3n de s\u00f3lidos abrasivos, altas cargas de torque y una rigurosa variabilidad de la alimentaci\u00f3n provoca un desgaste normal con el tiempo. Sentrimax comprende las exigencias mec\u00e1nicas de las centr\u00edfugas decantadoras y aplica pr\u00e1cticas de servicio probadas, adaptadas al entorno operativo de Houston.<\/p>\n<hr data-start=\"1594\" data-end=\"1597\" \/>\n<h2 data-start=\"1599\" data-end=\"1647\">Apoyo a operaciones cr\u00edticas en Houston<\/h2>\n<p data-start=\"1649\" data-end=\"2187\">Instalaciones en todo el <strong data-start=\"1675\" data-end=\"1704\">\u00c1rea metropolitana de Houston<\/strong> Conf\u00ede en las centr\u00edfugas decantadoras para respaldar el procesamiento industrial, la deshidrataci\u00f3n de aguas residuales, el manejo de bios\u00f3lidos y otras aplicaciones de separaci\u00f3n. Cuando una centr\u00edfuga Hutchison Hayes comienza a mostrar se\u00f1ales de vibraci\u00f3n, fugas en los sellos, temperaturas elevadas en los cojinetes o una reducci\u00f3n en el rendimiento, incluso peque\u00f1os problemas pueden comprometer la estabilidad del proceso si no se solucionan. El servicio r\u00e1pido de t\u00e9cnicos experimentados ayuda a prevenir fallas mayores y garantiza resultados confiables de producci\u00f3n y tratamiento.<\/p>\n<p data-start=\"2189\" data-end=\"2513\">Sentrimax ofrece un servicio de campo local y eficiente que lleva t\u00e9cnicos experimentados y herramientas de diagn\u00f3stico directamente a sus instalaciones. Estos t\u00e9cnicos colaboran con los equipos de las instalaciones para evaluar r\u00e1pidamente las condiciones, determinar las causas ra\u00edz e implementar estrategias de reparaci\u00f3n eficaces que se ajusten a los protocolos de seguridad y las necesidades operativas.<\/p>\n<p data-start=\"2515\" data-end=\"2633\">Para obtener un servicio de asistencia integral para todas las marcas y modelos de centr\u00edfugas, visite <a class=\"decorated-link cursor-pointer\" target=\"_new\" rel=\"noopener\" data-start=\"2592\" data-end=\"2632\">https:\/\/sentrimax.com\/centrifuge-repair\/<\/a>.<\/p>\n<hr data-start=\"2635\" data-end=\"2638\" \/>\n<h2 data-start=\"2640\" data-end=\"2694\">Por qu\u00e9 es importante la reparaci\u00f3n profesional de una centr\u00edfuga decantadora<\/h2>\n<p data-start=\"2696\" data-end=\"3251\">Las centr\u00edfugas decantadoras son m\u00e1quinas rotatorias de precisi\u00f3n con tolerancias mec\u00e1nicas estrictas. Reparaciones inadecuadas, diagn\u00f3sticos incompletos o piezas de repuesto incorrectas pueden dejar problemas subyacentes sin resolver, lo que provoca vibraciones recurrentes, desequilibrio, desgaste prematuro y paradas imprevistas. Los t\u00e9cnicos de Sentrimax siguen procedimientos documentados y las mejores pr\u00e1cticas del sector para garantizar que las centr\u00edfugas decantadoras Hutchison Hayes reciban mantenimiento que restaure su rendimiento e identifique factores contribuyentes como desalineaci\u00f3n, fallos en la lubricaci\u00f3n o desequilibrio.<\/p>\n<p data-start=\"3253\" data-end=\"3462\">Una reparaci\u00f3n integral no solo resuelve fallas visibles, sino que tambi\u00e9n mejora la confiabilidad a largo plazo y reduce la probabilidad de fallas repetidas, protegiendo su inversi\u00f3n y estabilizando el rendimiento operativo.<\/p>\n<hr data-start=\"3464\" data-end=\"3467\" \/>\n<h2 data-start=\"3469\" data-end=\"3532\">Servicios detallados de reparaci\u00f3n de centr\u00edfugas decantadoras Hutchison Hayes<\/h2>\n<p data-start=\"3534\" data-end=\"3649\">Sentrimax ofrece un conjunto completo de servicios de reparaci\u00f3n de centr\u00edfugas decantadoras adaptados a las necesidades de las instalaciones de Houston:<\/p>\n<ul data-start=\"3651\" data-end=\"4160\">\n<li data-start=\"3651\" data-end=\"3714\">\n<p data-start=\"3653\" data-end=\"3714\"><strong data-start=\"3653\" data-end=\"3712\">Inspecci\u00f3n mec\u00e1nica y evaluaci\u00f3n detallada del estado<\/strong><\/p>\n<\/li>\n<li data-start=\"3715\" data-end=\"3766\">\n<p data-start=\"3717\" data-end=\"3766\"><strong data-start=\"3717\" data-end=\"3764\">Diagn\u00f3stico de fallas y an\u00e1lisis de causa ra\u00edz<\/strong><\/p>\n<\/li>\n<li data-start=\"3767\" data-end=\"3828\">\n<p data-start=\"3769\" data-end=\"3828\"><strong data-start=\"3769\" data-end=\"3826\">Extracci\u00f3n, sustituci\u00f3n y alineaci\u00f3n de precisi\u00f3n de cojinetes<\/strong><\/p>\n<\/li>\n<li data-start=\"3829\" data-end=\"3892\">\n<p data-start=\"3831\" data-end=\"3892\"><strong data-start=\"3831\" data-end=\"3890\">Reparaci\u00f3n o reemplazo de cuencos, espirales, transportadores y tornillos<\/strong><\/p>\n<\/li>\n<li data-start=\"3893\" data-end=\"3953\">\n<p data-start=\"3895\" data-end=\"3953\"><strong data-start=\"3895\" data-end=\"3951\">Inspecci\u00f3n, reconstrucci\u00f3n y verificaci\u00f3n de torque de la caja de cambios<\/strong><\/p>\n<\/li>\n<li data-start=\"3954\" data-end=\"3997\">\n<p data-start=\"3956\" data-end=\"3997\"><strong data-start=\"3956\" data-end=\"3995\">Equilibrado din\u00e1mico seg\u00fan tolerancias OEM<\/strong><\/p>\n<\/li>\n<li data-start=\"3998\" data-end=\"4051\">\n<p data-start=\"4000\" data-end=\"4051\"><strong data-start=\"4000\" data-end=\"4049\">Reemplazo de sellos y mayor protecci\u00f3n contra el desgaste<\/strong><\/p>\n<\/li>\n<li data-start=\"4052\" data-end=\"4111\">\n<p data-start=\"4054\" data-end=\"4111\"><strong data-start=\"4054\" data-end=\"4109\">Soporte para resoluci\u00f3n de problemas de instrumentaci\u00f3n y control<\/strong><\/p>\n<\/li>\n<li data-start=\"4112\" data-end=\"4160\">\n<p data-start=\"4114\" data-end=\"4160\"><strong data-start=\"4114\" data-end=\"4160\">Pruebas de rendimiento y asistencia para la puesta en marcha<\/strong><\/p>\n<\/li>\n<\/ul>\n<p data-start=\"4162\" data-end=\"4428\">Todas las reparaciones siguen procedimientos documentados, alineados con las expectativas del equipo original y los est\u00e1ndares de la industria. Los t\u00e9cnicos eval\u00faan todo el sistema mec\u00e1nico, no solo los s\u00edntomas visibles, para brindar reparaciones duraderas que maximizan el tiempo de actividad y la confianza operativa.<\/p>\n<hr data-start=\"4430\" data-end=\"4433\" \/>\n<h2 data-start=\"4435\" data-end=\"4479\">Servicio de campo y respuesta r\u00e1pida en Texas<\/h2>\n<p data-start=\"4481\" data-end=\"5020\">Las fallas imprevistas de las centr\u00edfugas pueden interrumpir los programas de producci\u00f3n, sobrecargar a los equipos de mantenimiento y aumentar los costos operativos. Sentrimax ofrece un servicio de campo eficiente en todo Houston y las regiones cercanas, desplegando t\u00e9cnicos capacitados con herramientas de diagn\u00f3stico avanzadas para evaluar los equipos in situ. Realizar reparaciones en campo suele reducir la necesidad de costosos transportes de equipos y permite a los t\u00e9cnicos observar el rendimiento en condiciones reales de operaci\u00f3n, lo que resulta en una mejor resoluci\u00f3n de problemas y recomendaciones de reparaci\u00f3n m\u00e1s precisas.<\/p>\n<p data-start=\"5022\" data-end=\"5078\">El servicio in situ ofrece varias ventajas operativas:<\/p>\n<ul data-start=\"5080\" data-end=\"5307\">\n<li data-start=\"5080\" data-end=\"5120\">\n<p data-start=\"5082\" data-end=\"5120\">Evaluaci\u00f3n directa bajo carga de proceso<\/p>\n<\/li>\n<li data-start=\"5121\" data-end=\"5172\">\n<p data-start=\"5123\" data-end=\"5172\">Soluci\u00f3n de problemas inmediata y acci\u00f3n correctiva<\/p>\n<\/li>\n<li data-start=\"5173\" data-end=\"5222\">\n<p data-start=\"5175\" data-end=\"5222\">Tiempo de inactividad reducido en comparaci\u00f3n con las reparaciones externas<\/p>\n<\/li>\n<li data-start=\"5223\" data-end=\"5307\">\n<p data-start=\"5225\" data-end=\"5307\">Colaboraci\u00f3n con el personal de las instalaciones para integrar el servicio con las demandas de producci\u00f3n.<\/p>\n<\/li>\n<\/ul>\n<p data-start=\"5309\" data-end=\"5432\">Los t\u00e9cnicos de campo trabajan de manera eficiente y segura para minimizar las interrupciones y ayudar a que el equipo vuelva a funcionar de manera confiable r\u00e1pidamente.<\/p>\n<hr data-start=\"5434\" data-end=\"5437\" \/>\n<h2 data-start=\"5439\" data-end=\"5495\">Reparaciones de precisi\u00f3n con repuestos de alta calidad<\/h2>\n<p data-start=\"5497\" data-end=\"5711\">La reparaci\u00f3n eficaz de centr\u00edfugas depende de la calidad de los componentes de repuesto utilizados durante el servicio. Sentrimax suministra piezas de repuesto de calidad OEM y equivalentes para las centr\u00edfugas decantadoras Hutchison Hayes, entre ellas:<\/p>\n<ul data-start=\"5713\" data-end=\"5994\">\n<li data-start=\"5713\" data-end=\"5748\">\n<p data-start=\"5715\" data-end=\"5748\">Cojinetes y conjuntos de cojinetes<\/p>\n<\/li>\n<li data-start=\"5749\" data-end=\"5783\">\n<p data-start=\"5751\" data-end=\"5783\">Sellos, juntas y anillos de desgaste<\/p>\n<\/li>\n<li data-start=\"5784\" data-end=\"5838\">\n<p data-start=\"5786\" data-end=\"5838\">Desplazamientos, transportadores y componentes giratorios<\/p>\n<\/li>\n<li data-start=\"5839\" data-end=\"5900\">\n<p data-start=\"5841\" data-end=\"5900\">Componentes internos de la caja de cambios y piezas de transmisi\u00f3n de par<\/p>\n<\/li>\n<li data-start=\"5901\" data-end=\"5939\">\n<p data-start=\"5903\" data-end=\"5939\">Conjuntos de cuenco, cubo y giratorios<\/p>\n<\/li>\n<li data-start=\"5940\" data-end=\"5994\">\n<p data-start=\"5942\" data-end=\"5994\">Kits de sujetadores y herrajes dise\u00f1ados para brindar confiabilidad<\/p>\n<\/li>\n<\/ul>\n<p data-start=\"5996\" data-end=\"6173\">Todas las piezas se inspeccionan para comprobar la precisi\u00f3n dimensional, la integridad del material y la compatibilidad antes de la instalaci\u00f3n para garantizar un rendimiento confiable en entornos de servicio exigentes.<\/p>\n<p data-start=\"6175\" data-end=\"6291\">Para obtener informaci\u00f3n sobre los componentes de reemplazo disponibles y el soporte de piezas, visite <a class=\"decorated-link cursor-pointer\" target=\"_new\" rel=\"noopener\" data-start=\"6251\" data-end=\"6290\">https:\/\/sentrimax.com\/centrifuge-parts\/<\/a>.<\/p>\n<hr data-start=\"6293\" data-end=\"6296\" \/>\n<h2 data-start=\"6298\" data-end=\"6348\">Servicios de reconstrucci\u00f3n para restaurar el rendimiento de la m\u00e1quina<\/h2>\n<p data-start=\"6350\" data-end=\"6545\">Para centr\u00edfugas con un desgaste considerable o pr\u00f3ximas al final de su vida \u00fatil, Sentrimax ofrece servicios completos de reconstrucci\u00f3n que dejan el equipo pr\u00e1cticamente como nuevo. El trabajo de reconstrucci\u00f3n suele incluir:<\/p>\n<ul data-start=\"6547\" data-end=\"6833\">\n<li data-start=\"6547\" data-end=\"6593\">\n<p data-start=\"6549\" data-end=\"6593\">Desmontaje completo y limpieza a fondo.<\/p>\n<\/li>\n<li data-start=\"6594\" data-end=\"6659\">\n<p data-start=\"6596\" data-end=\"6659\">Medici\u00f3n y restauraci\u00f3n de tolerancias mec\u00e1nicas cr\u00edticas<\/p>\n<\/li>\n<li data-start=\"6660\" data-end=\"6706\">\n<p data-start=\"6662\" data-end=\"6706\">Sustituci\u00f3n de componentes desgastados o degradados<\/p>\n<\/li>\n<li data-start=\"6707\" data-end=\"6750\">\n<p data-start=\"6709\" data-end=\"6750\">Mecanizado de precisi\u00f3n para ajuste y equilibrio.<\/p>\n<\/li>\n<li data-start=\"6751\" data-end=\"6793\">\n<p data-start=\"6753\" data-end=\"6793\">Equilibrado din\u00e1mico de elementos rotatorios<\/p>\n<\/li>\n<li data-start=\"6794\" data-end=\"6833\">\n<p data-start=\"6796\" data-end=\"6833\">Reensamblaje y validaci\u00f3n del rendimiento<\/p>\n<\/li>\n<\/ul>\n<p data-start=\"6835\" data-end=\"7010\">Los proyectos de reconstrucci\u00f3n se coordinan con los equipos de las instalaciones para alinearse con las paradas programadas y las ventanas de mantenimiento, minimizando las interrupciones de producci\u00f3n y extendiendo la vida \u00fatil del equipo.<\/p>\n<hr data-start=\"7012\" data-end=\"7015\" \/>\n<h2 data-start=\"7017\" data-end=\"7065\">Mantenimiento preventivo para mejorar la confiabilidad<\/h2>\n<p data-start=\"7067\" data-end=\"7483\">Las reparaciones reactivas son costosas, no solo en piezas y mano de obra, sino tambi\u00e9n en p\u00e9rdida de producci\u00f3n y tiempos de inactividad imprevistos. El mantenimiento preventivo ayuda a las instalaciones a detectar problemas emergentes con anticipaci\u00f3n y a programar el servicio antes de que ocurran fallas. Sentrimax colabora con operadores de Houston para desarrollar planes de mantenimiento preventivo adaptados a sus equipos, condiciones de procesamiento y horarios de operaci\u00f3n. El mantenimiento preventivo puede incluir:<\/p>\n<ul data-start=\"7485\" data-end=\"7798\">\n<li data-start=\"7485\" data-end=\"7542\">\n<p data-start=\"7487\" data-end=\"7542\">Inspecciones mec\u00e1nicas de rutina y seguimiento del estado<\/p>\n<\/li>\n<li data-start=\"7543\" data-end=\"7586\">\n<p data-start=\"7545\" data-end=\"7586\">An\u00e1lisis de vibraciones y seguimiento de tendencias<\/p>\n<\/li>\n<li data-start=\"7587\" data-end=\"7640\">\n<p data-start=\"7589\" data-end=\"7640\">Muestreo de aceite y evaluaci\u00f3n del estado de lubricaci\u00f3n<\/p>\n<\/li>\n<li data-start=\"7641\" data-end=\"7701\">\n<p data-start=\"7643\" data-end=\"7701\">Medici\u00f3n del desgaste en cojinetes, sellos y elementos de desplazamiento<\/p>\n<\/li>\n<li data-start=\"7702\" data-end=\"7746\">\n<p data-start=\"7704\" data-end=\"7746\">Reemplazo programado de piezas de alto desgaste<\/p>\n<\/li>\n<li data-start=\"7747\" data-end=\"7798\">\n<p data-start=\"7749\" data-end=\"7798\">Comprobaciones de alineaci\u00f3n y verificaci\u00f3n del equilibrio din\u00e1mico<\/p>\n<\/li>\n<\/ul>\n<p data-start=\"7800\" data-end=\"7969\">La planificaci\u00f3n del mantenimiento basada en datos operativos en lugar de fallas ayuda a las instalaciones a mejorar el tiempo de actividad, reducir las reparaciones de emergencia y asignar mejor los recursos de mantenimiento.<\/p>\n<hr data-start=\"7971\" data-end=\"7974\" \/>\n<h2 data-start=\"7976\" data-end=\"8027\">Apoyando la eficiencia operativa y el cumplimiento<\/h2>\n<p data-start=\"8029\" data-end=\"8329\">El rendimiento confiable de una centr\u00edfuga decantadora contribuye a la eficiencia del proceso, la eficacia en el manejo de s\u00f3lidos y la estabilidad operativa. Cuando los sistemas de separaci\u00f3n operan por debajo de su eficiencia \u00f3ptima, los costos de manejo de residuos pueden aumentar, los procesos posteriores pueden verse sometidos a presi\u00f3n y el rendimiento de la planta puede verse comprometido.<\/p>\n<p data-start=\"8331\" data-end=\"8837\">Para un contexto m\u00e1s amplio sobre el desempe\u00f1o ambiental y los est\u00e1ndares de tratamiento de aguas residuales que pueden cruzarse con las operaciones de manejo de s\u00f3lidos, los operadores pueden consultar <strong data-start=\"8495\" data-end=\"8541\">Agencia de Protecci\u00f3n Ambiental de los Estados Unidos (EPA)<\/strong> en <a class=\"decorated-link cursor-pointer\" target=\"_new\" rel=\"noopener\" data-start=\"8545\" data-end=\"8570\">https:\/\/www.epa.gov\/water<\/a>. Las mejores pr\u00e1cticas y est\u00e1ndares t\u00e9cnicos adicionales de la industria est\u00e1n disponibles en <strong data-start=\"8654\" data-end=\"8692\">Federaci\u00f3n del Medio Ambiente del Agua (FEM)<\/strong> en <a class=\"decorated-link\" href=\"https:\/\/www.wef.org\/\" target=\"_new\" rel=\"noopener\" data-start=\"8696\" data-end=\"8716\">https:\/\/www.wef.org\/<\/a>, ambos ofrecen informaci\u00f3n sobre los objetivos del tratamiento y las expectativas regulatorias relevantes para la planificaci\u00f3n de equipos de separaci\u00f3n.<\/p>\n<hr data-start=\"8839\" data-end=\"8842\" \/>\n<h2 data-start=\"8844\" data-end=\"8886\">Por qu\u00e9 las instalaciones de Houston eligen Sentrimax<\/h2>\n<p data-start=\"8888\" data-end=\"9236\">Las instalaciones de Houston eligen a Sentrimax para la reparaci\u00f3n de centr\u00edfugas decantadoras Hutchison Hayes por su experiencia t\u00e9cnica, su eficiente soporte en campo y su compromiso con la calidad de los resultados. Los t\u00e9cnicos de Sentrimax combinan conocimientos mec\u00e1nicos con experiencia pr\u00e1ctica en campo para diagnosticar problemas complejos, implementar reparaciones efectivas y proteger activos cr\u00edticos.<\/p>\n<p data-start=\"9238\" data-end=\"9607\">Una comunicaci\u00f3n clara y una documentaci\u00f3n detallada son fundamentales en cada intervenci\u00f3n de servicio. Las instalaciones reciben informes completos que describen los hallazgos del diagn\u00f3stico, las medidas correctivas adoptadas, los componentes reemplazados y las recomendaciones para la planificaci\u00f3n futura del mantenimiento preventivo. Esta informaci\u00f3n facilita la toma de decisiones operativas informadas y la planificaci\u00f3n de la fiabilidad a largo plazo.<\/p>\n<p data-start=\"9609\" data-end=\"9739\">Para obtener experiencia de servicio adicional en aplicaciones de manejo de aguas residuales y s\u00f3lidos, consulte <a class=\"decorated-link cursor-pointer\" target=\"_new\" rel=\"noopener\" data-start=\"9694\" data-end=\"9738\">https:\/\/sentrimax.com\/industries\/wastewater\/<\/a>.<\/p>\n<hr data-start=\"9741\" data-end=\"9744\" \/>\n<h2 data-start=\"9746\" data-end=\"9794\">Soporte integral desde la evaluaci\u00f3n hasta la puesta en marcha<\/h2>\n<p data-start=\"9796\" data-end=\"9866\">El modelo de servicio de Sentrimax se extiende m\u00e1s all\u00e1 de la reparaci\u00f3n mec\u00e1nica para incluir:<\/p>\n<ul data-start=\"9868\" data-end=\"10093\">\n<li data-start=\"9868\" data-end=\"9914\">\n<p data-start=\"9870\" data-end=\"9914\">Coordinaci\u00f3n de aparejos y remoci\u00f3n de equipos<\/p>\n<\/li>\n<li data-start=\"9915\" data-end=\"9967\">\n<p data-start=\"9917\" data-end=\"9967\">Alineaci\u00f3n de precisi\u00f3n y verificaci\u00f3n dimensional<\/p>\n<\/li>\n<li data-start=\"9968\" data-end=\"10013\">\n<p data-start=\"9970\" data-end=\"10013\">Asistencia para reinstalaci\u00f3n y calibraci\u00f3n<\/p>\n<\/li>\n<li data-start=\"10014\" data-end=\"10056\">\n<p data-start=\"10016\" data-end=\"10056\">Soporte de inicio y optimizaci\u00f3n del rendimiento<\/p>\n<\/li>\n<li data-start=\"10057\" data-end=\"10093\">\n<p data-start=\"10059\" data-end=\"10093\">Evaluaci\u00f3n del desempe\u00f1o posterior a la reparaci\u00f3n<\/p>\n<\/li>\n<\/ul>\n<p data-start=\"10095\" data-end=\"10262\">Este enfoque integral de principio a fin garantiza que las centr\u00edfugas decantadoras Hutchison Hayes vuelvan a funcionar de manera confiable, eficiente y dentro de las expectativas de dise\u00f1o.<\/p>\n<hr data-start=\"10264\" data-end=\"10267\" \/>\n<h2 data-start=\"10269\" data-end=\"10325\">Mejora continua mediante el monitoreo del desempe\u00f1o<\/h2>\n<p data-start=\"10327\" data-end=\"10642\">La confiabilidad a largo plazo depende de un mantenimiento estructurado y la monitorizaci\u00f3n del rendimiento. Sentrimax ayuda a las instalaciones a monitorear indicadores clave de rendimiento (como datos de vibraci\u00f3n, perfiles de torque y tendencias de desgaste) a lo largo del tiempo para anticipar las necesidades de servicio, optimizar la planificaci\u00f3n del mantenimiento y reducir el costo total de propiedad.<\/p>\n<hr data-start=\"10644\" data-end=\"10647\" \/>\n<h2 data-start=\"10649\" data-end=\"10716\">Solicitar reparaci\u00f3n de centr\u00edfuga decantadora Hutchison Hayes en Houston, TX<\/h2>\n<p data-start=\"10718\" data-end=\"11098\">Cuando se necesita una reparaci\u00f3n profesional de la centr\u00edfuga decantadora Hutchison Hayes <strong data-start=\"10792\" data-end=\"10807\">Houston, Texas<\/strong>, Las instalaciones conf\u00edan en Sentrimax por su experiencia confiable, servicio r\u00e1pido y resultados profesionales. Ya sea para solucionar fallas urgentes, planificar mantenimiento preventivo o reconstrucciones completas, Sentrimax ofrece soluciones dise\u00f1adas para mantener sus centr\u00edfugas funcionando de manera confiable y eficiente.<\/p>\n<p data-start=\"11100\" data-end=\"11154\"><strong data-start=\"11100\" data-end=\"11154\"><a class=\"decorated-link\" href=\"https:\/\/sentrimax.com\/es\/contact\/\" target=\"_new\" rel=\"noopener\" data-start=\"11102\" data-end=\"11152\">\u00a1Solicita una cotizaci\u00f3n!<\/a><\/strong><\/p>","protected":false},"excerpt":{"rendered":"<p>Sentrimax provides professional Hutchison Hayes decanter centrifuge repair services for industrial processors, wastewater treatment facilities, and solids separation operations throughout Houston, Texas. When Hutchison Hayes decanter centrifuges experience vibration, bearing wear, seal failure, gearbox problems, or reduced separation performance, reliable repair support is essential to protect operational continuity, maintain performance, and avoid costly downtime. With [&hellip;]<\/p>\n","protected":false},"author":3,"featured_media":0,"parent":0,"menu_order":0,"comment_status":"closed","ping_status":"closed","template":"seo-page-template.php","meta":{"_acf_changed":false,"inline_featured_image":false,"footnotes":""},"class_list":["post-2328","page","type-page","status-publish","hentry"],"acf":[],"_links":{"self":[{"href":"https:\/\/sentrimax.com\/es\/wp-json\/wp\/v2\/pages\/2328","targetHints":{"allow":["GET"]}}],"collection":[{"href":"https:\/\/sentrimax.com\/es\/wp-json\/wp\/v2\/pages"}],"about":[{"href":"https:\/\/sentrimax.com\/es\/wp-json\/wp\/v2\/types\/page"}],"author":[{"embeddable":true,"href":"https:\/\/sentrimax.com\/es\/wp-json\/wp\/v2\/users\/3"}],"replies":[{"embeddable":true,"href":"https:\/\/sentrimax.com\/es\/wp-json\/wp\/v2\/comments?post=2328"}],"version-history":[{"count":1,"href":"https:\/\/sentrimax.com\/es\/wp-json\/wp\/v2\/pages\/2328\/revisions"}],"predecessor-version":[{"id":2499,"href":"https:\/\/sentrimax.com\/es\/wp-json\/wp\/v2\/pages\/2328\/revisions\/2499"}],"wp:attachment":[{"href":"https:\/\/sentrimax.com\/es\/wp-json\/wp\/v2\/media?parent=2328"}],"curies":[{"name":"wp","href":"https:\/\/api.w.org\/{rel}","templated":true}]}}