{"id":2329,"date":"2026-01-07T17:33:15","date_gmt":"2026-01-07T17:33:15","guid":{"rendered":"https:\/\/sentrimax.com\/?page_id=2329"},"modified":"2026-04-21T21:13:41","modified_gmt":"2026-04-21T21:13:41","slug":"oil-gas-decanter-centrifuge-service-in-midland-tx","status":"publish","type":"page","link":"https:\/\/sentrimax.com\/es\/oil-gas-decanter-centrifuge-service-in-midland-tx\/","title":{"rendered":"Servicio de centr\u00edfugas decantadoras de petr\u00f3leo y gas en Midland, Texas"},"content":{"rendered":"<p data-start=\"321\" data-end=\"880\"><img fetchpriority=\"high\" decoding=\"async\" class=\"aligncenter size-full wp-image-1617\" src=\"https:\/\/sentrimax.com\/wp-content\/uploads\/2025\/07\/Oil-Gas-1.png\" alt=\"\" width=\"1024\" height=\"1024\" srcset=\"https:\/\/sentrimax.com\/wp-content\/uploads\/2025\/07\/Oil-Gas-1.png 1024w, https:\/\/sentrimax.com\/wp-content\/uploads\/2025\/07\/Oil-Gas-1-300x300.png 300w, https:\/\/sentrimax.com\/wp-content\/uploads\/2025\/07\/Oil-Gas-1-150x150.png 150w, https:\/\/sentrimax.com\/wp-content\/uploads\/2025\/07\/Oil-Gas-1-768x768.png 768w, https:\/\/sentrimax.com\/wp-content\/uploads\/2025\/07\/Oil-Gas-1-600x600.png 600w, https:\/\/sentrimax.com\/wp-content\/uploads\/2025\/07\/Oil-Gas-1-100x100.png 100w\" sizes=\"(max-width: 1024px) 100vw, 1024px\" \/><\/p>\n<p data-start=\"321\" data-end=\"880\">Sentrimax ofrece servicios profesionales <strong data-start=\"353\" data-end=\"394\">Servicio de centr\u00edfuga decantadora de petr\u00f3leo y gas<\/strong> para operaciones upstream, midstream y downstream en todo el pa\u00eds <strong data-start=\"457\" data-end=\"475\">Midland, Texas<\/strong>. En aplicaciones de petr\u00f3leo y gas, las centr\u00edfugas decantadoras desempe\u00f1an un papel crucial en la separaci\u00f3n de s\u00f3lidos de hidrocarburos l\u00edquidos, el tratamiento del agua producida y la mejora de la eficiencia en la gesti\u00f3n de residuos. Cuando estos decantadores de alta velocidad presentan se\u00f1ales de vibraci\u00f3n, desgaste, fallos en los sellos o disminuci\u00f3n del rendimiento, es esencial un servicio oportuno y experto para proteger el rendimiento, mantener la estabilidad del proceso y reducir los costosos tiempos de inactividad.<\/p>\n<p data-start=\"882\" data-end=\"1193\">Con d\u00e9cadas de experiencia en el servicio de equipos de separaci\u00f3n industrial, <strong data-start=\"952\" data-end=\"965\">Sentrimax<\/strong> Ofrece inspecciones integrales, diagn\u00f3sticos precisos, reparaciones mec\u00e1nicas de precisi\u00f3n, planificaci\u00f3n de mantenimiento preventivo y soluciones de reconstrucci\u00f3n completas adaptadas a las rigurosas demandas de las aplicaciones de centr\u00edfugas decantadoras de petr\u00f3leo y gas.<\/p>\n<hr data-start=\"1195\" data-end=\"1198\" \/>\n<h2 data-start=\"1200\" data-end=\"1249\">Apoyo a las operaciones de petr\u00f3leo y gas en Midland<\/h2>\n<p data-start=\"1251\" data-end=\"1691\">Instalaciones en todo el <strong data-start=\"1273\" data-end=\"1290\">Cuenca P\u00e9rmica<\/strong> Dependen de las centr\u00edfugas decantadoras para el control de s\u00f3lidos, el tratamiento del agua producida y los procesos de recuperaci\u00f3n. En las operaciones de petr\u00f3leo y gas de esta regi\u00f3n, las centr\u00edfugas trabajan continuamente bajo altas cargas, s\u00f3lidos abrasivos y lodos con una qu\u00edmica compleja. Con el tiempo, los rodamientos, sellos, elementos transportadores, tazones y conjuntos de engranajes pueden desgastarse o degradarse, lo que puede comprometer la eficiencia de separaci\u00f3n y el rendimiento de la planta.<\/p>\n<p data-start=\"1693\" data-end=\"2096\">Sentrimax ofrece un servicio de campo receptivo en todo momento <strong data-start=\"1746\" data-end=\"1772\">Midland y el oeste de Texas<\/strong>, llevando t\u00e9cnicos cualificados y herramientas de diagn\u00f3stico avanzadas directamente a las instalaciones del cliente. La evaluaci\u00f3n in situ permite a los equipos de Sentrimax evaluar el estado de la centr\u00edfuga en el contexto del proceso, identificar las causas ra\u00edz de los problemas de rendimiento e implementar medidas correctivas que se ajusten a los requisitos de seguridad y los cronogramas de producci\u00f3n.<\/p>\n<p data-start=\"2098\" data-end=\"2225\">Para obtener una descripci\u00f3n general completa de las capacidades de reparaci\u00f3n de centr\u00edfugas en todas las industrias, consulte <a class=\"decorated-link cursor-pointer\" target=\"_new\" rel=\"noopener\" data-start=\"2184\" data-end=\"2224\">https:\/\/sentrimax.com\/centrifuge-repair\/<\/a>.<\/p>\n<hr data-start=\"2227\" data-end=\"2230\" \/>\n<h2 data-start=\"2232\" data-end=\"2287\">Por qu\u00e9 es importante el mantenimiento profesional de la centr\u00edfuga decantadora<\/h2>\n<p data-start=\"2289\" data-end=\"2722\">Las centr\u00edfugas decantadoras de petr\u00f3leo y gas son m\u00e1quinas de precisi\u00f3n con tolerancias mec\u00e1nicas estrictas y expectativas de funcionamiento continuo. Las reparaciones mal ejecutadas o los diagn\u00f3sticos incompletos a menudo abordan los s\u00edntomas visibles, mientras que pasan por alto los factores subyacentes, como la desalineaci\u00f3n, la falla de la lubricaci\u00f3n, el desequilibrio o los impactos del proceso. Estos problemas no resueltos pueden provocar vibraciones recurrentes, desgaste prematuro, reducci\u00f3n de la eficiencia y paradas imprevistas.<\/p>\n<p data-start=\"2724\" data-end=\"3010\">Los t\u00e9cnicos de Sentrimax siguen procedimientos documentados y las mejores pr\u00e1cticas de la industria para garantizar que las reparaciones no solo solucionen la falla inmediata, sino que tambi\u00e9n ayuden a prevenir fallas repetidas. Este enfoque integral mejora la confiabilidad, extiende los intervalos de servicio y promueve la producci\u00f3n continua.<\/p>\n<hr data-start=\"3012\" data-end=\"3015\" \/>\n<h2 data-start=\"3017\" data-end=\"3072\">Servicios integrales de centr\u00edfugas decantadoras de petr\u00f3leo y gas<\/h2>\n<p data-start=\"3074\" data-end=\"3192\">Sentrimax ofrece un conjunto completo de soluciones de servicio de centr\u00edfugas decantadoras dise\u00f1adas para entornos de procesamiento de petr\u00f3leo y gas:<\/p>\n<ul data-start=\"3194\" data-end=\"3712\">\n<li data-start=\"3194\" data-end=\"3257\">\n<p data-start=\"3196\" data-end=\"3257\"><strong data-start=\"3196\" data-end=\"3255\">Inspecci\u00f3n mec\u00e1nica y evaluaci\u00f3n detallada del estado<\/strong><\/p>\n<\/li>\n<li data-start=\"3258\" data-end=\"3309\">\n<p data-start=\"3260\" data-end=\"3309\"><strong data-start=\"3260\" data-end=\"3307\">Diagn\u00f3stico de fallas y an\u00e1lisis de causa ra\u00edz<\/strong><\/p>\n<\/li>\n<li data-start=\"3310\" data-end=\"3371\">\n<p data-start=\"3312\" data-end=\"3371\"><strong data-start=\"3312\" data-end=\"3369\">Extracci\u00f3n, sustituci\u00f3n y alineaci\u00f3n de precisi\u00f3n de cojinetes<\/strong><\/p>\n<\/li>\n<li data-start=\"3372\" data-end=\"3435\">\n<p data-start=\"3374\" data-end=\"3435\"><strong data-start=\"3374\" data-end=\"3433\">Reparaci\u00f3n o reemplazo de cuencos, espirales, transportadores y tornillos<\/strong><\/p>\n<\/li>\n<li data-start=\"3436\" data-end=\"3496\">\n<p data-start=\"3438\" data-end=\"3496\"><strong data-start=\"3438\" data-end=\"3494\">Inspecci\u00f3n, reconstrucci\u00f3n y verificaci\u00f3n de torque de la caja de cambios<\/strong><\/p>\n<\/li>\n<li data-start=\"3497\" data-end=\"3540\">\n<p data-start=\"3499\" data-end=\"3540\"><strong data-start=\"3499\" data-end=\"3538\">Equilibrado din\u00e1mico seg\u00fan tolerancias OEM<\/strong><\/p>\n<\/li>\n<li data-start=\"3541\" data-end=\"3598\">\n<p data-start=\"3543\" data-end=\"3598\"><strong data-start=\"3543\" data-end=\"3596\">Reemplazo de sellos y mejoras en la protecci\u00f3n contra el desgaste<\/strong><\/p>\n<\/li>\n<li data-start=\"3599\" data-end=\"3658\">\n<p data-start=\"3601\" data-end=\"3658\"><strong data-start=\"3601\" data-end=\"3656\">Soporte para resoluci\u00f3n de problemas de control e instrumentaci\u00f3n<\/strong><\/p>\n<\/li>\n<li data-start=\"3659\" data-end=\"3712\">\n<p data-start=\"3661\" data-end=\"3712\"><strong data-start=\"3661\" data-end=\"3712\">Verificaci\u00f3n del rendimiento y asistencia en la puesta en marcha<\/strong><\/p>\n<\/li>\n<\/ul>\n<p data-start=\"3714\" data-end=\"3962\">Cada elemento de servicio sigue procedimientos documentados, alineados con las expectativas de los equipos originales y los est\u00e1ndares de la industria. Los t\u00e9cnicos eval\u00faan el sistema mec\u00e1nico completo, no solo los s\u00edntomas superficiales, para ofrecer soluciones de servicio duraderas y de alta confiabilidad.<\/p>\n<hr data-start=\"3964\" data-end=\"3967\" \/>\n<h2 data-start=\"3969\" data-end=\"4013\">Servicio de campo y respuesta r\u00e1pida en Texas<\/h2>\n<p data-start=\"4015\" data-end=\"4337\">Las fallas imprevistas de las centr\u00edfugas pueden interrumpir el control de s\u00f3lidos, el tratamiento del agua y el procesamiento posterior en las instalaciones de petr\u00f3leo y gas. Sentrimax ofrece un servicio de campo eficiente en Midland y las regiones circundantes, enviando t\u00e9cnicos con herramientas de diagn\u00f3stico y pr\u00e1cticas de seguridad para realizar evaluaciones y reparaciones in situ.<\/p>\n<p data-start=\"4339\" data-end=\"4381\">El servicio in situ ofrece varias ventajas:<\/p>\n<ul data-start=\"4383\" data-end=\"4606\">\n<li data-start=\"4383\" data-end=\"4438\">\n<p data-start=\"4385\" data-end=\"4438\">Evaluaci\u00f3n directa en condiciones reales de funcionamiento<\/p>\n<\/li>\n<li data-start=\"4439\" data-end=\"4490\">\n<p data-start=\"4441\" data-end=\"4490\">Soluci\u00f3n de problemas inmediata y acci\u00f3n correctiva<\/p>\n<\/li>\n<li data-start=\"4491\" data-end=\"4537\">\n<p data-start=\"4493\" data-end=\"4537\">Reducci\u00f3n de la necesidad de transporte costoso fuera del sitio<\/p>\n<\/li>\n<li data-start=\"4538\" data-end=\"4606\">\n<p data-start=\"4540\" data-end=\"4606\">Coordinaci\u00f3n con el personal de las instalaciones para minimizar el impacto en la producci\u00f3n<\/p>\n<\/li>\n<\/ul>\n<p data-start=\"4608\" data-end=\"4726\">Los t\u00e9cnicos de campo trabajan de manera eficiente para reducir el tiempo de inactividad y devolver el equipo a un servicio confiable lo m\u00e1s r\u00e1pido posible.<\/p>\n<hr data-start=\"4728\" data-end=\"4731\" \/>\n<h2 data-start=\"4733\" data-end=\"4790\">Reparaciones de precisi\u00f3n con repuestos de alta calidad<\/h2>\n<p data-start=\"4792\" data-end=\"5002\">La fiabilidad de las reparaciones depende de la calidad de las piezas de repuesto instaladas. Sentrimax suministra componentes de repuesto con calidad OEM y equivalentes para centr\u00edfugas decantadoras utilizadas en el sector de petr\u00f3leo y gas, entre ellos:<\/p>\n<ul data-start=\"5004\" data-end=\"5257\">\n<li data-start=\"5004\" data-end=\"5039\">\n<p data-start=\"5006\" data-end=\"5039\">Cojinetes y conjuntos de cojinetes<\/p>\n<\/li>\n<li data-start=\"5040\" data-end=\"5074\">\n<p data-start=\"5042\" data-end=\"5074\">Sellos, juntas y anillos de desgaste<\/p>\n<\/li>\n<li data-start=\"5075\" data-end=\"5127\">\n<p data-start=\"5077\" data-end=\"5127\">Desplazamientos, transportadores y elementos giratorios<\/p>\n<\/li>\n<li data-start=\"5128\" data-end=\"5180\">\n<p data-start=\"5130\" data-end=\"5180\">Componentes de la caja de cambios y piezas de transmisi\u00f3n de par<\/p>\n<\/li>\n<li data-start=\"5181\" data-end=\"5219\">\n<p data-start=\"5183\" data-end=\"5219\">Conjuntos de cuenco, cubo y giratorios<\/p>\n<\/li>\n<li data-start=\"5220\" data-end=\"5257\">\n<p data-start=\"5222\" data-end=\"5257\">Kits de sujetadores y herrajes de servicio<\/p>\n<\/li>\n<\/ul>\n<p data-start=\"5259\" data-end=\"5425\">Todas las piezas se inspeccionan para comprobar la precisi\u00f3n dimensional, la integridad del material y el ajuste antes de la instalaci\u00f3n para garantizar un rendimiento confiable en condiciones de operaci\u00f3n adversas.<\/p>\n<p data-start=\"5427\" data-end=\"5518\">Para obtener asistencia detallada sobre las piezas y disponibilidad, visite <a class=\"decorated-link cursor-pointer\" target=\"_new\" rel=\"noopener\" data-start=\"5478\" data-end=\"5517\">https:\/\/sentrimax.com\/centrifuge-parts\/<\/a>.<\/p>\n<hr data-start=\"5520\" data-end=\"5523\" \/>\n<h2 data-start=\"5525\" data-end=\"5572\">Servicios de reconstrucci\u00f3n completos para restaurar el rendimiento<\/h2>\n<p data-start=\"5574\" data-end=\"5778\">Para centr\u00edfugas decantadoras con desgaste avanzado o pr\u00f3ximas al final de su vida \u00fatil, Sentrimax ofrece servicios completos de reconstrucci\u00f3n que restauran el equipo a un estado pr\u00e1cticamente nuevo. Los proyectos de reconstrucci\u00f3n t\u00edpicos incluyen:<\/p>\n<ul data-start=\"5780\" data-end=\"6042\">\n<li data-start=\"5780\" data-end=\"5826\">\n<p data-start=\"5782\" data-end=\"5826\">Desmontaje completo y limpieza a fondo.<\/p>\n<\/li>\n<li data-start=\"5827\" data-end=\"5880\">\n<p data-start=\"5829\" data-end=\"5880\">Inspecci\u00f3n y restauraci\u00f3n de tolerancias cr\u00edticas<\/p>\n<\/li>\n<li data-start=\"5881\" data-end=\"5915\">\n<p data-start=\"5883\" data-end=\"5915\">Sustituci\u00f3n de componentes desgastados<\/p>\n<\/li>\n<li data-start=\"5916\" data-end=\"5959\">\n<p data-start=\"5918\" data-end=\"5959\">Mecanizado de precisi\u00f3n para ajuste y equilibrio.<\/p>\n<\/li>\n<li data-start=\"5960\" data-end=\"6002\">\n<p data-start=\"5962\" data-end=\"6002\">Equilibrado din\u00e1mico de elementos rotatorios<\/p>\n<\/li>\n<li data-start=\"6003\" data-end=\"6042\">\n<p data-start=\"6005\" data-end=\"6042\">Reensamblaje y validaci\u00f3n del rendimiento<\/p>\n<\/li>\n<\/ul>\n<p data-start=\"6044\" data-end=\"6216\">Las reconstrucciones se coordinan con los equipos de las instalaciones para alinearse con las paradas planificadas o las ventanas de mantenimiento, minimizando la interrupci\u00f3n de la producci\u00f3n y maximizando la extensi\u00f3n de la vida \u00fatil.<\/p>\n<hr data-start=\"6218\" data-end=\"6221\" \/>\n<h2 data-start=\"6223\" data-end=\"6271\">Mantenimiento preventivo para mejorar la confiabilidad<\/h2>\n<p data-start=\"6273\" data-end=\"6587\">Las reparaciones reactivas son costosas en piezas, mano de obra y p\u00e9rdida de tiempo de producci\u00f3n. El mantenimiento preventivo ayuda a las instalaciones de petr\u00f3leo y gas a detectar signos tempranos de desgaste, reducir fallas imprevistas y optimizar los presupuestos de mantenimiento. Sentrimax colabora con los operadores para desarrollar planes de mantenimiento preventivo a medida que pueden incluir:<\/p>\n<ul data-start=\"6589\" data-end=\"6906\">\n<li data-start=\"6589\" data-end=\"6646\">\n<p data-start=\"6591\" data-end=\"6646\">Inspecciones mec\u00e1nicas de rutina y seguimiento del estado<\/p>\n<\/li>\n<li data-start=\"6647\" data-end=\"6702\">\n<p data-start=\"6649\" data-end=\"6702\">An\u00e1lisis de vibraciones y monitorizaci\u00f3n de tendencias de rendimiento<\/p>\n<\/li>\n<li data-start=\"6703\" data-end=\"6756\">\n<p data-start=\"6705\" data-end=\"6756\">Muestreo de aceite y evaluaci\u00f3n del estado de lubricaci\u00f3n<\/p>\n<\/li>\n<li data-start=\"6757\" data-end=\"6809\">\n<p data-start=\"6759\" data-end=\"6809\">Medici\u00f3n del desgaste en cojinetes, espirales y sellos<\/p>\n<\/li>\n<li data-start=\"6810\" data-end=\"6854\">\n<p data-start=\"6812\" data-end=\"6854\">Reemplazo programado de piezas de alto desgaste<\/p>\n<\/li>\n<li data-start=\"6855\" data-end=\"6906\">\n<p data-start=\"6857\" data-end=\"6906\">Comprobaciones de alineaci\u00f3n y verificaci\u00f3n del equilibrio din\u00e1mico<\/p>\n<\/li>\n<\/ul>\n<p data-start=\"6908\" data-end=\"7071\">Al planificar el mantenimiento en funci\u00f3n de datos operativos en lugar de fallas, las instalaciones pueden mejorar el tiempo de actividad, reducir las reparaciones de emergencia y optimizar el gasto de mantenimiento.<\/p>\n<hr data-start=\"7073\" data-end=\"7076\" \/>\n<h2 data-start=\"7078\" data-end=\"7143\">Apoyando la eficiencia operativa y el cumplimiento ambiental<\/h2>\n<p data-start=\"7145\" data-end=\"7619\">El rendimiento confiable de las centr\u00edfugas contribuye a la eficiencia en la gesti\u00f3n de s\u00f3lidos, la calidad del agua producida y la estabilidad operativa en las operaciones de petr\u00f3leo y gas. Una separaci\u00f3n eficaz ayuda a reducir los costos de eliminaci\u00f3n y la presi\u00f3n sobre los sistemas aguas abajo. En algunos casos, el rendimiento del tratamiento se vincula con programas regulatorios, como los supervisados por... <strong data-start=\"7475\" data-end=\"7521\">Agencia de Protecci\u00f3n Ambiental de los Estados Unidos (EPA)<\/strong>, que proporciona orientaci\u00f3n sobre la gesti\u00f3n de aguas residuales y aguas de proceso en <a class=\"decorated-link cursor-pointer\" target=\"_new\" rel=\"noopener\" data-start=\"7593\" data-end=\"7618\">https:\/\/www.epa.gov\/water<\/a>.<\/p>\n<p data-start=\"7621\" data-end=\"7902\">Los operadores tambi\u00e9n pueden consultar las mejores pr\u00e1cticas de la industria y los est\u00e1ndares t\u00e9cnicos de la <strong data-start=\"7707\" data-end=\"7745\">Federaci\u00f3n del Medio Ambiente del Agua (FEM)<\/strong> en <a class=\"decorated-link\" href=\"https:\/\/www.wef.org\/\" target=\"_new\" rel=\"noopener\" data-start=\"7749\" data-end=\"7769\">https:\/\/www.wef.org\/<\/a>, que ofrece una visi\u00f3n m\u00e1s amplia de las estrategias de separaci\u00f3n y manejo de s\u00f3lidos que se cruzan con las consideraciones de tratamiento de petr\u00f3leo y gas.<\/p>\n<hr data-start=\"7904\" data-end=\"7907\" \/>\n<h2 data-start=\"7909\" data-end=\"7951\">Por qu\u00e9 Midland Facilities elige Sentrimax<\/h2>\n<p data-start=\"7953\" data-end=\"8293\">Las instalaciones de petr\u00f3leo y gas de Midland eligen Sentrimax para el servicio de centr\u00edfugas decantadoras por su experiencia t\u00e9cnica, su eficiente soporte en campo y su compromiso con la calidad. Los t\u00e9cnicos de Sentrimax combinan su experiencia mec\u00e1nica con la pr\u00e1ctica en campo para diagnosticar problemas complejos, implementar reparaciones efectivas y proteger activos cr\u00edticos.<\/p>\n<p data-start=\"8295\" data-end=\"8665\">Una comunicaci\u00f3n clara y una documentaci\u00f3n completa son parte integral de cada intervenci\u00f3n de servicio. Las instalaciones reciben informes detallados que describen los hallazgos de la inspecci\u00f3n, las medidas correctivas adoptadas, los componentes reemplazados y las recomendaciones para la planificaci\u00f3n futura del mantenimiento preventivo. Esta informaci\u00f3n facilita la toma de decisiones operativas informadas y la fiabilidad de los activos a largo plazo.<\/p>\n<hr data-start=\"8667\" data-end=\"8670\" \/>\n<h2 data-start=\"8672\" data-end=\"8720\">Soporte integral desde la evaluaci\u00f3n hasta la puesta en marcha<\/h2>\n<p data-start=\"8722\" data-end=\"8792\">El modelo de servicio de Sentrimax se extiende m\u00e1s all\u00e1 de la reparaci\u00f3n mec\u00e1nica para incluir:<\/p>\n<ul data-start=\"8794\" data-end=\"9020\">\n<li data-start=\"8794\" data-end=\"8840\">\n<p data-start=\"8796\" data-end=\"8840\">Coordinaci\u00f3n de aparejos y remoci\u00f3n de equipos<\/p>\n<\/li>\n<li data-start=\"8841\" data-end=\"8893\">\n<p data-start=\"8843\" data-end=\"8893\">Alineaci\u00f3n de precisi\u00f3n y verificaci\u00f3n dimensional<\/p>\n<\/li>\n<li data-start=\"8894\" data-end=\"8939\">\n<p data-start=\"8896\" data-end=\"8939\">Asistencia para reinstalaci\u00f3n y calibraci\u00f3n<\/p>\n<\/li>\n<li data-start=\"8940\" data-end=\"8982\">\n<p data-start=\"8942\" data-end=\"8982\">Soporte de inicio y optimizaci\u00f3n del rendimiento<\/p>\n<\/li>\n<li data-start=\"8983\" data-end=\"9020\">\n<p data-start=\"8985\" data-end=\"9020\">Evaluaci\u00f3n del desempe\u00f1o posterior al servicio<\/p>\n<\/li>\n<\/ul>\n<p data-start=\"9022\" data-end=\"9176\">Este enfoque integral garantiza que las centr\u00edfugas decantadoras de petr\u00f3leo y gas regresen al servicio operando de manera confiable, eficiente y dentro de las expectativas de dise\u00f1o.<\/p>\n<hr data-start=\"9178\" data-end=\"9181\" \/>\n<h2 data-start=\"9183\" data-end=\"9239\">Confiabilidad continua mediante la monitorizaci\u00f3n del rendimiento<\/h2>\n<p data-start=\"9241\" data-end=\"9566\">La confiabilidad a largo plazo de los equipos depende de un mantenimiento estructurado y de la monitorizaci\u00f3n del rendimiento. Sentrimax apoya a las instalaciones en el seguimiento de indicadores clave de rendimiento, como perfiles de vibraci\u00f3n, datos de torque y tendencias de desgaste, para anticipar las necesidades de servicio, optimizar la planificaci\u00f3n del mantenimiento y reducir el costo total de propiedad a largo plazo.<\/p>\n<hr data-start=\"9568\" data-end=\"9571\" \/>\n<h2 data-start=\"9573\" data-end=\"9635\">Solicitar servicio de centr\u00edfuga decantadora de petr\u00f3leo y gas en Midland, TX<\/h2>\n<p data-start=\"9637\" data-end=\"10018\">Cuando se necesita un servicio experto de centr\u00edfuga decantadora de petr\u00f3leo y gas <strong data-start=\"9700\" data-end=\"9715\">Midland, Texas<\/strong>, Las instalaciones conf\u00edan en Sentrimax para obtener experiencia confiable, soporte t\u00e9cnico r\u00e1pido y resultados profesionales. Ya sea para solucionar fallas urgentes, planificar mantenimiento preventivo o realizar reconstrucciones completas, Sentrimax ofrece soluciones dise\u00f1adas para mantener sus centr\u00edfugas funcionando de manera confiable y eficiente.<\/p>\n<p data-start=\"10020\" data-end=\"10074\"><strong data-start=\"10020\" data-end=\"10074\"><a class=\"decorated-link\" href=\"https:\/\/sentrimax.com\/es\/contact\/\" target=\"_new\" rel=\"noopener\" data-start=\"10022\" data-end=\"10072\">\u00a1Solicita una cotizaci\u00f3n!<\/a><\/strong><\/p>","protected":false},"excerpt":{"rendered":"<p>Sentrimax provides professional oil &amp; gas decanter centrifuge service for upstream, midstream, and downstream operations throughout Midland, Texas. In oil &amp; gas applications, decanter centrifuges play a crucial role in separating solids from liquid hydrocarbons, treating produced water, and enhancing waste management efficiency. When these high-speed decanters show signs of vibration, wear, seal failure, or [&hellip;]<\/p>\n","protected":false},"author":3,"featured_media":0,"parent":0,"menu_order":0,"comment_status":"closed","ping_status":"closed","template":"seo-page-template.php","meta":{"_acf_changed":false,"inline_featured_image":false,"footnotes":""},"class_list":["post-2329","page","type-page","status-publish","hentry"],"acf":[],"_links":{"self":[{"href":"https:\/\/sentrimax.com\/es\/wp-json\/wp\/v2\/pages\/2329","targetHints":{"allow":["GET"]}}],"collection":[{"href":"https:\/\/sentrimax.com\/es\/wp-json\/wp\/v2\/pages"}],"about":[{"href":"https:\/\/sentrimax.com\/es\/wp-json\/wp\/v2\/types\/page"}],"author":[{"embeddable":true,"href":"https:\/\/sentrimax.com\/es\/wp-json\/wp\/v2\/users\/3"}],"replies":[{"embeddable":true,"href":"https:\/\/sentrimax.com\/es\/wp-json\/wp\/v2\/comments?post=2329"}],"version-history":[{"count":1,"href":"https:\/\/sentrimax.com\/es\/wp-json\/wp\/v2\/pages\/2329\/revisions"}],"predecessor-version":[{"id":2498,"href":"https:\/\/sentrimax.com\/es\/wp-json\/wp\/v2\/pages\/2329\/revisions\/2498"}],"wp:attachment":[{"href":"https:\/\/sentrimax.com\/es\/wp-json\/wp\/v2\/media?parent=2329"}],"curies":[{"name":"wp","href":"https:\/\/api.w.org\/{rel}","templated":true}]}}