{"id":2330,"date":"2026-01-07T17:36:16","date_gmt":"2026-01-07T17:36:16","guid":{"rendered":"https:\/\/sentrimax.com\/?page_id=2330"},"modified":"2026-04-21T21:13:41","modified_gmt":"2026-04-21T21:13:41","slug":"swaco-518-centrifuge-repair-in-houston-tx","status":"publish","type":"page","link":"https:\/\/sentrimax.com\/es\/swaco-518-centrifuge-repair-in-houston-tx\/","title":{"rendered":"Reparaci\u00f3n de centr\u00edfuga SWACO 518 en Houston, TX"},"content":{"rendered":"<p data-start=\"291\" data-end=\"888\"><img fetchpriority=\"high\" decoding=\"async\" class=\"aligncenter size-full wp-image-1609\" src=\"https:\/\/sentrimax.com\/wp-content\/uploads\/2025\/07\/Agriculture-scaled.jpg\" alt=\"\" width=\"2560\" height=\"1705\" srcset=\"https:\/\/sentrimax.com\/wp-content\/uploads\/2025\/07\/Agriculture-scaled.jpg 2560w, https:\/\/sentrimax.com\/wp-content\/uploads\/2025\/07\/Agriculture-300x200.jpg 300w, https:\/\/sentrimax.com\/wp-content\/uploads\/2025\/07\/Agriculture-1024x682.jpg 1024w, https:\/\/sentrimax.com\/wp-content\/uploads\/2025\/07\/Agriculture-768x512.jpg 768w, https:\/\/sentrimax.com\/wp-content\/uploads\/2025\/07\/Agriculture-1536x1023.jpg 1536w, https:\/\/sentrimax.com\/wp-content\/uploads\/2025\/07\/Agriculture-2048x1364.jpg 2048w, https:\/\/sentrimax.com\/wp-content\/uploads\/2025\/07\/Agriculture-600x400.jpg 600w\" sizes=\"(max-width: 2560px) 100vw, 2560px\" \/><\/p>\n<p data-start=\"291\" data-end=\"888\">Sentrimax ofrece servicios profesionales <strong data-start=\"323\" data-end=\"354\">Reparaci\u00f3n de centr\u00edfuga SWACO 518<\/strong> Servicios para instalaciones de procesamiento industrial y aguas residuales en todo el pa\u00eds. <strong data-start=\"427\" data-end=\"445\">Houston, Texas<\/strong>. La centr\u00edfuga decantadora SWACO 518 es una herramienta indispensable en aplicaciones de separaci\u00f3n de s\u00f3lidos y l\u00edquidos, confiable para operaci\u00f3n continua en el tratamiento de residuos de perforaci\u00f3n, deshidrataci\u00f3n industrial y manejo de s\u00f3lidos ambientales. Cuando estas m\u00e1quinas presentan vibraciones, ruidos anormales, fugas en los sellos, desgaste de los rodamientos o un rendimiento de separaci\u00f3n reducido, es fundamental contar con un servicio de reparaci\u00f3n confiable para proteger el tiempo de actividad, mantener la estabilidad del proceso y evitar costosos tiempos de inactividad.<\/p>\n<p data-start=\"890\" data-end=\"1365\">Con d\u00e9cadas de experiencia en el servicio de equipos de separaci\u00f3n de alta velocidad como el modelo SWACO 518, <strong data-start=\"985\" data-end=\"998\">Sentrimax<\/strong> Ofrece diagn\u00f3sticos detallados, reparaciones mec\u00e1nicas de precisi\u00f3n, planificaci\u00f3n de mantenimiento preventivo y soluciones integrales de reconstrucci\u00f3n adaptadas a las exigencias del sector industrial de Houston. Ya sea para responder a una falla urgente o planificar mejoras de servicio a largo plazo, Sentrimax ayuda a las instalaciones a restaurar el rendimiento y prolongar la vida \u00fatil de sus centr\u00edfugas.<\/p>\n<hr data-start=\"1367\" data-end=\"1370\" \/>\n<h2 data-start=\"1372\" data-end=\"1431\">Apoyo a operaciones de separaci\u00f3n cr\u00edticas en Houston<\/h2>\n<p data-start=\"1433\" data-end=\"1957\">Instalaciones industriales y de aguas residuales en todo el <strong data-start=\"1485\" data-end=\"1514\">\u00c1rea metropolitana de Houston<\/strong> Conf\u00ede en centr\u00edfugas como la SWACO 518 para una deshidrataci\u00f3n y gesti\u00f3n de s\u00f3lidos confiables. En entornos de petr\u00f3leo y gas, petroqu\u00edmica, aguas residuales y fabricaci\u00f3n en general, estas centr\u00edfugas decantadoras operan en condiciones adversas: altas cargas de s\u00f3lidos, medios abrasivos, l\u00edquidos corrosivos y ciclos de trabajo prolongados. Con el tiempo, esta exposici\u00f3n al servicio contribuye al desgaste de rodamientos, sellos, conjuntos de espirales, paletas de transportadores y componentes de la caja de engranajes.<\/p>\n<p data-start=\"1959\" data-end=\"2496\">Cuando se presentan se\u00f1ales como aumento de vibraci\u00f3n, reducci\u00f3n de rendimiento, par irregular o ruidos inusuales, incluso problemas menores pueden convertirse en fallas mec\u00e1nicas importantes que interrumpen las operaciones. Sentrimax ofrece un servicio de campo eficiente en Houston y las comunidades aleda\u00f1as, llevando t\u00e9cnicos experimentados y herramientas de diagn\u00f3stico directamente a las instalaciones del cliente. La evaluaci\u00f3n in situ permite a los t\u00e9cnicos evaluar el equipo en el contexto de las condiciones reales del proceso e implementar reparaciones que se ajusten a las pr\u00e1cticas de seguridad y los cronogramas de producci\u00f3n.<\/p>\n<p data-start=\"2498\" data-end=\"2622\">Para obtener una visi\u00f3n m\u00e1s amplia de c\u00f3mo Sentrimax satisface las necesidades de centr\u00edfugas en todas las industrias, consulte <a class=\"decorated-link cursor-pointer\" target=\"_new\" rel=\"noopener\" data-start=\"2581\" data-end=\"2621\">https:\/\/sentrimax.com\/centrifuge-repair\/<\/a>.<\/p>\n<hr data-start=\"2624\" data-end=\"2627\" \/>\n<h2 data-start=\"2629\" data-end=\"2684\">Por qu\u00e9 es importante la reparaci\u00f3n profesional de la centr\u00edfuga SWACO 518<\/h2>\n<p data-start=\"2686\" data-end=\"3290\">La centr\u00edfuga decantadora SWACO 518 es un sistema mec\u00e1nico de precisi\u00f3n con tolerancias estrictas y altas velocidades de rotaci\u00f3n. Reparaciones inadecuadas, diagn\u00f3sticos incompletos o componentes no compatibles pueden dejar problemas subyacentes sin resolver, lo que provoca vibraciones recurrentes, desequilibrio, desgaste prematuro, reducci\u00f3n de la eficiencia de separaci\u00f3n y costosos tiempos de inactividad no planificados. Los t\u00e9cnicos de Sentrimax siguen procedimientos de reparaci\u00f3n documentados y las mejores pr\u00e1cticas de la industria, que se centran no solo en los s\u00edntomas visibles, sino tambi\u00e9n en identificar factores mec\u00e1nicos m\u00e1s profundos, como desalineaci\u00f3n, fallos en la lubricaci\u00f3n, desequilibrio y tensi\u00f3n estructural.<\/p>\n<p data-start=\"3292\" data-end=\"3343\">Una reparaci\u00f3n integral ayuda a las instalaciones en Houston a:<\/p>\n<ul data-start=\"3345\" data-end=\"3542\">\n<li data-start=\"3345\" data-end=\"3390\">\n<p data-start=\"3347\" data-end=\"3390\">Restaurar el rendimiento y el rendimiento del dise\u00f1o<\/p>\n<\/li>\n<li data-start=\"3391\" data-end=\"3445\">\n<p data-start=\"3393\" data-end=\"3445\">Mejorar la consistencia de la separaci\u00f3n y la calidad del producto.<\/p>\n<\/li>\n<li data-start=\"3446\" data-end=\"3490\">\n<p data-start=\"3448\" data-end=\"3490\">Reducir el consumo de energ\u00eda y la frecuencia de reparaci\u00f3n.<\/p>\n<\/li>\n<li data-start=\"3491\" data-end=\"3542\">\n<p data-start=\"3493\" data-end=\"3542\">Minimizar el tiempo de inactividad y proteger los presupuestos operativos<\/p>\n<\/li>\n<\/ul>\n<p data-start=\"3544\" data-end=\"3721\">Al abordar las causas fundamentales en lugar de solo los s\u00edntomas, Sentrimax ayuda a los operadores a lograr intervalos de servicio m\u00e1s largos y un menor costo total de propiedad para sus centr\u00edfugas SWACO 518.<\/p>\n<hr data-start=\"3723\" data-end=\"3726\" \/>\n<h2 data-start=\"3728\" data-end=\"3776\">Servicios detallados de reparaci\u00f3n de centr\u00edfugas SWACO 518<\/h2>\n<p data-start=\"3778\" data-end=\"3909\">Sentrimax ofrece un conjunto completo de servicios de reparaci\u00f3n dise\u00f1ados para centr\u00edfugas SWACO 518 y modelos de decantadores de alto rendimiento similares:<\/p>\n<ul data-start=\"3911\" data-end=\"4416\">\n<li data-start=\"3911\" data-end=\"3965\">\n<p data-start=\"3913\" data-end=\"3965\"><strong data-start=\"3913\" data-end=\"3963\">Inspecci\u00f3n mec\u00e1nica y evaluaci\u00f3n del estado<\/strong><\/p>\n<\/li>\n<li data-start=\"3966\" data-end=\"4017\">\n<p data-start=\"3968\" data-end=\"4017\"><strong data-start=\"3968\" data-end=\"4015\">Diagn\u00f3stico de fallas y an\u00e1lisis de causa ra\u00edz<\/strong><\/p>\n<\/li>\n<li data-start=\"4018\" data-end=\"4079\">\n<p data-start=\"4020\" data-end=\"4079\"><strong data-start=\"4020\" data-end=\"4077\">Extracci\u00f3n, sustituci\u00f3n y alineaci\u00f3n de precisi\u00f3n de cojinetes<\/strong><\/p>\n<\/li>\n<li data-start=\"4080\" data-end=\"4143\">\n<p data-start=\"4082\" data-end=\"4143\"><strong data-start=\"4082\" data-end=\"4141\">Reparaci\u00f3n o reemplazo de cuencos, espirales, transportadores y tornillos<\/strong><\/p>\n<\/li>\n<li data-start=\"4144\" data-end=\"4204\">\n<p data-start=\"4146\" data-end=\"4204\"><strong data-start=\"4146\" data-end=\"4202\">Inspecci\u00f3n, reconstrucci\u00f3n y verificaci\u00f3n de torque de la caja de cambios<\/strong><\/p>\n<\/li>\n<li data-start=\"4205\" data-end=\"4248\">\n<p data-start=\"4207\" data-end=\"4248\"><strong data-start=\"4207\" data-end=\"4246\">Equilibrado din\u00e1mico seg\u00fan tolerancias OEM<\/strong><\/p>\n<\/li>\n<li data-start=\"4249\" data-end=\"4302\">\n<p data-start=\"4251\" data-end=\"4302\"><strong data-start=\"4251\" data-end=\"4300\">Reemplazo de sellos y protecci\u00f3n mejorada contra el desgaste<\/strong><\/p>\n<\/li>\n<li data-start=\"4303\" data-end=\"4362\">\n<p data-start=\"4305\" data-end=\"4362\"><strong data-start=\"4305\" data-end=\"4360\">Soporte para resoluci\u00f3n de problemas de instrumentaci\u00f3n y control<\/strong><\/p>\n<\/li>\n<li data-start=\"4363\" data-end=\"4416\">\n<p data-start=\"4365\" data-end=\"4416\"><strong data-start=\"4365\" data-end=\"4416\">Verificaci\u00f3n del rendimiento y asistencia en la puesta en marcha<\/strong><\/p>\n<\/li>\n<\/ul>\n<p data-start=\"4418\" data-end=\"4781\">Cada servicio sigue procedimientos documentados, alineados con las expectativas de los equipos originales y los est\u00e1ndares de la industria. Los t\u00e9cnicos inspeccionan todo el sistema mec\u00e1nico y estructural, no solo el problema evidente, para identificar factores contribuyentes, como desequilibrios, impactos en el proceso o variabilidad de la alimentaci\u00f3n. Este enfoque integral produce resultados de reparaci\u00f3n duraderos y de alta confiabilidad.<\/p>\n<hr data-start=\"4783\" data-end=\"4786\" \/>\n<h2 data-start=\"4788\" data-end=\"4832\">Servicio de campo y respuesta r\u00e1pida en Texas<\/h2>\n<p data-start=\"4834\" data-end=\"5179\">Los problemas imprevistos con las centr\u00edfugas pueden interrumpir la producci\u00f3n, agotar los recursos de mantenimiento y aumentar los costos. Sentrimax ofrece un servicio de campo eficiente en todo Houston y las regiones circundantes. T\u00e9cnicos cualificados llegan equipados con herramientas de diagn\u00f3stico y pr\u00e1cticas de seguridad para realizar evaluaciones in situ, trabajos de estabilizaci\u00f3n y reparaciones.<\/p>\n<p data-start=\"5181\" data-end=\"5243\">El servicio de campo in situ ofrece varias ventajas operativas:<\/p>\n<ul data-start=\"5245\" data-end=\"5480\">\n<li data-start=\"5245\" data-end=\"5300\">\n<p data-start=\"5247\" data-end=\"5300\">Evaluaci\u00f3n directa en condiciones reales de funcionamiento<\/p>\n<\/li>\n<li data-start=\"5301\" data-end=\"5352\">\n<p data-start=\"5303\" data-end=\"5352\">Soluci\u00f3n de problemas inmediata y acci\u00f3n correctiva<\/p>\n<\/li>\n<li data-start=\"5353\" data-end=\"5399\">\n<p data-start=\"5355\" data-end=\"5399\">Reducci\u00f3n de la necesidad de transporte costoso fuera del sitio<\/p>\n<\/li>\n<li data-start=\"5400\" data-end=\"5480\">\n<p data-start=\"5402\" data-end=\"5480\">Colaboraci\u00f3n con el personal de las instalaciones para alinear el servicio con las demandas de producci\u00f3n<\/p>\n<\/li>\n<\/ul>\n<p data-start=\"5482\" data-end=\"5617\">Los t\u00e9cnicos de campo trabajan de manera eficiente y segura para minimizar las interrupciones y devolver el equipo a un funcionamiento confiable lo m\u00e1s r\u00e1pido posible.<\/p>\n<hr data-start=\"5619\" data-end=\"5622\" \/>\n<h2 data-start=\"5624\" data-end=\"5681\">Reparaciones de precisi\u00f3n con repuestos de alta calidad<\/h2>\n<p data-start=\"5683\" data-end=\"5888\">La reparaci\u00f3n exitosa de una centr\u00edfuga depende de la calidad de los componentes de repuesto instalados durante el servicio. Sentrimax suministra repuestos de calidad OEM y equivalentes para las centr\u00edfugas SWACO 518, incluyendo:<\/p>\n<ul data-start=\"5890\" data-end=\"6168\">\n<li data-start=\"5890\" data-end=\"5925\">\n<p data-start=\"5892\" data-end=\"5925\">Cojinetes y conjuntos de cojinetes<\/p>\n<\/li>\n<li data-start=\"5926\" data-end=\"5960\">\n<p data-start=\"5928\" data-end=\"5960\">Sellos, juntas y anillos de desgaste<\/p>\n<\/li>\n<li data-start=\"5961\" data-end=\"6013\">\n<p data-start=\"5963\" data-end=\"6013\">Desplazamientos, transportadores y elementos giratorios<\/p>\n<\/li>\n<li data-start=\"6014\" data-end=\"6066\">\n<p data-start=\"6016\" data-end=\"6066\">Componentes de la caja de cambios y piezas de transmisi\u00f3n de par<\/p>\n<\/li>\n<li data-start=\"6067\" data-end=\"6105\">\n<p data-start=\"6069\" data-end=\"6105\">Conjuntos de cuenco, cubo y giratorios<\/p>\n<\/li>\n<li data-start=\"6106\" data-end=\"6168\">\n<p data-start=\"6108\" data-end=\"6168\">Kits de sujetadores y herrajes de servicio dise\u00f1ados para brindar confiabilidad<\/p>\n<\/li>\n<\/ul>\n<p data-start=\"6170\" data-end=\"6447\">Todas las piezas se someten a una inspecci\u00f3n de precisi\u00f3n dimensional, integridad del material y compatibilidad antes de su instalaci\u00f3n para garantizar un rendimiento fiable en condiciones de servicio exigentes. Los componentes de alta calidad ayudan a reducir la vibraci\u00f3n, mejorar el equilibrio y prolongar los intervalos de servicio.<\/p>\n<p data-start=\"6449\" data-end=\"6563\">Para obtener informaci\u00f3n detallada sobre los componentes disponibles y el soporte de piezas, visite <a class=\"decorated-link cursor-pointer\" target=\"_new\" rel=\"noopener\" data-start=\"6523\" data-end=\"6562\">https:\/\/sentrimax.com\/centrifuge-parts\/<\/a>.<\/p>\n<hr data-start=\"6565\" data-end=\"6568\" \/>\n<h2 data-start=\"6570\" data-end=\"6621\">Servicios de reconstrucci\u00f3n completos para una m\u00e1xima prolongaci\u00f3n de la vida \u00fatil<\/h2>\n<p data-start=\"6623\" data-end=\"6883\">Para centr\u00edfugas con desgaste avanzado o degradaci\u00f3n por el paso del tiempo, Sentrimax ofrece servicios completos de reconstrucci\u00f3n que restauran el equipo a un estado pr\u00e1cticamente nuevo. Una reconstrucci\u00f3n profesional mejora la fiabilidad, optimiza el equilibrio mec\u00e1nico y puede retrasar la sustituci\u00f3n de componentes importantes.<\/p>\n<p data-start=\"6885\" data-end=\"6920\">Los proyectos de reconstrucci\u00f3n generalmente incluyen:<\/p>\n<ul data-start=\"6922\" data-end=\"7207\">\n<li data-start=\"6922\" data-end=\"6968\">\n<p data-start=\"6924\" data-end=\"6968\">Desmontaje completo y limpieza a fondo.<\/p>\n<\/li>\n<li data-start=\"6969\" data-end=\"7033\">\n<p data-start=\"6971\" data-end=\"7033\">Inspecci\u00f3n y restauraci\u00f3n de tolerancias mec\u00e1nicas cr\u00edticas<\/p>\n<\/li>\n<li data-start=\"7034\" data-end=\"7080\">\n<p data-start=\"7036\" data-end=\"7080\">Sustituci\u00f3n de componentes desgastados o fatigados<\/p>\n<\/li>\n<li data-start=\"7081\" data-end=\"7124\">\n<p data-start=\"7083\" data-end=\"7124\">Mecanizado de precisi\u00f3n para ajuste y equilibrio.<\/p>\n<\/li>\n<li data-start=\"7125\" data-end=\"7167\">\n<p data-start=\"7127\" data-end=\"7167\">Equilibrado din\u00e1mico de elementos rotatorios<\/p>\n<\/li>\n<li data-start=\"7168\" data-end=\"7207\">\n<p data-start=\"7170\" data-end=\"7207\">Reensamblaje y validaci\u00f3n del rendimiento<\/p>\n<\/li>\n<\/ul>\n<p data-start=\"7209\" data-end=\"7356\">Las reconstrucciones se coordinan con el personal de mantenimiento de las instalaciones para alinearse con las paradas planificadas y minimizar el impacto en la producci\u00f3n mientras se extiende la vida \u00fatil.<\/p>\n<hr data-start=\"7358\" data-end=\"7361\" \/>\n<h2 data-start=\"7363\" data-end=\"7411\">Mantenimiento preventivo para mejorar la confiabilidad<\/h2>\n<p data-start=\"7413\" data-end=\"7777\">Las reparaciones reactivas son costosas en piezas, mano de obra y p\u00e9rdida de tiempo de producci\u00f3n. El mantenimiento preventivo ayuda a las instalaciones a detectar el desgaste temprano y a abordar los problemas antes de que se conviertan en fallas. Sentrimax colabora con los operadores de Houston para desarrollar planes de mantenimiento preventivo adaptados a sus centr\u00edfugas SWACO 518 y a sus condiciones de operaci\u00f3n. El mantenimiento preventivo puede incluir:<\/p>\n<ul data-start=\"7779\" data-end=\"8091\">\n<li data-start=\"7779\" data-end=\"7836\">\n<p data-start=\"7781\" data-end=\"7836\">Inspecciones mec\u00e1nicas de rutina y seguimiento del estado<\/p>\n<\/li>\n<li data-start=\"7837\" data-end=\"7880\">\n<p data-start=\"7839\" data-end=\"7880\">An\u00e1lisis de vibraciones y seguimiento de tendencias<\/p>\n<\/li>\n<li data-start=\"7881\" data-end=\"7934\">\n<p data-start=\"7883\" data-end=\"7934\">Muestreo de aceite y evaluaci\u00f3n del estado de lubricaci\u00f3n<\/p>\n<\/li>\n<li data-start=\"7935\" data-end=\"7994\">\n<p data-start=\"7937\" data-end=\"7994\">Medici\u00f3n del desgaste en cojinetes, volutas y cuencos<\/p>\n<\/li>\n<li data-start=\"7995\" data-end=\"8039\">\n<p data-start=\"7997\" data-end=\"8039\">Reemplazo programado de piezas de alto desgaste<\/p>\n<\/li>\n<li data-start=\"8040\" data-end=\"8091\">\n<p data-start=\"8042\" data-end=\"8091\">Comprobaciones de alineaci\u00f3n y verificaci\u00f3n del equilibrio din\u00e1mico<\/p>\n<\/li>\n<\/ul>\n<p data-start=\"8093\" data-end=\"8385\">Al planificar el mantenimiento bas\u00e1ndose en datos operativos en lugar de respuestas reactivas, las instalaciones pueden mejorar el tiempo de actividad, reducir las reparaciones de emergencia y optimizar los presupuestos de mantenimiento. Sentrimax tambi\u00e9n ofrece acuerdos de servicio que brindan respuesta prioritaria y planificaci\u00f3n predecible para un soporte a largo plazo.<\/p>\n<hr data-start=\"8387\" data-end=\"8390\" \/>\n<h2 data-start=\"8392\" data-end=\"8457\">Apoyando la eficiencia operativa y el cumplimiento ambiental<\/h2>\n<p data-start=\"8459\" data-end=\"8741\">El rendimiento confiable de la centr\u00edfuga facilita el manejo eficiente de s\u00f3lidos, la estabilidad del proceso y el cumplimiento ambiental. Cuando el equipo de separaci\u00f3n opera por debajo de las expectativas de dise\u00f1o, los costos de manejo de residuos pueden aumentar, los equipos aguas abajo pueden verse sometidos a sobrecarga y el riesgo operativo puede aumentar.<\/p>\n<p data-start=\"8743\" data-end=\"9240\">Para un contexto m\u00e1s amplio sobre los marcos regulatorios y las expectativas ambientales relacionadas con el tratamiento de agua y efluentes, los operadores pueden consultar <strong data-start=\"8888\" data-end=\"8934\">Agencia de Protecci\u00f3n Ambiental de los Estados Unidos (EPA)<\/strong> en <a class=\"decorated-link cursor-pointer\" target=\"_new\" rel=\"noopener\" data-start=\"8938\" data-end=\"8963\">https:\/\/www.epa.gov\/water<\/a> Para obtener orientaci\u00f3n autorizada, se encuentran disponibles conocimientos adicionales de la industria y mejores pr\u00e1cticas operativas a trav\u00e9s de <strong data-start=\"9077\" data-end=\"9115\">Federaci\u00f3n del Medio Ambiente del Agua (FEM)<\/strong> en <a class=\"decorated-link\" href=\"https:\/\/www.wef.org\/\" target=\"_new\" rel=\"noopener\" data-start=\"9119\" data-end=\"9139\">https:\/\/www.wef.org\/<\/a>, que proporciona recursos t\u00e9cnicos relevantes para el manejo de s\u00f3lidos y estrategias de tratamiento de aguas residuales.<\/p>\n<hr data-start=\"9242\" data-end=\"9245\" \/>\n<h2 data-start=\"9247\" data-end=\"9289\">Por qu\u00e9 las instalaciones de Houston eligen Sentrimax<\/h2>\n<p data-start=\"9291\" data-end=\"9627\">Las instalaciones de Houston eligen Sentrimax para la reparaci\u00f3n de la centr\u00edfuga SWACO 518 por su experiencia t\u00e9cnica, la capacidad de respuesta de sus equipos de servicio en campo y su compromiso con la calidad. Los t\u00e9cnicos de Sentrimax combinan su experiencia mec\u00e1nica con la pr\u00e1ctica en campo para diagnosticar problemas complejos, implementar reparaciones efectivas y proteger activos cr\u00edticos.<\/p>\n<p data-start=\"9629\" data-end=\"9987\">La comunicaci\u00f3n clara y la documentaci\u00f3n completa son el sello distintivo de cada servicio. Las instalaciones reciben informes detallados que describen los hallazgos de la inspecci\u00f3n, las medidas correctivas adoptadas, los componentes reemplazados y las recomendaciones para la planificaci\u00f3n futura del mantenimiento preventivo. Esta informaci\u00f3n facilita la toma de decisiones informada y las estrategias de fiabilidad a largo plazo.<\/p>\n<p data-start=\"9989\" data-end=\"10121\">Para obtener recursos adicionales sobre el servicio de centr\u00edfugas en diferentes industrias y aplicaciones, consulte <a class=\"decorated-link cursor-pointer\" target=\"_new\" rel=\"noopener\" data-start=\"10076\" data-end=\"10120\">https:\/\/sentrimax.com\/industries\/wastewater\/<\/a>.<\/p>\n<hr data-start=\"10123\" data-end=\"10126\" \/>\n<h2 data-start=\"10128\" data-end=\"10176\">Soporte integral desde la evaluaci\u00f3n hasta la puesta en marcha<\/h2>\n<p data-start=\"10178\" data-end=\"10248\">El modelo de servicio de Sentrimax se extiende m\u00e1s all\u00e1 de la reparaci\u00f3n mec\u00e1nica para incluir:<\/p>\n<ul data-start=\"10250\" data-end=\"10476\">\n<li data-start=\"10250\" data-end=\"10297\">\n<p data-start=\"10252\" data-end=\"10297\">Coordinaci\u00f3n de aparejos y retirada de centr\u00edfugas<\/p>\n<\/li>\n<li data-start=\"10298\" data-end=\"10350\">\n<p data-start=\"10300\" data-end=\"10350\">Alineaci\u00f3n de precisi\u00f3n y verificaci\u00f3n dimensional<\/p>\n<\/li>\n<li data-start=\"10351\" data-end=\"10393\">\n<p data-start=\"10353\" data-end=\"10393\">Soporte de reinstalaci\u00f3n y calibraci\u00f3n<\/p>\n<\/li>\n<li data-start=\"10394\" data-end=\"10439\">\n<p data-start=\"10396\" data-end=\"10439\">Asistencia para la puesta en marcha y ajuste del rendimiento<\/p>\n<\/li>\n<li data-start=\"10440\" data-end=\"10476\">\n<p data-start=\"10442\" data-end=\"10476\">Evaluaci\u00f3n del desempe\u00f1o posterior a la reparaci\u00f3n<\/p>\n<\/li>\n<\/ul>\n<p data-start=\"10478\" data-end=\"10630\">Este enfoque integral de extremo a extremo garantiza que las centr\u00edfugas SWACO 518 vuelvan a servicio operando de manera confiable, eficiente y dentro de las expectativas de dise\u00f1o.<\/p>\n<hr data-start=\"10632\" data-end=\"10635\" \/>\n<h2 data-start=\"10637\" data-end=\"10693\">Mejora continua mediante el monitoreo del desempe\u00f1o<\/h2>\n<p data-start=\"10695\" data-end=\"11010\">La confiabilidad a largo plazo depende de un mantenimiento estructurado y la monitorizaci\u00f3n del rendimiento. Sentrimax apoya a las instalaciones en el seguimiento de indicadores clave de rendimiento, como perfiles de vibraci\u00f3n, datos de torque y tendencias de desgaste, para anticipar las necesidades de servicio, optimizar la planificaci\u00f3n del mantenimiento y reducir el costo total de propiedad a largo plazo.<\/p>\n<hr data-start=\"11012\" data-end=\"11015\" \/>\n<h2 data-start=\"11017\" data-end=\"11069\">Solicitar reparaci\u00f3n de centr\u00edfuga SWACO 518 en Houston, TX<\/h2>\n<p data-start=\"11071\" data-end=\"11440\">Cuando se necesita una reparaci\u00f3n experta de la centr\u00edfuga SWACO 518 en <strong data-start=\"11124\" data-end=\"11139\">Houston, Texas<\/strong>, Las instalaciones conf\u00edan en Sentrimax por su experiencia confiable, soporte t\u00e9cnico r\u00e1pido y resultados profesionales. Ya sea para solucionar fallas urgentes, planificar mantenimiento preventivo o realizar reconstrucciones completas, Sentrimax ofrece soluciones dise\u00f1adas para mantener el rendimiento confiable y eficiente de sus centr\u00edfugas.<\/p>\n<p data-start=\"11442\" data-end=\"11496\"><strong data-start=\"11442\" data-end=\"11496\"><a class=\"decorated-link\" href=\"https:\/\/sentrimax.com\/es\/contact\/\" target=\"_new\" rel=\"noopener\" data-start=\"11444\" data-end=\"11494\">\u00a1Solicita una cotizaci\u00f3n!<\/a><\/strong><\/p>","protected":false},"excerpt":{"rendered":"<p>Sentrimax provides professional SWACO 518 centrifuge repair services for industrial processing and wastewater facilities throughout Houston, Texas. The SWACO 518 decanter centrifuge is a workhorse in solids-liquid separation applications, trusted for continuous operation in drilling waste treatment, industrial dewatering, and environmental solids handling. When these machines exhibit vibration, abnormal noise, seal leakage, bearing wear, or [&hellip;]<\/p>\n","protected":false},"author":3,"featured_media":0,"parent":0,"menu_order":0,"comment_status":"closed","ping_status":"closed","template":"seo-page-template.php","meta":{"_acf_changed":false,"inline_featured_image":false,"footnotes":""},"class_list":["post-2330","page","type-page","status-publish","hentry"],"acf":[],"_links":{"self":[{"href":"https:\/\/sentrimax.com\/es\/wp-json\/wp\/v2\/pages\/2330","targetHints":{"allow":["GET"]}}],"collection":[{"href":"https:\/\/sentrimax.com\/es\/wp-json\/wp\/v2\/pages"}],"about":[{"href":"https:\/\/sentrimax.com\/es\/wp-json\/wp\/v2\/types\/page"}],"author":[{"embeddable":true,"href":"https:\/\/sentrimax.com\/es\/wp-json\/wp\/v2\/users\/3"}],"replies":[{"embeddable":true,"href":"https:\/\/sentrimax.com\/es\/wp-json\/wp\/v2\/comments?post=2330"}],"version-history":[{"count":1,"href":"https:\/\/sentrimax.com\/es\/wp-json\/wp\/v2\/pages\/2330\/revisions"}],"predecessor-version":[{"id":2497,"href":"https:\/\/sentrimax.com\/es\/wp-json\/wp\/v2\/pages\/2330\/revisions\/2497"}],"wp:attachment":[{"href":"https:\/\/sentrimax.com\/es\/wp-json\/wp\/v2\/media?parent=2330"}],"curies":[{"name":"wp","href":"https:\/\/api.w.org\/{rel}","templated":true}]}}