{"id":2331,"date":"2026-01-07T17:38:16","date_gmt":"2026-01-07T17:38:16","guid":{"rendered":"https:\/\/sentrimax.com\/?page_id=2331"},"modified":"2026-04-21T21:13:40","modified_gmt":"2026-04-21T21:13:40","slug":"swaco-414-centrifuge-parts-in-calgary-ab","status":"publish","type":"page","link":"https:\/\/sentrimax.com\/es\/swaco-414-centrifuge-parts-in-calgary-ab\/","title":{"rendered":"Piezas para centr\u00edfuga SWACO 414 en Calgary, Alberta"},"content":{"rendered":"<p data-start=\"286\" data-end=\"915\"><img fetchpriority=\"high\" decoding=\"async\" class=\"aligncenter size-full wp-image-1190\" src=\"https:\/\/sentrimax.com\/wp-content\/uploads\/2025\/06\/image-1.jpg\" alt=\"\" width=\"1440\" height=\"694\" srcset=\"https:\/\/sentrimax.com\/wp-content\/uploads\/2025\/06\/image-1.jpg 1440w, https:\/\/sentrimax.com\/wp-content\/uploads\/2025\/06\/image-1-600x289.jpg 600w, https:\/\/sentrimax.com\/wp-content\/uploads\/2025\/06\/image-1-300x145.jpg 300w, https:\/\/sentrimax.com\/wp-content\/uploads\/2025\/06\/image-1-1024x494.jpg 1024w, https:\/\/sentrimax.com\/wp-content\/uploads\/2025\/06\/image-1-768x370.jpg 768w\" sizes=\"(max-width: 1440px) 100vw, 1440px\" \/><\/p>\n<p data-start=\"286\" data-end=\"915\">Sentrimax suministra piezas de centr\u00edfuga SWACO 414 de alta calidad a procesadores industriales, operaciones de desechos de perforaci\u00f3n e instalaciones de manejo de aguas residuales y s\u00f3lidos en todo el pa\u00eds. <strong data-start=\"455\" data-end=\"475\">Calgary, Alberta<\/strong>. La centr\u00edfuga decantadora SWACO 414 es una m\u00e1quina confiable en aplicaciones de separaci\u00f3n de s\u00f3lidos y l\u00edquidos de alta exigencia. Sin embargo, como todos los sistemas mec\u00e1nicos, su rendimiento depende de la calidad y el estado de los componentes cr\u00edticos. Cuando los rodamientos, sellos, espirales, revestimientos antidesgaste, piezas de la caja de engranajes u otros conjuntos muestran signos de desgaste, el acceso r\u00e1pido a repuestos confiables y la asistencia experta ayudan a las instalaciones a evitar tiempos de inactividad prolongados y costosas reparaciones.<\/p>\n<p data-start=\"917\" data-end=\"1146\">Sentrimax ayuda a las operaciones del \u00e1rea de Calgary a asegurar piezas que cumplan o superen las expectativas de rendimiento del equipo original, respaldadas por una gu\u00eda t\u00e9cnica receptiva para que los equipos de mantenimiento puedan planificar y ejecutar reemplazos de piezas eficientes.<\/p>\n<hr data-start=\"1148\" data-end=\"1151\" \/>\n<h2 data-start=\"1153\" data-end=\"1198\">Soporte de piezas locales para operaciones en Calgary<\/h2>\n<p data-start=\"1200\" data-end=\"1631\">Instalaciones en todo el <strong data-start=\"1226\" data-end=\"1257\">Regi\u00f3n metropolitana de Calgary<\/strong> Conf\u00ede en el rendimiento constante de la centr\u00edfuga para alcanzar los objetivos de producci\u00f3n, mantener la eficacia del tratamiento de aguas residuales y gestionar el control de s\u00f3lidos en los procesos industriales. Cuando alguna pieza cr\u00edtica de una centr\u00edfuga SWACO 414 comienza a fallar, ya sea por abrasi\u00f3n, fatiga o servicio prolongado, la disponibilidad del componente adecuado marca la diferencia para minimizar el tiempo de inactividad.<\/p>\n<p data-start=\"1633\" data-end=\"1819\">Trabajar con Sentrimax ayuda a las instalaciones locales a reducir los plazos de entrega de piezas cruciales, alinear los reemplazos con los cronogramas de mantenimiento y restaurar el rendimiento de la centr\u00edfuga de manera r\u00e1pida y confiable.<\/p>\n<h2 data-start=\"1821\" data-end=\"1863\">Inventario completo de piezas SWACO 414<\/h2>\n<p data-start=\"1865\" data-end=\"1983\">Sentrimax ofrece acceso a una amplia selecci\u00f3n de piezas de repuesto y conjuntos para centr\u00edfugas SWACO 414, que incluyen:<\/p>\n<ul data-start=\"1985\" data-end=\"2433\">\n<li data-start=\"1985\" data-end=\"2052\">\n<p data-start=\"1987\" data-end=\"2052\">Cojinetes y conjuntos de cojinetes dise\u00f1ados para servicio de alta velocidad<\/p>\n<\/li>\n<li data-start=\"2053\" data-end=\"2116\">\n<p data-start=\"2055\" data-end=\"2116\">Sellos y juntas para resistir la entrada de fluidos y la contaminaci\u00f3n.<\/p>\n<\/li>\n<li data-start=\"2117\" data-end=\"2191\">\n<p data-start=\"2119\" data-end=\"2191\">Revestimientos antidesgaste y baldosas resistentes a la abrasi\u00f3n para cuencos y carcasas de espirales<\/p>\n<\/li>\n<li data-start=\"2192\" data-end=\"2244\">\n<p data-start=\"2194\" data-end=\"2244\">Desplazamientos, transportadores y elementos giratorios<\/p>\n<\/li>\n<li data-start=\"2245\" data-end=\"2297\">\n<p data-start=\"2247\" data-end=\"2297\">Componentes de la caja de cambios y piezas de transmisi\u00f3n de par<\/p>\n<\/li>\n<li data-start=\"2298\" data-end=\"2370\">\n<p data-start=\"2300\" data-end=\"2370\">Los conjuntos de taz\u00f3n, cubo y rotaci\u00f3n son fundamentales para la eficiencia de la separaci\u00f3n<\/p>\n<\/li>\n<li data-start=\"2371\" data-end=\"2433\">\n<p data-start=\"2373\" data-end=\"2433\">Kits de sujetadores y herrajes de servicio para un mantenimiento confiable<\/p>\n<\/li>\n<\/ul>\n<p data-start=\"2435\" data-end=\"2559\">Estos componentes admiten tanto reparaciones reactivas como planificaci\u00f3n de mantenimiento proactivo para extender la vida \u00fatil y mejorar el tiempo de actividad.<\/p>\n<p data-start=\"2561\" data-end=\"2651\">Para obtener m\u00e1s informaci\u00f3n sobre las piezas y la asistencia disponibles, visite <a class=\"decorated-link cursor-pointer\" target=\"_new\" rel=\"noopener\" data-start=\"2611\" data-end=\"2650\">https:\/\/sentrimax.com\/centrifuge-parts\/<\/a>.<\/p>\n<hr data-start=\"2653\" data-end=\"2656\" \/>\n<h2 data-start=\"2658\" data-end=\"2706\">Piezas de calidad para confiabilidad y rendimiento<\/h2>\n<p data-start=\"2708\" data-end=\"3065\">Las piezas de repuesto que cumplen con las especificaciones del equipo original son esenciales para mantener la integridad mec\u00e1nica de equipos rotatorios de alta velocidad como la centr\u00edfuga SWACO 414. Sentrimax suministra componentes con calidad OEM y equivalentes, cuya precisi\u00f3n dimensional, durabilidad del material y compatibilidad operativa han sido verificadas antes del env\u00edo.<\/p>\n<p data-start=\"3067\" data-end=\"3286\">El uso de cojinetes, sellos y piezas de desgaste de calidad ayuda a reducir la vibraci\u00f3n, mejorar el equilibrio mec\u00e1nico y extender los intervalos de servicio: beneficios que influyen directamente en la efectividad general del equipo y el control de los costos operativos.<\/p>\n<hr data-start=\"3288\" data-end=\"3291\" \/>\n<h2 data-start=\"3293\" data-end=\"3344\">Piezas para apoyar programas de mantenimiento preventivo<\/h2>\n<p data-start=\"3346\" data-end=\"3634\">El reemplazo proactivo de componentes de alto desgaste es una de las mejores maneras de reducir las incidencias de servicio no planificadas. Sentrimax colabora con las instalaciones de Calgary para alinear la planificaci\u00f3n de piezas con las estrategias de mantenimiento preventivo, bas\u00e1ndose en las horas de funcionamiento, la carga de s\u00f3lidos, las tendencias de vibraci\u00f3n y los datos de desgaste anteriores.<\/p>\n<p data-start=\"3636\" data-end=\"3686\">Los elementos comunes de planificaci\u00f3n de piezas preventivas incluyen:<\/p>\n<ul data-start=\"3688\" data-end=\"3940\">\n<li data-start=\"3688\" data-end=\"3760\">\n<p data-start=\"3690\" data-end=\"3760\">Inspecci\u00f3n programada y reemplazo de cojinetes, sellos, revestimientos antidesgaste<\/p>\n<\/li>\n<li data-start=\"3761\" data-end=\"3818\">\n<p data-start=\"3763\" data-end=\"3818\">Coordinaci\u00f3n de entregas de piezas con paradas planificadas<\/p>\n<\/li>\n<li data-start=\"3819\" data-end=\"3868\">\n<p data-start=\"3821\" data-end=\"3868\">Seguimiento de las tasas de desgaste para pronosticar las necesidades de servicio<\/p>\n<\/li>\n<li data-start=\"3869\" data-end=\"3940\">\n<p data-start=\"3871\" data-end=\"3940\">Integraci\u00f3n de la planificaci\u00f3n de piezas con la programaci\u00f3n de reparaciones y servicios de campo<\/p>\n<\/li>\n<\/ul>\n<p data-start=\"3942\" data-end=\"4036\">Este enfoque ayuda a las instalaciones a evitar tiempos de inactividad de emergencia y a gestionar mejor los presupuestos de mantenimiento.<\/p>\n<p data-start=\"4038\" data-end=\"4138\">Para obtener un soporte m\u00e1s amplio de reparaci\u00f3n y mantenimiento de centr\u00edfugas, consulte <a class=\"decorated-link cursor-pointer\" target=\"_new\" rel=\"noopener\" data-start=\"4097\" data-end=\"4137\">https:\/\/sentrimax.com\/centrifuge-repair\/<\/a>.<\/p>\n<hr data-start=\"4140\" data-end=\"4143\" \/>\n<h2 data-start=\"4145\" data-end=\"4182\">Gu\u00eda de piezas centrada en la aplicaci\u00f3n<\/h2>\n<p data-start=\"4184\" data-end=\"4305\">Las centr\u00edfugas SWACO 414 se utilizan en una variedad de aplicaciones y las necesidades de piezas pueden variar seg\u00fan las condiciones de servicio espec\u00edficas:<\/p>\n<ul data-start=\"4307\" data-end=\"4615\">\n<li data-start=\"4307\" data-end=\"4399\">\n<p data-start=\"4309\" data-end=\"4399\"><strong data-start=\"4309\" data-end=\"4339\">Control de s\u00f3lidos de petr\u00f3leo y gas<\/strong> A menudo implica recortes abrasivos y caudales variables.<\/p>\n<\/li>\n<li data-start=\"4400\" data-end=\"4519\">\n<p data-start=\"4402\" data-end=\"4519\"><strong data-start=\"4402\" data-end=\"4448\">Aguas residuales industriales y plantas de tratamiento<\/strong> Exigimos piezas que soporten ambientes corrosivos y s\u00f3lidos pesados.<\/p>\n<\/li>\n<li data-start=\"4520\" data-end=\"4615\">\n<p data-start=\"4522\" data-end=\"4615\"><strong data-start=\"4522\" data-end=\"4551\">Gesti\u00f3n de residuos de perforaci\u00f3n<\/strong> produce una gran tensi\u00f3n sobre cojinetes, sellos y elementos transportadores.<\/p>\n<\/li>\n<\/ul>\n<p data-start=\"4617\" data-end=\"4771\">Sentrimax proporciona orientaci\u00f3n espec\u00edfica para cada aplicaci\u00f3n para ayudar a los operadores de Calgary a elegir las piezas que mejor se adapten a los requisitos de su proceso y condiciones operativas.<\/p>\n<p data-start=\"4773\" data-end=\"5229\">Para obtener un contexto adicional de la industria sobre las expectativas de manejo y tratamiento de s\u00f3lidos, <strong data-start=\"4856\" data-end=\"4894\">Federaci\u00f3n del Medio Ambiente del Agua (FEM)<\/strong> ofrece recursos en <a class=\"decorated-link\" href=\"https:\/\/www.wef.org\/\" target=\"_new\" rel=\"noopener\" data-start=\"4915\" data-end=\"4935\">https:\/\/www.wef.org\/<\/a> y el <strong data-start=\"4944\" data-end=\"4990\">Agencia de Protecci\u00f3n Ambiental de los Estados Unidos (EPA)<\/strong> Proporciona orientaci\u00f3n ambiental general en <a class=\"decorated-link cursor-pointer\" target=\"_new\" rel=\"noopener\" data-start=\"5034\" data-end=\"5059\">https:\/\/www.epa.gov\/water<\/a>. Si bien son recursos estadounidenses, estos enlaces brindan un marco m\u00e1s amplio de los principios de desempe\u00f1o y cumplimiento que a menudo se cruzan con los desaf\u00edos internacionales de gesti\u00f3n de s\u00f3lidos.<\/p>\n<hr data-start=\"5231\" data-end=\"5234\" \/>\n<h2 data-start=\"5236\" data-end=\"5288\">Apoyando la confiabilidad operativa y el cumplimiento<\/h2>\n<p data-start=\"5290\" data-end=\"5586\">El rendimiento fiable de la centr\u00edfuga contribuye a la estabilidad operativa, un rendimiento constante y el cumplimiento de las normas ambientales. En el \u00e1mbito de las aguas residuales o el procesamiento industrial, las piezas desgastadas o da\u00f1adas pueden reducir la eficiencia de la separaci\u00f3n, aumentar los vol\u00famenes de transporte o eliminaci\u00f3n y sobrecargar los sistemas aguas abajo.<\/p>\n<p data-start=\"5588\" data-end=\"5819\">Al reemplazar componentes con piezas de alta calidad y planificar un mantenimiento sistem\u00e1tico, las instalaciones pueden mantener un rendimiento de separaci\u00f3n que respalde los objetivos del proceso y, cuando corresponda, las expectativas regulatorias en el contexto canadiense.<\/p>\n<hr data-start=\"5821\" data-end=\"5824\" \/>\n<h2 data-start=\"5826\" data-end=\"5878\">Por qu\u00e9 las instalaciones de Calgary eligen Sentrimax para sus repuestos<\/h2>\n<p data-start=\"5880\" data-end=\"6205\">Las instalaciones de Calgary eligen Sentrimax para las piezas de la centr\u00edfuga SWACO 414 por su soporte t\u00e9cnico, servicio r\u00e1pido y compromiso con la calidad. El personal de Sentrimax colabora en la identificaci\u00f3n de piezas, la verificaci\u00f3n de compatibilidad y la programaci\u00f3n de reemplazos para que las actividades de mantenimiento se integren fluidamente con las operaciones de la instalaci\u00f3n.<\/p>\n<p data-start=\"6207\" data-end=\"6407\">Cada pedido est\u00e1 respaldado por documentaci\u00f3n clara que incluye especificaciones de componentes, detalles de montaje y trazabilidad: informaci\u00f3n que respalda los registros de mantenimiento y los programas de gesti\u00f3n de activos.<\/p>\n<hr data-start=\"6409\" data-end=\"6412\" \/>\n<h2 data-start=\"6414\" data-end=\"6466\">Pedido de piezas para la centr\u00edfuga SWACO 414 en Calgary, AB<\/h2>\n<p data-start=\"6468\" data-end=\"6786\">El pedido de piezas a Sentrimax est\u00e1 dise\u00f1ado para ser eficiente y r\u00e1pido. Las instalaciones pueden solicitar presupuestos detallados que incluyen n\u00fameros de pieza, precios, plazos de entrega y confirmaci\u00f3n de compatibilidad. Disponemos de opciones de env\u00edo urgente cuando se necesitan componentes urgentes para cubrir interrupciones programadas o fallos inesperados.<\/p>\n<p data-start=\"6788\" data-end=\"6949\">Tener piezas confiables a mano ayuda a los operadores de Calgary a minimizar el tiempo de inactividad no planificado, administrar el gasto de mantenimiento y mejorar la confianza en el rendimiento de la centr\u00edfuga.<\/p>\n<hr data-start=\"6951\" data-end=\"6954\" \/>\n<h2 data-start=\"6956\" data-end=\"7007\">Solicitar piezas para centr\u00edfuga SWACO 414 en Calgary, AB<\/h2>\n<p data-start=\"7009\" data-end=\"7249\">Asegure el rendimiento confiable de su centr\u00edfuga SWACO 414 con repuestos de calidad de Sentrimax. Desde rodamientos y sellos hasta revestimientos antidesgaste y conjuntos rotatorios, Sentrimax proporciona repuestos y soporte confiables para las operaciones de Calgary.<\/p>\n<p data-start=\"7251\" data-end=\"7305\"><strong data-start=\"7251\" data-end=\"7305\"><a class=\"decorated-link\" href=\"https:\/\/sentrimax.com\/es\/contact\/\" target=\"_new\" rel=\"noopener\" data-start=\"7253\" data-end=\"7303\">\u00a1Solicita una cotizaci\u00f3n!<\/a><\/strong><\/p>","protected":false},"excerpt":{"rendered":"<p>Sentrimax supplies high-quality SWACO 414 centrifuge parts to industrial processors, drilling waste operations, and wastewater and solids handling facilities throughout Calgary, Alberta. The SWACO 414 decanter centrifuge is a trusted machine in high-duty solids-liquid separation applications, but like all mechanical systems, its performance depends on the quality and condition of critical components. When bearings, seals, [&hellip;]<\/p>\n","protected":false},"author":3,"featured_media":0,"parent":0,"menu_order":0,"comment_status":"closed","ping_status":"closed","template":"seo-page-template.php","meta":{"_acf_changed":false,"inline_featured_image":false,"footnotes":""},"class_list":["post-2331","page","type-page","status-publish","hentry"],"acf":[],"_links":{"self":[{"href":"https:\/\/sentrimax.com\/es\/wp-json\/wp\/v2\/pages\/2331","targetHints":{"allow":["GET"]}}],"collection":[{"href":"https:\/\/sentrimax.com\/es\/wp-json\/wp\/v2\/pages"}],"about":[{"href":"https:\/\/sentrimax.com\/es\/wp-json\/wp\/v2\/types\/page"}],"author":[{"embeddable":true,"href":"https:\/\/sentrimax.com\/es\/wp-json\/wp\/v2\/users\/3"}],"replies":[{"embeddable":true,"href":"https:\/\/sentrimax.com\/es\/wp-json\/wp\/v2\/comments?post=2331"}],"version-history":[{"count":1,"href":"https:\/\/sentrimax.com\/es\/wp-json\/wp\/v2\/pages\/2331\/revisions"}],"predecessor-version":[{"id":2496,"href":"https:\/\/sentrimax.com\/es\/wp-json\/wp\/v2\/pages\/2331\/revisions\/2496"}],"wp:attachment":[{"href":"https:\/\/sentrimax.com\/es\/wp-json\/wp\/v2\/media?parent=2331"}],"curies":[{"name":"wp","href":"https:\/\/api.w.org\/{rel}","templated":true}]}}