{"id":2332,"date":"2026-01-07T17:40:40","date_gmt":"2026-01-07T17:40:40","guid":{"rendered":"https:\/\/sentrimax.com\/?page_id=2332"},"modified":"2026-04-21T21:13:40","modified_gmt":"2026-04-21T21:13:40","slug":"lynx-40-centrifuge-repair-in-denver-co","status":"publish","type":"page","link":"https:\/\/sentrimax.com\/es\/lynx-40-centrifuge-repair-in-denver-co\/","title":{"rendered":"Reparaci\u00f3n de centr\u00edfugas Lynx 40 en Denver, Colorado"},"content":{"rendered":"<p data-start=\"286\" data-end=\"847\"><img fetchpriority=\"high\" decoding=\"async\" class=\"aligncenter size-full wp-image-1032\" src=\"https:\/\/sentrimax.com\/wp-content\/uploads\/2025\/05\/image-12.png\" alt=\"\" width=\"1440\" height=\"504\" srcset=\"https:\/\/sentrimax.com\/wp-content\/uploads\/2025\/05\/image-12.png 1440w, https:\/\/sentrimax.com\/wp-content\/uploads\/2025\/05\/image-12-600x210.png 600w, https:\/\/sentrimax.com\/wp-content\/uploads\/2025\/05\/image-12-300x105.png 300w, https:\/\/sentrimax.com\/wp-content\/uploads\/2025\/05\/image-12-1024x358.png 1024w, https:\/\/sentrimax.com\/wp-content\/uploads\/2025\/05\/image-12-768x269.png 768w\" sizes=\"(max-width: 1440px) 100vw, 1440px\" \/><\/p>\n<p data-start=\"286\" data-end=\"847\">Sentrimax ofrece servicios profesionales <strong data-start=\"318\" data-end=\"347\">Reparaci\u00f3n de la centr\u00edfuga Lynx 40<\/strong> Servicios para instalaciones industriales, de aguas residuales y de procesos en todo el pa\u00eds. <strong data-start=\"419\" data-end=\"439\">Denver, Colorado<\/strong>. La centr\u00edfuga Lynx 40 es una centr\u00edfuga decantadora especializada, dise\u00f1ada para la separaci\u00f3n de s\u00f3lidos y l\u00edquidos de alta exigencia. Cuando este equipo vital experimenta vibraciones, desgaste excesivo, fallos en los sellos, degradaci\u00f3n de los rodamientos, problemas en la caja de engranajes o un rendimiento de separaci\u00f3n reducido, es esencial contar con un servicio de reparaci\u00f3n r\u00e1pido y experto para proteger el tiempo de actividad, mantener la consistencia del proceso y reducir las costosas paradas imprevistas.<\/p>\n<p data-start=\"849\" data-end=\"1323\">Con d\u00e9cadas de experiencia respaldando una amplia gama de equipos de separaci\u00f3n de alta velocidad, <strong data-start=\"936\" data-end=\"949\">Sentrimax<\/strong> Ofrece diagn\u00f3sticos precisos, reparaciones mec\u00e1nicas de precisi\u00f3n, planificaci\u00f3n de mantenimiento preventivo y soluciones integrales de reconstrucci\u00f3n adaptadas a las necesidades espec\u00edficas del servicio de la centr\u00edfuga Lynx 40. Ya sea para solucionar una falla urgente o planificar una revisi\u00f3n programada, Sentrimax colabora con las instalaciones de Denver para restaurar el rendimiento y prolongar la vida \u00fatil de las centr\u00edfugas cr\u00edticas.<\/p>\n<hr data-start=\"1325\" data-end=\"1328\" \/>\n<h2 data-start=\"1330\" data-end=\"1366\">Apoyo a las operaciones en el \u00e1rea de Denver<\/h2>\n<p data-start=\"1368\" data-end=\"1993\">Instalaciones en todo el pa\u00eds <strong data-start=\"1386\" data-end=\"1428\">Denver y los alrededores de Front Range<\/strong> Conf\u00ede en centr\u00edfugas como la Lynx 40 para aplicaciones de deshidrataci\u00f3n industrial, gesti\u00f3n de s\u00f3lidos, tratamiento de aguas residuales y separaci\u00f3n de procesos, donde un rendimiento fiable influye en la productividad y el cumplimiento normativo. En el control de s\u00f3lidos en petr\u00f3leo y gas, la separaci\u00f3n de procesos industriales o la deshidrataci\u00f3n de bios\u00f3lidos municipales, el rendimiento constante de la centr\u00edfuga est\u00e1 directamente relacionado con el \u00e9xito operativo. Cuando surgen problemas como vibraciones anormales, fugas en los sellos, ruido en los rodamientos, calor o variaci\u00f3n del par, incluso las se\u00f1ales m\u00e1s leves pueden indicar problemas mec\u00e1nicos m\u00e1s profundos que requieren una evaluaci\u00f3n profesional.<\/p>\n<p data-start=\"1995\" data-end=\"2326\">Sentrimax ofrece un servicio de campo \u00e1gil en la regi\u00f3n de Denver, llevando t\u00e9cnicos y herramientas de diagn\u00f3stico directamente a las instalaciones del cliente para que los equipos puedan evaluarse en condiciones reales de funcionamiento. El servicio in situ acorta los plazos de reparaci\u00f3n, reduce la necesidad de transporte de equipos y acelera la recuperaci\u00f3n de la operaci\u00f3n confiable.<\/p>\n<p data-start=\"2328\" data-end=\"2440\">Para obtener soporte integral sobre las marcas y modelos de centr\u00edfugas, consulte <strong data-start=\"2395\" data-end=\"2439\"><a class=\"decorated-link cursor-pointer\" target=\"_new\" rel=\"noopener\" data-start=\"2397\" data-end=\"2437\">https:\/\/sentrimax.com\/centrifuge-repair\/<\/a><\/strong>.<\/p>\n<hr data-start=\"2442\" data-end=\"2445\" \/>\n<h2 data-start=\"2447\" data-end=\"2500\">Por qu\u00e9 es importante la reparaci\u00f3n profesional de la centr\u00edfuga Lynx 40<\/h2>\n<p data-start=\"2502\" data-end=\"3098\">Las centr\u00edfugas Lynx 40 son m\u00e1quinas de precisi\u00f3n con tolerancias estrictas, altas velocidades de rotaci\u00f3n y conjuntos rotatorios complejos. Reparaciones inadecuadas, diagn\u00f3sticos incompletos o piezas de repuesto no compatibles pueden dejar problemas subyacentes sin resolver, lo que provoca problemas recurrentes como desequilibrio, vibraci\u00f3n, desgaste prematuro e interrupciones imprevistas. Los t\u00e9cnicos de Sentrimax siguen procedimientos documentados y las mejores pr\u00e1cticas del sector que se centran no solo en los s\u00edntomas visibles, sino tambi\u00e9n en identificar factores que contribuyen a las fallas, como la desalineaci\u00f3n, la p\u00e9rdida de lubricaci\u00f3n, la fatiga de los componentes y las tensiones estructurales.<\/p>\n<p data-start=\"3100\" data-end=\"3150\">Un enfoque de reparaci\u00f3n completo ayuda a los operadores de Denver a:<\/p>\n<ul data-start=\"3152\" data-end=\"3375\">\n<li data-start=\"3152\" data-end=\"3197\">\n<p data-start=\"3154\" data-end=\"3197\">Restaurar el rendimiento y el rendimiento del dise\u00f1o<\/p>\n<\/li>\n<li data-start=\"3198\" data-end=\"3255\">\n<p data-start=\"3200\" data-end=\"3255\">Mejorar la eficiencia de separaci\u00f3n y la consistencia del proceso<\/p>\n<\/li>\n<li data-start=\"3256\" data-end=\"3313\">\n<p data-start=\"3258\" data-end=\"3313\">Reducir los costos de mantenimiento y los eventos de servicio no planificados<\/p>\n<\/li>\n<li data-start=\"3314\" data-end=\"3375\">\n<p data-start=\"3316\" data-end=\"3375\">Prolonga la vida mec\u00e1nica y reduce el coste total de propiedad<\/p>\n<\/li>\n<\/ul>\n<p data-start=\"3377\" data-end=\"3506\">Abordar las causas fundamentales en lugar de solo los s\u00edntomas superficiales mejora la confiabilidad y respalda la estabilidad en ciclos de trabajo repetidos.<\/p>\n<hr data-start=\"3508\" data-end=\"3511\" \/>\n<h2 data-start=\"3513\" data-end=\"3564\">Servicios integrales de reparaci\u00f3n de centr\u00edfugas Lynx 40<\/h2>\n<p data-start=\"3566\" data-end=\"3683\">Sentrimax ofrece un conjunto completo de servicios de reparaci\u00f3n dise\u00f1ados para centr\u00edfugas Lynx 40 y decantadores industriales similares:<\/p>\n<ul data-start=\"3685\" data-end=\"4229\">\n<li data-start=\"3685\" data-end=\"3748\">\n<p data-start=\"3687\" data-end=\"3748\"><strong data-start=\"3687\" data-end=\"3746\">Inspecci\u00f3n mec\u00e1nica detallada y evaluaci\u00f3n del estado<\/strong><\/p>\n<\/li>\n<li data-start=\"3749\" data-end=\"3800\">\n<p data-start=\"3751\" data-end=\"3800\"><strong data-start=\"3751\" data-end=\"3798\">Diagn\u00f3stico de fallas y an\u00e1lisis de causa ra\u00edz<\/strong><\/p>\n<\/li>\n<li data-start=\"3801\" data-end=\"3862\">\n<p data-start=\"3803\" data-end=\"3862\"><strong data-start=\"3803\" data-end=\"3860\">Extracci\u00f3n, sustituci\u00f3n y alineaci\u00f3n de precisi\u00f3n de cojinetes<\/strong><\/p>\n<\/li>\n<li data-start=\"3863\" data-end=\"3938\">\n<p data-start=\"3865\" data-end=\"3938\"><strong data-start=\"3865\" data-end=\"3936\">Reparaci\u00f3n o reemplazo de taz\u00f3n, espiral, transportador y conjunto giratorio<\/strong><\/p>\n<\/li>\n<li data-start=\"3939\" data-end=\"3999\">\n<p data-start=\"3941\" data-end=\"3999\"><strong data-start=\"3941\" data-end=\"3997\">Evaluaci\u00f3n, reconstrucci\u00f3n y verificaci\u00f3n de torque de la caja de cambios<\/strong><\/p>\n<\/li>\n<li data-start=\"4000\" data-end=\"4045\">\n<p data-start=\"4002\" data-end=\"4045\"><strong data-start=\"4002\" data-end=\"4043\">Equilibrado din\u00e1mico con tolerancias estrictas<\/strong><\/p>\n<\/li>\n<li data-start=\"4046\" data-end=\"4108\">\n<p data-start=\"4048\" data-end=\"4108\"><strong data-start=\"4048\" data-end=\"4106\">Reemplazo de sellos y mejoras en la protecci\u00f3n contra el desgaste<\/strong><\/p>\n<\/li>\n<li data-start=\"4109\" data-end=\"4168\">\n<p data-start=\"4111\" data-end=\"4168\"><strong data-start=\"4111\" data-end=\"4166\">Soporte para resoluci\u00f3n de problemas de instrumentaci\u00f3n y control<\/strong><\/p>\n<\/li>\n<li data-start=\"4169\" data-end=\"4229\">\n<p data-start=\"4171\" data-end=\"4229\"><strong data-start=\"4171\" data-end=\"4229\">Pruebas de rendimiento posteriores a la reparaci\u00f3n y asistencia de reinicio<\/strong><\/p>\n<\/li>\n<\/ul>\n<p data-start=\"4231\" data-end=\"4583\">Cada tarea de servicio sigue procedimientos documentados, alineados con las especificaciones del equipo original y los est\u00e1ndares t\u00e9cnicos de la industria. En lugar de centrarse \u00fanicamente en los da\u00f1os visibles, los t\u00e9cnicos eval\u00faan el sistema mec\u00e1nico completo para diagnosticar factores contribuyentes, como desequilibrios, variaciones de alimentaci\u00f3n, estado de lubricaci\u00f3n y vibraciones operativas.<\/p>\n<hr data-start=\"4585\" data-end=\"4588\" \/>\n<h2 data-start=\"4590\" data-end=\"4637\">Servicio de campo y respuesta r\u00e1pida en Colorado<\/h2>\n<p data-start=\"4639\" data-end=\"5189\">Las fallas imprevistas de las centr\u00edfugas pueden interrumpir los cronogramas de producci\u00f3n, ralentizar el rendimiento del tratamiento de aguas residuales y suponer un desaf\u00edo para los equipos de mantenimiento. Los t\u00e9cnicos de campo de Sentrimax, con gran capacidad de respuesta, prestan servicio. <strong data-start=\"4821\" data-end=\"4851\">Denver y Front Range<\/strong> Con equipos de diagn\u00f3stico y procedimientos de seguridad para evaluar las centr\u00edfugas in situ. El diagn\u00f3stico inmediato en campo permite a los t\u00e9cnicos observar el comportamiento de las vibraciones, la variabilidad de la alimentaci\u00f3n, los perfiles de par y los patrones t\u00e9rmicos en condiciones reales de proceso; informaci\u00f3n crucial para un diagn\u00f3stico preciso y una planificaci\u00f3n eficaz de las reparaciones.<\/p>\n<p data-start=\"5191\" data-end=\"5243\">El servicio in situ ofrece ventajas operativas clave:<\/p>\n<ul data-start=\"5245\" data-end=\"5488\">\n<li data-start=\"5245\" data-end=\"5313\">\n<p data-start=\"5247\" data-end=\"5313\"><strong data-start=\"5247\" data-end=\"5284\">Evaluaci\u00f3n del desempe\u00f1o en el mundo real<\/strong> bajo cargas de proceso reales<\/p>\n<\/li>\n<li data-start=\"5314\" data-end=\"5365\">\n<p data-start=\"5316\" data-end=\"5365\"><strong data-start=\"5316\" data-end=\"5363\">Soluci\u00f3n r\u00e1pida de problemas y acciones correctivas<\/strong><\/p>\n<\/li>\n<li data-start=\"5366\" data-end=\"5419\">\n<p data-start=\"5368\" data-end=\"5419\"><strong data-start=\"5368\" data-end=\"5417\">Tiempo de inactividad reducido en comparaci\u00f3n con las reparaciones externas<\/strong><\/p>\n<\/li>\n<li data-start=\"5420\" data-end=\"5488\">\n<p data-start=\"5422\" data-end=\"5488\"><strong data-start=\"5422\" data-end=\"5488\">Coordinaci\u00f3n optimizada con los equipos de operaciones y mantenimiento<\/strong><\/p>\n<\/li>\n<\/ul>\n<p data-start=\"5490\" data-end=\"5644\">Los t\u00e9cnicos de campo trabajan en colaboraci\u00f3n con el personal de las instalaciones para programar reparaciones que minimicen el impacto en la producci\u00f3n y maximicen la resiliencia operativa.<\/p>\n<hr data-start=\"5646\" data-end=\"5649\" \/>\n<h2 data-start=\"5651\" data-end=\"5706\">Reparaciones de precisi\u00f3n con repuestos de calidad OEM<\/h2>\n<p data-start=\"5708\" data-end=\"5908\">La calidad de los componentes de repuesto utilizados en una reparaci\u00f3n influye directamente en la fiabilidad y el rendimiento a largo plazo. Sentrimax suministra piezas de calidad OEM y equivalentes para las centr\u00edfugas Lynx 40, entre ellas:<\/p>\n<ul data-start=\"5910\" data-end=\"6170\">\n<li data-start=\"5910\" data-end=\"5945\">\n<p data-start=\"5912\" data-end=\"5945\">Cojinetes y conjuntos de cojinetes<\/p>\n<\/li>\n<li data-start=\"5946\" data-end=\"5980\">\n<p data-start=\"5948\" data-end=\"5980\">Sellos, juntas y anillos de desgaste<\/p>\n<\/li>\n<li data-start=\"5981\" data-end=\"6033\">\n<p data-start=\"5983\" data-end=\"6033\">Desplazamientos, transportadores y elementos giratorios<\/p>\n<\/li>\n<li data-start=\"6034\" data-end=\"6086\">\n<p data-start=\"6036\" data-end=\"6086\">Componentes de la caja de cambios y piezas de transmisi\u00f3n de par<\/p>\n<\/li>\n<li data-start=\"6087\" data-end=\"6132\">\n<p data-start=\"6089\" data-end=\"6132\">Herrajes para taz\u00f3n, cubo y conjunto giratorio<\/p>\n<\/li>\n<li data-start=\"6133\" data-end=\"6170\">\n<p data-start=\"6135\" data-end=\"6170\">Kits de sujetadores y herrajes de servicio<\/p>\n<\/li>\n<\/ul>\n<p data-start=\"6172\" data-end=\"6478\">Cada pieza se inspecciona antes de su instalaci\u00f3n para garantizar su precisi\u00f3n dimensional, integridad del material y ajuste, garantizando as\u00ed un rendimiento confiable en condiciones de servicio exigentes. El uso de piezas de alta calidad ayuda a reducir la vibraci\u00f3n, mejorar el equilibrio y prolongar los intervalos de servicio, a la vez que reduce el riesgo de fallos prematuros.<\/p>\n<p data-start=\"6480\" data-end=\"6590\">Para obtener informaci\u00f3n detallada sobre la disponibilidad de piezas y soporte, visite <strong data-start=\"6546\" data-end=\"6589\"><a class=\"decorated-link cursor-pointer\" target=\"_new\" rel=\"noopener\" data-start=\"6548\" data-end=\"6587\">https:\/\/sentrimax.com\/centrifuge-parts\/<\/a><\/strong>.<\/p>\n<hr data-start=\"6592\" data-end=\"6595\" \/>\n<h2 data-start=\"6597\" data-end=\"6649\">Servicios de reconstrucci\u00f3n completos para restaurar la vida operativa<\/h2>\n<p data-start=\"6651\" data-end=\"6920\">Para centr\u00edfugas con desgaste avanzado o pr\u00f3ximas al final de su vida \u00fatil, Sentrimax ofrece servicios completos de reconstrucci\u00f3n. Una reconstrucci\u00f3n profesional restaura el equipo a un rendimiento casi nuevo, mejora la armon\u00eda mec\u00e1nica y prolonga su vida \u00fatil. El trabajo t\u00edpico de reconstrucci\u00f3n incluye:<\/p>\n<ul data-start=\"6922\" data-end=\"7243\">\n<li data-start=\"6922\" data-end=\"6972\">\n<p data-start=\"6924\" data-end=\"6972\"><strong data-start=\"6924\" data-end=\"6970\">Desmontaje completo y limpieza a fondo.<\/strong><\/p>\n<\/li>\n<li data-start=\"6973\" data-end=\"7041\">\n<p data-start=\"6975\" data-end=\"7041\"><strong data-start=\"6975\" data-end=\"7039\">Inspecci\u00f3n y restauraci\u00f3n de tolerancias mec\u00e1nicas cr\u00edticas<\/strong><\/p>\n<\/li>\n<li data-start=\"7042\" data-end=\"7092\">\n<p data-start=\"7044\" data-end=\"7092\"><strong data-start=\"7044\" data-end=\"7090\">Sustituci\u00f3n de componentes desgastados o fatigados<\/strong><\/p>\n<\/li>\n<li data-start=\"7093\" data-end=\"7136\">\n<p data-start=\"7095\" data-end=\"7136\"><strong data-start=\"7095\" data-end=\"7134\">Mecanizado de precisi\u00f3n para un ajuste \u00f3ptimo<\/strong><\/p>\n<\/li>\n<li data-start=\"7137\" data-end=\"7185\">\n<p data-start=\"7139\" data-end=\"7185\"><strong data-start=\"7139\" data-end=\"7183\">Equilibrado din\u00e1mico de conjuntos rotatorios<\/strong><\/p>\n<\/li>\n<li data-start=\"7186\" data-end=\"7243\">\n<p data-start=\"7188\" data-end=\"7243\"><strong data-start=\"7188\" data-end=\"7243\">Reensamblaje y validaci\u00f3n integral del rendimiento<\/strong><\/p>\n<\/li>\n<\/ul>\n<p data-start=\"7245\" data-end=\"7392\">Las reconstrucciones se coordinan con los equipos de mantenimiento de las instalaciones para alinearse con las paradas planificadas, minimizando los impactos en la producci\u00f3n y maximizando el valor de los activos.<\/p>\n<hr data-start=\"7394\" data-end=\"7397\" \/>\n<h2 data-start=\"7399\" data-end=\"7447\">Mantenimiento preventivo para mejorar la confiabilidad<\/h2>\n<p data-start=\"7449\" data-end=\"7801\">Las reparaciones reactivas son costosas, tanto en materiales como en p\u00e9rdidas de producci\u00f3n. El mantenimiento preventivo ayuda a las instalaciones a detectar signos tempranos de desgaste antes de que se conviertan en fallas. Sentrimax colabora con operadores de Denver para desarrollar planes de mantenimiento preventivo adaptados a sus centr\u00edfugas Lynx 40 y perfiles operativos. El mantenimiento preventivo puede incluir:<\/p>\n<ul data-start=\"7803\" data-end=\"8105\">\n<li data-start=\"7803\" data-end=\"7849\">\n<p data-start=\"7805\" data-end=\"7849\">Inspecciones de rutina y seguimiento del estado<\/p>\n<\/li>\n<li data-start=\"7850\" data-end=\"7893\">\n<p data-start=\"7852\" data-end=\"7893\">An\u00e1lisis de vibraciones y seguimiento de tendencias<\/p>\n<\/li>\n<li data-start=\"7894\" data-end=\"7947\">\n<p data-start=\"7896\" data-end=\"7947\">Muestreo de aceite y evaluaci\u00f3n del estado de lubricaci\u00f3n<\/p>\n<\/li>\n<li data-start=\"7948\" data-end=\"8008\">\n<p data-start=\"7950\" data-end=\"8008\">Medici\u00f3n del desgaste en cojinetes, sellos y elementos de desplazamiento<\/p>\n<\/li>\n<li data-start=\"8009\" data-end=\"8053\">\n<p data-start=\"8011\" data-end=\"8053\">Reemplazo programado de piezas de alto desgaste<\/p>\n<\/li>\n<li data-start=\"8054\" data-end=\"8105\">\n<p data-start=\"8056\" data-end=\"8105\">Comprobaciones de alineaci\u00f3n y verificaci\u00f3n del equilibrio din\u00e1mico<\/p>\n<\/li>\n<\/ul>\n<p data-start=\"8107\" data-end=\"8250\">Al planificar el mantenimiento en funci\u00f3n de datos operativos en lugar de respuestas reactivas, las instalaciones pueden mejorar el tiempo de actividad y optimizar los presupuestos de mantenimiento.<\/p>\n<hr data-start=\"8252\" data-end=\"8255\" \/>\n<h2 data-start=\"8257\" data-end=\"8306\">Apoyo a los objetivos ambientales y operativos<\/h2>\n<p data-start=\"8308\" data-end=\"9120\">El funcionamiento fiable de las centr\u00edfugas contribuye a la eficiencia del proceso, la eficacia en el manejo de s\u00f3lidos y la estabilidad operativa. En contextos industriales o de aguas residuales, un rendimiento deficiente en la separaci\u00f3n puede aumentar los vol\u00famenes de eliminaci\u00f3n o transporte, sobrecargar los sistemas aguas abajo y aumentar el riesgo regulatorio. Para un contexto ambiental m\u00e1s amplio relevante para la gesti\u00f3n de s\u00f3lidos y las normas de calidad del agua, las instalaciones pueden consultar la <strong data-start=\"8715\" data-end=\"8761\">Agencia de Protecci\u00f3n Ambiental de los Estados Unidos (EPA)<\/strong> en <a class=\"decorated-link cursor-pointer\" target=\"_new\" rel=\"noopener\" data-start=\"8765\" data-end=\"8790\">https:\/\/www.epa.gov\/water<\/a>, que proporciona orientaci\u00f3n sobre los marcos de cumplimiento ambiental para el agua y los residuos. Se puede obtener informaci\u00f3n operativa adicional y las mejores pr\u00e1cticas del sector en <strong data-start=\"8958\" data-end=\"8996\">Federaci\u00f3n del Medio Ambiente del Agua (FEM)<\/strong> en <a class=\"decorated-link\" href=\"https:\/\/www.wef.org\/\" target=\"_new\" rel=\"noopener\" data-start=\"9000\" data-end=\"9020\">https:\/\/www.wef.org\/<\/a>, que apoya a los profesionales con recursos t\u00e9cnicos sobre estrategias de tratamiento y manejo de s\u00f3lidos.<\/p>\n<hr data-start=\"9122\" data-end=\"9125\" \/>\n<h2 data-start=\"9127\" data-end=\"9168\">Por qu\u00e9 las instalaciones de Denver eligen Sentrimax<\/h2>\n<p data-start=\"9170\" data-end=\"9537\">Los operadores del \u00e1rea de Denver eligen Sentrimax para la reparaci\u00f3n de la centr\u00edfuga Lynx 40 por su combinaci\u00f3n de experiencia t\u00e9cnica, un modelo de servicio \u00e1gil y un compromiso con la calidad. Los t\u00e9cnicos de Sentrimax aportan su experiencia mec\u00e1nica y de campo a cada proyecto, ayudando a las instalaciones a diagnosticar problemas complejos, implementar reparaciones efectivas y proteger activos cr\u00edticos.<\/p>\n<p data-start=\"9539\" data-end=\"9917\">Durante toda la intervenci\u00f3n de servicio, se prioriza la comunicaci\u00f3n clara y la documentaci\u00f3n detallada. Las instalaciones reciben informes completos que describen los hallazgos del diagn\u00f3stico, las medidas correctivas adoptadas, los componentes reemplazados y las recomendaciones para la planificaci\u00f3n futura del mantenimiento preventivo. Esta informaci\u00f3n facilita la toma de decisiones operativas informadas y las estrategias de confiabilidad a largo plazo.<\/p>\n<p data-start=\"9919\" data-end=\"10055\">Para conocer las capacidades de servicio de centr\u00edfuga relacionadas, especialmente en procesos de aguas residuales, explore <strong data-start=\"10006\" data-end=\"10054\"><a class=\"decorated-link cursor-pointer\" target=\"_new\" rel=\"noopener\" data-start=\"10008\" data-end=\"10052\">https:\/\/sentrimax.com\/industries\/wastewater\/<\/a><\/strong>.<\/p>\n<hr data-start=\"10057\" data-end=\"10060\" \/>\n<h2 data-start=\"10062\" data-end=\"10110\">Soporte integral desde la evaluaci\u00f3n hasta la puesta en marcha<\/h2>\n<p data-start=\"10112\" data-end=\"10177\">El modelo de servicio de Sentrimax se extiende m\u00e1s all\u00e1 de la reparaci\u00f3n b\u00e1sica para incluir:<\/p>\n<ul data-start=\"10179\" data-end=\"10412\">\n<li data-start=\"10179\" data-end=\"10226\">\n<p data-start=\"10181\" data-end=\"10226\">Coordinaci\u00f3n de aparejos y retirada de centr\u00edfugas<\/p>\n<\/li>\n<li data-start=\"10227\" data-end=\"10279\">\n<p data-start=\"10229\" data-end=\"10279\">Alineaci\u00f3n de precisi\u00f3n y verificaci\u00f3n dimensional<\/p>\n<\/li>\n<li data-start=\"10280\" data-end=\"10329\">\n<p data-start=\"10282\" data-end=\"10329\">Soporte para reinstalaci\u00f3n y calibraci\u00f3n del sistema<\/p>\n<\/li>\n<li data-start=\"10330\" data-end=\"10375\">\n<p data-start=\"10332\" data-end=\"10375\">Asistencia en la puesta en marcha y puesta a punto operativa<\/p>\n<\/li>\n<li data-start=\"10376\" data-end=\"10412\">\n<p data-start=\"10378\" data-end=\"10412\">Evaluaci\u00f3n del desempe\u00f1o posterior a la reparaci\u00f3n<\/p>\n<\/li>\n<\/ul>\n<p data-start=\"10414\" data-end=\"10549\">Este enfoque de extremo a extremo garantiza que las centr\u00edfugas Lynx 40 vuelvan a servicio funcionando de manera confiable, eficiente y dentro de las expectativas de dise\u00f1o.<\/p>\n<hr data-start=\"10551\" data-end=\"10554\" \/>\n<h2 data-start=\"10556\" data-end=\"10612\">Mejora continua mediante el monitoreo del desempe\u00f1o<\/h2>\n<p data-start=\"10614\" data-end=\"10934\">La confiabilidad a largo plazo depende de un mantenimiento estructurado y la monitorizaci\u00f3n del rendimiento. Sentrimax ayuda a las instalaciones a monitorear indicadores clave de rendimiento \u2014como tendencias de vibraci\u00f3n, perfiles de torque y desgaste de componentes\u2014 a lo largo del tiempo para anticipar las necesidades de servicio, optimizar la planificaci\u00f3n del mantenimiento y reducir el costo total de propiedad.<\/p>\n<hr data-start=\"10936\" data-end=\"10939\" \/>\n<h2 data-start=\"10941\" data-end=\"10990\">Solicitar reparaci\u00f3n de centr\u00edfuga Lynx 40 en Denver, CO<\/h2>\n<p data-start=\"10992\" data-end=\"11362\">Cuando se requiere una reparaci\u00f3n experta de la centr\u00edfuga Lynx 40 en <strong data-start=\"11045\" data-end=\"11059\">Denver, Colorado<\/strong>, Las instalaciones conf\u00edan en Sentrimax para obtener experiencia confiable, soporte t\u00e9cnico r\u00e1pido y resultados profesionales. Ya sea para solucionar fallas urgentes, planificar mantenimiento preventivo o realizar reconstrucciones completas, Sentrimax ofrece soluciones dise\u00f1adas para mantener sus centr\u00edfugas funcionando de manera confiable y eficiente.<\/p>\n<p data-start=\"11364\" data-end=\"11418\"><strong data-start=\"11364\" data-end=\"11418\"><a class=\"decorated-link\" href=\"https:\/\/sentrimax.com\/es\/contact\/\" target=\"_new\" rel=\"noopener\" data-start=\"11366\" data-end=\"11416\">\u00a1Solicita una cotizaci\u00f3n!<\/a><\/strong><\/p>","protected":false},"excerpt":{"rendered":"<p>Sentrimax provides professional Lynx 40 centrifuge repair services for industrial, wastewater, and process facilities throughout Denver, Colorado. The Lynx 40 centrifuge is a specialized decanter centrifuge designed for high-duty solids-liquid separation. When this vital equipment experiences vibration, excessive wear, seal failure, bearing degradation, gearbox problems, or reduced separation performance, prompt and expert repair support is [&hellip;]<\/p>\n","protected":false},"author":3,"featured_media":0,"parent":0,"menu_order":0,"comment_status":"closed","ping_status":"closed","template":"seo-page-template.php","meta":{"_acf_changed":false,"inline_featured_image":false,"footnotes":""},"class_list":["post-2332","page","type-page","status-publish","hentry"],"acf":[],"_links":{"self":[{"href":"https:\/\/sentrimax.com\/es\/wp-json\/wp\/v2\/pages\/2332","targetHints":{"allow":["GET"]}}],"collection":[{"href":"https:\/\/sentrimax.com\/es\/wp-json\/wp\/v2\/pages"}],"about":[{"href":"https:\/\/sentrimax.com\/es\/wp-json\/wp\/v2\/types\/page"}],"author":[{"embeddable":true,"href":"https:\/\/sentrimax.com\/es\/wp-json\/wp\/v2\/users\/3"}],"replies":[{"embeddable":true,"href":"https:\/\/sentrimax.com\/es\/wp-json\/wp\/v2\/comments?post=2332"}],"version-history":[{"count":1,"href":"https:\/\/sentrimax.com\/es\/wp-json\/wp\/v2\/pages\/2332\/revisions"}],"predecessor-version":[{"id":2495,"href":"https:\/\/sentrimax.com\/es\/wp-json\/wp\/v2\/pages\/2332\/revisions\/2495"}],"wp:attachment":[{"href":"https:\/\/sentrimax.com\/es\/wp-json\/wp\/v2\/media?parent=2332"}],"curies":[{"name":"wp","href":"https:\/\/api.w.org\/{rel}","templated":true}]}}