{"id":2334,"date":"2026-01-07T17:47:29","date_gmt":"2026-01-07T17:47:29","guid":{"rendered":"https:\/\/sentrimax.com\/?page_id=2334"},"modified":"2026-04-21T21:13:39","modified_gmt":"2026-04-21T21:13:39","slug":"oilfield-centrifuge-repair-in-williston-nd","status":"publish","type":"page","link":"https:\/\/sentrimax.com\/es\/oilfield-centrifuge-repair-in-williston-nd\/","title":{"rendered":"Reparaci\u00f3n de centr\u00edfugas para yacimientos petrol\u00edferos en Williston, Dakota del Norte"},"content":{"rendered":"<p data-start=\"304\" data-end=\"922\"><img fetchpriority=\"high\" decoding=\"async\" class=\"aligncenter size-full wp-image-904\" src=\"https:\/\/sentrimax.com\/wp-content\/uploads\/2025\/05\/image-3-1.png\" alt=\"\" width=\"1236\" height=\"760\" srcset=\"https:\/\/sentrimax.com\/wp-content\/uploads\/2025\/05\/image-3-1.png 1236w, https:\/\/sentrimax.com\/wp-content\/uploads\/2025\/05\/image-3-1-600x369.png 600w, https:\/\/sentrimax.com\/wp-content\/uploads\/2025\/05\/image-3-1-300x184.png 300w, https:\/\/sentrimax.com\/wp-content\/uploads\/2025\/05\/image-3-1-1024x630.png 1024w, https:\/\/sentrimax.com\/wp-content\/uploads\/2025\/05\/image-3-1-768x472.png 768w\" sizes=\"(max-width: 1236px) 100vw, 1236px\" \/><\/p>\n<p data-start=\"304\" data-end=\"922\">Sentrimax ofrece servicios profesionales <strong data-start=\"334\" data-end=\"364\">reparaci\u00f3n de centr\u00edfugas de yacimientos petrol\u00edferos<\/strong> Servicios para exploraci\u00f3n, gesti\u00f3n de residuos de perforaci\u00f3n y sistemas de agua producida en todo el pa\u00eds. <strong data-start=\"456\" data-end=\"483\">Williston, Dakota del Norte<\/strong>. En la industria petrolera, las centr\u00edfugas son cruciales para una separaci\u00f3n eficaz de s\u00f3lidos y l\u00edquidos, lo que ayuda a reducir los residuos ambientales, recuperar fluidos valiosos y respaldar los procesos de eliminaci\u00f3n o reciclaje. Cuando las centr\u00edfugas de los yacimientos petrol\u00edferos experimentan vibraciones, desgaste de cojinetes, fallos en los sellos, problemas en la caja de engranajes o una disminuci\u00f3n en el rendimiento de la separaci\u00f3n, una reparaci\u00f3n r\u00e1pida y experta es esencial para minimizar el tiempo de inactividad, proteger el valioso tiempo de producci\u00f3n y controlar los costos operativos.<\/p>\n<p data-start=\"924\" data-end=\"1356\">Con d\u00e9cadas de experiencia en el servicio de equipos rotativos de alta velocidad en entornos exigentes, <strong data-start=\"1018\" data-end=\"1031\">Sentrimax<\/strong> Ofrece diagn\u00f3sticos precisos, reparaciones mec\u00e1nicas de precisi\u00f3n, planificaci\u00f3n de mantenimiento preventivo y soluciones de reconstrucci\u00f3n adaptadas a las necesidades espec\u00edficas de los operadores de yacimientos petrol\u00edferos. Ya sea para solucionar fallas urgentes o para realizar trabajos de mantenimiento programados, Sentrimax ayuda a las instalaciones de Williston a poner sus equipos en servicio de forma m\u00e1s r\u00e1pida y fiable.<\/p>\n<hr data-start=\"1358\" data-end=\"1361\" \/>\n<h2 data-start=\"1363\" data-end=\"1413\">Apoyo a las operaciones petroleras en Williston<\/h2>\n<p data-start=\"1415\" data-end=\"1749\">Operaciones de petr\u00f3leo y gas en el <strong data-start=\"1443\" data-end=\"1462\">Cuenca de Williston<\/strong> Dependen en gran medida del rendimiento de las centr\u00edfugas para la gesti\u00f3n de residuos de perforaci\u00f3n, el procesamiento de recortes, el tratamiento del agua producida y el control de s\u00f3lidos aguas abajo de los separadores y zarandas vibratorias. Un equipo con un rendimiento inferior al esperado afecta directamente el volumen de residuos, los costos de eliminaci\u00f3n y el cumplimiento ambiental.<\/p>\n<p data-start=\"1751\" data-end=\"1793\">Los problemas m\u00e1s comunes de las centr\u00edfugas en yacimientos petrol\u00edferos incluyen:<\/p>\n<ul data-start=\"1794\" data-end=\"2142\">\n<li data-start=\"1794\" data-end=\"1873\">\n<p data-start=\"1796\" data-end=\"1873\"><strong data-start=\"1796\" data-end=\"1823\">Vibraci\u00f3n y desequilibrio<\/strong> causados por cojinetes desgastados, sellos o desalineaci\u00f3n<\/p>\n<\/li>\n<li data-start=\"1874\" data-end=\"1939\">\n<p data-start=\"1876\" data-end=\"1939\"><strong data-start=\"1876\" data-end=\"1908\">Sella fugas y entradas de fluidos<\/strong> da\u00f1ar los componentes internos<\/p>\n<\/li>\n<li data-start=\"1940\" data-end=\"2011\">\n<p data-start=\"1942\" data-end=\"2011\"><strong data-start=\"1942\" data-end=\"1965\">Degradaci\u00f3n de los rodamientos<\/strong> de s\u00f3lidos abrasivos y operaci\u00f3n a altas RPM<\/p>\n<\/li>\n<li data-start=\"2012\" data-end=\"2078\">\n<p data-start=\"2014\" data-end=\"2078\"><strong data-start=\"2014\" data-end=\"2030\">Desgaste de la caja de cambios<\/strong> Impactando la transmisi\u00f3n de torque y la confiabilidad<\/p>\n<\/li>\n<li data-start=\"2079\" data-end=\"2142\">\n<p data-start=\"2081\" data-end=\"2142\"><strong data-start=\"2081\" data-end=\"2114\">Eficiencia de separaci\u00f3n reducida<\/strong> que afectan los resultados del proceso<\/p>\n<\/li>\n<\/ul>\n<p data-start=\"2144\" data-end=\"2473\">Cuando surgen estos problemas, los operadores necesitan reparaciones que no solo solucionen el problema inmediato, sino que tambi\u00e9n aborden las causas subyacentes para evitar que se repitan. Sentrimax aplica las mejores pr\u00e1cticas de la industria y procedimientos documentados para ayudar a las instalaciones de Williston a resolver tanto los s\u00edntomas como las causas ra\u00edz, mejorando as\u00ed la confiabilidad de los equipos a largo plazo.<\/p>\n<hr data-start=\"2475\" data-end=\"2478\" \/>\n<h2 data-start=\"2480\" data-end=\"2534\">Por qu\u00e9 es importante la reparaci\u00f3n profesional de centr\u00edfugas en yacimientos petrol\u00edferos<\/h2>\n<p data-start=\"2536\" data-end=\"2778\">Las centr\u00edfugas para yacimientos petrol\u00edferos son m\u00e1quinas de precisi\u00f3n de alta velocidad con tolerancias estrictas, conjuntos rotatorios complejos y exposici\u00f3n a lodos abrasivos. A diferencia de las bombas o mezcladores industriales generales, las centr\u00edfugas requieren conocimientos de mantenimiento especializados debido a:<\/p>\n<ul data-start=\"2779\" data-end=\"2907\">\n<li data-start=\"2779\" data-end=\"2801\">\n<p data-start=\"2781\" data-end=\"2801\">Cargas din\u00e1micas elevadas<\/p>\n<\/li>\n<li data-start=\"2802\" data-end=\"2836\">\n<p data-start=\"2804\" data-end=\"2836\">Requisitos de balanzas de precisi\u00f3n<\/p>\n<\/li>\n<li data-start=\"2837\" data-end=\"2876\">\n<p data-start=\"2839\" data-end=\"2876\">Sistemas cr\u00edticos de caja de cambios y par<\/p>\n<\/li>\n<li data-start=\"2877\" data-end=\"2907\">\n<p data-start=\"2879\" data-end=\"2907\">Entornos de proceso hostiles<\/p>\n<\/li>\n<\/ul>\n<p data-start=\"2909\" data-end=\"3301\">Las reparaciones inadecuadas o los diagn\u00f3sticos incompletos pueden dejar problemas subyacentes sin resolver, lo que provoca vibraciones recurrentes, desgaste prematuro o fallos prematuros de los componentes principales. Los t\u00e9cnicos de Sentrimax siguen procedimientos estructurados y las mejores pr\u00e1cticas para garantizar que las reparaciones se centren tanto en los da\u00f1os visibles como en los factores mec\u00e1nicos contribuyentes, como la desalineaci\u00f3n, la falla de la lubricaci\u00f3n, el desequilibrio o la distorsi\u00f3n de la carcasa.<\/p>\n<hr data-start=\"3303\" data-end=\"3306\" \/>\n<h2 data-start=\"3308\" data-end=\"3360\">Servicios integrales de reparaci\u00f3n de centr\u00edfugas para yacimientos petrol\u00edferos<\/h2>\n<p data-start=\"3362\" data-end=\"3496\">Sentrimax ofrece un conjunto completo de servicios de reparaci\u00f3n dise\u00f1ados para respaldar las operaciones de los yacimientos petrol\u00edferos en todas las etapas del ciclo de vida del equipo:<\/p>\n<ul data-start=\"3498\" data-end=\"4012\">\n<li data-start=\"3498\" data-end=\"3561\">\n<p data-start=\"3500\" data-end=\"3561\"><strong data-start=\"3500\" data-end=\"3559\">Inspecci\u00f3n mec\u00e1nica y evaluaci\u00f3n detallada del estado<\/strong><\/p>\n<\/li>\n<li data-start=\"3562\" data-end=\"3613\">\n<p data-start=\"3564\" data-end=\"3613\"><strong data-start=\"3564\" data-end=\"3611\">Diagn\u00f3stico de fallas y an\u00e1lisis de causa ra\u00edz<\/strong><\/p>\n<\/li>\n<li data-start=\"3614\" data-end=\"3675\">\n<p data-start=\"3616\" data-end=\"3675\"><strong data-start=\"3616\" data-end=\"3673\">Extracci\u00f3n, sustituci\u00f3n y alineaci\u00f3n de precisi\u00f3n de cojinetes<\/strong><\/p>\n<\/li>\n<li data-start=\"3676\" data-end=\"3729\">\n<p data-start=\"3678\" data-end=\"3729\"><strong data-start=\"3678\" data-end=\"3727\">Reemplazo de sellos y mayor protecci\u00f3n contra el desgaste<\/strong><\/p>\n<\/li>\n<li data-start=\"3730\" data-end=\"3790\">\n<p data-start=\"3732\" data-end=\"3790\"><strong data-start=\"3732\" data-end=\"3788\">Inspecci\u00f3n, reconstrucci\u00f3n y verificaci\u00f3n de torque de la caja de cambios<\/strong><\/p>\n<\/li>\n<li data-start=\"3791\" data-end=\"3854\">\n<p data-start=\"3793\" data-end=\"3854\"><strong data-start=\"3793\" data-end=\"3852\">Reparaci\u00f3n o reemplazo de cuencos, espirales, transportadores y tornillos<\/strong><\/p>\n<\/li>\n<li data-start=\"3855\" data-end=\"3900\">\n<p data-start=\"3857\" data-end=\"3900\"><strong data-start=\"3857\" data-end=\"3898\">Equilibrado din\u00e1mico con tolerancias estrictas<\/strong><\/p>\n<\/li>\n<li data-start=\"3901\" data-end=\"3960\">\n<p data-start=\"3903\" data-end=\"3960\"><strong data-start=\"3903\" data-end=\"3958\">Soporte para resoluci\u00f3n de problemas de instrumentaci\u00f3n y control<\/strong><\/p>\n<\/li>\n<li data-start=\"3961\" data-end=\"4012\">\n<p data-start=\"3963\" data-end=\"4012\"><strong data-start=\"3963\" data-end=\"4012\">Validaci\u00f3n del rendimiento y asistencia en la puesta en marcha<\/strong><\/p>\n<\/li>\n<\/ul>\n<p data-start=\"4014\" data-end=\"4239\">Todas las reparaciones siguen procedimientos documentados, alineados con la intenci\u00f3n original del equipo y los est\u00e1ndares de la industria. Los t\u00e9cnicos eval\u00faan sistemas mec\u00e1nicos completos, no solo s\u00edntomas aislados, para ofrecer reparaciones duraderas y confiables.<\/p>\n<p data-start=\"4241\" data-end=\"4372\">Para obtener informaci\u00f3n m\u00e1s amplia sobre las capacidades de reparaci\u00f3n listas para el campo y el soporte multimarca, visite <a class=\"decorated-link cursor-pointer\" target=\"_new\" rel=\"noopener\" data-start=\"4331\" data-end=\"4371\">https:\/\/sentrimax.com\/centrifuge-repair\/<\/a>.<\/p>\n<hr data-start=\"4374\" data-end=\"4377\" \/>\n<h2 data-start=\"4379\" data-end=\"4430\">Servicio de campo y respuesta r\u00e1pida en Dakota del Norte<\/h2>\n<p data-start=\"4432\" data-end=\"4767\">Las fallas en las centr\u00edfugas de los yacimientos petrol\u00edferos pueden interrumpir r\u00e1pidamente los programas de perforaci\u00f3n, el procesamiento de residuos y las operaciones de reciclaje de agua. Sentrimax ofrece soluciones de respuesta r\u00e1pida. <strong data-start=\"4579\" data-end=\"4596\">servicio de campo<\/strong> a lo largo de <strong data-start=\"4608\" data-end=\"4655\">Williston y la regi\u00f3n circundante de Bakken<\/strong>, desplegando t\u00e9cnicos capacitados con herramientas de diagn\u00f3stico y procedimientos orientados a la seguridad directamente en los sitios del cliente.<\/p>\n<p data-start=\"4769\" data-end=\"4817\">El servicio de campo in situ ofrece varias ventajas:<\/p>\n<ul data-start=\"4818\" data-end=\"5042\">\n<li data-start=\"4818\" data-end=\"4864\">\n<p data-start=\"4820\" data-end=\"4864\">Evaluaci\u00f3n en condiciones reales de operaci\u00f3n<\/p>\n<\/li>\n<li data-start=\"4865\" data-end=\"4925\">\n<p data-start=\"4867\" data-end=\"4925\">Implementaci\u00f3n inmediata de acciones correctivas cuando sea seguro<\/p>\n<\/li>\n<li data-start=\"4926\" data-end=\"4972\">\n<p data-start=\"4928\" data-end=\"4972\">Reducci\u00f3n de la necesidad de transporte de equipos pesados<\/p>\n<\/li>\n<li data-start=\"4973\" data-end=\"5042\">\n<p data-start=\"4975\" data-end=\"5042\">Colaboraci\u00f3n con equipos de operadores para alinear el servicio con los horarios<\/p>\n<\/li>\n<\/ul>\n<p data-start=\"5044\" data-end=\"5197\">Los t\u00e9cnicos de campo ayudan a minimizar el tiempo de inactividad, estabilizar las operaciones y coordinar el trabajo de seguimiento o el reemplazo de piezas para respaldar intervalos operativos m\u00e1s prolongados.<\/p>\n<hr data-start=\"5199\" data-end=\"5202\" \/>\n<h2 data-start=\"5204\" data-end=\"5248\">Reparaciones de precisi\u00f3n con piezas de alta calidad<\/h2>\n<p data-start=\"5250\" data-end=\"5420\">El \u00e9xito de una reparaci\u00f3n depende en gran medida de la calidad de los componentes de repuesto. Sentrimax suministra piezas de calidad OEM y equivalentes para centr\u00edfugas de yacimientos petrol\u00edferos, entre ellas:<\/p>\n<ul data-start=\"5421\" data-end=\"5644\">\n<li data-start=\"5421\" data-end=\"5456\">\n<p data-start=\"5423\" data-end=\"5456\">Cojinetes y conjuntos de cojinetes<\/p>\n<\/li>\n<li data-start=\"5457\" data-end=\"5478\">\n<p data-start=\"5459\" data-end=\"5478\">Sellos y juntas<\/p>\n<\/li>\n<li data-start=\"5479\" data-end=\"5514\">\n<p data-start=\"5481\" data-end=\"5514\">Revestimientos de desgaste y elementos de desplazamiento<\/p>\n<\/li>\n<li data-start=\"5515\" data-end=\"5567\">\n<p data-start=\"5517\" data-end=\"5567\">Componentes de la caja de cambios y piezas de transmisi\u00f3n de par<\/p>\n<\/li>\n<li data-start=\"5568\" data-end=\"5606\">\n<p data-start=\"5570\" data-end=\"5606\">Conjuntos de cuenco, cubo y giratorios<\/p>\n<\/li>\n<li data-start=\"5607\" data-end=\"5644\">\n<p data-start=\"5609\" data-end=\"5644\">Kits de sujetadores y herrajes de servicio<\/p>\n<\/li>\n<\/ul>\n<p data-start=\"5646\" data-end=\"5916\">Cada pieza se inspecciona para garantizar su precisi\u00f3n dimensional, integridad del material y compatibilidad antes de su instalaci\u00f3n, a fin de garantizar un rendimiento confiable en las exigentes condiciones del campo petrol\u00edfero. Los componentes de alta calidad ayudan a reducir la vibraci\u00f3n, mejorar el equilibrio y prolongar los intervalos de servicio.<\/p>\n<p data-start=\"5918\" data-end=\"6026\">Para obtener informaci\u00f3n detallada sobre los componentes de reemplazo disponibles, visite <a class=\"decorated-link cursor-pointer\" target=\"_new\" rel=\"noopener\" data-start=\"5986\" data-end=\"6025\">https:\/\/sentrimax.com\/centrifuge-parts\/<\/a>.<\/p>\n<hr data-start=\"6028\" data-end=\"6031\" \/>\n<h2 data-start=\"6033\" data-end=\"6080\">Servicios de reconstrucci\u00f3n completos para restaurar el rendimiento<\/h2>\n<p data-start=\"6082\" data-end=\"6357\">Para centr\u00edfugas con un gran desgaste o degradaci\u00f3n relacionada con la edad, Sentrimax ofrece un completo <strong data-start=\"6172\" data-end=\"6192\">servicios de reconstrucci\u00f3n<\/strong> Que restauran el equipo a un estado casi nuevo. Una reconstrucci\u00f3n profesional puede prolongar significativamente su vida \u00fatil y mejorar el equilibrio mec\u00e1nico y la eficiencia de separaci\u00f3n.<\/p>\n<p data-start=\"6359\" data-end=\"6394\">Los proyectos de reconstrucci\u00f3n generalmente incluyen:<\/p>\n<ul data-start=\"6395\" data-end=\"6670\">\n<li data-start=\"6395\" data-end=\"6428\">\n<p data-start=\"6397\" data-end=\"6428\">Desmontaje completo y limpieza<\/p>\n<\/li>\n<li data-start=\"6429\" data-end=\"6482\">\n<p data-start=\"6431\" data-end=\"6482\">Inspecci\u00f3n y restauraci\u00f3n de tolerancias cr\u00edticas<\/p>\n<\/li>\n<li data-start=\"6483\" data-end=\"6529\">\n<p data-start=\"6485\" data-end=\"6529\">Sustituci\u00f3n de componentes desgastados o degradados<\/p>\n<\/li>\n<li data-start=\"6530\" data-end=\"6573\">\n<p data-start=\"6532\" data-end=\"6573\">Mecanizado de precisi\u00f3n para ajuste y equilibrio.<\/p>\n<\/li>\n<li data-start=\"6574\" data-end=\"6616\">\n<p data-start=\"6576\" data-end=\"6616\">Equilibrado din\u00e1mico de elementos rotatorios<\/p>\n<\/li>\n<li data-start=\"6617\" data-end=\"6670\">\n<p data-start=\"6619\" data-end=\"6670\">Reensamblaje y validaci\u00f3n integral del rendimiento<\/p>\n<\/li>\n<\/ul>\n<p data-start=\"6672\" data-end=\"6822\">Las reconstrucciones se programan en consulta con los equipos de las instalaciones para alinearse con los tiempos de inactividad planificados, minimizando el impacto en la producci\u00f3n y maximizando el valor de los activos.<\/p>\n<hr data-start=\"6824\" data-end=\"6827\" \/>\n<h2 data-start=\"6829\" data-end=\"6873\">Mantenimiento preventivo para maximizar el tiempo de actividad<\/h2>\n<p data-start=\"6875\" data-end=\"7229\">Las reparaciones reactivas son costosas en cuanto a piezas, mano de obra y p\u00e9rdida de tiempo de producci\u00f3n. El mantenimiento preventivo ayuda a los operadores a identificar patrones de desgaste emergentes y a programar el servicio antes de que se produzcan fallas. Sentrimax colabora con las instalaciones de Williston para desarrollar programas de mantenimiento preventivo adaptados a las centr\u00edfugas de yacimientos petrol\u00edferos y a las condiciones de operaci\u00f3n. Los servicios pueden incluir:<\/p>\n<ul data-start=\"7231\" data-end=\"7550\">\n<li data-start=\"7231\" data-end=\"7288\">\n<p data-start=\"7233\" data-end=\"7288\">Inspecciones mec\u00e1nicas de rutina y seguimiento del estado<\/p>\n<\/li>\n<li data-start=\"7289\" data-end=\"7332\">\n<p data-start=\"7291\" data-end=\"7332\">An\u00e1lisis de vibraciones y seguimiento de tendencias<\/p>\n<\/li>\n<li data-start=\"7333\" data-end=\"7386\">\n<p data-start=\"7335\" data-end=\"7386\">Muestreo de aceite y evaluaci\u00f3n del estado de lubricaci\u00f3n<\/p>\n<\/li>\n<li data-start=\"7387\" data-end=\"7446\">\n<p data-start=\"7389\" data-end=\"7446\">Medici\u00f3n del desgaste en cojinetes, volutas y sellos<\/p>\n<\/li>\n<li data-start=\"7447\" data-end=\"7496\">\n<p data-start=\"7449\" data-end=\"7496\">Reemplazo programado de componentes de alto desgaste<\/p>\n<\/li>\n<li data-start=\"7497\" data-end=\"7550\">\n<p data-start=\"7499\" data-end=\"7550\">Comprobaciones de alineaci\u00f3n y verificaci\u00f3n del equilibrio din\u00e1mico<\/p>\n<\/li>\n<\/ul>\n<p data-start=\"7552\" data-end=\"7722\">Al planificar el mantenimiento en funci\u00f3n de datos operativos en lugar de fallas, las instalaciones pueden mejorar el tiempo de actividad, reducir las reparaciones de emergencia y optimizar los presupuestos de mantenimiento a lo largo del tiempo.<\/p>\n<hr data-start=\"7724\" data-end=\"7727\" \/>\n<h2 data-start=\"7729\" data-end=\"7776\">Apoyo al cumplimiento ambiental en los campos petrol\u00edferos<\/h2>\n<p data-start=\"7778\" data-end=\"8400\">Las centr\u00edfugas para yacimientos petrol\u00edferos contribuyen a los objetivos ambientales al reducir el volumen de residuos, mejorar el manejo de s\u00f3lidos y optimizar la calidad del agua producida para su reutilizaci\u00f3n o descarga. El rendimiento eficaz de las centr\u00edfugas contribuye al cumplimiento de las directrices ambientales regionales e industriales, como las detalladas por <strong data-start=\"8078\" data-end=\"8112\">Regulador de Energ\u00eda de Alberta (AER)<\/strong> y el <strong data-start=\"8121\" data-end=\"8181\">Departamento de Calidad Ambiental de Dakota del Norte (NDDEQ)<\/strong>, que supervisan las pr\u00e1cticas de gesti\u00f3n de residuos en las operaciones de petr\u00f3leo y gas. Para un contexto m\u00e1s amplio de cumplimiento ambiental, los operadores tambi\u00e9n pueden consultar... <strong data-start=\"8324\" data-end=\"8370\">Agencia de Protecci\u00f3n Ambiental de los Estados Unidos (EPA)<\/strong> en <a class=\"decorated-link cursor-pointer\" target=\"_new\" rel=\"noopener\" data-start=\"8374\" data-end=\"8399\">https:\/\/www.epa.gov\/water<\/a>.<\/p>\n<p data-start=\"8402\" data-end=\"8698\">Las mejores pr\u00e1cticas de la industria y los recursos t\u00e9cnicos para la gesti\u00f3n de s\u00f3lidos y el tratamiento de aguas residuales est\u00e1n disponibles en <strong data-start=\"8520\" data-end=\"8558\">Federaci\u00f3n del Medio Ambiente del Agua (FEM)<\/strong> en <a class=\"decorated-link\" href=\"https:\/\/www.wef.org\/\" target=\"_new\" rel=\"noopener\" data-start=\"8562\" data-end=\"8582\">https:\/\/www.wef.org\/<\/a>. Estos recursos ofrecen informaci\u00f3n valiosa sobre las expectativas del proceso que a menudo se cruzan con el rendimiento de la centr\u00edfuga.<\/p>\n<hr data-start=\"8700\" data-end=\"8703\" \/>\n<h2 data-start=\"8705\" data-end=\"8749\">Por qu\u00e9 Williston Facilities elige Sentrimax<\/h2>\n<p data-start=\"8751\" data-end=\"9104\">Los operadores de yacimientos petrol\u00edferos de Williston eligen Sentrimax para la reparaci\u00f3n de centr\u00edfugas por su experiencia t\u00e9cnica, su capacidad de respuesta en campo y su compromiso con la calidad. Los t\u00e9cnicos de Sentrimax combinan su experiencia mec\u00e1nica con la pr\u00e1ctica en campo, ayudando a las instalaciones a diagnosticar problemas complejos, implementar reparaciones espec\u00edficas y proteger activos cr\u00edticos.<\/p>\n<p data-start=\"9106\" data-end=\"9484\">La comunicaci\u00f3n clara y la documentaci\u00f3n exhaustiva son caracter\u00edsticas clave de cada intervenci\u00f3n de servicio. Las instalaciones reciben informes de servicio detallados que resumen los hallazgos del diagn\u00f3stico, las medidas correctivas adoptadas, los componentes reemplazados y las recomendaciones para la planificaci\u00f3n del mantenimiento futuro. Esta informaci\u00f3n ayuda a los equipos de operaciones a tomar decisiones informadas y a perfeccionar las estrategias de confiabilidad a largo plazo.<\/p>\n<p data-start=\"9486\" data-end=\"9584\">Para obtener soporte adicional para la industria y los procesos, explore <a class=\"decorated-link cursor-pointer\" target=\"_new\" rel=\"noopener\" data-start=\"9539\" data-end=\"9583\">https:\/\/sentrimax.com\/industries\/wastewater\/<\/a>.<\/p>\n<hr data-start=\"9586\" data-end=\"9589\" \/>\n<h2 data-start=\"9591\" data-end=\"9639\">Soporte integral desde la evaluaci\u00f3n hasta la puesta en marcha<\/h2>\n<p data-start=\"9641\" data-end=\"9705\">El modelo de servicio de Sentrimax se extiende m\u00e1s all\u00e1 del trabajo de reparaci\u00f3n para incluir:<\/p>\n<ul data-start=\"9706\" data-end=\"9943\">\n<li data-start=\"9706\" data-end=\"9757\">\n<p data-start=\"9708\" data-end=\"9757\">Coordinaci\u00f3n de aparejos y movilizaci\u00f3n de equipos<\/p>\n<\/li>\n<li data-start=\"9758\" data-end=\"9810\">\n<p data-start=\"9760\" data-end=\"9810\">Alineaci\u00f3n de precisi\u00f3n y verificaci\u00f3n dimensional<\/p>\n<\/li>\n<li data-start=\"9811\" data-end=\"9860\">\n<p data-start=\"9813\" data-end=\"9860\">Soporte para reinstalaci\u00f3n y calibraci\u00f3n del sistema<\/p>\n<\/li>\n<li data-start=\"9861\" data-end=\"9906\">\n<p data-start=\"9863\" data-end=\"9906\">Asistencia en la puesta en marcha y puesta a punto operativa<\/p>\n<\/li>\n<li data-start=\"9907\" data-end=\"9943\">\n<p data-start=\"9909\" data-end=\"9943\">Evaluaci\u00f3n del desempe\u00f1o posterior a la reparaci\u00f3n<\/p>\n<\/li>\n<\/ul>\n<p data-start=\"9945\" data-end=\"10095\">Este enfoque de extremo a extremo garantiza que las centr\u00edfugas de yacimientos petrol\u00edferos reparadas vuelvan a funcionar de manera confiable, eficiente y dentro de las expectativas de dise\u00f1o.<\/p>\n<hr data-start=\"10097\" data-end=\"10100\" \/>\n<h2 data-start=\"10102\" data-end=\"10158\">Mejora continua mediante el monitoreo del desempe\u00f1o<\/h2>\n<p data-start=\"10160\" data-end=\"10505\">La confiabilidad a largo plazo depende de un mantenimiento estructurado y la monitorizaci\u00f3n del rendimiento. Sentrimax ayuda a las instalaciones a monitorear indicadores clave de rendimiento, como perfiles de vibraci\u00f3n, datos de torque y tendencias de desgaste, a lo largo del tiempo. Esta estrategia basada en datos ayuda a anticipar las necesidades de servicio, optimizar la planificaci\u00f3n del mantenimiento y reducir el costo total de propiedad.<\/p>\n<hr data-start=\"10507\" data-end=\"10510\" \/>\n<h2 data-start=\"10512\" data-end=\"10565\">Solicitar reparaci\u00f3n de centr\u00edfuga petrol\u00edfera en Williston, ND<\/h2>\n<p data-start=\"10567\" data-end=\"10939\">Cuando se necesita una reparaci\u00f3n experta de centr\u00edfugas en yacimientos petrol\u00edferos <strong data-start=\"10619\" data-end=\"10636\">Williston, Dakota del Norte<\/strong>, Las instalaciones conf\u00edan en Sentrimax para obtener experiencia confiable, soporte t\u00e9cnico r\u00e1pido y resultados profesionales. Ya sea para solucionar fallas urgentes, planificar mantenimiento preventivo o realizar reconstrucciones completas, Sentrimax ofrece soluciones dise\u00f1adas para mantener sus centr\u00edfugas funcionando de manera confiable y eficiente.<\/p>\n<p data-start=\"10941\" data-end=\"10995\"><strong data-start=\"10941\" data-end=\"10995\"><a class=\"decorated-link\" href=\"https:\/\/sentrimax.com\/es\/contact\/\" target=\"_new\" rel=\"noopener\" data-start=\"10943\" data-end=\"10993\">\u00a1Solicita una cotizaci\u00f3n!<\/a><\/strong><\/p>","protected":false},"excerpt":{"rendered":"<p>Sentrimax offers professional oilfield centrifuge repair services for exploration, drilling waste management, and produced water systems throughout Williston, North Dakota. In the oilpatch, centrifuges are crucial for effective solids-liquid separation, helping reduce environmental waste, recover valuable fluids, and support disposal or recycling processes. When oilfield centrifuges experience vibration, bearing wear, seal failure, gearbox issues, or [&hellip;]<\/p>\n","protected":false},"author":3,"featured_media":0,"parent":0,"menu_order":0,"comment_status":"closed","ping_status":"closed","template":"seo-page-template.php","meta":{"_acf_changed":false,"inline_featured_image":false,"footnotes":""},"class_list":["post-2334","page","type-page","status-publish","hentry"],"acf":[],"_links":{"self":[{"href":"https:\/\/sentrimax.com\/es\/wp-json\/wp\/v2\/pages\/2334","targetHints":{"allow":["GET"]}}],"collection":[{"href":"https:\/\/sentrimax.com\/es\/wp-json\/wp\/v2\/pages"}],"about":[{"href":"https:\/\/sentrimax.com\/es\/wp-json\/wp\/v2\/types\/page"}],"author":[{"embeddable":true,"href":"https:\/\/sentrimax.com\/es\/wp-json\/wp\/v2\/users\/3"}],"replies":[{"embeddable":true,"href":"https:\/\/sentrimax.com\/es\/wp-json\/wp\/v2\/comments?post=2334"}],"version-history":[{"count":1,"href":"https:\/\/sentrimax.com\/es\/wp-json\/wp\/v2\/pages\/2334\/revisions"}],"predecessor-version":[{"id":2493,"href":"https:\/\/sentrimax.com\/es\/wp-json\/wp\/v2\/pages\/2334\/revisions\/2493"}],"wp:attachment":[{"href":"https:\/\/sentrimax.com\/es\/wp-json\/wp\/v2\/media?parent=2334"}],"curies":[{"name":"wp","href":"https:\/\/api.w.org\/{rel}","templated":true}]}}