{"id":2336,"date":"2026-01-07T17:57:31","date_gmt":"2026-01-07T17:57:31","guid":{"rendered":"https:\/\/sentrimax.com\/?page_id=2336"},"modified":"2026-04-21T21:13:37","modified_gmt":"2026-04-21T21:13:37","slug":"drilling-centrifuge-repair-in-fort-mcmurray-ab","status":"publish","type":"page","link":"https:\/\/sentrimax.com\/es\/drilling-centrifuge-repair-in-fort-mcmurray-ab\/","title":{"rendered":"Reparaci\u00f3n de centr\u00edfugas de perforaci\u00f3n en Fort McMurray, Alberta"},"content":{"rendered":"<p data-start=\"468\" data-end=\"907\"><img fetchpriority=\"high\" decoding=\"async\" class=\"aligncenter size-full wp-image-1190\" src=\"https:\/\/sentrimax.com\/wp-content\/uploads\/2025\/06\/image-1.jpg\" alt=\"\" width=\"1440\" height=\"694\" srcset=\"https:\/\/sentrimax.com\/wp-content\/uploads\/2025\/06\/image-1.jpg 1440w, https:\/\/sentrimax.com\/wp-content\/uploads\/2025\/06\/image-1-600x289.jpg 600w, https:\/\/sentrimax.com\/wp-content\/uploads\/2025\/06\/image-1-300x145.jpg 300w, https:\/\/sentrimax.com\/wp-content\/uploads\/2025\/06\/image-1-1024x494.jpg 1024w, https:\/\/sentrimax.com\/wp-content\/uploads\/2025\/06\/image-1-768x370.jpg 768w\" sizes=\"(max-width: 1440px) 100vw, 1440px\" \/><\/p>\n<p data-start=\"468\" data-end=\"907\">Sentrimax ofrece servicios profesionales <strong data-start=\"500\" data-end=\"550\">Reparaci\u00f3n de centr\u00edfugas de perforaci\u00f3n en Fort McMurray, Alberta<\/strong>, respaldando operaciones de perforaci\u00f3n y yacimientos petrol\u00edferos que dependen de sistemas confiables de control de s\u00f3lidos y separaci\u00f3n de fluidos. Con d\u00e9cadas de experiencia en el mantenimiento de centr\u00edfugas industriales en Norteam\u00e9rica, Sentrimax ofrece soluciones de reparaci\u00f3n r\u00e1pidas dise\u00f1adas para restaurar el rendimiento, minimizar el tiempo de inactividad y prolongar la vida \u00fatil de los equipos en entornos de perforaci\u00f3n exigentes.<\/p>\n<p data-start=\"909\" data-end=\"1338\">Las centr\u00edfugas de perforaci\u00f3n desempe\u00f1an un papel fundamental en las operaciones de petr\u00f3leo y gas, ya que eliminan los s\u00f3lidos finos de los fluidos de perforaci\u00f3n, reducen el volumen de residuos y mejoran la eficiencia general de la perforaci\u00f3n. Cuando las centr\u00edfugas experimentan fallas mec\u00e1nicas, problemas de vibraci\u00f3n o p\u00e9rdida de rendimiento, las operaciones de perforaci\u00f3n pueden ralentizarse considerablemente o detenerse. Sentrimax ofrece servicios de reparaci\u00f3n confiables para que los proyectos de perforaci\u00f3n se mantengan dentro del plazo y el presupuesto.<\/p>\n<hr data-start=\"1340\" data-end=\"1343\" \/>\n<h2 data-start=\"1345\" data-end=\"1404\"><strong data-start=\"1348\" data-end=\"1404\">Servicios de reparaci\u00f3n especializados para centr\u00edfugas de perforaci\u00f3n<\/strong><\/h2>\n<p data-start=\"1406\" data-end=\"1822\">Las centr\u00edfugas de perforaci\u00f3n operan en condiciones extremas, incluyendo operaci\u00f3n continua, s\u00f3lidos abrasivos, temperaturas fluctuantes y altas velocidades de rotaci\u00f3n. Estas condiciones someten a un estr\u00e9s considerable a componentes internos como rodamientos, cajas de engranajes, sellos y conjuntos rotatorios. Sentrimax se especializa en el diagn\u00f3stico y la reparaci\u00f3n de problemas en centr\u00edfugas causados por desgaste, desequilibrio, desalineaci\u00f3n y fatiga mec\u00e1nica.<\/p>\n<p data-start=\"1824\" data-end=\"2110\">Los servicios de reparaci\u00f3n de centr\u00edfugas de perforaci\u00f3n incluyen inspecci\u00f3n mec\u00e1nica, desmontaje, sustituci\u00f3n de componentes, reensamblaje y pruebas de rendimiento. Cada reparaci\u00f3n se realiza con precisi\u00f3n y atenci\u00f3n al detalle para garantizar que la centr\u00edfuga vuelva a funcionar de forma segura y eficiente.<\/p>\n<p data-start=\"2112\" data-end=\"2424\">Las centr\u00edfugas se basan en la fuerza centr\u00edfuga para separar los s\u00f3lidos de los fluidos de perforaci\u00f3n, lo que hace que el equilibrio y la integridad de los componentes sean esenciales. Incluso peque\u00f1os problemas mec\u00e1nicos pueden provocar vibraciones, una reducci\u00f3n en la eficiencia de separaci\u00f3n o una falla catastr\u00f3fica. Una reparaci\u00f3n adecuada restaura tanto la estabilidad mec\u00e1nica como el rendimiento del proceso.<\/p>\n<hr data-start=\"2426\" data-end=\"2429\" \/>\n<h2 data-start=\"2431\" data-end=\"2481\"><strong data-start=\"2434\" data-end=\"2481\">Problemas comunes de las centr\u00edfugas de perforaci\u00f3n abordados<\/strong><\/h2>\n<p data-start=\"2483\" data-end=\"2634\">Los t\u00e9cnicos de reparaci\u00f3n de Sentrimax tienen experiencia en la resoluci\u00f3n de una amplia gama de problemas de centr\u00edfugas que se encuentran com\u00fanmente en aplicaciones de perforaci\u00f3n, incluidos:<\/p>\n<ul data-start=\"2636\" data-end=\"2868\">\n<li data-start=\"2636\" data-end=\"2668\">\n<p data-start=\"2638\" data-end=\"2668\">Vibraci\u00f3n o ruido excesivo<\/p>\n<\/li>\n<li data-start=\"2669\" data-end=\"2709\">\n<p data-start=\"2671\" data-end=\"2709\">Eficiencia reducida de separaci\u00f3n de s\u00f3lidos<\/p>\n<\/li>\n<li data-start=\"2710\" data-end=\"2741\">\n<p data-start=\"2712\" data-end=\"2741\">Fallas en cojinetes o cajas de cambios<\/p>\n<\/li>\n<li data-start=\"2742\" data-end=\"2779\">\n<p data-start=\"2744\" data-end=\"2779\">Fugas de sellos y problemas de lubricaci\u00f3n<\/p>\n<\/li>\n<li data-start=\"2780\" data-end=\"2814\">\n<p data-start=\"2782\" data-end=\"2814\">Problemas en el sistema de transmisi\u00f3n o en el motor<\/p>\n<\/li>\n<li data-start=\"2815\" data-end=\"2868\">\n<p data-start=\"2817\" data-end=\"2868\">Desgaste estructural o fatiga en conjuntos rotatorios<\/p>\n<\/li>\n<\/ul>\n<p data-start=\"2870\" data-end=\"3093\">Mediante inspecciones detalladas y an\u00e1lisis de causa ra\u00edz, Sentrimax identifica problemas subyacentes en lugar de simplemente abordar s\u00edntomas superficiales. Este enfoque ayuda a prevenir fallas recurrentes y mejora la confiabilidad a largo plazo.<\/p>\n<hr data-start=\"3095\" data-end=\"3098\" \/>\n<h2 data-start=\"3100\" data-end=\"3149\"><strong data-start=\"3103\" data-end=\"3149\">Por qu\u00e9 es importante la reparaci\u00f3n profesional de centr\u00edfugas<\/strong><\/h2>\n<p data-start=\"3151\" data-end=\"3310\">La reparaci\u00f3n oportuna y profesional de las centr\u00edfugas de perforaci\u00f3n impacta directamente la eficiencia, la seguridad y los costos operativos de la perforaci\u00f3n. Los servicios de reparaci\u00f3n de Sentrimax ayudan a los operadores a:<\/p>\n<ul data-start=\"3312\" data-end=\"3532\">\n<li data-start=\"3312\" data-end=\"3363\">\n<p data-start=\"3314\" data-end=\"3363\">Reducir el tiempo de inactividad no planificado y los retrasos en la producci\u00f3n<\/p>\n<\/li>\n<li data-start=\"3364\" data-end=\"3410\">\n<p data-start=\"3366\" data-end=\"3410\">Mantener una calidad constante del fluido de perforaci\u00f3n<\/p>\n<\/li>\n<li data-start=\"3411\" data-end=\"3445\">\n<p data-start=\"3413\" data-end=\"3445\">Prolongar la vida \u00fatil de la centr\u00edfuga<\/p>\n<\/li>\n<li data-start=\"3446\" data-end=\"3485\">\n<p data-start=\"3448\" data-end=\"3485\">Evite reemplazos de emergencia costosos<\/p>\n<\/li>\n<li data-start=\"3486\" data-end=\"3532\">\n<p data-start=\"3488\" data-end=\"3532\">Mejorar el rendimiento general del control de s\u00f3lidos<\/p>\n<\/li>\n<\/ul>\n<p data-start=\"3534\" data-end=\"3770\">Intentar soluciones temporales o retrasar las reparaciones suele provocar mayores da\u00f1os y mayores costos. Sentrimax aplica metodolog\u00edas de reparaci\u00f3n probadas y procesos de control de calidad para garantizar que cada reparaci\u00f3n de centr\u00edfuga cumpla con las exigencias operativas.<\/p>\n<hr data-start=\"3772\" data-end=\"3775\" \/>\n<h2 data-start=\"3777\" data-end=\"3813\"><strong data-start=\"3780\" data-end=\"3813\">Capacidades de reparaci\u00f3n de Sentrimax<\/strong><\/h2>\n<p data-start=\"3815\" data-end=\"3971\">Sentrimax ofrece servicios integrales de reparaci\u00f3n de centr\u00edfugas de perforaci\u00f3n, con el respaldo de nuestra experiencia en ingenier\u00eda y sistemas de calidad certificados. Nuestras capacidades incluyen:<\/p>\n<ul data-start=\"3973\" data-end=\"4242\">\n<li data-start=\"3973\" data-end=\"4020\">\n<p data-start=\"3975\" data-end=\"4020\">Desmontaje e inspecci\u00f3n completos de la centr\u00edfuga<\/p>\n<\/li>\n<li data-start=\"4021\" data-end=\"4075\">\n<p data-start=\"4023\" data-end=\"4075\">Reparaci\u00f3n de precisi\u00f3n o sustituci\u00f3n de componentes desgastados<\/p>\n<\/li>\n<li data-start=\"4076\" data-end=\"4114\">\n<p data-start=\"4078\" data-end=\"4114\">Servicio de cojinetes, sellos y cajas de engranajes<\/p>\n<\/li>\n<li data-start=\"4115\" data-end=\"4153\">\n<p data-start=\"4117\" data-end=\"4153\">Diagn\u00f3stico de sistemas de accionamiento y motores<\/p>\n<\/li>\n<li data-start=\"4154\" data-end=\"4192\">\n<p data-start=\"4156\" data-end=\"4192\">Reequilibrio de conjuntos rotatorios<\/p>\n<\/li>\n<li data-start=\"4193\" data-end=\"4242\">\n<p data-start=\"4195\" data-end=\"4242\">Pruebas funcionales antes de volver al servicio<\/p>\n<\/li>\n<\/ul>\n<p data-start=\"4244\" data-end=\"4431\">Las reparaciones se realizan con componentes OEM o equivalentes para garantizar un ajuste y un rendimiento \u00f3ptimos. Para piezas obsoletas o dif\u00edciles de conseguir, Sentrimax ofrece soluciones de fabricaci\u00f3n a medida.<\/p>\n<p data-start=\"4433\" data-end=\"4529\">Obtenga m\u00e1s informaci\u00f3n sobre las capacidades de reparaci\u00f3n y servicio de centr\u00edfugas en<br data-start=\"4495\" data-end=\"4498\" \/><a class=\"decorated-link\" href=\"https:\/\/sentrimax.com\/es\/services\/?utm_source=chatgpt.com\" target=\"_new\" rel=\"noopener\" data-start=\"4498\" data-end=\"4529\">https:\/\/sentrimax.com\/services\/<\/a><\/p>\n<hr data-start=\"4531\" data-end=\"4534\" \/>\n<h2 data-start=\"4536\" data-end=\"4586\"><strong data-start=\"4539\" data-end=\"4586\">Calidad y experiencia t\u00e9cnica con certificaci\u00f3n ISO<\/strong><\/h2>\n<p data-start=\"4588\" data-end=\"4864\">Sentrimax opera bajo un sistema de gesti\u00f3n de calidad con certificaci\u00f3n ISO 9001:2015, lo que garantiza un trabajo consistente, trazabilidad y procesos de reparaci\u00f3n documentados. Cada reparaci\u00f3n de centr\u00edfugas de perforaci\u00f3n sigue estrictos procedimientos de calidad, desde la evaluaci\u00f3n inicial hasta la inspecci\u00f3n final.<\/p>\n<p data-start=\"4866\" data-end=\"5126\">El soporte de ingenier\u00eda est\u00e1 integrado en el proceso de reparaci\u00f3n, lo que permite a Sentrimax recomendar mejoras de dise\u00f1o, mejoras de materiales o ajustes de mantenimiento que reducen futuras fallas. Este enfoque proactivo aporta valor a largo plazo m\u00e1s all\u00e1 de la reparaci\u00f3n inmediata.<\/p>\n<p data-start=\"5128\" data-end=\"5213\">Obtenga m\u00e1s informaci\u00f3n sobre el proceso de reparaci\u00f3n de Sentrimax en<br data-start=\"5176\" data-end=\"5179\" \/><a class=\"decorated-link\" href=\"https:\/\/sentrimax.com\/es\/our-process\/?utm_source=chatgpt.com\" target=\"_new\" rel=\"noopener\" data-start=\"5179\" data-end=\"5213\">https:\/\/sentrimax.com\/our-process\/<\/a><\/p>\n<hr data-start=\"5215\" data-end=\"5218\" \/>\n<h2 data-start=\"5220\" data-end=\"5274\"><strong data-start=\"5223\" data-end=\"5274\">Apoyo a las operaciones de perforaci\u00f3n de Fort McMurray AB<\/strong><\/h2>\n<p data-start=\"5276\" data-end=\"5549\">Fort McMurray AB es un centro clave para la explotaci\u00f3n de arenas petrol\u00edferas y la actividad de perforaci\u00f3n, donde la fiabilidad de los equipos es esencial para mantener la productividad. Sentrimax apoya las operaciones de perforaci\u00f3n en toda la regi\u00f3n con servicios de reparaci\u00f3n de centr\u00edfugas eficientes y adaptados a las condiciones del yacimiento.<\/p>\n<p data-start=\"5551\" data-end=\"5873\">Con experiencia atendiendo a contratistas de perforaci\u00f3n, productores de energ\u00eda y empresas de servicios en Canad\u00e1 y Estados Unidos, Sentrimax comprende la urgencia de la reparaci\u00f3n de centr\u00edfugas en entornos remotos y de alta demanda. La evaluaci\u00f3n r\u00e1pida, la comunicaci\u00f3n clara y los plazos de entrega confiables ayudan a los operadores a mantener el ritmo.<\/p>\n<p data-start=\"5875\" data-end=\"6017\">Las industrias apoyadas incluyen perforaci\u00f3n, procesamiento de petr\u00f3leo y gas, producci\u00f3n de energ\u00eda y gesti\u00f3n de aguas residuales.<br data-start=\"5981\" data-end=\"5984\" \/><a class=\"decorated-link\" href=\"https:\/\/sentrimax.com\/es\/industries\/?utm_source=chatgpt.com\" target=\"_new\" rel=\"noopener\" data-start=\"5984\" data-end=\"6017\">https:\/\/sentrimax.com\/industries\/<\/a><\/p>\n<hr data-start=\"6019\" data-end=\"6022\" \/>\n<h2 data-start=\"6024\" data-end=\"6073\"><strong data-start=\"6027\" data-end=\"6073\">Mantenimiento preventivo y soporte a largo plazo<\/strong><\/h2>\n<p data-start=\"6075\" data-end=\"6356\">Adem\u00e1s de la reparaci\u00f3n de centr\u00edfugas de perforaci\u00f3n, Sentrimax ofrece servicios de mantenimiento preventivo y soporte durante todo el ciclo de vida, dise\u00f1ados para reducir las fallas inesperadas. Las inspecciones peri\u00f3dicas, el monitoreo de vibraciones y la planificaci\u00f3n del reemplazo de componentes ayudan a las operaciones de perforaci\u00f3n a evitar costosos tiempos de inactividad.<\/p>\n<p data-start=\"6358\" data-end=\"6631\">Sentrimax tambi\u00e9n ofrece revisiones completas de centr\u00edfugas, alquiler de equipos y asesor\u00eda t\u00e9cnica para operaciones que requieren capacidad temporal o una renovaci\u00f3n importante. Estos servicios permiten a los operadores planificar estrat\u00e9gicamente el mantenimiento, manteniendo al mismo tiempo la continuidad operativa.<\/p>\n<p data-start=\"6633\" data-end=\"6754\">Se pueden encontrar conocimientos adicionales de la industria sobre la infraestructura energ\u00e9tica y la confiabilidad de los equipos en<br data-start=\"6728\" data-end=\"6731\" \/><a class=\"decorated-link\" href=\"https:\/\/www.energy.gov\/\" target=\"_new\" rel=\"noopener\" data-start=\"6731\" data-end=\"6754\">https:\/\/www.energy.gov\/<\/a><\/p>\n<hr data-start=\"6756\" data-end=\"6759\" \/>\n<h2 data-start=\"6761\" data-end=\"6816\"><strong data-start=\"6764\" data-end=\"6816\">Un socio de confianza para la reparaci\u00f3n de centr\u00edfugas de perforaci\u00f3n<\/strong><\/h2>\n<p data-start=\"6818\" data-end=\"7140\">Sentrimax combina experiencia t\u00e9cnica, procesos con certificaci\u00f3n ISO y un profundo conocimiento de la industria para brindar un servicio confiable. <strong data-start=\"6931\" data-end=\"6981\">Reparaci\u00f3n de centr\u00edfugas de perforaci\u00f3n en Fort McMurray, Alberta<\/strong>. Cada reparaci\u00f3n se realiza centr\u00e1ndose en la seguridad, el rendimiento y la durabilidad, lo que garantiza que las centr\u00edfugas regresen al servicio listas para las exigentes condiciones de perforaci\u00f3n.<\/p>\n<hr data-start=\"7142\" data-end=\"7145\" \/>\n<h2 data-start=\"7147\" data-end=\"7202\"><strong data-start=\"7150\" data-end=\"7202\">Solicite hoy mismo asistencia para la reparaci\u00f3n de su centr\u00edfuga de perforaci\u00f3n<\/strong><\/h2>\n<p data-start=\"7204\" data-end=\"7419\">Cuando las operaciones de perforaci\u00f3n requieren un control confiable de s\u00f3lidos y el rendimiento de la centr\u00edfuga, Sentrimax est\u00e1 listo para ayudarle. Hable con un t\u00e9cnico experimentado para hablar sobre las necesidades de reparaci\u00f3n, los plazos y los requisitos t\u00e9cnicos.<\/p>\n<p data-start=\"7421\" data-end=\"7475\" data-is-last-node=\"\" data-is-only-node=\"\"><strong data-start=\"7421\" data-end=\"7475\" data-is-last-node=\"\"><a class=\"decorated-link\" href=\"https:\/\/sentrimax.com\/es\/contact\/\" target=\"_new\" rel=\"noopener\" data-start=\"7423\" data-end=\"7473\">\u00a1Solicita una cotizaci\u00f3n!<\/a><\/strong><\/p>","protected":false},"excerpt":{"rendered":"<p>Sentrimax provides professional drilling centrifuge repair in Fort McMurray AB, supporting oilfield and drilling operations that depend on reliable solids control and fluid separation systems. With decades of experience servicing industrial centrifuges across North America, Sentrimax delivers responsive repair solutions designed to restore performance, minimize downtime, and extend equipment life in demanding drilling environments. Drilling [&hellip;]<\/p>\n","protected":false},"author":3,"featured_media":0,"parent":0,"menu_order":0,"comment_status":"closed","ping_status":"closed","template":"seo-page-template.php","meta":{"_acf_changed":false,"inline_featured_image":false,"footnotes":""},"class_list":["post-2336","page","type-page","status-publish","hentry"],"acf":[],"_links":{"self":[{"href":"https:\/\/sentrimax.com\/es\/wp-json\/wp\/v2\/pages\/2336","targetHints":{"allow":["GET"]}}],"collection":[{"href":"https:\/\/sentrimax.com\/es\/wp-json\/wp\/v2\/pages"}],"about":[{"href":"https:\/\/sentrimax.com\/es\/wp-json\/wp\/v2\/types\/page"}],"author":[{"embeddable":true,"href":"https:\/\/sentrimax.com\/es\/wp-json\/wp\/v2\/users\/3"}],"replies":[{"embeddable":true,"href":"https:\/\/sentrimax.com\/es\/wp-json\/wp\/v2\/comments?post=2336"}],"version-history":[{"count":1,"href":"https:\/\/sentrimax.com\/es\/wp-json\/wp\/v2\/pages\/2336\/revisions"}],"predecessor-version":[{"id":2491,"href":"https:\/\/sentrimax.com\/es\/wp-json\/wp\/v2\/pages\/2336\/revisions\/2491"}],"wp:attachment":[{"href":"https:\/\/sentrimax.com\/es\/wp-json\/wp\/v2\/media?parent=2336"}],"curies":[{"name":"wp","href":"https:\/\/api.w.org\/{rel}","templated":true}]}}