{"id":2337,"date":"2026-01-07T17:59:03","date_gmt":"2026-01-07T17:59:03","guid":{"rendered":"https:\/\/sentrimax.com\/?page_id=2337"},"modified":"2026-04-21T21:13:37","modified_gmt":"2026-04-21T21:13:37","slug":"solids-control-centrifuge-service-in-pittsburgh-pa","status":"publish","type":"page","link":"https:\/\/sentrimax.com\/es\/solids-control-centrifuge-service-in-pittsburgh-pa\/","title":{"rendered":"Servicio de centr\u00edfugas de control de s\u00f3lidos en Pittsburgh, PA"},"content":{"rendered":"<p data-start=\"511\" data-end=\"927\"><img fetchpriority=\"high\" decoding=\"async\" class=\"aligncenter size-full wp-image-1032\" src=\"https:\/\/sentrimax.com\/wp-content\/uploads\/2025\/05\/image-12.png\" alt=\"\" width=\"1440\" height=\"504\" srcset=\"https:\/\/sentrimax.com\/wp-content\/uploads\/2025\/05\/image-12.png 1440w, https:\/\/sentrimax.com\/wp-content\/uploads\/2025\/05\/image-12-600x210.png 600w, https:\/\/sentrimax.com\/wp-content\/uploads\/2025\/05\/image-12-300x105.png 300w, https:\/\/sentrimax.com\/wp-content\/uploads\/2025\/05\/image-12-1024x358.png 1024w, https:\/\/sentrimax.com\/wp-content\/uploads\/2025\/05\/image-12-768x269.png 768w\" sizes=\"(max-width: 1440px) 100vw, 1440px\" \/><\/p>\n<p data-start=\"511\" data-end=\"927\">Sentrimax ofrece servicios profesionales <strong data-start=\"543\" data-end=\"597\">Servicio de centr\u00edfuga de control de s\u00f3lidos en Pittsburgh, PA<\/strong>, respaldando operaciones industriales y energ\u00e9ticas que dependen de la separaci\u00f3n eficiente de s\u00f3lidos y l\u00edquidos. Con d\u00e9cadas de experiencia en el mantenimiento de sistemas de centr\u00edfugas industriales en Norteam\u00e9rica, Sentrimax ayuda a las instalaciones a mantener el rendimiento, reducir el tiempo de inactividad y prolongar la vida \u00fatil de los equipos mediante servicio y soporte t\u00e9cnico especializados.<\/p>\n<p data-start=\"929\" data-end=\"1329\">Las centr\u00edfugas de control de s\u00f3lidos son esenciales en aplicaciones como las operaciones de petr\u00f3leo y gas, el tratamiento de aguas residuales industriales y el procesamiento de lodos. Estos sistemas operan bajo carga continua y en condiciones rigurosas, lo que hace que el servicio rutinario y el mantenimiento oportuno sean cruciales. Sentrimax ofrece soluciones integrales de servicio para centr\u00edfugas dise\u00f1adas para mantener los sistemas de control de s\u00f3lidos funcionando de forma segura y eficiente.<\/p>\n<hr data-start=\"1331\" data-end=\"1334\" \/>\n<h2 data-start=\"1336\" data-end=\"1391\"><strong data-start=\"1339\" data-end=\"1391\">Servicios integrales de centr\u00edfugas para el control de s\u00f3lidos<\/strong><\/h2>\n<p data-start=\"1393\" data-end=\"1784\">Las centr\u00edfugas de control de s\u00f3lidos utilizan la fuerza centr\u00edfuga para separar los s\u00f3lidos finos de los l\u00edquidos, lo que produce fluidos m\u00e1s limpios y reduce el volumen de residuos. Con el tiempo, el desgaste de componentes internos como cojinetes, sellos y conjuntos rotatorios puede reducir la eficiencia y provocar problemas mec\u00e1nicos. Sentrimax ofrece soporte integral para abordar estos desaf\u00edos antes de que afecten las operaciones.<\/p>\n<p data-start=\"1786\" data-end=\"2031\">Los servicios de centr\u00edfuga disponibles incluyen inspecci\u00f3n, mantenimiento, resoluci\u00f3n de problemas, reparaci\u00f3n y optimizaci\u00f3n del sistema. Cada servicio se adapta al modelo espec\u00edfico de centr\u00edfuga, las condiciones de operaci\u00f3n y los requisitos del proceso para garantizar resultados \u00f3ptimos.<\/p>\n<p data-start=\"2033\" data-end=\"2143\">Puede encontrar m\u00e1s informaci\u00f3n sobre c\u00f3mo funcionan las centr\u00edfugas en<br data-start=\"2092\" data-end=\"2095\" \/><a class=\"decorated-link\" href=\"https:\/\/www.britannica.com\/technology\/centrifuge\" target=\"_new\" rel=\"noopener\" data-start=\"2095\" data-end=\"2143\">https:\/\/www.britannica.com\/technology\/centrifuge<\/a><\/p>\n<hr data-start=\"2145\" data-end=\"2148\" \/>\n<h2 data-start=\"2150\" data-end=\"2199\"><strong data-start=\"2153\" data-end=\"2199\">Por qu\u00e9 es fundamental el mantenimiento rutinario de la centr\u00edfuga<\/strong><\/h2>\n<p data-start=\"2201\" data-end=\"2401\">El mantenimiento regular de las centr\u00edfugas de control de s\u00f3lidos es fundamental para mantener un rendimiento de separaci\u00f3n constante y prevenir fallos inesperados. El servicio profesional de Sentrimax ayuda a los operadores a:<\/p>\n<ul data-start=\"2403\" data-end=\"2610\">\n<li data-start=\"2403\" data-end=\"2432\">\n<p data-start=\"2405\" data-end=\"2432\">Reducir el tiempo de inactividad no planificado<\/p>\n<\/li>\n<li data-start=\"2433\" data-end=\"2485\">\n<p data-start=\"2435\" data-end=\"2485\">Mantener una eficiencia de separaci\u00f3n de s\u00f3lidos constante<\/p>\n<\/li>\n<li data-start=\"2486\" data-end=\"2537\">\n<p data-start=\"2488\" data-end=\"2537\">Prevenir la vibraci\u00f3n excesiva y el desgaste mec\u00e1nico<\/p>\n<\/li>\n<li data-start=\"2538\" data-end=\"2572\">\n<p data-start=\"2540\" data-end=\"2572\">Prolongar la vida \u00fatil de la centr\u00edfuga<\/p>\n<\/li>\n<li data-start=\"2573\" data-end=\"2610\">\n<p data-start=\"2575\" data-end=\"2610\">Menores costos de mantenimiento a largo plazo<\/p>\n<\/li>\n<\/ul>\n<p data-start=\"2612\" data-end=\"2863\">Descuidar el mantenimiento rutinario puede resultar en una disminuci\u00f3n del rendimiento, un mayor consumo de energ\u00eda y costosas reparaciones de emergencia. Sentrimax aplica procedimientos de servicio y controles de calidad comprobados para mantener los sistemas de centr\u00edfugas funcionando dentro de par\u00e1metros \u00f3ptimos.<\/p>\n<hr data-start=\"2865\" data-end=\"2868\" \/>\n<h2 data-start=\"2870\" data-end=\"2907\"><strong data-start=\"2873\" data-end=\"2907\">Capacidades de servicio de Sentrimax<\/strong><\/h2>\n<p data-start=\"2909\" data-end=\"3066\">Sentrimax ofrece un servicio integral de control de s\u00f3lidos para centr\u00edfugas, con el respaldo de t\u00e9cnicos experimentados y experiencia en ingenier\u00eda. Las capacidades de servicio incluyen:<\/p>\n<ul data-start=\"3068\" data-end=\"3321\">\n<li data-start=\"3068\" data-end=\"3109\">\n<p data-start=\"3070\" data-end=\"3109\">Mantenimiento preventivo y correctivo<\/p>\n<\/li>\n<li data-start=\"3110\" data-end=\"3151\">\n<p data-start=\"3112\" data-end=\"3151\">Inspecci\u00f3n mec\u00e1nica y diagn\u00f3stico<\/p>\n<\/li>\n<li data-start=\"3152\" data-end=\"3201\">\n<p data-start=\"3154\" data-end=\"3201\">Servicio de sistemas de lubricaci\u00f3n, sellos y cojinetes<\/p>\n<\/li>\n<li data-start=\"3202\" data-end=\"3241\">\n<p data-start=\"3204\" data-end=\"3241\">Evaluaci\u00f3n de la caja de cambios y del sistema de transmisi\u00f3n<\/p>\n<\/li>\n<li data-start=\"3242\" data-end=\"3280\">\n<p data-start=\"3244\" data-end=\"3280\">Reequilibrio de conjuntos rotatorios<\/p>\n<\/li>\n<li data-start=\"3281\" data-end=\"3321\">\n<p data-start=\"3283\" data-end=\"3321\">Pruebas y verificaci\u00f3n de rendimiento<\/p>\n<\/li>\n<\/ul>\n<p data-start=\"3323\" data-end=\"3558\">Cada intervenci\u00f3n de servicio comienza con una evaluaci\u00f3n detallada para identificar los problemas actuales y los posibles riesgos futuros. Este enfoque proactivo permite a Sentrimax recomendar soluciones de servicio espec\u00edficas que mejoran la confiabilidad y el rendimiento.<\/p>\n<p data-start=\"3560\" data-end=\"3642\">Obtenga m\u00e1s informaci\u00f3n sobre las ofertas de servicios de centr\u00edfugas en<br data-start=\"3608\" data-end=\"3611\" \/><a class=\"decorated-link\" href=\"https:\/\/sentrimax.com\/es\/services\/?utm_source=chatgpt.com\" target=\"_new\" rel=\"noopener\" data-start=\"3611\" data-end=\"3642\">https:\/\/sentrimax.com\/services\/<\/a><\/p>\n<hr data-start=\"3644\" data-end=\"3647\" \/>\n<h2 data-start=\"3649\" data-end=\"3697\"><strong data-start=\"3652\" data-end=\"3697\">Calidad y soporte t\u00e9cnico con certificaci\u00f3n ISO<\/strong><\/h2>\n<p data-start=\"3699\" data-end=\"3972\">Sentrimax opera bajo un sistema de gesti\u00f3n de calidad con certificaci\u00f3n ISO 9001:2015, lo que garantiza consistencia, trazabilidad y altos est\u00e1ndares en todos los servicios. Cada servicio de centr\u00edfuga de control de s\u00f3lidos sigue procedimientos documentados, desde la inspecci\u00f3n hasta la verificaci\u00f3n final.<\/p>\n<p data-start=\"3974\" data-end=\"4204\">El soporte de ingenier\u00eda est\u00e1 integrado al proceso de servicio, lo que permite a Sentrimax brindar recomendaciones para mejoras de dise\u00f1o, actualizaciones de materiales o estrategias de mantenimiento que reducen fallas futuras y extienden la vida \u00fatil del equipo.<\/p>\n<p data-start=\"4206\" data-end=\"4283\">Explore el proceso de servicio de Sentrimax en<br data-start=\"4246\" data-end=\"4249\" \/><a class=\"decorated-link\" href=\"https:\/\/sentrimax.com\/es\/our-process\/?utm_source=chatgpt.com\" target=\"_new\" rel=\"noopener\" data-start=\"4249\" data-end=\"4283\">https:\/\/sentrimax.com\/our-process\/<\/a><\/p>\n<hr data-start=\"4285\" data-end=\"4288\" \/>\n<h2 data-start=\"4290\" data-end=\"4350\"><strong data-start=\"4293\" data-end=\"4350\">Apoyo a las operaciones de control de s\u00f3lidos en Pittsburgh, PA<\/strong><\/h2>\n<p data-start=\"4352\" data-end=\"4630\">Pittsburgh, Pensilvania, alberga una amplia gama de operaciones industriales, energ\u00e9ticas y de infraestructura que dependen de sistemas confiables de control de s\u00f3lidos. Sentrimax respalda instalaciones en toda la regi\u00f3n con un servicio de centr\u00edfugas eficiente, dise\u00f1ado para satisfacer las exigentes necesidades operativas.<\/p>\n<p data-start=\"4632\" data-end=\"4972\">Con experiencia atendiendo a clientes industriales en Estados Unidos y Canad\u00e1, Sentrimax comprende la importancia de tiempos de respuesta r\u00e1pidos y un servicio confiable. Ya sea para brindar mantenimiento programado o para abordar problemas de rendimiento inesperados, Sentrimax ofrece asesoramiento experto y una comunicaci\u00f3n clara durante todo el proceso de servicio.<\/p>\n<p data-start=\"4974\" data-end=\"5117\">Las industrias apoyadas incluyen petr\u00f3leo y gas, procesamiento industrial, tratamiento de aguas residuales y producci\u00f3n de energ\u00eda.<br data-start=\"5081\" data-end=\"5084\" \/><a class=\"decorated-link\" href=\"https:\/\/sentrimax.com\/es\/industries\/?utm_source=chatgpt.com\" target=\"_new\" rel=\"noopener\" data-start=\"5084\" data-end=\"5117\">https:\/\/sentrimax.com\/industries\/<\/a><\/p>\n<hr data-start=\"5119\" data-end=\"5122\" \/>\n<h2 data-start=\"5124\" data-end=\"5173\"><strong data-start=\"5127\" data-end=\"5173\">Mantenimiento preventivo y soporte durante el ciclo de vida<\/strong><\/h2>\n<p data-start=\"5175\" data-end=\"5478\">Adem\u00e1s del mantenimiento rutinario de centr\u00edfugas de control de s\u00f3lidos, Sentrimax ofrece programas de mantenimiento preventivo dise\u00f1ados para reducir el riesgo de fallos inesperados. Las inspecciones peri\u00f3dicas, el an\u00e1lisis de vibraciones y la evaluaci\u00f3n de componentes ayudan a identificar problemas a tiempo y permiten programar el mantenimiento de forma proactiva.<\/p>\n<p data-start=\"5480\" data-end=\"5745\">Sentrimax tambi\u00e9n ofrece servicios de revisi\u00f3n completa de centr\u00edfugas, alquiler de equipos y soporte durante el ciclo de vida \u00fatil para instalaciones que requieren un servicio extendido o capacidad temporal. Estas soluciones ayudan a las operaciones a mantener la productividad y a gestionar eficazmente los costos de mantenimiento.<\/p>\n<p data-start=\"5747\" data-end=\"5872\">Puede encontrar informaci\u00f3n adicional sobre la confiabilidad de los equipos industriales y la infraestructura energ\u00e9tica en<br data-start=\"5846\" data-end=\"5849\" \/><a class=\"decorated-link\" href=\"https:\/\/www.energy.gov\/\" target=\"_new\" rel=\"noopener\" data-start=\"5849\" data-end=\"5872\">https:\/\/www.energy.gov\/<\/a><\/p>\n<hr data-start=\"5874\" data-end=\"5877\" \/>\n<h2 data-start=\"5879\" data-end=\"5941\"><strong data-start=\"5882\" data-end=\"5941\">Un socio de confianza para el servicio de centr\u00edfugas de control de s\u00f3lidos<\/strong><\/h2>\n<p data-start=\"5943\" data-end=\"6266\">Sentrimax combina experiencia t\u00e9cnica, sistemas de calidad con certificaci\u00f3n ISO y un profundo conocimiento de la industria para brindar un servicio confiable. <strong data-start=\"6064\" data-end=\"6118\">Servicio de centr\u00edfuga de control de s\u00f3lidos en Pittsburgh, PA<\/strong>. Cada compromiso de servicio se centra en la seguridad, el rendimiento y la confiabilidad a largo plazo, ayudando a las instalaciones a mantener operaciones de separaci\u00f3n eficientes.<\/p>\n<hr data-start=\"6268\" data-end=\"6271\" \/>\n<h2 data-start=\"6273\" data-end=\"6327\"><strong data-start=\"6276\" data-end=\"6327\">Solicite hoy mismo el servicio de centr\u00edfuga de control de s\u00f3lidos<\/strong><\/h2>\n<p data-start=\"6329\" data-end=\"6554\">Si su operaci\u00f3n depende del control confiable de s\u00f3lidos y del rendimiento de la centr\u00edfuga, Sentrimax est\u00e1 listo para ayudarle. Hable con un miembro experimentado del equipo para hablar sobre sus necesidades de servicio, programas de mantenimiento y requisitos t\u00e9cnicos.<\/p>\n<p data-start=\"6556\" data-end=\"6610\"><strong data-start=\"6556\" data-end=\"6610\"><a class=\"decorated-link\" href=\"https:\/\/sentrimax.com\/es\/contact\/\" target=\"_new\" rel=\"noopener\" data-start=\"6558\" data-end=\"6608\">\u00a1Solicita una cotizaci\u00f3n!<\/a><\/strong><\/p>","protected":false},"excerpt":{"rendered":"<p>Sentrimax delivers professional solids control centrifuge service in Pittsburgh PA, supporting industrial and energy operations that rely on efficient separation of solids from liquids. With decades of experience servicing industrial centrifuge systems across North America, Sentrimax helps facilities maintain performance, reduce downtime, and extend equipment life through expert service and technical support. Solids control centrifuges [&hellip;]<\/p>\n","protected":false},"author":3,"featured_media":0,"parent":0,"menu_order":0,"comment_status":"closed","ping_status":"closed","template":"seo-page-template.php","meta":{"_acf_changed":false,"inline_featured_image":false,"footnotes":""},"class_list":["post-2337","page","type-page","status-publish","hentry"],"acf":[],"_links":{"self":[{"href":"https:\/\/sentrimax.com\/es\/wp-json\/wp\/v2\/pages\/2337","targetHints":{"allow":["GET"]}}],"collection":[{"href":"https:\/\/sentrimax.com\/es\/wp-json\/wp\/v2\/pages"}],"about":[{"href":"https:\/\/sentrimax.com\/es\/wp-json\/wp\/v2\/types\/page"}],"author":[{"embeddable":true,"href":"https:\/\/sentrimax.com\/es\/wp-json\/wp\/v2\/users\/3"}],"replies":[{"embeddable":true,"href":"https:\/\/sentrimax.com\/es\/wp-json\/wp\/v2\/comments?post=2337"}],"version-history":[{"count":1,"href":"https:\/\/sentrimax.com\/es\/wp-json\/wp\/v2\/pages\/2337\/revisions"}],"predecessor-version":[{"id":2490,"href":"https:\/\/sentrimax.com\/es\/wp-json\/wp\/v2\/pages\/2337\/revisions\/2490"}],"wp:attachment":[{"href":"https:\/\/sentrimax.com\/es\/wp-json\/wp\/v2\/media?parent=2337"}],"curies":[{"name":"wp","href":"https:\/\/api.w.org\/{rel}","templated":true}]}}