{"id":2338,"date":"2026-01-07T18:01:15","date_gmt":"2026-01-07T18:01:15","guid":{"rendered":"https:\/\/sentrimax.com\/?page_id=2338"},"modified":"2026-04-21T21:13:37","modified_gmt":"2026-04-21T21:13:37","slug":"centrifuge-gearbox-repair-services-in-chicago-il","status":"publish","type":"page","link":"https:\/\/sentrimax.com\/es\/centrifuge-gearbox-repair-services-in-chicago-il\/","title":{"rendered":"Servicios de reparaci\u00f3n de cajas de engranajes de centr\u00edfugas en Chicago, Illinois"},"content":{"rendered":"<p data-start=\"537\" data-end=\"968\"><span class=\"hover:entity-accent entity-underline inline cursor-pointer align-baseline\"><span class=\"whitespace-normal\"><img fetchpriority=\"high\" decoding=\"async\" class=\"aligncenter size-full wp-image-910\" src=\"https:\/\/sentrimax.com\/wp-content\/uploads\/2025\/05\/image-4.png\" alt=\"\" width=\"1648\" height=\"1013\" srcset=\"https:\/\/sentrimax.com\/wp-content\/uploads\/2025\/05\/image-4.png 1648w, https:\/\/sentrimax.com\/wp-content\/uploads\/2025\/05\/image-4-600x369.png 600w, https:\/\/sentrimax.com\/wp-content\/uploads\/2025\/05\/image-4-300x184.png 300w, https:\/\/sentrimax.com\/wp-content\/uploads\/2025\/05\/image-4-1024x629.png 1024w, https:\/\/sentrimax.com\/wp-content\/uploads\/2025\/05\/image-4-768x472.png 768w, https:\/\/sentrimax.com\/wp-content\/uploads\/2025\/05\/image-4-1536x944.png 1536w\" sizes=\"(max-width: 1648px) 100vw, 1648px\" \/><\/span><\/span><\/p>\n<p data-start=\"537\" data-end=\"968\"><span class=\"hover:entity-accent entity-underline inline cursor-pointer align-baseline\"><span class=\"whitespace-normal\">Sentrimax<\/span><\/span> Proporciona profesionalidad <strong data-start=\"597\" data-end=\"649\">Servicios de reparaci\u00f3n de cajas de engranajes de centr\u00edfugas en Chicago, Illinois<\/strong>, apoyando operaciones industriales, municipales y del sector energ\u00e9tico que dependen de sistemas centr\u00edfugos de alto rendimiento. Con d\u00e9cadas de experiencia pr\u00e1ctica en la reparaci\u00f3n de componentes de centr\u00edfugas industriales, Sentrimax ofrece soluciones confiables de reparaci\u00f3n de cajas de engranajes que restauran el rendimiento, reducen el tiempo de inactividad y prolongan la vida \u00fatil de los equipos.<\/p>\n<p data-start=\"970\" data-end=\"1379\">Las cajas de engranajes de las centr\u00edfugas son fundamentales para transmitir el par y mantener velocidades de rotaci\u00f3n precisas en decantadores y centr\u00edfugas de discos. Cuando una caja de engranajes empieza a fallar, s\u00edntomas como vibraci\u00f3n, ruido, sobrecalentamiento o reducci\u00f3n de la eficiencia de separaci\u00f3n pueden agravarse r\u00e1pidamente y causar da\u00f1os importantes al equipo. Sentrimax ofrece servicios expertos de reparaci\u00f3n de cajas de engranajes dise\u00f1ados para resolver estos problemas de forma eficiente y segura.<\/p>\n<hr data-start=\"1381\" data-end=\"1384\" \/>\n<h2 data-start=\"1386\" data-end=\"1440\"><strong data-start=\"1389\" data-end=\"1440\">Experiencia especializada en reparaci\u00f3n de cajas de engranajes de centr\u00edfugas<\/strong><\/h2>\n<p data-start=\"1442\" data-end=\"1834\">Las cajas de engranajes de centr\u00edfugas operan bajo estr\u00e9s mec\u00e1nico extremo, incluyendo cargas de par elevadas, operaci\u00f3n continua y condiciones de proceso exigentes. Con el tiempo, los componentes internos, como engranajes, cojinetes, ejes y sellos, experimentan un desgaste que puede afectar su rendimiento. Sentrimax se especializa en diagnosticar y reparar problemas de cajas de engranajes desde su origen, en lugar de aplicar soluciones temporales.<\/p>\n<p data-start=\"1836\" data-end=\"2125\">Los servicios de reparaci\u00f3n incluyen el desmontaje completo de la caja de cambios, su inspecci\u00f3n, medici\u00f3n de precisi\u00f3n, reparaci\u00f3n o sustituci\u00f3n de componentes y reensamblaje. Cada caja de cambios se revisa seg\u00fan las especificaciones del fabricante original o las tolerancias de ingenier\u00eda para garantizar una alineaci\u00f3n adecuada, la capacidad de carga y la fiabilidad a largo plazo.<\/p>\n<p data-start=\"2127\" data-end=\"2425\">Las cajas de engranajes desempe\u00f1an un papel fundamental para mantener constantes la velocidad del recipiente de la centr\u00edfuga y la velocidad diferencial, ambas esenciales para el rendimiento de la separaci\u00f3n. Las imprecisiones mec\u00e1nicas en la caja de engranajes pueden provocar una descarga deficiente de s\u00f3lidos, vibraciones excesivas o fallos catastr\u00f3ficos si no se solucionan.<\/p>\n<hr data-start=\"2427\" data-end=\"2430\" \/>\n<h2 data-start=\"2432\" data-end=\"2482\"><strong data-start=\"2435\" data-end=\"2482\">Problemas comunes de la caja de engranajes de la centr\u00edfuga reparados<\/strong><\/h2>\n<p data-start=\"2484\" data-end=\"2609\">Los t\u00e9cnicos de Sentrimax abordan rutinariamente problemas de caja de engranajes que se encuentran com\u00fanmente en aplicaciones de centr\u00edfugas industriales, incluidos:<\/p>\n<ul data-start=\"2611\" data-end=\"2861\">\n<li data-start=\"2611\" data-end=\"2652\">\n<p data-start=\"2613\" data-end=\"2652\">Vibraci\u00f3n excesiva o ruido anormal<\/p>\n<\/li>\n<li data-start=\"2653\" data-end=\"2692\">\n<p data-start=\"2655\" data-end=\"2692\">Desgaste de engranajes, picaduras o da\u00f1os en los dientes<\/p>\n<\/li>\n<li data-start=\"2693\" data-end=\"2727\">\n<p data-start=\"2695\" data-end=\"2727\">Fallo o sobrecalentamiento del rodamiento<\/p>\n<\/li>\n<li data-start=\"2728\" data-end=\"2768\">\n<p data-start=\"2730\" data-end=\"2768\">Fugas de sellos y fallas de lubricaci\u00f3n<\/p>\n<\/li>\n<li data-start=\"2769\" data-end=\"2805\">\n<p data-start=\"2771\" data-end=\"2805\">Desalineaci\u00f3n o deflexi\u00f3n del eje<\/p>\n<\/li>\n<li data-start=\"2806\" data-end=\"2861\">\n<p data-start=\"2808\" data-end=\"2861\">Problemas de transmisi\u00f3n de par reducido o control de velocidad<\/p>\n<\/li>\n<\/ul>\n<p data-start=\"2863\" data-end=\"3035\">Mediante una inspecci\u00f3n detallada y un an\u00e1lisis de causa ra\u00edz, Sentrimax identifica por qu\u00e9 ocurren fallas en la caja de cambios y aplica reparaciones correctivas que mejoran la durabilidad y el rendimiento.<\/p>\n<hr data-start=\"3037\" data-end=\"3040\" \/>\n<h2 data-start=\"3042\" data-end=\"3088\"><strong data-start=\"3045\" data-end=\"3088\">Por qu\u00e9 es importante la reparaci\u00f3n profesional de la caja de cambios<\/strong><\/h2>\n<p data-start=\"3090\" data-end=\"3261\">Las fallas en la caja de engranajes de la centr\u00edfuga pueden provocar tiempos de inactividad prolongados, costosos da\u00f1os secundarios y riesgos de seguridad. Los servicios profesionales de reparaci\u00f3n de cajas de engranajes de Sentrimax ayudan a los operadores a:<\/p>\n<ul data-start=\"3263\" data-end=\"3508\">\n<li data-start=\"3263\" data-end=\"3312\">\n<p data-start=\"3265\" data-end=\"3312\">Restaurar el rendimiento y la eficiencia de la centr\u00edfuga<\/p>\n<\/li>\n<li data-start=\"3313\" data-end=\"3372\">\n<p data-start=\"3315\" data-end=\"3372\">Evite da\u00f1os en los conjuntos giratorios y sistemas de accionamiento<\/p>\n<\/li>\n<li data-start=\"3373\" data-end=\"3419\">\n<p data-start=\"3375\" data-end=\"3419\">Prolongar la vida \u00fatil de la caja de engranajes y la centr\u00edfuga<\/p>\n<\/li>\n<li data-start=\"3420\" data-end=\"3469\">\n<p data-start=\"3422\" data-end=\"3469\">Reducir los costos de reparaci\u00f3n y reemplazo de emergencia<\/p>\n<\/li>\n<li data-start=\"3470\" data-end=\"3508\">\n<p data-start=\"3472\" data-end=\"3508\">Mantener condiciones de operaci\u00f3n seguras<\/p>\n<\/li>\n<\/ul>\n<p data-start=\"3510\" data-end=\"3755\">Retrasar la reparaci\u00f3n de las cajas de engranajes o confiar en reparaciones incompletas suele provocar da\u00f1os cada vez mayores. Sentrimax aplica metodolog\u00edas de reparaci\u00f3n probadas y un control de calidad preciso para garantizar que las cajas de engranajes vuelvan a funcionar listas para las exigentes condiciones de operaci\u00f3n.<\/p>\n<hr data-start=\"3757\" data-end=\"3760\" \/>\n<h2 data-start=\"3762\" data-end=\"3806\"><strong data-start=\"3765\" data-end=\"3806\">Capacidades de reparaci\u00f3n de cajas de cambios Sentrimax<\/strong><\/h2>\n<p data-start=\"3808\" data-end=\"3982\">Sentrimax ofrece servicios integrales de reparaci\u00f3n de cajas de engranajes de centr\u00edfugas, con el respaldo de mecanizado avanzado, experiencia en ingenier\u00eda y sistemas de calidad certificados. Nuestras capacidades incluyen:<\/p>\n<ul data-start=\"3984\" data-end=\"4254\">\n<li data-start=\"3984\" data-end=\"4028\">\n<p data-start=\"3986\" data-end=\"4028\">Desmontaje e inspecci\u00f3n completa de la caja de cambios<\/p>\n<\/li>\n<li data-start=\"4029\" data-end=\"4085\">\n<p data-start=\"4031\" data-end=\"4085\">Reparaci\u00f3n o reemplazo de engranajes, cojinetes, ejes y sellos<\/p>\n<\/li>\n<li data-start=\"4086\" data-end=\"4124\">\n<p data-start=\"4088\" data-end=\"4124\">Alineaci\u00f3n de precisi\u00f3n y reensamblaje<\/p>\n<\/li>\n<li data-start=\"4125\" data-end=\"4158\">\n<p data-start=\"4127\" data-end=\"4158\">Evaluaci\u00f3n del sistema de lubricaci\u00f3n<\/p>\n<\/li>\n<li data-start=\"4159\" data-end=\"4203\">\n<p data-start=\"4161\" data-end=\"4203\">Pruebas de carga y verificaci\u00f3n funcional<\/p>\n<\/li>\n<li data-start=\"4204\" data-end=\"4254\">\n<p data-start=\"4206\" data-end=\"4254\">Componentes de reemplazo dise\u00f1ados y fabricados por OEM<\/p>\n<\/li>\n<\/ul>\n<p data-start=\"4256\" data-end=\"4411\">Para cajas de cambios con piezas obsoletas o dif\u00edciles de conseguir, Sentrimax ofrece soluciones de fabricaci\u00f3n personalizada e ingenier\u00eda inversa para restaurar la funcionalidad completa.<\/p>\n<p data-start=\"4413\" data-end=\"4509\">Obtenga m\u00e1s informaci\u00f3n sobre las capacidades de reparaci\u00f3n y servicio de centr\u00edfugas en<br data-start=\"4475\" data-end=\"4478\" \/><a class=\"decorated-link\" href=\"https:\/\/sentrimax.com\/es\/services\/?utm_source=chatgpt.com\" target=\"_new\" rel=\"noopener\" data-start=\"4478\" data-end=\"4509\">https:\/\/sentrimax.com\/services\/<\/a><\/p>\n<hr data-start=\"4511\" data-end=\"4514\" \/>\n<h2 data-start=\"4516\" data-end=\"4566\"><strong data-start=\"4519\" data-end=\"4566\">Soporte de ingenier\u00eda y calidad con certificaci\u00f3n ISO<\/strong><\/h2>\n<p data-start=\"4568\" data-end=\"4827\">Sentrimax opera bajo un sistema de gesti\u00f3n de calidad con certificaci\u00f3n ISO 9001:2015, lo que garantiza consistencia, trazabilidad y resultados de reparaci\u00f3n repetibles. Cada reparaci\u00f3n de caja de engranajes de centr\u00edfuga sigue procedimientos documentados, desde la evaluaci\u00f3n inicial hasta la inspecci\u00f3n final.<\/p>\n<p data-start=\"4829\" data-end=\"5093\">El soporte de ingenier\u00eda est\u00e1 integrado en todo el proceso de reparaci\u00f3n. Sentrimax eval\u00faa las condiciones operativas y los patrones de fallo para recomendar mejoras de dise\u00f1o, materiales o estrategias de mantenimiento que reduzcan futuros problemas en la caja de cambios y mejoren la fiabilidad.<\/p>\n<p data-start=\"5095\" data-end=\"5171\">Explore el proceso de reparaci\u00f3n de Sentrimax en<br data-start=\"5134\" data-end=\"5137\" \/><a class=\"decorated-link\" href=\"https:\/\/sentrimax.com\/es\/our-process\/?utm_source=chatgpt.com\" target=\"_new\" rel=\"noopener\" data-start=\"5137\" data-end=\"5171\">https:\/\/sentrimax.com\/our-process\/<\/a><\/p>\n<hr data-start=\"5173\" data-end=\"5176\" \/>\n<h2 data-start=\"5178\" data-end=\"5231\"><strong data-start=\"5181\" data-end=\"5231\">Apoyo a las operaciones industriales en Chicago, Illinois<\/strong><\/h2>\n<p data-start=\"5233\" data-end=\"5566\">Chicago, Illinois, es un importante centro de procesamiento industrial, infraestructura municipal y operaciones energ\u00e9ticas, donde los sistemas centr\u00edfugos desempe\u00f1an un papel fundamental. Sentrimax apoya a las instalaciones de toda el \u00e1rea de Chicago con servicios de reparaci\u00f3n de cajas de engranajes eficientes, dise\u00f1ados para cumplir con plazos de mantenimiento ajustados y calendarios operativos exigentes.<\/p>\n<p data-start=\"5568\" data-end=\"5872\">Con experiencia atendiendo a clientes en Estados Unidos y Canad\u00e1, Sentrimax comprende la importancia de tiempos de respuesta r\u00e1pidos, una comunicaci\u00f3n clara y una entrega confiable. Ya sea que se trate de una emergencia o de planificar un mantenimiento programado, Sentrimax brinda soporte experto en cada etapa.<\/p>\n<p data-start=\"5874\" data-end=\"6050\">Las industrias apoyadas incluyen aguas residuales municipales, procesamiento industrial, petr\u00f3leo y gas, producci\u00f3n de energ\u00eda y fabricaci\u00f3n de alimentos y bebidas.<br data-start=\"6014\" data-end=\"6017\" \/><a class=\"decorated-link\" href=\"https:\/\/sentrimax.com\/es\/industries\/?utm_source=chatgpt.com\" target=\"_new\" rel=\"noopener\" data-start=\"6017\" data-end=\"6050\">https:\/\/sentrimax.com\/industries\/<\/a><\/p>\n<hr data-start=\"6052\" data-end=\"6055\" \/>\n<h2 data-start=\"6057\" data-end=\"6114\"><strong data-start=\"6060\" data-end=\"6114\">Mantenimiento preventivo y soporte a largo plazo para cajas de cambios<\/strong><\/h2>\n<p data-start=\"6116\" data-end=\"6423\">Adem\u00e1s de los servicios de reparaci\u00f3n de cajas de engranajes de centr\u00edfugas, Sentrimax ofrece mantenimiento preventivo y soporte durante todo el ciclo de vida para ayudar a los operadores a evitar fallos inesperados. Las inspecciones de rutina, el an\u00e1lisis de vibraciones y el monitoreo de la lubricaci\u00f3n ayudan a identificar problemas en las cajas de engranajes de forma temprana y permiten programar reparaciones de forma proactiva.<\/p>\n<p data-start=\"6425\" data-end=\"6687\">Sentrimax tambi\u00e9n ofrece revisiones completas de centr\u00edfugas, alquiler de equipos y consultor\u00eda t\u00e9cnica para instalaciones que gestionan equipos obsoletos o con mayor demanda de procesamiento. Estos servicios ayudan a mantener la continuidad operativa y a controlar los costos de mantenimiento.<\/p>\n<p data-start=\"6689\" data-end=\"6815\">Puede encontrar informaci\u00f3n adicional sobre la confiabilidad de los equipos industriales y la infraestructura energ\u00e9tica en<br data-start=\"6789\" data-end=\"6792\" \/><a class=\"decorated-link\" href=\"https:\/\/www.energy.gov\/\" target=\"_new\" rel=\"noopener\" data-start=\"6792\" data-end=\"6815\">https:\/\/www.energy.gov\/<\/a><\/p>\n<hr data-start=\"6817\" data-end=\"6820\" \/>\n<h2 data-start=\"6822\" data-end=\"6876\"><strong data-start=\"6825\" data-end=\"6876\">Un socio de confianza para la reparaci\u00f3n de cajas de engranajes de centr\u00edfugas<\/strong><\/h2>\n<p data-start=\"6878\" data-end=\"7134\">Sentrimax combina experiencia t\u00e9cnica, procesos con certificaci\u00f3n ISO y un profundo conocimiento de la industria para brindar un servicio confiable. <strong data-start=\"6993\" data-end=\"7045\">Servicios de reparaci\u00f3n de cajas de engranajes de centr\u00edfugas en Chicago, Illinois<\/strong>. Cada reparaci\u00f3n se realiza centr\u00e1ndose en la seguridad, la precisi\u00f3n y el rendimiento a largo plazo.<\/p>\n<hr data-start=\"7136\" data-end=\"7139\" \/>\n<h2 data-start=\"7141\" data-end=\"7195\"><strong data-start=\"7144\" data-end=\"7195\">Solicite hoy mismo asistencia para la reparaci\u00f3n de la caja de engranajes de su centr\u00edfuga<\/strong><\/h2>\n<p data-start=\"7197\" data-end=\"7393\">Cuando el rendimiento de la centr\u00edfuga depende de una caja de engranajes fiable, Sentrimax est\u00e1 listo para ayudarle. Hable con un miembro experimentado del equipo para hablar sobre las necesidades de reparaci\u00f3n de la caja de engranajes, los plazos y los requisitos t\u00e9cnicos.<\/p>\n<p data-start=\"7395\" data-end=\"7449\" data-is-last-node=\"\" data-is-only-node=\"\"><strong data-start=\"7395\" data-end=\"7449\" data-is-last-node=\"\"><a class=\"decorated-link\" href=\"https:\/\/sentrimax.com\/es\/contact\/\" target=\"_new\" rel=\"noopener\" data-start=\"7397\" data-end=\"7447\">\u00a1Solicita una cotizaci\u00f3n!<\/a><\/strong><\/p>","protected":false},"excerpt":{"rendered":"<p>Sentrimax provides professional centrifuge gearbox repair services in Chicago IL, supporting industrial, municipal, and energy-sector operations that rely on high-performance centrifuge systems. With decades of hands-on experience repairing industrial centrifuge components, Sentrimax delivers dependable gearbox repair solutions that restore performance, reduce downtime, and extend equipment life. Centrifuge gearboxes are critical to transmitting torque and maintaining [&hellip;]<\/p>\n","protected":false},"author":3,"featured_media":0,"parent":0,"menu_order":0,"comment_status":"closed","ping_status":"closed","template":"seo-page-template.php","meta":{"_acf_changed":false,"inline_featured_image":false,"footnotes":""},"class_list":["post-2338","page","type-page","status-publish","hentry"],"acf":[],"_links":{"self":[{"href":"https:\/\/sentrimax.com\/es\/wp-json\/wp\/v2\/pages\/2338","targetHints":{"allow":["GET"]}}],"collection":[{"href":"https:\/\/sentrimax.com\/es\/wp-json\/wp\/v2\/pages"}],"about":[{"href":"https:\/\/sentrimax.com\/es\/wp-json\/wp\/v2\/types\/page"}],"author":[{"embeddable":true,"href":"https:\/\/sentrimax.com\/es\/wp-json\/wp\/v2\/users\/3"}],"replies":[{"embeddable":true,"href":"https:\/\/sentrimax.com\/es\/wp-json\/wp\/v2\/comments?post=2338"}],"version-history":[{"count":1,"href":"https:\/\/sentrimax.com\/es\/wp-json\/wp\/v2\/pages\/2338\/revisions"}],"predecessor-version":[{"id":2489,"href":"https:\/\/sentrimax.com\/es\/wp-json\/wp\/v2\/pages\/2338\/revisions\/2489"}],"wp:attachment":[{"href":"https:\/\/sentrimax.com\/es\/wp-json\/wp\/v2\/media?parent=2338"}],"curies":[{"name":"wp","href":"https:\/\/api.w.org\/{rel}","templated":true}]}}