{"id":2339,"date":"2026-01-07T18:02:47","date_gmt":"2026-01-07T18:02:47","guid":{"rendered":"https:\/\/sentrimax.com\/?page_id=2339"},"modified":"2026-04-21T21:13:36","modified_gmt":"2026-04-21T21:13:36","slug":"industrial-centrifuge-gearbox-parts-in-houston-tx","status":"publish","type":"page","link":"https:\/\/sentrimax.com\/es\/industrial-centrifuge-gearbox-parts-in-houston-tx\/","title":{"rendered":"Repuestos para cajas de engranajes de centr\u00edfugas industriales en Houston, TX"},"content":{"rendered":"<p data-start=\"513\" data-end=\"956\"><span class=\"hover:entity-accent entity-underline inline cursor-pointer align-baseline\"><span class=\"whitespace-normal\"><img fetchpriority=\"high\" decoding=\"async\" class=\"aligncenter size-full wp-image-905\" src=\"https:\/\/sentrimax.com\/wp-content\/uploads\/2025\/05\/image-77.png\" alt=\"\" width=\"1440\" height=\"504\" srcset=\"https:\/\/sentrimax.com\/wp-content\/uploads\/2025\/05\/image-77.png 1440w, https:\/\/sentrimax.com\/wp-content\/uploads\/2025\/05\/image-77-600x210.png 600w, https:\/\/sentrimax.com\/wp-content\/uploads\/2025\/05\/image-77-300x105.png 300w, https:\/\/sentrimax.com\/wp-content\/uploads\/2025\/05\/image-77-1024x358.png 1024w, https:\/\/sentrimax.com\/wp-content\/uploads\/2025\/05\/image-77-768x269.png 768w\" sizes=\"(max-width: 1440px) 100vw, 1440px\" \/><\/span><\/span><\/p>\n<p data-start=\"513\" data-end=\"956\"><span class=\"hover:entity-accent entity-underline inline cursor-pointer align-baseline\"><span class=\"whitespace-normal\">Sentrimax<\/span><\/span> Suministros de alta calidad <strong data-start=\"573\" data-end=\"626\">Piezas de caja de engranajes para centr\u00edfugas industriales en Houston, TX<\/strong>, respaldando instalaciones que dependen de una transmisi\u00f3n de potencia confiable y un control preciso de la velocidad en sus sistemas de centr\u00edfugas. Con d\u00e9cadas de experiencia en servicio, reparaci\u00f3n e ingenier\u00eda de componentes de centr\u00edfugas, Sentrimax proporciona piezas para cajas de engranajes dise\u00f1adas para restaurar el rendimiento, prolongar la vida \u00fatil de los equipos y reducir las paradas imprevistas.<\/p>\n<p data-start=\"958\" data-end=\"1356\">Las cajas de engranajes de centr\u00edfugas son componentes esenciales que regulan el par, la velocidad diferencial y la estabilidad rotacional en decantadores y centr\u00edfugas de discos. Cuando los componentes de la caja de engranajes se desgastan o fallan, la eficiencia y la confiabilidad de la centr\u00edfuga se ven comprometidas. Sentrimax ofrece piezas de caja de engranajes dise\u00f1adas con precisi\u00f3n que cumplen o superan las especificaciones del fabricante original (OEM), garantizando un ajuste perfecto, durabilidad y un rendimiento a largo plazo.<\/p>\n<hr data-start=\"1358\" data-end=\"1361\" \/>\n<h2 data-start=\"1363\" data-end=\"1422\"><strong data-start=\"1366\" data-end=\"1422\">Piezas de caja de cambios para aplicaciones de centr\u00edfugas industriales<\/strong><\/h2>\n<p data-start=\"1424\" data-end=\"1804\">Las cajas de engranajes de centr\u00edfugas industriales operan bajo carga continua, alto par y condiciones de proceso exigentes. Con el tiempo, los componentes internos, como engranajes, cojinetes, ejes y sellos, experimentan desgaste que puede provocar vibraciones, acumulaci\u00f3n de calor y una menor eficiencia de separaci\u00f3n. Reemplazar los componentes desgastados con piezas de caja de engranajes de alta calidad es esencial para mantener un funcionamiento estable.<\/p>\n<p data-start=\"1806\" data-end=\"2146\">Sentrimax suministra piezas de caja de engranajes para una amplia gama de aplicaciones de centr\u00edfugas industriales, como el tratamiento de aguas residuales municipales, el procesamiento de petr\u00f3leo y gas, la fabricaci\u00f3n de productos qu\u00edmicos, la producci\u00f3n de alimentos y bebidas y la manipulaci\u00f3n de lodos industriales. Cada pieza se eval\u00faa para garantizar su compatibilidad con el modelo de centr\u00edfuga y las condiciones de funcionamiento espec\u00edficas.<\/p>\n<p data-start=\"2148\" data-end=\"2317\">Para obtener informaci\u00f3n general sobre c\u00f3mo funcionan los sistemas centr\u00edfugos accionados por engranajes, hay informaci\u00f3n t\u00e9cnica adicional disponible en<br data-start=\"2266\" data-end=\"2269\" \/><a class=\"decorated-link\" href=\"https:\/\/www.britannica.com\/technology\/centrifuge\" target=\"_new\" rel=\"noopener\" data-start=\"2269\" data-end=\"2317\">https:\/\/www.britannica.com\/technology\/centrifuge<\/a><\/p>\n<hr data-start=\"2319\" data-end=\"2322\" \/>\n<h2 data-start=\"2324\" data-end=\"2363\"><strong data-start=\"2327\" data-end=\"2363\">Por qu\u00e9 son importantes las piezas de calidad para la caja de cambios<\/strong><\/h2>\n<p data-start=\"2365\" data-end=\"2527\">El uso de piezas de caja de engranajes fabricadas con precisi\u00f3n es fundamental para el rendimiento y la fiabilidad de la centr\u00edfuga. Los componentes de alta calidad de Sentrimax ayudan a los operadores a:<\/p>\n<ul data-start=\"2529\" data-end=\"2770\">\n<li data-start=\"2529\" data-end=\"2579\">\n<p data-start=\"2531\" data-end=\"2579\">Mantener velocidades diferenciales y del taz\u00f3n precisas<\/p>\n<\/li>\n<li data-start=\"2580\" data-end=\"2622\">\n<p data-start=\"2582\" data-end=\"2622\">Reducir la vibraci\u00f3n y el estr\u00e9s mec\u00e1nico<\/p>\n<\/li>\n<li data-start=\"2623\" data-end=\"2674\">\n<p data-start=\"2625\" data-end=\"2674\">Prevenir da\u00f1os secundarios a los conjuntos giratorios<\/p>\n<\/li>\n<li data-start=\"2675\" data-end=\"2721\">\n<p data-start=\"2677\" data-end=\"2721\">Prolongar la vida \u00fatil de la caja de engranajes y la centr\u00edfuga<\/p>\n<\/li>\n<li data-start=\"2722\" data-end=\"2770\">\n<p data-start=\"2724\" data-end=\"2770\">Menores costos de mantenimiento y reparaci\u00f3n a largo plazo<\/p>\n<\/li>\n<\/ul>\n<p data-start=\"2772\" data-end=\"2999\">Las piezas de la caja de cambios de baja calidad o mal instaladas pueden acelerar el desgaste, aumentar el consumo de energ\u00eda y provocar fallos inesperados. Sentrimax aplica un estricto control de calidad y revisi\u00f3n de ingenier\u00eda a todos los componentes de la caja de cambios que suministra.<\/p>\n<hr data-start=\"3001\" data-end=\"3004\" \/>\n<h2 data-start=\"3006\" data-end=\"3049\"><strong data-start=\"3009\" data-end=\"3049\">Capacidades de las piezas de la caja de cambios Sentrimax<\/strong><\/h2>\n<p data-start=\"3051\" data-end=\"3226\">Sentrimax ofrece un inventario completo de piezas para cajas de engranajes de centr\u00edfugas industriales, con el respaldo de nuestra experiencia en mecanizado, fabricaci\u00f3n e ingenier\u00eda. Los componentes disponibles incluyen:<\/p>\n<ul data-start=\"3228\" data-end=\"3483\">\n<li data-start=\"3228\" data-end=\"3261\">\n<p data-start=\"3230\" data-end=\"3261\">Engranajes de precisi\u00f3n y juegos de engranajes<\/p>\n<\/li>\n<li data-start=\"3262\" data-end=\"3297\">\n<p data-start=\"3264\" data-end=\"3297\">Cojinetes y conjuntos de cojinetes<\/p>\n<\/li>\n<li data-start=\"3298\" data-end=\"3346\">\n<p data-start=\"3300\" data-end=\"3346\">Ejes, acoplamientos e interfaces mec\u00e1nicas<\/p>\n<\/li>\n<li data-start=\"3347\" data-end=\"3390\">\n<p data-start=\"3349\" data-end=\"3390\">Sellos y componentes del sistema de lubricaci\u00f3n<\/p>\n<\/li>\n<li data-start=\"3391\" data-end=\"3437\">\n<p data-start=\"3393\" data-end=\"3437\">Carcasas y componentes estructurales de cajas de cambios<\/p>\n<\/li>\n<li data-start=\"3438\" data-end=\"3483\">\n<p data-start=\"3440\" data-end=\"3483\">Piezas de repuesto dise\u00f1adas y con especificaciones OEM<\/p>\n<\/li>\n<\/ul>\n<p data-start=\"3485\" data-end=\"3677\">Para componentes obsoletos o dif\u00edciles de conseguir, Sentrimax ofrece servicios de fabricaci\u00f3n personalizados y de ingenier\u00eda inversa para producir piezas de caja de cambios de repuesto que cumplan con los requisitos operativos exactos.<\/p>\n<p data-start=\"3679\" data-end=\"3774\">Obtenga m\u00e1s informaci\u00f3n sobre las piezas de centr\u00edfugas y las capacidades de servicio en<br data-start=\"3740\" data-end=\"3743\" \/><a class=\"decorated-link\" href=\"https:\/\/sentrimax.com\/es\/services\/?utm_source=chatgpt.com\" target=\"_new\" rel=\"noopener\" data-start=\"3743\" data-end=\"3774\">https:\/\/sentrimax.com\/services\/<\/a><\/p>\n<hr data-start=\"3776\" data-end=\"3779\" \/>\n<h2 data-start=\"3781\" data-end=\"3831\"><strong data-start=\"3784\" data-end=\"3831\">Soporte de ingenier\u00eda y calidad con certificaci\u00f3n ISO<\/strong><\/h2>\n<p data-start=\"3833\" data-end=\"4120\">Sentrimax opera bajo un sistema de gesti\u00f3n de calidad con certificaci\u00f3n ISO 9001:2015, lo que garantiza la consistencia, trazabilidad y resultados repetibles en todas las piezas de la caja de engranajes suministradas. Cada componente se inspecciona y verifica para garantizar que cumple con los est\u00e1ndares dimensionales, de material y de rendimiento antes de su entrega.<\/p>\n<p data-start=\"4122\" data-end=\"4381\">El soporte de ingenier\u00eda est\u00e1 integrado en el proceso de suministro de piezas. Sentrimax eval\u00faa las condiciones de operaci\u00f3n, el historial de fallas y los requisitos de carga para recomendar materiales mejorados o mejoras de dise\u00f1o que reduzcan futuros problemas con la caja de engranajes y mejoren la confiabilidad.<\/p>\n<p data-start=\"4383\" data-end=\"4461\">Obtenga m\u00e1s informaci\u00f3n sobre el proceso Sentrimax en<br data-start=\"4424\" data-end=\"4427\" \/><a class=\"decorated-link\" href=\"https:\/\/sentrimax.com\/es\/our-process\/?utm_source=chatgpt.com\" target=\"_new\" rel=\"noopener\" data-start=\"4427\" data-end=\"4461\">https:\/\/sentrimax.com\/our-process\/<\/a><\/p>\n<hr data-start=\"4463\" data-end=\"4466\" \/>\n<h2 data-start=\"4468\" data-end=\"4521\"><strong data-start=\"4471\" data-end=\"4521\">Apoyo a las operaciones industriales en Houston, TX<\/strong><\/h2>\n<p data-start=\"4523\" data-end=\"4838\">Houston, Texas, es un importante centro de operaciones de energ\u00eda, petroqu\u00edmica, manufactura e infraestructura municipal, donde las centr\u00edfugas industriales desempe\u00f1an un papel fundamental. Sentrimax apoya a las instalaciones en toda el \u00e1rea de Houston con acceso r\u00e1pido a piezas de cajas de engranajes para centr\u00edfugas dise\u00f1adas para entornos industriales exigentes.<\/p>\n<p data-start=\"4840\" data-end=\"5130\">Con experiencia atendiendo a clientes en Estados Unidos y Canad\u00e1, Sentrimax comprende la urgencia de la disponibilidad de piezas y la importancia de minimizar el tiempo de inactividad. Ya sea para mantenimiento programado o reparaciones urgentes, Sentrimax ofrece componentes confiables y asesoramiento experto.<\/p>\n<p data-start=\"5132\" data-end=\"5310\">Las industrias apoyadas incluyen petr\u00f3leo y gas, procesamiento qu\u00edmico, aguas residuales municipales, fabricaci\u00f3n de alimentos y bebidas y procesamiento industrial.<br data-start=\"5274\" data-end=\"5277\" \/><a class=\"decorated-link\" href=\"https:\/\/sentrimax.com\/es\/industries\/?utm_source=chatgpt.com\" target=\"_new\" rel=\"noopener\" data-start=\"5277\" data-end=\"5310\">https:\/\/sentrimax.com\/industries\/<\/a><\/p>\n<hr data-start=\"5312\" data-end=\"5315\" \/>\n<h2 data-start=\"5317\" data-end=\"5366\"><strong data-start=\"5320\" data-end=\"5366\">Mantenimiento preventivo y soporte durante el ciclo de vida<\/strong><\/h2>\n<p data-start=\"5368\" data-end=\"5693\">Adem\u00e1s de suministrar piezas para cajas de engranajes de centr\u00edfugas industriales, Sentrimax ofrece servicios de mantenimiento preventivo y soporte durante todo el ciclo de vida para ayudar a los operadores a reducir las fallas inesperadas. Las inspecciones de rutina, el an\u00e1lisis de vibraciones y el reemplazo planificado de componentes ayudan a identificar problemas en las cajas de engranajes a tiempo y a mantener un rendimiento constante.<\/p>\n<p data-start=\"5695\" data-end=\"5946\">Sentrimax tambi\u00e9n ofrece servicios completos de revisi\u00f3n de centr\u00edfugas, reparaci\u00f3n de cajas de engranajes y alquiler de equipos para instalaciones que gestionan equipos obsoletos o con alta demanda de capacidad. Estos servicios ayudan a mantener la continuidad operativa y a controlar los costos de mantenimiento.<\/p>\n<p data-start=\"5948\" data-end=\"6074\">Informaci\u00f3n adicional sobre la confiabilidad de los equipos industriales y la infraestructura energ\u00e9tica est\u00e1 disponible en<br data-start=\"6048\" data-end=\"6051\" \/><a class=\"decorated-link\" href=\"https:\/\/www.energy.gov\/\" target=\"_new\" rel=\"noopener\" data-start=\"6051\" data-end=\"6074\">https:\/\/www.energy.gov\/<\/a><\/p>\n<hr data-start=\"6076\" data-end=\"6079\" \/>\n<h2 data-start=\"6081\" data-end=\"6133\"><strong data-start=\"6084\" data-end=\"6133\">Una fuente confiable de piezas para cajas de engranajes de centr\u00edfugas<\/strong><\/h2>\n<p data-start=\"6135\" data-end=\"6411\">Sentrimax combina experiencia t\u00e9cnica, sistemas de calidad con certificaci\u00f3n ISO y un profundo conocimiento de la industria para brindar un servicio confiable. <strong data-start=\"6256\" data-end=\"6309\">Piezas de caja de engranajes para centr\u00edfugas industriales en Houston, TX<\/strong>. Cada componente suministrado est\u00e1 centrado en la precisi\u00f3n, la durabilidad y el rendimiento operativo a largo plazo.<\/p>\n<hr data-start=\"6413\" data-end=\"6416\" \/>\n<h2 data-start=\"6418\" data-end=\"6460\"><strong data-start=\"6421\" data-end=\"6460\">Solicite hoy mismo asistencia para piezas de caja de cambios<\/strong><\/h2>\n<p data-start=\"6462\" data-end=\"6675\">Cuando el rendimiento de la centr\u00edfuga depende de la fiabilidad de los componentes de la caja de engranajes, Sentrimax est\u00e1 listo para ayudarle. Hable con un miembro experimentado del equipo para hablar sobre los requisitos de las piezas de la caja de engranajes, los plazos de entrega y las especificaciones t\u00e9cnicas.<\/p>\n<p data-start=\"6677\" data-end=\"6731\" data-is-last-node=\"\" data-is-only-node=\"\"><strong data-start=\"6677\" data-end=\"6731\" data-is-last-node=\"\"><a class=\"decorated-link\" href=\"https:\/\/sentrimax.com\/es\/contact\/\" target=\"_new\" rel=\"noopener\" data-start=\"6679\" data-end=\"6729\">\u00a1Solicita una cotizaci\u00f3n!<\/a><\/strong><\/p>","protected":false},"excerpt":{"rendered":"<p>Sentrimax supplies high-quality industrial centrifuge gearbox parts in Houston TX, supporting facilities that rely on dependable power transmission and precise speed control within their centrifuge systems. With decades of experience in centrifuge service, repair, and component engineering, Sentrimax provides gearbox parts designed to restore performance, extend equipment life, and reduce unplanned downtime. Centrifuge gearboxes are [&hellip;]<\/p>\n","protected":false},"author":3,"featured_media":0,"parent":0,"menu_order":0,"comment_status":"closed","ping_status":"closed","template":"seo-page-template.php","meta":{"_acf_changed":false,"inline_featured_image":false,"footnotes":""},"class_list":["post-2339","page","type-page","status-publish","hentry"],"acf":[],"_links":{"self":[{"href":"https:\/\/sentrimax.com\/es\/wp-json\/wp\/v2\/pages\/2339","targetHints":{"allow":["GET"]}}],"collection":[{"href":"https:\/\/sentrimax.com\/es\/wp-json\/wp\/v2\/pages"}],"about":[{"href":"https:\/\/sentrimax.com\/es\/wp-json\/wp\/v2\/types\/page"}],"author":[{"embeddable":true,"href":"https:\/\/sentrimax.com\/es\/wp-json\/wp\/v2\/users\/3"}],"replies":[{"embeddable":true,"href":"https:\/\/sentrimax.com\/es\/wp-json\/wp\/v2\/comments?post=2339"}],"version-history":[{"count":1,"href":"https:\/\/sentrimax.com\/es\/wp-json\/wp\/v2\/pages\/2339\/revisions"}],"predecessor-version":[{"id":2488,"href":"https:\/\/sentrimax.com\/es\/wp-json\/wp\/v2\/pages\/2339\/revisions\/2488"}],"wp:attachment":[{"href":"https:\/\/sentrimax.com\/es\/wp-json\/wp\/v2\/media?parent=2339"}],"curies":[{"name":"wp","href":"https:\/\/api.w.org\/{rel}","templated":true}]}}