{"id":2340,"date":"2026-01-07T18:04:20","date_gmt":"2026-01-07T18:04:20","guid":{"rendered":"https:\/\/sentrimax.com\/?page_id=2340"},"modified":"2026-04-21T21:13:35","modified_gmt":"2026-04-21T21:13:35","slug":"decanter-centrifuge-gearbox-repair-in-toronto-on","status":"publish","type":"page","link":"https:\/\/sentrimax.com\/es\/decanter-centrifuge-gearbox-repair-in-toronto-on\/","title":{"rendered":"Reparaci\u00f3n de caja de engranajes de centr\u00edfuga decantadora en Toronto, Ontario"},"content":{"rendered":"<p data-start=\"517\" data-end=\"955\"><span class=\"hover:entity-accent entity-underline inline cursor-pointer align-baseline\"><span class=\"whitespace-normal\"><img fetchpriority=\"high\" decoding=\"async\" class=\"aligncenter size-full wp-image-904\" src=\"https:\/\/sentrimax.com\/wp-content\/uploads\/2025\/05\/image-3-1.png\" alt=\"\" width=\"1236\" height=\"760\" srcset=\"https:\/\/sentrimax.com\/wp-content\/uploads\/2025\/05\/image-3-1.png 1236w, https:\/\/sentrimax.com\/wp-content\/uploads\/2025\/05\/image-3-1-600x369.png 600w, https:\/\/sentrimax.com\/wp-content\/uploads\/2025\/05\/image-3-1-300x184.png 300w, https:\/\/sentrimax.com\/wp-content\/uploads\/2025\/05\/image-3-1-1024x630.png 1024w, https:\/\/sentrimax.com\/wp-content\/uploads\/2025\/05\/image-3-1-768x472.png 768w\" sizes=\"(max-width: 1236px) 100vw, 1236px\" \/><\/span><\/span><\/p>\n<p data-start=\"517\" data-end=\"955\"><span class=\"hover:entity-accent entity-underline inline cursor-pointer align-baseline\"><span class=\"whitespace-normal\">Sentrimax<\/span><\/span> Proporciona profesionalidad <strong data-start=\"577\" data-end=\"629\">Reparaci\u00f3n de caja de engranajes de centr\u00edfuga decantadora en Toronto, Ontario<\/strong>, respaldando operaciones industriales, municipales y del sector energ\u00e9tico que dependen del rendimiento constante de las centr\u00edfugas. Con d\u00e9cadas de experiencia en la reparaci\u00f3n de sistemas de centr\u00edfugas complejos en Norteam\u00e9rica, Sentrimax ofrece soluciones confiables de reparaci\u00f3n de cajas de engranajes que restauran la fiabilidad, mejoran la eficiencia y prolongan la vida \u00fatil de los equipos.<\/p>\n<p data-start=\"957\" data-end=\"1319\">Las cajas de engranajes de las centr\u00edfugas decantadoras desempe\u00f1an un papel fundamental en el control de la velocidad del taz\u00f3n, la velocidad diferencial y la transmisi\u00f3n del par. Cuando los componentes de la caja de engranajes se desgastan o fallan, la eficiencia de separaci\u00f3n disminuye y el riesgo de da\u00f1os secundarios aumenta. Sentrimax se especializa en servicios de reparaci\u00f3n de cajas de engranajes de precisi\u00f3n, dise\u00f1ados para que las centr\u00edfugas decantadoras vuelvan a funcionar de forma segura y estable.<\/p>\n<hr data-start=\"1321\" data-end=\"1324\" \/>\n<h2 data-start=\"1326\" data-end=\"1384\"><strong data-start=\"1329\" data-end=\"1384\">Reparaci\u00f3n especializada de cajas de engranajes para centr\u00edfugas decantadoras<\/strong><\/h2>\n<p data-start=\"1386\" data-end=\"1793\">Las cajas de engranajes de las centr\u00edfugas decantadoras funcionan bajo carga constante, alto par y condiciones de proceso exigentes. Con el tiempo, los componentes internos, como engranajes, cojinetes, ejes y sellos, experimentan desgaste que puede provocar vibraciones, sobrecalentamiento y una reducci\u00f3n del rendimiento de separaci\u00f3n. Sentrimax se centra en identificar la causa ra\u00edz de las fallas de las cajas de engranajes para ofrecer soluciones de reparaci\u00f3n a largo plazo en lugar de soluciones temporales.<\/p>\n<p data-start=\"1795\" data-end=\"2088\">Los servicios de reparaci\u00f3n incluyen el desmontaje completo de la caja de cambios, su inspecci\u00f3n, medici\u00f3n de precisi\u00f3n, reparaci\u00f3n o sustituci\u00f3n de componentes y reensamblaje controlado. Cada caja de cambios se restaura seg\u00fan las especificaciones del fabricante original o las tolerancias de ingenier\u00eda para garantizar una alineaci\u00f3n, distribuci\u00f3n de la carga y durabilidad adecuadas.<\/p>\n<p data-start=\"2090\" data-end=\"2349\">La precisi\u00f3n de la caja de engranajes es esencial para mantener un transporte de s\u00f3lidos constante y una clarificaci\u00f3n de l\u00edquidos uniforme en las centr\u00edfugas decantadoras. Las desviaciones mec\u00e1nicas dentro de la caja de engranajes pueden afectar el control de la velocidad diferencial y afectar negativamente los resultados del proceso si no se corrigen.<\/p>\n<hr data-start=\"2351\" data-end=\"2354\" \/>\n<h2 data-start=\"2356\" data-end=\"2402\"><strong data-start=\"2359\" data-end=\"2402\">Problemas comunes de la caja de cambios del decantador reparados<\/strong><\/h2>\n<p data-start=\"2404\" data-end=\"2519\">Los t\u00e9cnicos de Sentrimax reparan rutinariamente los problemas de caja de engranajes que se encuentran en aplicaciones de centr\u00edfugas decantadoras, incluidos:<\/p>\n<ul data-start=\"2521\" data-end=\"2772\">\n<li data-start=\"2521\" data-end=\"2562\">\n<p data-start=\"2523\" data-end=\"2562\">Vibraci\u00f3n excesiva o ruido anormal<\/p>\n<\/li>\n<li data-start=\"2563\" data-end=\"2602\">\n<p data-start=\"2565\" data-end=\"2602\">Desgaste, picaduras o da\u00f1os en los dientes del engranaje<\/p>\n<\/li>\n<li data-start=\"2603\" data-end=\"2647\">\n<p data-start=\"2605\" data-end=\"2647\">Falla del cojinete o aver\u00eda de la lubricaci\u00f3n<\/p>\n<\/li>\n<li data-start=\"2648\" data-end=\"2684\">\n<p data-start=\"2650\" data-end=\"2684\">Fugas de sellos y contaminaci\u00f3n del aceite<\/p>\n<\/li>\n<li data-start=\"2685\" data-end=\"2721\">\n<p data-start=\"2687\" data-end=\"2721\">Desalineaci\u00f3n o deflexi\u00f3n del eje<\/p>\n<\/li>\n<li data-start=\"2722\" data-end=\"2772\">\n<p data-start=\"2724\" data-end=\"2772\">P\u00e9rdida de transmisi\u00f3n de par o estabilidad de velocidad<\/p>\n<\/li>\n<\/ul>\n<p data-start=\"2774\" data-end=\"2935\">A trav\u00e9s de una inspecci\u00f3n detallada y un an\u00e1lisis de causa ra\u00edz, Sentrimax garantiza que cada reparaci\u00f3n de caja de cambios aborde tanto el da\u00f1o actual como los factores operativos contribuyentes.<\/p>\n<hr data-start=\"2937\" data-end=\"2940\" \/>\n<h2 data-start=\"2942\" data-end=\"2992\"><strong data-start=\"2945\" data-end=\"2992\">Por qu\u00e9 es fundamental la reparaci\u00f3n profesional de la caja de cambios<\/strong><\/h2>\n<p data-start=\"2994\" data-end=\"3192\">Una caja de engranajes defectuosa en una centr\u00edfuga decantadora puede provocar r\u00e1pidamente tiempos de inactividad imprevistos, reparaciones costosas y comprometer el rendimiento del proceso. Los servicios profesionales de reparaci\u00f3n de cajas de engranajes de Sentrimax ayudan a los operadores a:<\/p>\n<ul data-start=\"3194\" data-end=\"3447\">\n<li data-start=\"3194\" data-end=\"3247\">\n<p data-start=\"3196\" data-end=\"3247\">Restaurar la eficiencia de separaci\u00f3n y el control del proceso<\/p>\n<\/li>\n<li data-start=\"3248\" data-end=\"3309\">\n<p data-start=\"3250\" data-end=\"3309\">Prevenir da\u00f1os secundarios a los tazones y conjuntos giratorios<\/p>\n<\/li>\n<li data-start=\"3310\" data-end=\"3356\">\n<p data-start=\"3312\" data-end=\"3356\">Prolongar la vida \u00fatil de la caja de engranajes y la centr\u00edfuga<\/p>\n<\/li>\n<li data-start=\"3357\" data-end=\"3406\">\n<p data-start=\"3359\" data-end=\"3406\">Reducir los costos de reparaci\u00f3n y reemplazo de emergencia<\/p>\n<\/li>\n<li data-start=\"3407\" data-end=\"3447\">\n<p data-start=\"3409\" data-end=\"3447\">Mantener una operaci\u00f3n segura y confiable<\/p>\n<\/li>\n<\/ul>\n<p data-start=\"3449\" data-end=\"3659\">Intentar soluciones a corto plazo o retrasar la reparaci\u00f3n de la caja de cambios suele resultar en mayores da\u00f1os y costos m\u00e1s elevados. Sentrimax aplica metodolog\u00edas de reparaci\u00f3n probadas y un estricto control de calidad para garantizar la fiabilidad a largo plazo.<\/p>\n<hr data-start=\"3661\" data-end=\"3664\" \/>\n<h2 data-start=\"3666\" data-end=\"3710\"><strong data-start=\"3669\" data-end=\"3710\">Capacidades de reparaci\u00f3n de cajas de cambios Sentrimax<\/strong><\/h2>\n<p data-start=\"3712\" data-end=\"3895\">Sentrimax ofrece servicios integrales de reparaci\u00f3n de cajas de engranajes de centr\u00edfugas decantadoras, con el respaldo de mecanizado avanzado, experiencia en ingenier\u00eda y sistemas de calidad certificados. Nuestras capacidades incluyen:<\/p>\n<ul data-start=\"3897\" data-end=\"4200\">\n<li data-start=\"3897\" data-end=\"3941\">\n<p data-start=\"3899\" data-end=\"3941\">Desmontaje e inspecci\u00f3n completa de la caja de cambios<\/p>\n<\/li>\n<li data-start=\"3942\" data-end=\"3998\">\n<p data-start=\"3944\" data-end=\"3998\">Reparaci\u00f3n o reemplazo de engranajes, cojinetes, ejes y sellos<\/p>\n<\/li>\n<li data-start=\"3999\" data-end=\"4048\">\n<p data-start=\"4001\" data-end=\"4048\">Alineaci\u00f3n de precisi\u00f3n y reensamblaje controlado<\/p>\n<\/li>\n<li data-start=\"4049\" data-end=\"4097\">\n<p data-start=\"4051\" data-end=\"4097\">Evaluaci\u00f3n y correcci\u00f3n del sistema de lubricaci\u00f3n<\/p>\n<\/li>\n<li data-start=\"4098\" data-end=\"4149\">\n<p data-start=\"4100\" data-end=\"4149\">Pruebas funcionales y verificaci\u00f3n del rendimiento<\/p>\n<\/li>\n<li data-start=\"4150\" data-end=\"4200\">\n<p data-start=\"4152\" data-end=\"4200\">Componentes de reemplazo dise\u00f1ados y fabricados por OEM<\/p>\n<\/li>\n<\/ul>\n<p data-start=\"4202\" data-end=\"4355\">Para componentes de caja de cambios obsoletos o dif\u00edciles de conseguir, Sentrimax ofrece soluciones de fabricaci\u00f3n personalizada e ingenier\u00eda inversa para restaurar la funcionalidad completa.<\/p>\n<p data-start=\"4357\" data-end=\"4453\">Obtenga m\u00e1s informaci\u00f3n sobre las capacidades de reparaci\u00f3n y servicio de centr\u00edfugas en<br data-start=\"4419\" data-end=\"4422\" \/><a class=\"decorated-link\" href=\"https:\/\/sentrimax.com\/es\/services\/?utm_source=chatgpt.com\" target=\"_new\" rel=\"noopener\" data-start=\"4422\" data-end=\"4453\">https:\/\/sentrimax.com\/services\/<\/a><\/p>\n<hr data-start=\"4455\" data-end=\"4458\" \/>\n<h2 data-start=\"4460\" data-end=\"4510\"><strong data-start=\"4463\" data-end=\"4510\">Soporte de ingenier\u00eda y calidad con certificaci\u00f3n ISO<\/strong><\/h2>\n<p data-start=\"4512\" data-end=\"4792\">Sentrimax opera bajo un sistema de gesti\u00f3n de calidad con certificaci\u00f3n ISO 9001:2015, lo que garantiza un trabajo consistente, trazabilidad y resultados de reparaci\u00f3n repetibles. Cada reparaci\u00f3n de la caja de engranajes de la centr\u00edfuga decantadora sigue procedimientos documentados desde la inspecci\u00f3n inicial hasta la verificaci\u00f3n final.<\/p>\n<p data-start=\"4794\" data-end=\"5036\">El soporte de ingenier\u00eda se integra en cada proyecto de reparaci\u00f3n. Sentrimax eval\u00faa las condiciones de operaci\u00f3n, los requisitos de carga y el historial de fallas para recomendar mejoras de dise\u00f1o o estrategias de mantenimiento que reduzcan futuros problemas en la caja de cambios.<\/p>\n<p data-start=\"5038\" data-end=\"5123\">Obtenga m\u00e1s informaci\u00f3n sobre el proceso de reparaci\u00f3n de Sentrimax en<br data-start=\"5086\" data-end=\"5089\" \/><a class=\"decorated-link\" href=\"https:\/\/sentrimax.com\/es\/our-process\/?utm_source=chatgpt.com\" target=\"_new\" rel=\"noopener\" data-start=\"5089\" data-end=\"5123\">https:\/\/sentrimax.com\/our-process\/<\/a><\/p>\n<hr data-start=\"5125\" data-end=\"5128\" \/>\n<h2 data-start=\"5130\" data-end=\"5192\"><strong data-start=\"5133\" data-end=\"5192\">Apoyo a las operaciones de centr\u00edfugas decantadoras en Toronto, Ontario<\/strong><\/h2>\n<p data-start=\"5194\" data-end=\"5526\">Toronto, Ontario, es un importante centro de infraestructura municipal, procesamiento industrial y operaciones energ\u00e9ticas, donde se utilizan ampliamente las centr\u00edfugas decantadoras. Sentrimax apoya a las instalaciones en toda el \u00e1rea metropolitana de Toronto con servicios de reparaci\u00f3n de cajas de engranajes eficientes, dise\u00f1ados para cumplir con estrictos programas de mantenimiento y las exigencias operativas.<\/p>\n<p data-start=\"5528\" data-end=\"5845\">Con experiencia atendiendo a clientes en Canad\u00e1 y Estados Unidos, Sentrimax comprende la importancia de una respuesta r\u00e1pida, una comunicaci\u00f3n clara y plazos de entrega confiables. Ya sea que se trate de una falla urgente o de planificar un mantenimiento programado, Sentrimax brinda soporte experto durante todo el proceso de reparaci\u00f3n.<\/p>\n<p data-start=\"5847\" data-end=\"6030\">Las industrias apoyadas incluyen el tratamiento de aguas residuales municipales, el procesamiento industrial, el petr\u00f3leo y el gas, la producci\u00f3n de alimentos y bebidas y las instalaciones energ\u00e9ticas.<br data-start=\"5994\" data-end=\"5997\" \/><a class=\"decorated-link\" href=\"https:\/\/sentrimax.com\/es\/industries\/?utm_source=chatgpt.com\" target=\"_new\" rel=\"noopener\" data-start=\"5997\" data-end=\"6030\">https:\/\/sentrimax.com\/industries\/<\/a><\/p>\n<hr data-start=\"6032\" data-end=\"6035\" \/>\n<h2 data-start=\"6037\" data-end=\"6094\"><strong data-start=\"6040\" data-end=\"6094\">Mantenimiento preventivo y soporte a largo plazo para cajas de cambios<\/strong><\/h2>\n<p data-start=\"6096\" data-end=\"6406\">Adem\u00e1s de la reparaci\u00f3n de cajas de engranajes, Sentrimax ofrece servicios de mantenimiento preventivo y soporte durante el ciclo de vida para ayudar a los operadores a reducir las fallas inesperadas. Las inspecciones de rutina, el an\u00e1lisis de vibraciones, la monitorizaci\u00f3n de la lubricaci\u00f3n y el reemplazo planificado de componentes ayudan a identificar problemas a tiempo y a mantener un rendimiento constante.<\/p>\n<p data-start=\"6408\" data-end=\"6660\">Sentrimax tambi\u00e9n ofrece revisiones completas de centr\u00edfugas, reconstrucci\u00f3n de cajas de engranajes y consultor\u00eda t\u00e9cnica para instalaciones que gestionan equipos antiguos o que requieren procesos en constante evoluci\u00f3n. Estos servicios ayudan a prolongar la vida \u00fatil de los equipos y a controlar los costos de mantenimiento.<\/p>\n<p data-start=\"6662\" data-end=\"6789\">Informaci\u00f3n adicional sobre confiabilidad de equipos industriales y soporte de infraestructura est\u00e1 disponible en<br data-start=\"6763\" data-end=\"6766\" \/><a class=\"decorated-link\" href=\"https:\/\/www.energy.gov\/\" target=\"_new\" rel=\"noopener\" data-start=\"6766\" data-end=\"6789\">https:\/\/www.energy.gov\/<\/a><\/p>\n<hr data-start=\"6791\" data-end=\"6794\" \/>\n<h2 data-start=\"6796\" data-end=\"6848\"><strong data-start=\"6799\" data-end=\"6848\">Un socio de confianza para la reparaci\u00f3n de cajas de engranajes de decantadores<\/strong><\/h2>\n<p data-start=\"6850\" data-end=\"7106\">Sentrimax combina experiencia t\u00e9cnica, procesos con certificaci\u00f3n ISO y un profundo conocimiento de la industria para brindar un servicio confiable. <strong data-start=\"6965\" data-end=\"7017\">Reparaci\u00f3n de caja de engranajes de centr\u00edfuga decantadora en Toronto, Ontario<\/strong>. Cada reparaci\u00f3n se realiza centr\u00e1ndose en la precisi\u00f3n, la seguridad y el rendimiento a largo plazo.<\/p>\n<hr data-start=\"7108\" data-end=\"7111\" \/>\n<h2 data-start=\"7113\" data-end=\"7165\"><strong data-start=\"7116\" data-end=\"7165\">Solicite hoy mismo asistencia para la reparaci\u00f3n de la caja de engranajes del decantador<\/strong><\/h2>\n<p data-start=\"7167\" data-end=\"7372\">Cuando el rendimiento de una centr\u00edfuga decantadora depende de una caja de engranajes confiable, Sentrimax est\u00e1 listo para ayudarle. Hable con un miembro experimentado del equipo para hablar sobre las necesidades de reparaci\u00f3n de la caja de engranajes, los plazos y los requisitos t\u00e9cnicos.<\/p>\n<p data-start=\"7374\" data-end=\"7428\" data-is-last-node=\"\" data-is-only-node=\"\"><strong data-start=\"7374\" data-end=\"7428\" data-is-last-node=\"\"><a class=\"decorated-link\" href=\"https:\/\/sentrimax.com\/es\/contact\/\" target=\"_new\" rel=\"noopener\" data-start=\"7376\" data-end=\"7426\">\u00a1Solicita una cotizaci\u00f3n!<\/a><\/strong><\/p>","protected":false},"excerpt":{"rendered":"<p>Sentrimax provides professional decanter centrifuge gearbox repair in Toronto ON, supporting industrial, municipal, and energy-sector operations that rely on consistent centrifuge performance. With decades of experience repairing complex centrifuge systems across North America, Sentrimax delivers dependable gearbox repair solutions that restore reliability, improve efficiency, and extend equipment life. Decanter centrifuge gearboxes play a critical role [&hellip;]<\/p>\n","protected":false},"author":3,"featured_media":0,"parent":0,"menu_order":0,"comment_status":"closed","ping_status":"closed","template":"seo-page-template.php","meta":{"_acf_changed":false,"inline_featured_image":false,"footnotes":""},"class_list":["post-2340","page","type-page","status-publish","hentry"],"acf":[],"_links":{"self":[{"href":"https:\/\/sentrimax.com\/es\/wp-json\/wp\/v2\/pages\/2340","targetHints":{"allow":["GET"]}}],"collection":[{"href":"https:\/\/sentrimax.com\/es\/wp-json\/wp\/v2\/pages"}],"about":[{"href":"https:\/\/sentrimax.com\/es\/wp-json\/wp\/v2\/types\/page"}],"author":[{"embeddable":true,"href":"https:\/\/sentrimax.com\/es\/wp-json\/wp\/v2\/users\/3"}],"replies":[{"embeddable":true,"href":"https:\/\/sentrimax.com\/es\/wp-json\/wp\/v2\/comments?post=2340"}],"version-history":[{"count":1,"href":"https:\/\/sentrimax.com\/es\/wp-json\/wp\/v2\/pages\/2340\/revisions"}],"predecessor-version":[{"id":2487,"href":"https:\/\/sentrimax.com\/es\/wp-json\/wp\/v2\/pages\/2340\/revisions\/2487"}],"wp:attachment":[{"href":"https:\/\/sentrimax.com\/es\/wp-json\/wp\/v2\/media?parent=2340"}],"curies":[{"name":"wp","href":"https:\/\/api.w.org\/{rel}","templated":true}]}}