{"id":2341,"date":"2026-01-07T18:05:55","date_gmt":"2026-01-07T18:05:55","guid":{"rendered":"https:\/\/sentrimax.com\/?page_id=2341"},"modified":"2026-04-21T21:13:35","modified_gmt":"2026-04-21T21:13:35","slug":"centrifuge-rebuild-repair-in-los-angeles-ca","status":"publish","type":"page","link":"https:\/\/sentrimax.com\/es\/centrifuge-rebuild-repair-in-los-angeles-ca\/","title":{"rendered":"Reconstrucci\u00f3n y reparaci\u00f3n de centr\u00edfugas en Los \u00c1ngeles, CA"},"content":{"rendered":"<p data-start=\"507\" data-end=\"961\"><span class=\"hover:entity-accent entity-underline inline cursor-pointer align-baseline\"><span class=\"whitespace-normal\"><img fetchpriority=\"high\" decoding=\"async\" class=\"aligncenter size-full wp-image-880\" src=\"https:\/\/sentrimax.com\/wp-content\/uploads\/2025\/05\/image-2-1-scaled.png\" alt=\"\" width=\"2560\" height=\"896\" srcset=\"https:\/\/sentrimax.com\/wp-content\/uploads\/2025\/05\/image-2-1-scaled.png 2560w, https:\/\/sentrimax.com\/wp-content\/uploads\/2025\/05\/image-2-1-scaled-600x210.png 600w, https:\/\/sentrimax.com\/wp-content\/uploads\/2025\/05\/image-2-1-300x105.png 300w, https:\/\/sentrimax.com\/wp-content\/uploads\/2025\/05\/image-2-1-1024x358.png 1024w, https:\/\/sentrimax.com\/wp-content\/uploads\/2025\/05\/image-2-1-768x269.png 768w, https:\/\/sentrimax.com\/wp-content\/uploads\/2025\/05\/image-2-1-1536x538.png 1536w, https:\/\/sentrimax.com\/wp-content\/uploads\/2025\/05\/image-2-1-2048x717.png 2048w\" sizes=\"(max-width: 2560px) 100vw, 2560px\" \/><\/span><\/span><\/p>\n<p data-start=\"507\" data-end=\"961\"><span class=\"hover:entity-accent entity-underline inline cursor-pointer align-baseline\"><span class=\"whitespace-normal\">Sentrimax<\/span><\/span> Proporciona profesionalidad <strong data-start=\"567\" data-end=\"616\">Reconstrucci\u00f3n y reparaci\u00f3n de centr\u00edfugas en Los \u00c1ngeles, CA<\/strong>, apoyando operaciones industriales, municipales y del sector energ\u00e9tico que dependen de equipos de separaci\u00f3n confiables. Con d\u00e9cadas de experiencia en el mantenimiento de sistemas de centr\u00edfugas complejos en Norteam\u00e9rica, Sentrimax ofrece soluciones integrales de reconstrucci\u00f3n y reparaci\u00f3n que restauran el rendimiento, prolongan la vida \u00fatil de los equipos y reducen los costos operativos a largo plazo.<\/p>\n<p data-start=\"963\" data-end=\"1359\">Las centr\u00edfugas industriales operan en condiciones exigentes que someten a un esfuerzo continuo los componentes mec\u00e1nicos, el\u00e9ctricos y rotatorios. Con el tiempo, el desgaste, el desequilibrio y la fatiga pueden reducir la eficiencia y aumentar el riesgo de fallos. Sentrimax ofrece servicios completos de reconstrucci\u00f3n y reparaci\u00f3n de centr\u00edfugas dise\u00f1ados para que los equipos vuelvan a funcionar de forma segura y fiable, cumpliendo con estrictos est\u00e1ndares de calidad.<\/p>\n<hr data-start=\"1361\" data-end=\"1364\" \/>\n<h2 data-start=\"1366\" data-end=\"1423\"><strong data-start=\"1369\" data-end=\"1423\">Servicios integrales de reconstrucci\u00f3n y reparaci\u00f3n de centr\u00edfugas<\/strong><\/h2>\n<p data-start=\"1425\" data-end=\"1694\">Los servicios de reconstrucci\u00f3n y reparaci\u00f3n de centr\u00edfugas abordan tanto problemas mec\u00e1nicos inmediatos como problemas de rendimiento a largo plazo. Sentrimax eval\u00faa cada centr\u00edfuga individualmente para determinar si las reparaciones puntuales o una reconstrucci\u00f3n completa ofrecen el mayor valor y confiabilidad.<\/p>\n<p data-start=\"1696\" data-end=\"2021\">Los servicios de reparaci\u00f3n suelen centrarse en corregir fallos espec\u00edficos, como da\u00f1os en los rodamientos, fugas en los sellos, problemas con la caja de engranajes o con el sistema de transmisi\u00f3n. Los servicios de reconstrucci\u00f3n implican un proceso m\u00e1s exhaustivo que restaura la centr\u00edfuga a un estado operativo como nuevo mediante el desmontaje completo, la inspecci\u00f3n, la restauraci\u00f3n y el montaje.<\/p>\n<p data-start=\"2023\" data-end=\"2407\">Las centr\u00edfugas se basan en la fuerza centr\u00edfuga para separar s\u00f3lidos y l\u00edquidos eficientemente, lo que hace que el equilibrio, la alineaci\u00f3n y la integridad de los componentes sean cruciales. Incluso peque\u00f1as desviaciones pueden provocar vibraciones, reducir la eficiencia de separaci\u00f3n o causar da\u00f1os secundarios si no se abordan adecuadamente.<br data-start=\"2288\" data-end=\"2291\" \/>Puede encontrar informaci\u00f3n t\u00e9cnica adicional sobre el funcionamiento de la centr\u00edfuga en<br data-start=\"2356\" data-end=\"2359\" \/><a class=\"decorated-link\" href=\"https:\/\/www.britannica.com\/technology\/centrifuge\" target=\"_new\" rel=\"noopener\" data-start=\"2359\" data-end=\"2407\">https:\/\/www.britannica.com\/technology\/centrifuge<\/a><\/p>\n<hr data-start=\"2409\" data-end=\"2412\" \/>\n<h2 data-start=\"2414\" data-end=\"2468\"><strong data-start=\"2417\" data-end=\"2468\">Problemas comunes abordados durante la reconstrucci\u00f3n y reparaci\u00f3n<\/strong><\/h2>\n<p data-start=\"2470\" data-end=\"2558\">Los equipos de reconstrucci\u00f3n y reparaci\u00f3n de Sentrimax abordan una amplia gama de problemas de centr\u00edfugas, incluidos:<\/p>\n<ul data-start=\"2560\" data-end=\"2798\">\n<li data-start=\"2560\" data-end=\"2601\">\n<p data-start=\"2562\" data-end=\"2601\">Vibraci\u00f3n excesiva o ruido anormal<\/p>\n<\/li>\n<li data-start=\"2602\" data-end=\"2635\">\n<p data-start=\"2604\" data-end=\"2635\">Eficiencia de separaci\u00f3n reducida<\/p>\n<\/li>\n<li data-start=\"2636\" data-end=\"2678\">\n<p data-start=\"2638\" data-end=\"2678\">Fallas en cojinetes, sellos o lubricaci\u00f3n<\/p>\n<\/li>\n<li data-start=\"2679\" data-end=\"2711\">\n<p data-start=\"2681\" data-end=\"2711\">Desgaste de la caja de cambios o del sistema de transmisi\u00f3n<\/p>\n<\/li>\n<li data-start=\"2712\" data-end=\"2757\">\n<p data-start=\"2714\" data-end=\"2757\">Fatiga estructural en conjuntos rotatorios<\/p>\n<\/li>\n<li data-start=\"2758\" data-end=\"2798\">\n<p data-start=\"2760\" data-end=\"2798\">Fallos del sistema el\u00e9ctrico y de control<\/p>\n<\/li>\n<\/ul>\n<p data-start=\"2800\" data-end=\"2956\">A trav\u00e9s de una inspecci\u00f3n detallada y un an\u00e1lisis de la causa ra\u00edz, Sentrimax garantiza que las reconstrucciones y reparaciones corrijan problemas subyacentes en lugar de s\u00edntomas temporales.<\/p>\n<hr data-start=\"2958\" data-end=\"2961\" \/>\n<h2 data-start=\"2963\" data-end=\"3011\"><strong data-start=\"2966\" data-end=\"3011\">Por qu\u00e9 es importante la reconstrucci\u00f3n y reparaci\u00f3n profesional<\/strong><\/h2>\n<p data-start=\"3013\" data-end=\"3179\">Los servicios profesionales de reconstrucci\u00f3n y reparaci\u00f3n de centr\u00edfugas son fundamentales para mantener el tiempo de funcionamiento, la seguridad y la eficiencia operativa. Los servicios de Sentrimax ayudan a los operadores a:<\/p>\n<ul data-start=\"3181\" data-end=\"3383\">\n<li data-start=\"3181\" data-end=\"3215\">\n<p data-start=\"3183\" data-end=\"3215\">Prolongar la vida \u00fatil de la centr\u00edfuga<\/p>\n<\/li>\n<li data-start=\"3216\" data-end=\"3263\">\n<p data-start=\"3218\" data-end=\"3263\">Restaurar las especificaciones de rendimiento originales<\/p>\n<\/li>\n<li data-start=\"3264\" data-end=\"3293\">\n<p data-start=\"3266\" data-end=\"3293\">Reducir el tiempo de inactividad no planificado<\/p>\n<\/li>\n<li data-start=\"3294\" data-end=\"3335\">\n<p data-start=\"3296\" data-end=\"3335\">Evite el reemplazo prematuro de equipos<\/p>\n<\/li>\n<li data-start=\"3336\" data-end=\"3383\">\n<p data-start=\"3338\" data-end=\"3383\">Mejorar la consistencia y confiabilidad del proceso<\/p>\n<\/li>\n<\/ul>\n<p data-start=\"3385\" data-end=\"3635\">Retrasar las reconstrucciones o depender de reparaciones parciales suele resultar en un aumento de los costos de mantenimiento y un mayor riesgo de fallos catastr\u00f3ficos. Sentrimax aplica metodolog\u00edas probadas y procesos de calidad controlada para ofrecer soluciones duraderas a largo plazo.<\/p>\n<hr data-start=\"3637\" data-end=\"3640\" \/>\n<h2 data-start=\"3642\" data-end=\"3688\"><strong data-start=\"3645\" data-end=\"3688\">Capacidades de reconstrucci\u00f3n y reparaci\u00f3n de Sentrimax<\/strong><\/h2>\n<p data-start=\"3690\" data-end=\"3851\">Sentrimax ofrece servicios integrales de reconstrucci\u00f3n y reparaci\u00f3n de centr\u00edfugas, con el respaldo de una amplia experiencia en mecanizado, fabricaci\u00f3n e ingenier\u00eda. Nuestras capacidades incluyen:<\/p>\n<ul data-start=\"3853\" data-end=\"4126\">\n<li data-start=\"3853\" data-end=\"3900\">\n<p data-start=\"3855\" data-end=\"3900\">Desmontaje e inspecci\u00f3n completos de la centr\u00edfuga<\/p>\n<\/li>\n<li data-start=\"3901\" data-end=\"3953\">\n<p data-start=\"3903\" data-end=\"3953\">Reemplazo de cojinetes, sellos y conjuntos giratorios<\/p>\n<\/li>\n<li data-start=\"3954\" data-end=\"3991\">\n<p data-start=\"3956\" data-end=\"3991\">Reconstrucciones de cajas de cambios y sistemas de transmisi\u00f3n<\/p>\n<\/li>\n<li data-start=\"3992\" data-end=\"4029\">\n<p data-start=\"3994\" data-end=\"4029\">Equilibrado y alineaci\u00f3n de precisi\u00f3n<\/p>\n<\/li>\n<li data-start=\"4030\" data-end=\"4074\">\n<p data-start=\"4032\" data-end=\"4074\">Evaluaci\u00f3n de sistemas el\u00e9ctricos y de control<\/p>\n<\/li>\n<li data-start=\"4075\" data-end=\"4126\">\n<p data-start=\"4077\" data-end=\"4126\">Pruebas funcionales y verificaci\u00f3n del rendimiento<\/p>\n<\/li>\n<\/ul>\n<p data-start=\"4128\" data-end=\"4338\">Se utilizan componentes de repuesto con especificaciones OEM o dise\u00f1ados espec\u00edficamente para garantizar un ajuste perfecto y un funcionamiento fiable. Para piezas obsoletas o dif\u00edciles de conseguir, Sentrimax ofrece soluciones de fabricaci\u00f3n a medida e ingenier\u00eda inversa.<\/p>\n<p data-start=\"4340\" data-end=\"4425\">Obtenga m\u00e1s informaci\u00f3n sobre las capacidades de servicio de centr\u00edfugas en<br data-start=\"4391\" data-end=\"4394\" \/><a class=\"decorated-link\" href=\"https:\/\/sentrimax.com\/es\/services\/?utm_source=chatgpt.com\" target=\"_new\" rel=\"noopener\" data-start=\"4394\" data-end=\"4425\">https:\/\/sentrimax.com\/services\/<\/a><\/p>\n<hr data-start=\"4427\" data-end=\"4430\" \/>\n<h2 data-start=\"4432\" data-end=\"4482\"><strong data-start=\"4435\" data-end=\"4482\">Soporte de ingenier\u00eda y calidad con certificaci\u00f3n ISO<\/strong><\/h2>\n<p data-start=\"4484\" data-end=\"4765\">Sentrimax opera bajo un sistema de gesti\u00f3n de calidad con certificaci\u00f3n ISO 9001:2015, lo que garantiza consistencia, trazabilidad y resultados repetibles en todos los proyectos de reconstrucci\u00f3n y reparaci\u00f3n. Cada reconstrucci\u00f3n de centr\u00edfuga sigue procedimientos documentados desde la evaluaci\u00f3n inicial hasta la inspecci\u00f3n final.<\/p>\n<p data-start=\"4767\" data-end=\"5000\">El soporte de ingenier\u00eda est\u00e1 integrado en todo el proceso. Sentrimax eval\u00faa las condiciones operativas y el rendimiento hist\u00f3rico para recomendar mejoras de dise\u00f1o, mejoras de materiales o estrategias de mantenimiento que reduzcan futuras fallas.<\/p>\n<p data-start=\"5002\" data-end=\"5080\">Obtenga m\u00e1s informaci\u00f3n sobre el proceso Sentrimax en<br data-start=\"5043\" data-end=\"5046\" \/><a class=\"decorated-link\" href=\"https:\/\/sentrimax.com\/es\/our-process\/?utm_source=chatgpt.com\" target=\"_new\" rel=\"noopener\" data-start=\"5046\" data-end=\"5080\">https:\/\/sentrimax.com\/our-process\/<\/a><\/p>\n<hr data-start=\"5082\" data-end=\"5085\" \/>\n<h2 data-start=\"5087\" data-end=\"5144\"><strong data-start=\"5090\" data-end=\"5144\">Apoyo a las operaciones industriales en Los \u00c1ngeles, CA<\/strong><\/h2>\n<p data-start=\"5146\" data-end=\"5454\">Los \u00c1ngeles, California, es un importante centro de infraestructura municipal, manufactura, procesamiento de alimentos, energ\u00eda y servicios ambientales, donde las centr\u00edfugas desempe\u00f1an un papel vital. Sentrimax apoya a instalaciones de toda la regi\u00f3n con servicios de reconstrucci\u00f3n y reparaci\u00f3n \u00e1giles, adaptados a entornos operativos exigentes.<\/p>\n<p data-start=\"5456\" data-end=\"5766\">Con experiencia atendiendo a clientes en Estados Unidos y Canad\u00e1, Sentrimax comprende la importancia de tiempos de respuesta confiables, una comunicaci\u00f3n clara y una ejecuci\u00f3n experta. Ya sea que se trate de reparaciones de emergencia o de una reconstrucci\u00f3n programada, Sentrimax brinda soporte confiable de principio a fin.<\/p>\n<p data-start=\"5768\" data-end=\"5954\">Las industrias apoyadas incluyen el tratamiento de aguas residuales municipales, el procesamiento industrial, el petr\u00f3leo y el gas, la fabricaci\u00f3n de alimentos y bebidas y la producci\u00f3n de energ\u00eda.<br data-start=\"5918\" data-end=\"5921\" \/><a class=\"decorated-link\" href=\"https:\/\/sentrimax.com\/es\/industries\/?utm_source=chatgpt.com\" target=\"_new\" rel=\"noopener\" data-start=\"5921\" data-end=\"5954\">https:\/\/sentrimax.com\/industries\/<\/a><\/p>\n<hr data-start=\"5956\" data-end=\"5959\" \/>\n<h2 data-start=\"5961\" data-end=\"6010\"><strong data-start=\"5964\" data-end=\"6010\">Mantenimiento preventivo y soporte durante el ciclo de vida<\/strong><\/h2>\n<p data-start=\"6012\" data-end=\"6303\">Adem\u00e1s de los servicios de reconstrucci\u00f3n y reparaci\u00f3n de centr\u00edfugas, Sentrimax ofrece programas de mantenimiento preventivo y soporte durante todo el ciclo de vida, dise\u00f1ados para reducir las fallas inesperadas. Las inspecciones de rutina, el monitoreo de vibraciones y la planificaci\u00f3n del reemplazo de componentes ayudan a las instalaciones a gestionar el mantenimiento de forma proactiva.<\/p>\n<p data-start=\"6305\" data-end=\"6543\">Sentrimax tambi\u00e9n ofrece alquiler de centr\u00edfugas, apoyo para la movilizaci\u00f3n y consultor\u00eda t\u00e9cnica para operaciones que requieren capacidad temporal o planificaci\u00f3n a largo plazo. Estos servicios ayudan a mantener la productividad y a controlar los costos de mantenimiento.<\/p>\n<p data-start=\"6545\" data-end=\"6672\">Puede encontrar informaci\u00f3n adicional sobre la confiabilidad de los equipos industriales y el soporte de infraestructura en<br data-start=\"6646\" data-end=\"6649\" \/><a class=\"decorated-link\" href=\"https:\/\/www.energy.gov\/\" target=\"_new\" rel=\"noopener\" data-start=\"6649\" data-end=\"6672\">https:\/\/www.energy.gov\/<\/a><\/p>\n<hr data-start=\"6674\" data-end=\"6677\" \/>\n<h2 data-start=\"6679\" data-end=\"6735\"><strong data-start=\"6682\" data-end=\"6735\">Un socio de confianza para la reconstrucci\u00f3n y reparaci\u00f3n de centr\u00edfugas<\/strong><\/h2>\n<p data-start=\"6737\" data-end=\"6991\">Sentrimax combina experiencia t\u00e9cnica, procesos con certificaci\u00f3n ISO y un profundo conocimiento de la industria para brindar un servicio confiable. <strong data-start=\"6852\" data-end=\"6901\">Reconstrucci\u00f3n y reparaci\u00f3n de centr\u00edfugas en Los \u00c1ngeles, CA<\/strong>. Cada proyecto se completa con un enfoque en la seguridad, la precisi\u00f3n y el rendimiento a largo plazo.<\/p>\n<hr data-start=\"6993\" data-end=\"6996\" \/>\n<h2 data-start=\"6998\" data-end=\"7054\"><strong data-start=\"7001\" data-end=\"7054\">Solicite hoy mismo asistencia para la reconstrucci\u00f3n y reparaci\u00f3n de centr\u00edfugas<\/strong><\/h2>\n<p data-start=\"7056\" data-end=\"7255\">Cuando el rendimiento de la centr\u00edfuga es fundamental para su operaci\u00f3n, Sentrimax est\u00e1 listo para ayudarle. Hable con un miembro experimentado del equipo para hablar sobre sus necesidades de reconstrucci\u00f3n o reparaci\u00f3n, plazos y requisitos t\u00e9cnicos.<\/p>\n<p data-start=\"7257\" data-end=\"7311\" data-is-last-node=\"\" data-is-only-node=\"\"><strong data-start=\"7257\" data-end=\"7311\" data-is-last-node=\"\"><a class=\"decorated-link\" href=\"https:\/\/sentrimax.com\/es\/contact\/\" target=\"_new\" rel=\"noopener\" data-start=\"7259\" data-end=\"7309\">\u00a1Solicita una cotizaci\u00f3n!<\/a><\/strong><\/p>","protected":false},"excerpt":{"rendered":"<p>Sentrimax provides professional centrifuge rebuild &amp; repair in Los Angeles CA, supporting industrial, municipal, and energy-sector operations that rely on dependable separation equipment. With decades of experience servicing complex centrifuge systems across North America, Sentrimax delivers comprehensive rebuild and repair solutions that restore performance, extend equipment life, and reduce long-term operating costs. Industrial centrifuges operate [&hellip;]<\/p>\n","protected":false},"author":3,"featured_media":0,"parent":0,"menu_order":0,"comment_status":"closed","ping_status":"closed","template":"seo-page-template.php","meta":{"_acf_changed":false,"inline_featured_image":false,"footnotes":""},"class_list":["post-2341","page","type-page","status-publish","hentry"],"acf":[],"_links":{"self":[{"href":"https:\/\/sentrimax.com\/es\/wp-json\/wp\/v2\/pages\/2341","targetHints":{"allow":["GET"]}}],"collection":[{"href":"https:\/\/sentrimax.com\/es\/wp-json\/wp\/v2\/pages"}],"about":[{"href":"https:\/\/sentrimax.com\/es\/wp-json\/wp\/v2\/types\/page"}],"author":[{"embeddable":true,"href":"https:\/\/sentrimax.com\/es\/wp-json\/wp\/v2\/users\/3"}],"replies":[{"embeddable":true,"href":"https:\/\/sentrimax.com\/es\/wp-json\/wp\/v2\/comments?post=2341"}],"version-history":[{"count":1,"href":"https:\/\/sentrimax.com\/es\/wp-json\/wp\/v2\/pages\/2341\/revisions"}],"predecessor-version":[{"id":2486,"href":"https:\/\/sentrimax.com\/es\/wp-json\/wp\/v2\/pages\/2341\/revisions\/2486"}],"wp:attachment":[{"href":"https:\/\/sentrimax.com\/es\/wp-json\/wp\/v2\/media?parent=2341"}],"curies":[{"name":"wp","href":"https:\/\/api.w.org\/{rel}","templated":true}]}}