{"id":2342,"date":"2026-01-07T18:07:48","date_gmt":"2026-01-07T18:07:48","guid":{"rendered":"https:\/\/sentrimax.com\/?page_id=2342"},"modified":"2026-01-07T18:32:03","modified_gmt":"2026-01-07T18:32:03","slug":"full-service-centrifuge-repair-in-dallas-tx","status":"publish","type":"page","link":"https:\/\/sentrimax.com\/es\/full-service-centrifuge-repair-in-dallas-tx\/","title":{"rendered":"Reparaci\u00f3n integral de centr\u00edfugas en Dallas, TX"},"content":{"rendered":"<p data-start=\"507\" data-end=\"926\"><span class=\"hover:entity-accent entity-underline inline cursor-pointer align-baseline\"><span class=\"whitespace-normal\"><img fetchpriority=\"high\" decoding=\"async\" class=\"aligncenter size-full wp-image-546\" src=\"https:\/\/sentrimax.com\/wp-content\/uploads\/2025\/05\/image-11.jpg\" alt=\"\" width=\"1440\" height=\"504\" srcset=\"https:\/\/sentrimax.com\/wp-content\/uploads\/2025\/05\/image-11.jpg 1440w, https:\/\/sentrimax.com\/wp-content\/uploads\/2025\/05\/image-11-600x210.jpg 600w, https:\/\/sentrimax.com\/wp-content\/uploads\/2025\/05\/image-11-300x105.jpg 300w, https:\/\/sentrimax.com\/wp-content\/uploads\/2025\/05\/image-11-1024x358.jpg 1024w, https:\/\/sentrimax.com\/wp-content\/uploads\/2025\/05\/image-11-768x269.jpg 768w\" sizes=\"(max-width: 1440px) 100vw, 1440px\" \/><\/span><\/span><\/p>\n<p data-start=\"507\" data-end=\"926\"><span class=\"hover:entity-accent entity-underline inline cursor-pointer align-baseline\"><span class=\"whitespace-normal\">Sentrimax<\/span><\/span> Proporciona profesionalidad <strong data-start=\"567\" data-end=\"614\">Servicio completo de reparaci\u00f3n de centr\u00edfugas en Dallas, TX<\/strong>, apoyando operaciones municipales, industriales y del sector energ\u00e9tico que dependen de equipos de separaci\u00f3n confiables. Con d\u00e9cadas de experiencia en el mantenimiento de centr\u00edfugas industriales en toda Norteam\u00e9rica, Sentrimax ofrece soluciones integrales de reparaci\u00f3n que restauran el rendimiento, reducen el tiempo de inactividad y prolongan la vida \u00fatil de los equipos.<\/p>\n<p data-start=\"928\" data-end=\"1359\">Las centr\u00edfugas industriales operan en entornos exigentes donde el funcionamiento continuo, las altas velocidades de rotaci\u00f3n y los materiales abrasivos someten a componentes cr\u00edticos a una tensi\u00f3n considerable. Cuando el rendimiento disminuye o se producen fallos, es esencial una reparaci\u00f3n r\u00e1pida y exhaustiva. Sentrimax ofrece servicios completos de reparaci\u00f3n de centr\u00edfugas dise\u00f1ados para que los equipos vuelvan a funcionar de forma segura y fiable, cumpliendo con estrictos est\u00e1ndares de calidad y rendimiento.<\/p>\n<hr data-start=\"1361\" data-end=\"1364\" \/>\n<h2 data-start=\"1366\" data-end=\"1427\"><strong data-start=\"1369\" data-end=\"1427\">Soluciones integrales de reparaci\u00f3n de centr\u00edfugas con servicio completo<\/strong><\/h2>\n<p data-start=\"1429\" data-end=\"1733\">El servicio completo de reparaci\u00f3n de centr\u00edfugas abarca todos los aspectos de su rendimiento, desde la integridad mec\u00e1nica hasta los sistemas el\u00e9ctricos y de control. Sentrimax eval\u00faa cada centr\u00edfuga para determinar el alcance de la reparaci\u00f3n necesaria, ya sea la sustituci\u00f3n de componentes espec\u00edficos o una restauraci\u00f3n m\u00e1s completa.<\/p>\n<p data-start=\"1735\" data-end=\"1988\">Los servicios de reparaci\u00f3n incluyen inspecci\u00f3n, diagn\u00f3stico, desmontaje, reparaci\u00f3n o sustituci\u00f3n de componentes, reensamblaje y pruebas. Este enfoque integral garantiza la identificaci\u00f3n y correcci\u00f3n de todos los problemas que contribuyen al problema, no solo de los s\u00edntomas visibles de la falla.<\/p>\n<p data-start=\"1990\" data-end=\"2394\">Las centr\u00edfugas se basan en la fuerza centr\u00edfuga para separar s\u00f3lidos y l\u00edquidos eficientemente, por lo que la precisi\u00f3n, el equilibrio y la alineaci\u00f3n son esenciales para una operaci\u00f3n segura. Incluso peque\u00f1as desviaciones mec\u00e1nicas pueden provocar vibraciones, reducir la eficiencia de separaci\u00f3n o causar da\u00f1os secundarios si no se abordan.<br data-start=\"2269\" data-end=\"2272\" \/>Se encuentra disponible informaci\u00f3n t\u00e9cnica adicional sobre el funcionamiento de la centr\u00edfuga en<br data-start=\"2343\" data-end=\"2346\" \/><a class=\"decorated-link\" href=\"https:\/\/www.britannica.com\/technology\/centrifuge\" target=\"_new\" rel=\"noopener\" data-start=\"2346\" data-end=\"2394\">https:\/\/www.britannica.com\/technology\/centrifuge<\/a><\/p>\n<hr data-start=\"2396\" data-end=\"2399\" \/>\n<h2 data-start=\"2401\" data-end=\"2441\"><strong data-start=\"2404\" data-end=\"2441\">Problemas comunes de la centr\u00edfuga reparados<\/strong><\/h2>\n<p data-start=\"2443\" data-end=\"2594\">Los equipos de reparaci\u00f3n de servicio completo de Sentrimax abordan una amplia gama de problemas de centr\u00edfugas que se encuentran com\u00fanmente en aplicaciones industriales y municipales, que incluyen:<\/p>\n<ul data-start=\"2596\" data-end=\"2854\">\n<li data-start=\"2596\" data-end=\"2637\">\n<p data-start=\"2598\" data-end=\"2637\">Vibraci\u00f3n excesiva o ruido anormal<\/p>\n<\/li>\n<li data-start=\"2638\" data-end=\"2685\">\n<p data-start=\"2640\" data-end=\"2685\">Eficiencia de separaci\u00f3n o rendimiento reducidos<\/p>\n<\/li>\n<li data-start=\"2686\" data-end=\"2728\">\n<p data-start=\"2688\" data-end=\"2728\">Fallas en cojinetes, sellos o lubricaci\u00f3n<\/p>\n<\/li>\n<li data-start=\"2729\" data-end=\"2762\">\n<p data-start=\"2731\" data-end=\"2762\">Desgaste de la caja de cambios y del sistema de transmisi\u00f3n<\/p>\n<\/li>\n<li data-start=\"2763\" data-end=\"2808\">\n<p data-start=\"2765\" data-end=\"2808\">Mal funcionamiento del sistema el\u00e9ctrico o de control<\/p>\n<\/li>\n<li data-start=\"2809\" data-end=\"2854\">\n<p data-start=\"2811\" data-end=\"2854\">Fatiga estructural en conjuntos rotatorios<\/p>\n<\/li>\n<\/ul>\n<p data-start=\"2856\" data-end=\"3008\">Mediante una inspecci\u00f3n detallada y un an\u00e1lisis de la causa ra\u00edz, Sentrimax garantiza que las reparaciones corrijan los problemas subyacentes y reduzcan la probabilidad de que se repitan fallas.<\/p>\n<hr data-start=\"3010\" data-end=\"3013\" \/>\n<h2 data-start=\"3015\" data-end=\"3064\"><strong data-start=\"3018\" data-end=\"3064\">Por qu\u00e9 es importante la reparaci\u00f3n integral de centr\u00edfugas<\/strong><\/h2>\n<p data-start=\"3066\" data-end=\"3235\">La reparaci\u00f3n integral de centr\u00edfugas es fundamental para mantener el tiempo de funcionamiento, la seguridad y la eficiencia del proceso. Las soluciones de reparaci\u00f3n integral de Sentrimax ayudan a los operadores a:<\/p>\n<ul data-start=\"3237\" data-end=\"3437\">\n<li data-start=\"3237\" data-end=\"3268\">\n<p data-start=\"3239\" data-end=\"3268\">Minimizar el tiempo de inactividad no planificado<\/p>\n<\/li>\n<li data-start=\"3269\" data-end=\"3316\">\n<p data-start=\"3271\" data-end=\"3316\">Restaurar las especificaciones de rendimiento originales<\/p>\n<\/li>\n<li data-start=\"3317\" data-end=\"3351\">\n<p data-start=\"3319\" data-end=\"3351\">Prolongar la vida \u00fatil de la centr\u00edfuga<\/p>\n<\/li>\n<li data-start=\"3352\" data-end=\"3390\">\n<p data-start=\"3354\" data-end=\"3390\">Reducir los costos de mantenimiento a largo plazo<\/p>\n<\/li>\n<li data-start=\"3391\" data-end=\"3437\">\n<p data-start=\"3393\" data-end=\"3437\">Mejorar la confiabilidad y seguridad operativa<\/p>\n<\/li>\n<\/ul>\n<p data-start=\"3439\" data-end=\"3678\">Las reparaciones parciales o el mantenimiento retrasado suelen generar costos crecientes y un mayor riesgo de fallas catastr\u00f3ficas en los equipos. Sentrimax aplica metodolog\u00edas de reparaci\u00f3n probadas y un estricto control de calidad para ofrecer soluciones duraderas.<\/p>\n<hr data-start=\"3680\" data-end=\"3683\" \/>\n<h2 data-start=\"3685\" data-end=\"3721\"><strong data-start=\"3688\" data-end=\"3721\">Capacidades de reparaci\u00f3n de Sentrimax<\/strong><\/h2>\n<p data-start=\"3723\" data-end=\"3872\">Sentrimax ofrece servicios integrales de reparaci\u00f3n de centr\u00edfugas, con el respaldo de una amplia experiencia en mecanizado, fabricaci\u00f3n e ingenier\u00eda. Nuestras capacidades incluyen:<\/p>\n<ul data-start=\"3874\" data-end=\"4157\">\n<li data-start=\"3874\" data-end=\"3921\">\n<p data-start=\"3876\" data-end=\"3921\">Desmontaje e inspecci\u00f3n completos de la centr\u00edfuga<\/p>\n<\/li>\n<li data-start=\"3922\" data-end=\"3984\">\n<p data-start=\"3924\" data-end=\"3984\">Reparaci\u00f3n o reemplazo de cojinetes, sellos y conjuntos giratorios<\/p>\n<\/li>\n<li data-start=\"3985\" data-end=\"4021\">\n<p data-start=\"3987\" data-end=\"4021\">Servicio de caja de cambios y sistema de transmisi\u00f3n<\/p>\n<\/li>\n<li data-start=\"4022\" data-end=\"4059\">\n<p data-start=\"4024\" data-end=\"4059\">Equilibrado y alineaci\u00f3n de precisi\u00f3n<\/p>\n<\/li>\n<li data-start=\"4060\" data-end=\"4105\">\n<p data-start=\"4062\" data-end=\"4105\">Diagn\u00f3stico de sistemas el\u00e9ctricos y de control<\/p>\n<\/li>\n<li data-start=\"4106\" data-end=\"4157\">\n<p data-start=\"4108\" data-end=\"4157\">Pruebas funcionales y verificaci\u00f3n del rendimiento<\/p>\n<\/li>\n<\/ul>\n<p data-start=\"4159\" data-end=\"4369\">Se utilizan componentes de repuesto con especificaciones OEM o dise\u00f1ados espec\u00edficamente para garantizar un ajuste perfecto y un funcionamiento fiable. Para piezas obsoletas o dif\u00edciles de conseguir, Sentrimax ofrece soluciones de fabricaci\u00f3n a medida e ingenier\u00eda inversa.<\/p>\n<p data-start=\"4371\" data-end=\"4467\">Obtenga m\u00e1s informaci\u00f3n sobre las capacidades de reparaci\u00f3n y servicio de centr\u00edfugas en<br data-start=\"4433\" data-end=\"4436\" \/><a class=\"decorated-link\" href=\"https:\/\/sentrimax.com\/es\/services\/?utm_source=chatgpt.com\" target=\"_new\" rel=\"noopener\" data-start=\"4436\" data-end=\"4467\">https:\/\/sentrimax.com\/services\/<\/a><\/p>\n<hr data-start=\"4469\" data-end=\"4472\" \/>\n<h2 data-start=\"4474\" data-end=\"4524\"><strong data-start=\"4477\" data-end=\"4524\">Soporte de ingenier\u00eda y calidad con certificaci\u00f3n ISO<\/strong><\/h2>\n<p data-start=\"4526\" data-end=\"4795\">Sentrimax opera bajo un sistema de gesti\u00f3n de calidad con certificaci\u00f3n ISO 9001:2015, lo que garantiza consistencia, trazabilidad y resultados repetibles en todos los proyectos de reparaci\u00f3n. Cada reparaci\u00f3n de centr\u00edfuga sigue procedimientos documentados desde la evaluaci\u00f3n inicial hasta la inspecci\u00f3n final.<\/p>\n<p data-start=\"4797\" data-end=\"5066\">El soporte de ingenier\u00eda est\u00e1 integrado en todo el proceso de reparaci\u00f3n. Sentrimax eval\u00faa las condiciones operativas y los datos hist\u00f3ricos de rendimiento para recomendar mejoras de dise\u00f1o, mejoras de materiales o estrategias de mantenimiento que reduzcan futuras fallas y mejoren la confiabilidad.<\/p>\n<p data-start=\"5068\" data-end=\"5146\">Obtenga m\u00e1s informaci\u00f3n sobre el proceso Sentrimax en<br data-start=\"5109\" data-end=\"5112\" \/><a class=\"decorated-link\" href=\"https:\/\/sentrimax.com\/es\/our-process\/?utm_source=chatgpt.com\" target=\"_new\" rel=\"noopener\" data-start=\"5112\" data-end=\"5146\">https:\/\/sentrimax.com\/our-process\/<\/a><\/p>\n<hr data-start=\"5148\" data-end=\"5151\" \/>\n<h2 data-start=\"5153\" data-end=\"5217\"><strong data-start=\"5156\" data-end=\"5217\">Apoyo a operaciones industriales y municipales en Dallas, TX<\/strong><\/h2>\n<p data-start=\"5219\" data-end=\"5538\">Dallas, Texas, es un importante centro de infraestructura municipal, manufactura, procesamiento de alimentos, energ\u00eda y servicios ambientales, donde las centr\u00edfugas desempe\u00f1an un papel vital. Sentrimax brinda soporte a instalaciones en toda el \u00e1rea de Dallas-Fort Worth con un servicio completo y eficiente de reparaci\u00f3n de centr\u00edfugas, adaptado a entornos operativos exigentes.<\/p>\n<p data-start=\"5540\" data-end=\"5852\">Con experiencia atendiendo a clientes en Estados Unidos y Canad\u00e1, Sentrimax comprende la importancia de tiempos de respuesta confiables, una comunicaci\u00f3n clara y una ejecuci\u00f3n experta. Ya sea que se trate de reparaciones de emergencia o de la planificaci\u00f3n de mantenimiento programado, Sentrimax brinda soporte confiable de principio a fin.<\/p>\n<p data-start=\"5854\" data-end=\"6040\">Las industrias apoyadas incluyen el tratamiento de aguas residuales municipales, el procesamiento industrial, el petr\u00f3leo y el gas, la fabricaci\u00f3n de alimentos y bebidas y la producci\u00f3n de energ\u00eda.<br data-start=\"6004\" data-end=\"6007\" \/><a class=\"decorated-link\" href=\"https:\/\/sentrimax.com\/es\/industries\/?utm_source=chatgpt.com\" target=\"_new\" rel=\"noopener\" data-start=\"6007\" data-end=\"6040\">https:\/\/sentrimax.com\/industries\/<\/a><\/p>\n<hr data-start=\"6042\" data-end=\"6045\" \/>\n<h2 data-start=\"6047\" data-end=\"6096\"><strong data-start=\"6050\" data-end=\"6096\">Mantenimiento preventivo y soporte durante el ciclo de vida<\/strong><\/h2>\n<p data-start=\"6098\" data-end=\"6381\">Adem\u00e1s de la reparaci\u00f3n integral de centr\u00edfugas, Sentrimax ofrece programas de mantenimiento preventivo y soporte durante todo el ciclo de vida, dise\u00f1ados para reducir las fallas inesperadas. Las inspecciones de rutina, el monitoreo de vibraciones y la planificaci\u00f3n del reemplazo de componentes ayudan a las instalaciones a gestionar el mantenimiento de forma proactiva.<\/p>\n<p data-start=\"6383\" data-end=\"6619\">Sentrimax tambi\u00e9n ofrece reconstrucci\u00f3n de centr\u00edfugas, alquiler de equipos y consultor\u00eda t\u00e9cnica para operaciones que requieren capacidad temporal o planificaci\u00f3n a largo plazo. Estos servicios ayudan a mantener la productividad y a controlar los costos de mantenimiento.<\/p>\n<p data-start=\"6621\" data-end=\"6748\">Puede encontrar informaci\u00f3n adicional sobre la confiabilidad de los equipos industriales y el soporte de infraestructura en<br data-start=\"6722\" data-end=\"6725\" \/><a class=\"decorated-link\" href=\"https:\/\/www.energy.gov\/\" target=\"_new\" rel=\"noopener\" data-start=\"6725\" data-end=\"6748\">https:\/\/www.energy.gov\/<\/a><\/p>\n<hr data-start=\"6750\" data-end=\"6753\" \/>\n<h2 data-start=\"6755\" data-end=\"6814\"><strong data-start=\"6758\" data-end=\"6814\">Un socio de confianza para la reparaci\u00f3n integral de centr\u00edfugas<\/strong><\/h2>\n<p data-start=\"6816\" data-end=\"7068\">Sentrimax combina experiencia t\u00e9cnica, procesos con certificaci\u00f3n ISO y un profundo conocimiento de la industria para brindar un servicio confiable. <strong data-start=\"6931\" data-end=\"6978\">Servicio completo de reparaci\u00f3n de centr\u00edfugas en Dallas, TX<\/strong>. Cada proyecto se completa con un enfoque en la seguridad, la precisi\u00f3n y el rendimiento a largo plazo.<\/p>\n<hr data-start=\"7070\" data-end=\"7073\" \/>\n<h2 data-start=\"7075\" data-end=\"7134\"><strong data-start=\"7078\" data-end=\"7134\">Solicite hoy mismo soporte completo para la reparaci\u00f3n de centr\u00edfugas<\/strong><\/h2>\n<p data-start=\"7136\" data-end=\"7324\">Cuando el rendimiento de la centr\u00edfuga es fundamental para su operaci\u00f3n, Sentrimax est\u00e1 listo para ayudarle. Hable con un miembro experimentado del equipo para hablar sobre las necesidades de reparaci\u00f3n, los plazos y los requisitos t\u00e9cnicos.<\/p>\n<p data-start=\"7326\" data-end=\"7380\" data-is-last-node=\"\" data-is-only-node=\"\"><strong data-start=\"7326\" data-end=\"7380\" data-is-last-node=\"\"><a class=\"decorated-link\" href=\"https:\/\/sentrimax.com\/es\/contact\/\" target=\"_new\" rel=\"noopener\" data-start=\"7328\" data-end=\"7378\">\u00a1Solicita una cotizaci\u00f3n!<\/a><\/strong><\/p>","protected":false},"excerpt":{"rendered":"<p>Sentrimax provides professional full-service centrifuge repair in Dallas TX, supporting municipal, industrial, and energy-sector operations that rely on dependable separation equipment. With decades of experience servicing industrial centrifuges across North America, Sentrimax delivers comprehensive repair solutions that restore performance, reduce downtime, and extend equipment life. Industrial centrifuges operate in demanding environments where continuous operation, high [&hellip;]<\/p>\n","protected":false},"author":3,"featured_media":0,"parent":0,"menu_order":0,"comment_status":"closed","ping_status":"closed","template":"","meta":{"_acf_changed":false,"inline_featured_image":false,"footnotes":""},"class_list":["post-2342","page","type-page","status-publish","hentry"],"acf":[],"_links":{"self":[{"href":"https:\/\/sentrimax.com\/es\/wp-json\/wp\/v2\/pages\/2342","targetHints":{"allow":["GET"]}}],"collection":[{"href":"https:\/\/sentrimax.com\/es\/wp-json\/wp\/v2\/pages"}],"about":[{"href":"https:\/\/sentrimax.com\/es\/wp-json\/wp\/v2\/types\/page"}],"author":[{"embeddable":true,"href":"https:\/\/sentrimax.com\/es\/wp-json\/wp\/v2\/users\/3"}],"replies":[{"embeddable":true,"href":"https:\/\/sentrimax.com\/es\/wp-json\/wp\/v2\/comments?post=2342"}],"version-history":[{"count":0,"href":"https:\/\/sentrimax.com\/es\/wp-json\/wp\/v2\/pages\/2342\/revisions"}],"wp:attachment":[{"href":"https:\/\/sentrimax.com\/es\/wp-json\/wp\/v2\/media?parent=2342"}],"curies":[{"name":"wp","href":"https:\/\/api.w.org\/{rel}","templated":true}]}}