{"id":2343,"date":"2026-01-07T18:09:57","date_gmt":"2026-01-07T18:09:57","guid":{"rendered":"https:\/\/sentrimax.com\/?page_id=2343"},"modified":"2026-04-21T21:13:34","modified_gmt":"2026-04-21T21:13:34","slug":"emergency-centrifuge-repair-in-denver-co","status":"publish","type":"page","link":"https:\/\/sentrimax.com\/es\/emergency-centrifuge-repair-in-denver-co\/","title":{"rendered":"Reparaci\u00f3n de centr\u00edfugas de emergencia en Denver, CO"},"content":{"rendered":"<p data-start=\"497\" data-end=\"930\"><span class=\"hover:entity-accent entity-underline inline cursor-pointer align-baseline\"><span class=\"whitespace-normal\"><img fetchpriority=\"high\" decoding=\"async\" class=\"aligncenter size-full wp-image-168\" src=\"https:\/\/sentrimax.com\/wp-content\/uploads\/2025\/05\/image-6.jpg\" alt=\"\" width=\"1269\" height=\"519\" srcset=\"https:\/\/sentrimax.com\/wp-content\/uploads\/2025\/05\/image-6.jpg 1269w, https:\/\/sentrimax.com\/wp-content\/uploads\/2025\/05\/image-6-600x245.jpg 600w, https:\/\/sentrimax.com\/wp-content\/uploads\/2025\/05\/image-6-300x123.jpg 300w, https:\/\/sentrimax.com\/wp-content\/uploads\/2025\/05\/image-6-1024x419.jpg 1024w, https:\/\/sentrimax.com\/wp-content\/uploads\/2025\/05\/image-6-768x314.jpg 768w\" sizes=\"(max-width: 1269px) 100vw, 1269px\" \/><\/span><\/span><\/p>\n<p data-start=\"497\" data-end=\"930\"><span class=\"hover:entity-accent entity-underline inline cursor-pointer align-baseline\"><span class=\"whitespace-normal\">Sentrimax<\/span><\/span> Ofrece reparaciones de emergencia confiables de centr\u00edfugas en Denver, Colorado, apoyando las operaciones industriales, municipales y del sector energ\u00e9tico cuando fallas inesperadas en los equipos amenazan la disponibilidad. Con d\u00e9cadas de experiencia en el mantenimiento de centr\u00edfugas industriales en toda Norteam\u00e9rica, Sentrimax ofrece soluciones de reparaci\u00f3n de respuesta r\u00e1pida dise\u00f1adas para estabilizar los equipos, restaurar su rendimiento y minimizar los costosos tiempos de inactividad.<\/p>\n<p data-start=\"932\" data-end=\"1293\">Las fallas en las centr\u00edfugas suelen ocurrir sin previo aviso y pueden interrumpir r\u00e1pidamente procesos cr\u00edticos como el tratamiento de aguas residuales, la separaci\u00f3n de s\u00f3lidos y la producci\u00f3n industrial. Cuando una centr\u00edfuga falla, la intervenci\u00f3n experta inmediata es esencial. Sentrimax ofrece servicios de reparaci\u00f3n de emergencia centrados en diagn\u00f3sticos r\u00e1pidos, reparaciones seguras y plazos de entrega confiables.<\/p>\n<hr data-start=\"1295\" data-end=\"1298\" \/>\n<h2 data-start=\"1300\" data-end=\"1351\"><strong data-start=\"1303\" data-end=\"1351\">Servicios de centr\u00edfuga de emergencia de respuesta r\u00e1pida<\/strong><\/h2>\n<p data-start=\"1353\" data-end=\"1610\">La reparaci\u00f3n de emergencia de centr\u00edfugas requiere rapidez, experiencia t\u00e9cnica y precisi\u00f3n en la toma de decisiones. Sentrimax responde con rapidez a las solicitudes de servicio urgentes con t\u00e9cnicos experimentados capaces de diagnosticar y solucionar fallos en situaciones urgentes.<\/p>\n<p data-start=\"1612\" data-end=\"1856\">Los servicios de emergencia incluyen inspecci\u00f3n in situ o en taller, resoluci\u00f3n de problemas, estabilizaci\u00f3n mec\u00e1nica y reparaciones espec\u00edficas. El objetivo es restablecer el funcionamiento seguro lo antes posible, evitando da\u00f1os secundarios a componentes cr\u00edticos.<\/p>\n<p data-start=\"1858\" data-end=\"2248\">Las centr\u00edfugas dependen de la fuerza centr\u00edfuga y de un equilibrio mec\u00e1nico preciso para funcionar de forma segura. Las fallas repentinas en rodamientos, cajas de engranajes, sistemas de accionamiento o conjuntos rotatorios pueden provocar vibraciones, sobrecalentamiento o paradas que requieren atenci\u00f3n inmediata.<br data-start=\"2123\" data-end=\"2126\" \/>Se encuentra disponible informaci\u00f3n t\u00e9cnica adicional sobre el funcionamiento de la centr\u00edfuga en<br data-start=\"2197\" data-end=\"2200\" \/><a class=\"decorated-link\" href=\"https:\/\/www.britannica.com\/technology\/centrifuge\" target=\"_new\" rel=\"noopener\" data-start=\"2200\" data-end=\"2248\">https:\/\/www.britannica.com\/technology\/centrifuge<\/a><\/p>\n<hr data-start=\"2250\" data-end=\"2253\" \/>\n<h2 data-start=\"2255\" data-end=\"2308\"><strong data-start=\"2258\" data-end=\"2308\">Se abordan fallas comunes de centr\u00edfugas de emergencia<\/strong><\/h2>\n<p data-start=\"2310\" data-end=\"2424\">Los equipos de reparaci\u00f3n de emergencia de Sentrimax tienen experiencia en la resoluci\u00f3n de una amplia gama de problemas urgentes con centr\u00edfugas, que incluyen:<\/p>\n<ul data-start=\"2426\" data-end=\"2655\">\n<li data-start=\"2426\" data-end=\"2465\">\n<p data-start=\"2428\" data-end=\"2465\">Vibraci\u00f3n repentina o ruido excesivo<\/p>\n<\/li>\n<li data-start=\"2466\" data-end=\"2496\">\n<p data-start=\"2468\" data-end=\"2496\">Fallo del cojinete o de la caja de cambios<\/p>\n<\/li>\n<li data-start=\"2497\" data-end=\"2534\">\n<p data-start=\"2499\" data-end=\"2534\">Mal funcionamiento del sistema de accionamiento o del motor<\/p>\n<\/li>\n<li data-start=\"2535\" data-end=\"2572\">\n<p data-start=\"2537\" data-end=\"2572\">Falla del sello y p\u00e9rdida de lubricaci\u00f3n<\/p>\n<\/li>\n<li data-start=\"2573\" data-end=\"2612\">\n<p data-start=\"2575\" data-end=\"2612\">Fallos el\u00e9ctricos o del sistema de control<\/p>\n<\/li>\n<li data-start=\"2613\" data-end=\"2655\">\n<p data-start=\"2615\" data-end=\"2655\">Da\u00f1os estructurales o en el conjunto giratorio<\/p>\n<\/li>\n<\/ul>\n<p data-start=\"2657\" data-end=\"2823\">Mediante una evaluaci\u00f3n r\u00e1pida y una evaluaci\u00f3n de la causa ra\u00edz, Sentrimax identifica la ruta de reparaci\u00f3n m\u00e1s efectiva para restaurar el funcionamiento manteniendo la seguridad y la confiabilidad.<\/p>\n<hr data-start=\"2825\" data-end=\"2828\" \/>\n<h2 data-start=\"2830\" data-end=\"2876\"><strong data-start=\"2833\" data-end=\"2876\">Por qu\u00e9 es importante la reparaci\u00f3n de emergencia de la centr\u00edfuga<\/strong><\/h2>\n<p data-start=\"2878\" data-end=\"3078\">Las paradas no planificadas de las centr\u00edfugas pueden provocar p\u00e9rdidas de producci\u00f3n, riesgos regulatorios, problemas ambientales y mayores costos operativos. Los servicios de reparaci\u00f3n de centr\u00edfugas de emergencia de Sentrimax ayudan a los operadores a:<\/p>\n<ul data-start=\"3080\" data-end=\"3290\">\n<li data-start=\"3080\" data-end=\"3123\">\n<p data-start=\"3082\" data-end=\"3123\">Minimizar el tiempo de inactividad y las p\u00e9rdidas de producci\u00f3n<\/p>\n<\/li>\n<li data-start=\"3124\" data-end=\"3173\">\n<p data-start=\"3126\" data-end=\"3173\">Restaure r\u00e1pidamente los procesos de separaci\u00f3n cr\u00edticos<\/p>\n<\/li>\n<li data-start=\"3174\" data-end=\"3211\">\n<p data-start=\"3176\" data-end=\"3211\">Prevenir m\u00e1s da\u00f1os mec\u00e1nicos<\/p>\n<\/li>\n<li data-start=\"3212\" data-end=\"3246\">\n<p data-start=\"3214\" data-end=\"3246\">Mantener la seguridad y el cumplimiento<\/p>\n<\/li>\n<li data-start=\"3247\" data-end=\"3290\">\n<p data-start=\"3249\" data-end=\"3290\">Evite el costoso reemplazo completo de equipos<\/p>\n<\/li>\n<\/ul>\n<p data-start=\"3292\" data-end=\"3498\">Retrasar las reparaciones de emergencia o intentar soluciones temporales puede agravar los da\u00f1os y prolongar el tiempo de inactividad. Sentrimax aplica metodolog\u00edas de reparaci\u00f3n probadas y procesos con control de calidad, incluso en situaciones de urgencia.<\/p>\n<hr data-start=\"3500\" data-end=\"3503\" \/>\n<h2 data-start=\"3505\" data-end=\"3551\"><strong data-start=\"3508\" data-end=\"3551\">Capacidades de reparaci\u00f3n de emergencia de Sentrimax<\/strong><\/h2>\n<p data-start=\"3553\" data-end=\"3735\">Sentrimax ofrece servicios integrales de reparaci\u00f3n de centr\u00edfugas de emergencia, con el respaldo de nuestra experiencia en ingenier\u00eda, capacidades de mecanizado y sistemas de calidad certificados. Nuestras capacidades incluyen:<\/p>\n<ul data-start=\"3737\" data-end=\"4034\">\n<li data-start=\"3737\" data-end=\"3784\">\n<p data-start=\"3739\" data-end=\"3784\">Inspecci\u00f3n y diagn\u00f3stico r\u00e1pido de centr\u00edfugas<\/p>\n<\/li>\n<li data-start=\"3785\" data-end=\"3830\">\n<p data-start=\"3787\" data-end=\"3830\">Soluci\u00f3n de problemas mec\u00e1nicos y el\u00e9ctricos<\/p>\n<\/li>\n<li data-start=\"3831\" data-end=\"3883\">\n<p data-start=\"3833\" data-end=\"3883\">Reparaci\u00f3n o reemplazo de cojinetes, sellos y cajas de cambios<\/p>\n<\/li>\n<li data-start=\"3884\" data-end=\"3933\">\n<p data-start=\"3886\" data-end=\"3933\">Estabilizaci\u00f3n y alineaci\u00f3n del conjunto giratorio<\/p>\n<\/li>\n<li data-start=\"3934\" data-end=\"3983\">\n<p data-start=\"3936\" data-end=\"3983\">Pruebas funcionales antes de volver al servicio<\/p>\n<\/li>\n<li data-start=\"3984\" data-end=\"4034\">\n<p data-start=\"3986\" data-end=\"4034\">Componentes de reemplazo dise\u00f1ados y fabricados por OEM<\/p>\n<\/li>\n<\/ul>\n<p data-start=\"4036\" data-end=\"4241\">Cuando las reparaciones permanentes requieren planificaci\u00f3n adicional, Sentrimax trabaja con los operadores para implementar soluciones de estabilizaci\u00f3n temporales que permitan una operaci\u00f3n segura a corto plazo mientras se programan reparaciones a largo plazo.<\/p>\n<p data-start=\"4243\" data-end=\"4339\">Obtenga m\u00e1s informaci\u00f3n sobre las capacidades de reparaci\u00f3n y servicio de centr\u00edfugas en<br data-start=\"4305\" data-end=\"4308\" \/><a class=\"decorated-link\" href=\"https:\/\/sentrimax.com\/es\/services\/?utm_source=chatgpt.com\" target=\"_new\" rel=\"noopener\" data-start=\"4308\" data-end=\"4339\">https:\/\/sentrimax.com\/services\/<\/a><\/p>\n<hr data-start=\"4341\" data-end=\"4344\" \/>\n<h2 data-start=\"4346\" data-end=\"4394\"><strong data-start=\"4349\" data-end=\"4394\">Calidad y soporte t\u00e9cnico con certificaci\u00f3n ISO<\/strong><\/h2>\n<p data-start=\"4396\" data-end=\"4660\">Sentrimax opera bajo un sistema de gesti\u00f3n de calidad con certificaci\u00f3n ISO 9001:2015, lo que garantiza consistencia, trazabilidad y resultados confiables incluso en reparaciones de emergencia. Cada reparaci\u00f3n sigue procedimientos documentados, desde la evaluaci\u00f3n hasta la verificaci\u00f3n final.<\/p>\n<p data-start=\"4662\" data-end=\"4865\">El soporte de ingenier\u00eda est\u00e1 integrado en las iniciativas de respuesta a emergencias. Sentrimax eval\u00faa las condiciones de falla y los par\u00e1metros operativos para recomendar acciones correctivas que reduzcan el riesgo de fallas repetidas.<\/p>\n<p data-start=\"4867\" data-end=\"4952\">Obtenga m\u00e1s informaci\u00f3n sobre el proceso de reparaci\u00f3n de Sentrimax en<br data-start=\"4915\" data-end=\"4918\" \/><a class=\"decorated-link\" href=\"https:\/\/sentrimax.com\/es\/our-process\/?utm_source=chatgpt.com\" target=\"_new\" rel=\"noopener\" data-start=\"4918\" data-end=\"4952\">https:\/\/sentrimax.com\/our-process\/<\/a><\/p>\n<hr data-start=\"4954\" data-end=\"4957\" \/>\n<h2 data-start=\"4959\" data-end=\"5018\"><strong data-start=\"4962\" data-end=\"5018\">Apoyo para reparaciones de emergencia de centr\u00edfugas en Denver, Colorado<\/strong><\/h2>\n<p data-start=\"5020\" data-end=\"5329\">Denver, Colorado, es un centro clave para infraestructura municipal, procesamiento industrial, operaciones energ\u00e9ticas y servicios ambientales, donde las centr\u00edfugas desempe\u00f1an un papel fundamental. Sentrimax apoya a instalaciones en toda el \u00e1rea de Denver con servicios de reparaci\u00f3n de centr\u00edfugas de emergencia, adaptados a las necesidades operativas urgentes.<\/p>\n<p data-start=\"5331\" data-end=\"5534\">Con experiencia atendiendo a clientes en todo Estados Unidos y Canad\u00e1, Sentrimax comprende la importancia de una comunicaci\u00f3n r\u00e1pida, plazos claros y una ejecuci\u00f3n confiable cuando ocurre una falla en el equipo.<\/p>\n<p data-start=\"5536\" data-end=\"5722\">Las industrias apoyadas incluyen el tratamiento de aguas residuales municipales, el procesamiento industrial, el petr\u00f3leo y el gas, la fabricaci\u00f3n de alimentos y bebidas y la producci\u00f3n de energ\u00eda.<br data-start=\"5686\" data-end=\"5689\" \/><a class=\"decorated-link\" href=\"https:\/\/sentrimax.com\/es\/industries\/?utm_source=chatgpt.com\" target=\"_new\" rel=\"noopener\" data-start=\"5689\" data-end=\"5722\">https:\/\/sentrimax.com\/industries\/<\/a><\/p>\n<hr data-start=\"5724\" data-end=\"5727\" \/>\n<h2 data-start=\"5729\" data-end=\"5781\"><strong data-start=\"5732\" data-end=\"5781\">Mantenimiento preventivo despu\u00e9s de una reparaci\u00f3n de emergencia<\/strong><\/h2>\n<p data-start=\"5783\" data-end=\"6052\">Tras una reparaci\u00f3n de emergencia de la centr\u00edfuga, Sentrimax ofrece mantenimiento preventivo y soporte durante todo el ciclo de vida para ayudar a los operadores a evitar fallos recurrentes. Las inspecciones, el an\u00e1lisis de vibraciones y la planificaci\u00f3n del reemplazo de componentes ayudan a estabilizar el equipo y a mejorar su fiabilidad a largo plazo.<\/p>\n<p data-start=\"6054\" data-end=\"6210\">Sentrimax tambi\u00e9n ofrece reconstrucciones de centr\u00edfugas, reparaciones programadas y asesoramiento t\u00e9cnico para abordar problemas subyacentes descubiertos durante el servicio de emergencia.<\/p>\n<p data-start=\"6212\" data-end=\"6339\">Informaci\u00f3n adicional sobre confiabilidad de equipos industriales y soporte de infraestructura est\u00e1 disponible en<br data-start=\"6313\" data-end=\"6316\" \/><a class=\"decorated-link\" href=\"https:\/\/www.energy.gov\/\" target=\"_new\" rel=\"noopener\" data-start=\"6316\" data-end=\"6339\">https:\/\/www.energy.gov\/<\/a><\/p>\n<hr data-start=\"6341\" data-end=\"6344\" \/>\n<h2 data-start=\"6346\" data-end=\"6402\"><strong data-start=\"6349\" data-end=\"6402\">Un socio de confianza para la reparaci\u00f3n de centr\u00edfugas de emergencia<\/strong><\/h2>\n<p data-start=\"6404\" data-end=\"6635\">Sentrimax combina experiencia t\u00e9cnica, procesos con certificaci\u00f3n ISO y un profundo conocimiento de la industria para brindar reparaciones de centr\u00edfugas de emergencia confiables en Denver, Colorado. Cada respuesta se centra en la seguridad, la velocidad y el rendimiento a largo plazo.<\/p>\n<hr data-start=\"6637\" data-end=\"6640\" \/>\n<h2 data-start=\"6642\" data-end=\"6698\"><strong data-start=\"6645\" data-end=\"6698\">Solicite hoy mismo asistencia para la reparaci\u00f3n de emergencia de su centr\u00edfuga<\/strong><\/h2>\n<p data-start=\"6700\" data-end=\"6906\">Cuando una falla inesperada de la centr\u00edfuga pone en riesgo su operaci\u00f3n, Sentrimax est\u00e1 listo para responder. Hable con un miembro experimentado del equipo para hablar sobre las necesidades de reparaci\u00f3n de emergencia, los plazos y los requisitos t\u00e9cnicos.<\/p>\n<p data-start=\"6908\" data-end=\"6962\" data-is-last-node=\"\" data-is-only-node=\"\"><strong data-start=\"6908\" data-end=\"6962\" data-is-last-node=\"\"><a class=\"decorated-link\" href=\"https:\/\/sentrimax.com\/es\/contact\/\" target=\"_new\" rel=\"noopener\" data-start=\"6910\" data-end=\"6960\">\u00a1Solicita una cotizaci\u00f3n!<\/a><\/strong><\/p>","protected":false},"excerpt":{"rendered":"<p>Sentrimax provides reliable emergency centrifuge repair in Denver CO, supporting industrial, municipal, and energy-sector operations when unexpected equipment failures threaten uptime. With decades of experience servicing industrial centrifuges across North America, Sentrimax delivers rapid-response repair solutions designed to stabilize equipment, restore performance, and minimize costly downtime. Centrifuge failures often occur without warning and can quickly [&hellip;]<\/p>\n","protected":false},"author":3,"featured_media":0,"parent":0,"menu_order":0,"comment_status":"closed","ping_status":"closed","template":"seo-page-template.php","meta":{"_acf_changed":false,"inline_featured_image":false,"footnotes":""},"class_list":["post-2343","page","type-page","status-publish","hentry"],"acf":[],"_links":{"self":[{"href":"https:\/\/sentrimax.com\/es\/wp-json\/wp\/v2\/pages\/2343","targetHints":{"allow":["GET"]}}],"collection":[{"href":"https:\/\/sentrimax.com\/es\/wp-json\/wp\/v2\/pages"}],"about":[{"href":"https:\/\/sentrimax.com\/es\/wp-json\/wp\/v2\/types\/page"}],"author":[{"embeddable":true,"href":"https:\/\/sentrimax.com\/es\/wp-json\/wp\/v2\/users\/3"}],"replies":[{"embeddable":true,"href":"https:\/\/sentrimax.com\/es\/wp-json\/wp\/v2\/comments?post=2343"}],"version-history":[{"count":1,"href":"https:\/\/sentrimax.com\/es\/wp-json\/wp\/v2\/pages\/2343\/revisions"}],"predecessor-version":[{"id":2484,"href":"https:\/\/sentrimax.com\/es\/wp-json\/wp\/v2\/pages\/2343\/revisions\/2484"}],"wp:attachment":[{"href":"https:\/\/sentrimax.com\/es\/wp-json\/wp\/v2\/media?parent=2343"}],"curies":[{"name":"wp","href":"https:\/\/api.w.org\/{rel}","templated":true}]}}