{"id":2344,"date":"2026-01-07T18:12:34","date_gmt":"2026-01-07T18:12:34","guid":{"rendered":"https:\/\/sentrimax.com\/?page_id=2344"},"modified":"2026-04-21T21:13:33","modified_gmt":"2026-04-21T21:13:33","slug":"on-site-centrifuge-service-in-atlanta-ga","status":"publish","type":"page","link":"https:\/\/sentrimax.com\/es\/on-site-centrifuge-service-in-atlanta-ga\/","title":{"rendered":"Servicio de centr\u00edfuga en sitio en Atlanta, GA"},"content":{"rendered":"<p data-start=\"500\" data-end=\"968\"><span class=\"hover:entity-accent entity-underline inline cursor-pointer align-baseline\"><span class=\"whitespace-normal\"><img fetchpriority=\"high\" decoding=\"async\" class=\"aligncenter size-full wp-image-47\" src=\"https:\/\/sentrimax.com\/wp-content\/uploads\/2025\/05\/image-5.jpg\" alt=\"\" width=\"1440\" height=\"694\" srcset=\"https:\/\/sentrimax.com\/wp-content\/uploads\/2025\/05\/image-5.jpg 1440w, https:\/\/sentrimax.com\/wp-content\/uploads\/2025\/05\/image-5-600x289.jpg 600w, https:\/\/sentrimax.com\/wp-content\/uploads\/2025\/05\/image-5-300x145.jpg 300w, https:\/\/sentrimax.com\/wp-content\/uploads\/2025\/05\/image-5-1024x494.jpg 1024w, https:\/\/sentrimax.com\/wp-content\/uploads\/2025\/05\/image-5-768x370.jpg 768w\" sizes=\"(max-width: 1440px) 100vw, 1440px\" \/><\/span><\/span><\/p>\n<p data-start=\"500\" data-end=\"968\"><span class=\"hover:entity-accent entity-underline inline cursor-pointer align-baseline\"><span class=\"whitespace-normal\">Sentrimax<\/span><\/span> Proporciona profesionalidad <strong data-start=\"560\" data-end=\"604\">Servicio de centr\u00edfuga en sitio en Atlanta, GA<\/strong>, apoyando operaciones industriales, municipales y del sector energ\u00e9tico que requieren un soporte r\u00e1pido y confiable para sus equipos, sin las demoras del transporte externo. Con d\u00e9cadas de experiencia en el mantenimiento de centr\u00edfugas industriales en toda Norteam\u00e9rica, Sentrimax ofrece soluciones de servicio en campo dise\u00f1adas para restaurar el rendimiento, minimizar el tiempo de inactividad y mantener una operaci\u00f3n segura.<\/p>\n<p data-start=\"970\" data-end=\"1276\">El servicio de centr\u00edfugas in situ es ideal para instalaciones donde retirar el equipo resulta poco pr\u00e1ctico, urgente o costoso. Los t\u00e9cnicos de Sentrimax llegan equipados para diagnosticar problemas, realizar reparaciones y realizar el mantenimiento directamente en sus instalaciones, manteniendo las operaciones en marcha y reduciendo las interrupciones.<\/p>\n<hr data-start=\"1278\" data-end=\"1281\" \/>\n<h2 data-start=\"1283\" data-end=\"1331\"><strong data-start=\"1286\" data-end=\"1331\">Servicios integrales de centr\u00edfuga in situ<\/strong><\/h2>\n<p data-start=\"1333\" data-end=\"1625\">El servicio de centr\u00edfugas in situ aborda una amplia gama de problemas operativos y mec\u00e1nicos mientras el equipo permanece en su lugar. Sentrimax eval\u00faa cada sistema de centr\u00edfuga para determinar el enfoque de servicio m\u00e1s eficaz, ya sea reparaci\u00f3n inmediata, mantenimiento preventivo u optimizaci\u00f3n del rendimiento.<\/p>\n<p data-start=\"1627\" data-end=\"1903\">Los servicios realizados in situ incluyen inspecci\u00f3n, diagn\u00f3stico, resoluci\u00f3n de problemas, ajuste mec\u00e1nico, sustituci\u00f3n de componentes y verificaci\u00f3n operativa. Este enfoque permite resolver r\u00e1pidamente numerosos problemas, evitando tiempos de inactividad prolongados asociados con la retirada de equipos.<\/p>\n<p data-start=\"1905\" data-end=\"2249\">Las centr\u00edfugas se basan en un equilibrio y una alineaci\u00f3n precisos, as\u00ed como en una fuerza centr\u00edfuga controlada, para funcionar de forma segura y eficiente. El servicio in situ ayuda a identificar y corregir problemas en sus primeras etapas antes de que se conviertan en fallos graves.<br data-start=\"2124\" data-end=\"2127\" \/>Se encuentra disponible informaci\u00f3n t\u00e9cnica adicional sobre el funcionamiento de la centr\u00edfuga en<br data-start=\"2198\" data-end=\"2201\" \/><a class=\"decorated-link\" href=\"https:\/\/www.britannica.com\/technology\/centrifuge\" target=\"_new\" rel=\"noopener\" data-start=\"2201\" data-end=\"2249\">https:\/\/www.britannica.com\/technology\/centrifuge<\/a><\/p>\n<hr data-start=\"2251\" data-end=\"2254\" \/>\n<h2 data-start=\"2256\" data-end=\"2305\"><strong data-start=\"2259\" data-end=\"2305\">Problemas comunes de las centr\u00edfugas in situ abordados<\/strong><\/h2>\n<p data-start=\"2307\" data-end=\"2372\">Los equipos de servicio en sitio de Sentrimax resuelven rutinariamente problemas como:<\/p>\n<ul data-start=\"2374\" data-end=\"2626\">\n<li data-start=\"2374\" data-end=\"2415\">\n<p data-start=\"2376\" data-end=\"2415\">Vibraci\u00f3n excesiva o ruido anormal<\/p>\n<\/li>\n<li data-start=\"2416\" data-end=\"2463\">\n<p data-start=\"2418\" data-end=\"2463\">Eficiencia de separaci\u00f3n o rendimiento reducidos<\/p>\n<\/li>\n<li data-start=\"2464\" data-end=\"2504\">\n<p data-start=\"2466\" data-end=\"2504\">Problemas con cojinetes, sellos o lubricaci\u00f3n<\/p>\n<\/li>\n<li data-start=\"2505\" data-end=\"2547\">\n<p data-start=\"2507\" data-end=\"2547\">Irregularidades en la caja de cambios o en el sistema de transmisi\u00f3n<\/p>\n<\/li>\n<li data-start=\"2548\" data-end=\"2587\">\n<p data-start=\"2550\" data-end=\"2587\">Fallos el\u00e9ctricos o del sistema de control<\/p>\n<\/li>\n<li data-start=\"2588\" data-end=\"2626\">\n<p data-start=\"2590\" data-end=\"2626\">Preocupaciones por desalineaci\u00f3n o desequilibrio<\/p>\n<\/li>\n<\/ul>\n<p data-start=\"2628\" data-end=\"2796\">Mediante diagn\u00f3sticos en tiempo real y una evaluaci\u00f3n pr\u00e1ctica, Sentrimax identifica las causas fundamentales y aplica acciones correctivas que estabilizan el equipo y mejoran el rendimiento.<\/p>\n<hr data-start=\"2798\" data-end=\"2801\" \/>\n<h2 data-start=\"2803\" data-end=\"2848\"><strong data-start=\"2806\" data-end=\"2848\">Beneficios del servicio de centr\u00edfuga in situ<\/strong><\/h2>\n<p data-start=\"2850\" data-end=\"2988\">El servicio de centr\u00edfugas in situ ofrece importantes ventajas operativas para las instalaciones de Atlanta, Georgia. Los servicios de Sentrimax ayudan a los operadores a:<\/p>\n<ul data-start=\"2990\" data-end=\"3204\">\n<li data-start=\"2990\" data-end=\"3045\">\n<p data-start=\"2992\" data-end=\"3045\">Reducir el tiempo de inactividad asociado con el transporte de equipos<\/p>\n<\/li>\n<li data-start=\"3046\" data-end=\"3088\">\n<p data-start=\"3048\" data-end=\"3088\">Restaure r\u00e1pidamente el rendimiento de la centr\u00edfuga<\/p>\n<\/li>\n<li data-start=\"3089\" data-end=\"3131\">\n<p data-start=\"3091\" data-end=\"3131\">Menores costos de mantenimiento y log\u00edstica<\/p>\n<\/li>\n<li data-start=\"3132\" data-end=\"3169\">\n<p data-start=\"3134\" data-end=\"3169\">Mantener condiciones de trabajo m\u00e1s seguras<\/p>\n<\/li>\n<li data-start=\"3170\" data-end=\"3204\">\n<p data-start=\"3172\" data-end=\"3204\">Prolongar la vida \u00fatil de la centr\u00edfuga<\/p>\n<\/li>\n<\/ul>\n<p data-start=\"3206\" data-end=\"3417\">Abordar los problemas de las centr\u00edfugas en las instalaciones permite una toma de decisiones m\u00e1s r\u00e1pida y minimiza las interrupciones de la producci\u00f3n. Sentrimax aplica metodolog\u00edas de servicio y controles de calidad probados para garantizar resultados fiables.<\/p>\n<hr data-start=\"3419\" data-end=\"3422\" \/>\n<h2 data-start=\"3424\" data-end=\"3469\"><strong data-start=\"3427\" data-end=\"3469\">Capacidades de servicio in situ de Sentrimax<\/strong><\/h2>\n<p data-start=\"3471\" data-end=\"3639\">Sentrimax ofrece un servicio integral de centr\u00edfugas in situ, con el respaldo de t\u00e9cnicos experimentados, experiencia en ingenier\u00eda y sistemas de calidad certificados. Nuestras capacidades incluyen:<\/p>\n<ul data-start=\"3641\" data-end=\"3916\">\n<li data-start=\"3641\" data-end=\"3690\">\n<p data-start=\"3643\" data-end=\"3690\">Inspecci\u00f3n y diagn\u00f3stico de centr\u00edfugas in situ<\/p>\n<\/li>\n<li data-start=\"3691\" data-end=\"3735\">\n<p data-start=\"3693\" data-end=\"3735\">Ajustes mec\u00e1nicos y reparaciones menores<\/p>\n<\/li>\n<li data-start=\"3736\" data-end=\"3785\">\n<p data-start=\"3738\" data-end=\"3785\">Servicio de sistemas de lubricaci\u00f3n, sellos y cojinetes<\/p>\n<\/li>\n<li data-start=\"3786\" data-end=\"3825\">\n<p data-start=\"3788\" data-end=\"3825\">Evaluaci\u00f3n del sistema de transmisi\u00f3n y caja de cambios<\/p>\n<\/li>\n<li data-start=\"3826\" data-end=\"3866\">\n<p data-start=\"3828\" data-end=\"3866\">Pruebas y verificaci\u00f3n operativa<\/p>\n<\/li>\n<li data-start=\"3867\" data-end=\"3916\">\n<p data-start=\"3869\" data-end=\"3916\">Estabilizaci\u00f3n de emergencia y acci\u00f3n correctiva<\/p>\n<\/li>\n<\/ul>\n<p data-start=\"3918\" data-end=\"4075\">Cuando se requieren reparaciones o reconstrucciones m\u00e1s extensas, Sentrimax coordina el servicio externo sin problemas y al mismo tiempo mantiene una comunicaci\u00f3n y una programaci\u00f3n claras.<\/p>\n<p data-start=\"4077\" data-end=\"4162\">Obtenga m\u00e1s informaci\u00f3n sobre las capacidades de servicio de centr\u00edfugas en<br data-start=\"4128\" data-end=\"4131\" \/><a class=\"decorated-link\" href=\"https:\/\/sentrimax.com\/es\/services\/?utm_source=chatgpt.com\" target=\"_new\" rel=\"noopener\" data-start=\"4131\" data-end=\"4162\">https:\/\/sentrimax.com\/services\/<\/a><\/p>\n<hr data-start=\"4164\" data-end=\"4167\" \/>\n<h2 data-start=\"4169\" data-end=\"4217\"><strong data-start=\"4172\" data-end=\"4217\">Calidad y soporte t\u00e9cnico con certificaci\u00f3n ISO<\/strong><\/h2>\n<p data-start=\"4219\" data-end=\"4504\">Sentrimax opera bajo un sistema de gesti\u00f3n de calidad con certificaci\u00f3n ISO 9001:2015, lo que garantiza un trabajo consistente y procedimientos de servicio documentados en todas las intervenciones de servicio in situ. Cada visita de servicio sigue protocolos establecidos de seguridad, precisi\u00f3n y verificaci\u00f3n del rendimiento.<\/p>\n<p data-start=\"4506\" data-end=\"4695\">El soporte de ingenier\u00eda est\u00e1 integrado al servicio en el sitio, lo que permite a los t\u00e9cnicos recomendar estrategias de mantenimiento, actualizaciones de componentes o ajustes operativos que reducen fallas futuras.<\/p>\n<p data-start=\"4697\" data-end=\"4775\">Obtenga m\u00e1s informaci\u00f3n sobre el proceso Sentrimax en<br data-start=\"4738\" data-end=\"4741\" \/><a class=\"decorated-link\" href=\"https:\/\/sentrimax.com\/es\/our-process\/?utm_source=chatgpt.com\" target=\"_new\" rel=\"noopener\" data-start=\"4741\" data-end=\"4775\">https:\/\/sentrimax.com\/our-process\/<\/a><\/p>\n<hr data-start=\"4777\" data-end=\"4780\" \/>\n<h2 data-start=\"4782\" data-end=\"4835\"><strong data-start=\"4785\" data-end=\"4835\">Apoyo a las operaciones industriales en Atlanta, GA<\/strong><\/h2>\n<p data-start=\"4837\" data-end=\"5168\">Atlanta, Georgia, es un importante centro de infraestructura municipal, manufactura, procesamiento de alimentos, log\u00edstica y operaciones energ\u00e9ticas, donde las centr\u00edfugas desempe\u00f1an un papel fundamental. Sentrimax presta servicio de centr\u00edfugas in situ a instalaciones de toda el \u00e1rea metropolitana de Atlanta, adapt\u00e1ndose a entornos operativos exigentes.<\/p>\n<p data-start=\"5170\" data-end=\"5350\">Con experiencia atendiendo a clientes en todo Estados Unidos y Canad\u00e1, Sentrimax comprende la importancia de una respuesta r\u00e1pida, una comunicaci\u00f3n clara y una ejecuci\u00f3n confiable del servicio.<\/p>\n<p data-start=\"5352\" data-end=\"5538\">Las industrias apoyadas incluyen el tratamiento de aguas residuales municipales, el procesamiento industrial, el petr\u00f3leo y el gas, la fabricaci\u00f3n de alimentos y bebidas y la producci\u00f3n de energ\u00eda.<br data-start=\"5502\" data-end=\"5505\" \/><a class=\"decorated-link\" href=\"https:\/\/sentrimax.com\/es\/industries\/?utm_source=chatgpt.com\" target=\"_new\" rel=\"noopener\" data-start=\"5505\" data-end=\"5538\">https:\/\/sentrimax.com\/industries\/<\/a><\/p>\n<hr data-start=\"5540\" data-end=\"5543\" \/>\n<h2 data-start=\"5545\" data-end=\"5594\"><strong data-start=\"5548\" data-end=\"5594\">Mantenimiento preventivo y soporte durante el ciclo de vida<\/strong><\/h2>\n<p data-start=\"5596\" data-end=\"5863\">Adem\u00e1s del servicio de centr\u00edfugas in situ, Sentrimax ofrece programas de mantenimiento preventivo y soporte durante todo el ciclo de vida, dise\u00f1ados para reducir las fallas inesperadas. Las inspecciones de rutina, el monitoreo de vibraciones y la planificaci\u00f3n del mantenimiento ayudan a las instalaciones a gestionar los equipos de forma proactiva.<\/p>\n<p data-start=\"5865\" data-end=\"6029\">Sentrimax tambi\u00e9n ofrece reparaciones, reconstrucciones, alquileres y asesoramiento t\u00e9cnico de centr\u00edfugas para instalaciones que requieren soporte adicional o planificaci\u00f3n de servicios a largo plazo.<\/p>\n<p data-start=\"6031\" data-end=\"6158\">Puede encontrar informaci\u00f3n adicional sobre la confiabilidad de los equipos industriales y el soporte de infraestructura en<br data-start=\"6132\" data-end=\"6135\" \/><a class=\"decorated-link\" href=\"https:\/\/www.energy.gov\/\" target=\"_new\" rel=\"noopener\" data-start=\"6135\" data-end=\"6158\">https:\/\/www.energy.gov\/<\/a><\/p>\n<hr data-start=\"6160\" data-end=\"6163\" \/>\n<h2 data-start=\"6165\" data-end=\"6220\"><strong data-start=\"6168\" data-end=\"6220\">Un socio de confianza para el servicio de centr\u00edfugas in situ<\/strong><\/h2>\n<p data-start=\"6222\" data-end=\"6479\">Sentrimax combina experiencia t\u00e9cnica, procesos con certificaci\u00f3n ISO y un profundo conocimiento de la industria para brindar un servicio confiable. <strong data-start=\"6337\" data-end=\"6381\">Servicio de centr\u00edfuga en sitio en Atlanta, GA<\/strong>. Cada compromiso de servicio se centra en la seguridad, la precisi\u00f3n y la confiabilidad operativa a largo plazo.<\/p>\n<hr data-start=\"6481\" data-end=\"6484\" \/>\n<h2 data-start=\"6486\" data-end=\"6533\"><strong data-start=\"6489\" data-end=\"6533\">Solicite hoy mismo el servicio de centr\u00edfuga en sitio<\/strong><\/h2>\n<p data-start=\"6535\" data-end=\"6751\">Cuando el rendimiento de la centr\u00edfuga es fundamental para su operaci\u00f3n, Sentrimax est\u00e1 listo para ayudarle. Hable con un miembro experimentado del equipo para programar un servicio in situ, analizar las necesidades de mantenimiento o resolver problemas urgentes del equipo.<\/p>\n<p data-start=\"6753\" data-end=\"6807\" data-is-last-node=\"\" data-is-only-node=\"\"><strong data-start=\"6753\" data-end=\"6807\" data-is-last-node=\"\"><a class=\"decorated-link\" href=\"https:\/\/sentrimax.com\/es\/contact\/\" target=\"_new\" rel=\"noopener\" data-start=\"6755\" data-end=\"6805\">\u00a1Solicita una cotizaci\u00f3n!<\/a><\/strong><\/p>","protected":false},"excerpt":{"rendered":"<p>Sentrimax provides professional on-site centrifuge service in Atlanta GA, supporting industrial, municipal, and energy-sector operations that require fast, reliable equipment support without the delays of off-site transport. With decades of experience servicing industrial centrifuges across North America, Sentrimax delivers field-based service solutions designed to restore performance, minimize downtime, and maintain safe operation. On-site centrifuge service [&hellip;]<\/p>\n","protected":false},"author":3,"featured_media":0,"parent":0,"menu_order":0,"comment_status":"closed","ping_status":"closed","template":"seo-page-template.php","meta":{"_acf_changed":false,"inline_featured_image":false,"footnotes":""},"class_list":["post-2344","page","type-page","status-publish","hentry"],"acf":[],"_links":{"self":[{"href":"https:\/\/sentrimax.com\/es\/wp-json\/wp\/v2\/pages\/2344","targetHints":{"allow":["GET"]}}],"collection":[{"href":"https:\/\/sentrimax.com\/es\/wp-json\/wp\/v2\/pages"}],"about":[{"href":"https:\/\/sentrimax.com\/es\/wp-json\/wp\/v2\/types\/page"}],"author":[{"embeddable":true,"href":"https:\/\/sentrimax.com\/es\/wp-json\/wp\/v2\/users\/3"}],"replies":[{"embeddable":true,"href":"https:\/\/sentrimax.com\/es\/wp-json\/wp\/v2\/comments?post=2344"}],"version-history":[{"count":1,"href":"https:\/\/sentrimax.com\/es\/wp-json\/wp\/v2\/pages\/2344\/revisions"}],"predecessor-version":[{"id":2483,"href":"https:\/\/sentrimax.com\/es\/wp-json\/wp\/v2\/pages\/2344\/revisions\/2483"}],"wp:attachment":[{"href":"https:\/\/sentrimax.com\/es\/wp-json\/wp\/v2\/media?parent=2344"}],"curies":[{"name":"wp","href":"https:\/\/api.w.org\/{rel}","templated":true}]}}