{"id":2345,"date":"2026-01-07T18:14:22","date_gmt":"2026-01-07T18:14:22","guid":{"rendered":"https:\/\/sentrimax.com\/?page_id=2345"},"modified":"2026-04-21T21:12:52","modified_gmt":"2026-04-21T21:12:52","slug":"industrial-centrifuge-parts-service-in-phoenix-az","status":"publish","type":"page","link":"https:\/\/sentrimax.com\/es\/industrial-centrifuge-parts-service-in-phoenix-az\/","title":{"rendered":"Repuestos y servicio para centr\u00edfugas industriales en Phoenix, AZ"},"content":{"rendered":"<p data-start=\"525\" data-end=\"950\"><span class=\"hover:entity-accent entity-underline inline cursor-pointer align-baseline\"><span class=\"whitespace-normal\"><img fetchpriority=\"high\" decoding=\"async\" class=\"aligncenter size-full wp-image-2204\" src=\"https:\/\/sentrimax.com\/wp-content\/uploads\/2025\/10\/Sentrimax-PM95000-scaled-e1761191933425.jpg\" alt=\"centrifuge 40&quot; sharples rental\" width=\"1000\" height=\"718\" \/><\/span><\/span><\/p>\n<p data-start=\"525\" data-end=\"950\"><span class=\"hover:entity-accent entity-underline inline cursor-pointer align-baseline\"><span class=\"whitespace-normal\">Sentrimax<\/span><\/span> Ofrece repuestos y servicio confiables para centr\u00edfugas industriales en Phoenix, Arizona, apoyando operaciones municipales, industriales y del sector energ\u00e9tico que dependen de equipos de separaci\u00f3n de alto rendimiento. Con d\u00e9cadas de experiencia en servicio, reparaci\u00f3n y componentes de ingenier\u00eda para centr\u00edfugas en toda Norteam\u00e9rica, Sentrimax ayuda a las instalaciones a mantener su productividad, eficiencia y confiabilidad a largo plazo.<\/p>\n<p data-start=\"952\" data-end=\"1370\">Las centr\u00edfugas industriales operan en entornos exigentes donde las altas velocidades de rotaci\u00f3n, los ciclos de trabajo continuos y los materiales abrasivos someten a tensi\u00f3n los sistemas mec\u00e1nicos y el\u00e9ctricos. Cuando los componentes de la centr\u00edfuga se desgastan o el rendimiento disminuye, es fundamental contar con acceso inmediato a repuestos de calidad y servicio t\u00e9cnico especializado. Sentrimax ofrece soluciones integrales dise\u00f1adas para mantener los sistemas de centr\u00edfuga funcionando de forma segura y eficiente.<\/p>\n<hr data-start=\"1372\" data-end=\"1375\" \/>\n<h2 data-start=\"1377\" data-end=\"1445\"><strong data-start=\"1380\" data-end=\"1445\">Soluciones integrales de repuestos y servicio para centr\u00edfugas industriales<\/strong><\/h2>\n<p data-start=\"1447\" data-end=\"1774\">Sentrimax brinda soporte a los sistemas centr\u00edfugos industriales durante todo su ciclo de vida, desde el mantenimiento rutinario hasta las reparaciones importantes y el reemplazo de componentes. Cada servicio comienza con una evaluaci\u00f3n detallada para determinar si un servicio espec\u00edfico, el reemplazo de piezas o una estrategia de reparaci\u00f3n m\u00e1s amplia ofrecer\u00e1n el mejor resultado.<\/p>\n<p data-start=\"1776\" data-end=\"2063\">Los servicios para centr\u00edfugas industriales incluyen inspecci\u00f3n, diagn\u00f3stico, resoluci\u00f3n de problemas, reparaci\u00f3n, soporte para reconstrucci\u00f3n y optimizaci\u00f3n del rendimiento. Las piezas de repuesto se suministran seg\u00fan las especificaciones del fabricante original (OEM) o se dise\u00f1an para cumplir con las condiciones de funcionamiento espec\u00edficas, lo que garantiza un ajuste perfecto y un rendimiento fiable.<\/p>\n<p data-start=\"2065\" data-end=\"2456\">Las centr\u00edfugas separan s\u00f3lidos y l\u00edquidos mediante fuerza centr\u00edfuga, lo que hace que el equilibrio, la alineaci\u00f3n y la integridad de los componentes sean cruciales. El desgaste mec\u00e1nico o las piezas de baja calidad pueden provocar vibraciones, una menor eficiencia de separaci\u00f3n o paradas imprevistas si no se abordan adecuadamente.<br data-start=\"2331\" data-end=\"2334\" \/>Se encuentra disponible informaci\u00f3n t\u00e9cnica adicional sobre el funcionamiento de la centr\u00edfuga en<br data-start=\"2405\" data-end=\"2408\" \/><a class=\"decorated-link\" href=\"https:\/\/www.britannica.com\/technology\/centrifuge\" target=\"_new\" rel=\"noopener\" data-start=\"2408\" data-end=\"2456\">https:\/\/www.britannica.com\/technology\/centrifuge<\/a><\/p>\n<hr data-start=\"2458\" data-end=\"2461\" \/>\n<h2 data-start=\"2463\" data-end=\"2517\"><strong data-start=\"2466\" data-end=\"2517\">Por qu\u00e9 son importantes las piezas de calidad y el servicio profesional<\/strong><\/h2>\n<p data-start=\"2519\" data-end=\"2698\">El rendimiento confiable de una centr\u00edfuga depende de la calidad tanto del servicio como de los componentes de reemplazo. Las piezas y el servicio para centr\u00edfugas industriales de Sentrimax ayudan a los operadores a:<\/p>\n<ul data-start=\"2700\" data-end=\"2903\">\n<li data-start=\"2700\" data-end=\"2731\">\n<p data-start=\"2702\" data-end=\"2731\">Minimizar el tiempo de inactividad no planificado<\/p>\n<\/li>\n<li data-start=\"2732\" data-end=\"2777\">\n<p data-start=\"2734\" data-end=\"2777\">Mantener una eficiencia de separaci\u00f3n constante<\/p>\n<\/li>\n<li data-start=\"2778\" data-end=\"2820\">\n<p data-start=\"2780\" data-end=\"2820\">Reducir la vibraci\u00f3n y el estr\u00e9s mec\u00e1nico<\/p>\n<\/li>\n<li data-start=\"2821\" data-end=\"2855\">\n<p data-start=\"2823\" data-end=\"2855\">Prolongar la vida \u00fatil de la centr\u00edfuga<\/p>\n<\/li>\n<li data-start=\"2856\" data-end=\"2903\">\n<p data-start=\"2858\" data-end=\"2903\">Menores costos totales de mantenimiento y operaci\u00f3n<\/p>\n<\/li>\n<\/ul>\n<p data-start=\"2905\" data-end=\"3143\">El uso de piezas de baja calidad o la demora en el servicio t\u00e9cnico suelen provocar fallos recurrentes y mayores gastos a largo plazo. Sentrimax aplica un estricto control de calidad y revisi\u00f3n de ingenier\u00eda para garantizar que cada pieza y soluci\u00f3n de servicio garantice un funcionamiento duradero.<\/p>\n<hr data-start=\"3145\" data-end=\"3148\" \/>\n<h2 data-start=\"3150\" data-end=\"3195\"><strong data-start=\"3153\" data-end=\"3195\">Capacidades de repuestos y servicio de Sentrimax<\/strong><\/h2>\n<p data-start=\"3197\" data-end=\"3369\">Sentrimax ofrece una amplia gama de piezas y servicios para centr\u00edfugas industriales, con el respaldo de nuestra experiencia en mecanizado, fabricaci\u00f3n e ingenier\u00eda. Nuestras capacidades incluyen:<\/p>\n<ul data-start=\"3371\" data-end=\"3652\">\n<li data-start=\"3371\" data-end=\"3416\">\n<p data-start=\"3373\" data-end=\"3416\">Piezas de repuesto dise\u00f1adas y con especificaciones OEM<\/p>\n<\/li>\n<li data-start=\"3417\" data-end=\"3471\">\n<p data-start=\"3419\" data-end=\"3471\">Cojinetes, sellos y componentes del sistema de lubricaci\u00f3n<\/p>\n<\/li>\n<li data-start=\"3472\" data-end=\"3508\">\n<p data-start=\"3474\" data-end=\"3508\">Servicio de caja de cambios y sistema de transmisi\u00f3n<\/p>\n<\/li>\n<li data-start=\"3509\" data-end=\"3555\">\n<p data-start=\"3511\" data-end=\"3555\">Inspecci\u00f3n y equilibrado de conjuntos rotatorios<\/p>\n<\/li>\n<li data-start=\"3556\" data-end=\"3601\">\n<p data-start=\"3558\" data-end=\"3601\">Diagn\u00f3stico de sistemas el\u00e9ctricos y de control<\/p>\n<\/li>\n<li data-start=\"3602\" data-end=\"3652\">\n<p data-start=\"3604\" data-end=\"3652\">Soporte completo de reparaci\u00f3n y reconstrucci\u00f3n de centr\u00edfugas<\/p>\n<\/li>\n<\/ul>\n<p data-start=\"3654\" data-end=\"3798\">Para componentes obsoletos o dif\u00edciles de conseguir, Sentrimax ofrece servicios de fabricaci\u00f3n personalizados e ingenier\u00eda inversa para restaurar la funcionalidad completa.<\/p>\n<p data-start=\"3800\" data-end=\"3895\">Obtenga m\u00e1s informaci\u00f3n sobre las capacidades de servicio y repuestos de centr\u00edfugas en<br data-start=\"3861\" data-end=\"3864\" \/><a class=\"decorated-link\" href=\"https:\/\/sentrimax.com\/es\/services\/?utm_source=chatgpt.com\" target=\"_new\" rel=\"noopener\" data-start=\"3864\" data-end=\"3895\">https:\/\/sentrimax.com\/services\/<\/a><\/p>\n<hr data-start=\"3897\" data-end=\"3900\" \/>\n<h2 data-start=\"3902\" data-end=\"3952\"><strong data-start=\"3905\" data-end=\"3952\">Soporte de ingenier\u00eda y calidad con certificaci\u00f3n ISO<\/strong><\/h2>\n<p data-start=\"3954\" data-end=\"4235\">Sentrimax opera bajo un sistema de gesti\u00f3n de calidad con certificaci\u00f3n ISO 9001:2015, lo que garantiza consistencia, trazabilidad y resultados repetibles en todas las piezas y trabajos de servicio. Cada componente y proceso de servicio sigue procedimientos documentados desde la inspecci\u00f3n hasta la verificaci\u00f3n final.<\/p>\n<p data-start=\"4237\" data-end=\"4473\">El soporte de ingenier\u00eda est\u00e1 integrado en cada proyecto. Sentrimax eval\u00faa las condiciones operativas, el historial de fallos y los requisitos de rendimiento para recomendar materiales, dise\u00f1os o estrategias de mantenimiento mejorados que reduzcan problemas futuros.<\/p>\n<p data-start=\"4475\" data-end=\"4553\">Obtenga m\u00e1s informaci\u00f3n sobre el proceso Sentrimax en<br data-start=\"4516\" data-end=\"4519\" \/><a class=\"decorated-link\" href=\"https:\/\/sentrimax.com\/es\/our-process\/?utm_source=chatgpt.com\" target=\"_new\" rel=\"noopener\" data-start=\"4519\" data-end=\"4553\">https:\/\/sentrimax.com\/our-process\/<\/a><\/p>\n<hr data-start=\"4555\" data-end=\"4558\" \/>\n<h2 data-start=\"4560\" data-end=\"4613\"><strong data-start=\"4563\" data-end=\"4613\">Apoyo a las operaciones industriales en Phoenix, Arizona<\/strong><\/h2>\n<p data-start=\"4615\" data-end=\"4953\">Phoenix, Arizona, es un centro en crecimiento para la manufactura, la infraestructura municipal, las operaciones energ\u00e9ticas y el procesamiento industrial, donde las centr\u00edfugas desempe\u00f1an un papel fundamental. Sentrimax apoya a las instalaciones en toda el \u00e1rea metropolitana de Phoenix con acceso r\u00e1pido a repuestos para centr\u00edfugas industriales y servicio adaptado a las exigentes condiciones de operaci\u00f3n.<\/p>\n<p data-start=\"4955\" data-end=\"5243\">Con experiencia atendiendo a clientes en Estados Unidos y Canad\u00e1, Sentrimax comprende la importancia de tiempos de respuesta r\u00e1pidos, una comunicaci\u00f3n clara y una entrega confiable. Ya sea que se trate de reparaciones de emergencia o mantenimiento planificado, Sentrimax brinda soporte experto en cada etapa.<\/p>\n<p data-start=\"5245\" data-end=\"5431\">Las industrias apoyadas incluyen el tratamiento de aguas residuales municipales, el procesamiento industrial, el petr\u00f3leo y el gas, la fabricaci\u00f3n de alimentos y bebidas y la producci\u00f3n de energ\u00eda.<br data-start=\"5395\" data-end=\"5398\" \/><a class=\"decorated-link\" href=\"https:\/\/sentrimax.com\/es\/industries\/?utm_source=chatgpt.com\" target=\"_new\" rel=\"noopener\" data-start=\"5398\" data-end=\"5431\">https:\/\/sentrimax.com\/industries\/<\/a><\/p>\n<hr data-start=\"5433\" data-end=\"5436\" \/>\n<h2 data-start=\"5438\" data-end=\"5487\"><strong data-start=\"5441\" data-end=\"5487\">Mantenimiento preventivo y soporte durante el ciclo de vida<\/strong><\/h2>\n<p data-start=\"5489\" data-end=\"5778\">Adem\u00e1s de repuestos y servicio para centr\u00edfugas industriales, Sentrimax ofrece programas de mantenimiento preventivo y soporte durante todo el ciclo de vida, dise\u00f1ados para reducir fallos inesperados. Las inspecciones rutinarias, los an\u00e1lisis de vibraciones y la sustituci\u00f3n planificada de componentes ayudan a las instalaciones a gestionar el mantenimiento de forma proactiva.<\/p>\n<p data-start=\"5780\" data-end=\"6002\">Sentrimax tambi\u00e9n ofrece reconstrucci\u00f3n de centr\u00edfugas, alquiler de equipos y consultor\u00eda t\u00e9cnica para instalaciones que gestionan equipos obsoletos o ampl\u00edan su capacidad. Estos servicios ayudan a mantener la productividad y a controlar los costos de mantenimiento.<\/p>\n<p data-start=\"6004\" data-end=\"6131\">Puede encontrar informaci\u00f3n adicional sobre la confiabilidad de los equipos industriales y el soporte de infraestructura en<br data-start=\"6105\" data-end=\"6108\" \/><a class=\"decorated-link\" href=\"https:\/\/www.energy.gov\/\" target=\"_new\" rel=\"noopener\" data-start=\"6108\" data-end=\"6131\">https:\/\/www.energy.gov\/<\/a><\/p>\n<hr data-start=\"6133\" data-end=\"6136\" \/>\n<h2 data-start=\"6138\" data-end=\"6196\"><strong data-start=\"6141\" data-end=\"6196\">Un socio de confianza para el soporte de centr\u00edfugas industriales<\/strong><\/h2>\n<p data-start=\"6198\" data-end=\"6456\">Sentrimax combina experiencia t\u00e9cnica, procesos con certificaci\u00f3n ISO y un profundo conocimiento del sector para ofrecer repuestos y servicio confiables para centr\u00edfugas industriales en Phoenix, Arizona. Cada soluci\u00f3n se centra en la precisi\u00f3n, la seguridad y el rendimiento operativo a largo plazo.<\/p>\n<hr data-start=\"6458\" data-end=\"6461\" \/>\n<h2 data-start=\"6463\" data-end=\"6521\"><strong data-start=\"6466\" data-end=\"6521\">Solicite hoy mismo piezas y servicio para centr\u00edfugas industriales<\/strong><\/h2>\n<p data-start=\"6523\" data-end=\"6734\">Cuando el rendimiento de la centr\u00edfuga es fundamental para su operaci\u00f3n, Sentrimax est\u00e1 listo para ayudarle. Hable con un miembro experimentado del equipo para hablar sobre los requisitos de piezas, las necesidades de servicio, los plazos y las especificaciones t\u00e9cnicas.<\/p>\n<p data-start=\"6736\" data-end=\"6790\" data-is-last-node=\"\" data-is-only-node=\"\"><strong data-start=\"6736\" data-end=\"6790\" data-is-last-node=\"\"><a class=\"decorated-link\" href=\"https:\/\/sentrimax.com\/es\/contact\/\" target=\"_new\" rel=\"noopener\" data-start=\"6738\" data-end=\"6788\">\u00a1Solicita una cotizaci\u00f3n!<\/a><\/strong><\/p>","protected":false},"excerpt":{"rendered":"<p>Sentrimax delivers dependable industrial centrifuge parts &amp; service in Phoenix AZ, supporting municipal, industrial, and energy-sector operations that rely on high-performance separation equipment. With decades of experience providing centrifuge service, repair, and engineered components across North America, Sentrimax helps facilities maintain uptime, efficiency, and long-term reliability. Industrial centrifuges operate in demanding environments where high rotational [&hellip;]<\/p>\n","protected":false},"author":3,"featured_media":0,"parent":0,"menu_order":0,"comment_status":"closed","ping_status":"closed","template":"seo-page-template.php","meta":{"_acf_changed":false,"inline_featured_image":false,"footnotes":""},"class_list":["post-2345","page","type-page","status-publish","hentry"],"acf":[],"_links":{"self":[{"href":"https:\/\/sentrimax.com\/es\/wp-json\/wp\/v2\/pages\/2345","targetHints":{"allow":["GET"]}}],"collection":[{"href":"https:\/\/sentrimax.com\/es\/wp-json\/wp\/v2\/pages"}],"about":[{"href":"https:\/\/sentrimax.com\/es\/wp-json\/wp\/v2\/types\/page"}],"author":[{"embeddable":true,"href":"https:\/\/sentrimax.com\/es\/wp-json\/wp\/v2\/users\/3"}],"replies":[{"embeddable":true,"href":"https:\/\/sentrimax.com\/es\/wp-json\/wp\/v2\/comments?post=2345"}],"version-history":[{"count":1,"href":"https:\/\/sentrimax.com\/es\/wp-json\/wp\/v2\/pages\/2345\/revisions"}],"predecessor-version":[{"id":2482,"href":"https:\/\/sentrimax.com\/es\/wp-json\/wp\/v2\/pages\/2345\/revisions\/2482"}],"wp:attachment":[{"href":"https:\/\/sentrimax.com\/es\/wp-json\/wp\/v2\/media?parent=2345"}],"curies":[{"name":"wp","href":"https:\/\/api.w.org\/{rel}","templated":true}]}}