{"id":2346,"date":"2026-01-07T18:16:06","date_gmt":"2026-01-07T18:16:06","guid":{"rendered":"https:\/\/sentrimax.com\/?page_id=2346"},"modified":"2026-01-07T18:32:37","modified_gmt":"2026-01-07T18:32:37","slug":"nationwide-centrifuge-repair-services-usa-canada","status":"publish","type":"page","link":"https:\/\/sentrimax.com\/es\/nationwide-centrifuge-repair-services-usa-canada\/","title":{"rendered":"Servicios de reparaci\u00f3n de centr\u00edfugas a nivel nacional en EE. UU. y Canad\u00e1"},"content":{"rendered":"<p data-start=\"525\" data-end=\"955\"><span class=\"hover:entity-accent entity-underline inline cursor-pointer align-baseline\"><span class=\"whitespace-normal\"><img fetchpriority=\"high\" decoding=\"async\" class=\"aligncenter size-full wp-image-2173\" src=\"https:\/\/sentrimax.com\/wp-content\/uploads\/2025\/07\/c1a73b_f3521b6db4d34f23972aa5e5d7ed0489mv2.png\" alt=\"\" width=\"980\" height=\"551\" srcset=\"https:\/\/sentrimax.com\/wp-content\/uploads\/2025\/07\/c1a73b_f3521b6db4d34f23972aa5e5d7ed0489mv2.png 980w, https:\/\/sentrimax.com\/wp-content\/uploads\/2025\/07\/c1a73b_f3521b6db4d34f23972aa5e5d7ed0489mv2-300x169.png 300w, https:\/\/sentrimax.com\/wp-content\/uploads\/2025\/07\/c1a73b_f3521b6db4d34f23972aa5e5d7ed0489mv2-768x432.png 768w, https:\/\/sentrimax.com\/wp-content\/uploads\/2025\/07\/c1a73b_f3521b6db4d34f23972aa5e5d7ed0489mv2-18x10.png 18w, https:\/\/sentrimax.com\/wp-content\/uploads\/2025\/07\/c1a73b_f3521b6db4d34f23972aa5e5d7ed0489mv2-600x337.png 600w\" sizes=\"(max-width: 980px) 100vw, 980px\" \/><\/span><\/span><\/p>\n<p data-start=\"525\" data-end=\"955\"><span class=\"hover:entity-accent entity-underline inline cursor-pointer align-baseline\"><span class=\"whitespace-normal\">Sentrimax<\/span><\/span> Proporciona profesionalidad <strong data-start=\"585\" data-end=\"650\">Servicios de reparaci\u00f3n de centr\u00edfugas a nivel nacional en EE. UU. y Canad\u00e1.<\/strong>, apoyando operaciones industriales, municipales y del sector energ\u00e9tico que dependen de equipos de separaci\u00f3n confiables. Con d\u00e9cadas de experiencia en el mantenimiento de sistemas centr\u00edfugos en toda Norteam\u00e9rica, Sentrimax ofrece soluciones de reparaci\u00f3n r\u00e1pidas y de alta calidad donde la inactividad de los equipos amenaza la productividad.<\/p>\n<p data-start=\"957\" data-end=\"1351\">Las centr\u00edfugas son fundamentales para procesos como el tratamiento de aguas residuales, la separaci\u00f3n de petr\u00f3leo y gas, la fabricaci\u00f3n industrial y el procesamiento de alimentos. Cuando fallan, una reparaci\u00f3n r\u00e1pida y experta es esencial. Sentrimax ofrece servicios de reparaci\u00f3n escalables dise\u00f1ados para respaldar instalaciones en Estados Unidos y Canad\u00e1 con calidad constante, experiencia t\u00e9cnica y plazos de entrega confiables.<\/p>\n<hr data-start=\"1353\" data-end=\"1356\" \/>\n<h2 data-start=\"1358\" data-end=\"1420\"><strong data-start=\"1361\" data-end=\"1420\">Capacidades integrales de reparaci\u00f3n de centr\u00edfugas a nivel nacional<\/strong><\/h2>\n<p data-start=\"1422\" data-end=\"1721\">Los servicios nacionales de reparaci\u00f3n de centr\u00edfugas de Sentrimax atienden tanto fallos de emergencia como necesidades de mantenimiento planificado. Cada servicio de reparaci\u00f3n comienza con una evaluaci\u00f3n detallada para determinar la estrategia de reparaci\u00f3n m\u00e1s eficaz seg\u00fan el estado del equipo, el entorno operativo y los requisitos del proceso.<\/p>\n<p data-start=\"1723\" data-end=\"2040\">Los servicios de reparaci\u00f3n incluyen inspecci\u00f3n mec\u00e1nica, diagn\u00f3stico, desmontaje, reparaci\u00f3n o sustituci\u00f3n de componentes, reensamblaje y pruebas de rendimiento. Tanto si las reparaciones se realizan in situ como en un centro de servicio de Sentrimax, se aplican los mismos procedimientos con certificaci\u00f3n ISO y est\u00e1ndares de calidad en todas las regiones.<\/p>\n<p data-start=\"2042\" data-end=\"2389\">Las centr\u00edfugas dependen de la fuerza centr\u00edfuga, el equilibrio de precisi\u00f3n y la integridad mec\u00e1nica para funcionar de forma segura y eficiente. El desgaste, la vibraci\u00f3n o la desalineaci\u00f3n de los componentes pueden comprometer r\u00e1pidamente su rendimiento si no se abordan adecuadamente.<br data-start=\"2264\" data-end=\"2267\" \/>Se encuentra disponible informaci\u00f3n t\u00e9cnica adicional sobre el funcionamiento de la centr\u00edfuga en<br data-start=\"2338\" data-end=\"2341\" \/><a class=\"decorated-link\" href=\"https:\/\/www.britannica.com\/technology\/centrifuge\" target=\"_new\" rel=\"noopener\" data-start=\"2341\" data-end=\"2389\">https:\/\/www.britannica.com\/technology\/centrifuge<\/a><\/p>\n<hr data-start=\"2391\" data-end=\"2394\" \/>\n<h2 data-start=\"2396\" data-end=\"2444\"><strong data-start=\"2399\" data-end=\"2444\">Industrias apoyadas en toda Am\u00e9rica del Norte<\/strong><\/h2>\n<p data-start=\"2446\" data-end=\"2544\">Sentrimax ofrece servicios de reparaci\u00f3n de centr\u00edfugas en todo el pa\u00eds a una amplia gama de industrias, que incluyen:<\/p>\n<ul data-start=\"2546\" data-end=\"2767\">\n<li data-start=\"2546\" data-end=\"2594\">\n<p data-start=\"2548\" data-end=\"2594\">Tratamiento de aguas residuales municipales y bios\u00f3lidos<\/p>\n<\/li>\n<li data-start=\"2595\" data-end=\"2643\">\n<p data-start=\"2597\" data-end=\"2643\">Perforaci\u00f3n, procesamiento y refinaci\u00f3n de petr\u00f3leo y gas<\/p>\n<\/li>\n<li data-start=\"2644\" data-end=\"2696\">\n<p data-start=\"2646\" data-end=\"2696\">Fabricaci\u00f3n industrial y procesamiento qu\u00edmico<\/p>\n<\/li>\n<li data-start=\"2697\" data-end=\"2729\">\n<p data-start=\"2699\" data-end=\"2729\">Producci\u00f3n de alimentos y bebidas<\/p>\n<\/li>\n<li data-start=\"2730\" data-end=\"2767\">\n<p data-start=\"2732\" data-end=\"2767\">Servicios energ\u00e9ticos y ambientales<\/p>\n<\/li>\n<\/ul>\n<p data-start=\"2769\" data-end=\"2955\">Con experiencia en el servicio de diversas aplicaciones, los t\u00e9cnicos de Sentrimax comprenden los desaf\u00edos \u00fanicos y los requisitos reglamentarios de cada industria y adaptan las soluciones de reparaci\u00f3n en consecuencia.<\/p>\n<hr data-start=\"2957\" data-end=\"2960\" \/>\n<h2 data-start=\"2962\" data-end=\"3009\"><strong data-start=\"2965\" data-end=\"3009\">Por qu\u00e9 es importante la reparaci\u00f3n de centr\u00edfugas a nivel nacional<\/strong><\/h2>\n<p data-start=\"3011\" data-end=\"3215\">El acceso confiable a servicios de reparaci\u00f3n de centr\u00edfugas en m\u00faltiples regiones es fundamental para las organizaciones que operan en m\u00faltiples instalaciones o sitios remotos. Los servicios de reparaci\u00f3n nacionales de Sentrimax ayudan a los operadores a:<\/p>\n<ul data-start=\"3217\" data-end=\"3472\">\n<li data-start=\"3217\" data-end=\"3280\">\n<p data-start=\"3219\" data-end=\"3280\">Minimizar el tiempo de inactividad en ubicaciones geogr\u00e1ficamente dispersas<\/p>\n<\/li>\n<li data-start=\"3281\" data-end=\"3337\">\n<p data-start=\"3283\" data-end=\"3337\">Mantener una calidad de reparaci\u00f3n y documentaci\u00f3n constantes<\/p>\n<\/li>\n<li data-start=\"3338\" data-end=\"3393\">\n<p data-start=\"3340\" data-end=\"3393\">Reducir la complejidad log\u00edstica y la variabilidad de los proveedores<\/p>\n<\/li>\n<li data-start=\"3394\" data-end=\"3428\">\n<p data-start=\"3396\" data-end=\"3428\">Prolongar la vida \u00fatil de la centr\u00edfuga<\/p>\n<\/li>\n<li data-start=\"3429\" data-end=\"3472\">\n<p data-start=\"3431\" data-end=\"3472\">Controlar los costos de mantenimiento y operaci\u00f3n<\/p>\n<\/li>\n<\/ul>\n<p data-start=\"3474\" data-end=\"3644\">En lugar de coordinar a m\u00faltiples proveedores regionales, los operadores se benefician de un \u00fanico socio de reparaci\u00f3n confiable capaz de brindar soporte a instalaciones en todo Estados Unidos y Canad\u00e1.<\/p>\n<hr data-start=\"3646\" data-end=\"3649\" \/>\n<h2 data-start=\"3651\" data-end=\"3699\"><strong data-start=\"3654\" data-end=\"3699\">Experiencia y capacidades de reparaci\u00f3n de Sentrimax<\/strong><\/h2>\n<p data-start=\"3701\" data-end=\"3864\">Sentrimax ofrece servicios integrales de reparaci\u00f3n de centr\u00edfugas, respaldados por experiencia en ingenier\u00eda, mecanizado avanzado y sistemas de calidad certificados. Nuestras capacidades incluyen:<\/p>\n<ul data-start=\"3866\" data-end=\"4173\">\n<li data-start=\"3866\" data-end=\"3913\">\n<p data-start=\"3868\" data-end=\"3913\">Desmontaje e inspecci\u00f3n completos de la centr\u00edfuga<\/p>\n<\/li>\n<li data-start=\"3914\" data-end=\"3965\">\n<p data-start=\"3916\" data-end=\"3965\">Reparaci\u00f3n de cojinetes, sellos, cajas de cambios y sistemas de transmisi\u00f3n<\/p>\n<\/li>\n<li data-start=\"3966\" data-end=\"4024\">\n<p data-start=\"3968\" data-end=\"4024\">Inspecci\u00f3n, alineaci\u00f3n y equilibrado del conjunto giratorio<\/p>\n<\/li>\n<li data-start=\"4025\" data-end=\"4070\">\n<p data-start=\"4027\" data-end=\"4070\">Diagn\u00f3stico de sistemas el\u00e9ctricos y de control<\/p>\n<\/li>\n<li data-start=\"4071\" data-end=\"4121\">\n<p data-start=\"4073\" data-end=\"4121\">Componentes de reemplazo dise\u00f1ados y fabricados por OEM<\/p>\n<\/li>\n<li data-start=\"4122\" data-end=\"4173\">\n<p data-start=\"4124\" data-end=\"4173\">Pruebas funcionales y verificaci\u00f3n del rendimiento<\/p>\n<\/li>\n<\/ul>\n<p data-start=\"4175\" data-end=\"4320\">Para componentes obsoletos o dif\u00edciles de conseguir, Sentrimax ofrece soluciones de fabricaci\u00f3n personalizada e ingenier\u00eda inversa para restaurar la funcionalidad completa.<\/p>\n<p data-start=\"4322\" data-end=\"4418\">Obtenga m\u00e1s informaci\u00f3n sobre las capacidades de reparaci\u00f3n y servicio de centr\u00edfugas en<br data-start=\"4384\" data-end=\"4387\" \/><a class=\"decorated-link\" href=\"https:\/\/sentrimax.com\/es\/services\/?utm_source=chatgpt.com\" target=\"_new\" rel=\"noopener\" data-start=\"4387\" data-end=\"4418\">https:\/\/sentrimax.com\/services\/<\/a><\/p>\n<hr data-start=\"4420\" data-end=\"4423\" \/>\n<h2 data-start=\"4425\" data-end=\"4475\"><strong data-start=\"4428\" data-end=\"4475\">Soporte de ingenier\u00eda y calidad con certificaci\u00f3n ISO<\/strong><\/h2>\n<p data-start=\"4477\" data-end=\"4750\">Sentrimax opera bajo un sistema de gesti\u00f3n de calidad con certificaci\u00f3n ISO 9001:2015, lo que garantiza la consistencia, la trazabilidad y la repetibilidad de los resultados de las reparaciones en todas sus instalaciones. Cada reparaci\u00f3n de centr\u00edfuga sigue procedimientos documentados desde la inspecci\u00f3n inicial hasta la verificaci\u00f3n final.<\/p>\n<p data-start=\"4752\" data-end=\"5009\">El soporte de ingenier\u00eda est\u00e1 integrado en el proceso de reparaci\u00f3n. Sentrimax eval\u00faa las condiciones operativas, los patrones de fallo y los requisitos de rendimiento para recomendar mejoras de dise\u00f1o o estrategias de mantenimiento que reduzcan futuros problemas y mejoren la fiabilidad.<\/p>\n<p data-start=\"5011\" data-end=\"5089\">Obtenga m\u00e1s informaci\u00f3n sobre el proceso Sentrimax en<br data-start=\"5052\" data-end=\"5055\" \/><a class=\"decorated-link\" href=\"https:\/\/sentrimax.com\/es\/our-process\/?utm_source=chatgpt.com\" target=\"_new\" rel=\"noopener\" data-start=\"5055\" data-end=\"5089\">https:\/\/sentrimax.com\/our-process\/<\/a><\/p>\n<hr data-start=\"5091\" data-end=\"5094\" \/>\n<h2 data-start=\"5096\" data-end=\"5152\"><strong data-start=\"5099\" data-end=\"5152\">Instalaciones de apoyo en todo Estados Unidos y Canad\u00e1<\/strong><\/h2>\n<p data-start=\"5154\" data-end=\"5433\">Con cobertura de servicio en Estados Unidos y Canad\u00e1, Sentrimax presta servicio tanto a operaciones de un solo sitio como a organizaciones con m\u00faltiples ubicaciones. Los t\u00e9cnicos se distribuyen estrat\u00e9gicamente para brindar un servicio eficiente y mantener est\u00e1ndares de calidad consistentes, independientemente de la ubicaci\u00f3n.<\/p>\n<p data-start=\"5435\" data-end=\"5642\">Ya sea que apoye reparaciones de emergencia, mantenimiento programado o programas de confiabilidad a largo plazo, Sentrimax ofrece servicios confiables de reparaci\u00f3n de centr\u00edfugas respaldados por una comunicaci\u00f3n clara y experiencia t\u00e9cnica.<\/p>\n<p data-start=\"5644\" data-end=\"5832\">Las industrias atendidas en todo el pa\u00eds incluyen infraestructura municipal, procesamiento industrial, petr\u00f3leo y gas, fabricaci\u00f3n de alimentos y bebidas y producci\u00f3n de energ\u00eda.<br data-start=\"5796\" data-end=\"5799\" \/><a class=\"decorated-link\" href=\"https:\/\/sentrimax.com\/es\/industries\/?utm_source=chatgpt.com\" target=\"_new\" rel=\"noopener\" data-start=\"5799\" data-end=\"5832\">https:\/\/sentrimax.com\/industries\/<\/a><\/p>\n<hr data-start=\"5834\" data-end=\"5837\" \/>\n<h2 data-start=\"5839\" data-end=\"5888\"><strong data-start=\"5842\" data-end=\"5888\">Mantenimiento preventivo y soporte durante el ciclo de vida<\/strong><\/h2>\n<p data-start=\"5890\" data-end=\"6194\">Adem\u00e1s de los servicios de reparaci\u00f3n de centr\u00edfugas en todo el pa\u00eds, Sentrimax ofrece programas de mantenimiento preventivo y soporte durante todo el ciclo de vida para ayudar a los operadores a evitar fallos inesperados. Las inspecciones de rutina, el monitoreo de vibraciones y el reemplazo planificado de componentes ayudan a estabilizar el rendimiento del equipo y a reducir el tiempo de inactividad.<\/p>\n<p data-start=\"6196\" data-end=\"6356\">Sentrimax tambi\u00e9n ofrece reconstrucciones de centr\u00edfugas, alquiler de equipos y asesoramiento t\u00e9cnico para respaldar la planificaci\u00f3n del mantenimiento a largo plazo y la continuidad operativa.<\/p>\n<p data-start=\"6358\" data-end=\"6485\">Puede encontrar informaci\u00f3n adicional sobre la confiabilidad de los equipos industriales y el soporte de infraestructura en<br data-start=\"6459\" data-end=\"6462\" \/><a class=\"decorated-link\" href=\"https:\/\/www.energy.gov\/\" target=\"_new\" rel=\"noopener\" data-start=\"6462\" data-end=\"6485\">https:\/\/www.energy.gov\/<\/a><\/p>\n<hr data-start=\"6487\" data-end=\"6490\" \/>\n<h2 data-start=\"6492\" data-end=\"6545\"><strong data-start=\"6495\" data-end=\"6545\">Un socio confiable a nivel nacional para la reparaci\u00f3n de centr\u00edfugas<\/strong><\/h2>\n<p data-start=\"6547\" data-end=\"6826\">Sentrimax combina experiencia t\u00e9cnica, procesos con certificaci\u00f3n ISO y una amplia cobertura geogr\u00e1fica para brindar un servicio confiable. <strong data-start=\"6664\" data-end=\"6725\">Servicios de reparaci\u00f3n de centr\u00edfugas a nivel nacional en EE. UU. y Canad\u00e1<\/strong>. Cada reparaci\u00f3n se realiza centr\u00e1ndose en la seguridad, la precisi\u00f3n y el rendimiento operativo a largo plazo.<\/p>\n<hr data-start=\"6828\" data-end=\"6831\" \/>\n<h2 data-start=\"6833\" data-end=\"6890\"><strong data-start=\"6836\" data-end=\"6890\">Solicite hoy mismo asistencia nacional para la reparaci\u00f3n de centr\u00edfugas<\/strong><\/h2>\n<p data-start=\"6892\" data-end=\"7120\">Cuando el rendimiento de la centr\u00edfuga es fundamental para su operaci\u00f3n, sin importar la ubicaci\u00f3n, Sentrimax est\u00e1 listo para ayudarle. Hable con un miembro experimentado del equipo para hablar sobre sus necesidades de reparaci\u00f3n, la cobertura del servicio, los plazos y los requisitos t\u00e9cnicos.<\/p>\n<p data-start=\"7122\" data-end=\"7176\" data-is-last-node=\"\" data-is-only-node=\"\"><strong data-start=\"7122\" data-end=\"7176\" data-is-last-node=\"\"><a class=\"decorated-link\" href=\"https:\/\/sentrimax.com\/es\/contact\/\" target=\"_new\" rel=\"noopener\" data-start=\"7124\" data-end=\"7174\">\u00a1Solicita una cotizaci\u00f3n!<\/a><\/strong><\/p>","protected":false},"excerpt":{"rendered":"<p>Sentrimax provides professional nationwide centrifuge repair services across the USA &amp; Canada, supporting industrial, municipal, and energy-sector operations that depend on reliable separation equipment. With decades of experience servicing centrifuge systems throughout North America, Sentrimax delivers responsive, high-quality repair solutions wherever equipment downtime threatens productivity. Centrifuges are critical to processes such as wastewater treatment, oil [&hellip;]<\/p>\n","protected":false},"author":3,"featured_media":0,"parent":0,"menu_order":0,"comment_status":"closed","ping_status":"closed","template":"","meta":{"_acf_changed":false,"inline_featured_image":false,"footnotes":""},"class_list":["post-2346","page","type-page","status-publish","hentry"],"acf":[],"_links":{"self":[{"href":"https:\/\/sentrimax.com\/es\/wp-json\/wp\/v2\/pages\/2346","targetHints":{"allow":["GET"]}}],"collection":[{"href":"https:\/\/sentrimax.com\/es\/wp-json\/wp\/v2\/pages"}],"about":[{"href":"https:\/\/sentrimax.com\/es\/wp-json\/wp\/v2\/types\/page"}],"author":[{"embeddable":true,"href":"https:\/\/sentrimax.com\/es\/wp-json\/wp\/v2\/users\/3"}],"replies":[{"embeddable":true,"href":"https:\/\/sentrimax.com\/es\/wp-json\/wp\/v2\/comments?post=2346"}],"version-history":[{"count":0,"href":"https:\/\/sentrimax.com\/es\/wp-json\/wp\/v2\/pages\/2346\/revisions"}],"wp:attachment":[{"href":"https:\/\/sentrimax.com\/es\/wp-json\/wp\/v2\/media?parent=2346"}],"curies":[{"name":"wp","href":"https:\/\/api.w.org\/{rel}","templated":true}]}}