{"id":2347,"date":"2026-01-07T18:18:02","date_gmt":"2026-01-07T18:18:02","guid":{"rendered":"https:\/\/sentrimax.com\/?page_id=2347"},"modified":"2026-03-31T20:38:50","modified_gmt":"2026-03-31T20:38:50","slug":"industrial-centrifuge-service-experts-north-america","status":"publish","type":"page","link":"https:\/\/sentrimax.com\/es\/industrial-centrifuge-service-experts-north-america\/","title":{"rendered":"Expertos en servicio de centr\u00edfugas industriales en Am\u00e9rica del Norte"},"content":{"rendered":"<p data-start=\"522\" data-end=\"973\"><span class=\"hover:entity-accent entity-underline inline cursor-pointer align-baseline\"><span class=\"whitespace-normal\"><img fetchpriority=\"high\" decoding=\"async\" class=\"aligncenter size-full wp-image-2026\" src=\"https:\/\/sentrimax.com\/wp-content\/uploads\/2025\/07\/imgi_4_c1a73b_67d9bd780e544ea3924fdef1b967ae4fmv2-1.webp\" alt=\"\" width=\"980\" height=\"551\" srcset=\"https:\/\/sentrimax.com\/wp-content\/uploads\/2025\/07\/imgi_4_c1a73b_67d9bd780e544ea3924fdef1b967ae4fmv2-1.webp 980w, https:\/\/sentrimax.com\/wp-content\/uploads\/2025\/07\/imgi_4_c1a73b_67d9bd780e544ea3924fdef1b967ae4fmv2-1-300x169.webp 300w, https:\/\/sentrimax.com\/wp-content\/uploads\/2025\/07\/imgi_4_c1a73b_67d9bd780e544ea3924fdef1b967ae4fmv2-1-768x432.webp 768w, https:\/\/sentrimax.com\/wp-content\/uploads\/2025\/07\/imgi_4_c1a73b_67d9bd780e544ea3924fdef1b967ae4fmv2-1-18x10.webp 18w, https:\/\/sentrimax.com\/wp-content\/uploads\/2025\/07\/imgi_4_c1a73b_67d9bd780e544ea3924fdef1b967ae4fmv2-1-600x337.webp 600w\" sizes=\"(max-width: 980px) 100vw, 980px\" \/><\/span><\/span><\/p>\n<p data-start=\"522\" data-end=\"973\"><span class=\"hover:entity-accent entity-underline inline cursor-pointer align-baseline\"><span class=\"whitespace-normal\">Sentrimax<\/span><\/span> Sentrimax es reconocido como uno de los principales expertos en servicio de centr\u00edfugas industriales en Norteam\u00e9rica, brindando soporte a equipos de separaci\u00f3n cr\u00edticos para operaciones industriales, municipales y del sector energ\u00e9tico. Con d\u00e9cadas de experiencia pr\u00e1ctica en el servicio de sistemas de centr\u00edfugas en Estados Unidos y Canad\u00e1, Sentrimax ofrece soluciones de servicio confiables que maximizan el tiempo de funcionamiento, mejoran el rendimiento y prolongan la vida \u00fatil de los equipos.<\/p>\n<p data-start=\"975\" data-end=\"1388\">Las centr\u00edfugas industriales son esenciales para procesos como el tratamiento de aguas residuales, la separaci\u00f3n de petr\u00f3leo y gas, el procesamiento qu\u00edmico, la producci\u00f3n de alimentos y los servicios ambientales. Cuando el rendimiento de la centr\u00edfuga disminuye o se producen fallos, se requiere un servicio experto para restablecer la fiabilidad de forma r\u00e1pida y segura. Sentrimax ofrece servicios integrales de centr\u00edfugas con el respaldo de nuestra experiencia en ingenier\u00eda y sistemas de calidad con certificaci\u00f3n ISO.<\/p>\n<hr data-start=\"1390\" data-end=\"1393\" \/>\n<h2 data-start=\"1395\" data-end=\"1467\"><strong data-start=\"1398\" data-end=\"1467\">Servicios integrales de centr\u00edfugas industriales en toda Am\u00e9rica del Norte<\/strong><\/h2>\n<p data-start=\"1469\" data-end=\"1811\">Como expertos en centr\u00edfugas de servicio completo, Sentrimax brinda soporte a los equipos durante todo su ciclo de vida, desde inspecciones rutinarias hasta reparaciones complejas y reconstrucciones completas. Cada servicio comienza con una evaluaci\u00f3n detallada para determinar la estrategia de servicio m\u00e1s eficaz seg\u00fan el estado del equipo, el entorno operativo y los requisitos del proceso.<\/p>\n<p data-start=\"1813\" data-end=\"2130\">Los servicios incluyen diagn\u00f3stico, mantenimiento preventivo, reparaci\u00f3n mec\u00e1nica y el\u00e9ctrica, servicio de cajas de engranajes, balanceo de conjuntos rotativos y optimizaci\u00f3n del rendimiento. Ya sea que los servicios se presten in situ o en un centro de servicio de Sentrimax, se aplican los mismos altos est\u00e1ndares de calidad en todas las ubicaciones.<\/p>\n<p data-start=\"2132\" data-end=\"2478\">Las centr\u00edfugas industriales dependen de la fuerza centr\u00edfuga, el equilibrio preciso y la integridad mec\u00e1nica para funcionar de forma segura y eficiente. El desgaste, la vibraci\u00f3n o la desalineaci\u00f3n pueden comprometer r\u00e1pidamente el rendimiento si no se solucionan a tiempo.<br data-start=\"2353\" data-end=\"2356\" \/>Se encuentra disponible informaci\u00f3n t\u00e9cnica adicional sobre el funcionamiento de la centr\u00edfuga en<br data-start=\"2427\" data-end=\"2430\" \/><a class=\"decorated-link\" href=\"https:\/\/www.britannica.com\/technology\/centrifuge\" target=\"_new\" rel=\"noopener\" data-start=\"2430\" data-end=\"2478\">https:\/\/www.britannica.com\/technology\/centrifuge<\/a><\/p>\n<hr data-start=\"2480\" data-end=\"2483\" \/>\n<h2 data-start=\"2485\" data-end=\"2537\"><strong data-start=\"2488\" data-end=\"2537\">Industrias atendidas en todo Estados Unidos y Canad\u00e1<\/strong><\/h2>\n<p data-start=\"2539\" data-end=\"2652\">Sentrimax ofrece servicios de centr\u00edfugas industriales en Am\u00e9rica del Norte para una amplia gama de industrias, que incluyen:<\/p>\n<ul data-start=\"2654\" data-end=\"2866\">\n<li data-start=\"2654\" data-end=\"2702\">\n<p data-start=\"2656\" data-end=\"2702\">Tratamiento de aguas residuales municipales y bios\u00f3lidos<\/p>\n<\/li>\n<li data-start=\"2703\" data-end=\"2753\">\n<p data-start=\"2705\" data-end=\"2753\">Perforaci\u00f3n, producci\u00f3n y procesamiento de petr\u00f3leo y gas<\/p>\n<\/li>\n<li data-start=\"2754\" data-end=\"2795\">\n<p data-start=\"2756\" data-end=\"2795\">Fabricaci\u00f3n qu\u00edmica e industrial<\/p>\n<\/li>\n<li data-start=\"2796\" data-end=\"2828\">\n<p data-start=\"2798\" data-end=\"2828\">Procesamiento de alimentos y bebidas<\/p>\n<\/li>\n<li data-start=\"2829\" data-end=\"2866\">\n<p data-start=\"2831\" data-end=\"2866\">Servicios energ\u00e9ticos y ambientales<\/p>\n<\/li>\n<\/ul>\n<p data-start=\"2868\" data-end=\"3064\">Con experiencia en diversas aplicaciones, los t\u00e9cnicos de Sentrimax comprenden los requisitos operativos, regulatorios y de seguridad exclusivos de cada industria y adaptan las soluciones de servicio en consecuencia.<\/p>\n<hr data-start=\"3066\" data-end=\"3069\" \/>\n<h2 data-start=\"3071\" data-end=\"3126\"><strong data-start=\"3074\" data-end=\"3126\">\u00bfPor qu\u00e9 elegir a los expertos en servicio de centr\u00edfugas industriales?<\/strong><\/h2>\n<p data-start=\"3128\" data-end=\"3263\">Asociarse con expertos en servicio de centr\u00edfugas industriales ofrece importantes ventajas operativas. Sentrimax ayuda a los operadores a:<\/p>\n<ul data-start=\"3265\" data-end=\"3508\">\n<li data-start=\"3265\" data-end=\"3321\">\n<p data-start=\"3267\" data-end=\"3321\">Reducir el tiempo de inactividad no planificado en m\u00faltiples instalaciones<\/p>\n<\/li>\n<li data-start=\"3322\" data-end=\"3379\">\n<p data-start=\"3324\" data-end=\"3379\">Mantener una calidad de servicio y documentaci\u00f3n consistente<\/p>\n<\/li>\n<li data-start=\"3380\" data-end=\"3414\">\n<p data-start=\"3382\" data-end=\"3414\">Prolongar la vida \u00fatil de la centr\u00edfuga<\/p>\n<\/li>\n<li data-start=\"3415\" data-end=\"3464\">\n<p data-start=\"3417\" data-end=\"3464\">Mejorar la eficiencia y la confiabilidad de la separaci\u00f3n<\/p>\n<\/li>\n<li data-start=\"3465\" data-end=\"3508\">\n<p data-start=\"3467\" data-end=\"3508\">Controlar los costes de mantenimiento y del ciclo de vida<\/p>\n<\/li>\n<\/ul>\n<p data-start=\"3510\" data-end=\"3677\">En lugar de administrar m\u00faltiples proveedores de servicios, las organizaciones se benefician de un \u00fanico socio confiable capaz de respaldar sistemas centr\u00edfugos en toda Am\u00e9rica del Norte.<\/p>\n<hr data-start=\"3679\" data-end=\"3682\" \/>\n<h2 data-start=\"3684\" data-end=\"3735\"><strong data-start=\"3687\" data-end=\"3735\">Experiencia t\u00e9cnica y capacidades de Sentrimax<\/strong><\/h2>\n<p data-start=\"3737\" data-end=\"3904\">Sentrimax ofrece servicios integrales de centr\u00edfugas industriales, respaldados por experiencia en ingenier\u00eda, mecanizado avanzado y sistemas de calidad certificados. Nuestras capacidades incluyen:<\/p>\n<ul data-start=\"3906\" data-end=\"4209\">\n<li data-start=\"3906\" data-end=\"3953\">\n<p data-start=\"3908\" data-end=\"3953\">Desmontaje e inspecci\u00f3n completos de la centr\u00edfuga<\/p>\n<\/li>\n<li data-start=\"3954\" data-end=\"4006\">\n<p data-start=\"3956\" data-end=\"4006\">Servicio de cojinetes, sellos, cajas de engranajes y sistemas de transmisi\u00f3n<\/p>\n<\/li>\n<li data-start=\"4007\" data-end=\"4065\">\n<p data-start=\"4009\" data-end=\"4065\">Inspecci\u00f3n, alineaci\u00f3n y equilibrado del conjunto giratorio<\/p>\n<\/li>\n<li data-start=\"4066\" data-end=\"4111\">\n<p data-start=\"4068\" data-end=\"4111\">Diagn\u00f3stico de sistemas el\u00e9ctricos y de control<\/p>\n<\/li>\n<li data-start=\"4112\" data-end=\"4157\">\n<p data-start=\"4114\" data-end=\"4157\">Piezas de repuesto dise\u00f1adas y con especificaciones OEM<\/p>\n<\/li>\n<li data-start=\"4158\" data-end=\"4209\">\n<p data-start=\"4160\" data-end=\"4209\">Pruebas funcionales y verificaci\u00f3n del rendimiento<\/p>\n<\/li>\n<\/ul>\n<p data-start=\"4211\" data-end=\"4379\">Para componentes obsoletos o dif\u00edciles de conseguir, Sentrimax ofrece soluciones de fabricaci\u00f3n personalizada e ingenier\u00eda inversa para restaurar la funcionalidad completa y mejorar la durabilidad.<\/p>\n<p data-start=\"4381\" data-end=\"4477\">Obtenga m\u00e1s informaci\u00f3n sobre las capacidades de servicio y reparaci\u00f3n de centr\u00edfugas en<br data-start=\"4443\" data-end=\"4446\" \/><a class=\"decorated-link\" href=\"https:\/\/sentrimax.com\/es\/services\/?utm_source=chatgpt.com\" target=\"_new\" rel=\"noopener\" data-start=\"4446\" data-end=\"4477\">https:\/\/sentrimax.com\/services\/<\/a><\/p>\n<hr data-start=\"4479\" data-end=\"4482\" \/>\n<h2 data-start=\"4484\" data-end=\"4534\"><strong data-start=\"4487\" data-end=\"4534\">Soporte de ingenier\u00eda y calidad con certificaci\u00f3n ISO<\/strong><\/h2>\n<p data-start=\"4536\" data-end=\"4821\">Sentrimax opera bajo un sistema de gesti\u00f3n de calidad con certificaci\u00f3n ISO 9001:2015, lo que garantiza un trabajo consistente, trazabilidad y resultados repetibles en todos los proyectos de servicio de centr\u00edfugas. Cada servicio sigue procedimientos documentados desde la inspecci\u00f3n inicial hasta la verificaci\u00f3n final.<\/p>\n<p data-start=\"4823\" data-end=\"5052\">El soporte de ingenier\u00eda est\u00e1 integrado en cada proyecto. Sentrimax eval\u00faa las condiciones operativas, las tendencias de fallos y los requisitos de rendimiento para recomendar mejoras de dise\u00f1o o estrategias de mantenimiento que reduzcan problemas futuros.<\/p>\n<p data-start=\"5054\" data-end=\"5132\">Obtenga m\u00e1s informaci\u00f3n sobre el proceso Sentrimax en<br data-start=\"5095\" data-end=\"5098\" \/><a class=\"decorated-link\" href=\"https:\/\/sentrimax.com\/es\/our-process\/?utm_source=chatgpt.com\" target=\"_new\" rel=\"noopener\" data-start=\"5098\" data-end=\"5132\">https:\/\/sentrimax.com\/our-process\/<\/a><\/p>\n<hr data-start=\"5134\" data-end=\"5137\" \/>\n<h2 data-start=\"5139\" data-end=\"5181\"><strong data-start=\"5142\" data-end=\"5181\">Cobertura de servicio en toda Am\u00e9rica del Norte<\/strong><\/h2>\n<p data-start=\"5183\" data-end=\"5462\">Con cobertura de servicio en Estados Unidos y Canad\u00e1, Sentrimax presta servicio tanto a instalaciones de un solo sitio como a organizaciones con m\u00faltiples ubicaciones. Los t\u00e9cnicos se distribuyen estrat\u00e9gicamente para brindar un servicio eficiente y mantener est\u00e1ndares de calidad consistentes, independientemente de la ubicaci\u00f3n.<\/p>\n<p data-start=\"5464\" data-end=\"5664\">Ya sea que se trate de reparaciones de emergencia, mantenimiento programado o planificaci\u00f3n de confiabilidad a largo plazo, Sentrimax ofrece servicios de centr\u00edfuga confiables respaldados por una comunicaci\u00f3n clara y experiencia t\u00e9cnica.<\/p>\n<p data-start=\"5666\" data-end=\"5871\">Las industrias apoyadas en toda Am\u00e9rica del Norte incluyen infraestructura municipal, procesamiento industrial, petr\u00f3leo y gas, fabricaci\u00f3n de alimentos y bebidas, y producci\u00f3n de energ\u00eda.<br data-start=\"5835\" data-end=\"5838\" \/><a class=\"decorated-link\" href=\"https:\/\/sentrimax.com\/es\/industries\/?utm_source=chatgpt.com\" target=\"_new\" rel=\"noopener\" data-start=\"5838\" data-end=\"5871\">https:\/\/sentrimax.com\/industries\/<\/a><\/p>\n<hr data-start=\"5873\" data-end=\"5876\" \/>\n<h2 data-start=\"5878\" data-end=\"5927\"><strong data-start=\"5881\" data-end=\"5927\">Mantenimiento preventivo y soporte durante el ciclo de vida<\/strong><\/h2>\n<p data-start=\"5929\" data-end=\"6220\">Adem\u00e1s de los servicios de reparaci\u00f3n, Sentrimax ofrece programas de mantenimiento preventivo y soporte durante todo el ciclo de vida, dise\u00f1ados para reducir las fallas inesperadas. Las inspecciones de rutina, el monitoreo de vibraciones y el reemplazo planificado de componentes ayudan a estabilizar el rendimiento del equipo y a mejorar su confiabilidad a largo plazo.<\/p>\n<p data-start=\"6222\" data-end=\"6369\">Sentrimax tambi\u00e9n ofrece reconstrucciones de centr\u00edfugas, alquileres y asesoramiento t\u00e9cnico para respaldar las cambiantes demandas operativas y los requisitos de capacidad.<\/p>\n<p data-start=\"6371\" data-end=\"6498\">Puede encontrar informaci\u00f3n adicional sobre la confiabilidad de los equipos industriales y el soporte de infraestructura en<br data-start=\"6472\" data-end=\"6475\" \/><a class=\"decorated-link\" href=\"https:\/\/www.energy.gov\/\" target=\"_new\" rel=\"noopener\" data-start=\"6475\" data-end=\"6498\">https:\/\/www.energy.gov\/<\/a><\/p>\n<hr data-start=\"6500\" data-end=\"6503\" \/>\n<h2 data-start=\"6505\" data-end=\"6559\"><strong data-start=\"6508\" data-end=\"6559\">Un socio confiable de servicios para centr\u00edfugas industriales<\/strong><\/h2>\n<p data-start=\"6561\" data-end=\"6832\">Sentrimax combina experiencia t\u00e9cnica, procesos con certificaci\u00f3n ISO y una cobertura de servicio a nivel continental para brindar servicios confiables de centr\u00edfugas industriales en toda Norteam\u00e9rica. Cada proyecto se realiza priorizando la seguridad, la precisi\u00f3n y el rendimiento a largo plazo.<\/p>\n<hr data-start=\"6834\" data-end=\"6837\" \/>\n<h2 data-start=\"6839\" data-end=\"6897\"><strong data-start=\"6842\" data-end=\"6897\">Solicite hoy mismo asistencia t\u00e9cnica para centr\u00edfugas industriales<\/strong><\/h2>\n<p data-start=\"6899\" data-end=\"7124\">Cuando el rendimiento de la centr\u00edfuga es crucial para sus operaciones en Norteam\u00e9rica, Sentrimax est\u00e1 listo para ayudarle. Hable con un miembro experimentado del equipo para hablar sobre sus necesidades de servicio, cobertura, plazos y requisitos t\u00e9cnicos.<\/p>\n<p data-start=\"7126\" data-end=\"7180\" data-is-last-node=\"\" data-is-only-node=\"\"><strong data-start=\"7126\" data-end=\"7180\" data-is-last-node=\"\"><a class=\"decorated-link\" href=\"https:\/\/sentrimax.com\/es\/contact\/\" target=\"_new\" rel=\"noopener\" data-start=\"7128\" data-end=\"7178\">\u00a1Solicita una cotizaci\u00f3n!<\/a><\/strong><\/p>","protected":false},"excerpt":{"rendered":"<p>Sentrimax is recognized as one of the leading industrial centrifuge service experts in North America, supporting critical separation equipment for industrial, municipal, and energy-sector operations. With decades of hands-on experience servicing centrifuge systems across the United States and Canada, Sentrimax delivers dependable service solutions that maximize uptime, improve performance, and extend equipment life. Industrial centrifuges [&hellip;]<\/p>","protected":false},"author":3,"featured_media":0,"parent":0,"menu_order":0,"comment_status":"closed","ping_status":"closed","template":"seo-page-template.php","meta":{"_acf_changed":false,"inline_featured_image":false,"footnotes":""},"class_list":["post-2347","page","type-page","status-publish","hentry"],"acf":[],"_links":{"self":[{"href":"https:\/\/sentrimax.com\/es\/wp-json\/wp\/v2\/pages\/2347","targetHints":{"allow":["GET"]}}],"collection":[{"href":"https:\/\/sentrimax.com\/es\/wp-json\/wp\/v2\/pages"}],"about":[{"href":"https:\/\/sentrimax.com\/es\/wp-json\/wp\/v2\/types\/page"}],"author":[{"embeddable":true,"href":"https:\/\/sentrimax.com\/es\/wp-json\/wp\/v2\/users\/3"}],"replies":[{"embeddable":true,"href":"https:\/\/sentrimax.com\/es\/wp-json\/wp\/v2\/comments?post=2347"}],"version-history":[{"count":0,"href":"https:\/\/sentrimax.com\/es\/wp-json\/wp\/v2\/pages\/2347\/revisions"}],"wp:attachment":[{"href":"https:\/\/sentrimax.com\/es\/wp-json\/wp\/v2\/media?parent=2347"}],"curies":[{"name":"wp","href":"https:\/\/api.w.org\/{rel}","templated":true}]}}