{"id":2348,"date":"2026-01-07T18:20:15","date_gmt":"2026-01-07T18:20:15","guid":{"rendered":"https:\/\/sentrimax.com\/?page_id=2348"},"modified":"2026-04-21T21:12:50","modified_gmt":"2026-04-21T21:12:50","slug":"centrifuge-gearbox-repair-parts-service-detroit-mi","status":"publish","type":"page","link":"https:\/\/sentrimax.com\/es\/centrifuge-gearbox-repair-parts-service-detroit-mi\/","title":{"rendered":"Reparaci\u00f3n, repuestos y servicio de cajas de engranajes de centr\u00edfugas en Detroit, MI"},"content":{"rendered":"<p data-start=\"534\" data-end=\"1029\"><span class=\"hover:entity-accent entity-underline inline cursor-pointer align-baseline\"><span class=\"whitespace-normal\"><img fetchpriority=\"high\" decoding=\"async\" class=\"aligncenter size-full wp-image-1614\" src=\"https:\/\/sentrimax.com\/wp-content\/uploads\/2025\/07\/Manufacturing-1.png\" alt=\"\" width=\"1536\" height=\"1024\" srcset=\"https:\/\/sentrimax.com\/wp-content\/uploads\/2025\/07\/Manufacturing-1.png 1536w, https:\/\/sentrimax.com\/wp-content\/uploads\/2025\/07\/Manufacturing-1-300x200.png 300w, https:\/\/sentrimax.com\/wp-content\/uploads\/2025\/07\/Manufacturing-1-1024x683.png 1024w, https:\/\/sentrimax.com\/wp-content\/uploads\/2025\/07\/Manufacturing-1-768x512.png 768w, https:\/\/sentrimax.com\/wp-content\/uploads\/2025\/07\/Manufacturing-1-600x400.png 600w\" sizes=\"(max-width: 1536px) 100vw, 1536px\" \/><\/span><\/span><\/p>\n<p data-start=\"534\" data-end=\"1029\"><span class=\"hover:entity-accent entity-underline inline cursor-pointer align-baseline\"><span class=\"whitespace-normal\">Sentrimax<\/span><\/span> Proporciona profesionalidad <strong data-start=\"594\" data-end=\"657\">Reparaci\u00f3n, repuestos y servicio de cajas de engranajes de centr\u00edfugas en Detroit, MI<\/strong>, respaldando operaciones industriales, municipales y del sector energ\u00e9tico que dependen de una transmisi\u00f3n de potencia fiable y un control preciso de la velocidad en los sistemas centr\u00edfugos. Con d\u00e9cadas de experiencia en el mantenimiento de centr\u00edfugas industriales en Norteam\u00e9rica, Sentrimax ofrece soluciones integrales de cajas de engranajes dise\u00f1adas para restaurar el rendimiento, minimizar el tiempo de inactividad y prolongar la vida \u00fatil de los equipos.<\/p>\n<p data-start=\"1031\" data-end=\"1412\">Las cajas de engranajes de las centr\u00edfugas son componentes esenciales para controlar el par, la velocidad diferencial y la estabilidad rotacional. Cuando los componentes de la caja de engranajes se desgastan o fallan, la eficiencia de la centr\u00edfuga disminuye y el riesgo de da\u00f1os secundarios aumenta. Sentrimax ofrece servicios integrales de reparaci\u00f3n de cajas de engranajes y repuestos con especificaciones OEM para garantizar un funcionamiento confiable en condiciones exigentes.<\/p>\n<hr data-start=\"1414\" data-end=\"1417\" \/>\n<h2 data-start=\"1419\" data-end=\"1474\"><strong data-start=\"1422\" data-end=\"1474\">Servicios integrales de reparaci\u00f3n de cajas de engranajes de centr\u00edfugas<\/strong><\/h2>\n<p data-start=\"1476\" data-end=\"1767\">Los servicios de reparaci\u00f3n de cajas de engranajes de centr\u00edfugas de Sentrimax abordan tanto fallas mec\u00e1nicas inmediatas como problemas subyacentes de rendimiento. Cada reparaci\u00f3n comienza con una inspecci\u00f3n detallada para identificar patrones de desgaste, problemas de alineaci\u00f3n, fallos de lubricaci\u00f3n o fatiga del material que afecten el funcionamiento de la caja de engranajes.<\/p>\n<p data-start=\"1769\" data-end=\"2043\">Los servicios de reparaci\u00f3n incluyen el desmontaje completo de la caja de engranajes, la medici\u00f3n de precisi\u00f3n, el reemplazo de engranajes y rodamientos, la reparaci\u00f3n de sellos y el reensamblaje controlado. Todas las reparaciones se realizan seg\u00fan las especificaciones del fabricante original o las tolerancias de ingenier\u00eda para garantizar una correcta manipulaci\u00f3n de la carga y una fiabilidad a largo plazo.<\/p>\n<p data-start=\"2045\" data-end=\"2271\">Las cajas de engranajes son vitales para mantener la precisi\u00f3n de las velocidades del taz\u00f3n y del diferencial. Las desviaciones mec\u00e1nicas dentro de la caja de engranajes pueden provocar vibraciones, reducir la eficiencia de separaci\u00f3n y acelerar el desgaste si no se corrigen a tiempo.<\/p>\n<p data-start=\"2273\" data-end=\"2395\">Se encuentra disponible informaci\u00f3n t\u00e9cnica adicional sobre el funcionamiento de la centr\u00edfuga en<br data-start=\"2344\" data-end=\"2347\" \/><a class=\"decorated-link\" href=\"https:\/\/www.britannica.com\/technology\/centrifuge\" target=\"_new\" rel=\"noopener\" data-start=\"2347\" data-end=\"2395\">https:\/\/www.britannica.com\/technology\/centrifuge<\/a><\/p>\n<hr data-start=\"2397\" data-end=\"2400\" \/>\n<h2 data-start=\"2402\" data-end=\"2451\"><strong data-start=\"2405\" data-end=\"2451\">Suministro de piezas para cajas de engranajes de centr\u00edfugas industriales<\/strong><\/h2>\n<p data-start=\"2453\" data-end=\"2731\">Adem\u00e1s de los servicios de reparaci\u00f3n, Sentrimax suministra una gama completa de <strong data-start=\"2520\" data-end=\"2559\">Piezas de caja de engranajes de centr\u00edfuga industrial<\/strong> Para instalaciones en Detroit, MI. Las piezas se fabrican o adquieren seg\u00fan las especificaciones del fabricante original (OEM) y se inspeccionan para garantizar la precisi\u00f3n dimensional y la calidad del material antes de la entrega.<\/p>\n<p data-start=\"2733\" data-end=\"2765\">Las piezas de caja de cambios disponibles incluyen:<\/p>\n<ul data-start=\"2767\" data-end=\"3026\">\n<li data-start=\"2767\" data-end=\"2800\">\n<p data-start=\"2769\" data-end=\"2800\">Engranajes de precisi\u00f3n y juegos de engranajes<\/p>\n<\/li>\n<li data-start=\"2801\" data-end=\"2836\">\n<p data-start=\"2803\" data-end=\"2836\">Cojinetes y conjuntos de cojinetes<\/p>\n<\/li>\n<li data-start=\"2837\" data-end=\"2880\">\n<p data-start=\"2839\" data-end=\"2880\">Ejes, acoplamientos e interfaces de accionamiento<\/p>\n<\/li>\n<li data-start=\"2881\" data-end=\"2924\">\n<p data-start=\"2883\" data-end=\"2924\">Sellos y componentes del sistema de lubricaci\u00f3n<\/p>\n<\/li>\n<li data-start=\"2925\" data-end=\"2971\">\n<p data-start=\"2927\" data-end=\"2971\">Carcasas de cajas de cambios y componentes estructurales<\/p>\n<\/li>\n<li data-start=\"2972\" data-end=\"3026\">\n<p data-start=\"2974\" data-end=\"3026\">Piezas de repuesto dise\u00f1adas y fabricadas a medida<\/p>\n<\/li>\n<\/ul>\n<p data-start=\"3028\" data-end=\"3169\">Para componentes obsoletos o dif\u00edciles de conseguir, Sentrimax ofrece ingenier\u00eda inversa y fabricaci\u00f3n personalizada para restaurar la funcionalidad completa de la caja de cambios.<\/p>\n<hr data-start=\"3171\" data-end=\"3174\" \/>\n<h2 data-start=\"3176\" data-end=\"3224\"><strong data-start=\"3179\" data-end=\"3224\">Por qu\u00e9 es importante reparar y reemplazar cajas de cambios de calidad<\/strong><\/h2>\n<p data-start=\"3226\" data-end=\"3402\">El uso de servicios y componentes de reparaci\u00f3n de cajas de engranajes de alta calidad es esencial para mantener la fiabilidad de la centr\u00edfuga y la eficiencia del proceso. Las soluciones para cajas de engranajes Sentrimax ayudan a los operadores a:<\/p>\n<ul data-start=\"3404\" data-end=\"3639\">\n<li data-start=\"3404\" data-end=\"3449\">\n<p data-start=\"3406\" data-end=\"3449\">Restaurar el control preciso de velocidad y par<\/p>\n<\/li>\n<li data-start=\"3450\" data-end=\"3492\">\n<p data-start=\"3452\" data-end=\"3492\">Reducir la vibraci\u00f3n y el estr\u00e9s mec\u00e1nico<\/p>\n<\/li>\n<li data-start=\"3493\" data-end=\"3544\">\n<p data-start=\"3495\" data-end=\"3544\">Prevenir da\u00f1os secundarios a los conjuntos giratorios<\/p>\n<\/li>\n<li data-start=\"3545\" data-end=\"3591\">\n<p data-start=\"3547\" data-end=\"3591\">Prolongar la vida \u00fatil de la caja de engranajes y la centr\u00edfuga<\/p>\n<\/li>\n<li data-start=\"3592\" data-end=\"3639\">\n<p data-start=\"3594\" data-end=\"3639\">Menores costos totales de mantenimiento y de ciclo de vida<\/p>\n<\/li>\n<\/ul>\n<p data-start=\"3641\" data-end=\"3850\">Retrasar la reparaci\u00f3n de la caja de cambios o instalar piezas de baja calidad suele provocar fallos recurrentes y un mayor tiempo de inactividad. Sentrimax aplica un estricto control de calidad y revisi\u00f3n de ingenier\u00eda a cada reparaci\u00f3n y pieza suministrada.<\/p>\n<hr data-start=\"3852\" data-end=\"3855\" \/>\n<h2 data-start=\"3857\" data-end=\"3902\"><strong data-start=\"3860\" data-end=\"3902\">Capacidades de servicio de la caja de cambios Sentrimax<\/strong><\/h2>\n<p data-start=\"3904\" data-end=\"4086\">Sentrimax ofrece reparaci\u00f3n integral de cajas de engranajes de centr\u00edfugas, repuestos y servicio t\u00e9cnico, con el respaldo de mecanizado avanzado, experiencia en ingenier\u00eda y sistemas de calidad certificados. Nuestras capacidades incluyen:<\/p>\n<ul data-start=\"4088\" data-end=\"4381\">\n<li data-start=\"4088\" data-end=\"4132\">\n<p data-start=\"4090\" data-end=\"4132\">Inspecci\u00f3n y desmontaje completo de la caja de cambios<\/p>\n<\/li>\n<li data-start=\"4133\" data-end=\"4179\">\n<p data-start=\"4135\" data-end=\"4179\">Reemplazo de engranajes, cojinetes, ejes y sellos<\/p>\n<\/li>\n<li data-start=\"4180\" data-end=\"4229\">\n<p data-start=\"4182\" data-end=\"4229\">Alineaci\u00f3n de precisi\u00f3n y reensamblaje controlado<\/p>\n<\/li>\n<li data-start=\"4230\" data-end=\"4278\">\n<p data-start=\"4232\" data-end=\"4278\">Evaluaci\u00f3n y correcci\u00f3n del sistema de lubricaci\u00f3n<\/p>\n<\/li>\n<li data-start=\"4279\" data-end=\"4330\">\n<p data-start=\"4281\" data-end=\"4330\">Pruebas funcionales y verificaci\u00f3n del rendimiento<\/p>\n<\/li>\n<li data-start=\"4331\" data-end=\"4381\">\n<p data-start=\"4333\" data-end=\"4381\">Componentes de reemplazo dise\u00f1ados y fabricados por OEM<\/p>\n<\/li>\n<\/ul>\n<p data-start=\"4383\" data-end=\"4541\">Cuando se identifican problemas en la caja de engranajes durante proyectos de reconstrucci\u00f3n o servicio de centr\u00edfuga m\u00e1s amplios, Sentrimax integra las reparaciones sin problemas para reducir el tiempo de inactividad y los costos.<\/p>\n<p data-start=\"4543\" data-end=\"4639\">Obtenga m\u00e1s informaci\u00f3n sobre las capacidades de servicio y reparaci\u00f3n de centr\u00edfugas en<br data-start=\"4605\" data-end=\"4608\" \/><a class=\"decorated-link\" href=\"https:\/\/sentrimax.com\/es\/services\/?utm_source=chatgpt.com\" target=\"_new\" rel=\"noopener\" data-start=\"4608\" data-end=\"4639\">https:\/\/sentrimax.com\/services\/<\/a><\/p>\n<hr data-start=\"4641\" data-end=\"4644\" \/>\n<h2 data-start=\"4646\" data-end=\"4696\"><strong data-start=\"4649\" data-end=\"4696\">Soporte de ingenier\u00eda y calidad con certificaci\u00f3n ISO<\/strong><\/h2>\n<p data-start=\"4698\" data-end=\"4984\">Sentrimax opera bajo un sistema de gesti\u00f3n de calidad con certificaci\u00f3n ISO 9001:2015, lo que garantiza un trabajo consistente, trazabilidad y resultados repetibles en todas las reparaciones de cajas de engranajes y el suministro de piezas. Cada proyecto sigue procedimientos documentados desde la evaluaci\u00f3n inicial hasta la inspecci\u00f3n final.<\/p>\n<p data-start=\"4986\" data-end=\"5232\">El soporte de ingenier\u00eda est\u00e1 integrado en todo el proceso de servicio. Sentrimax eval\u00faa las condiciones de operaci\u00f3n, los requisitos de carga y el historial de fallas para recomendar mejoras de dise\u00f1o o estrategias de mantenimiento que reduzcan futuros problemas en la caja de cambios.<\/p>\n<p data-start=\"5234\" data-end=\"5312\">Obtenga m\u00e1s informaci\u00f3n sobre el proceso Sentrimax en<br data-start=\"5275\" data-end=\"5278\" \/><a class=\"decorated-link\" href=\"https:\/\/sentrimax.com\/es\/our-process\/?utm_source=chatgpt.com\" target=\"_new\" rel=\"noopener\" data-start=\"5278\" data-end=\"5312\">https:\/\/sentrimax.com\/our-process\/<\/a><\/p>\n<hr data-start=\"5314\" data-end=\"5317\" \/>\n<h2 data-start=\"5319\" data-end=\"5372\"><strong data-start=\"5322\" data-end=\"5372\">Apoyo a las operaciones industriales en Detroit, MI<\/strong><\/h2>\n<p data-start=\"5374\" data-end=\"5680\">Detroit, MI, es un importante centro de manufactura, infraestructura municipal, producci\u00f3n de energ\u00eda y procesamiento industrial, donde los sistemas centr\u00edfugos desempe\u00f1an un papel fundamental. Sentrimax apoya a las instalaciones en toda el \u00e1rea metropolitana de Detroit con servicios de reparaci\u00f3n de cajas de engranajes eficientes y disponibilidad confiable de repuestos.<\/p>\n<p data-start=\"5682\" data-end=\"5982\">Con experiencia atendiendo a clientes en Estados Unidos y Canad\u00e1, Sentrimax comprende la importancia de tiempos de respuesta r\u00e1pidos, una comunicaci\u00f3n clara y una entrega confiable. Ya sea que apoyen reparaciones de emergencia de cajas de cambios o mantenimiento planificado, Sentrimax ofrece soluciones expertas en cada etapa.<\/p>\n<p data-start=\"5984\" data-end=\"6170\">Las industrias apoyadas incluyen el tratamiento de aguas residuales municipales, la fabricaci\u00f3n industrial, el petr\u00f3leo y el gas, el procesamiento de alimentos y bebidas y la producci\u00f3n de energ\u00eda.<br data-start=\"6134\" data-end=\"6137\" \/><a class=\"decorated-link\" href=\"https:\/\/sentrimax.com\/es\/industries\/?utm_source=chatgpt.com\" target=\"_new\" rel=\"noopener\" data-start=\"6137\" data-end=\"6170\">https:\/\/sentrimax.com\/industries\/<\/a><\/p>\n<hr data-start=\"6172\" data-end=\"6175\" \/>\n<h2 data-start=\"6177\" data-end=\"6234\"><strong data-start=\"6180\" data-end=\"6234\">Mantenimiento preventivo y soporte de caja de cambios durante el ciclo de vida<\/strong><\/h2>\n<p data-start=\"6236\" data-end=\"6566\">Adem\u00e1s de la reparaci\u00f3n de cajas de engranajes de centr\u00edfugas y el suministro de piezas, Sentrimax ofrece servicios de mantenimiento preventivo y soporte durante todo el ciclo de vida, dise\u00f1ados para reducir las fallas inesperadas. Las inspecciones de rutina, el an\u00e1lisis de vibraciones, la monitorizaci\u00f3n de la lubricaci\u00f3n y el reemplazo planificado de componentes ayudan a estabilizar el rendimiento de la caja de engranajes y a prolongar la vida \u00fatil del equipo.<\/p>\n<p data-start=\"6568\" data-end=\"6740\">Sentrimax tambi\u00e9n ofrece reconstrucciones completas de centr\u00edfugas, revisiones de cajas de engranajes y asesoramiento t\u00e9cnico para instalaciones que gestionan equipos antiguos o demandas de mayor producci\u00f3n.<\/p>\n<p data-start=\"6742\" data-end=\"6869\">Puede encontrar informaci\u00f3n adicional sobre la confiabilidad de los equipos industriales y el soporte de infraestructura en<br data-start=\"6843\" data-end=\"6846\" \/><a class=\"decorated-link\" href=\"https:\/\/www.energy.gov\/\" target=\"_new\" rel=\"noopener\" data-start=\"6846\" data-end=\"6869\">https:\/\/www.energy.gov\/<\/a><\/p>\n<hr data-start=\"6871\" data-end=\"6874\" \/>\n<h2 data-start=\"6876\" data-end=\"6933\"><strong data-start=\"6879\" data-end=\"6933\">Un socio de confianza para soluciones de cajas de engranajes de centr\u00edfugas<\/strong><\/h2>\n<p data-start=\"6935\" data-end=\"7202\">Sentrimax combina experiencia t\u00e9cnica, procesos con certificaci\u00f3n ISO y un profundo conocimiento de la industria para brindar un servicio confiable. <strong data-start=\"7050\" data-end=\"7110\">Reparaci\u00f3n, repuestos y servicio de cajas de engranajes de centr\u00edfugas en Detroit, MI<\/strong>. Cada soluci\u00f3n se centra en la precisi\u00f3n, la durabilidad y el rendimiento operativo a largo plazo.<\/p>\n<hr data-start=\"7204\" data-end=\"7207\" \/>\n<h2 data-start=\"7209\" data-end=\"7256\"><strong data-start=\"7212\" data-end=\"7256\">Solicite hoy mismo asistencia para la caja de engranajes de su centr\u00edfuga<\/strong><\/h2>\n<p data-start=\"7258\" data-end=\"7481\">Cuando el rendimiento de la centr\u00edfuga depende de una caja de engranajes fiable, Sentrimax est\u00e1 listo para ayudarle. Hable con un miembro experimentado del equipo para hablar sobre las necesidades de reparaci\u00f3n de la caja de engranajes, las piezas de repuesto, los plazos de servicio y los requisitos t\u00e9cnicos.<\/p>\n<p data-start=\"7483\" data-end=\"7537\" data-is-last-node=\"\" data-is-only-node=\"\"><strong data-start=\"7483\" data-end=\"7537\" data-is-last-node=\"\"><a class=\"decorated-link\" href=\"https:\/\/sentrimax.com\/es\/contact\/\" target=\"_new\" rel=\"noopener\" data-start=\"7485\" data-end=\"7535\">\u00a1Solicita una cotizaci\u00f3n!<\/a><\/strong><\/p>","protected":false},"excerpt":{"rendered":"<p>Sentrimax provides professional centrifuge gearbox repair, parts, and service in Detroit MI, supporting industrial, municipal, and energy-sector operations that depend on reliable power transmission and precise speed control within centrifuge systems. With decades of experience servicing industrial centrifuges across North America, Sentrimax delivers comprehensive gearbox solutions designed to restore performance, minimize downtime, and extend equipment [&hellip;]<\/p>\n","protected":false},"author":3,"featured_media":0,"parent":0,"menu_order":0,"comment_status":"closed","ping_status":"closed","template":"seo-page-template.php","meta":{"_acf_changed":false,"inline_featured_image":false,"footnotes":""},"class_list":["post-2348","page","type-page","status-publish","hentry"],"acf":[],"_links":{"self":[{"href":"https:\/\/sentrimax.com\/es\/wp-json\/wp\/v2\/pages\/2348","targetHints":{"allow":["GET"]}}],"collection":[{"href":"https:\/\/sentrimax.com\/es\/wp-json\/wp\/v2\/pages"}],"about":[{"href":"https:\/\/sentrimax.com\/es\/wp-json\/wp\/v2\/types\/page"}],"author":[{"embeddable":true,"href":"https:\/\/sentrimax.com\/es\/wp-json\/wp\/v2\/users\/3"}],"replies":[{"embeddable":true,"href":"https:\/\/sentrimax.com\/es\/wp-json\/wp\/v2\/comments?post=2348"}],"version-history":[{"count":1,"href":"https:\/\/sentrimax.com\/es\/wp-json\/wp\/v2\/pages\/2348\/revisions"}],"predecessor-version":[{"id":2479,"href":"https:\/\/sentrimax.com\/es\/wp-json\/wp\/v2\/pages\/2348\/revisions\/2479"}],"wp:attachment":[{"href":"https:\/\/sentrimax.com\/es\/wp-json\/wp\/v2\/media?parent=2348"}],"curies":[{"name":"wp","href":"https:\/\/api.w.org\/{rel}","templated":true}]}}