{"id":2349,"date":"2026-01-07T18:22:17","date_gmt":"2026-01-07T18:22:17","guid":{"rendered":"https:\/\/sentrimax.com\/?page_id=2349"},"modified":"2026-04-21T21:12:50","modified_gmt":"2026-04-21T21:12:50","slug":"industrial-centrifuge-repair-services-in-detroit-mi","status":"publish","type":"page","link":"https:\/\/sentrimax.com\/es\/industrial-centrifuge-repair-services-in-detroit-mi\/","title":{"rendered":"Servicios de reparaci\u00f3n de centr\u00edfugas industriales en Detroit, MI"},"content":{"rendered":"<p data-start=\"523\" data-end=\"957\"><span class=\"hover:entity-accent entity-underline inline cursor-pointer align-baseline\"><span class=\"whitespace-normal\"><img fetchpriority=\"high\" decoding=\"async\" class=\"aligncenter size-full wp-image-1613\" src=\"https:\/\/sentrimax.com\/wp-content\/uploads\/2025\/07\/Food-Bev.png\" alt=\"\" width=\"1536\" height=\"1024\" srcset=\"https:\/\/sentrimax.com\/wp-content\/uploads\/2025\/07\/Food-Bev.png 1536w, https:\/\/sentrimax.com\/wp-content\/uploads\/2025\/07\/Food-Bev-300x200.png 300w, https:\/\/sentrimax.com\/wp-content\/uploads\/2025\/07\/Food-Bev-1024x683.png 1024w, https:\/\/sentrimax.com\/wp-content\/uploads\/2025\/07\/Food-Bev-768x512.png 768w, https:\/\/sentrimax.com\/wp-content\/uploads\/2025\/07\/Food-Bev-600x400.png 600w\" sizes=\"(max-width: 1536px) 100vw, 1536px\" \/><\/span><\/span><\/p>\n<p data-start=\"523\" data-end=\"957\"><span class=\"hover:entity-accent entity-underline inline cursor-pointer align-baseline\"><span class=\"whitespace-normal\">Sentrimax<\/span><\/span> Proporciona profesionalidad <strong data-start=\"583\" data-end=\"638\">Servicios de reparaci\u00f3n de centr\u00edfugas industriales en Detroit, MI<\/strong>, apoyando operaciones de manufactura, municipales y del sector energ\u00e9tico que dependen de equipos de separaci\u00f3n confiables. Con d\u00e9cadas de experiencia en el mantenimiento de centr\u00edfugas industriales en Norteam\u00e9rica, Sentrimax ofrece soluciones de reparaci\u00f3n confiables dise\u00f1adas para restaurar el rendimiento, reducir el tiempo de inactividad y prolongar la vida \u00fatil de los equipos.<\/p>\n<p data-start=\"959\" data-end=\"1349\">Las centr\u00edfugas industriales operan en condiciones exigentes que implican ciclos de trabajo continuos, altas velocidades de rotaci\u00f3n y materiales abrasivos. Con el tiempo, el desgaste mec\u00e1nico, el desequilibrio o las fallas de los componentes pueden comprometer la eficiencia y la seguridad del sistema. Sentrimax ofrece servicios integrales de reparaci\u00f3n para que los sistemas de centr\u00edfugas vuelvan a funcionar de forma estable y fiable, cumpliendo con estrictos est\u00e1ndares de calidad.<\/p>\n<hr data-start=\"1351\" data-end=\"1354\" \/>\n<h2 data-start=\"1356\" data-end=\"1415\"><strong data-start=\"1359\" data-end=\"1415\">Soluciones integrales de reparaci\u00f3n de centr\u00edfugas industriales<\/strong><\/h2>\n<p data-start=\"1417\" data-end=\"1688\">Los servicios de reparaci\u00f3n de centr\u00edfugas industriales Sentrimax abordan tanto fallas inmediatas como problemas subyacentes de rendimiento. Cada servicio de reparaci\u00f3n comienza con una inspecci\u00f3n detallada y una evaluaci\u00f3n diagn\u00f3stica para identificar las causas ra\u00edz y determinar la estrategia de reparaci\u00f3n m\u00e1s eficaz.<\/p>\n<p data-start=\"1690\" data-end=\"1991\">Los servicios de reparaci\u00f3n incluyen desmontaje mec\u00e1nico, inspecci\u00f3n, reparaci\u00f3n o sustituci\u00f3n de componentes, reensamblaje y pruebas funcionales. Ya sea que el problema involucre rodamientos, sellos, cajas de engranajes, sistemas de transmisi\u00f3n o conjuntos rotativos, Sentrimax aplica metodolog\u00edas de reparaci\u00f3n comprobadas para garantizar la confiabilidad a largo plazo.<\/p>\n<p data-start=\"1993\" data-end=\"2367\">Las centr\u00edfugas dependen de la fuerza centr\u00edfuga, un equilibrio preciso y la integridad mec\u00e1nica para funcionar de forma segura y eficiente. Incluso peque\u00f1as desviaciones mec\u00e1nicas pueden provocar vibraciones, reducir la eficiencia de separaci\u00f3n o causar da\u00f1os secundarios si no se corrigen a tiempo.<br data-start=\"2242\" data-end=\"2245\" \/>Se encuentra disponible informaci\u00f3n t\u00e9cnica adicional sobre el funcionamiento de la centr\u00edfuga en<br data-start=\"2316\" data-end=\"2319\" \/><a class=\"decorated-link\" href=\"https:\/\/www.britannica.com\/technology\/centrifuge\" target=\"_new\" rel=\"noopener\" data-start=\"2319\" data-end=\"2367\">https:\/\/www.britannica.com\/technology\/centrifuge<\/a><\/p>\n<hr data-start=\"2369\" data-end=\"2372\" \/>\n<h2 data-start=\"2374\" data-end=\"2425\"><strong data-start=\"2377\" data-end=\"2425\">Problemas comunes de centr\u00edfugas industriales solucionados<\/strong><\/h2>\n<p data-start=\"2427\" data-end=\"2558\">Los t\u00e9cnicos de reparaci\u00f3n de Sentrimax abordan rutinariamente una amplia gama de problemas de centr\u00edfugas que se encuentran en aplicaciones industriales, incluidos:<\/p>\n<ul data-start=\"2560\" data-end=\"2825\">\n<li data-start=\"2560\" data-end=\"2601\">\n<p data-start=\"2562\" data-end=\"2601\">Vibraci\u00f3n excesiva o ruido anormal<\/p>\n<\/li>\n<li data-start=\"2602\" data-end=\"2649\">\n<p data-start=\"2604\" data-end=\"2649\">Eficiencia de separaci\u00f3n o rendimiento reducidos<\/p>\n<\/li>\n<li data-start=\"2650\" data-end=\"2699\">\n<p data-start=\"2652\" data-end=\"2699\">Fallas en cojinetes, sellos o sistemas de lubricaci\u00f3n<\/p>\n<\/li>\n<li data-start=\"2700\" data-end=\"2733\">\n<p data-start=\"2702\" data-end=\"2733\">Desgaste de la caja de cambios y del sistema de transmisi\u00f3n<\/p>\n<\/li>\n<li data-start=\"2734\" data-end=\"2779\">\n<p data-start=\"2736\" data-end=\"2779\">Mal funcionamiento del sistema el\u00e9ctrico o de control<\/p>\n<\/li>\n<li data-start=\"2780\" data-end=\"2825\">\n<p data-start=\"2782\" data-end=\"2825\">Fatiga estructural en conjuntos rotatorios<\/p>\n<\/li>\n<\/ul>\n<p data-start=\"2827\" data-end=\"2958\">A trav\u00e9s del an\u00e1lisis de causa ra\u00edz y reparaci\u00f3n precisa, Sentrimax garantiza que los problemas se corrijan completamente en lugar de ocultarse temporalmente.<\/p>\n<hr data-start=\"2960\" data-end=\"2963\" \/>\n<h2 data-start=\"2965\" data-end=\"3014\"><strong data-start=\"2968\" data-end=\"3014\">Por qu\u00e9 es importante la reparaci\u00f3n profesional de centr\u00edfugas<\/strong><\/h2>\n<p data-start=\"3016\" data-end=\"3186\">Los servicios profesionales de reparaci\u00f3n de centr\u00edfugas industriales son fundamentales para mantener el tiempo de funcionamiento, la seguridad y la consistencia del proceso. Las soluciones de reparaci\u00f3n de Sentrimax ayudan a los operadores a:<\/p>\n<ul data-start=\"3188\" data-end=\"3388\">\n<li data-start=\"3188\" data-end=\"3219\">\n<p data-start=\"3190\" data-end=\"3219\">Minimizar el tiempo de inactividad no planificado<\/p>\n<\/li>\n<li data-start=\"3220\" data-end=\"3267\">\n<p data-start=\"3222\" data-end=\"3267\">Restaurar las especificaciones de rendimiento originales<\/p>\n<\/li>\n<li data-start=\"3268\" data-end=\"3302\">\n<p data-start=\"3270\" data-end=\"3302\">Prolongar la vida \u00fatil de la centr\u00edfuga<\/p>\n<\/li>\n<li data-start=\"3303\" data-end=\"3341\">\n<p data-start=\"3305\" data-end=\"3341\">Reducir los costos de mantenimiento a largo plazo<\/p>\n<\/li>\n<li data-start=\"3342\" data-end=\"3388\">\n<p data-start=\"3344\" data-end=\"3388\">Mejorar la confiabilidad y seguridad operativa<\/p>\n<\/li>\n<\/ul>\n<p data-start=\"3390\" data-end=\"3580\">Retrasar las reparaciones o depender de soluciones incompletas suele provocar da\u00f1os cada vez mayores y mayores costos. Sentrimax aplica un estricto control de calidad y supervisi\u00f3n de ingenier\u00eda a cada proyecto de reparaci\u00f3n.<\/p>\n<hr data-start=\"3582\" data-end=\"3585\" \/>\n<h2 data-start=\"3587\" data-end=\"3634\"><strong data-start=\"3590\" data-end=\"3634\">Capacidades de reparaci\u00f3n industrial de Sentrimax<\/strong><\/h2>\n<p data-start=\"3636\" data-end=\"3796\">Sentrimax ofrece servicios integrales de reparaci\u00f3n de centr\u00edfugas industriales, con el respaldo de una amplia experiencia en mecanizado, fabricaci\u00f3n e ingenier\u00eda. Nuestras capacidades incluyen:<\/p>\n<ul data-start=\"3798\" data-end=\"4089\">\n<li data-start=\"3798\" data-end=\"3845\">\n<p data-start=\"3800\" data-end=\"3845\">Desmontaje e inspecci\u00f3n completos de la centr\u00edfuga<\/p>\n<\/li>\n<li data-start=\"3846\" data-end=\"3908\">\n<p data-start=\"3848\" data-end=\"3908\">Reparaci\u00f3n o reemplazo de cojinetes, sellos y conjuntos giratorios<\/p>\n<\/li>\n<li data-start=\"3909\" data-end=\"3945\">\n<p data-start=\"3911\" data-end=\"3945\">Servicio de caja de cambios y sistema de transmisi\u00f3n<\/p>\n<\/li>\n<li data-start=\"3946\" data-end=\"3991\">\n<p data-start=\"3948\" data-end=\"3991\">Alineaci\u00f3n de precisi\u00f3n y equilibrado din\u00e1mico<\/p>\n<\/li>\n<li data-start=\"3992\" data-end=\"4037\">\n<p data-start=\"3994\" data-end=\"4037\">Diagn\u00f3stico de sistemas el\u00e9ctricos y de control<\/p>\n<\/li>\n<li data-start=\"4038\" data-end=\"4089\">\n<p data-start=\"4040\" data-end=\"4089\">Pruebas funcionales y verificaci\u00f3n del rendimiento<\/p>\n<\/li>\n<\/ul>\n<p data-start=\"4091\" data-end=\"4303\">Se utilizan componentes de repuesto con especificaciones OEM o dise\u00f1ados espec\u00edficamente para garantizar un ajuste perfecto y un funcionamiento fiable. Para piezas obsoletas o dif\u00edciles de conseguir, Sentrimax ofrece soluciones de fabricaci\u00f3n a medida e ingenier\u00eda inversa.<\/p>\n<p data-start=\"4305\" data-end=\"4401\">Obtenga m\u00e1s informaci\u00f3n sobre las capacidades de reparaci\u00f3n y servicio de centr\u00edfugas en<br data-start=\"4367\" data-end=\"4370\" \/><a class=\"decorated-link\" href=\"https:\/\/sentrimax.com\/es\/services\/?utm_source=chatgpt.com\" target=\"_new\" rel=\"noopener\" data-start=\"4370\" data-end=\"4401\">https:\/\/sentrimax.com\/services\/<\/a><\/p>\n<hr data-start=\"4403\" data-end=\"4406\" \/>\n<h2 data-start=\"4408\" data-end=\"4458\"><strong data-start=\"4411\" data-end=\"4458\">Soporte de ingenier\u00eda y calidad con certificaci\u00f3n ISO<\/strong><\/h2>\n<p data-start=\"4460\" data-end=\"4750\">Sentrimax opera bajo un sistema de gesti\u00f3n de calidad con certificaci\u00f3n ISO 9001:2015, lo que garantiza un trabajo consistente, trazabilidad y resultados repetibles en todos los proyectos de reparaci\u00f3n de centr\u00edfugas industriales. Cada reparaci\u00f3n sigue procedimientos documentados desde la evaluaci\u00f3n inicial hasta la inspecci\u00f3n final.<\/p>\n<p data-start=\"4752\" data-end=\"5007\">El soporte de ingenier\u00eda est\u00e1 integrado en el proceso de reparaci\u00f3n. Sentrimax eval\u00faa las condiciones operativas, las tendencias de fallos y los requisitos de rendimiento para recomendar mejoras de dise\u00f1o o estrategias de mantenimiento que reduzcan futuros problemas y mejoren la fiabilidad.<\/p>\n<p data-start=\"5009\" data-end=\"5087\">Obtenga m\u00e1s informaci\u00f3n sobre el proceso Sentrimax en<br data-start=\"5050\" data-end=\"5053\" \/><a class=\"decorated-link\" href=\"https:\/\/sentrimax.com\/es\/our-process\/?utm_source=chatgpt.com\" target=\"_new\" rel=\"noopener\" data-start=\"5053\" data-end=\"5087\">https:\/\/sentrimax.com\/our-process\/<\/a><\/p>\n<hr data-start=\"5089\" data-end=\"5092\" \/>\n<h2 data-start=\"5094\" data-end=\"5147\"><strong data-start=\"5097\" data-end=\"5147\">Apoyo a las operaciones industriales en Detroit, MI<\/strong><\/h2>\n<p data-start=\"5149\" data-end=\"5475\">Detroit, MI, es un importante centro de manufactura, infraestructura municipal, producci\u00f3n de energ\u00eda y procesamiento industrial, donde las centr\u00edfugas desempe\u00f1an un papel vital. Sentrimax apoya a instalaciones en toda el \u00e1rea metropolitana de Detroit con servicios de reparaci\u00f3n de centr\u00edfugas industriales eficientes y adaptados a entornos operativos exigentes.<\/p>\n<p data-start=\"5477\" data-end=\"5780\">Con experiencia atendiendo a clientes en Estados Unidos y Canad\u00e1, Sentrimax comprende la importancia de tiempos de respuesta confiables, una comunicaci\u00f3n clara y una ejecuci\u00f3n experta. Ya sea que se trate de reparaciones de emergencia o mantenimiento programado, Sentrimax brinda soporte confiable de principio a fin.<\/p>\n<p data-start=\"5782\" data-end=\"5983\">Las industrias apoyadas incluyen el tratamiento de aguas residuales municipales, la fabricaci\u00f3n automotriz e industrial, el petr\u00f3leo y el gas, el procesamiento de alimentos y bebidas, y la producci\u00f3n de energ\u00eda.<br data-start=\"5947\" data-end=\"5950\" \/><a class=\"decorated-link\" href=\"https:\/\/sentrimax.com\/es\/industries\/?utm_source=chatgpt.com\" target=\"_new\" rel=\"noopener\" data-start=\"5950\" data-end=\"5983\">https:\/\/sentrimax.com\/industries\/<\/a><\/p>\n<hr data-start=\"5985\" data-end=\"5988\" \/>\n<h2 data-start=\"5990\" data-end=\"6039\"><strong data-start=\"5993\" data-end=\"6039\">Mantenimiento preventivo y soporte durante el ciclo de vida<\/strong><\/h2>\n<p data-start=\"6041\" data-end=\"6364\">Adem\u00e1s de los servicios de reparaci\u00f3n de centr\u00edfugas industriales, Sentrimax ofrece programas de mantenimiento preventivo y soporte durante todo el ciclo de vida, dise\u00f1ados para reducir las fallas inesperadas. Las inspecciones de rutina, el monitoreo de vibraciones y el reemplazo planificado de componentes ayudan a las instalaciones a gestionar el mantenimiento de forma proactiva y a mejorar la confiabilidad a largo plazo.<\/p>\n<p data-start=\"6366\" data-end=\"6529\">Sentrimax tambi\u00e9n ofrece reconstrucciones de centr\u00edfugas, alquiler de equipos y asesoramiento t\u00e9cnico para instalaciones que gestionan equipos antiguos o demandas de mayor producci\u00f3n.<\/p>\n<p data-start=\"6531\" data-end=\"6658\">Puede encontrar informaci\u00f3n adicional sobre la confiabilidad de los equipos industriales y el soporte de infraestructura en<br data-start=\"6632\" data-end=\"6635\" \/><a class=\"decorated-link\" href=\"https:\/\/www.energy.gov\/\" target=\"_new\" rel=\"noopener\" data-start=\"6635\" data-end=\"6658\">https:\/\/www.energy.gov\/<\/a><\/p>\n<hr data-start=\"6660\" data-end=\"6663\" \/>\n<h2 data-start=\"6665\" data-end=\"6722\"><strong data-start=\"6668\" data-end=\"6722\">Un socio de confianza para la reparaci\u00f3n de centr\u00edfugas industriales<\/strong><\/h2>\n<p data-start=\"6724\" data-end=\"6995\">Sentrimax combina experiencia t\u00e9cnica, procesos con certificaci\u00f3n ISO y un profundo conocimiento de la industria para brindar un servicio confiable. <strong data-start=\"6839\" data-end=\"6894\">Servicios de reparaci\u00f3n de centr\u00edfugas industriales en Detroit, MI<\/strong>. Cada reparaci\u00f3n se realiza centr\u00e1ndose en la seguridad, la precisi\u00f3n y el rendimiento operativo a largo plazo.<\/p>\n<hr data-start=\"6997\" data-end=\"7000\" \/>\n<h2 data-start=\"7002\" data-end=\"7059\"><strong data-start=\"7005\" data-end=\"7059\">Solicite hoy mismo asistencia para la reparaci\u00f3n de centr\u00edfugas industriales<\/strong><\/h2>\n<p data-start=\"7061\" data-end=\"7249\">Cuando el rendimiento de la centr\u00edfuga es fundamental para su operaci\u00f3n, Sentrimax est\u00e1 listo para ayudarle. Hable con un miembro experimentado del equipo para hablar sobre las necesidades de reparaci\u00f3n, los plazos y los requisitos t\u00e9cnicos.<\/p>\n<p data-start=\"7251\" data-end=\"7305\" data-is-last-node=\"\" data-is-only-node=\"\"><strong data-start=\"7251\" data-end=\"7305\" data-is-last-node=\"\"><a class=\"decorated-link\" href=\"https:\/\/sentrimax.com\/es\/contact\/\" target=\"_new\" rel=\"noopener\" data-start=\"7253\" data-end=\"7303\">\u00a1Solicita una cotizaci\u00f3n!<\/a><\/strong><\/p>","protected":false},"excerpt":{"rendered":"<p>Sentrimax provides professional industrial centrifuge repair services in Detroit MI, supporting manufacturing, municipal, and energy-sector operations that depend on reliable separation equipment. With decades of experience servicing industrial centrifuges across North America, Sentrimax delivers dependable repair solutions designed to restore performance, reduce downtime, and extend equipment life. Industrial centrifuges operate under demanding conditions involving continuous [&hellip;]<\/p>\n","protected":false},"author":3,"featured_media":0,"parent":0,"menu_order":0,"comment_status":"closed","ping_status":"closed","template":"seo-page-template.php","meta":{"_acf_changed":false,"inline_featured_image":false,"footnotes":""},"class_list":["post-2349","page","type-page","status-publish","hentry"],"acf":[],"_links":{"self":[{"href":"https:\/\/sentrimax.com\/es\/wp-json\/wp\/v2\/pages\/2349","targetHints":{"allow":["GET"]}}],"collection":[{"href":"https:\/\/sentrimax.com\/es\/wp-json\/wp\/v2\/pages"}],"about":[{"href":"https:\/\/sentrimax.com\/es\/wp-json\/wp\/v2\/types\/page"}],"author":[{"embeddable":true,"href":"https:\/\/sentrimax.com\/es\/wp-json\/wp\/v2\/users\/3"}],"replies":[{"embeddable":true,"href":"https:\/\/sentrimax.com\/es\/wp-json\/wp\/v2\/comments?post=2349"}],"version-history":[{"count":1,"href":"https:\/\/sentrimax.com\/es\/wp-json\/wp\/v2\/pages\/2349\/revisions"}],"predecessor-version":[{"id":2478,"href":"https:\/\/sentrimax.com\/es\/wp-json\/wp\/v2\/pages\/2349\/revisions\/2478"}],"wp:attachment":[{"href":"https:\/\/sentrimax.com\/es\/wp-json\/wp\/v2\/media?parent=2349"}],"curies":[{"name":"wp","href":"https:\/\/api.w.org\/{rel}","templated":true}]}}