{"id":2350,"date":"2026-01-07T18:24:40","date_gmt":"2026-01-07T18:24:40","guid":{"rendered":"https:\/\/sentrimax.com\/?page_id=2350"},"modified":"2026-04-21T21:12:49","modified_gmt":"2026-04-21T21:12:49","slug":"municipal-wastewater-centrifuge-repair-detroit-mi","status":"publish","type":"page","link":"https:\/\/sentrimax.com\/es\/municipal-wastewater-centrifuge-repair-detroit-mi\/","title":{"rendered":"Reparaci\u00f3n de centr\u00edfugas de aguas residuales municipales en Detroit, MI"},"content":{"rendered":"<p data-start=\"524\" data-end=\"991\"><span class=\"hover:entity-accent entity-underline inline cursor-pointer align-baseline\"><span class=\"whitespace-normal\"><img fetchpriority=\"high\" decoding=\"async\" class=\"aligncenter size-full wp-image-1610\" src=\"https:\/\/sentrimax.com\/wp-content\/uploads\/2025\/07\/Chemicals-scaled.jpg\" alt=\"\" width=\"2560\" height=\"1748\" srcset=\"https:\/\/sentrimax.com\/wp-content\/uploads\/2025\/07\/Chemicals-scaled.jpg 2560w, https:\/\/sentrimax.com\/wp-content\/uploads\/2025\/07\/Chemicals-300x205.jpg 300w, https:\/\/sentrimax.com\/wp-content\/uploads\/2025\/07\/Chemicals-1024x699.jpg 1024w, https:\/\/sentrimax.com\/wp-content\/uploads\/2025\/07\/Chemicals-768x524.jpg 768w, https:\/\/sentrimax.com\/wp-content\/uploads\/2025\/07\/Chemicals-1536x1049.jpg 1536w, https:\/\/sentrimax.com\/wp-content\/uploads\/2025\/07\/Chemicals-2048x1398.jpg 2048w, https:\/\/sentrimax.com\/wp-content\/uploads\/2025\/07\/Chemicals-600x410.jpg 600w\" sizes=\"(max-width: 2560px) 100vw, 2560px\" \/><\/span><\/span><\/p>\n<p data-start=\"524\" data-end=\"991\"><span class=\"hover:entity-accent entity-underline inline cursor-pointer align-baseline\"><span class=\"whitespace-normal\">Sentrimax<\/span><\/span> Ofrecemos reparaci\u00f3n profesional de centr\u00edfugas para aguas residuales municipales en Detroit, MI, y apoyamos a plantas de tratamiento que dependen de una separaci\u00f3n confiable de s\u00f3lidos para mantener el cumplimiento normativo, la eficiencia y la operaci\u00f3n continua. Con d\u00e9cadas de experiencia en el mantenimiento de sistemas centr\u00edfugos en toda Norteam\u00e9rica, Sentrimax ofrece soluciones de reparaci\u00f3n confiables dise\u00f1adas espec\u00edficamente para las exigentes necesidades de las operaciones de aguas residuales municipales.<\/p>\n<p data-start=\"993\" data-end=\"1391\">Las centr\u00edfugas para aguas residuales municipales desempe\u00f1an un papel fundamental en la deshidrataci\u00f3n de lodos, el procesamiento de bios\u00f3lidos y la reducci\u00f3n del volumen de s\u00f3lidos. Cuando las centr\u00edfugas experimentan fallos mec\u00e1nicos o p\u00e9rdida de rendimiento, la capacidad de tratamiento puede verse reducida y los riesgos regulatorios pueden aumentar. Sentrimax ofrece servicios de reparaci\u00f3n especializados que restauran la fiabilidad de las centr\u00edfugas, minimizando el tiempo de inactividad y las interrupciones operativas.<\/p>\n<hr data-start=\"1393\" data-end=\"1396\" \/>\n<h2 data-start=\"1398\" data-end=\"1470\"><strong data-start=\"1401\" data-end=\"1470\">Reparaci\u00f3n especializada de centr\u00edfugas para instalaciones de aguas residuales municipales<\/strong><\/h2>\n<p data-start=\"1472\" data-end=\"1878\">Las centr\u00edfugas para aguas residuales operan continuamente en entornos hostiles con s\u00f3lidos abrasivos, condiciones de alimentaci\u00f3n variables y altas cargas mec\u00e1nicas. Con el tiempo, el desgaste de cojinetes, sellos, cajas de engranajes y conjuntos rotatorios puede comprometer la eficiencia de separaci\u00f3n y la seguridad del equipo. Sentrimax se especializa en el diagn\u00f3stico y la reparaci\u00f3n de problemas comunes en centr\u00edfugas en plantas de tratamiento de aguas residuales municipales.<\/p>\n<p data-start=\"1880\" data-end=\"2149\">Los servicios de reparaci\u00f3n incluyen inspecci\u00f3n, diagn\u00f3stico, desmontaje mec\u00e1nico, reparaci\u00f3n o sustituci\u00f3n de componentes, reensamblaje y pruebas funcionales. Cada reparaci\u00f3n se realiza con componentes de repuesto de ingenier\u00eda o con especificaciones OEM para garantizar la compatibilidad y el rendimiento a largo plazo.<\/p>\n<p data-start=\"2151\" data-end=\"2546\">Las centr\u00edfugas se basan en la fuerza centr\u00edfuga, un equilibrio preciso y una velocidad diferencial controlada para separar los s\u00f3lidos del l\u00edquido eficientemente. Incluso peque\u00f1as desviaciones mec\u00e1nicas pueden provocar vibraciones, reducir el rendimiento de la deshidrataci\u00f3n o acelerar el desgaste si no se corrigen a tiempo.<br data-start=\"2421\" data-end=\"2424\" \/>Se encuentra disponible informaci\u00f3n t\u00e9cnica adicional sobre el funcionamiento de la centr\u00edfuga en<br data-start=\"2495\" data-end=\"2498\" \/><a class=\"decorated-link\" href=\"https:\/\/www.britannica.com\/technology\/centrifuge\" target=\"_new\" rel=\"noopener\" data-start=\"2498\" data-end=\"2546\">https:\/\/www.britannica.com\/technology\/centrifuge<\/a><\/p>\n<hr data-start=\"2548\" data-end=\"2551\" \/>\n<h2 data-start=\"2553\" data-end=\"2604\"><strong data-start=\"2556\" data-end=\"2604\">Problemas comunes de centr\u00edfugas de aguas residuales solucionados<\/strong><\/h2>\n<p data-start=\"2606\" data-end=\"2719\">Los t\u00e9cnicos de reparaci\u00f3n de Sentrimax abordan rutinariamente los problemas que surgen en las centr\u00edfugas de aguas residuales municipales, entre ellos:<\/p>\n<ul data-start=\"2721\" data-end=\"2934\">\n<li data-start=\"2721\" data-end=\"2762\">\n<p data-start=\"2723\" data-end=\"2762\">Vibraci\u00f3n excesiva o ruido anormal<\/p>\n<\/li>\n<li data-start=\"2763\" data-end=\"2794\">\n<p data-start=\"2765\" data-end=\"2794\">Reducci\u00f3n de la sequedad de la torta de lodos<\/p>\n<\/li>\n<li data-start=\"2795\" data-end=\"2823\">\n<p data-start=\"2797\" data-end=\"2823\">Fallas en cojinetes o sellos<\/p>\n<\/li>\n<li data-start=\"2824\" data-end=\"2857\">\n<p data-start=\"2826\" data-end=\"2857\">Desgaste de la caja de cambios y del sistema de transmisi\u00f3n<\/p>\n<\/li>\n<li data-start=\"2858\" data-end=\"2891\">\n<p data-start=\"2860\" data-end=\"2891\">Aver\u00edas del sistema de lubricaci\u00f3n<\/p>\n<\/li>\n<li data-start=\"2892\" data-end=\"2934\">\n<p data-start=\"2894\" data-end=\"2934\">Desgaste estructural en conjuntos rotatorios<\/p>\n<\/li>\n<\/ul>\n<p data-start=\"2936\" data-end=\"3084\">A trav\u00e9s de una inspecci\u00f3n detallada y un an\u00e1lisis de la causa ra\u00edz, Sentrimax garantiza que las reparaciones corrijan tanto las fallas inmediatas como los factores operativos que contribuyen.<\/p>\n<hr data-start=\"3086\" data-end=\"3089\" \/>\n<h2 data-start=\"3091\" data-end=\"3150\"><strong data-start=\"3094\" data-end=\"3150\">Por qu\u00e9 es importante la reparaci\u00f3n profesional de centr\u00edfugas municipales<\/strong><\/h2>\n<p data-start=\"3152\" data-end=\"3342\">El rendimiento fiable de las centr\u00edfugas es esencial para cumplir con la capacidad de tratamiento y los requisitos normativos. Los servicios profesionales de reparaci\u00f3n de centr\u00edfugas para aguas residuales de Sentrimax ayudan a los municipios a:<\/p>\n<ul data-start=\"3344\" data-end=\"3587\">\n<li data-start=\"3344\" data-end=\"3397\">\n<p data-start=\"3346\" data-end=\"3397\">Mantener un rendimiento constante de deshidrataci\u00f3n de lodos<\/p>\n<\/li>\n<li data-start=\"3398\" data-end=\"3449\">\n<p data-start=\"3400\" data-end=\"3449\">Reducir el tiempo de inactividad no planificado y las interrupciones de emergencia<\/p>\n<\/li>\n<li data-start=\"3450\" data-end=\"3484\">\n<p data-start=\"3452\" data-end=\"3484\">Prolongar la vida \u00fatil de la centr\u00edfuga<\/p>\n<\/li>\n<li data-start=\"3485\" data-end=\"3533\">\n<p data-start=\"3487\" data-end=\"3533\">Evite costosos problemas regulatorios o de cumplimiento<\/p>\n<\/li>\n<li data-start=\"3534\" data-end=\"3587\">\n<p data-start=\"3536\" data-end=\"3587\">Controlar los costos de mantenimiento y operaci\u00f3n a largo plazo<\/p>\n<\/li>\n<\/ul>\n<p data-start=\"3589\" data-end=\"3819\">Retrasar las reparaciones o depender de soluciones temporales puede provocar un mayor desgaste, problemas de seguridad y mayores costos de reparaci\u00f3n. Sentrimax aplica metodolog\u00edas de reparaci\u00f3n probadas y un estricto control de calidad para ofrecer soluciones duraderas.<\/p>\n<hr data-start=\"3821\" data-end=\"3824\" \/>\n<h2 data-start=\"3826\" data-end=\"3872\"><strong data-start=\"3829\" data-end=\"3872\">Capacidades de reparaci\u00f3n municipal de Sentrimax<\/strong><\/h2>\n<p data-start=\"3874\" data-end=\"4061\">Sentrimax ofrece servicios integrales de reparaci\u00f3n de centr\u00edfugas para aguas residuales municipales, con el respaldo de mecanizado avanzado, experiencia en ingenier\u00eda y sistemas de calidad certificados. Nuestras capacidades incluyen:<\/p>\n<ul data-start=\"4063\" data-end=\"4354\">\n<li data-start=\"4063\" data-end=\"4110\">\n<p data-start=\"4065\" data-end=\"4110\">Desmontaje e inspecci\u00f3n completos de la centr\u00edfuga<\/p>\n<\/li>\n<li data-start=\"4111\" data-end=\"4173\">\n<p data-start=\"4113\" data-end=\"4173\">Reparaci\u00f3n o reemplazo de cojinetes, sellos y conjuntos giratorios<\/p>\n<\/li>\n<li data-start=\"4174\" data-end=\"4210\">\n<p data-start=\"4176\" data-end=\"4210\">Servicio de caja de cambios y sistema de transmisi\u00f3n<\/p>\n<\/li>\n<li data-start=\"4211\" data-end=\"4256\">\n<p data-start=\"4213\" data-end=\"4256\">Alineaci\u00f3n de precisi\u00f3n y equilibrado din\u00e1mico<\/p>\n<\/li>\n<li data-start=\"4257\" data-end=\"4302\">\n<p data-start=\"4259\" data-end=\"4302\">Diagn\u00f3stico de sistemas el\u00e9ctricos y de control<\/p>\n<\/li>\n<li data-start=\"4303\" data-end=\"4354\">\n<p data-start=\"4305\" data-end=\"4354\">Pruebas funcionales y verificaci\u00f3n del rendimiento<\/p>\n<\/li>\n<\/ul>\n<p data-start=\"4356\" data-end=\"4501\">Para componentes obsoletos o dif\u00edciles de conseguir, Sentrimax ofrece soluciones de fabricaci\u00f3n personalizada e ingenier\u00eda inversa para restaurar la funcionalidad completa.<\/p>\n<p data-start=\"4503\" data-end=\"4599\">Obtenga m\u00e1s informaci\u00f3n sobre las capacidades de reparaci\u00f3n y servicio de centr\u00edfugas en<br data-start=\"4565\" data-end=\"4568\" \/><a class=\"decorated-link\" href=\"https:\/\/sentrimax.com\/es\/services\/?utm_source=chatgpt.com\" target=\"_new\" rel=\"noopener\" data-start=\"4568\" data-end=\"4599\">https:\/\/sentrimax.com\/services\/<\/a><\/p>\n<hr data-start=\"4601\" data-end=\"4604\" \/>\n<h2 data-start=\"4606\" data-end=\"4656\"><strong data-start=\"4609\" data-end=\"4656\">Soporte de ingenier\u00eda y calidad con certificaci\u00f3n ISO<\/strong><\/h2>\n<p data-start=\"4658\" data-end=\"4948\">Sentrimax opera bajo un sistema de gesti\u00f3n de calidad con certificaci\u00f3n ISO 9001:2015, lo que garantiza un trabajo consistente, trazabilidad y resultados repetibles en todos los proyectos de reparaci\u00f3n de centr\u00edfugas municipales. Cada reparaci\u00f3n sigue procedimientos documentados desde la evaluaci\u00f3n inicial hasta la inspecci\u00f3n final.<\/p>\n<p data-start=\"4950\" data-end=\"5207\">El soporte de ingenier\u00eda est\u00e1 integrado en el proceso de reparaci\u00f3n. Sentrimax eval\u00faa las condiciones operativas, los patrones de fallo y los requisitos de rendimiento para recomendar mejoras de dise\u00f1o o estrategias de mantenimiento que reduzcan futuros problemas y mejoren la fiabilidad.<\/p>\n<p data-start=\"5209\" data-end=\"5287\">Obtenga m\u00e1s informaci\u00f3n sobre el proceso Sentrimax en<br data-start=\"5250\" data-end=\"5253\" \/><a class=\"decorated-link\" href=\"https:\/\/sentrimax.com\/es\/our-process\/?utm_source=chatgpt.com\" target=\"_new\" rel=\"noopener\" data-start=\"5253\" data-end=\"5287\">https:\/\/sentrimax.com\/our-process\/<\/a><\/p>\n<hr data-start=\"5289\" data-end=\"5292\" \/>\n<h2 data-start=\"5294\" data-end=\"5357\"><strong data-start=\"5297\" data-end=\"5357\">Apoyo a las operaciones de aguas residuales municipales en Detroit, MI<\/strong><\/h2>\n<p data-start=\"5359\" data-end=\"5676\">Detroit, MI, opera infraestructuras municipales complejas de aguas residuales, donde la fiabilidad de las centr\u00edfugas es crucial para la salud p\u00fablica y la protecci\u00f3n del medio ambiente. Sentrimax presta servicio a plantas de tratamiento de aguas residuales en toda el \u00e1rea metropolitana de Detroit con servicios de reparaci\u00f3n eficientes y adaptados a las necesidades operativas municipales.<\/p>\n<p data-start=\"5678\" data-end=\"5872\">Con experiencia al servicio de municipios en todo Estados Unidos y Canad\u00e1, Sentrimax comprende las presiones regulatorias, las consideraciones presupuestarias y la importancia de plazos de servicio confiables.<\/p>\n<p data-start=\"5874\" data-end=\"6061\">Los sectores municipales e industriales apoyados incluyen el tratamiento de aguas residuales, el procesamiento de bios\u00f3lidos, la gesti\u00f3n del agua industrial y los servicios ambientales.<br data-start=\"6025\" data-end=\"6028\" \/><a class=\"decorated-link\" href=\"https:\/\/sentrimax.com\/es\/industries\/?utm_source=chatgpt.com\" target=\"_new\" rel=\"noopener\" data-start=\"6028\" data-end=\"6061\">https:\/\/sentrimax.com\/industries\/<\/a><\/p>\n<hr data-start=\"6063\" data-end=\"6066\" \/>\n<h2 data-start=\"6068\" data-end=\"6117\"><strong data-start=\"6071\" data-end=\"6117\">Mantenimiento preventivo y soporte durante el ciclo de vida<\/strong><\/h2>\n<p data-start=\"6119\" data-end=\"6439\">Adem\u00e1s de la reparaci\u00f3n de centr\u00edfugas de aguas residuales municipales, Sentrimax ofrece programas de mantenimiento preventivo y soporte durante todo el ciclo de vida dise\u00f1ados para reducir fallos inesperados. Las inspecciones de rutina, el monitoreo de vibraciones y el reemplazo planificado de componentes ayudan a los municipios a gestionar el mantenimiento de forma proactiva y a prolongar la vida \u00fatil de los equipos.<\/p>\n<p data-start=\"6441\" data-end=\"6591\">Sentrimax tambi\u00e9n ofrece reconstrucciones de centr\u00edfugas, alquileres y asesoramiento t\u00e9cnico para respaldar la planificaci\u00f3n de la capacidad y la gesti\u00f3n de la infraestructura a largo plazo.<\/p>\n<p data-start=\"6593\" data-end=\"6718\">Se puede obtener informaci\u00f3n adicional sobre la infraestructura municipal y los sistemas de tratamiento de aguas residuales en<br data-start=\"6692\" data-end=\"6695\" \/><a class=\"decorated-link\" href=\"https:\/\/www.energy.gov\/\" target=\"_new\" rel=\"noopener\" data-start=\"6695\" data-end=\"6718\">https:\/\/www.energy.gov\/<\/a><\/p>\n<hr data-start=\"6720\" data-end=\"6723\" \/>\n<h2 data-start=\"6725\" data-end=\"6792\"><strong data-start=\"6728\" data-end=\"6792\">Un socio de confianza para la reparaci\u00f3n de centr\u00edfugas de aguas residuales municipales<\/strong><\/h2>\n<p data-start=\"6794\" data-end=\"7066\">Sentrimax combina experiencia t\u00e9cnica, procesos con certificaci\u00f3n ISO y un profundo conocimiento del sector para ofrecer reparaciones confiables de centr\u00edfugas de aguas residuales municipales en Detroit, MI. Cada reparaci\u00f3n se realiza priorizando la seguridad, la precisi\u00f3n y la fiabilidad operativa a largo plazo.<\/p>\n<hr data-start=\"7068\" data-end=\"7071\" \/>\n<h2 data-start=\"7073\" data-end=\"7129\"><strong data-start=\"7076\" data-end=\"7129\">Solicite hoy mismo asistencia para la reparaci\u00f3n de centr\u00edfugas municipales<\/strong><\/h2>\n<p data-start=\"7131\" data-end=\"7340\">Cuando las operaciones de tratamiento de aguas residuales dependen del rendimiento confiable de las centr\u00edfugas, Sentrimax est\u00e1 listo para ayudar. Hable con un miembro experimentado del equipo para hablar sobre las necesidades de reparaci\u00f3n, los plazos y los requisitos t\u00e9cnicos.<\/p>\n<p data-start=\"7342\" data-end=\"7396\" data-is-last-node=\"\" data-is-only-node=\"\"><strong data-start=\"7342\" data-end=\"7396\" data-is-last-node=\"\"><a class=\"decorated-link\" href=\"https:\/\/sentrimax.com\/es\/contact\/\" target=\"_new\" rel=\"noopener\" data-start=\"7344\" data-end=\"7394\">\u00a1Solicita una cotizaci\u00f3n!<\/a><\/strong><\/p>","protected":false},"excerpt":{"rendered":"<p>Sentrimax provides professional municipal wastewater centrifuge repair in Detroit MI, supporting treatment facilities that depend on reliable solids separation to maintain compliance, efficiency, and continuous operation. With decades of experience servicing centrifuge systems across North America, Sentrimax delivers dependable repair solutions designed specifically for the demanding requirements of municipal wastewater operations. Municipal wastewater centrifuges play [&hellip;]<\/p>\n","protected":false},"author":3,"featured_media":0,"parent":0,"menu_order":0,"comment_status":"closed","ping_status":"closed","template":"seo-page-template.php","meta":{"_acf_changed":false,"inline_featured_image":false,"footnotes":""},"class_list":["post-2350","page","type-page","status-publish","hentry"],"acf":[],"_links":{"self":[{"href":"https:\/\/sentrimax.com\/es\/wp-json\/wp\/v2\/pages\/2350","targetHints":{"allow":["GET"]}}],"collection":[{"href":"https:\/\/sentrimax.com\/es\/wp-json\/wp\/v2\/pages"}],"about":[{"href":"https:\/\/sentrimax.com\/es\/wp-json\/wp\/v2\/types\/page"}],"author":[{"embeddable":true,"href":"https:\/\/sentrimax.com\/es\/wp-json\/wp\/v2\/users\/3"}],"replies":[{"embeddable":true,"href":"https:\/\/sentrimax.com\/es\/wp-json\/wp\/v2\/comments?post=2350"}],"version-history":[{"count":1,"href":"https:\/\/sentrimax.com\/es\/wp-json\/wp\/v2\/pages\/2350\/revisions"}],"predecessor-version":[{"id":2477,"href":"https:\/\/sentrimax.com\/es\/wp-json\/wp\/v2\/pages\/2350\/revisions\/2477"}],"wp:attachment":[{"href":"https:\/\/sentrimax.com\/es\/wp-json\/wp\/v2\/media?parent=2350"}],"curies":[{"name":"wp","href":"https:\/\/api.w.org\/{rel}","templated":true}]}}