{"id":2351,"date":"2026-01-07T18:27:09","date_gmt":"2026-01-07T18:27:09","guid":{"rendered":"https:\/\/sentrimax.com\/?page_id=2351"},"modified":"2026-04-21T21:12:49","modified_gmt":"2026-04-21T21:12:49","slug":"decanter-centrifuge-parts-service-detroit-mi","status":"publish","type":"page","link":"https:\/\/sentrimax.com\/es\/decanter-centrifuge-parts-service-detroit-mi\/","title":{"rendered":"Piezas y servicio de centr\u00edfugas decantadoras en Detroit, MI"},"content":{"rendered":"<p data-start=\"516\" data-end=\"984\"><span class=\"hover:entity-accent entity-underline inline cursor-pointer align-baseline\"><span class=\"whitespace-normal\"><img fetchpriority=\"high\" decoding=\"async\" class=\"aligncenter size-full wp-image-1190\" src=\"https:\/\/sentrimax.com\/wp-content\/uploads\/2025\/06\/image-1.jpg\" alt=\"\" width=\"1440\" height=\"694\" srcset=\"https:\/\/sentrimax.com\/wp-content\/uploads\/2025\/06\/image-1.jpg 1440w, https:\/\/sentrimax.com\/wp-content\/uploads\/2025\/06\/image-1-600x289.jpg 600w, https:\/\/sentrimax.com\/wp-content\/uploads\/2025\/06\/image-1-300x145.jpg 300w, https:\/\/sentrimax.com\/wp-content\/uploads\/2025\/06\/image-1-1024x494.jpg 1024w, https:\/\/sentrimax.com\/wp-content\/uploads\/2025\/06\/image-1-768x370.jpg 768w\" sizes=\"(max-width: 1440px) 100vw, 1440px\" \/><\/span><\/span><\/p>\n<p data-start=\"516\" data-end=\"984\"><span class=\"hover:entity-accent entity-underline inline cursor-pointer align-baseline\"><span class=\"whitespace-normal\">Sentrimax<\/span><\/span> Ofrece repuestos y servicio confiables para centr\u00edfugas decantadoras en Detroit, MI, para apoyar operaciones municipales, industriales y del sector energ\u00e9tico que requieren una separaci\u00f3n eficiente de s\u00f3lidos y l\u00edquidos. Con d\u00e9cadas de experiencia en el mantenimiento de sistemas de centr\u00edfugas decantadoras en Norteam\u00e9rica, Sentrimax ofrece repuestos de alta calidad y soluciones de servicio expertas dise\u00f1adas para mantener el rendimiento, reducir el tiempo de inactividad y prolongar la vida \u00fatil de los equipos.<\/p>\n<p data-start=\"986\" data-end=\"1364\">Las centr\u00edfugas decantadoras son esenciales para aplicaciones como el tratamiento de aguas residuales, el procesamiento industrial, las operaciones de petr\u00f3leo y gas y el manejo de bios\u00f3lidos. Cuando los componentes se desgastan o el mantenimiento se retrasa, la eficiencia de separaci\u00f3n y la fiabilidad del sistema pueden disminuir r\u00e1pidamente. Sentrimax ofrece un servicio integral de repuestos y mantenimiento para mantener las centr\u00edfugas decantadoras funcionando de forma segura y eficiente.<\/p>\n<hr data-start=\"1366\" data-end=\"1369\" \/>\n<h2 data-start=\"1371\" data-end=\"1437\"><strong data-start=\"1374\" data-end=\"1437\">Soluciones integrales de repuestos y servicio para centr\u00edfugas decantadoras<\/strong><\/h2>\n<p data-start=\"1439\" data-end=\"1711\">Sentrimax brinda soporte a los sistemas de centr\u00edfugas decantadoras durante todo su ciclo de vida \u00fatil. Cada proyecto comienza con una evaluaci\u00f3n detallada para determinar si se requieren repuestos, servicio t\u00e9cnico espec\u00edfico o soluciones de reparaci\u00f3n m\u00e1s amplias para lograr un rendimiento \u00f3ptimo.<\/p>\n<p data-start=\"1713\" data-end=\"1998\">Los servicios para centr\u00edfugas decantadoras incluyen inspecci\u00f3n, diagn\u00f3stico, resoluci\u00f3n de problemas, reparaci\u00f3n, soporte para reconstrucci\u00f3n y optimizaci\u00f3n del rendimiento. Las piezas de repuesto se suministran seg\u00fan las especificaciones del fabricante original o se dise\u00f1an para cumplir con las condiciones de operaci\u00f3n espec\u00edficas, garantizando un ajuste, equilibrio y durabilidad adecuados.<\/p>\n<p data-start=\"2000\" data-end=\"2405\">Las centr\u00edfugas decantadoras se basan en la fuerza centr\u00edfuga, la velocidad diferencial controlada y la alineaci\u00f3n mec\u00e1nica precisa para separar los s\u00f3lidos eficazmente. Las piezas desgastadas o mal ajustadas pueden provocar vibraciones, reducir la sequedad de la torta y acelerar el desgaste de los componentes si no se solucionan a tiempo.<br data-start=\"2280\" data-end=\"2283\" \/>Se encuentra disponible informaci\u00f3n t\u00e9cnica adicional sobre el funcionamiento de la centr\u00edfuga en<br data-start=\"2354\" data-end=\"2357\" \/><a class=\"decorated-link\" href=\"https:\/\/www.britannica.com\/technology\/centrifuge\" target=\"_new\" rel=\"noopener\" data-start=\"2357\" data-end=\"2405\">https:\/\/www.britannica.com\/technology\/centrifuge<\/a><\/p>\n<hr data-start=\"2407\" data-end=\"2410\" \/>\n<h2 data-start=\"2412\" data-end=\"2454\"><strong data-start=\"2415\" data-end=\"2454\">Piezas disponibles para centr\u00edfuga decantadora<\/strong><\/h2>\n<p data-start=\"2456\" data-end=\"2667\">Sentrimax suministra una gama completa de <strong data-start=\"2491\" data-end=\"2520\">piezas de la centr\u00edfuga decantadora<\/strong> Para instalaciones en Detroit, MI. Todas las piezas se inspeccionan para garantizar su precisi\u00f3n dimensional, integridad del material y compatibilidad de rendimiento antes de su entrega.<\/p>\n<p data-start=\"2669\" data-end=\"2693\">Las piezas disponibles incluyen:<\/p>\n<ul data-start=\"2695\" data-end=\"2953\">\n<li data-start=\"2695\" data-end=\"2730\">\n<p data-start=\"2697\" data-end=\"2730\">Cojinetes y conjuntos de cojinetes<\/p>\n<\/li>\n<li data-start=\"2731\" data-end=\"2774\">\n<p data-start=\"2733\" data-end=\"2774\">Sellos y componentes del sistema de lubricaci\u00f3n<\/p>\n<\/li>\n<li data-start=\"2775\" data-end=\"2814\">\n<p data-start=\"2777\" data-end=\"2814\">Componentes de la caja de cambios y del sistema de transmisi\u00f3n<\/p>\n<\/li>\n<li data-start=\"2815\" data-end=\"2858\">\n<p data-start=\"2817\" data-end=\"2858\">Componentes del conjunto de desplazamiento y rotaci\u00f3n<\/p>\n<\/li>\n<li data-start=\"2859\" data-end=\"2907\">\n<p data-start=\"2861\" data-end=\"2907\">Ejes, acoplamientos e interfaces mec\u00e1nicas<\/p>\n<\/li>\n<li data-start=\"2908\" data-end=\"2953\">\n<p data-start=\"2910\" data-end=\"2953\">Piezas de repuesto dise\u00f1adas y con especificaciones OEM<\/p>\n<\/li>\n<\/ul>\n<p data-start=\"2955\" data-end=\"3108\">Para componentes obsoletos o dif\u00edciles de conseguir, Sentrimax ofrece ingenier\u00eda inversa y fabricaci\u00f3n personalizada para restaurar la funcionalidad completa de la centr\u00edfuga decantadora.<\/p>\n<hr data-start=\"3110\" data-end=\"3113\" \/>\n<h2 data-start=\"3115\" data-end=\"3169\"><strong data-start=\"3118\" data-end=\"3169\">Por qu\u00e9 son importantes las piezas de calidad y el servicio profesional<\/strong><\/h2>\n<p data-start=\"3171\" data-end=\"3354\">El rendimiento confiable de una centr\u00edfuga decantadora depende tanto de la calidad de las piezas de repuesto como de la experiencia en la ejecuci\u00f3n del servicio. Las soluciones de repuestos y servicio de Sentrimax ayudan a los operadores a:<\/p>\n<ul data-start=\"3356\" data-end=\"3605\">\n<li data-start=\"3356\" data-end=\"3414\">\n<p data-start=\"3358\" data-end=\"3414\">Mantener una separaci\u00f3n constante de s\u00f3lidos y la sequedad de la torta.<\/p>\n<\/li>\n<li data-start=\"3415\" data-end=\"3457\">\n<p data-start=\"3417\" data-end=\"3457\">Reducir la vibraci\u00f3n y el estr\u00e9s mec\u00e1nico<\/p>\n<\/li>\n<li data-start=\"3458\" data-end=\"3509\">\n<p data-start=\"3460\" data-end=\"3509\">Prevenir da\u00f1os secundarios a los conjuntos giratorios<\/p>\n<\/li>\n<li data-start=\"3510\" data-end=\"3553\">\n<p data-start=\"3512\" data-end=\"3553\">Prolongar la vida \u00fatil de la centr\u00edfuga decantadora<\/p>\n<\/li>\n<li data-start=\"3554\" data-end=\"3605\">\n<p data-start=\"3556\" data-end=\"3605\">Menores costos de mantenimiento y operaci\u00f3n a largo plazo<\/p>\n<\/li>\n<\/ul>\n<p data-start=\"3607\" data-end=\"3823\">El uso de componentes de baja calidad o la demora en el servicio t\u00e9cnico suelen provocar fallos recurrentes y mayores costos de reparaci\u00f3n. Sentrimax aplica un estricto control de calidad y supervisi\u00f3n de ingenier\u00eda a cada pieza y soluci\u00f3n de servicio que ofrece.<\/p>\n<hr data-start=\"3825\" data-end=\"3828\" \/>\n<h2 data-start=\"3830\" data-end=\"3879\"><strong data-start=\"3833\" data-end=\"3879\">Capacidades de la centr\u00edfuga decantadora Sentrimax<\/strong><\/h2>\n<p data-start=\"3881\" data-end=\"4041\">Sentrimax ofrece piezas y servicio integral para centr\u00edfugas decantadoras, con el respaldo de una amplia experiencia en mecanizado, fabricaci\u00f3n e ingenier\u00eda. Nuestras capacidades incluyen:<\/p>\n<ul data-start=\"4043\" data-end=\"4333\">\n<li data-start=\"4043\" data-end=\"4099\">\n<p data-start=\"4045\" data-end=\"4099\">Inspecci\u00f3n y desmontaje completo de la centr\u00edfuga decantadora<\/p>\n<\/li>\n<li data-start=\"4100\" data-end=\"4152\">\n<p data-start=\"4102\" data-end=\"4152\">Reemplazo de cojinetes, sellos y conjuntos giratorios<\/p>\n<\/li>\n<li data-start=\"4153\" data-end=\"4189\">\n<p data-start=\"4155\" data-end=\"4189\">Servicio de caja de cambios y sistema de transmisi\u00f3n<\/p>\n<\/li>\n<li data-start=\"4190\" data-end=\"4235\">\n<p data-start=\"4192\" data-end=\"4235\">Alineaci\u00f3n de precisi\u00f3n y equilibrado din\u00e1mico<\/p>\n<\/li>\n<li data-start=\"4236\" data-end=\"4281\">\n<p data-start=\"4238\" data-end=\"4281\">Diagn\u00f3stico de sistemas el\u00e9ctricos y de control<\/p>\n<\/li>\n<li data-start=\"4282\" data-end=\"4333\">\n<p data-start=\"4284\" data-end=\"4333\">Pruebas funcionales y verificaci\u00f3n del rendimiento<\/p>\n<\/li>\n<\/ul>\n<p data-start=\"4335\" data-end=\"4484\">Se utilizan componentes de reemplazo dise\u00f1ados o con especificaciones OEM para garantizar un ajuste adecuado y un funcionamiento confiable en una amplia gama de modelos de centr\u00edfugas decantadoras.<\/p>\n<p data-start=\"4486\" data-end=\"4581\">Obtenga m\u00e1s informaci\u00f3n sobre las capacidades de servicio y repuestos de centr\u00edfugas en<br data-start=\"4547\" data-end=\"4550\" \/><a class=\"decorated-link\" href=\"https:\/\/sentrimax.com\/es\/services\/?utm_source=chatgpt.com\" target=\"_new\" rel=\"noopener\" data-start=\"4550\" data-end=\"4581\">https:\/\/sentrimax.com\/services\/<\/a><\/p>\n<hr data-start=\"4583\" data-end=\"4586\" \/>\n<h2 data-start=\"4588\" data-end=\"4638\"><strong data-start=\"4591\" data-end=\"4638\">Soporte de ingenier\u00eda y calidad con certificaci\u00f3n ISO<\/strong><\/h2>\n<p data-start=\"4640\" data-end=\"4946\">Sentrimax opera bajo un sistema de gesti\u00f3n de calidad con certificaci\u00f3n ISO 9001:2015, lo que garantiza consistencia, trazabilidad y resultados repetibles en todos los proyectos de piezas y servicio de centr\u00edfugas decantadoras. Cada componente y proceso de servicio sigue procedimientos documentados, desde la inspecci\u00f3n hasta la verificaci\u00f3n final.<\/p>\n<p data-start=\"4948\" data-end=\"5196\">El soporte de ingenier\u00eda est\u00e1 integrado en cada proyecto. Sentrimax eval\u00faa las condiciones operativas, los patrones de desgaste y los requisitos de rendimiento para recomendar materiales mejorados, mejoras de dise\u00f1o o estrategias de mantenimiento que reduzcan problemas futuros.<\/p>\n<p data-start=\"5198\" data-end=\"5276\">Obtenga m\u00e1s informaci\u00f3n sobre el proceso Sentrimax en<br data-start=\"5239\" data-end=\"5242\" \/><a class=\"decorated-link\" href=\"https:\/\/sentrimax.com\/es\/our-process\/?utm_source=chatgpt.com\" target=\"_new\" rel=\"noopener\" data-start=\"5242\" data-end=\"5276\">https:\/\/sentrimax.com\/our-process\/<\/a><\/p>\n<hr data-start=\"5278\" data-end=\"5281\" \/>\n<h2 data-start=\"5283\" data-end=\"5345\"><strong data-start=\"5286\" data-end=\"5345\">Apoyo a las operaciones de centr\u00edfugas decantadoras en Detroit, MI<\/strong><\/h2>\n<p data-start=\"5347\" data-end=\"5662\">Detroit, MI, es un importante centro de manufactura, infraestructura municipal, producci\u00f3n de energ\u00eda y procesamiento industrial, donde las centr\u00edfugas decantadoras desempe\u00f1an un papel vital. Sentrimax apoya a las instalaciones en toda el \u00e1rea metropolitana de Detroit con acceso r\u00e1pido a repuestos para centr\u00edfugas decantadoras y servicio t\u00e9cnico especializado.<\/p>\n<p data-start=\"5664\" data-end=\"5851\">Con experiencia atendiendo a clientes en todo Estados Unidos y Canad\u00e1, Sentrimax comprende la importancia de tiempos de respuesta r\u00e1pidos, disponibilidad confiable de piezas y una comunicaci\u00f3n clara.<\/p>\n<p data-start=\"5853\" data-end=\"6039\">Las industrias apoyadas incluyen el tratamiento de aguas residuales municipales, la fabricaci\u00f3n industrial, el petr\u00f3leo y el gas, el procesamiento de alimentos y bebidas y la producci\u00f3n de energ\u00eda.<br data-start=\"6003\" data-end=\"6006\" \/><a class=\"decorated-link\" href=\"https:\/\/sentrimax.com\/es\/industries\/?utm_source=chatgpt.com\" target=\"_new\" rel=\"noopener\" data-start=\"6006\" data-end=\"6039\">https:\/\/sentrimax.com\/industries\/<\/a><\/p>\n<hr data-start=\"6041\" data-end=\"6044\" \/>\n<h2 data-start=\"6046\" data-end=\"6095\"><strong data-start=\"6049\" data-end=\"6095\">Mantenimiento preventivo y soporte durante el ciclo de vida<\/strong><\/h2>\n<p data-start=\"6097\" data-end=\"6409\">Adem\u00e1s de las piezas y el servicio para centr\u00edfugas decantadoras, Sentrimax ofrece programas de mantenimiento preventivo y soporte durante todo el ciclo de vida dise\u00f1ados para reducir fallos inesperados. Las inspecciones de rutina, el monitoreo de vibraciones y el reemplazo planificado de componentes ayudan a las instalaciones a mantener un rendimiento estable y prolongar la vida \u00fatil del equipo.<\/p>\n<p data-start=\"6411\" data-end=\"6574\">Sentrimax tambi\u00e9n ofrece reconstrucciones completas de centr\u00edfugas, alquileres y asesoramiento t\u00e9cnico para instalaciones que gestionan equipos antiguos o demandas de procesamiento en aumento.<\/p>\n<p data-start=\"6576\" data-end=\"6703\">Puede encontrar informaci\u00f3n adicional sobre la confiabilidad de los equipos industriales y el soporte de infraestructura en<br data-start=\"6677\" data-end=\"6680\" \/><a class=\"decorated-link\" href=\"https:\/\/www.energy.gov\/\" target=\"_new\" rel=\"noopener\" data-start=\"6680\" data-end=\"6703\">https:\/\/www.energy.gov\/<\/a><\/p>\n<hr data-start=\"6705\" data-end=\"6708\" \/>\n<h2 data-start=\"6710\" data-end=\"6766\"><strong data-start=\"6713\" data-end=\"6766\">Un socio de confianza para el soporte de centr\u00edfugas decantadoras<\/strong><\/h2>\n<p data-start=\"6768\" data-end=\"7028\">Sentrimax combina experiencia t\u00e9cnica, procesos con certificaci\u00f3n ISO y un profundo conocimiento del sector para ofrecer repuestos y servicio confiables para centr\u00edfugas decantadoras en Detroit, MI. Cada soluci\u00f3n se centra en la precisi\u00f3n, la durabilidad y el rendimiento operativo a largo plazo.<\/p>\n<hr data-start=\"7030\" data-end=\"7033\" \/>\n<h2 data-start=\"7035\" data-end=\"7091\"><strong data-start=\"7038\" data-end=\"7091\">Solicite hoy mismo piezas y servicio para su centr\u00edfuga decantadora<\/strong><\/h2>\n<p data-start=\"7093\" data-end=\"7313\">Si el rendimiento de su decantador centr\u00edfugo es crucial para su operaci\u00f3n, Sentrimax est\u00e1 listo para ayudarle. Hable con un miembro experimentado del equipo para hablar sobre los requisitos de piezas, las necesidades de servicio, los plazos y las especificaciones t\u00e9cnicas.<\/p>\n<p data-start=\"7315\" data-end=\"7369\" data-is-last-node=\"\" data-is-only-node=\"\"><strong data-start=\"7315\" data-end=\"7369\" data-is-last-node=\"\"><a class=\"decorated-link\" href=\"https:\/\/sentrimax.com\/es\/contact\/\" target=\"_new\" rel=\"noopener\" data-start=\"7317\" data-end=\"7367\">\u00a1Solicita una cotizaci\u00f3n!<\/a><\/strong><\/p>","protected":false},"excerpt":{"rendered":"<p>Sentrimax delivers dependable decanter centrifuge parts &amp; service in Detroit MI, supporting municipal, industrial, and energy-sector operations that rely on efficient solids-liquid separation. With decades of experience servicing decanter centrifuge systems across North America, Sentrimax provides high-quality replacement parts and expert service solutions designed to maintain performance, reduce downtime, and extend equipment life. Decanter centrifuges [&hellip;]<\/p>\n","protected":false},"author":3,"featured_media":0,"parent":0,"menu_order":0,"comment_status":"closed","ping_status":"closed","template":"seo-page-template.php","meta":{"_acf_changed":false,"inline_featured_image":false,"footnotes":""},"class_list":["post-2351","page","type-page","status-publish","hentry"],"acf":[],"_links":{"self":[{"href":"https:\/\/sentrimax.com\/es\/wp-json\/wp\/v2\/pages\/2351","targetHints":{"allow":["GET"]}}],"collection":[{"href":"https:\/\/sentrimax.com\/es\/wp-json\/wp\/v2\/pages"}],"about":[{"href":"https:\/\/sentrimax.com\/es\/wp-json\/wp\/v2\/types\/page"}],"author":[{"embeddable":true,"href":"https:\/\/sentrimax.com\/es\/wp-json\/wp\/v2\/users\/3"}],"replies":[{"embeddable":true,"href":"https:\/\/sentrimax.com\/es\/wp-json\/wp\/v2\/comments?post=2351"}],"version-history":[{"count":1,"href":"https:\/\/sentrimax.com\/es\/wp-json\/wp\/v2\/pages\/2351\/revisions"}],"predecessor-version":[{"id":2476,"href":"https:\/\/sentrimax.com\/es\/wp-json\/wp\/v2\/pages\/2351\/revisions\/2476"}],"wp:attachment":[{"href":"https:\/\/sentrimax.com\/es\/wp-json\/wp\/v2\/media?parent=2351"}],"curies":[{"name":"wp","href":"https:\/\/api.w.org\/{rel}","templated":true}]}}