{"id":2352,"date":"2026-01-07T18:29:39","date_gmt":"2026-01-07T18:29:39","guid":{"rendered":"https:\/\/sentrimax.com\/?page_id=2352"},"modified":"2026-04-21T21:12:48","modified_gmt":"2026-04-21T21:12:48","slug":"alfa-laval-flottweg-centrifuge-repair-detroit-mi","status":"publish","type":"page","link":"https:\/\/sentrimax.com\/es\/alfa-laval-flottweg-centrifuge-repair-detroit-mi\/","title":{"rendered":"Reparaci\u00f3n de centr\u00edfugas Alfa Laval y Flottweg en Detroit, MI"},"content":{"rendered":"<p data-start=\"521\" data-end=\"963\"><span class=\"hover:entity-accent entity-underline inline cursor-pointer align-baseline\"><span class=\"whitespace-normal\"><img fetchpriority=\"high\" decoding=\"async\" class=\"aligncenter size-full wp-image-904\" src=\"https:\/\/sentrimax.com\/wp-content\/uploads\/2025\/05\/image-3-1.png\" alt=\"\" width=\"1236\" height=\"760\" srcset=\"https:\/\/sentrimax.com\/wp-content\/uploads\/2025\/05\/image-3-1.png 1236w, https:\/\/sentrimax.com\/wp-content\/uploads\/2025\/05\/image-3-1-600x369.png 600w, https:\/\/sentrimax.com\/wp-content\/uploads\/2025\/05\/image-3-1-300x184.png 300w, https:\/\/sentrimax.com\/wp-content\/uploads\/2025\/05\/image-3-1-1024x630.png 1024w, https:\/\/sentrimax.com\/wp-content\/uploads\/2025\/05\/image-3-1-768x472.png 768w\" sizes=\"(max-width: 1236px) 100vw, 1236px\" \/><\/span><\/span><\/p>\n<p data-start=\"521\" data-end=\"963\"><span class=\"hover:entity-accent entity-underline inline cursor-pointer align-baseline\"><span class=\"whitespace-normal\">Sentrimax<\/span><\/span> Ofrecemos reparaci\u00f3n profesional de centr\u00edfugas Alfa Laval y Flottweg en Detroit, Michigan, para operaciones municipales, industriales y del sector energ\u00e9tico que dependen de equipos de separaci\u00f3n de alto rendimiento. Con d\u00e9cadas de experiencia en el mantenimiento de sistemas de centr\u00edfugas complejos en Norteam\u00e9rica, Sentrimax ofrece soluciones de reparaci\u00f3n expertas dise\u00f1adas para restaurar la fiabilidad, mejorar la eficiencia y prolongar la vida \u00fatil de los equipos.<\/p>\n<p data-start=\"965\" data-end=\"1432\">Centr\u00edfugas fabricadas por <span class=\"hover:entity-accent entity-underline inline cursor-pointer align-baseline\"><span class=\"whitespace-normal\">Alfa Laval<\/span><\/span> y <span class=\"hover:entity-accent entity-underline inline cursor-pointer align-baseline\"><span class=\"whitespace-normal\">Flottweg<\/span><\/span> Se utilizan ampliamente en aplicaciones exigentes como el tratamiento de aguas residuales municipales, el procesamiento industrial, las operaciones de petr\u00f3leo y gas y la producci\u00f3n de alimentos. Cuando estos sistemas experimentan desgaste, vibraci\u00f3n o fallos mec\u00e1nicos, se requiere una reparaci\u00f3n especializada. Sentrimax ofrece servicios integrales de reparaci\u00f3n adaptados espec\u00edficamente a estas plataformas centr\u00edfugas.<\/p>\n<hr data-start=\"1434\" data-end=\"1437\" \/>\n<h2 data-start=\"1439\" data-end=\"1502\"><strong data-start=\"1442\" data-end=\"1502\">Reparaci\u00f3n especializada de centr\u00edfugas Alfa Laval y Flottweg<\/strong><\/h2>\n<p data-start=\"1504\" data-end=\"1807\">Las centr\u00edfugas Alfa Laval y Flottweg operan en ciclos de trabajo continuos, altas velocidades de rotaci\u00f3n y condiciones de proceso abrasivas. Con el tiempo, componentes internos como rodamientos, sellos, cajas de engranajes y conjuntos rotatorios pueden desgastarse o fallar, lo que reduce la eficiencia de separaci\u00f3n y aumenta el riesgo operativo.<\/p>\n<p data-start=\"1809\" data-end=\"2094\">Sentrimax se especializa en el diagn\u00f3stico y la reparaci\u00f3n de estos sistemas de centr\u00edfuga mediante metodolog\u00edas probadas y componentes de repuesto fabricados seg\u00fan especificaciones del fabricante original (OEM). Los servicios de reparaci\u00f3n est\u00e1n dise\u00f1ados para abordar tanto fallas inmediatas como problemas mec\u00e1nicos subyacentes que contribuyen a tiempos de inactividad recurrentes.<\/p>\n<p data-start=\"2096\" data-end=\"2492\">Las centr\u00edfugas dependen de la fuerza centr\u00edfuga, un equilibrio preciso y una velocidad diferencial controlada para funcionar de forma segura y eficiente. Las desviaciones mec\u00e1nicas en componentes cr\u00edticos pueden provocar r\u00e1pidamente vibraciones, una reducci\u00f3n del rendimiento o da\u00f1os secundarios si no se corrigen a tiempo.<br data-start=\"2367\" data-end=\"2370\" \/>Se encuentra disponible informaci\u00f3n t\u00e9cnica adicional sobre el funcionamiento de la centr\u00edfuga en<br data-start=\"2441\" data-end=\"2444\" \/><a class=\"decorated-link\" href=\"https:\/\/www.britannica.com\/technology\/centrifuge\" target=\"_new\" rel=\"noopener\" data-start=\"2444\" data-end=\"2492\">https:\/\/www.britannica.com\/technology\/centrifuge<\/a><\/p>\n<hr data-start=\"2494\" data-end=\"2497\" \/>\n<h2 data-start=\"2499\" data-end=\"2561\"><strong data-start=\"2502\" data-end=\"2561\">Problemas comunes de las centr\u00edfugas Alfa Laval y Flottweg reparados<\/strong><\/h2>\n<p data-start=\"2563\" data-end=\"2686\">Los t\u00e9cnicos de reparaci\u00f3n de Sentrimax abordan rutinariamente los problemas que surgen en los sistemas centr\u00edfugos de Alfa Laval y Flottweg, incluidos:<\/p>\n<ul data-start=\"2688\" data-end=\"2952\">\n<li data-start=\"2688\" data-end=\"2729\">\n<p data-start=\"2690\" data-end=\"2729\">Vibraci\u00f3n excesiva o ruido anormal<\/p>\n<\/li>\n<li data-start=\"2730\" data-end=\"2779\">\n<p data-start=\"2732\" data-end=\"2779\">Eficiencia de separaci\u00f3n reducida o sequedad de la torta<\/p>\n<\/li>\n<li data-start=\"2780\" data-end=\"2829\">\n<p data-start=\"2782\" data-end=\"2829\">Fallas en cojinetes, sellos o sistemas de lubricaci\u00f3n<\/p>\n<\/li>\n<li data-start=\"2830\" data-end=\"2863\">\n<p data-start=\"2832\" data-end=\"2863\">Desgaste de la caja de cambios y del sistema de transmisi\u00f3n<\/p>\n<\/li>\n<li data-start=\"2864\" data-end=\"2909\">\n<p data-start=\"2866\" data-end=\"2909\">Mal funcionamiento del sistema el\u00e9ctrico o de control<\/p>\n<\/li>\n<li data-start=\"2910\" data-end=\"2952\">\n<p data-start=\"2912\" data-end=\"2952\">Desgaste estructural en conjuntos rotatorios<\/p>\n<\/li>\n<\/ul>\n<p data-start=\"2954\" data-end=\"3096\">A trav\u00e9s de una inspecci\u00f3n detallada y un an\u00e1lisis de la causa ra\u00edz, Sentrimax garantiza que las reparaciones corrijan tanto los da\u00f1os visibles como los factores operativos contribuyentes.<\/p>\n<hr data-start=\"3098\" data-end=\"3101\" \/>\n<h2 data-start=\"3103\" data-end=\"3154\"><strong data-start=\"3106\" data-end=\"3154\">Por qu\u00e9 es importante una reparaci\u00f3n profesional espec\u00edfica del fabricante original<\/strong><\/h2>\n<p data-start=\"3156\" data-end=\"3315\">Los servicios profesionales de reparaci\u00f3n de centr\u00edfugas son fundamentales para mantener el rendimiento y proteger equipos de alto valor. Las soluciones de reparaci\u00f3n de Sentrimax ayudan a los operadores a:<\/p>\n<ul data-start=\"3317\" data-end=\"3565\">\n<li data-start=\"3317\" data-end=\"3362\">\n<p data-start=\"3319\" data-end=\"3362\">Restaurar las especificaciones operativas originales<\/p>\n<\/li>\n<li data-start=\"3363\" data-end=\"3424\">\n<p data-start=\"3365\" data-end=\"3424\">Prevenir da\u00f1os secundarios a los tazones y conjuntos giratorios<\/p>\n<\/li>\n<li data-start=\"3425\" data-end=\"3459\">\n<p data-start=\"3427\" data-end=\"3459\">Prolongar la vida \u00fatil de la centr\u00edfuga<\/p>\n<\/li>\n<li data-start=\"3460\" data-end=\"3511\">\n<p data-start=\"3462\" data-end=\"3511\">Reducir el tiempo de inactividad no planificado y las interrupciones de emergencia<\/p>\n<\/li>\n<li data-start=\"3512\" data-end=\"3565\">\n<p data-start=\"3514\" data-end=\"3565\">Controlar los costos de mantenimiento y ciclo de vida a largo plazo<\/p>\n<\/li>\n<\/ul>\n<p data-start=\"3567\" data-end=\"3785\">Intentar reparaciones gen\u00e9ricas o incompletas puede provocar fallos recurrentes y mayores costos operativos. Sentrimax aplica t\u00e9cnicas de reparaci\u00f3n de precisi\u00f3n y un estricto control de calidad para ofrecer soluciones duraderas y a largo plazo.<\/p>\n<hr data-start=\"3787\" data-end=\"3790\" \/>\n<h2 data-start=\"3792\" data-end=\"3839\"><strong data-start=\"3795\" data-end=\"3839\">Capacidades de reparaci\u00f3n de centr\u00edfugas Sentrimax<\/strong><\/h2>\n<p data-start=\"3841\" data-end=\"4029\">Sentrimax ofrece servicios integrales de reparaci\u00f3n de centr\u00edfugas para equipos Alfa Laval y Flottweg, con el respaldo de una amplia experiencia en mecanizado, fabricaci\u00f3n e ingenier\u00eda. Nuestras capacidades incluyen:<\/p>\n<ul data-start=\"4031\" data-end=\"4322\">\n<li data-start=\"4031\" data-end=\"4078\">\n<p data-start=\"4033\" data-end=\"4078\">Desmontaje e inspecci\u00f3n completos de la centr\u00edfuga<\/p>\n<\/li>\n<li data-start=\"4079\" data-end=\"4141\">\n<p data-start=\"4081\" data-end=\"4141\">Reparaci\u00f3n o reemplazo de cojinetes, sellos y conjuntos giratorios<\/p>\n<\/li>\n<li data-start=\"4142\" data-end=\"4178\">\n<p data-start=\"4144\" data-end=\"4178\">Servicio de caja de cambios y sistema de transmisi\u00f3n<\/p>\n<\/li>\n<li data-start=\"4179\" data-end=\"4224\">\n<p data-start=\"4181\" data-end=\"4224\">Alineaci\u00f3n de precisi\u00f3n y equilibrado din\u00e1mico<\/p>\n<\/li>\n<li data-start=\"4225\" data-end=\"4270\">\n<p data-start=\"4227\" data-end=\"4270\">Diagn\u00f3stico de sistemas el\u00e9ctricos y de control<\/p>\n<\/li>\n<li data-start=\"4271\" data-end=\"4322\">\n<p data-start=\"4273\" data-end=\"4322\">Pruebas funcionales y verificaci\u00f3n del rendimiento<\/p>\n<\/li>\n<\/ul>\n<p data-start=\"4324\" data-end=\"4542\">Se utilizan componentes de repuesto con especificaciones OEM o dise\u00f1ados espec\u00edficamente para garantizar un ajuste, equilibrio y fiabilidad a largo plazo. Para componentes obsoletos o dif\u00edciles de conseguir, Sentrimax ofrece ingenier\u00eda inversa y fabricaci\u00f3n a medida.<\/p>\n<p data-start=\"4544\" data-end=\"4640\">Obtenga m\u00e1s informaci\u00f3n sobre las capacidades de reparaci\u00f3n y servicio de centr\u00edfugas en<br data-start=\"4606\" data-end=\"4609\" \/><a class=\"decorated-link\" href=\"https:\/\/sentrimax.com\/es\/services\/?utm_source=chatgpt.com\" target=\"_new\" rel=\"noopener\" data-start=\"4609\" data-end=\"4640\">https:\/\/sentrimax.com\/services\/<\/a><\/p>\n<hr data-start=\"4642\" data-end=\"4645\" \/>\n<h2 data-start=\"4647\" data-end=\"4697\"><strong data-start=\"4650\" data-end=\"4697\">Soporte de ingenier\u00eda y calidad con certificaci\u00f3n ISO<\/strong><\/h2>\n<p data-start=\"4699\" data-end=\"4979\">Sentrimax opera bajo un sistema de gesti\u00f3n de calidad con certificaci\u00f3n ISO 9001:2015, lo que garantiza un trabajo consistente, trazabilidad y resultados repetibles en todos los proyectos de reparaci\u00f3n de centr\u00edfugas. Cada reparaci\u00f3n sigue procedimientos documentados desde la evaluaci\u00f3n inicial hasta la inspecci\u00f3n final.<\/p>\n<p data-start=\"4981\" data-end=\"5217\">El soporte de ingenier\u00eda est\u00e1 integrado en cada reparaci\u00f3n. Sentrimax eval\u00faa las condiciones operativas, los patrones de desgaste y los requisitos de rendimiento para recomendar mejoras de dise\u00f1o o estrategias de mantenimiento que reduzcan futuras fallas.<\/p>\n<p data-start=\"5219\" data-end=\"5297\">Obtenga m\u00e1s informaci\u00f3n sobre el proceso Sentrimax en<br data-start=\"5260\" data-end=\"5263\" \/><a class=\"decorated-link\" href=\"https:\/\/sentrimax.com\/es\/our-process\/?utm_source=chatgpt.com\" target=\"_new\" rel=\"noopener\" data-start=\"5263\" data-end=\"5297\">https:\/\/sentrimax.com\/our-process\/<\/a><\/p>\n<hr data-start=\"5299\" data-end=\"5302\" \/>\n<h2 data-start=\"5304\" data-end=\"5357\"><strong data-start=\"5307\" data-end=\"5357\">Apoyo a las operaciones de centr\u00edfuga en Detroit, MI<\/strong><\/h2>\n<p data-start=\"5359\" data-end=\"5668\">Detroit, MI, es un importante centro de manufactura, infraestructura municipal y procesamiento industrial, donde las centr\u00edfugas Alfa Laval y Flottweg desempe\u00f1an un papel fundamental. Sentrimax brinda soporte a instalaciones en toda el \u00e1rea metropolitana de Detroit con servicios de reparaci\u00f3n \u00e1giles y adaptados a entornos operativos exigentes.<\/p>\n<p data-start=\"5670\" data-end=\"5852\">Con experiencia atendiendo a clientes en todo Estados Unidos y Canad\u00e1, Sentrimax comprende la importancia de tiempos de respuesta confiables, comunicaci\u00f3n clara y ejecuci\u00f3n experta.<\/p>\n<p data-start=\"5854\" data-end=\"6040\">Las industrias apoyadas incluyen el tratamiento de aguas residuales municipales, la fabricaci\u00f3n industrial, el petr\u00f3leo y el gas, el procesamiento de alimentos y bebidas y la producci\u00f3n de energ\u00eda.<br data-start=\"6004\" data-end=\"6007\" \/><a class=\"decorated-link\" href=\"https:\/\/sentrimax.com\/es\/industries\/?utm_source=chatgpt.com\" target=\"_new\" rel=\"noopener\" data-start=\"6007\" data-end=\"6040\">https:\/\/sentrimax.com\/industries\/<\/a><\/p>\n<hr data-start=\"6042\" data-end=\"6045\" \/>\n<h2 data-start=\"6047\" data-end=\"6096\"><strong data-start=\"6050\" data-end=\"6096\">Mantenimiento preventivo y soporte durante el ciclo de vida<\/strong><\/h2>\n<p data-start=\"6098\" data-end=\"6381\">Adem\u00e1s de la reparaci\u00f3n de centr\u00edfugas, Sentrimax ofrece programas de mantenimiento preventivo y soporte durante todo el ciclo de vida dise\u00f1ados para reducir las fallas inesperadas. Las inspecciones de rutina, el monitoreo de vibraciones y el reemplazo planificado de componentes ayudan a estabilizar el rendimiento del equipo y prolongar su vida \u00fatil.<\/p>\n<p data-start=\"6383\" data-end=\"6537\">Sentrimax tambi\u00e9n ofrece reconstrucciones de centr\u00edfugas, alquileres y asesoramiento t\u00e9cnico para instalaciones que gestionan equipos antiguos o demandas de procesamiento en aumento.<\/p>\n<p data-start=\"6539\" data-end=\"6666\">Puede encontrar informaci\u00f3n adicional sobre la confiabilidad de los equipos industriales y el soporte de infraestructura en<br data-start=\"6640\" data-end=\"6643\" \/><a class=\"decorated-link\" href=\"https:\/\/www.energy.gov\/\" target=\"_new\" rel=\"noopener\" data-start=\"6643\" data-end=\"6666\">https:\/\/www.energy.gov\/<\/a><\/p>\n<hr data-start=\"6668\" data-end=\"6671\" \/>\n<h2 data-start=\"6673\" data-end=\"6741\"><strong data-start=\"6676\" data-end=\"6741\">Un socio de confianza para la reparaci\u00f3n de centr\u00edfugas Alfa Laval y Flottweg<\/strong><\/h2>\n<p data-start=\"6743\" data-end=\"7016\">Sentrimax combina experiencia t\u00e9cnica, procesos con certificaci\u00f3n ISO y un profundo conocimiento del sector para ofrecer reparaciones confiables de centr\u00edfugas Alfa Laval y Flottweg en Detroit, MI. Cada reparaci\u00f3n se realiza priorizando la seguridad, la precisi\u00f3n y el rendimiento operativo a largo plazo.<\/p>\n<hr data-start=\"7018\" data-end=\"7021\" \/>\n<h2 data-start=\"7023\" data-end=\"7069\"><strong data-start=\"7026\" data-end=\"7069\">Solicite hoy mismo asistencia para la reparaci\u00f3n de centr\u00edfugas<\/strong><\/h2>\n<p data-start=\"7071\" data-end=\"7282\">Cuando el rendimiento de las centr\u00edfugas Alfa Laval o Flottweg sea crucial para su operaci\u00f3n, Sentrimax est\u00e1 listo para ayudarle. Hable con un miembro experimentado del equipo para hablar sobre las necesidades de reparaci\u00f3n, los plazos y los requisitos t\u00e9cnicos.<\/p>\n<p data-start=\"7284\" data-end=\"7338\" data-is-last-node=\"\" data-is-only-node=\"\"><strong data-start=\"7284\" data-end=\"7338\" data-is-last-node=\"\"><a class=\"decorated-link\" href=\"https:\/\/sentrimax.com\/es\/contact\/\" target=\"_new\" rel=\"noopener\" data-start=\"7286\" data-end=\"7336\">\u00a1Solicita una cotizaci\u00f3n!<\/a><\/strong><\/p>","protected":false},"excerpt":{"rendered":"<p>Sentrimax provides professional Alfa Laval &amp; Flottweg centrifuge repair in Detroit MI, supporting municipal, industrial, and energy-sector operations that rely on high-performance separation equipment. With decades of experience servicing complex centrifuge systems across North America, Sentrimax delivers expert repair solutions designed to restore reliability, improve efficiency, and extend equipment life. Centrifuges manufactured by Alfa Laval [&hellip;]<\/p>\n","protected":false},"author":3,"featured_media":0,"parent":0,"menu_order":0,"comment_status":"closed","ping_status":"closed","template":"seo-page-template.php","meta":{"_acf_changed":false,"inline_featured_image":false,"footnotes":""},"class_list":["post-2352","page","type-page","status-publish","hentry"],"acf":[],"_links":{"self":[{"href":"https:\/\/sentrimax.com\/es\/wp-json\/wp\/v2\/pages\/2352","targetHints":{"allow":["GET"]}}],"collection":[{"href":"https:\/\/sentrimax.com\/es\/wp-json\/wp\/v2\/pages"}],"about":[{"href":"https:\/\/sentrimax.com\/es\/wp-json\/wp\/v2\/types\/page"}],"author":[{"embeddable":true,"href":"https:\/\/sentrimax.com\/es\/wp-json\/wp\/v2\/users\/3"}],"replies":[{"embeddable":true,"href":"https:\/\/sentrimax.com\/es\/wp-json\/wp\/v2\/comments?post=2352"}],"version-history":[{"count":1,"href":"https:\/\/sentrimax.com\/es\/wp-json\/wp\/v2\/pages\/2352\/revisions"}],"predecessor-version":[{"id":2475,"href":"https:\/\/sentrimax.com\/es\/wp-json\/wp\/v2\/pages\/2352\/revisions\/2475"}],"wp:attachment":[{"href":"https:\/\/sentrimax.com\/es\/wp-json\/wp\/v2\/media?parent=2352"}],"curies":[{"name":"wp","href":"https:\/\/api.w.org\/{rel}","templated":true}]}}