{"id":2240,"date":"2025-11-26T09:49:05","date_gmt":"2025-11-26T09:49:05","guid":{"rendered":"https:\/\/sentrimax.com\/?page_id=2240"},"modified":"2026-04-17T16:36:58","modified_gmt":"2026-04-17T16:36:58","slug":"terms-conditions-legal","status":"publish","type":"page","link":"https:\/\/sentrimax.com\/fr\/terms-conditions-legal\/","title":{"rendered":"Conditions g\u00e9n\u00e9rales et mentions l\u00e9gales"},"content":{"rendered":"<div data-elementor-type=\"wp-page\" data-elementor-id=\"2240\" class=\"elementor elementor-2240\" data-elementor-post-type=\"page\">\n\t\t\t\t<div class=\"elementor-element elementor-element-f105e44 p-20 e-flex e-con-boxed e-con e-parent\" data-id=\"f105e44\" data-element_type=\"container\" data-e-type=\"container\" data-settings=\"{&quot;background_background&quot;:&quot;classic&quot;}\">\n\t\t\t\t\t<div class=\"e-con-inner\">\n\t\t\t\t<div class=\"elementor-element elementor-element-263dc4c elementor-icon-list--layout-inline elementor-align-center elementor-list-item-link-full_width elementor-widget elementor-widget-icon-list\" data-id=\"263dc4c\" data-element_type=\"widget\" data-e-type=\"widget\" data-widget_type=\"icon-list.default\">\n\t\t\t\t<div class=\"elementor-widget-container\">\n\t\t\t\t\t\t\t<ul class=\"elementor-icon-list-items elementor-inline-items\">\n\t\t\t\t\t\t\t<li class=\"elementor-icon-list-item elementor-inline-item\">\n\t\t\t\t\t\t\t\t\t\t\t<a href=\"https:\/\/sentrimax.com\/fr\">\n\n\t\t\t\t\t\t\t\t\t\t\t<span class=\"elementor-icon-list-text\">Maison<\/span>\n\t\t\t\t\t\t\t\t\t\t\t<\/a>\n\t\t\t\t\t\t\t\t\t<\/li>\n\t\t\t\t\t\t\t\t<li class=\"elementor-icon-list-item elementor-inline-item\">\n\t\t\t\t\t\t\t\t\t\t\t<span class=\"elementor-icon-list-icon\">\n\t\t\t\t\t\t\t<svg xmlns=\"http:\/\/www.w3.org\/2000\/svg\" width=\"8\" height=\"15\" viewbox=\"0 0 8 15\" fill=\"none\"><path d=\"M0.75 1.25L7.25 6.75L0.75 13.75\" stroke=\"white\"><\/path><\/svg>\t\t\t\t\t\t<\/span>\n\t\t\t\t\t\t\t\t\t\t<span class=\"elementor-icon-list-text\">Conditions g\u00e9n\u00e9rales et mentions l\u00e9gales<\/span>\n\t\t\t\t\t\t\t\t\t<\/li>\n\t\t\t\t\t\t<\/ul>\n\t\t\t\t\t\t<\/div>\n\t\t\t\t<\/div>\n\t\t\t\t\t<\/div>\n\t\t\t\t<\/div>\n\t\t<div class=\"elementor-element elementor-element-91e4880 e-flex e-con-boxed e-con e-parent\" data-id=\"91e4880\" data-element_type=\"container\" data-e-type=\"container\">\n\t\t\t\t\t<div class=\"e-con-inner\">\n\t\t\t\t<div class=\"elementor-element elementor-element-a3a42cb elementor-widget elementor-widget-text-editor\" data-id=\"a3a42cb\" data-element_type=\"widget\" data-e-type=\"widget\" data-widget_type=\"text-editor.default\">\n\t\t\t\t<div class=\"elementor-widget-container\">\n\t\t\t\t\t\t\t\t\t<h4><b>Conditions g\u00e9n\u00e9rales<\/b><\/h4><p>En acc\u00e9dant \u00e0 ce site web, vous acceptez que Sentrimax Centrifuges (\u00ab\u00a0Sentrimax\u00a0\u00bb) fournisse les informations au mieux de ses capacit\u00e9s. L\u2019ensemble du contenu, y compris les descriptions de services, les d\u00e9tails des produits et les informations techniques, est donn\u00e9 \u00e0 titre indicatif et peut \u00eatre modifi\u00e9 sans pr\u00e9avis. Aucun \u00e9l\u00e9ment de ce site ne constitue une offre, une garantie ou une sp\u00e9cification technique contractuelle.<\/p><p>Sentrimax d\u00e9cline toute responsabilit\u00e9 en cas de perte ou de dommage r\u00e9sultant de l&#039;utilisation de ce site ou des informations qu&#039;il contient. Tous les devis, contrats de location, travaux de r\u00e9paration et ventes de mat\u00e9riel sont soumis \u00e0 des conditions g\u00e9n\u00e9rales distinctes, conclues par \u00e9crit entre Sentrimax et le client. Toute utilisation non autoris\u00e9e du site ou toute perturbation de son fonctionnement est interdite.<\/p><ul><li><a href=\"https:\/\/sentrimax.com\/wp-content\/uploads\/2026\/04\/Sentrimax-Rental-TC_US-04.15.2026.pdf\">United States &#8211; Rental Terms &amp; Condtions<\/a><\/li><li><a href=\"https:\/\/sentrimax.com\/wp-content\/uploads\/2026\/04\/Sentrimax-Rental-TC_CAN-04.15.2026.pdf\">Canada &#8211; Rental Terms &amp; Condtions<\/a><\/li><\/ul><p>Si vous n&#039;acceptez pas ces conditions, veuillez cesser d&#039;utiliser le site.<\/p><h4><b>politique de confidentialit\u00e9<\/b><\/h4><p>Sentrimax ne collecte que les informations n\u00e9cessaires pour r\u00e9pondre aux demandes d&#039;information, traiter les demandes de service et am\u00e9liorer le fonctionnement du site web. Ces informations peuvent inclure les coordonn\u00e9es de l&#039;entreprise, les caract\u00e9ristiques du mat\u00e9riel et les statistiques d&#039;utilisation du site.<\/p><p>Nous ne vendons pas vos renseignements personnels ni professionnels. Vos donn\u00e9es peuvent \u00eatre partag\u00e9es avec des fournisseurs de services de confiance (p. ex., h\u00e9bergement, analyse, CRM) uniquement pour soutenir nos activit\u00e9s. Vos renseignements peuvent \u00eatre stock\u00e9s ou trait\u00e9s au Canada ou aux \u00c9tats-Unis.<\/p><p>En utilisant ce site, vous consentez \u00e0 la collecte et \u00e0 l&#039;utilisation de vos informations conform\u00e9ment \u00e0 la description ci-dessus. Pour toute demande de rectification ou de suppression, veuillez nous contacter directement.<\/p><h4><b>Droits d&#039;auteur<\/b><\/h4><p>Sauf indication contraire, l&#039;ensemble du contenu de ce site web (textes, images, graphismes, designs, vid\u00e9os et informations techniques) est la propri\u00e9t\u00e9 de Sentrimax Centrifuges. Toute reproduction, distribution ou modification non autoris\u00e9e est interdite.<\/p><p>Vous pouvez consulter et t\u00e9l\u00e9charger les documents uniquement pour votre usage interne professionnel dans le cadre de l&#039;\u00e9valuation des services de Sentrimax. Toute autre utilisation n\u00e9cessite une autorisation \u00e9crite pr\u00e9alable.<\/p>\t\t\t\t\t\t\t\t<\/div>\n\t\t\t\t<\/div>\n\t\t\t\t\t<\/div>\n\t\t\t\t<\/div>\n\t\t\t\t<\/div>","protected":false},"excerpt":{"rendered":"<p>Home Terms, Conditions &amp; Legal Terms &amp; Conditions By accessing this website, you agree that Sentrimax Centrifuges (\u201cSentrimax\u201d) provides information on a best-efforts basis only. All content\u2014including service descriptions, product details, and technical information\u2014is for general guidance and may change without notice. Nothing on this site constitutes a binding offer, warranty, or technical specification. Sentrimax [&hellip;]<\/p>\n","protected":false},"author":1,"featured_media":0,"parent":0,"menu_order":0,"comment_status":"closed","ping_status":"closed","template":"","meta":{"_acf_changed":false,"inline_featured_image":false,"footnotes":""},"class_list":["post-2240","page","type-page","status-publish","hentry"],"acf":[],"_links":{"self":[{"href":"https:\/\/sentrimax.com\/fr\/wp-json\/wp\/v2\/pages\/2240","targetHints":{"allow":["GET"]}}],"collection":[{"href":"https:\/\/sentrimax.com\/fr\/wp-json\/wp\/v2\/pages"}],"about":[{"href":"https:\/\/sentrimax.com\/fr\/wp-json\/wp\/v2\/types\/page"}],"author":[{"embeddable":true,"href":"https:\/\/sentrimax.com\/fr\/wp-json\/wp\/v2\/users\/1"}],"replies":[{"embeddable":true,"href":"https:\/\/sentrimax.com\/fr\/wp-json\/wp\/v2\/comments?post=2240"}],"version-history":[{"count":9,"href":"https:\/\/sentrimax.com\/fr\/wp-json\/wp\/v2\/pages\/2240\/revisions"}],"predecessor-version":[{"id":2470,"href":"https:\/\/sentrimax.com\/fr\/wp-json\/wp\/v2\/pages\/2240\/revisions\/2470"}],"wp:attachment":[{"href":"https:\/\/sentrimax.com\/fr\/wp-json\/wp\/v2\/media?parent=2240"}],"curies":[{"name":"wp","href":"https:\/\/api.w.org\/{rel}","templated":true}]}}