{"id":2251,"date":"2026-01-06T21:42:26","date_gmt":"2026-01-06T21:42:26","guid":{"rendered":"https:\/\/sentrimax.com\/?page_id=2251"},"modified":"2026-04-21T21:18:50","modified_gmt":"2026-04-21T21:18:50","slug":"municipal-centrifuge-repair-services-in-chicago-il","status":"publish","type":"page","link":"https:\/\/sentrimax.com\/fr\/municipal-centrifuge-repair-services-in-chicago-il\/","title":{"rendered":"Services de r\u00e9paration de centrifugeuses municipales \u00e0 Chicago, Illinois"},"content":{"rendered":"<p data-start=\"526\" data-end=\"1087\"><img fetchpriority=\"high\" decoding=\"async\" class=\"aligncenter size-full wp-image-2173\" src=\"https:\/\/sentrimax.com\/wp-content\/uploads\/2025\/07\/c1a73b_f3521b6db4d34f23972aa5e5d7ed0489mv2.png\" alt=\"\" width=\"980\" height=\"551\" srcset=\"https:\/\/sentrimax.com\/wp-content\/uploads\/2025\/07\/c1a73b_f3521b6db4d34f23972aa5e5d7ed0489mv2.png 980w, https:\/\/sentrimax.com\/wp-content\/uploads\/2025\/07\/c1a73b_f3521b6db4d34f23972aa5e5d7ed0489mv2-300x169.png 300w, https:\/\/sentrimax.com\/wp-content\/uploads\/2025\/07\/c1a73b_f3521b6db4d34f23972aa5e5d7ed0489mv2-768x432.png 768w, https:\/\/sentrimax.com\/wp-content\/uploads\/2025\/07\/c1a73b_f3521b6db4d34f23972aa5e5d7ed0489mv2-18x10.png 18w, https:\/\/sentrimax.com\/wp-content\/uploads\/2025\/07\/c1a73b_f3521b6db4d34f23972aa5e5d7ed0489mv2-600x337.png 600w\" sizes=\"(max-width: 980px) 100vw, 980px\" \/><\/p>\n<p data-start=\"526\" data-end=\"1087\">Les stations d&#039;\u00e9puration des eaux us\u00e9es municipales de Chicago (Illinois) utilisent des centrifugeuses pour garantir la conformit\u00e9 r\u00e9glementaire, prot\u00e9ger la sant\u00e9 publique et assurer un traitement efficace des mati\u00e8res solides. Ces syst\u00e8mes fonctionnent dans des conditions exigeantes et sont essentiels au bon fonctionnement quotidien des stations. En cas d&#039;usure, de d\u00e9s\u00e9quilibre ou de panne m\u00e9canique, les performances et la conformit\u00e9 du traitement peuvent \u00eatre compromises. Sentrimax propose des services professionnels de r\u00e9paration de centrifugeuses municipales \u00e0 Chicago (Illinois), offrant aux stations d&#039;\u00e9puration des solutions de r\u00e9paration fiables et pr\u00e9cises.<\/p>\n<p data-start=\"1089\" data-end=\"1411\">Forte de plusieurs d\u00e9cennies d&#039;exp\u00e9rience dans le traitement des eaux us\u00e9es municipales et industrielles, Sentrimax propose des services de r\u00e9paration et de maintenance con\u00e7us pour prolonger la dur\u00e9e de vie des \u00e9quipements, r\u00e9duire les temps d&#039;arr\u00eat et am\u00e9liorer l&#039;efficacit\u00e9 globale de l&#039;installation. Chaque projet est r\u00e9alis\u00e9 dans le respect de normes de qualit\u00e9 rigoureuses, avec une documentation compl\u00e8te et une transparence totale.<\/p>\n<hr data-start=\"1413\" data-end=\"1416\" \/>\n<h2 data-start=\"1418\" data-end=\"1477\">Soutien \u00e0 l&#039;infrastructure des eaux us\u00e9es municipales de Chicago<\/h2>\n<p data-start=\"1479\" data-end=\"1911\">Les stations d&#039;\u00e9puration de Chicago doivent se conformer \u00e0 des r\u00e9glementations environnementales f\u00e9d\u00e9rales et \u00e9tatiques strictes tout en g\u00e9rant d&#039;importants volumes de d\u00e9chets. Les centrifugeuses jouent un r\u00f4le essentiel dans la d\u00e9shydratation des boues et la s\u00e9paration des mati\u00e8res solides, ce qui influe directement sur l&#039;efficacit\u00e9 du traitement et les co\u00fbts d&#039;\u00e9limination. Des syst\u00e8mes de centrifugation correctement entretenus permettent aux stations d&#039;am\u00e9liorer leur d\u00e9bit, de r\u00e9duire les frais de transport et de respecter les limites de rejet autoris\u00e9es.<\/p>\n<p data-start=\"1913\" data-end=\"2173\">Sentrimax travaille en \u00e9troite collaboration avec les exploitants municipaux pour garantir le bon fonctionnement des centrifugeuses en continu. Gr\u00e2ce \u00e0 des inspections d\u00e9taill\u00e9es et des r\u00e9parations cibl\u00e9es, les installations b\u00e9n\u00e9ficient d&#039;un meilleur contr\u00f4le sur la planification de la maintenance et les performances op\u00e9rationnelles.<\/p>\n<hr data-start=\"2175\" data-end=\"2178\" \/>\n<h2 data-start=\"2180\" data-end=\"2243\">Processus de r\u00e9paration certifi\u00e9 ISO con\u00e7u pour une fiabilit\u00e9 municipale<\/h2>\n<p data-start=\"2245\" data-end=\"2532\">Sentrimax op\u00e8re selon un syst\u00e8me de gestion de la qualit\u00e9 certifi\u00e9 ISO 9001:2015, garantissant la coh\u00e9rence et la responsabilit\u00e9 de chaque projet de r\u00e9paration de centrifugeuses municipales. Chaque prestation suit un processus document\u00e9, depuis la r\u00e9ception du mat\u00e9riel jusqu&#039;aux tests finaux et \u00e0 la r\u00e9daction du rapport.<\/p>\n<p data-start=\"2534\" data-end=\"2896\">Le processus de r\u00e9paration comprend une inspection compl\u00e8te, une analyse d&#039;huile, une v\u00e9rification dimensionnelle et une \u00e9valuation de l&#039;\u00e9tat. Les r\u00e9sultats sont clairement communiqu\u00e9s afin que les d\u00e9cideurs municipaux comprennent l&#039;\u00e9tat de l&#039;\u00e9quipement et les prochaines \u00e9tapes recommand\u00e9es. Apprenez-en davantage sur cette approche structur\u00e9e sur le site web interne. <strong data-start=\"2837\" data-end=\"2890\"><a class=\"decorated-link\" href=\"https:\/\/sentrimax.com\/fr\/our-process\/?utm_source=chatgpt.com\" target=\"_new\" rel=\"noopener\" data-start=\"2839\" data-end=\"2888\">Notre processus<\/a><\/strong> page.<\/p>\n<hr data-start=\"2898\" data-end=\"2901\" \/>\n<h2 data-start=\"2903\" data-end=\"2956\">Services complets de r\u00e9paration de centrifugeuses municipales<\/h2>\n<h3 data-start=\"2958\" data-end=\"3001\"><strong data-start=\"2962\" data-end=\"3001\">R\u00e9novation et remise \u00e0 neuf compl\u00e8tes<\/strong><\/h3>\n<p data-start=\"3002\" data-end=\"3353\">Sentrimax effectue des r\u00e9visions compl\u00e8tes de centrifugeuses afin de remettre les \u00e9quipements en parfait \u00e9tat de fonctionnement. Ses services comprennent le d\u00e9montage complet, l&#039;inspection des composants, l&#039;usinage, le soudage, le remplacement des roulements, la pose de joints d&#039;\u00e9tanch\u00e9it\u00e9 et le remontage avec une grande pr\u00e9cision. Ces r\u00e9visions contribuent \u00e0 prolonger la dur\u00e9e de vie des \u00e9quipements et \u00e0 retarder les remplacements co\u00fbteux.<\/p>\n<h3 data-start=\"3355\" data-end=\"3390\"><strong data-start=\"3359\" data-end=\"3390\">\u00c9quilibrage dynamique de pr\u00e9cision<\/strong><\/h3>\n<p data-start=\"3391\" data-end=\"3700\">Un d\u00e9s\u00e9quilibre des composants d&#039;une centrifugeuse peut engendrer des vibrations, une usure pr\u00e9matur\u00e9e et une baisse d&#039;efficacit\u00e9. Sentrimax r\u00e9alise un \u00e9quilibrage dynamique sur trois plans conforme \u00e0 la norme ISO G 0.5, minimisant ainsi les vibrations et prot\u00e9geant les composants m\u00e9caniques critiques. Un \u00e9quilibrage optimal am\u00e9liore la fiabilit\u00e9 \u00e0 long terme et la stabilit\u00e9 de fonctionnement.<\/p>\n<h3 data-start=\"3702\" data-end=\"3749\"><strong data-start=\"3706\" data-end=\"3749\">R\u00e9paration de bo\u00eetes de vitesses et de composants m\u00e9caniques<\/strong><\/h3>\n<p data-start=\"3750\" data-end=\"4056\">Les r\u00e9ducteurs et les ensembles rotatifs des centrifugeuses sont soumis \u00e0 des couples \u00e9lev\u00e9s et \u00e0 des environnements d&#039;exploitation difficiles. Sentrimax propose des services complets d&#039;inspection, de remise en \u00e9tat et de r\u00e9paration des r\u00e9ducteurs afin de r\u00e9tablir leur int\u00e9grit\u00e9 m\u00e9canique et leurs performances. Ces interventions permettent de r\u00e9duire les pannes impr\u00e9vues et d&#039;assurer un fonctionnement continu de l&#039;installation.<\/p>\n<p data-start=\"4058\" data-end=\"4182\">Vous trouverez une pr\u00e9sentation compl\u00e8te des fonctionnalit\u00e9s disponibles sur le site interne. <strong data-start=\"4129\" data-end=\"4176\"><a class=\"decorated-link\" href=\"https:\/\/sentrimax.com\/fr\/services\/?utm_source=chatgpt.com\" target=\"_new\" rel=\"noopener\" data-start=\"4131\" data-end=\"4174\">Services<\/a><\/strong> page.<\/p>\n<hr data-start=\"4184\" data-end=\"4187\" \/>\n<h2 data-start=\"4189\" data-end=\"4235\">Solutions sur mesure pour les op\u00e9rations municipales<\/h2>\n<p data-start=\"4237\" data-end=\"4528\">Chaque station d&#039;\u00e9puration municipale fonctionne diff\u00e9remment. La composition des boues, les besoins en d\u00e9bit et les exigences r\u00e9glementaires varient consid\u00e9rablement d&#039;une station \u00e0 l&#039;autre dans la r\u00e9gion de Chicago. Sentrimax con\u00e7oit des solutions de r\u00e9paration adapt\u00e9es aux conditions d&#039;exploitation de chaque installation, plut\u00f4t que d&#039;appliquer des solutions standardis\u00e9es.<\/p>\n<p data-start=\"4530\" data-end=\"4754\">Des rapports clairs et une communication ouverte permettent aux gestionnaires municipaux de prendre des d\u00e9cisions \u00e9clair\u00e9es en mati\u00e8re d&#039;entretien. Cette approche personnalis\u00e9e favorise une meilleure budg\u00e9tisation, r\u00e9duit le nombre de r\u00e9parations d&#039;urgence et assure un fonctionnement plus pr\u00e9visible des \u00e9quipements.<\/p>\n<hr data-start=\"4756\" data-end=\"4759\" \/>\n<h2 data-start=\"4761\" data-end=\"4804\">R\u00e9duction des temps d&#039;arr\u00eat des installations de Chicago<\/h2>\n<p data-start=\"4806\" data-end=\"5123\">Les pannes impr\u00e9vues de centrifugeuses peuvent perturber les processus de traitement et mettre \u00e0 rude \u00e9preuve les ressources municipales. Sentrimax privil\u00e9gie des d\u00e9lais d&#039;intervention courts et une planification coordonn\u00e9e pour remettre rapidement les \u00e9quipements en service. Un service d&#039;assistance sur site et une communication r\u00e9active permettent de r\u00e9duire davantage les temps d&#039;arr\u00eat lors de r\u00e9parations urgentes.<\/p>\n<p data-start=\"5125\" data-end=\"5307\">En combinant une planification proactive de la maintenance avec une ex\u00e9cution experte des r\u00e9parations, Sentrimax aide les stations d&#039;\u00e9puration de Chicago \u00e0 maintenir un fonctionnement constant et \u00e0 \u00e9viter des interruptions co\u00fbteuses.<\/p>\n<hr data-start=\"5309\" data-end=\"5312\" \/>\n<h2 data-start=\"5314\" data-end=\"5364\">Conformit\u00e9, s\u00e9curit\u00e9 et meilleures pratiques de l&#039;industrie<\/h2>\n<p data-start=\"5366\" data-end=\"5870\">Les stations d&#039;\u00e9puration municipales doivent adapter les performances de leurs \u00e9quipements aux normes environnementales en constante \u00e9volution. Les recommandations de la <strong data-start=\"5498\" data-end=\"5597\"><a class=\"decorated-link cursor-pointer\" target=\"_new\" rel=\"noopener\" data-start=\"5500\" data-end=\"5595\">Agence am\u00e9ricaine de protection de l&#039;environnement<\/a><\/strong> souligne l&#039;importance d&#039;\u00e9quipements fiables de manutention des solides pour garantir la conformit\u00e9. Les organisations sectorielles telles que <strong data-start=\"5724\" data-end=\"5790\"><a class=\"decorated-link cursor-pointer\" target=\"_new\" rel=\"noopener\" data-start=\"5726\" data-end=\"5788\">F\u00e9d\u00e9ration pour l&#039;environnement de l&#039;eau<\/a><\/strong> soulignez \u00e9galement l&#039;importance de la maintenance proactive comme facteur cl\u00e9 de l&#039;efficacit\u00e9 op\u00e9rationnelle.<\/p>\n<p data-start=\"5872\" data-end=\"6066\">Les services de Sentrimax soutiennent ces bonnes pratiques en garantissant le fonctionnement des syst\u00e8mes de centrifugation conform\u00e9ment aux sp\u00e9cifications de conception, aidant ainsi les installations \u00e0 respecter les exigences de rejet et \u00e0 r\u00e9duire les risques environnementaux.<\/p>\n<hr data-start=\"6068\" data-end=\"6071\" \/>\n<h2 data-start=\"6073\" data-end=\"6107\">Assistance tout au long du cycle de vie au-del\u00e0 de la r\u00e9paration<\/h2>\n<p data-start=\"6109\" data-end=\"6475\">La r\u00e9paration des centrifugeuses municipales est optimis\u00e9e lorsqu&#039;elle s&#039;inscrit dans une planification \u00e0 long terme de leur cycle de vie. Sentrimax propose un accompagnement continu comprenant la surveillance de l&#039;\u00e9tat des \u00e9quipements, la documentation des performances et des recommandations de maintenance. Cette approche ax\u00e9e sur le cycle de vie aide les exploitants municipaux \u00e0 planifier les intervalles d&#039;entretien, \u00e0 g\u00e9rer leurs budgets et \u00e0 maximiser le retour sur investissement de leurs \u00e9quipements.<\/p>\n<p data-start=\"6477\" data-end=\"6625\">Des informations techniques suppl\u00e9mentaires et des conseils de maintenance sont disponibles via le service interne. <strong data-start=\"6567\" data-end=\"6616\"><a class=\"decorated-link cursor-pointer\" target=\"_new\" rel=\"noopener\" data-start=\"6569\" data-end=\"6614\">Ressources<\/a><\/strong> section.<\/p>\n<hr data-start=\"6627\" data-end=\"6630\" \/>\n<h2 data-start=\"6632\" data-end=\"6685\">Partenaire municipal de r\u00e9paration de centrifugeuses pour Chicago (Illinois)<\/h2>\n<p data-start=\"6687\" data-end=\"7004\">L&#039;infrastructure de traitement des eaux us\u00e9es de Chicago dessert quotidiennement des millions d&#039;habitants et d&#039;entreprises. Le bon fonctionnement des centrifugeuses est essentiel \u00e0 la protection de la sant\u00e9 publique et de l&#039;environnement. Sentrimax propose des services de r\u00e9paration de centrifugeuses municipales \u00e0 Chicago (Illinois), ax\u00e9s sur la qualit\u00e9, la pr\u00e9cision et la fiabilit\u00e9 \u00e0 long terme.<\/p>\n<p data-start=\"7006\" data-end=\"7161\">Des inspections d\u00e9taill\u00e9es aux r\u00e9parations de pr\u00e9cision en passant par un soutien continu, Sentrimax assure aux installations municipales une fiabilit\u00e9 optimale en mati\u00e8re de performance de leurs \u00e9quipements.<\/p>\n<hr data-start=\"7163\" data-end=\"7166\" \/>\n<h2 data-start=\"7168\" data-end=\"7189\">Passez \u00e0 l&#039;\u00e9tape suivante<\/h2>\n<p data-start=\"7191\" data-end=\"7397\">Un d\u00e9pannage rapide des centrifugeuses permet d&#039;\u00e9viter les urgences co\u00fbteuses et les interruptions d&#039;exploitation. Sentrimax est pr\u00eat \u00e0 apporter son expertise en mati\u00e8re de r\u00e9paration de centrifugeuses aux stations d&#039;\u00e9puration municipales de Chicago.<\/p>\n<p data-start=\"7399\" data-end=\"7453\"><strong data-start=\"7399\" data-end=\"7453\"><a class=\"decorated-link\" href=\"https:\/\/sentrimax.com\/fr\/contact\/\" target=\"_new\" rel=\"noopener\" data-start=\"7401\" data-end=\"7451\">Demandez un devis !<\/a><\/strong><\/p>\n<p data-start=\"7455\" data-end=\"7481\">","protected":false},"excerpt":{"rendered":"<p>Municipal wastewater treatment facilities in Chicago, IL rely on centrifuge systems to maintain regulatory compliance, protect public health, and ensure efficient solids handling. These systems operate in demanding conditions and are critical to daily plant operations. When centrifuges experience wear, imbalance, or mechanical failure, treatment performance and compliance can be compromised. Sentrimax provides professional municipal [&hellip;]<\/p>\n","protected":false},"author":3,"featured_media":0,"parent":0,"menu_order":0,"comment_status":"closed","ping_status":"closed","template":"seo-page-template.php","meta":{"_acf_changed":false,"inline_featured_image":false,"footnotes":""},"class_list":["post-2251","page","type-page","status-publish","hentry"],"acf":[],"_links":{"self":[{"href":"https:\/\/sentrimax.com\/fr\/wp-json\/wp\/v2\/pages\/2251","targetHints":{"allow":["GET"]}}],"collection":[{"href":"https:\/\/sentrimax.com\/fr\/wp-json\/wp\/v2\/pages"}],"about":[{"href":"https:\/\/sentrimax.com\/fr\/wp-json\/wp\/v2\/types\/page"}],"author":[{"embeddable":true,"href":"https:\/\/sentrimax.com\/fr\/wp-json\/wp\/v2\/users\/3"}],"replies":[{"embeddable":true,"href":"https:\/\/sentrimax.com\/fr\/wp-json\/wp\/v2\/comments?post=2251"}],"version-history":[{"count":1,"href":"https:\/\/sentrimax.com\/fr\/wp-json\/wp\/v2\/pages\/2251\/revisions"}],"predecessor-version":[{"id":2574,"href":"https:\/\/sentrimax.com\/fr\/wp-json\/wp\/v2\/pages\/2251\/revisions\/2574"}],"wp:attachment":[{"href":"https:\/\/sentrimax.com\/fr\/wp-json\/wp\/v2\/media?parent=2251"}],"curies":[{"name":"wp","href":"https:\/\/api.w.org\/{rel}","templated":true}]}}