{"id":2254,"date":"2026-01-06T21:53:37","date_gmt":"2026-01-06T21:53:37","guid":{"rendered":"https:\/\/sentrimax.com\/?page_id=2254"},"modified":"2026-01-07T18:34:05","modified_gmt":"2026-01-07T18:34:05","slug":"wastewater-treatment-centrifuge-repair-in-philadelphia-pa","status":"publish","type":"page","link":"https:\/\/sentrimax.com\/fr\/wastewater-treatment-centrifuge-repair-in-philadelphia-pa\/","title":{"rendered":"R\u00e9paration de centrifugeuses pour le traitement des eaux us\u00e9es \u00e0 Philadelphie, Pennsylvanie"},"content":{"rendered":"<p data-start=\"593\" data-end=\"1215\"><img fetchpriority=\"high\" decoding=\"async\" class=\"aligncenter size-full wp-image-1619\" src=\"https:\/\/sentrimax.com\/wp-content\/uploads\/2025\/07\/Pulp-Paper-1.png\" alt=\"\" width=\"1536\" height=\"1024\" srcset=\"https:\/\/sentrimax.com\/wp-content\/uploads\/2025\/07\/Pulp-Paper-1.png 1536w, https:\/\/sentrimax.com\/wp-content\/uploads\/2025\/07\/Pulp-Paper-1-300x200.png 300w, https:\/\/sentrimax.com\/wp-content\/uploads\/2025\/07\/Pulp-Paper-1-1024x683.png 1024w, https:\/\/sentrimax.com\/wp-content\/uploads\/2025\/07\/Pulp-Paper-1-768x512.png 768w, https:\/\/sentrimax.com\/wp-content\/uploads\/2025\/07\/Pulp-Paper-1-600x400.png 600w\" sizes=\"(max-width: 1536px) 100vw, 1536px\" \/><\/p>\n<p data-start=\"593\" data-end=\"1215\">Les stations d&#039;\u00e9puration de Philadelphie, en Pennsylvanie, d\u00e9pendent des centrifugeuses pour assurer une s\u00e9paration efficace des mati\u00e8res solides, respecter les r\u00e9glementations et garantir la continuit\u00e9 du traitement. Ces syst\u00e8mes fonctionnent dans des conditions exigeantes et jouent un r\u00f4le crucial dans la d\u00e9shydratation des boues et la gestion des biosolides. L&#039;usure, le d\u00e9s\u00e9quilibre ou une panne m\u00e9canique des centrifugeuses peuvent compromettre l&#039;efficacit\u00e9 du traitement et la conformit\u00e9 aux normes. Sentrimax propose des services professionnels de r\u00e9paration de centrifugeuses pour stations d&#039;\u00e9puration \u00e0 Philadelphie, en Pennsylvanie, permettant aux installations de r\u00e9tablir leurs performances et de prolonger la dur\u00e9e de vie de leurs \u00e9quipements critiques.<\/p>\n<p data-start=\"1217\" data-end=\"1543\">Forte de plusieurs d\u00e9cennies d&#039;exp\u00e9rience dans le traitement des eaux us\u00e9es municipales et industrielles, Sentrimax propose des services de r\u00e9paration de pr\u00e9cision con\u00e7us pour r\u00e9duire les temps d&#039;arr\u00eat, am\u00e9liorer la fiabilit\u00e9 et faciliter la planification op\u00e9rationnelle \u00e0 long terme. Chaque r\u00e9paration est effectu\u00e9e selon des proc\u00e9dures qualit\u00e9 document\u00e9es et une approche rigoureuse et transparente.<\/p>\n<hr data-start=\"1545\" data-end=\"1548\" \/>\n<h2 data-start=\"1550\" data-end=\"1614\">Soutien \u00e0 l&#039;infrastructure de traitement des eaux us\u00e9es de Philadelphie<\/h2>\n<p data-start=\"1616\" data-end=\"2040\">Les stations d&#039;\u00e9puration de Philadelphie desservent une population nombreuse et diversifi\u00e9e, tout en \u00e9tant soumises \u00e0 une r\u00e9glementation environnementale f\u00e9d\u00e9rale et \u00e9tatique stricte. Elles doivent g\u00e9rer des effluents de qualit\u00e9 variable, des exigences de conformit\u00e9 en constante \u00e9volution et des infrastructures vieillissantes. Les centrifugeuses sont essentielles \u00e0 la d\u00e9shydratation des boues et au traitement des mati\u00e8res solides, influen\u00e7ant directement l&#039;efficacit\u00e9 du traitement, les co\u00fbts de transport et l&#039;impact environnemental.<\/p>\n<p data-start=\"2042\" data-end=\"2346\">Sentrimax travaille en \u00e9troite collaboration avec les exploitants de stations d&#039;\u00e9puration de la r\u00e9gion de Philadelphie afin de garantir le bon fonctionnement des syst\u00e8mes de centrifugation en continu. Gr\u00e2ce \u00e0 des inspections d\u00e9taill\u00e9es et des r\u00e9parations cibl\u00e9es, les installations b\u00e9n\u00e9ficient d&#039;un meilleur contr\u00f4le sur la planification de la maintenance et la stabilit\u00e9 op\u00e9rationnelle.<\/p>\n<hr data-start=\"2348\" data-end=\"2351\" \/>\n<h2 data-start=\"2353\" data-end=\"2406\">Processus de r\u00e9paration certifi\u00e9 ISO, con\u00e7u pour la fiabilit\u00e9<\/h2>\n<p data-start=\"2408\" data-end=\"2697\">Sentrimax op\u00e8re selon un syst\u00e8me de gestion de la qualit\u00e9 certifi\u00e9 ISO 9001:2015, garantissant que chaque r\u00e9paration de centrifugeuse de traitement des eaux us\u00e9es suit un processus structur\u00e9 et reproductible. Ce syst\u00e8me met l&#039;accent sur la coh\u00e9rence, la documentation et la tra\u00e7abilit\u00e9, de la r\u00e9ception de l&#039;\u00e9quipement jusqu&#039;aux tests finaux.<\/p>\n<p data-start=\"2699\" data-end=\"3140\">Chaque r\u00e9paration d\u00e9bute par une inspection compl\u00e8te pouvant inclure une analyse d&#039;huile, une v\u00e9rification dimensionnelle et une \u00e9valuation de l&#039;\u00e9tat des composants. Les r\u00e9sultats sont clairement document\u00e9s et communiqu\u00e9s afin que les responsables des installations puissent prendre des d\u00e9cisions \u00e9clair\u00e9es concernant l&#039;\u00e9tendue des r\u00e9parations, leur planification et la gestion \u00e0 long terme des actifs. Des informations compl\u00e9mentaires sur cette m\u00e9thodologie sont disponibles sur le site interne. <strong data-start=\"3081\" data-end=\"3134\"><a class=\"decorated-link\" href=\"https:\/\/sentrimax.com\/fr\/our-process\/?utm_source=chatgpt.com\" target=\"_new\" rel=\"noopener\" data-start=\"3083\" data-end=\"3132\">Notre processus<\/a><\/strong> page.<\/p>\n<hr data-start=\"3142\" data-end=\"3145\" \/>\n<h2 data-start=\"3147\" data-end=\"3211\">Services complets de r\u00e9paration de centrifugeuses pour le traitement des eaux us\u00e9es<\/h2>\n<h3 data-start=\"3213\" data-end=\"3249\"><strong data-start=\"3217\" data-end=\"3249\">R\u00e9paration et r\u00e9vision compl\u00e8tes<\/strong><\/h3>\n<p data-start=\"3250\" data-end=\"3662\">Sentrimax propose des services complets de r\u00e9paration et de r\u00e9vision de centrifugeuses afin de remettre les \u00e9quipements en parfait \u00e9tat de fonctionnement. Ces services comprennent le d\u00e9montage complet, l&#039;inspection des pi\u00e8ces d&#039;usure, l&#039;usinage de pr\u00e9cision, le soudage, le remplacement des roulements, la pose de joints d&#039;\u00e9tanch\u00e9it\u00e9 et un remontage soign\u00e9 respectant des tol\u00e9rances strictes. Ces r\u00e9parations permettent aux stations d&#039;\u00e9puration de prolonger la dur\u00e9e de vie de leurs \u00e9quipements et de retarder les remplacements co\u00fbteux.<\/p>\n<h3 data-start=\"3664\" data-end=\"3699\"><strong data-start=\"3668\" data-end=\"3699\">\u00c9quilibrage dynamique de pr\u00e9cision<\/strong><\/h3>\n<p data-start=\"3700\" data-end=\"4077\">Le d\u00e9s\u00e9quilibre est une cause fr\u00e9quente de vibrations, d&#039;usure acc\u00e9l\u00e9r\u00e9e et de d\u00e9faillances m\u00e9caniques pr\u00e9matur\u00e9es dans les syst\u00e8mes de centrifugeuses. Sentrimax r\u00e9alise un \u00e9quilibrage dynamique avanc\u00e9 sur trois plans conforme \u00e0 la norme ISO G 0.5, r\u00e9duisant consid\u00e9rablement les vibrations et am\u00e9liorant la stabilit\u00e9 de fonctionnement. Un \u00e9quilibrage optimal prot\u00e8ge les roulements, les r\u00e9ducteurs et les ensembles rotatifs, tout en renfor\u00e7ant la fiabilit\u00e9 \u00e0 long terme.<\/p>\n<h3 data-start=\"4079\" data-end=\"4123\"><strong data-start=\"4083\" data-end=\"4123\">R\u00e9paration de bo\u00eetes de vitesses et d&#039;ensembles rotatifs<\/strong><\/h3>\n<p data-start=\"4124\" data-end=\"4455\">Les r\u00e9ducteurs et les composants rotatifs des centrifugeuses fonctionnent sous un couple \u00e9lev\u00e9 et dans des conditions de process difficiles. Sentrimax propose des services complets d&#039;inspection, de remise en \u00e9tat et de r\u00e9paration m\u00e9canique des r\u00e9ducteurs afin de r\u00e9tablir leurs performances et leur efficacit\u00e9. Ces services contribuent \u00e0 pr\u00e9venir les pannes inattendues et \u00e0 garantir la continuit\u00e9 des op\u00e9rations de traitement des eaux us\u00e9es.<\/p>\n<p data-start=\"4457\" data-end=\"4578\">Un aper\u00e7u complet des capacit\u00e9s de r\u00e9paration est disponible en interne. <strong data-start=\"4525\" data-end=\"4572\"><a class=\"decorated-link\" href=\"https:\/\/sentrimax.com\/fr\/services\/?utm_source=chatgpt.com\" target=\"_new\" rel=\"noopener\" data-start=\"4527\" data-end=\"4570\">Services<\/a><\/strong> page.<\/p>\n<hr data-start=\"4580\" data-end=\"4583\" \/>\n<h2 data-start=\"4585\" data-end=\"4638\">Solutions de r\u00e9paration sur mesure pour les \u00e9tablissements de traitement<\/h2>\n<p data-start=\"4640\" data-end=\"4986\">Aucune station d&#039;\u00e9puration ne fonctionne dans des conditions identiques. La composition des boues, les besoins en traitement et les exigences r\u00e9glementaires varient consid\u00e9rablement dans la r\u00e9gion de Philadelphie. Sentrimax con\u00e7oit des solutions de r\u00e9paration de centrifugeuses sur mesure, adapt\u00e9es \u00e0 l&#039;environnement d&#039;exploitation sp\u00e9cifique de chaque installation, plut\u00f4t que d&#039;appliquer des m\u00e9thodes de r\u00e9paration g\u00e9n\u00e9riques.<\/p>\n<p data-start=\"4988\" data-end=\"5264\">Une documentation claire et une communication transparente permettent aux op\u00e9rateurs de comprendre l&#039;\u00e9tat des \u00e9quipements et de planifier les interventions de maintenance de mani\u00e8re proactive. Cette approche personnalis\u00e9e favorise une meilleure pr\u00e9visibilit\u00e9 budg\u00e9taire, r\u00e9duit le nombre de r\u00e9parations d&#039;urgence et garantit des performances de traitement plus constantes.<\/p>\n<hr data-start=\"5266\" data-end=\"5269\" \/>\n<h2 data-start=\"5271\" data-end=\"5326\">Minimiser les temps d&#039;arr\u00eat dans les op\u00e9rations de traitement critiques<\/h2>\n<p data-start=\"5328\" data-end=\"5669\">Les pannes impr\u00e9vues de centrifugeuses peuvent perturber les processus de traitement des eaux us\u00e9es et mettre \u00e0 rude \u00e9preuve les ressources de l&#039;installation. Sentrimax privil\u00e9gie des d\u00e9lais d&#039;intervention rapides et une planification coordonn\u00e9e afin de remettre les \u00e9quipements en service au plus vite. Une communication r\u00e9active et une assistance sur site contribuent \u00e9galement \u00e0 minimiser les temps d&#039;arr\u00eat lors de r\u00e9parations urgentes.<\/p>\n<p data-start=\"5671\" data-end=\"5857\">En combinant une planification proactive de la maintenance avec une ex\u00e9cution experte des r\u00e9parations, Sentrimax assure des op\u00e9rations de traitement des eaux us\u00e9es fiables dans toute la r\u00e9gion de Philadelphie et les communaut\u00e9s environnantes.<\/p>\n<hr data-start=\"5859\" data-end=\"5862\" \/>\n<h2 data-start=\"5864\" data-end=\"5914\">Conformit\u00e9, s\u00e9curit\u00e9 et meilleures pratiques de l&#039;industrie<\/h2>\n<p data-start=\"5916\" data-end=\"6506\">Les stations d&#039;\u00e9puration doivent s&#039;assurer que les performances de leurs centrifugeuses sont conformes \u00e0 l&#039;\u00e9volution de la r\u00e9glementation environnementale. Consultez les recommandations de <strong data-start=\"6049\" data-end=\"6197\"><a class=\"decorated-link cursor-pointer\" target=\"_new\" rel=\"noopener\" data-start=\"6051\" data-end=\"6195\">Agence am\u00e9ricaine de protection de l&#039;environnement \u2013 Fiches d&#039;information sur les technologies de traitement des eaux us\u00e9es<\/a><\/strong> souligne l&#039;importance d&#039;\u00e9quipements de manutention des solides fiables pour le maintien de la conformit\u00e9. Ressources sectorielles de <strong data-start=\"6317\" data-end=\"6416\"><a class=\"decorated-link cursor-pointer\" target=\"_new\" rel=\"noopener\" data-start=\"6319\" data-end=\"6414\">F\u00e9d\u00e9ration pour l&#039;environnement de l&#039;eau \u2013 Ressources pour le traitement des eaux us\u00e9es<\/a><\/strong> soulignez \u00e9galement l&#039;importance de la maintenance proactive des \u00e9quipements comme facteur cl\u00e9 de l&#039;efficacit\u00e9 op\u00e9rationnelle.<\/p>\n<p data-start=\"6508\" data-end=\"6709\">Les services de r\u00e9paration de Sentrimax soutiennent ces bonnes pratiques en garantissant que les syst\u00e8mes de centrifugeuses fonctionnent conform\u00e9ment aux sp\u00e9cifications de conception, aidant ainsi les installations \u00e0 respecter les exigences de rejet et \u00e0 r\u00e9duire les risques environnementaux.<\/p>\n<hr data-start=\"6711\" data-end=\"6714\" \/>\n<h2 data-start=\"6716\" data-end=\"6750\">Assistance tout au long du cycle de vie au-del\u00e0 de la r\u00e9paration<\/h2>\n<p data-start=\"6752\" data-end=\"7146\">La r\u00e9paration efficace des centrifugeuses de traitement des eaux us\u00e9es est d&#039;autant plus avantageuse qu&#039;elle s&#039;inscrit dans une strat\u00e9gie globale de gestion du cycle de vie. Sentrimax propose un accompagnement continu comprenant la surveillance de l&#039;\u00e9tat des \u00e9quipements, la documentation des performances et des recommandations en mati\u00e8re de planification de la maintenance. Cette approche ax\u00e9e sur le cycle de vie permet aux installations d&#039;optimiser les intervalles d&#039;entretien, de ma\u00eetriser leurs budgets et de maximiser le retour sur investissement de leurs \u00e9quipements.<\/p>\n<p data-start=\"7148\" data-end=\"7296\">Des informations techniques suppl\u00e9mentaires et des conseils de maintenance sont disponibles via le service interne. <strong data-start=\"7238\" data-end=\"7287\"><a class=\"decorated-link cursor-pointer\" target=\"_new\" rel=\"noopener\" data-start=\"7240\" data-end=\"7285\">Ressources<\/a><\/strong> section.<\/p>\n<hr data-start=\"7298\" data-end=\"7301\" \/>\n<h2 data-start=\"7303\" data-end=\"7372\">Partenaire de r\u00e9paration de centrifugeuses pour le traitement des eaux us\u00e9es \u00e0 Philadelphie, Pennsylvanie<\/h2>\n<p data-start=\"7374\" data-end=\"7729\">Les stations d&#039;\u00e9puration de Philadelphie jouent un r\u00f4le crucial dans la protection de la sant\u00e9 publique et des cours d&#039;eau r\u00e9gionaux. Le bon fonctionnement des centrifugeuses est essentiel au maintien d&#039;un traitement continu. Sentrimax assure la r\u00e9paration des centrifugeuses de stations d&#039;\u00e9puration \u00e0 Philadelphie (Pennsylvanie) en privil\u00e9giant la qualit\u00e9, la pr\u00e9cision et la fiabilit\u00e9 \u00e0 long terme.<\/p>\n<p data-start=\"7731\" data-end=\"7893\">Des inspections d\u00e9taill\u00e9es aux r\u00e9parations de pr\u00e9cision en passant par un soutien continu tout au long du cycle de vie, Sentrimax offre aux \u00e9tablissements de traitement la certitude que leurs syst\u00e8mes de centrifugeuses sont op\u00e9rationnels.<\/p>\n<hr data-start=\"7895\" data-end=\"7898\" \/>\n<h2 data-start=\"7900\" data-end=\"7921\">Passez \u00e0 l&#039;\u00e9tape suivante<\/h2>\n<p data-start=\"7923\" data-end=\"8131\">Un d\u00e9pannage rapide des centrifugeuses permet d&#039;\u00e9viter des arr\u00eats de production co\u00fbteux et des perturbations op\u00e9rationnelles. Sentrimax est \u00e0 la disposition des stations d&#039;\u00e9puration de Philadelphie pour la r\u00e9paration de leurs centrifugeuses.<\/p>\n<p data-start=\"8133\" data-end=\"8187\"><strong data-start=\"8133\" data-end=\"8187\"><a class=\"decorated-link\" href=\"https:\/\/sentrimax.com\/fr\/contact\/\" target=\"_new\" rel=\"noopener\" data-start=\"8135\" data-end=\"8185\">Demandez un devis !<\/a><\/strong><\/p>","protected":false},"excerpt":{"rendered":"<p>Wastewater treatment facilities in Philadelphia, PA depend on centrifuge systems to maintain effective solids separation, support regulatory compliance, and ensure continuous treatment operations. These systems operate under demanding conditions and play a critical role in sludge dewatering and biosolids management. When centrifuges experience wear, imbalance, or mechanical failure, treatment efficiency and compliance can be compromised. [&hellip;]<\/p>\n","protected":false},"author":3,"featured_media":0,"parent":0,"menu_order":0,"comment_status":"closed","ping_status":"closed","template":"","meta":{"_acf_changed":false,"inline_featured_image":false,"footnotes":""},"class_list":["post-2254","page","type-page","status-publish","hentry"],"acf":[],"_links":{"self":[{"href":"https:\/\/sentrimax.com\/fr\/wp-json\/wp\/v2\/pages\/2254","targetHints":{"allow":["GET"]}}],"collection":[{"href":"https:\/\/sentrimax.com\/fr\/wp-json\/wp\/v2\/pages"}],"about":[{"href":"https:\/\/sentrimax.com\/fr\/wp-json\/wp\/v2\/types\/page"}],"author":[{"embeddable":true,"href":"https:\/\/sentrimax.com\/fr\/wp-json\/wp\/v2\/users\/3"}],"replies":[{"embeddable":true,"href":"https:\/\/sentrimax.com\/fr\/wp-json\/wp\/v2\/comments?post=2254"}],"version-history":[{"count":0,"href":"https:\/\/sentrimax.com\/fr\/wp-json\/wp\/v2\/pages\/2254\/revisions"}],"wp:attachment":[{"href":"https:\/\/sentrimax.com\/fr\/wp-json\/wp\/v2\/media?parent=2254"}],"curies":[{"name":"wp","href":"https:\/\/api.w.org\/{rel}","templated":true}]}}