{"id":2255,"date":"2026-01-06T21:56:31","date_gmt":"2026-01-06T21:56:31","guid":{"rendered":"https:\/\/sentrimax.com\/?page_id=2255"},"modified":"2026-04-21T21:18:48","modified_gmt":"2026-04-21T21:18:48","slug":"municipal-centrifuge-parts-service-in-charlotte-nc","status":"publish","type":"page","link":"https:\/\/sentrimax.com\/fr\/municipal-centrifuge-parts-service-in-charlotte-nc\/","title":{"rendered":"Pi\u00e8ces et service de centrifugeuses municipales \u00e0 Charlotte, Caroline du Nord"},"content":{"rendered":"<p data-start=\"680\" data-end=\"1289\"><img fetchpriority=\"high\" decoding=\"async\" class=\"aligncenter size-full wp-image-1618\" src=\"https:\/\/sentrimax.com\/wp-content\/uploads\/2025\/07\/Pharmaceuticals.png\" alt=\"\" width=\"1536\" height=\"1024\" srcset=\"https:\/\/sentrimax.com\/wp-content\/uploads\/2025\/07\/Pharmaceuticals.png 1536w, https:\/\/sentrimax.com\/wp-content\/uploads\/2025\/07\/Pharmaceuticals-300x200.png 300w, https:\/\/sentrimax.com\/wp-content\/uploads\/2025\/07\/Pharmaceuticals-1024x683.png 1024w, https:\/\/sentrimax.com\/wp-content\/uploads\/2025\/07\/Pharmaceuticals-768x512.png 768w, https:\/\/sentrimax.com\/wp-content\/uploads\/2025\/07\/Pharmaceuticals-600x400.png 600w\" sizes=\"(max-width: 1536px) 100vw, 1536px\" \/><\/p>\n<p data-start=\"680\" data-end=\"1289\">Les stations d&#039;\u00e9puration des eaux us\u00e9es municipales de Charlotte, en Caroline du Nord, utilisent des centrifugeuses pour la gestion des boues, le respect des r\u00e9glementations et le bon fonctionnement en continu. Ces syst\u00e8mes fonctionnent dans des conditions exigeantes, o\u00f9 la fiabilit\u00e9 des composants et la qualit\u00e9 du service ont un impact direct sur les performances de la station. L&#039;usure ou la d\u00e9faillance des pi\u00e8ces de centrifugeuse peut compromettre l&#039;efficacit\u00e9 op\u00e9rationnelle et la conformit\u00e9. Sentrimax fournit des pi\u00e8ces d\u00e9tach\u00e9es et un service apr\u00e8s-vente professionnels pour les centrifugeuses municipales \u00e0 Charlotte, en Caroline du Nord, et accompagne les stations d&#039;\u00e9puration avec des composants fiables, un service de pr\u00e9cision et un support technique tout au long de leur cycle de vie.<\/p>\n<p data-start=\"1291\" data-end=\"1646\">Forte de plusieurs d\u00e9cennies d&#039;exp\u00e9rience dans le domaine des infrastructures de traitement des eaux us\u00e9es municipales en Am\u00e9rique du Nord, Sentrimax fournit des pi\u00e8ces d\u00e9tach\u00e9es et des services de maintenance pour centrifugeuses, con\u00e7us pour r\u00e9duire les temps d&#039;arr\u00eat, prolonger la dur\u00e9e de vie des \u00e9quipements et am\u00e9liorer la pr\u00e9visibilit\u00e9 op\u00e9rationnelle. Chaque intervention est encadr\u00e9e par des processus qualit\u00e9 document\u00e9s et une approche rigoureuse de la fiabilit\u00e9.<\/p>\n<hr data-start=\"1648\" data-end=\"1651\" \/>\n<h2 data-start=\"1653\" data-end=\"1714\">Soutien \u00e0 l&#039;infrastructure municipale des eaux us\u00e9es de Charlotte<\/h2>\n<p data-start=\"1716\" data-end=\"2096\">Les stations d&#039;\u00e9puration de Charlotte desservent une population croissante tout en se conformant \u00e0 des r\u00e9glementations environnementales f\u00e9d\u00e9rales et \u00e9tatiques strictes. Elles doivent g\u00e9rer des caract\u00e9ristiques variables des eaux us\u00e9es \u00e0 l&#039;entr\u00e9e, des exigences de conformit\u00e9 en constante \u00e9volution et des infrastructures vieillissantes. Les centrifugeuses sont essentielles \u00e0 la d\u00e9shydratation des boues et au traitement des mati\u00e8res solides\u00a0; leur fiabilit\u00e9 est donc indispensable au bon fonctionnement quotidien des installations.<\/p>\n<p data-start=\"2098\" data-end=\"2409\">Sentrimax collabore \u00e9troitement avec les services municipaux de la r\u00e9gion de Charlotte afin de garantir la fiabilit\u00e9 et l&#039;efficacit\u00e9 des centrifugeuses. En fournissant des pi\u00e8ces de pr\u00e9cision et un service d&#039;assistance technique sp\u00e9cialis\u00e9, Sentrimax aide les installations \u00e0 assurer un fonctionnement continu et \u00e0 r\u00e9duire les risques de pannes impr\u00e9vues.<\/p>\n<hr data-start=\"2411\" data-end=\"2414\" \/>\n<h2 data-start=\"2416\" data-end=\"2464\">Pi\u00e8ces et service certifi\u00e9s ISO en qui vous pouvez avoir confiance<\/h2>\n<p data-start=\"2466\" data-end=\"2782\">Sentrimax op\u00e8re selon un syst\u00e8me de gestion de la qualit\u00e9 certifi\u00e9 ISO 9001:2015, garantissant que chaque intervention sur les centrifugeuses municipales et chaque commande de pi\u00e8ces d\u00e9tach\u00e9es suivent un processus structur\u00e9 et reproductible. De l&#039;approvisionnement et du contr\u00f4le des pi\u00e8ces \u00e0 l&#039;ex\u00e9cution de la prestation et aux tests finaux, le contr\u00f4le qualit\u00e9 et la documentation sont int\u00e9gr\u00e9s \u00e0 chaque \u00e9tape.<\/p>\n<p data-start=\"2784\" data-end=\"3198\">Chaque intervention commence par une \u00e9valuation approfondie de l&#039;\u00e9tat de la centrifugeuse et de l&#039;usure de ses composants. Les r\u00e9sultats sont document\u00e9s et communiqu\u00e9s clairement, permettant ainsi aux exploitants municipaux de prendre des d\u00e9cisions \u00e9clair\u00e9es concernant le remplacement des pi\u00e8ces, l&#039;\u00e9tendue de l&#039;intervention et la planification de la maintenance. Plus de d\u00e9tails sur cette m\u00e9thodologie structur\u00e9e sont disponibles sur notre site web interne. <strong data-start=\"3139\" data-end=\"3192\"><a class=\"decorated-link\" href=\"https:\/\/sentrimax.com\/fr\/our-process\/?utm_source=chatgpt.com\" target=\"_new\" rel=\"noopener\" data-start=\"3141\" data-end=\"3190\">Notre processus<\/a><\/strong> page.<\/p>\n<hr data-start=\"3200\" data-end=\"3203\" \/>\n<h2 data-start=\"3205\" data-end=\"3241\">Fourniture de pi\u00e8ces d\u00e9tach\u00e9es pour centrifugeuses municipales<\/h2>\n<h3 data-start=\"3243\" data-end=\"3283\"><strong data-start=\"3247\" data-end=\"3283\">Composants de remplacement de pr\u00e9cision<\/strong><\/h3>\n<p data-start=\"3284\" data-end=\"3590\">Sentrimax fournit des pi\u00e8ces de centrifugeuse de haute qualit\u00e9, con\u00e7ues pour respecter, voire d\u00e9passer, les sp\u00e9cifications des \u00e9quipements d&#039;origine. Ces composants sont con\u00e7us pour fonctionner de mani\u00e8re fiable dans les conditions exigeantes du traitement des eaux us\u00e9es municipales, contribuant ainsi \u00e0 maintenir des performances constantes et \u00e0 prolonger la dur\u00e9e de vie des \u00e9quipements.<\/p>\n<h3 data-start=\"3592\" data-end=\"3631\"><strong data-start=\"3596\" data-end=\"3631\">Roulements, joints d&#039;\u00e9tanch\u00e9it\u00e9 et pi\u00e8ces d&#039;usure<\/strong><\/h3>\n<p data-start=\"3632\" data-end=\"3927\">Les roulements, joints et autres pi\u00e8ces d&#039;usure des centrifugeuses sont soumis \u00e0 des contraintes et \u00e0 une abrasion constantes. Sentrimax fournit des pi\u00e8ces de rechange adapt\u00e9es pour garantir un montage correct, des performances optimales et une longue dur\u00e9e de vie. Le remplacement opportun de ces composants permet de pr\u00e9venir les dommages secondaires et les arr\u00eats de production impr\u00e9vus.<\/p>\n<h3 data-start=\"3929\" data-end=\"3970\"><strong data-start=\"3933\" data-end=\"3970\">Bo\u00eete de vitesses et composants m\u00e9caniques<\/strong><\/h3>\n<p data-start=\"3971\" data-end=\"4219\">Les r\u00e9ducteurs et les ensembles rotatifs des centrifugeuses municipales fonctionnent sous un couple \u00e9lev\u00e9 et dans des conditions difficiles. Sentrimax fournit et assure le support des composants m\u00e9caniques critiques afin de r\u00e9tablir la fiabilit\u00e9 et l&#039;efficacit\u00e9, r\u00e9duisant ainsi le risque de pannes co\u00fbteuses.<\/p>\n<hr data-start=\"4221\" data-end=\"4224\" \/>\n<h2 data-start=\"4226\" data-end=\"4284\">Capacit\u00e9s compl\u00e8tes de service de centrifugeuse municipale<\/h2>\n<h3 data-start=\"4286\" data-end=\"4327\"><strong data-start=\"4290\" data-end=\"4327\">Inspection et service pr\u00e9ventif<\/strong><\/h3>\n<p data-start=\"4328\" data-end=\"4583\">L&#039;inspection r\u00e9guli\u00e8re et la maintenance pr\u00e9ventive permettent aux installations municipales de d\u00e9tecter rapidement les probl\u00e8mes et d&#039;\u00e9viter les pannes impr\u00e9vues. Sentrimax propose des inspections d\u00e9taill\u00e9es, des \u00e9valuations de l&#039;\u00e9tat des \u00e9quipements et des recommandations de service pour faciliter la planification proactive de la maintenance.<\/p>\n<h3 data-start=\"4585\" data-end=\"4617\"><strong data-start=\"4589\" data-end=\"4617\">R\u00e9paration et remise \u00e0 neuf<\/strong><\/h3>\n<p data-start=\"4618\" data-end=\"4914\">Lorsque les composants d&#039;une centrifugeuse sont us\u00e9s ou endommag\u00e9s, Sentrimax propose des services de r\u00e9paration et de remise \u00e0 neuf de pr\u00e9cision. Ces services comprennent le d\u00e9montage, l&#039;inspection, l&#039;usinage, le soudage, le remplacement des composants et le remontage avec une grande pr\u00e9cision, permettant ainsi de r\u00e9tablir le fonctionnement optimal de l&#039;\u00e9quipement.<\/p>\n<h3 data-start=\"4916\" data-end=\"4965\"><strong data-start=\"4920\" data-end=\"4965\">\u00c9quilibrage dynamique et tests de performance<\/strong><\/h3>\n<p data-start=\"4966\" data-end=\"5181\">Un d\u00e9s\u00e9quilibre peut engendrer des vibrations, une usure acc\u00e9l\u00e9r\u00e9e et une r\u00e9duction du rendement de la centrifugeuse. Sentrimax r\u00e9alise des \u00e9quilibrages dynamiques et des tests de performance avanc\u00e9s afin de garantir un fonctionnement optimal et de prot\u00e9ger les composants critiques.<\/p>\n<p data-start=\"5183\" data-end=\"5311\">Vous trouverez un aper\u00e7u des services disponibles sur le site interne. <strong data-start=\"5258\" data-end=\"5305\"><a class=\"decorated-link\" href=\"https:\/\/sentrimax.com\/fr\/services\/?utm_source=chatgpt.com\" target=\"_new\" rel=\"noopener\" data-start=\"5260\" data-end=\"5303\">Services<\/a><\/strong> page.<\/p>\n<hr data-start=\"5313\" data-end=\"5316\" \/>\n<h2 data-start=\"5318\" data-end=\"5364\">Solutions sur mesure pour les op\u00e9rations municipales<\/h2>\n<p data-start=\"5366\" data-end=\"5706\">Aucune station d&#039;\u00e9puration municipale ne fonctionne dans des conditions identiques. La composition des boues, les exigences de d\u00e9bit et les obligations r\u00e9glementaires varient d&#039;une station \u00e0 l&#039;autre dans la r\u00e9gion de Charlotte. Sentrimax con\u00e7oit des pi\u00e8ces et des services sur mesure, adapt\u00e9s \u00e0 l&#039;environnement d&#039;exploitation sp\u00e9cifique de chaque station, plut\u00f4t que d&#039;appliquer des solutions g\u00e9n\u00e9riques.<\/p>\n<p data-start=\"5708\" data-end=\"5955\">Une documentation claire et une communication transparente permettent aux gestionnaires municipaux de planifier les activit\u00e9s d&#039;entretien, de g\u00e9rer les budgets et de r\u00e9duire les r\u00e9parations d&#039;urgence. Cette approche personnalis\u00e9e favorise la fiabilit\u00e9 \u00e0 long terme et une meilleure pr\u00e9visibilit\u00e9 op\u00e9rationnelle.<\/p>\n<hr data-start=\"5957\" data-end=\"5960\" \/>\n<h2 data-start=\"5962\" data-end=\"6009\">Minimiser les temps d&#039;arr\u00eat des installations de Charlotte<\/h2>\n<p data-start=\"6011\" data-end=\"6368\">Les arr\u00eats impr\u00e9vus des centrifugeuses peuvent perturber les processus de traitement des eaux us\u00e9es et mettre \u00e0 rude \u00e9preuve les ressources municipales. Sentrimax privil\u00e9gie la disponibilit\u00e9 rapide des pi\u00e8ces d\u00e9tach\u00e9es, la planification coordonn\u00e9e des interventions et une communication r\u00e9active afin de minimiser les temps d&#039;arr\u00eat des \u00e9quipements. L&#039;assistance sur site et l&#039;expertise technique permettent aux installations de remettre leurs syst\u00e8mes en service rapidement et en toute s\u00e9curit\u00e9.<\/p>\n<p data-start=\"6370\" data-end=\"6523\">En combinant une gestion proactive des pi\u00e8ces d\u00e9tach\u00e9es et une ex\u00e9cution experte des services, Sentrimax aide les stations d&#039;\u00e9puration de Charlotte \u00e0 maintenir un fonctionnement ininterrompu.<\/p>\n<hr data-start=\"6525\" data-end=\"6528\" \/>\n<h2 data-start=\"6530\" data-end=\"6580\">Conformit\u00e9, s\u00e9curit\u00e9 et meilleures pratiques de l&#039;industrie<\/h2>\n<p data-start=\"6582\" data-end=\"7151\">Les stations d&#039;\u00e9puration municipales doivent veiller \u00e0 ce que leurs syst\u00e8mes de centrifugation fonctionnent conform\u00e9ment \u00e0 la r\u00e9glementation environnementale et aux meilleures pratiques du secteur. (Voir les recommandations de la <strong data-start=\"6754\" data-end=\"6885\"><a class=\"decorated-link cursor-pointer\" target=\"_new\" rel=\"noopener\" data-start=\"6756\" data-end=\"6883\">Agence am\u00e9ricaine de protection de l&#039;environnement \u2013 Aper\u00e7u du traitement des eaux us\u00e9es<\/a><\/strong> souligne l&#039;importance d&#039;\u00e9quipements de manutention des solides fiables pour le maintien de la conformit\u00e9. Ressources sectorielles de <strong data-start=\"7005\" data-end=\"7071\"><a class=\"decorated-link cursor-pointer\" target=\"_new\" rel=\"noopener\" data-start=\"7007\" data-end=\"7069\">F\u00e9d\u00e9ration pour l&#039;environnement de l&#039;eau<\/a><\/strong> soulignent en outre l&#039;importance de la maintenance proactive et de la fiabilit\u00e9 des \u00e9quipements.<\/p>\n<p data-start=\"7153\" data-end=\"7359\">Les pi\u00e8ces et services Sentrimax soutiennent ces meilleures pratiques en aidant les installations \u00e0 maintenir les performances des centrifugeuses conform\u00e9ment aux sp\u00e9cifications de conception, r\u00e9duisant ainsi les risques environnementaux et les perturbations op\u00e9rationnelles.<\/p>\n<hr data-start=\"7361\" data-end=\"7364\" \/>\n<h2 data-start=\"7366\" data-end=\"7411\">Assistance tout au long du cycle de vie, au-del\u00e0 des pi\u00e8ces et des services<\/h2>\n<p data-start=\"7413\" data-end=\"7796\">L&#039;efficacit\u00e9 des pi\u00e8ces et de l&#039;entretien des centrifugeuses municipales est optimale lorsqu&#039;ils sont int\u00e9gr\u00e9s \u00e0 une strat\u00e9gie de cycle de vie \u00e0 long terme. Sentrimax propose un soutien continu comprenant la surveillance de l&#039;\u00e9tat des \u00e9quipements, la documentation des interventions et des recommandations pour la planification de la maintenance. Cette approche ax\u00e9e sur le cycle de vie permet aux installations d&#039;optimiser les intervalles d&#039;entretien, de ma\u00eetriser les co\u00fbts et de maximiser le retour sur investissement.<\/p>\n<p data-start=\"7798\" data-end=\"7946\">Des informations techniques suppl\u00e9mentaires et des conseils de maintenance sont disponibles via le service interne. <strong data-start=\"7888\" data-end=\"7937\"><a class=\"decorated-link cursor-pointer\" target=\"_new\" rel=\"noopener\" data-start=\"7890\" data-end=\"7935\">Ressources<\/a><\/strong> section.<\/p>\n<hr data-start=\"7948\" data-end=\"7951\" \/>\n<h2 data-start=\"7953\" data-end=\"8017\">Partenaire municipal de pi\u00e8ces et de services pour centrifugeuses \u00e0 Charlotte, en Caroline du Nord<\/h2>\n<p data-start=\"8019\" data-end=\"8382\">Les stations d&#039;\u00e9puration de Charlotte jouent un r\u00f4le essentiel dans la protection de la sant\u00e9 publique et des cours d&#039;eau locaux. Des composants de centrifugeuses fiables et un service d&#039;entretien performant sont indispensables au maintien d&#039;un fonctionnement continu. Sentrimax fournit des pi\u00e8ces d\u00e9tach\u00e9es et des services d&#039;entretien pour centrifugeuses municipales \u00e0 Charlotte (Caroline du Nord), en privil\u00e9giant la qualit\u00e9, la pr\u00e9cision et la fiabilit\u00e9 \u00e0 long terme.<\/p>\n<p data-start=\"8384\" data-end=\"8543\">Des composants de pr\u00e9cision \u00e0 un service expert et un soutien continu tout au long du cycle de vie, Sentrimax offre aux installations municipales la garantie d&#039;une fiabilit\u00e9 optimale de leurs syst\u00e8mes de centrifugation.<\/p>\n<hr data-start=\"8545\" data-end=\"8548\" \/>\n<h2 data-start=\"8550\" data-end=\"8571\">Passez \u00e0 l&#039;\u00e9tape suivante<\/h2>\n<p data-start=\"8573\" data-end=\"8806\">Une gestion proactive des pi\u00e8ces d\u00e9tach\u00e9es et un service professionnel permettent d&#039;\u00e9viter les arr\u00eats de production co\u00fbteux et les perturbations op\u00e9rationnelles. Sentrimax est pr\u00eat \u00e0 accompagner les stations d&#039;\u00e9puration municipales de Charlotte en leur fournissant des pi\u00e8ces d\u00e9tach\u00e9es et des services d&#039;entretien de qualit\u00e9 pour centrifugeuses.<\/p>\n<p data-start=\"8808\" data-end=\"8862\"><strong data-start=\"8808\" data-end=\"8862\"><a class=\"decorated-link\" href=\"https:\/\/sentrimax.com\/fr\/contact\/\" target=\"_new\" rel=\"noopener\" data-start=\"8810\" data-end=\"8860\">Demandez un devis !<\/a><\/strong><\/p>","protected":false},"excerpt":{"rendered":"<p>Municipal wastewater treatment facilities in Charlotte, NC rely on centrifuge systems to manage biosolids, maintain regulatory compliance, and support continuous treatment operations. These systems operate under demanding conditions, where component reliability and service quality directly impact plant performance. When centrifuge parts wear or fail, operational efficiency and compliance can be compromised. Sentrimax provides professional municipal [&hellip;]<\/p>\n","protected":false},"author":3,"featured_media":0,"parent":0,"menu_order":0,"comment_status":"closed","ping_status":"closed","template":"seo-page-template.php","meta":{"_acf_changed":false,"inline_featured_image":false,"footnotes":""},"class_list":["post-2255","page","type-page","status-publish","hentry"],"acf":[],"_links":{"self":[{"href":"https:\/\/sentrimax.com\/fr\/wp-json\/wp\/v2\/pages\/2255","targetHints":{"allow":["GET"]}}],"collection":[{"href":"https:\/\/sentrimax.com\/fr\/wp-json\/wp\/v2\/pages"}],"about":[{"href":"https:\/\/sentrimax.com\/fr\/wp-json\/wp\/v2\/types\/page"}],"author":[{"embeddable":true,"href":"https:\/\/sentrimax.com\/fr\/wp-json\/wp\/v2\/users\/3"}],"replies":[{"embeddable":true,"href":"https:\/\/sentrimax.com\/fr\/wp-json\/wp\/v2\/comments?post=2255"}],"version-history":[{"count":1,"href":"https:\/\/sentrimax.com\/fr\/wp-json\/wp\/v2\/pages\/2255\/revisions"}],"predecessor-version":[{"id":2570,"href":"https:\/\/sentrimax.com\/fr\/wp-json\/wp\/v2\/pages\/2255\/revisions\/2570"}],"wp:attachment":[{"href":"https:\/\/sentrimax.com\/fr\/wp-json\/wp\/v2\/media?parent=2255"}],"curies":[{"name":"wp","href":"https:\/\/api.w.org\/{rel}","templated":true}]}}