{"id":2256,"date":"2026-01-06T21:58:11","date_gmt":"2026-01-06T21:58:11","guid":{"rendered":"https:\/\/sentrimax.com\/?page_id=2256"},"modified":"2026-04-21T21:18:47","modified_gmt":"2026-04-21T21:18:47","slug":"wastewater-centrifuge-maintenance-in-tampa-fl","status":"publish","type":"page","link":"https:\/\/sentrimax.com\/fr\/wastewater-centrifuge-maintenance-in-tampa-fl\/","title":{"rendered":"Maintenance des centrifugeuses de traitement des eaux us\u00e9es \u00e0 Tampa, en Floride"},"content":{"rendered":"<p data-start=\"645\" data-end=\"1259\"><img fetchpriority=\"high\" decoding=\"async\" class=\"aligncenter size-full wp-image-1616\" src=\"https:\/\/sentrimax.com\/wp-content\/uploads\/2025\/07\/Municipal-wastewater-1.png\" alt=\"\" width=\"1536\" height=\"1024\" srcset=\"https:\/\/sentrimax.com\/wp-content\/uploads\/2025\/07\/Municipal-wastewater-1.png 1536w, https:\/\/sentrimax.com\/wp-content\/uploads\/2025\/07\/Municipal-wastewater-1-300x200.png 300w, https:\/\/sentrimax.com\/wp-content\/uploads\/2025\/07\/Municipal-wastewater-1-1024x683.png 1024w, https:\/\/sentrimax.com\/wp-content\/uploads\/2025\/07\/Municipal-wastewater-1-768x512.png 768w, https:\/\/sentrimax.com\/wp-content\/uploads\/2025\/07\/Municipal-wastewater-1-600x400.png 600w\" sizes=\"(max-width: 1536px) 100vw, 1536px\" \/><\/p>\n<p data-start=\"645\" data-end=\"1259\">Les stations d&#039;\u00e9puration de Tampa, en Floride, utilisent des centrifugeuses pour assurer une s\u00e9paration efficace des mati\u00e8res solides, se conformer aux r\u00e9glementations et garantir un fonctionnement continu. Ces syst\u00e8mes fonctionnent sans interruption dans des environnements difficiles, o\u00f9 une maintenance r\u00e9guli\u00e8re est essentielle \u00e0 leur fiabilit\u00e9 \u00e0 long terme. Sans maintenance ad\u00e9quate, les stations s&#039;exposent \u00e0 des temps d&#039;arr\u00eat plus longs, des co\u00fbts d&#039;exploitation plus \u00e9lev\u00e9s et un risque accru de pannes m\u00e9caniques. Sentrimax propose des services professionnels de maintenance de centrifugeuses pour le traitement des eaux us\u00e9es \u00e0 Tampa, en Floride, aidant ainsi les stations \u00e0 prot\u00e9ger leurs \u00e9quipements critiques et \u00e0 maintenir des performances optimales.<\/p>\n<p data-start=\"1261\" data-end=\"1608\">Forte de plusieurs d\u00e9cennies d&#039;exp\u00e9rience dans le traitement des eaux us\u00e9es municipales et industrielles, Sentrimax propose des solutions de maintenance structur\u00e9es con\u00e7ues pour prolonger la dur\u00e9e de vie des \u00e9quipements, am\u00e9liorer leur efficacit\u00e9 et r\u00e9duire les arr\u00eats impr\u00e9vus. Chaque programme de maintenance repose sur des processus document\u00e9s, une expertise technique pointue et un engagement constant envers la fiabilit\u00e9 op\u00e9rationnelle.<\/p>\n<hr data-start=\"1610\" data-end=\"1613\" \/>\n<h2 data-start=\"1615\" data-end=\"1668\">Soutien aux op\u00e9rations de traitement des eaux us\u00e9es de Tampa<\/h2>\n<p data-start=\"1670\" data-end=\"2049\">Les stations d&#039;\u00e9puration de la r\u00e9gion de Tampa desservent une population croissante tout en se conformant \u00e0 une r\u00e9glementation environnementale stricte. Elles doivent g\u00e9rer des volumes d&#039;effluents fluctuants, des caract\u00e9ristiques de boues variables et des exigences de conformit\u00e9 en constante \u00e9volution. Les centrifugeuses jouent un r\u00f4le central dans la d\u00e9shydratation des boues et le traitement des biosolides, ce qui rend leur fiabilit\u00e9 essentielle au bon fonctionnement quotidien des stations.<\/p>\n<p data-start=\"2051\" data-end=\"2370\">Sentrimax collabore \u00e9troitement avec les exploitants de stations d&#039;\u00e9puration de la r\u00e9gion de Tampa afin de garantir le fonctionnement optimal des centrifugeuses en utilisation continue. Gr\u00e2ce \u00e0 des inspections r\u00e9guli\u00e8res, une surveillance de l&#039;\u00e9tat et une maintenance pr\u00e9ventive, les installations b\u00e9n\u00e9ficient d&#039;un meilleur contr\u00f4le sur la planification de la maintenance et la stabilit\u00e9 op\u00e9rationnelle.<\/p>\n<hr data-start=\"2372\" data-end=\"2375\" \/>\n<h2 data-start=\"2377\" data-end=\"2435\">Processus de maintenance certifi\u00e9 ISO, con\u00e7u pour la fiabilit\u00e9<\/h2>\n<p data-start=\"2437\" data-end=\"2719\">Sentrimax op\u00e8re selon un syst\u00e8me de gestion de la qualit\u00e9 certifi\u00e9 ISO 9001:2015, garantissant que chaque intervention de maintenance sur ses centrifugeuses \u00e0 eaux us\u00e9es suit un processus structur\u00e9 et reproductible. Ce syst\u00e8me met l&#039;accent sur la documentation, la coh\u00e9rence et la responsabilisation pour toutes les activit\u00e9s de maintenance.<\/p>\n<p data-start=\"2721\" data-end=\"3185\">Chaque intervention de maintenance d\u00e9bute par une inspection d\u00e9taill\u00e9e pouvant inclure une analyse d&#039;huile, un contr\u00f4le des vibrations, une v\u00e9rification dimensionnelle et une \u00e9valuation de l&#039;\u00e9tat des composants. Les r\u00e9sultats sont document\u00e9s et communiqu\u00e9s clairement afin que les responsables d&#039;installations puissent prendre des d\u00e9cisions \u00e9clair\u00e9es concernant les intervalles d&#039;entretien et les strat\u00e9gies de maintenance \u00e0 long terme. Des informations compl\u00e9mentaires sur cette approche sont disponibles sur le site web interne. <strong data-start=\"3126\" data-end=\"3179\"><a class=\"decorated-link\" href=\"https:\/\/sentrimax.com\/fr\/our-process\/?utm_source=chatgpt.com\" target=\"_new\" rel=\"noopener\" data-start=\"3128\" data-end=\"3177\">Notre processus<\/a><\/strong> page.<\/p>\n<hr data-start=\"3187\" data-end=\"3190\" \/>\n<h2 data-start=\"3192\" data-end=\"3251\">Services complets d&#039;entretien des centrifugeuses \u00e0 eaux us\u00e9es<\/h2>\n<h3 data-start=\"3253\" data-end=\"3292\"><strong data-start=\"3257\" data-end=\"3292\">Programmes de maintenance pr\u00e9ventive<\/strong><\/h3>\n<p data-start=\"3293\" data-end=\"3568\">La maintenance pr\u00e9ventive est essentielle pour identifier les probl\u00e8mes avant qu&#039;ils n&#039;entra\u00eenent une panne d&#039;\u00e9quipement. Sentrimax propose des programmes de maintenance planifi\u00e9e comprenant des inspections, la lubrification, les r\u00e9glages et les contr\u00f4les de performance afin d&#039;aider les installations \u00e0 \u00e9viter les arr\u00eats de production impr\u00e9vus et co\u00fbteux.<\/p>\n<h3 data-start=\"3570\" data-end=\"3605\"><strong data-start=\"3574\" data-end=\"3605\">Maintenance conditionnelle<\/strong><\/h3>\n<p data-start=\"3606\" data-end=\"3888\">La maintenance conditionnelle utilise les donn\u00e9es d&#039;inspection et les indicateurs de performance pour orienter les d\u00e9cisions d&#039;intervention. Sentrimax \u00e9value les conditions de fonctionnement des centrifugeuses afin de recommander des actions de maintenance adapt\u00e9es \u00e0 l&#039;usure r\u00e9elle des \u00e9quipements, am\u00e9liorant ainsi l&#039;efficacit\u00e9 et r\u00e9duisant les interventions inutiles.<\/p>\n<h3 data-start=\"3890\" data-end=\"3944\"><strong data-start=\"3894\" data-end=\"3944\">\u00c9quilibrage dynamique et v\u00e9rification des performances<\/strong><\/h3>\n<p data-start=\"3945\" data-end=\"4189\">Un d\u00e9s\u00e9quilibre peut engendrer des vibrations, une usure acc\u00e9l\u00e9r\u00e9e et une baisse du rendement de la centrifugeuse. Dans le cadre de ses services de maintenance, Sentrimax effectue un \u00e9quilibrage dynamique et une v\u00e9rification des performances afin de garantir un fonctionnement optimal et de prot\u00e9ger les composants critiques.<\/p>\n<p data-start=\"4191\" data-end=\"4335\">Vous trouverez un aper\u00e7u des services de maintenance et d&#039;entretien disponibles sur le site interne. <strong data-start=\"4282\" data-end=\"4329\"><a class=\"decorated-link\" href=\"https:\/\/sentrimax.com\/fr\/services\/?utm_source=chatgpt.com\" target=\"_new\" rel=\"noopener\" data-start=\"4284\" data-end=\"4327\">Services<\/a><\/strong> page.<\/p>\n<hr data-start=\"4337\" data-end=\"4340\" \/>\n<h2 data-start=\"4342\" data-end=\"4401\">Solutions de maintenance sur mesure pour les installations de traitement des eaux us\u00e9es<\/h2>\n<p data-start=\"4403\" data-end=\"4729\">Chaque station d&#039;\u00e9puration fonctionne dans des conditions uniques. La composition des boues, les exigences de d\u00e9bit et les obligations r\u00e9glementaires varient d&#039;une station \u00e0 l&#039;autre dans la r\u00e9gion de Tampa. Sentrimax con\u00e7oit des solutions de maintenance de centrifugeuses sur mesure, adapt\u00e9es \u00e0 l&#039;environnement d&#039;exploitation sp\u00e9cifique de chaque installation, plut\u00f4t que d&#039;appliquer des programmes standardis\u00e9s.<\/p>\n<p data-start=\"4731\" data-end=\"5007\">Une documentation claire et une communication transparente permettent aux op\u00e9rateurs de comprendre l&#039;\u00e9tat des \u00e9quipements, de planifier les interventions de maintenance et de g\u00e9rer efficacement les budgets. Cette approche personnalis\u00e9e contribue \u00e0 r\u00e9duire les r\u00e9parations d&#039;urgence et \u00e0 am\u00e9liorer la pr\u00e9visibilit\u00e9 op\u00e9rationnelle \u00e0 long terme.<\/p>\n<hr data-start=\"5009\" data-end=\"5012\" \/>\n<h2 data-start=\"5014\" data-end=\"5059\">Minimiser les temps d&#039;arr\u00eat dans les op\u00e9rations critiques<\/h2>\n<p data-start=\"5061\" data-end=\"5384\">Les arr\u00eats impr\u00e9vus des centrifugeuses peuvent perturber les processus de traitement des eaux us\u00e9es et mettre \u00e0 rude \u00e9preuve les ressources de l&#039;installation. Sentrimax privil\u00e9gie une planification proactive de la maintenance et une programmation coordonn\u00e9e afin de garantir le fonctionnement fiable des centrifugeuses. L&#039;assistance sur site et une communication r\u00e9active contribuent \u00e9galement \u00e0 minimiser les temps d&#039;arr\u00eat en cas de besoin de maintenance.<\/p>\n<p data-start=\"5386\" data-end=\"5563\">En combinant des strat\u00e9gies de maintenance pr\u00e9ventive \u00e0 une ex\u00e9cution experte, Sentrimax assure des op\u00e9rations de traitement des eaux us\u00e9es constantes dans toute la r\u00e9gion de Tampa et les communaut\u00e9s environnantes.<\/p>\n<hr data-start=\"5565\" data-end=\"5568\" \/>\n<h2 data-start=\"5570\" data-end=\"5620\">Conformit\u00e9, s\u00e9curit\u00e9 et meilleures pratiques de l&#039;industrie<\/h2>\n<p data-start=\"5622\" data-end=\"6182\">Les stations d&#039;\u00e9puration doivent s&#039;assurer que leurs syst\u00e8mes de centrifugation fonctionnent conform\u00e9ment \u00e0 la r\u00e9glementation environnementale et aux normes industrielles. Consultez les recommandations de la <strong data-start=\"5779\" data-end=\"5910\"><a class=\"decorated-link cursor-pointer\" target=\"_new\" rel=\"noopener\" data-start=\"5781\" data-end=\"5908\">Agence am\u00e9ricaine de protection de l&#039;environnement \u2013 Aper\u00e7u du traitement des eaux us\u00e9es<\/a><\/strong> souligne l&#039;importance d&#039;\u00e9quipements de manutention des solides fiables pour le maintien de la conformit\u00e9. Ressources sectorielles de <strong data-start=\"6030\" data-end=\"6096\"><a class=\"decorated-link cursor-pointer\" target=\"_new\" rel=\"noopener\" data-start=\"6032\" data-end=\"6094\">F\u00e9d\u00e9ration pour l&#039;environnement de l&#039;eau<\/a><\/strong> Mettre en avant la maintenance proactive comme facteur cl\u00e9 de l&#039;efficacit\u00e9 op\u00e9rationnelle et de la s\u00e9curit\u00e9.<\/p>\n<p data-start=\"6184\" data-end=\"6383\">Les services de maintenance de Sentrimax soutiennent ces bonnes pratiques en aidant les installations \u00e0 maintenir les performances des centrifugeuses conform\u00e9ment aux sp\u00e9cifications de conception, r\u00e9duisant ainsi les risques environnementaux et les perturbations op\u00e9rationnelles.<\/p>\n<hr data-start=\"6385\" data-end=\"6388\" \/>\n<h2 data-start=\"6390\" data-end=\"6437\">Assistance tout au long du cycle de vie au-del\u00e0 de la maintenance de routine<\/h2>\n<p data-start=\"6439\" data-end=\"6833\">L&#039;entretien efficace des centrifugeuses de traitement des eaux us\u00e9es est optimal lorsqu&#039;il est int\u00e9gr\u00e9 \u00e0 une strat\u00e9gie globale de gestion du cycle de vie. Sentrimax propose un accompagnement continu comprenant la surveillance de l&#039;\u00e9tat des \u00e9quipements, la documentation des interventions et des recommandations pour la planification de la maintenance \u00e0 long terme. Cette approche ax\u00e9e sur le cycle de vie permet aux installations d&#039;optimiser les intervalles d&#039;entretien, de ma\u00eetriser les co\u00fbts et de maximiser le retour sur investissement.<\/p>\n<p data-start=\"6835\" data-end=\"6983\">Des informations techniques suppl\u00e9mentaires et des conseils de maintenance sont disponibles via le service interne. <strong data-start=\"6925\" data-end=\"6974\"><a class=\"decorated-link cursor-pointer\" target=\"_new\" rel=\"noopener\" data-start=\"6927\" data-end=\"6972\">Ressources<\/a><\/strong> section.<\/p>\n<hr data-start=\"6985\" data-end=\"6988\" \/>\n<h2 data-start=\"6990\" data-end=\"7047\">Partenaire de maintenance des centrifugeuses de traitement des eaux us\u00e9es \u00e0 Tampa, Floride<\/h2>\n<p data-start=\"7049\" data-end=\"7379\">Les stations d&#039;\u00e9puration de Tampa jouent un r\u00f4le essentiel dans la protection de la sant\u00e9 publique et des cours d&#039;eau locaux. Un entretien r\u00e9gulier des centrifugeuses est indispensable au maintien d&#039;un fonctionnement continu. Sentrimax propose des services d&#039;entretien de centrifugeuses pour stations d&#039;\u00e9puration \u00e0 Tampa, en Floride, en privil\u00e9giant la qualit\u00e9, la pr\u00e9cision et la fiabilit\u00e9 \u00e0 long terme.<\/p>\n<p data-start=\"7381\" data-end=\"7560\">Des inspections de routine aux programmes de maintenance complets et au soutien continu tout au long du cycle de vie, Sentrimax assure aux installations de traitement des eaux us\u00e9es une confiance totale dans leurs syst\u00e8mes de centrifugation.<\/p>\n<hr data-start=\"7562\" data-end=\"7565\" \/>\n<h2 data-start=\"7567\" data-end=\"7588\">Passez \u00e0 l&#039;\u00e9tape suivante<\/h2>\n<p data-start=\"7590\" data-end=\"7800\">La maintenance pr\u00e9ventive des centrifugeuses permet d&#039;\u00e9viter les arr\u00eats de production co\u00fbteux et les pannes impr\u00e9vues. Sentrimax est \u00e0 la disposition des stations d&#039;\u00e9puration de Tampa pour leurs services de maintenance de centrifugeuses.<\/p>\n<p data-start=\"7802\" data-end=\"7856\"><strong data-start=\"7802\" data-end=\"7856\"><a class=\"decorated-link\" href=\"https:\/\/sentrimax.com\/fr\/contact\/\" target=\"_new\" rel=\"noopener\" data-start=\"7804\" data-end=\"7854\">Demandez un devis !<\/a><\/strong><\/p>","protected":false},"excerpt":{"rendered":"<p>Wastewater treatment facilities in Tampa, FL rely on centrifuge systems to maintain efficient solids separation, support regulatory compliance, and ensure uninterrupted treatment operations. These systems operate continuously in harsh environments, where consistent maintenance is essential to long-term reliability. Without proper centrifuge maintenance, facilities face increased downtime, higher operating costs, and greater risk of mechanical failure. [&hellip;]<\/p>\n","protected":false},"author":3,"featured_media":0,"parent":0,"menu_order":0,"comment_status":"closed","ping_status":"closed","template":"seo-page-template.php","meta":{"_acf_changed":false,"inline_featured_image":false,"footnotes":""},"class_list":["post-2256","page","type-page","status-publish","hentry"],"acf":[],"_links":{"self":[{"href":"https:\/\/sentrimax.com\/fr\/wp-json\/wp\/v2\/pages\/2256","targetHints":{"allow":["GET"]}}],"collection":[{"href":"https:\/\/sentrimax.com\/fr\/wp-json\/wp\/v2\/pages"}],"about":[{"href":"https:\/\/sentrimax.com\/fr\/wp-json\/wp\/v2\/types\/page"}],"author":[{"embeddable":true,"href":"https:\/\/sentrimax.com\/fr\/wp-json\/wp\/v2\/users\/3"}],"replies":[{"embeddable":true,"href":"https:\/\/sentrimax.com\/fr\/wp-json\/wp\/v2\/comments?post=2256"}],"version-history":[{"count":1,"href":"https:\/\/sentrimax.com\/fr\/wp-json\/wp\/v2\/pages\/2256\/revisions"}],"predecessor-version":[{"id":2569,"href":"https:\/\/sentrimax.com\/fr\/wp-json\/wp\/v2\/pages\/2256\/revisions\/2569"}],"wp:attachment":[{"href":"https:\/\/sentrimax.com\/fr\/wp-json\/wp\/v2\/media?parent=2256"}],"curies":[{"name":"wp","href":"https:\/\/api.w.org\/{rel}","templated":true}]}}