{"id":2258,"date":"2026-01-06T22:01:11","date_gmt":"2026-01-06T22:01:11","guid":{"rendered":"https:\/\/sentrimax.com\/?page_id=2258"},"modified":"2026-04-21T21:18:46","modified_gmt":"2026-04-21T21:18:46","slug":"wastewater-centrifuge-service-in-atlanta-ga","status":"publish","type":"page","link":"https:\/\/sentrimax.com\/fr\/wastewater-centrifuge-service-in-atlanta-ga\/","title":{"rendered":"Service de centrifugation des eaux us\u00e9es \u00e0 Atlanta, G\u00e9orgie"},"content":{"rendered":"<p data-start=\"642\" data-end=\"1254\"><img fetchpriority=\"high\" decoding=\"async\" class=\"aligncenter size-full wp-image-1613\" src=\"https:\/\/sentrimax.com\/wp-content\/uploads\/2025\/07\/Food-Bev.png\" alt=\"\" width=\"1536\" height=\"1024\" srcset=\"https:\/\/sentrimax.com\/wp-content\/uploads\/2025\/07\/Food-Bev.png 1536w, https:\/\/sentrimax.com\/wp-content\/uploads\/2025\/07\/Food-Bev-300x200.png 300w, https:\/\/sentrimax.com\/wp-content\/uploads\/2025\/07\/Food-Bev-1024x683.png 1024w, https:\/\/sentrimax.com\/wp-content\/uploads\/2025\/07\/Food-Bev-768x512.png 768w, https:\/\/sentrimax.com\/wp-content\/uploads\/2025\/07\/Food-Bev-600x400.png 600w\" sizes=\"(max-width: 1536px) 100vw, 1536px\" \/><\/p>\n<p data-start=\"642\" data-end=\"1254\">Les stations d&#039;\u00e9puration d&#039;Atlanta, en G\u00e9orgie, utilisent des centrifugeuses pour une s\u00e9paration efficace des mati\u00e8res solides, le respect des r\u00e9glementations et la continuit\u00e9 du traitement. Fonctionnant en continu dans des environnements exigeants, ces syst\u00e8mes n\u00e9cessitent un entretien professionnel pour garantir leur fiabilit\u00e9 \u00e0 long terme. Un d\u00e9faut d&#039;entretien des centrifugeuses entra\u00eene une augmentation des temps d&#039;arr\u00eat, des co\u00fbts d&#039;exploitation et un risque accru de pannes m\u00e9caniques. Sentrimax propose des services d&#039;entretien professionnels pour les centrifugeuses de traitement des eaux us\u00e9es \u00e0 Atlanta, en G\u00e9orgie, permettant aux stations d&#039;\u00e9puration de maintenir leurs performances et de prot\u00e9ger leurs \u00e9quipements critiques.<\/p>\n<p data-start=\"1256\" data-end=\"1613\">Forte de plusieurs d\u00e9cennies d&#039;exp\u00e9rience dans le traitement des eaux us\u00e9es municipales et industrielles, Sentrimax propose des solutions de maintenance structur\u00e9es pour centrifugeuses, con\u00e7ues pour am\u00e9liorer la fiabilit\u00e9, prolonger la dur\u00e9e de vie des \u00e9quipements et faciliter la planification op\u00e9rationnelle \u00e0 long terme. Chaque intervention est r\u00e9alis\u00e9e selon des processus qualit\u00e9 document\u00e9s et une approche rigoureuse et transparente.<\/p>\n<hr data-start=\"1615\" data-end=\"1618\" \/>\n<h2 data-start=\"1620\" data-end=\"1675\">Soutien aux op\u00e9rations de traitement des eaux us\u00e9es d&#039;Atlanta<\/h2>\n<p data-start=\"1677\" data-end=\"2083\">Les stations d&#039;\u00e9puration de la r\u00e9gion d&#039;Atlanta desservent une population importante et croissante, tout en \u00e9tant soumises \u00e0 des r\u00e9glementations environnementales f\u00e9d\u00e9rales et \u00e9tatiques strictes. Ces stations doivent g\u00e9rer des conditions d&#039;effluents variables, des exigences de conformit\u00e9 en constante \u00e9volution et des infrastructures vieillissantes. Les centrifugeuses jouent un r\u00f4le essentiel dans la d\u00e9shydratation des boues et le traitement des biosolides, influen\u00e7ant directement l&#039;efficacit\u00e9 du traitement et les co\u00fbts d&#039;\u00e9limination.<\/p>\n<p data-start=\"2085\" data-end=\"2396\">Sentrimax collabore \u00e9troitement avec les exploitants de stations d&#039;\u00e9puration de la r\u00e9gion d&#039;Atlanta afin de garantir le fonctionnement fiable des centrifugeuses en utilisation continue. Gr\u00e2ce \u00e0 un service r\u00e9gulier, des inspections d\u00e9taill\u00e9es et une maintenance cibl\u00e9e, les installations b\u00e9n\u00e9ficient d&#039;un meilleur contr\u00f4le sur les performances de leurs \u00e9quipements et la planification de leur maintenance.<\/p>\n<hr data-start=\"2398\" data-end=\"2401\" \/>\n<h2 data-start=\"2403\" data-end=\"2457\">Processus de service certifi\u00e9 ISO, con\u00e7u pour la fiabilit\u00e9<\/h2>\n<p data-start=\"2459\" data-end=\"2725\">Sentrimax op\u00e8re selon un syst\u00e8me de gestion de la qualit\u00e9 certifi\u00e9 ISO 9001:2015, garantissant que chaque intervention de centrifugation des eaux us\u00e9es suit un processus structur\u00e9 et reproductible. Ce syst\u00e8me met l&#039;accent sur la coh\u00e9rence, la documentation et la responsabilisation pour toutes les activit\u00e9s de service.<\/p>\n<p data-start=\"2727\" data-end=\"3201\">Chaque intervention d\u00e9bute par une inspection compl\u00e8te pouvant inclure une analyse d&#039;huile, un contr\u00f4le des vibrations, une v\u00e9rification dimensionnelle et une \u00e9valuation de l&#039;\u00e9tat des composants. Les r\u00e9sultats sont clairement document\u00e9s et communiqu\u00e9s afin que les responsables d&#039;installations puissent prendre des d\u00e9cisions \u00e9clair\u00e9es concernant l&#039;\u00e9tendue des services, leur planification et les strat\u00e9gies de maintenance \u00e0 long terme. Des informations compl\u00e9mentaires sur cette approche sont disponibles sur le site interne. <strong data-start=\"3142\" data-end=\"3195\"><a class=\"decorated-link\" href=\"https:\/\/sentrimax.com\/fr\/our-process\/?utm_source=chatgpt.com\" target=\"_new\" rel=\"noopener\" data-start=\"3144\" data-end=\"3193\">Notre processus<\/a><\/strong> page.<\/p>\n<hr data-start=\"3203\" data-end=\"3206\" \/>\n<h2 data-start=\"3208\" data-end=\"3267\">Capacit\u00e9s compl\u00e8tes de service de centrifugation des eaux us\u00e9es<\/h2>\n<h3 data-start=\"3269\" data-end=\"3310\"><strong data-start=\"3273\" data-end=\"3310\">Inspection et service pr\u00e9ventif<\/strong><\/h3>\n<p data-start=\"3311\" data-end=\"3605\">L&#039;inspection r\u00e9guli\u00e8re et la maintenance pr\u00e9ventive permettent de d\u00e9tecter les probl\u00e8mes naissants avant qu&#039;ils n&#039;entra\u00eenent une panne. Sentrimax propose des programmes d&#039;entretien planifi\u00e9 comprenant des inspections, la lubrification, les r\u00e9glages et les contr\u00f4les de performance afin de garantir un fonctionnement fiable et de r\u00e9duire les temps d&#039;arr\u00eat impr\u00e9vus.<\/p>\n<h3 data-start=\"3607\" data-end=\"3648\"><strong data-start=\"3611\" data-end=\"3648\">Services de r\u00e9paration et de remise \u00e0 neuf<\/strong><\/h3>\n<p data-start=\"3649\" data-end=\"3954\">Lorsque les composants d&#039;une centrifugeuse pr\u00e9sentent des signes d&#039;usure ou de dommages, Sentrimax propose des services de r\u00e9paration et de remise \u00e0 neuf de pr\u00e9cision. Ces services comprennent le d\u00e9montage, l&#039;inspection, l&#039;usinage, le soudage, le remplacement des composants et le remontage avec une grande pr\u00e9cision, permettant ainsi de r\u00e9tablir le fonctionnement optimal de l&#039;\u00e9quipement.<\/p>\n<h3 data-start=\"3956\" data-end=\"4010\"><strong data-start=\"3960\" data-end=\"4010\">\u00c9quilibrage dynamique et v\u00e9rification des performances<\/strong><\/h3>\n<p data-start=\"4011\" data-end=\"4283\">Le d\u00e9s\u00e9quilibre est une cause majeure de vibrations, d&#039;usure acc\u00e9l\u00e9r\u00e9e et de r\u00e9duction du rendement des centrifugeuses. Dans le cadre de ses services d&#039;entretien des centrifugeuses pour eaux us\u00e9es, Sentrimax r\u00e9alise un \u00e9quilibrage dynamique avanc\u00e9 et une v\u00e9rification des performances afin de garantir un fonctionnement optimal et de prot\u00e9ger les composants critiques.<\/p>\n<p data-start=\"4285\" data-end=\"4413\">Vous trouverez un aper\u00e7u des services disponibles sur le site interne. <strong data-start=\"4360\" data-end=\"4407\"><a class=\"decorated-link\" href=\"https:\/\/sentrimax.com\/fr\/services\/?utm_source=chatgpt.com\" target=\"_new\" rel=\"noopener\" data-start=\"4362\" data-end=\"4405\">Services<\/a><\/strong> page.<\/p>\n<hr data-start=\"4415\" data-end=\"4418\" \/>\n<h2 data-start=\"4420\" data-end=\"4475\">Solutions de service sur mesure pour les installations de traitement des eaux us\u00e9es<\/h2>\n<p data-start=\"4477\" data-end=\"4809\">Chaque station d&#039;\u00e9puration fonctionne dans des conditions uniques. La composition des boues, les exigences de d\u00e9bit et les obligations r\u00e9glementaires varient d&#039;une station \u00e0 l&#039;autre dans la r\u00e9gion d&#039;Atlanta. Sentrimax con\u00e7oit des solutions d&#039;entretien de centrifugeuses sur mesure, adapt\u00e9es \u00e0 l&#039;environnement d&#039;exploitation sp\u00e9cifique de chaque installation, plut\u00f4t que d&#039;appliquer des programmes d&#039;entretien standardis\u00e9s.<\/p>\n<p data-start=\"4811\" data-end=\"5083\">Une documentation claire et une communication transparente permettent aux op\u00e9rateurs de comprendre l&#039;\u00e9tat des \u00e9quipements, de planifier les interventions de maintenance et de g\u00e9rer efficacement les budgets. Cette approche personnalis\u00e9e contribue \u00e0 r\u00e9duire les r\u00e9parations d&#039;urgence et \u00e0 am\u00e9liorer la pr\u00e9visibilit\u00e9 op\u00e9rationnelle \u00e0 long terme.<\/p>\n<hr data-start=\"5085\" data-end=\"5088\" \/>\n<h2 data-start=\"5090\" data-end=\"5135\">Minimiser les temps d&#039;arr\u00eat dans les op\u00e9rations critiques<\/h2>\n<p data-start=\"5137\" data-end=\"5485\">Les arr\u00eats impr\u00e9vus des centrifugeuses peuvent perturber les processus de traitement des eaux us\u00e9es et mettre \u00e0 rude \u00e9preuve les ressources de l&#039;installation. Sentrimax privil\u00e9gie une planification proactive des interventions, des d\u00e9lais d&#039;ex\u00e9cution rapides et une planification coordonn\u00e9e afin de garantir le fonctionnement fiable des centrifugeuses. L&#039;assistance sur site et une communication r\u00e9active contribuent \u00e9galement \u00e0 minimiser les temps d&#039;arr\u00eat en cas de besoin de maintenance.<\/p>\n<p data-start=\"5487\" data-end=\"5662\">En combinant des strat\u00e9gies de service pr\u00e9ventif avec une ex\u00e9cution experte, Sentrimax assure des op\u00e9rations de traitement des eaux us\u00e9es constantes dans toute la r\u00e9gion d&#039;Atlanta et les communaut\u00e9s environnantes.<\/p>\n<hr data-start=\"5664\" data-end=\"5667\" \/>\n<h2 data-start=\"5669\" data-end=\"5719\">Conformit\u00e9, s\u00e9curit\u00e9 et meilleures pratiques de l&#039;industrie<\/h2>\n<p data-start=\"5721\" data-end=\"6292\">Les stations d&#039;\u00e9puration doivent s&#039;assurer que leurs syst\u00e8mes de centrifugation fonctionnent conform\u00e9ment \u00e0 la r\u00e9glementation environnementale et aux normes industrielles. Consultez les recommandations de la <strong data-start=\"5878\" data-end=\"6009\"><a class=\"decorated-link cursor-pointer\" target=\"_new\" rel=\"noopener\" data-start=\"5880\" data-end=\"6007\">Agence am\u00e9ricaine de protection de l&#039;environnement \u2013 Aper\u00e7u du traitement des eaux us\u00e9es<\/a><\/strong> souligne l&#039;importance d&#039;\u00e9quipements de manutention des solides fiables pour le maintien de la conformit\u00e9. Ressources sectorielles de <strong data-start=\"6129\" data-end=\"6195\"><a class=\"decorated-link cursor-pointer\" target=\"_new\" rel=\"noopener\" data-start=\"6131\" data-end=\"6193\">F\u00e9d\u00e9ration pour l&#039;environnement de l&#039;eau<\/a><\/strong> Mettre en avant le service et la maintenance proactifs comme facteurs cl\u00e9s de l&#039;efficacit\u00e9 op\u00e9rationnelle et de la s\u00e9curit\u00e9.<\/p>\n<p data-start=\"6294\" data-end=\"6503\">Le service de centrifugation des eaux us\u00e9es de Sentrimax soutient ces bonnes pratiques en aidant les installations \u00e0 maintenir les performances des centrifugeuses conform\u00e9ment aux sp\u00e9cifications de conception, r\u00e9duisant ainsi les risques environnementaux et les perturbations op\u00e9rationnelles.<\/p>\n<hr data-start=\"6505\" data-end=\"6508\" \/>\n<h2 data-start=\"6510\" data-end=\"6553\">Assistance tout au long du cycle de vie au-del\u00e0 du service de routine<\/h2>\n<p data-start=\"6555\" data-end=\"6945\">Un service efficace d&#039;entretien des centrifugeuses de traitement des eaux us\u00e9es est optimal lorsqu&#039;il est int\u00e9gr\u00e9 \u00e0 une strat\u00e9gie globale de gestion du cycle de vie. Sentrimax propose un accompagnement continu comprenant la surveillance de l&#039;\u00e9tat des \u00e9quipements, la documentation des interventions et des recommandations pour la planification de la maintenance \u00e0 long terme. Cette approche ax\u00e9e sur le cycle de vie permet aux installations d&#039;optimiser les intervalles d&#039;entretien, de ma\u00eetriser les co\u00fbts et de maximiser le retour sur investissement.<\/p>\n<p data-start=\"6947\" data-end=\"7095\">Des informations techniques suppl\u00e9mentaires et des conseils de maintenance sont disponibles via le service interne. <strong data-start=\"7037\" data-end=\"7086\"><a class=\"decorated-link cursor-pointer\" target=\"_new\" rel=\"noopener\" data-start=\"7039\" data-end=\"7084\">Ressources<\/a><\/strong> section.<\/p>\n<hr data-start=\"7097\" data-end=\"7100\" \/>\n<h2 data-start=\"7102\" data-end=\"7157\">Partenaire de services de centrifugation des eaux us\u00e9es pour Atlanta, G\u00e9orgie<\/h2>\n<p data-start=\"7159\" data-end=\"7488\">Les stations d&#039;\u00e9puration d&#039;Atlanta jouent un r\u00f4le essentiel dans la protection de la sant\u00e9 publique et des cours d&#039;eau r\u00e9gionaux. Un service de centrifugation fiable est indispensable au maintien d&#039;un fonctionnement continu. Sentrimax propose des services de centrifugation des eaux us\u00e9es \u00e0 Atlanta (G\u00e9orgie) ax\u00e9s sur la qualit\u00e9, la pr\u00e9cision et la fiabilit\u00e9 \u00e0 long terme.<\/p>\n<p data-start=\"7490\" data-end=\"7665\">Des inspections de routine aux programmes de service complets et au soutien continu tout au long du cycle de vie, Sentrimax assure aux installations de traitement des eaux us\u00e9es une totale confiance dans leurs syst\u00e8mes de centrifugation.<\/p>\n<hr data-start=\"7667\" data-end=\"7670\" \/>\n<h2 data-start=\"7672\" data-end=\"7693\">Passez \u00e0 l&#039;\u00e9tape suivante<\/h2>\n<p data-start=\"7695\" data-end=\"7900\">Un service proactif d&#039;entretien des centrifugeuses permet d&#039;\u00e9viter les arr\u00eats de production co\u00fbteux et les pannes impr\u00e9vues. Sentrimax est pr\u00eat \u00e0 accompagner les stations d&#039;\u00e9puration d&#039;Atlanta en leur fournissant des solutions d&#039;entretien expertes pour leurs centrifugeuses.<\/p>\n<p data-start=\"7902\" data-end=\"7956\"><strong data-start=\"7902\" data-end=\"7956\"><a class=\"decorated-link\" href=\"https:\/\/sentrimax.com\/fr\/contact\/\" target=\"_new\" rel=\"noopener\" data-start=\"7904\" data-end=\"7954\">Demandez un devis !<\/a><\/strong><\/p>","protected":false},"excerpt":{"rendered":"<p>Wastewater treatment facilities in Atlanta, GA rely on centrifuge systems to support effective solids separation, maintain regulatory compliance, and ensure uninterrupted treatment operations. These systems operate continuously in demanding environments, making professional service essential to long-term reliability. When centrifuges are not properly serviced, facilities face increased downtime, higher operating costs, and elevated risk of mechanical [&hellip;]<\/p>\n","protected":false},"author":3,"featured_media":0,"parent":0,"menu_order":0,"comment_status":"closed","ping_status":"closed","template":"seo-page-template.php","meta":{"_acf_changed":false,"inline_featured_image":false,"footnotes":""},"class_list":["post-2258","page","type-page","status-publish","hentry"],"acf":[],"_links":{"self":[{"href":"https:\/\/sentrimax.com\/fr\/wp-json\/wp\/v2\/pages\/2258","targetHints":{"allow":["GET"]}}],"collection":[{"href":"https:\/\/sentrimax.com\/fr\/wp-json\/wp\/v2\/pages"}],"about":[{"href":"https:\/\/sentrimax.com\/fr\/wp-json\/wp\/v2\/types\/page"}],"author":[{"embeddable":true,"href":"https:\/\/sentrimax.com\/fr\/wp-json\/wp\/v2\/users\/3"}],"replies":[{"embeddable":true,"href":"https:\/\/sentrimax.com\/fr\/wp-json\/wp\/v2\/comments?post=2258"}],"version-history":[{"count":1,"href":"https:\/\/sentrimax.com\/fr\/wp-json\/wp\/v2\/pages\/2258\/revisions"}],"predecessor-version":[{"id":2567,"href":"https:\/\/sentrimax.com\/fr\/wp-json\/wp\/v2\/pages\/2258\/revisions\/2567"}],"wp:attachment":[{"href":"https:\/\/sentrimax.com\/fr\/wp-json\/wp\/v2\/media?parent=2258"}],"curies":[{"name":"wp","href":"https:\/\/api.w.org\/{rel}","templated":true}]}}