{"id":2261,"date":"2026-01-06T22:07:11","date_gmt":"2026-01-06T22:07:11","guid":{"rendered":"https:\/\/sentrimax.com\/?page_id=2261"},"modified":"2026-04-21T21:18:45","modified_gmt":"2026-04-21T21:18:45","slug":"industrial-centrifuge-repair-services-in-chicago-il","status":"publish","type":"page","link":"https:\/\/sentrimax.com\/fr\/industrial-centrifuge-repair-services-in-chicago-il\/","title":{"rendered":"Services de r\u00e9paration de centrifugeuses industrielles \u00e0 Chicago, Illinois"},"content":{"rendered":"<p data-start=\"679\" data-end=\"1366\"><img fetchpriority=\"high\" decoding=\"async\" class=\"aligncenter size-full wp-image-2204\" src=\"https:\/\/sentrimax.com\/wp-content\/uploads\/2025\/10\/Sentrimax-PM95000-scaled-e1761191933425.jpg\" alt=\"centrifuge 40&quot; sharples rental\" width=\"1000\" height=\"718\" \/><\/p>\n<p data-start=\"679\" data-end=\"1366\">\u00c0 Chicago, dans l&#039;Illinois, les installations de production industrielle d\u00e9pendent des centrifugeuses pour maintenir leur efficacit\u00e9, garantir la qualit\u00e9 de leurs produits et assurer la continuit\u00e9 de leurs op\u00e9rations. De la fabrication et la chimie aux industries agroalimentaires, \u00e9nerg\u00e9tiques et de traitement des eaux us\u00e9es industrielles, les centrifugeuses jouent un r\u00f4le crucial dans la s\u00e9paration des solides, des liquides et des boues, m\u00eame dans des conditions exigeantes. L&#039;usure, le d\u00e9s\u00e9quilibre ou une panne m\u00e9canique des centrifugeuses industrielles peuvent impacter la productivit\u00e9, la s\u00e9curit\u00e9 et la rentabilit\u00e9. Sentrimax propose des services professionnels de r\u00e9paration de centrifugeuses industrielles \u00e0 Chicago, dans l&#039;Illinois, permettant aux entreprises de r\u00e9tablir les performances et de prolonger la dur\u00e9e de vie de leurs \u00e9quipements essentiels.<\/p>\n<p data-start=\"1368\" data-end=\"1740\">Forte de plusieurs d\u00e9cennies d&#039;exp\u00e9rience dans le support des syst\u00e8mes de centrifugeuses industrielles en Am\u00e9rique du Nord, Sentrimax propose des solutions de r\u00e9paration de pr\u00e9cision con\u00e7ues pour minimiser les temps d&#039;arr\u00eat, am\u00e9liorer la fiabilit\u00e9 et faciliter la planification op\u00e9rationnelle \u00e0 long terme. Chaque r\u00e9paration est effectu\u00e9e selon des processus qualit\u00e9 document\u00e9s et une approche rigoureuse et transparente ax\u00e9e sur la performance et la constance.<\/p>\n<hr data-start=\"1742\" data-end=\"1745\" \/>\n<h2 data-start=\"1747\" data-end=\"1792\">Soutien aux op\u00e9rations industrielles de Chicago<\/h2>\n<p data-start=\"1794\" data-end=\"2196\">Le secteur industriel de Chicago englobe les industries manufacturi\u00e8res, de transformation et d&#039;infrastructures qui d\u00e9pendent du bon fonctionnement continu de leurs \u00e9quipements. Les centrifugeuses industrielles fonctionnent souvent sous des charges \u00e9lev\u00e9es, avec des mat\u00e9riaux abrasifs et selon des cycles de service exigeants. Un fonctionnement fiable des centrifugeuses est essentiel pour respecter les calendriers de production, ma\u00eetriser les co\u00fbts d&#039;exploitation et garantir la conformit\u00e9 r\u00e9glementaire.<\/p>\n<p data-start=\"2198\" data-end=\"2498\">Sentrimax collabore \u00e9troitement avec les op\u00e9rateurs industriels de la r\u00e9gion de Chicago pour garantir le fonctionnement fiable des centrifugeuses en utilisation continue. Gr\u00e2ce \u00e0 des inspections d\u00e9taill\u00e9es et des r\u00e9parations cibl\u00e9es, les installations b\u00e9n\u00e9ficient d&#039;un meilleur contr\u00f4le sur la planification de la maintenance, les performances des \u00e9quipements et la stabilit\u00e9 de la production.<\/p>\n<hr data-start=\"2500\" data-end=\"2503\" \/>\n<h2 data-start=\"2505\" data-end=\"2569\">Processus de r\u00e9paration certifi\u00e9 ISO, con\u00e7u pour une fiabilit\u00e9 industrielle<\/h2>\n<p data-start=\"2571\" data-end=\"2850\">Sentrimax op\u00e8re selon un syst\u00e8me de gestion de la qualit\u00e9 certifi\u00e9 ISO 9001:2015, garantissant que chaque r\u00e9paration de centrifugeuse industrielle suit un processus structur\u00e9 et reproductible. Ce syst\u00e8me met l&#039;accent sur la documentation, la coh\u00e9rence et la tra\u00e7abilit\u00e9, de la r\u00e9ception de l&#039;\u00e9quipement jusqu&#039;aux tests finaux.<\/p>\n<p data-start=\"2852\" data-end=\"3277\">Chaque r\u00e9paration d\u00e9bute par une inspection compl\u00e8te pouvant inclure une analyse d&#039;huile, une v\u00e9rification dimensionnelle et une \u00e9valuation de l&#039;\u00e9tat des composants. Les r\u00e9sultats sont clairement document\u00e9s et communiqu\u00e9s afin que les responsables d&#039;installations puissent \u00e9valuer l&#039;\u00e9tendue des r\u00e9parations, les d\u00e9lais et les implications en mati\u00e8re de maintenance \u00e0 long terme. Des informations compl\u00e9mentaires sur cette m\u00e9thodologie sont disponibles sur le site interne. <strong data-start=\"3218\" data-end=\"3271\"><a class=\"decorated-link\" href=\"https:\/\/sentrimax.com\/fr\/our-process\/?utm_source=chatgpt.com\" target=\"_new\" rel=\"noopener\" data-start=\"3220\" data-end=\"3269\">Notre processus<\/a><\/strong> page.<\/p>\n<hr data-start=\"3279\" data-end=\"3282\" \/>\n<h2 data-start=\"3284\" data-end=\"3338\">Services complets de r\u00e9paration de centrifugeuses industrielles<\/h2>\n<h3 data-start=\"3340\" data-end=\"3376\"><strong data-start=\"3344\" data-end=\"3376\">R\u00e9paration et r\u00e9vision compl\u00e8tes<\/strong><\/h3>\n<p data-start=\"3377\" data-end=\"3789\">Sentrimax propose des services complets de r\u00e9paration et de r\u00e9vision de centrifugeuses industrielles afin de remettre les \u00e9quipements en parfait \u00e9tat de fonctionnement. Ces services comprennent le d\u00e9montage complet, l&#039;inspection des pi\u00e8ces d&#039;usure, l&#039;usinage de pr\u00e9cision, le soudage, le remplacement des roulements, la pose de joints d&#039;\u00e9tanch\u00e9it\u00e9 et un remontage soign\u00e9 respectant des tol\u00e9rances strictes. Ces r\u00e9parations permettent aux installations industrielles de prolonger la dur\u00e9e de vie de leurs \u00e9quipements et de retarder des remplacements co\u00fbteux.<\/p>\n<h3 data-start=\"3791\" data-end=\"3826\"><strong data-start=\"3795\" data-end=\"3826\">\u00c9quilibrage dynamique de pr\u00e9cision<\/strong><\/h3>\n<p data-start=\"3827\" data-end=\"4215\">Le d\u00e9s\u00e9quilibre est une cause fr\u00e9quente de vibrations, d&#039;usure acc\u00e9l\u00e9r\u00e9e et de d\u00e9faillances m\u00e9caniques pr\u00e9matur\u00e9es dans les syst\u00e8mes de centrifugeuses industrielles. Sentrimax r\u00e9alise un \u00e9quilibrage dynamique avanc\u00e9 sur trois plans conforme \u00e0 la norme ISO G 0.5, r\u00e9duisant consid\u00e9rablement les vibrations et am\u00e9liorant la stabilit\u00e9 de fonctionnement. Un \u00e9quilibrage optimal prot\u00e8ge les roulements, les r\u00e9ducteurs et les ensembles rotatifs, tout en renfor\u00e7ant la fiabilit\u00e9 \u00e0 long terme.<\/p>\n<h3 data-start=\"4217\" data-end=\"4261\"><strong data-start=\"4221\" data-end=\"4261\">R\u00e9paration de bo\u00eetes de vitesses et d&#039;ensembles rotatifs<\/strong><\/h3>\n<p data-start=\"4262\" data-end=\"4605\">Les r\u00e9ducteurs et les composants rotatifs des centrifugeuses industrielles fonctionnent sous un couple \u00e9lev\u00e9 et dans des conditions de process difficiles. Sentrimax propose des services d&#039;inspection, de remise \u00e0 neuf et de r\u00e9paration m\u00e9canique d\u00e9taill\u00e9s pour les r\u00e9ducteurs, afin de r\u00e9tablir leurs performances et leur efficacit\u00e9. Ces services contribuent \u00e0 pr\u00e9venir les pannes inattendues et \u00e0 garantir la continuit\u00e9 des op\u00e9rations de production industrielle.<\/p>\n<p data-start=\"4607\" data-end=\"4728\">Un aper\u00e7u complet des capacit\u00e9s de r\u00e9paration est disponible en interne. <strong data-start=\"4675\" data-end=\"4722\"><a class=\"decorated-link\" href=\"https:\/\/sentrimax.com\/fr\/services\/?utm_source=chatgpt.com\" target=\"_new\" rel=\"noopener\" data-start=\"4677\" data-end=\"4720\">Services<\/a><\/strong> page.<\/p>\n<hr data-start=\"4730\" data-end=\"4733\" \/>\n<h2 data-start=\"4735\" data-end=\"4789\">Solutions de r\u00e9paration sur mesure pour les installations industrielles<\/h2>\n<p data-start=\"4791\" data-end=\"5148\">Aucune installation industrielle ne fonctionne dans des conditions identiques. Les mat\u00e9riaux utilis\u00e9s, les exigences de d\u00e9bit, les plages de temp\u00e9rature et les contraintes r\u00e9glementaires varient consid\u00e9rablement d&#039;une installation \u00e0 l&#039;autre dans la r\u00e9gion de Chicago. Sentrimax con\u00e7oit des solutions de r\u00e9paration de centrifugeuses sur mesure, adapt\u00e9es \u00e0 l&#039;environnement d&#039;exploitation sp\u00e9cifique de chaque installation, plut\u00f4t que d&#039;appliquer des m\u00e9thodes de r\u00e9paration g\u00e9n\u00e9riques.<\/p>\n<p data-start=\"5150\" data-end=\"5445\">Une documentation claire et une communication transparente permettent aux responsables d&#039;usine et aux \u00e9quipes de maintenance de planifier les interventions de mani\u00e8re proactive, de g\u00e9rer efficacement les budgets et de r\u00e9duire les r\u00e9parations d&#039;urgence. Cette approche personnalis\u00e9e favorise une meilleure pr\u00e9visibilit\u00e9 op\u00e9rationnelle et une fiabilit\u00e9 accrue des \u00e9quipements sur le long terme.<\/p>\n<hr data-start=\"5447\" data-end=\"5450\" \/>\n<h2 data-start=\"5452\" data-end=\"5501\">Minimiser les temps d&#039;arr\u00eat dans les environnements industriels<\/h2>\n<p data-start=\"5503\" data-end=\"5864\">Les pannes impr\u00e9vues de centrifugeuses peuvent perturber les calendriers de production, impacter la qualit\u00e9 des produits et augmenter les co\u00fbts d&#039;exploitation. Sentrimax privil\u00e9gie des d\u00e9lais d&#039;intervention rapides et une planification coordonn\u00e9e afin de remettre les \u00e9quipements en service au plus vite. Une communication r\u00e9active et un support technique de qualit\u00e9 contribuent \u00e9galement \u00e0 minimiser les temps d&#039;arr\u00eat lors des r\u00e9parations urgentes.<\/p>\n<p data-start=\"5866\" data-end=\"6033\">En combinant une planification proactive de la maintenance avec une ex\u00e9cution experte des r\u00e9parations, Sentrimax assure la fiabilit\u00e9 des op\u00e9rations industrielles dans toute la r\u00e9gion de Chicago et ses environs.<\/p>\n<hr data-start=\"6035\" data-end=\"6038\" \/>\n<h2 data-start=\"6040\" data-end=\"6090\">Conformit\u00e9, s\u00e9curit\u00e9 et meilleures pratiques de l&#039;industrie<\/h2>\n<p data-start=\"6092\" data-end=\"6652\">Les installations industrielles doivent s&#039;assurer que les syst\u00e8mes de centrifugation fonctionnent conform\u00e9ment aux normes environnementales, de s\u00e9curit\u00e9 et d&#039;exploitation. Consultez les recommandations de la <strong data-start=\"6239\" data-end=\"6365\"><a class=\"decorated-link\" href=\"https:\/\/www.epa.gov\/npdes\/industrial-wastewater\" target=\"_new\" rel=\"noopener\" data-start=\"6241\" data-end=\"6363\">Agence am\u00e9ricaine de protection de l&#039;environnement \u2013 Gestion des eaux us\u00e9es industrielles<\/a><\/strong> souligne l&#039;importance d&#039;une s\u00e9paration fiable des solides et des performances des \u00e9quipements. Ressources industrielles de <strong data-start=\"6477\" data-end=\"6543\"><a class=\"decorated-link cursor-pointer\" target=\"_new\" rel=\"noopener\" data-start=\"6479\" data-end=\"6541\">F\u00e9d\u00e9ration pour l&#039;environnement de l&#039;eau<\/a><\/strong> Il convient \u00e9galement de souligner l&#039;importance de la maintenance proactive des \u00e9quipements comme facteur cl\u00e9 de l&#039;efficacit\u00e9 op\u00e9rationnelle et de la r\u00e9duction des risques.<\/p>\n<p data-start=\"6654\" data-end=\"6878\">Les services de r\u00e9paration de Sentrimax soutiennent ces bonnes pratiques en garantissant que les syst\u00e8mes de centrifugeuses industrielles fonctionnent conform\u00e9ment aux sp\u00e9cifications de conception, aidant ainsi les installations \u00e0 r\u00e9duire les risques environnementaux, \u00e0 maintenir la conformit\u00e9 et \u00e0 prot\u00e9ger le personnel.<\/p>\n<hr data-start=\"6880\" data-end=\"6883\" \/>\n<h2 data-start=\"6885\" data-end=\"6919\">Assistance tout au long du cycle de vie au-del\u00e0 de la r\u00e9paration<\/h2>\n<p data-start=\"6921\" data-end=\"7304\">La r\u00e9paration efficace des centrifugeuses industrielles est d&#039;autant plus avantageuse qu&#039;elle s&#039;inscrit dans une strat\u00e9gie globale de gestion du cycle de vie. Sentrimax propose un accompagnement continu comprenant la surveillance de l&#039;\u00e9tat des \u00e9quipements, la documentation des performances et des recommandations en mati\u00e8re de planification de la maintenance. Cette approche ax\u00e9e sur le cycle de vie permet aux installations d&#039;optimiser les intervalles d&#039;entretien, de ma\u00eetriser les co\u00fbts et de maximiser le retour sur investissement.<\/p>\n<p data-start=\"7306\" data-end=\"7454\">Des informations techniques suppl\u00e9mentaires et des conseils de maintenance sont disponibles via le service interne. <strong data-start=\"7396\" data-end=\"7445\"><a class=\"decorated-link cursor-pointer\" target=\"_new\" rel=\"noopener\" data-start=\"7398\" data-end=\"7443\">Ressources<\/a><\/strong> section.<\/p>\n<hr data-start=\"7456\" data-end=\"7459\" \/>\n<h2 data-start=\"7461\" data-end=\"7515\">Partenaire de r\u00e9paration de centrifugeuses industrielles pour Chicago, Illinois<\/h2>\n<p data-start=\"7517\" data-end=\"7865\">Les installations industrielles de Chicago d\u00e9pendent de la fiabilit\u00e9 de leurs centrifugeuses pour garantir leur productivit\u00e9 et la stabilit\u00e9 de leurs op\u00e9rations. Un service de r\u00e9paration fiable est essentiel pour minimiser les risques et ma\u00eetriser les co\u00fbts \u00e0 long terme. Sentrimax propose des services de r\u00e9paration de centrifugeuses industrielles \u00e0 Chicago (Illinois) en privil\u00e9giant la qualit\u00e9, la pr\u00e9cision et la fiabilit\u00e9 \u00e0 long terme.<\/p>\n<p data-start=\"7867\" data-end=\"8029\">Des inspections d\u00e9taill\u00e9es aux r\u00e9parations de pr\u00e9cision en passant par un support continu tout au long du cycle de vie, Sentrimax offre aux op\u00e9rateurs industriels une totale confiance dans leurs syst\u00e8mes de centrifugeuses.<\/p>\n<hr data-start=\"8031\" data-end=\"8034\" \/>\n<h2 data-start=\"8036\" data-end=\"8057\">Passez \u00e0 l&#039;\u00e9tape suivante<\/h2>\n<p data-start=\"8059\" data-end=\"8251\">Un d\u00e9pannage rapide des centrifugeuses permet d&#039;\u00e9viter les arr\u00eats de production co\u00fbteux et les perturbations de la production. Sentrimax est \u00e0 la disposition des sites industriels de Chicago pour la r\u00e9paration de leurs centrifugeuses.<\/p>\n<p data-start=\"8253\" data-end=\"8307\"><strong data-start=\"8253\" data-end=\"8307\"><a class=\"decorated-link\" href=\"https:\/\/sentrimax.com\/fr\/contact\/\" target=\"_new\" rel=\"noopener\" data-start=\"8255\" data-end=\"8305\">Demandez un devis !<\/a><\/strong><\/p>","protected":false},"excerpt":{"rendered":"<p>Industrial processing facilities in Chicago, IL depend on centrifuge systems to maintain production efficiency, ensure product quality, and support continuous operations. From manufacturing and chemical processing to food, energy, and industrial wastewater applications, centrifuges play a critical role in separating solids, liquids, and slurries under demanding conditions. When industrial centrifuges experience wear, imbalance, or mechanical [&hellip;]<\/p>\n","protected":false},"author":3,"featured_media":0,"parent":0,"menu_order":0,"comment_status":"closed","ping_status":"closed","template":"seo-page-template.php","meta":{"_acf_changed":false,"inline_featured_image":false,"footnotes":""},"class_list":["post-2261","page","type-page","status-publish","hentry"],"acf":[],"_links":{"self":[{"href":"https:\/\/sentrimax.com\/fr\/wp-json\/wp\/v2\/pages\/2261","targetHints":{"allow":["GET"]}}],"collection":[{"href":"https:\/\/sentrimax.com\/fr\/wp-json\/wp\/v2\/pages"}],"about":[{"href":"https:\/\/sentrimax.com\/fr\/wp-json\/wp\/v2\/types\/page"}],"author":[{"embeddable":true,"href":"https:\/\/sentrimax.com\/fr\/wp-json\/wp\/v2\/users\/3"}],"replies":[{"embeddable":true,"href":"https:\/\/sentrimax.com\/fr\/wp-json\/wp\/v2\/comments?post=2261"}],"version-history":[{"count":1,"href":"https:\/\/sentrimax.com\/fr\/wp-json\/wp\/v2\/pages\/2261\/revisions"}],"predecessor-version":[{"id":2564,"href":"https:\/\/sentrimax.com\/fr\/wp-json\/wp\/v2\/pages\/2261\/revisions\/2564"}],"wp:attachment":[{"href":"https:\/\/sentrimax.com\/fr\/wp-json\/wp\/v2\/media?parent=2261"}],"curies":[{"name":"wp","href":"https:\/\/api.w.org\/{rel}","templated":true}]}}