{"id":2262,"date":"2026-01-06T22:08:38","date_gmt":"2026-01-06T22:08:38","guid":{"rendered":"https:\/\/sentrimax.com\/?page_id=2262"},"modified":"2026-04-21T21:18:44","modified_gmt":"2026-04-21T21:18:44","slug":"industrial-centrifuge-parts-repair-in-houston-tx","status":"publish","type":"page","link":"https:\/\/sentrimax.com\/fr\/industrial-centrifuge-parts-repair-in-houston-tx\/","title":{"rendered":"Pi\u00e8ces et r\u00e9paration de centrifugeuses industrielles \u00e0 Houston, Texas"},"content":{"rendered":"<p data-start=\"679\" data-end=\"1369\"><img fetchpriority=\"high\" decoding=\"async\" class=\"aligncenter size-full wp-image-2032\" src=\"https:\/\/sentrimax.com\/wp-content\/uploads\/2025\/07\/imgi_28_blog-image-1024x463-1.jpg\" alt=\"\" width=\"1024\" height=\"463\" srcset=\"https:\/\/sentrimax.com\/wp-content\/uploads\/2025\/07\/imgi_28_blog-image-1024x463-1.jpg 1024w, https:\/\/sentrimax.com\/wp-content\/uploads\/2025\/07\/imgi_28_blog-image-1024x463-1-300x136.jpg 300w, https:\/\/sentrimax.com\/wp-content\/uploads\/2025\/07\/imgi_28_blog-image-1024x463-1-768x347.jpg 768w, https:\/\/sentrimax.com\/wp-content\/uploads\/2025\/07\/imgi_28_blog-image-1024x463-1-18x8.jpg 18w, https:\/\/sentrimax.com\/wp-content\/uploads\/2025\/07\/imgi_28_blog-image-1024x463-1-600x271.jpg 600w\" sizes=\"(max-width: 1024px) 100vw, 1024px\" \/><\/p>\n<p data-start=\"679\" data-end=\"1369\">\u00c0 Houston, au Texas, les installations industrielles d\u00e9pendent des centrifugeuses pour maintenir leur productivit\u00e9, prot\u00e9ger les \u00e9quipements en aval et assurer la continuit\u00e9 des op\u00e9rations dans des environnements de production exigeants. Du traitement de l&#039;\u00e9nergie et de la chimie \u00e0 la fabrication et au traitement des eaux us\u00e9es industrielles, les centrifugeuses jouent un r\u00f4le crucial dans la s\u00e9paration des solides, des liquides et des boues sous fortes charges. L&#039;usure des composants ou les pannes m\u00e9caniques des centrifugeuses peuvent impacter la productivit\u00e9, la s\u00e9curit\u00e9 et la rentabilit\u00e9. Sentrimax fournit des pi\u00e8ces d\u00e9tach\u00e9es et des services de r\u00e9paration professionnels pour centrifugeuses industrielles \u00e0 Houston, au Texas, aidant ainsi les installations \u00e0 r\u00e9tablir les performances et \u00e0 prolonger la dur\u00e9e de vie de leurs \u00e9quipements critiques.<\/p>\n<p data-start=\"1371\" data-end=\"1757\">Forte de plusieurs d\u00e9cennies d&#039;exp\u00e9rience dans le soutien aux syst\u00e8mes de centrifugeuses industrielles en Am\u00e9rique du Nord, Sentrimax fournit des pi\u00e8ces de pr\u00e9cision et des solutions de r\u00e9paration con\u00e7ues pour minimiser les temps d&#039;arr\u00eat, am\u00e9liorer la fiabilit\u00e9 et faciliter la planification op\u00e9rationnelle \u00e0 long terme. Chaque intervention est r\u00e9alis\u00e9e selon des processus qualit\u00e9 document\u00e9s et une approche rigoureuse et transparente ax\u00e9e sur la performance et la constance.<\/p>\n<hr data-start=\"1759\" data-end=\"1762\" \/>\n<h2 data-start=\"1764\" data-end=\"1820\">Soutien aux op\u00e9rations de transformation industrielle de Houston<\/h2>\n<p data-start=\"1822\" data-end=\"2258\">Houston abrite l&#039;une des \u00e9conomies industrielles et \u00e9nerg\u00e9tiques les plus importantes des \u00c9tats-Unis. Les installations exploitent des centrifugeuses dans des conditions de fonctionnement extr\u00eames, notamment \u00e0 hautes temp\u00e9ratures, avec des mat\u00e9riaux abrasifs et en cycle de service continu. Le maintien de performances fiables des centrifugeuses est essentiel pour atteindre les objectifs de production, ma\u00eetriser les co\u00fbts d&#039;exploitation et respecter les normes environnementales et de s\u00e9curit\u00e9.<\/p>\n<p data-start=\"2260\" data-end=\"2541\">Sentrimax collabore \u00e9troitement avec les op\u00e9rateurs industriels de la r\u00e9gion de Houston pour garantir la fiabilit\u00e9 des syst\u00e8mes de centrifugation. En associant des pi\u00e8ces de rechange de haute qualit\u00e9 \u00e0 des services de r\u00e9paration sp\u00e9cialis\u00e9s, les installations b\u00e9n\u00e9ficient d&#039;un meilleur contr\u00f4le sur la planification de la maintenance et les performances de leurs \u00e9quipements.<\/p>\n<hr data-start=\"2543\" data-end=\"2546\" \/>\n<h2 data-start=\"2548\" data-end=\"2589\">Processus de pi\u00e8ces et de r\u00e9paration certifi\u00e9 ISO<\/h2>\n<p data-start=\"2591\" data-end=\"2901\">Sentrimax op\u00e8re selon un syst\u00e8me de gestion de la qualit\u00e9 certifi\u00e9 ISO 9001:2015, garantissant que chaque r\u00e9paration de centrifugeuse industrielle et chaque commande de pi\u00e8ces d\u00e9tach\u00e9es suivent un processus structur\u00e9 et reproductible. Le contr\u00f4le qualit\u00e9, la documentation et la tra\u00e7abilit\u00e9 sont int\u00e9gr\u00e9s \u00e0 chaque \u00e9tape, de l&#039;inspection initiale aux tests finaux et \u00e0 la livraison.<\/p>\n<p data-start=\"2903\" data-end=\"3353\">Chaque r\u00e9paration d\u00e9bute par une \u00e9valuation compl\u00e8te pouvant inclure une analyse d&#039;huile, une v\u00e9rification dimensionnelle et une \u00e9valuation de l&#039;\u00e9tat des composants. Les r\u00e9sultats sont clairement document\u00e9s et communiqu\u00e9s afin que les \u00e9quipes de maintenance puissent prendre des d\u00e9cisions \u00e9clair\u00e9es concernant l&#039;\u00e9tendue des r\u00e9parations, le remplacement des pi\u00e8ces et la strat\u00e9gie \u00e0 long terme des \u00e9quipements. Des informations compl\u00e9mentaires sur cette m\u00e9thodologie sont disponibles sur le site interne. <strong data-start=\"3294\" data-end=\"3347\"><a class=\"decorated-link\" href=\"https:\/\/sentrimax.com\/fr\/our-process\/?utm_source=chatgpt.com\" target=\"_new\" rel=\"noopener\" data-start=\"3296\" data-end=\"3345\">Notre processus<\/a><\/strong> page.<\/p>\n<hr data-start=\"3355\" data-end=\"3358\" \/>\n<h2 data-start=\"3360\" data-end=\"3397\">Fourniture de pi\u00e8ces d\u00e9tach\u00e9es pour centrifugeuses industrielles<\/h2>\n<h3 data-start=\"3399\" data-end=\"3439\"><strong data-start=\"3403\" data-end=\"3439\">Composants de remplacement de pr\u00e9cision<\/strong><\/h3>\n<p data-start=\"3440\" data-end=\"3737\">Sentrimax fournit des pi\u00e8ces pour centrifugeuses industrielles con\u00e7ues pour respecter, voire d\u00e9passer, les sp\u00e9cifications d&#039;origine. Ces composants sont con\u00e7us pour r\u00e9sister aux environnements industriels difficiles et aux conditions d&#039;exploitation exigeantes, contribuant ainsi \u00e0 maintenir des performances constantes et \u00e0 prolonger la dur\u00e9e de vie des \u00e9quipements.<\/p>\n<h3 data-start=\"3739\" data-end=\"3783\"><strong data-start=\"3743\" data-end=\"3783\">Roulements, joints d&#039;\u00e9tanch\u00e9it\u00e9 et composants d&#039;usure<\/strong><\/h3>\n<p data-start=\"3784\" data-end=\"4072\">Les roulements, les joints et les pi\u00e8ces d&#039;usure sont soumis \u00e0 des contraintes m\u00e9caniques et \u00e0 une abrasion constantes. Sentrimax fournit des composants de rechange adapt\u00e9s pour garantir un montage correct, des performances optimales et une longue dur\u00e9e de vie. Le remplacement opportun de ces pi\u00e8ces permet de pr\u00e9venir les dommages secondaires et les arr\u00eats de production impr\u00e9vus.<\/p>\n<h3 data-start=\"4074\" data-end=\"4115\"><strong data-start=\"4078\" data-end=\"4115\">Bo\u00eetes de vitesses et ensembles m\u00e9caniques<\/strong><\/h3>\n<p data-start=\"4116\" data-end=\"4364\">Les r\u00e9ducteurs et les ensembles rotatifs des centrifugeuses industrielles fonctionnent sous des couples \u00e9lev\u00e9s et des charges continues. Sentrimax fournit et assure le support des composants m\u00e9caniques critiques afin de r\u00e9tablir la fiabilit\u00e9 et l&#039;efficacit\u00e9, r\u00e9duisant ainsi le risque de panne catastrophique.<\/p>\n<hr data-start=\"4366\" data-end=\"4369\" \/>\n<h2 data-start=\"4371\" data-end=\"4425\">Services complets de r\u00e9paration de centrifugeuses industrielles<\/h2>\n<h3 data-start=\"4427\" data-end=\"4463\"><strong data-start=\"4431\" data-end=\"4463\">R\u00e9paration et r\u00e9vision compl\u00e8tes<\/strong><\/h3>\n<p data-start=\"4464\" data-end=\"4858\">Sentrimax propose des services complets de r\u00e9paration et de r\u00e9vision de centrifugeuses industrielles afin de remettre les \u00e9quipements en parfait \u00e9tat de fonctionnement. Ces services comprennent le d\u00e9montage complet, l&#039;inspection des pi\u00e8ces d&#039;usure, l&#039;usinage de pr\u00e9cision, le soudage, le remplacement des roulements, la pose de joints d&#039;\u00e9tanch\u00e9it\u00e9 et un remontage soign\u00e9 respectant des tol\u00e9rances strictes. Ces r\u00e9parations permettent aux installations de prolonger la dur\u00e9e de vie des \u00e9quipements et de retarder leur remplacement.<\/p>\n<h3 data-start=\"4860\" data-end=\"4895\"><strong data-start=\"4864\" data-end=\"4895\">\u00c9quilibrage dynamique de pr\u00e9cision<\/strong><\/h3>\n<p data-start=\"4896\" data-end=\"5172\">Le d\u00e9s\u00e9quilibre est une cause majeure de vibrations, d&#039;usure acc\u00e9l\u00e9r\u00e9e et de d\u00e9faillances m\u00e9caniques pr\u00e9matur\u00e9es. Sentrimax r\u00e9alise un \u00e9quilibrage dynamique avanc\u00e9 sur trois plans conforme \u00e0 la norme ISO G 0.5, r\u00e9duisant consid\u00e9rablement les vibrations et prot\u00e9geant les composants critiques tels que les roulements et les bo\u00eetes de vitesses.<\/p>\n<h3 data-start=\"5174\" data-end=\"5218\"><strong data-start=\"5178\" data-end=\"5218\">R\u00e9paration de bo\u00eetes de vitesses et d&#039;ensembles rotatifs<\/strong><\/h3>\n<p data-start=\"5219\" data-end=\"5448\">Sentrimax propose des services d&#039;inspection, de remise en \u00e9tat et de r\u00e9paration m\u00e9canique d\u00e9taill\u00e9s pour les r\u00e9ducteurs des centrifugeuses industrielles. Ces services permettent de r\u00e9tablir les performances et l&#039;efficacit\u00e9 tout en contribuant \u00e0 pr\u00e9venir les interruptions de production impr\u00e9vues.<\/p>\n<p data-start=\"5450\" data-end=\"5583\">Vous trouverez une pr\u00e9sentation compl\u00e8te des capacit\u00e9s de r\u00e9paration et d&#039;entretien sur le site interne. <strong data-start=\"5530\" data-end=\"5577\"><a class=\"decorated-link\" href=\"https:\/\/sentrimax.com\/fr\/services\/?utm_source=chatgpt.com\" target=\"_new\" rel=\"noopener\" data-start=\"5532\" data-end=\"5575\">Services<\/a><\/strong> page.<\/p>\n<hr data-start=\"5585\" data-end=\"5588\" \/>\n<h2 data-start=\"5590\" data-end=\"5637\">Solutions sur mesure pour les installations industrielles<\/h2>\n<p data-start=\"5639\" data-end=\"5999\">Aucune installation industrielle ne fonctionne dans des conditions identiques. Les mat\u00e9riaux utilis\u00e9s, les exigences de d\u00e9bit, les plages de temp\u00e9rature et les contraintes r\u00e9glementaires varient consid\u00e9rablement d&#039;une installation \u00e0 l&#039;autre dans la r\u00e9gion de Houston. Sentrimax con\u00e7oit des pi\u00e8ces de centrifugeuse sur mesure et des solutions de r\u00e9paration adapt\u00e9es \u00e0 l&#039;environnement d&#039;exploitation sp\u00e9cifique de chaque installation, plut\u00f4t que d&#039;appliquer des approches g\u00e9n\u00e9riques.<\/p>\n<p data-start=\"6001\" data-end=\"6267\">Une documentation claire et une communication transparente permettent aux \u00e9quipes de maintenance de planifier leurs interventions de mani\u00e8re proactive, de g\u00e9rer efficacement leurs budgets et de r\u00e9duire les r\u00e9parations d&#039;urgence. Cette approche personnalis\u00e9e favorise une meilleure pr\u00e9visibilit\u00e9 op\u00e9rationnelle et une fiabilit\u00e9 accrue \u00e0 long terme.<\/p>\n<hr data-start=\"6269\" data-end=\"6272\" \/>\n<h2 data-start=\"6274\" data-end=\"6323\">Minimiser les temps d&#039;arr\u00eat dans les environnements industriels<\/h2>\n<p data-start=\"6325\" data-end=\"6609\">Les arr\u00eats impr\u00e9vus des centrifugeuses peuvent perturber les calendriers de production, impacter la qualit\u00e9 des produits et augmenter les co\u00fbts d&#039;exploitation. Sentrimax privil\u00e9gie la disponibilit\u00e9 rapide des pi\u00e8ces d\u00e9tach\u00e9es, la planification coordonn\u00e9e des r\u00e9parations et une communication r\u00e9active afin de remettre les \u00e9quipements en service dans les meilleurs d\u00e9lais.<\/p>\n<p data-start=\"6611\" data-end=\"6774\">En combinant une gestion proactive des pi\u00e8ces d\u00e9tach\u00e9es et une ex\u00e9cution experte des r\u00e9parations, Sentrimax assure la fiabilit\u00e9 des op\u00e9rations industrielles dans toute la r\u00e9gion de Houston et ses environs.<\/p>\n<hr data-start=\"6776\" data-end=\"6779\" \/>\n<h2 data-start=\"6781\" data-end=\"6831\">Conformit\u00e9, s\u00e9curit\u00e9 et meilleures pratiques de l&#039;industrie<\/h2>\n<p data-start=\"6833\" data-end=\"7383\">Les installations industrielles doivent s&#039;assurer que les syst\u00e8mes de centrifugation fonctionnent conform\u00e9ment aux r\u00e9glementations environnementales et de s\u00e9curit\u00e9. Consultez les recommandations de la <strong data-start=\"6968\" data-end=\"7083\"><a class=\"decorated-link\" href=\"https:\/\/www.epa.gov\/npdes\/industrial-wastewater\" target=\"_new\" rel=\"noopener\" data-start=\"6970\" data-end=\"7081\">Agence am\u00e9ricaine de protection de l&#039;environnement \u2013 Eaux us\u00e9es industrielles<\/a><\/strong> souligne l&#039;importance d&#039;\u00e9quipements de s\u00e9paration des solides fiables pour le maintien de la conformit\u00e9. Ressources industrielles de <strong data-start=\"7205\" data-end=\"7271\"><a class=\"decorated-link cursor-pointer\" target=\"_new\" rel=\"noopener\" data-start=\"7207\" data-end=\"7269\">F\u00e9d\u00e9ration pour l&#039;environnement de l&#039;eau<\/a><\/strong> Il convient \u00e9galement de souligner l&#039;importance de la maintenance proactive des \u00e9quipements comme facteur cl\u00e9 de l&#039;efficacit\u00e9 op\u00e9rationnelle et de la r\u00e9duction des risques.<\/p>\n<p data-start=\"7385\" data-end=\"7587\">Les pi\u00e8ces et les services de r\u00e9paration de Sentrimax soutiennent ces meilleures pratiques en aidant les installations \u00e0 maintenir les performances des centrifugeuses conform\u00e9ment aux sp\u00e9cifications de conception, en r\u00e9duisant les risques environnementaux et en prot\u00e9geant le personnel.<\/p>\n<hr data-start=\"7589\" data-end=\"7592\" \/>\n<h2 data-start=\"7594\" data-end=\"7638\">Assistance tout au long du cycle de vie, au-del\u00e0 des pi\u00e8ces et des r\u00e9parations<\/h2>\n<p data-start=\"7640\" data-end=\"8023\">La maintenance et la r\u00e9paration des pi\u00e8ces d\u00e9tach\u00e9es pour centrifugeuses industrielles sont optimales lorsqu&#039;elles s&#039;inscrivent dans une strat\u00e9gie de cycle de vie \u00e0 long terme. Sentrimax propose un accompagnement continu comprenant la surveillance de l&#039;\u00e9tat des \u00e9quipements, la documentation des interventions et des recommandations pour la planification de la maintenance. Cette approche globale permet aux installations d&#039;optimiser les intervalles d&#039;entretien, de ma\u00eetriser les co\u00fbts et de maximiser le retour sur investissement.<\/p>\n<p data-start=\"8025\" data-end=\"8173\">Des informations techniques suppl\u00e9mentaires et des conseils de maintenance sont disponibles via le service interne. <strong data-start=\"8115\" data-end=\"8164\"><a class=\"decorated-link cursor-pointer\" target=\"_new\" rel=\"noopener\" data-start=\"8117\" data-end=\"8162\">Ressources<\/a><\/strong> section.<\/p>\n<hr data-start=\"8175\" data-end=\"8178\" \/>\n<h2 data-start=\"8180\" data-end=\"8242\">Fournisseur de pi\u00e8ces et de r\u00e9parations pour centrifugeuses industrielles \u00e0 Houston, Texas.<\/h2>\n<p data-start=\"8244\" data-end=\"8617\">Les installations industrielles de Houston d\u00e9pendent de syst\u00e8mes de centrifugation fiables pour maintenir leur productivit\u00e9 et la stabilit\u00e9 de leurs op\u00e9rations. Des pi\u00e8ces de pr\u00e9cision et un service de r\u00e9paration expert sont essentiels pour minimiser les risques et ma\u00eetriser les co\u00fbts \u00e0 long terme. Sentrimax fournit des pi\u00e8ces d\u00e9tach\u00e9es et des services de r\u00e9paration pour centrifugeuses industrielles \u00e0 Houston (Texas), en privil\u00e9giant la qualit\u00e9, la pr\u00e9cision et la fiabilit\u00e9 \u00e0 long terme.<\/p>\n<p data-start=\"8619\" data-end=\"8771\">De la fourniture de composants \u00e0 la r\u00e9paration compl\u00e8te et au support tout au long du cycle de vie, Sentrimax offre aux op\u00e9rateurs industriels une confiance totale dans leurs syst\u00e8mes de centrifugation.<\/p>\n<hr data-start=\"8773\" data-end=\"8776\" \/>\n<h2 data-start=\"8778\" data-end=\"8799\">Passez \u00e0 l&#039;\u00e9tape suivante<\/h2>\n<p data-start=\"8801\" data-end=\"9014\">La prise en charge rapide de l&#039;usure et des pannes des centrifugeuses permet d&#039;\u00e9viter les arr\u00eats de production co\u00fbteux et les perturbations de la production. Sentrimax est \u00e0 la disposition des sites industriels de Houston pour leur fournir des pi\u00e8ces d\u00e9tach\u00e9es et des services de r\u00e9paration de centrifugeuses de qualit\u00e9.<\/p>\n<p data-start=\"9016\" data-end=\"9070\"><strong data-start=\"9016\" data-end=\"9070\"><a class=\"decorated-link\" href=\"https:\/\/sentrimax.com\/fr\/contact\/\" target=\"_new\" rel=\"noopener\" data-start=\"9018\" data-end=\"9068\">Demandez un devis !<\/a><\/strong><\/p>","protected":false},"excerpt":{"rendered":"<p>Industrial facilities in Houston, TX rely on centrifuge systems to maintain production efficiency, protect downstream equipment, and support continuous operations across demanding process environments. From energy and chemical processing to manufacturing and industrial wastewater applications, centrifuges play a critical role in separating solids, liquids, and slurries under high loads. When centrifuge components wear or mechanical [&hellip;]<\/p>\n","protected":false},"author":3,"featured_media":0,"parent":0,"menu_order":0,"comment_status":"closed","ping_status":"closed","template":"seo-page-template.php","meta":{"_acf_changed":false,"inline_featured_image":false,"footnotes":""},"class_list":["post-2262","page","type-page","status-publish","hentry"],"acf":[],"_links":{"self":[{"href":"https:\/\/sentrimax.com\/fr\/wp-json\/wp\/v2\/pages\/2262","targetHints":{"allow":["GET"]}}],"collection":[{"href":"https:\/\/sentrimax.com\/fr\/wp-json\/wp\/v2\/pages"}],"about":[{"href":"https:\/\/sentrimax.com\/fr\/wp-json\/wp\/v2\/types\/page"}],"author":[{"embeddable":true,"href":"https:\/\/sentrimax.com\/fr\/wp-json\/wp\/v2\/users\/3"}],"replies":[{"embeddable":true,"href":"https:\/\/sentrimax.com\/fr\/wp-json\/wp\/v2\/comments?post=2262"}],"version-history":[{"count":1,"href":"https:\/\/sentrimax.com\/fr\/wp-json\/wp\/v2\/pages\/2262\/revisions"}],"predecessor-version":[{"id":2563,"href":"https:\/\/sentrimax.com\/fr\/wp-json\/wp\/v2\/pages\/2262\/revisions\/2563"}],"wp:attachment":[{"href":"https:\/\/sentrimax.com\/fr\/wp-json\/wp\/v2\/media?parent=2262"}],"curies":[{"name":"wp","href":"https:\/\/api.w.org\/{rel}","templated":true}]}}