{"id":2265,"date":"2026-01-07T14:35:35","date_gmt":"2026-01-07T14:35:35","guid":{"rendered":"https:\/\/sentrimax.com\/?page_id=2265"},"modified":"2026-04-21T21:16:05","modified_gmt":"2026-04-21T21:16:05","slug":"industrial-decanter-centrifuge-service-in-detroit-mi","status":"publish","type":"page","link":"https:\/\/sentrimax.com\/fr\/industrial-decanter-centrifuge-service-in-detroit-mi\/","title":{"rendered":"Service de d\u00e9cantation et de centrifugation industrielles \u00e0 D\u00e9troit, Michigan"},"content":{"rendered":"<p data-start=\"683\" data-end=\"1377\"><img fetchpriority=\"high\" decoding=\"async\" class=\"aligncenter size-full wp-image-1614\" src=\"https:\/\/sentrimax.com\/wp-content\/uploads\/2025\/07\/Manufacturing-1.png\" alt=\"\" width=\"1536\" height=\"1024\" srcset=\"https:\/\/sentrimax.com\/wp-content\/uploads\/2025\/07\/Manufacturing-1.png 1536w, https:\/\/sentrimax.com\/wp-content\/uploads\/2025\/07\/Manufacturing-1-300x200.png 300w, https:\/\/sentrimax.com\/wp-content\/uploads\/2025\/07\/Manufacturing-1-1024x683.png 1024w, https:\/\/sentrimax.com\/wp-content\/uploads\/2025\/07\/Manufacturing-1-768x512.png 768w, https:\/\/sentrimax.com\/wp-content\/uploads\/2025\/07\/Manufacturing-1-600x400.png 600w\" sizes=\"(max-width: 1536px) 100vw, 1536px\" \/><\/p>\n<p data-start=\"683\" data-end=\"1377\">\u00c0 D\u00e9troit, dans le Michigan, les op\u00e9rations industrielles d\u00e9pendent des centrifugeuses d\u00e9canteuses pour assurer une production continue, prot\u00e9ger les \u00e9quipements en aval et garantir une s\u00e9paration pr\u00e9cise des solides et des liquides dans des proc\u00e9d\u00e9s exigeants. De la fabrication et du traitement chimique aux applications \u00e9nerg\u00e9tiques, agroalimentaires et de traitement des eaux us\u00e9es industrielles, les centrifugeuses d\u00e9canteuses fonctionnent sous des charges \u00e9lev\u00e9es et des cycles de service prolong\u00e9s. Tout retard ou irr\u00e9gularit\u00e9 de maintenance entra\u00eene une augmentation des temps d&#039;arr\u00eat, des co\u00fbts d&#039;exploitation et un risque accru de pannes m\u00e9caniques. Sentrimax propose un service professionnel de maintenance des centrifugeuses d\u00e9canteuses industrielles \u00e0 D\u00e9troit, dans le Michigan, aidant ainsi les installations \u00e0 maintenir leurs performances, leur fiabilit\u00e9 et leur stabilit\u00e9 op\u00e9rationnelle \u00e0 long terme.<\/p>\n<p data-start=\"1379\" data-end=\"1743\">Forte de plusieurs d\u00e9cennies d&#039;exp\u00e9rience dans le support des syst\u00e8mes de centrifugeuses industrielles en Am\u00e9rique du Nord, Sentrimax propose des solutions de service structur\u00e9es con\u00e7ues pour prolonger la dur\u00e9e de vie des \u00e9quipements, am\u00e9liorer la constance des processus et r\u00e9duire les arr\u00eats impr\u00e9vus. Chaque intervention est r\u00e9alis\u00e9e selon des processus qualit\u00e9 document\u00e9s et une approche rigoureuse et transparente ax\u00e9e sur les r\u00e9sultats.<\/p>\n<hr data-start=\"1745\" data-end=\"1748\" \/>\n<h2 data-start=\"1750\" data-end=\"1806\">Soutien aux op\u00e9rations de transformation industrielle de D\u00e9troit<\/h2>\n<p data-start=\"1808\" data-end=\"2230\">Le tissu industriel de D\u00e9troit comprend la fabrication automobile, les mat\u00e9riaux de pointe, la chimie et l&#039;industrie lourde. Les installations de ces secteurs d\u00e9pendent de la fiabilit\u00e9 des centrifugeuses pour atteindre leurs objectifs de production et maintenir des normes de qualit\u00e9 \u00e9lev\u00e9es. En milieu industriel, les centrifugeuses d\u00e9canteuses sont souvent expos\u00e9es \u00e0 des mat\u00e9riaux abrasifs, \u00e0 des vitesses de rotation \u00e9lev\u00e9es et \u00e0 un fonctionnement continu, ce qui rend la maintenance pr\u00e9ventive indispensable.<\/p>\n<p data-start=\"2232\" data-end=\"2520\">Sentrimax collabore \u00e9troitement avec les op\u00e9rateurs industriels de la r\u00e9gion de D\u00e9troit pour garantir la fiabilit\u00e9 des syst\u00e8mes de centrifugation d\u00e9canteurs. Gr\u00e2ce \u00e0 un service r\u00e9gulier, des inspections d\u00e9taill\u00e9es et une maintenance cibl\u00e9e, les installations b\u00e9n\u00e9ficient d&#039;un meilleur contr\u00f4le sur l&#039;\u00e9tat de leurs \u00e9quipements et la planification de leur maintenance.<\/p>\n<hr data-start=\"2522\" data-end=\"2525\" \/>\n<h2 data-start=\"2527\" data-end=\"2581\">Processus de service certifi\u00e9 ISO, con\u00e7u pour la fiabilit\u00e9<\/h2>\n<p data-start=\"2583\" data-end=\"2886\">Sentrimax op\u00e8re selon un syst\u00e8me de gestion de la qualit\u00e9 certifi\u00e9 ISO 9001:2015, garantissant que chaque intervention sur centrifugeuse d\u00e9canteuse industrielle suit un processus structur\u00e9 et reproductible. Ce syst\u00e8me met l&#039;accent sur la coh\u00e9rence, la documentation et la responsabilisation, de la r\u00e9ception du mat\u00e9riel jusqu&#039;aux tests finaux et \u00e0 la production des rapports.<\/p>\n<p data-start=\"2888\" data-end=\"3381\">Chaque intervention de service d\u00e9bute par une inspection compl\u00e8te pouvant inclure une analyse d&#039;huile, un contr\u00f4le vibratoire, une v\u00e9rification dimensionnelle et une \u00e9valuation de l&#039;\u00e9tat des composants. Les r\u00e9sultats sont clairement document\u00e9s et communiqu\u00e9s afin que les responsables d&#039;usine et les \u00e9quipes de maintenance puissent prendre des d\u00e9cisions \u00e9clair\u00e9es concernant le p\u00e9rim\u00e8tre de l&#039;intervention, sa planification et les strat\u00e9gies de maintenance \u00e0 long terme. Des informations compl\u00e9mentaires sur cette m\u00e9thodologie sont disponibles sur notre site web interne. <strong data-start=\"3322\" data-end=\"3375\"><a class=\"decorated-link\" href=\"https:\/\/sentrimax.com\/fr\/our-process\/?utm_source=chatgpt.com\" target=\"_new\" rel=\"noopener\" data-start=\"3324\" data-end=\"3373\">Notre processus<\/a><\/strong> page.<\/p>\n<hr data-start=\"3383\" data-end=\"3386\" \/>\n<h2 data-start=\"3388\" data-end=\"3456\">Capacit\u00e9s compl\u00e8tes de service pour les centrifugeuses d\u00e9canteuses industrielles<\/h2>\n<h3 data-start=\"3458\" data-end=\"3499\"><strong data-start=\"3462\" data-end=\"3499\">Inspection et service pr\u00e9ventif<\/strong><\/h3>\n<p data-start=\"3500\" data-end=\"3796\">L&#039;inspection r\u00e9guli\u00e8re et la maintenance pr\u00e9ventive permettent de d\u00e9tecter les probl\u00e8mes naissants avant qu&#039;ils n&#039;entra\u00eenent une panne. Sentrimax propose des programmes d&#039;entretien planifi\u00e9 comprenant des inspections, la lubrification, les r\u00e9glages et les contr\u00f4les de performance afin de garantir un fonctionnement fiable et de r\u00e9duire les temps d&#039;arr\u00eat impr\u00e9vus.<\/p>\n<h3 data-start=\"3798\" data-end=\"3839\"><strong data-start=\"3802\" data-end=\"3839\">Services de r\u00e9paration et de remise \u00e0 neuf<\/strong><\/h3>\n<p data-start=\"3840\" data-end=\"4154\">Lorsque les composants d&#039;une centrifugeuse d\u00e9canteuse pr\u00e9sentent des signes d&#039;usure ou de dommages, Sentrimax propose des services de r\u00e9paration et de remise \u00e0 neuf de pr\u00e9cision. Ces services comprennent le d\u00e9montage, l&#039;inspection, l&#039;usinage, le soudage, le remplacement des composants et le remontage avec une grande pr\u00e9cision, permettant ainsi de r\u00e9tablir le fonctionnement optimal de l&#039;\u00e9quipement.<\/p>\n<h3 data-start=\"4156\" data-end=\"4210\"><strong data-start=\"4160\" data-end=\"4210\">\u00c9quilibrage dynamique et v\u00e9rification des performances<\/strong><\/h3>\n<p data-start=\"4211\" data-end=\"4492\">Le d\u00e9s\u00e9quilibre est une cause majeure de vibrations, d&#039;usure acc\u00e9l\u00e9r\u00e9e et de r\u00e9duction du rendement des centrifugeuses. Dans le cadre de son service d&#039;entretien des centrifugeuses d\u00e9canteuses industrielles, Sentrimax effectue un \u00e9quilibrage dynamique avanc\u00e9 et une v\u00e9rification des performances afin de garantir un fonctionnement optimal et de prot\u00e9ger les composants critiques.<\/p>\n<p data-start=\"4494\" data-end=\"4622\">Vous trouverez un aper\u00e7u des services disponibles sur le site interne. <strong data-start=\"4569\" data-end=\"4616\"><a class=\"decorated-link\" href=\"https:\/\/sentrimax.com\/fr\/services\/?utm_source=chatgpt.com\" target=\"_new\" rel=\"noopener\" data-start=\"4571\" data-end=\"4614\">Services<\/a><\/strong> page.<\/p>\n<hr data-start=\"4624\" data-end=\"4627\" \/>\n<h2 data-start=\"4629\" data-end=\"4684\">Solutions de services sur mesure pour les installations industrielles<\/h2>\n<p data-start=\"4686\" data-end=\"5048\">Chaque installation industrielle fonctionne dans des conditions uniques. Les mat\u00e9riaux utilis\u00e9s, les exigences de d\u00e9bit, les plages de temp\u00e9rature et les contraintes r\u00e9glementaires varient consid\u00e9rablement d&#039;une installation \u00e0 l&#039;autre dans la r\u00e9gion de D\u00e9troit. Sentrimax con\u00e7oit des solutions de maintenance sur mesure pour ses centrifugeuses d\u00e9canteuses, adapt\u00e9es \u00e0 l&#039;environnement d&#039;exploitation sp\u00e9cifique de chaque installation, plut\u00f4t que d&#039;appliquer des programmes de maintenance standardis\u00e9s.<\/p>\n<p data-start=\"5050\" data-end=\"5342\">Une documentation claire et une communication transparente permettent aux \u00e9quipes de maintenance de comprendre l&#039;\u00e9tat des \u00e9quipements, de planifier les interventions de mani\u00e8re proactive et de g\u00e9rer efficacement les budgets. Cette approche personnalis\u00e9e contribue \u00e0 r\u00e9duire les r\u00e9parations d&#039;urgence et \u00e0 am\u00e9liorer la pr\u00e9visibilit\u00e9 op\u00e9rationnelle \u00e0 long terme.<\/p>\n<hr data-start=\"5344\" data-end=\"5347\" \/>\n<h2 data-start=\"5349\" data-end=\"5398\">Minimiser les temps d&#039;arr\u00eat dans les environnements industriels<\/h2>\n<p data-start=\"5400\" data-end=\"5775\">Les arr\u00eats impr\u00e9vus des centrifugeuses d\u00e9canteuses peuvent perturber les calendriers de production, impacter la qualit\u00e9 des produits et augmenter les co\u00fbts d&#039;exploitation. Sentrimax privil\u00e9gie une planification proactive des interventions, des d\u00e9lais d&#039;ex\u00e9cution rapides et une planification coordonn\u00e9e afin de garantir le fonctionnement fiable des centrifugeuses. Une communication r\u00e9active et un support technique de qualit\u00e9 contribuent \u00e9galement \u00e0 minimiser les temps d&#039;arr\u00eat en cas de besoin de maintenance.<\/p>\n<p data-start=\"5777\" data-end=\"5938\">En combinant des strat\u00e9gies de maintenance pr\u00e9ventive et une ex\u00e9cution experte, Sentrimax assure la continuit\u00e9 des op\u00e9rations industrielles dans tout D\u00e9troit et les r\u00e9gions environnantes.<\/p>\n<hr data-start=\"5940\" data-end=\"5943\" \/>\n<h2 data-start=\"5945\" data-end=\"5995\">Conformit\u00e9, s\u00e9curit\u00e9 et meilleures pratiques de l&#039;industrie<\/h2>\n<p data-start=\"5997\" data-end=\"6492\">Les installations industrielles doivent s&#039;assurer que les syst\u00e8mes de centrifugation d\u00e9canteurs fonctionnent conform\u00e9ment aux normes environnementales, de s\u00e9curit\u00e9 et d&#039;exploitation. Consultez les recommandations de la <strong data-start=\"6153\" data-end=\"6228\">Agence am\u00e9ricaine de protection de l&#039;environnement \u2013 Gestion des eaux us\u00e9es industrielles<\/strong> souligne l&#039;importance d&#039;\u00e9quipements de s\u00e9paration des solides fiables pour le maintien de la conformit\u00e9. Ressources industrielles de <strong data-start=\"6350\" data-end=\"6382\">F\u00e9d\u00e9ration pour l&#039;environnement de l&#039;eau<\/strong> Nous insistons \u00e9galement sur le fait que le service et la maintenance proactifs sont des facteurs cl\u00e9s de l&#039;efficacit\u00e9 op\u00e9rationnelle et de la r\u00e9duction des risques.<\/p>\n<p data-start=\"6494\" data-end=\"6545\">Vous trouverez ci-dessous des ressources externes pour obtenir des conseils suppl\u00e9mentaires\u00a0:<\/p>\n<ul data-start=\"6546\" data-end=\"6632\">\n<li data-start=\"6546\" data-end=\"6597\">\n<p data-start=\"6548\" data-end=\"6597\"><a class=\"decorated-link\" href=\"https:\/\/www.epa.gov\/npdes\/industrial-wastewater\" target=\"_new\" rel=\"noopener\" data-start=\"6548\" data-end=\"6595\">https:\/\/www.epa.gov\/npdes\/industrial-wastewater<\/a><\/p>\n<\/li>\n<li data-start=\"6598\" data-end=\"6632\">\n<p data-start=\"6600\" data-end=\"6632\"><a class=\"decorated-link cursor-pointer\" target=\"_new\" rel=\"noopener\" data-start=\"6600\" data-end=\"6630\">https:\/\/www.wef.org\/resources\/<\/a><\/p>\n<\/li>\n<\/ul>\n<p data-start=\"6634\" data-end=\"6850\">Le service de centrifugation d\u00e9canteuse industrielle Sentrimax soutient ces meilleures pratiques en aidant les installations \u00e0 maintenir les performances des centrifugeuses conform\u00e9ment aux sp\u00e9cifications de conception, en r\u00e9duisant les risques environnementaux et en prot\u00e9geant le personnel.<\/p>\n<hr data-start=\"6852\" data-end=\"6855\" \/>\n<h2 data-start=\"6857\" data-end=\"6900\">Assistance tout au long du cycle de vie au-del\u00e0 du service de routine<\/h2>\n<p data-start=\"6902\" data-end=\"7301\">Un service efficace pour les centrifugeuses d\u00e9canteuses industrielles est optimal lorsqu&#039;il est int\u00e9gr\u00e9 \u00e0 une strat\u00e9gie globale de gestion du cycle de vie. Sentrimax propose un accompagnement continu comprenant la surveillance de l&#039;\u00e9tat des \u00e9quipements, la documentation des interventions et des recommandations pour la planification de la maintenance \u00e0 long terme. Cette approche ax\u00e9e sur le cycle de vie permet aux installations d&#039;optimiser les intervalles d&#039;entretien, de ma\u00eetriser les co\u00fbts et de maximiser le retour sur investissement.<\/p>\n<p data-start=\"7303\" data-end=\"7451\">Des informations techniques suppl\u00e9mentaires et des conseils de maintenance sont disponibles via le service interne. <strong data-start=\"7393\" data-end=\"7442\"><a class=\"decorated-link cursor-pointer\" target=\"_new\" rel=\"noopener\" data-start=\"7395\" data-end=\"7440\">Ressources<\/a><\/strong> section.<\/p>\n<hr data-start=\"7453\" data-end=\"7456\" \/>\n<h2 data-start=\"7458\" data-end=\"7522\">Partenaire de service pour les d\u00e9canteurs et centrifugeuses industriels \u00e0 D\u00e9troit, Michigan<\/h2>\n<p data-start=\"7524\" data-end=\"7887\">Les installations industrielles de D\u00e9troit d\u00e9pendent de la fiabilit\u00e9 des centrifugeuses d\u00e9canteuses pour garantir leur productivit\u00e9 et la stabilit\u00e9 de leurs op\u00e9rations. Un service d&#039;assistance professionnel est essentiel pour minimiser les risques et ma\u00eetriser les co\u00fbts \u00e0 long terme. Sentrimax propose des services d&#039;entretien de centrifugeuses d\u00e9canteuses industrielles \u00e0 D\u00e9troit (Michigan), ax\u00e9s sur la qualit\u00e9, la pr\u00e9cision et la fiabilit\u00e9 \u00e0 long terme.<\/p>\n<p data-start=\"7889\" data-end=\"8072\">Des inspections de routine aux programmes de service complets et au soutien continu tout au long du cycle de vie, Sentrimax offre aux op\u00e9rateurs industriels la confiance n\u00e9cessaire pour leurs syst\u00e8mes de centrifugeuses d\u00e9canteuses.<\/p>\n<hr data-start=\"8074\" data-end=\"8077\" \/>\n<h2 data-start=\"8079\" data-end=\"8100\">Passez \u00e0 l&#039;\u00e9tape suivante<\/h2>\n<p data-start=\"8102\" data-end=\"8315\">Un service proactif d&#039;entretien des centrifugeuses d\u00e9canteuses permet d&#039;\u00e9viter les arr\u00eats de production co\u00fbteux et les pannes impr\u00e9vues. Sentrimax est pr\u00eat \u00e0 accompagner les sites industriels de D\u00e9troit gr\u00e2ce \u00e0 des solutions d&#039;entretien expertes pour leurs centrifugeuses d\u00e9canteuses.<\/p>\n<p data-start=\"8317\" data-end=\"8371\"><strong data-start=\"8317\" data-end=\"8371\"><a class=\"decorated-link\" href=\"https:\/\/sentrimax.com\/fr\/contact\/\" target=\"_new\" rel=\"noopener\" data-start=\"8319\" data-end=\"8369\">Demandez un devis !<\/a><\/strong><\/p>","protected":false},"excerpt":{"rendered":"<p>Industrial operations in Detroit, MI rely on decanter centrifuges to support continuous production, protect downstream equipment, and maintain precise solids-liquid separation across demanding processes. From manufacturing and chemical processing to energy, food, and industrial wastewater applications, decanter centrifuges operate under high loads and extended duty cycles. When service is delayed or inconsistent, facilities face increased [&hellip;]<\/p>\n","protected":false},"author":3,"featured_media":0,"parent":0,"menu_order":0,"comment_status":"closed","ping_status":"closed","template":"seo-page-template.php","meta":{"_acf_changed":false,"inline_featured_image":false,"footnotes":""},"class_list":["post-2265","page","type-page","status-publish","hentry"],"acf":[],"_links":{"self":[{"href":"https:\/\/sentrimax.com\/fr\/wp-json\/wp\/v2\/pages\/2265","targetHints":{"allow":["GET"]}}],"collection":[{"href":"https:\/\/sentrimax.com\/fr\/wp-json\/wp\/v2\/pages"}],"about":[{"href":"https:\/\/sentrimax.com\/fr\/wp-json\/wp\/v2\/types\/page"}],"author":[{"embeddable":true,"href":"https:\/\/sentrimax.com\/fr\/wp-json\/wp\/v2\/users\/3"}],"replies":[{"embeddable":true,"href":"https:\/\/sentrimax.com\/fr\/wp-json\/wp\/v2\/comments?post=2265"}],"version-history":[{"count":1,"href":"https:\/\/sentrimax.com\/fr\/wp-json\/wp\/v2\/pages\/2265\/revisions"}],"predecessor-version":[{"id":2560,"href":"https:\/\/sentrimax.com\/fr\/wp-json\/wp\/v2\/pages\/2265\/revisions\/2560"}],"wp:attachment":[{"href":"https:\/\/sentrimax.com\/fr\/wp-json\/wp\/v2\/media?parent=2265"}],"curies":[{"name":"wp","href":"https:\/\/api.w.org\/{rel}","templated":true}]}}