{"id":2269,"date":"2026-01-07T14:54:15","date_gmt":"2026-01-07T14:54:15","guid":{"rendered":"https:\/\/sentrimax.com\/?page_id=2269"},"modified":"2026-04-21T21:16:03","modified_gmt":"2026-04-21T21:16:03","slug":"industrial-centrifuge-service-in-minneapolis-mn","status":"publish","type":"page","link":"https:\/\/sentrimax.com\/fr\/industrial-centrifuge-service-in-minneapolis-mn\/","title":{"rendered":"Service de centrifugeuses industrielles \u00e0 Minneapolis, Minnesota"},"content":{"rendered":"<p data-start=\"664\" data-end=\"1423\"><img fetchpriority=\"high\" decoding=\"async\" class=\"aligncenter size-full wp-image-904\" src=\"https:\/\/sentrimax.com\/wp-content\/uploads\/2025\/05\/image-3-1.png\" alt=\"\" width=\"1236\" height=\"760\" srcset=\"https:\/\/sentrimax.com\/wp-content\/uploads\/2025\/05\/image-3-1.png 1236w, https:\/\/sentrimax.com\/wp-content\/uploads\/2025\/05\/image-3-1-600x369.png 600w, https:\/\/sentrimax.com\/wp-content\/uploads\/2025\/05\/image-3-1-300x184.png 300w, https:\/\/sentrimax.com\/wp-content\/uploads\/2025\/05\/image-3-1-1024x630.png 1024w, https:\/\/sentrimax.com\/wp-content\/uploads\/2025\/05\/image-3-1-768x472.png 768w\" sizes=\"(max-width: 1236px) 100vw, 1236px\" \/><\/p>\n<p data-start=\"664\" data-end=\"1423\">\u00c0 Minneapolis, dans le Minnesota, les installations industrielles s&#039;appuient sur des syst\u00e8mes de centrifugation pour optimiser leur production, prot\u00e9ger leurs \u00e9quipements en aval et garantir des performances de s\u00e9paration constantes, m\u00eame dans des environnements de process exigeants. De la fabrication et l&#039;agroalimentaire \u00e0 la production chimique, en passant par l&#039;\u00e9nergie et le traitement des eaux us\u00e9es industrielles, les centrifugeuses fonctionnent en continu, n\u00e9cessitant un service expert et une maintenance proactive. Un entretien inad\u00e9quat des centrifugeuses industrielles entra\u00eene une augmentation des temps d&#039;arr\u00eat, des co\u00fbts d&#039;exploitation et un risque accru de pannes m\u00e9caniques. Sentrimax propose des services professionnels de maintenance de centrifugeuses industrielles \u00e0 Minneapolis, dans le Minnesota, contribuant ainsi \u00e0 maintenir la fiabilit\u00e9, les performances et la stabilit\u00e9 op\u00e9rationnelle \u00e0 long terme des installations.<\/p>\n<p data-start=\"1425\" data-end=\"1770\">Forte de plusieurs d\u00e9cennies d&#039;exp\u00e9rience dans le support des syst\u00e8mes de centrifugeuses industrielles en Am\u00e9rique du Nord, Sentrimax propose des solutions de service structur\u00e9es con\u00e7ues pour prolonger la dur\u00e9e de vie des \u00e9quipements, r\u00e9duire les arr\u00eats impr\u00e9vus et am\u00e9liorer la constance des processus. Chaque intervention est r\u00e9alis\u00e9e selon des processus qualit\u00e9 document\u00e9s et une approche rigoureuse et transparente.<\/p>\n<hr data-start=\"1772\" data-end=\"1775\" \/>\n<h2 data-start=\"1777\" data-end=\"1824\">Soutien aux op\u00e9rations industrielles de Minneapolis<\/h2>\n<p data-start=\"1826\" data-end=\"2330\">Minneapolis abrite un tissu industriel diversifi\u00e9 comprenant des industries de pointe en fabrication, en agroalimentaire, en chimie et en infrastructures. Les installations de ces secteurs d\u00e9pendent de la fiabilit\u00e9 des centrifugeuses pour atteindre leurs objectifs de production, garantir la qualit\u00e9 de leurs produits et ma\u00eetriser leurs co\u00fbts d&#039;exploitation. Dans ces environnements, les centrifugeuses industrielles sont souvent expos\u00e9es \u00e0 des mat\u00e9riaux abrasifs, \u00e0 des vitesses de rotation \u00e9lev\u00e9es et \u00e0 un fonctionnement continu, ce qui rend indispensable un service de maintenance professionnel.<\/p>\n<p data-start=\"2332\" data-end=\"2652\">Sentrimax collabore \u00e9troitement avec les op\u00e9rateurs industriels de la r\u00e9gion de Minneapolis pour garantir le fonctionnement fiable des centrifugeuses, m\u00eame dans des conditions exigeantes. Gr\u00e2ce \u00e0 un service r\u00e9gulier, des inspections d\u00e9taill\u00e9es et des interventions de maintenance cibl\u00e9es, les installations b\u00e9n\u00e9ficient d&#039;un meilleur contr\u00f4le de l&#039;\u00e9tat de leurs \u00e9quipements et de la planification de leur maintenance.<\/p>\n<hr data-start=\"2654\" data-end=\"2657\" \/>\n<h2 data-start=\"2659\" data-end=\"2713\">Processus de service certifi\u00e9 ISO, con\u00e7u pour la fiabilit\u00e9<\/h2>\n<p data-start=\"2715\" data-end=\"3009\">Sentrimax op\u00e8re selon un syst\u00e8me de gestion de la qualit\u00e9 certifi\u00e9 ISO 9001:2015, garantissant que chaque intervention sur centrifugeuse industrielle suit un processus structur\u00e9 et reproductible. Ce syst\u00e8me met l&#039;accent sur la documentation, la coh\u00e9rence et la responsabilisation, de la r\u00e9ception du mat\u00e9riel jusqu&#039;aux tests finaux et \u00e0 la production des rapports.<\/p>\n<p data-start=\"3011\" data-end=\"3504\">Chaque intervention de service d\u00e9bute par une inspection compl\u00e8te pouvant inclure une analyse d&#039;huile, un contr\u00f4le vibratoire, une v\u00e9rification dimensionnelle et une \u00e9valuation de l&#039;\u00e9tat des composants. Les r\u00e9sultats sont clairement document\u00e9s et communiqu\u00e9s afin que les responsables d&#039;usine et les \u00e9quipes de maintenance puissent prendre des d\u00e9cisions \u00e9clair\u00e9es concernant le p\u00e9rim\u00e8tre de l&#039;intervention, sa planification et les strat\u00e9gies de maintenance \u00e0 long terme. Des informations compl\u00e9mentaires sur cette m\u00e9thodologie sont disponibles sur notre site web interne. <strong data-start=\"3445\" data-end=\"3498\"><a class=\"decorated-link\" href=\"https:\/\/sentrimax.com\/fr\/our-process\/?utm_source=chatgpt.com\" target=\"_new\" rel=\"noopener\" data-start=\"3447\" data-end=\"3496\">Notre processus<\/a><\/strong> page.<\/p>\n<hr data-start=\"3506\" data-end=\"3509\" \/>\n<h2 data-start=\"3511\" data-end=\"3570\">Capacit\u00e9s compl\u00e8tes de service pour centrifugeuses industrielles<\/h2>\n<h3 data-start=\"3572\" data-end=\"3613\"><strong data-start=\"3576\" data-end=\"3613\">Inspection et service pr\u00e9ventif<\/strong><\/h3>\n<p data-start=\"3614\" data-end=\"3908\">L&#039;inspection r\u00e9guli\u00e8re et la maintenance pr\u00e9ventive permettent de d\u00e9tecter les probl\u00e8mes naissants avant qu&#039;ils n&#039;entra\u00eenent une panne. Sentrimax propose des programmes d&#039;entretien planifi\u00e9 comprenant des inspections, la lubrification, les r\u00e9glages et les contr\u00f4les de performance afin de garantir un fonctionnement fiable et de r\u00e9duire les temps d&#039;arr\u00eat impr\u00e9vus.<\/p>\n<h3 data-start=\"3910\" data-end=\"3951\"><strong data-start=\"3914\" data-end=\"3951\">Services de r\u00e9paration et de remise \u00e0 neuf<\/strong><\/h3>\n<p data-start=\"3952\" data-end=\"4257\">Lorsque les composants d&#039;une centrifugeuse pr\u00e9sentent des signes d&#039;usure ou de dommages, Sentrimax propose des services de r\u00e9paration et de remise \u00e0 neuf de pr\u00e9cision. Ces services comprennent le d\u00e9montage, l&#039;inspection, l&#039;usinage, le soudage, le remplacement des composants et le remontage avec une grande pr\u00e9cision, permettant ainsi de r\u00e9tablir le fonctionnement optimal de l&#039;\u00e9quipement.<\/p>\n<h3 data-start=\"4259\" data-end=\"4313\"><strong data-start=\"4263\" data-end=\"4313\">\u00c9quilibrage dynamique et v\u00e9rification des performances<\/strong><\/h3>\n<p data-start=\"4314\" data-end=\"4586\">Le d\u00e9s\u00e9quilibre est une cause majeure de vibrations, d&#039;usure acc\u00e9l\u00e9r\u00e9e et de r\u00e9duction du rendement des centrifugeuses. Dans le cadre de son service d&#039;entretien des centrifugeuses industrielles, Sentrimax r\u00e9alise un \u00e9quilibrage dynamique avanc\u00e9 et une v\u00e9rification des performances afin de garantir un fonctionnement optimal et de prot\u00e9ger les composants critiques.<\/p>\n<p data-start=\"4588\" data-end=\"4716\">Vous trouverez un aper\u00e7u des services disponibles sur le site interne. <strong data-start=\"4663\" data-end=\"4710\"><a class=\"decorated-link\" href=\"https:\/\/sentrimax.com\/fr\/services\/?utm_source=chatgpt.com\" target=\"_new\" rel=\"noopener\" data-start=\"4665\" data-end=\"4708\">Services<\/a><\/strong> page.<\/p>\n<hr data-start=\"4718\" data-end=\"4721\" \/>\n<h2 data-start=\"4723\" data-end=\"4778\">Solutions de services sur mesure pour les installations industrielles<\/h2>\n<p data-start=\"4780\" data-end=\"5137\">Chaque installation industrielle fonctionne dans des conditions uniques. Les mat\u00e9riaux utilis\u00e9s, les exigences de d\u00e9bit, les plages de temp\u00e9rature et les contraintes r\u00e9glementaires varient consid\u00e9rablement d&#039;une installation \u00e0 l&#039;autre dans la r\u00e9gion de Minneapolis. Sentrimax con\u00e7oit des solutions de maintenance sur mesure pour les centrifugeuses, adapt\u00e9es \u00e0 l&#039;environnement d&#039;exploitation sp\u00e9cifique de chaque installation, plut\u00f4t que d&#039;appliquer des programmes de maintenance standardis\u00e9s.<\/p>\n<p data-start=\"5139\" data-end=\"5431\">Une documentation claire et une communication transparente permettent aux \u00e9quipes de maintenance de comprendre l&#039;\u00e9tat des \u00e9quipements, de planifier les interventions de mani\u00e8re proactive et de g\u00e9rer efficacement les budgets. Cette approche personnalis\u00e9e contribue \u00e0 r\u00e9duire les r\u00e9parations d&#039;urgence et \u00e0 am\u00e9liorer la pr\u00e9visibilit\u00e9 op\u00e9rationnelle \u00e0 long terme.<\/p>\n<hr data-start=\"5433\" data-end=\"5436\" \/>\n<h2 data-start=\"5438\" data-end=\"5487\">Minimiser les temps d&#039;arr\u00eat dans les environnements industriels<\/h2>\n<p data-start=\"5489\" data-end=\"5855\">Les arr\u00eats impr\u00e9vus des centrifugeuses peuvent perturber les calendriers de production, impacter la qualit\u00e9 des produits et augmenter les co\u00fbts d&#039;exploitation. Sentrimax privil\u00e9gie une planification proactive des interventions, des d\u00e9lais d&#039;ex\u00e9cution rapides et une planification coordonn\u00e9e afin de garantir le fonctionnement fiable des centrifugeuses. Une communication r\u00e9active et un support technique de qualit\u00e9 contribuent \u00e9galement \u00e0 minimiser les temps d&#039;arr\u00eat en cas de besoin de maintenance.<\/p>\n<p data-start=\"5857\" data-end=\"6022\">En combinant des strat\u00e9gies de maintenance pr\u00e9ventive et une ex\u00e9cution experte, Sentrimax assure la continuit\u00e9 des op\u00e9rations industrielles dans toute la r\u00e9gion de Minneapolis et ses environs.<\/p>\n<hr data-start=\"6024\" data-end=\"6027\" \/>\n<h2 data-start=\"6029\" data-end=\"6079\">Conformit\u00e9, s\u00e9curit\u00e9 et meilleures pratiques de l&#039;industrie<\/h2>\n<p data-start=\"6081\" data-end=\"6652\">Les installations industrielles doivent s&#039;assurer que les syst\u00e8mes de centrifugation fonctionnent conform\u00e9ment aux normes environnementales, de s\u00e9curit\u00e9 et d&#039;exploitation. Consultez les recommandations de la <strong data-start=\"6228\" data-end=\"6354\"><a class=\"decorated-link\" href=\"https:\/\/www.epa.gov\/npdes\/industrial-wastewater\" target=\"_new\" rel=\"noopener\" data-start=\"6230\" data-end=\"6352\">Agence am\u00e9ricaine de protection de l&#039;environnement \u2013 Gestion des eaux us\u00e9es industrielles<\/a><\/strong> souligne l&#039;importance d&#039;\u00e9quipements de s\u00e9paration des solides fiables pour le maintien de la conformit\u00e9. Ressources industrielles de <strong data-start=\"6476\" data-end=\"6542\"><a class=\"decorated-link cursor-pointer\" target=\"_new\" rel=\"noopener\" data-start=\"6478\" data-end=\"6540\">F\u00e9d\u00e9ration pour l&#039;environnement de l&#039;eau<\/a><\/strong> Il convient \u00e9galement de souligner que le service et la maintenance proactifs sont des facteurs cl\u00e9s de l&#039;efficacit\u00e9 op\u00e9rationnelle et de la r\u00e9duction des risques.<\/p>\n<p data-start=\"6654\" data-end=\"6861\">Le service de centrifugation industrielle Sentrimax soutient ces bonnes pratiques en aidant les installations \u00e0 maintenir les performances des centrifugeuses conform\u00e9ment aux sp\u00e9cifications de conception, en r\u00e9duisant les risques environnementaux et en prot\u00e9geant le personnel.<\/p>\n<hr data-start=\"6863\" data-end=\"6866\" \/>\n<h2 data-start=\"6868\" data-end=\"6911\">Assistance tout au long du cycle de vie au-del\u00e0 du service de routine<\/h2>\n<p data-start=\"6913\" data-end=\"7303\">Un service d&#039;entretien efficace des centrifugeuses industrielles est optimal lorsqu&#039;il est int\u00e9gr\u00e9 \u00e0 une strat\u00e9gie globale de gestion du cycle de vie. Sentrimax propose un accompagnement continu comprenant la surveillance de l&#039;\u00e9tat des \u00e9quipements, la documentation des interventions et des recommandations pour la planification de la maintenance \u00e0 long terme. Cette approche ax\u00e9e sur le cycle de vie permet aux installations d&#039;optimiser les intervalles d&#039;entretien, de ma\u00eetriser les co\u00fbts et de maximiser le retour sur investissement.<\/p>\n<p data-start=\"7305\" data-end=\"7453\">Des informations techniques suppl\u00e9mentaires et des conseils de maintenance sont disponibles via le service interne. <strong data-start=\"7395\" data-end=\"7444\"><a class=\"decorated-link cursor-pointer\" target=\"_new\" rel=\"noopener\" data-start=\"7397\" data-end=\"7442\">Ressources<\/a><\/strong> section.<\/p>\n<hr data-start=\"7455\" data-end=\"7458\" \/>\n<h2 data-start=\"7460\" data-end=\"7519\">Partenaire de services pour centrifugeuses industrielles \u00e0 Minneapolis, Minnesota<\/h2>\n<p data-start=\"7521\" data-end=\"7872\">\u00c0 Minneapolis, les installations industrielles d\u00e9pendent de la fiabilit\u00e9 de leurs centrifugeuses pour garantir leur productivit\u00e9 et la stabilit\u00e9 de leurs op\u00e9rations. Un service d&#039;assistance professionnel est essentiel pour minimiser les risques et ma\u00eetriser les co\u00fbts \u00e0 long terme. Sentrimax propose des services d&#039;entretien de centrifugeuses industrielles \u00e0 Minneapolis (Minnesota) ax\u00e9s sur la qualit\u00e9, la pr\u00e9cision et la fiabilit\u00e9 \u00e0 long terme.<\/p>\n<p data-start=\"7874\" data-end=\"8048\">Des inspections de routine aux programmes de service complets et au soutien continu tout au long du cycle de vie, Sentrimax offre aux op\u00e9rateurs industriels la confiance n\u00e9cessaire pour leurs syst\u00e8mes de centrifugeuses.<\/p>\n<hr data-start=\"8050\" data-end=\"8053\" \/>\n<h2 data-start=\"8055\" data-end=\"8076\">Passez \u00e0 l&#039;\u00e9tape suivante<\/h2>\n<p data-start=\"8078\" data-end=\"8277\">Un service proactif de maintenance des centrifugeuses permet d&#039;\u00e9viter les arr\u00eats de production co\u00fbteux et les pannes impr\u00e9vues. Sentrimax est pr\u00eat \u00e0 accompagner les sites industriels de Minneapolis en leur proposant des solutions de maintenance expertes pour leurs centrifugeuses.<\/p>\n<p data-start=\"8279\" data-end=\"8333\"><strong data-start=\"8279\" data-end=\"8333\"><a class=\"decorated-link\" href=\"https:\/\/sentrimax.com\/fr\/contact\/\" target=\"_new\" rel=\"noopener\" data-start=\"8281\" data-end=\"8331\">Demandez un devis !<\/a><\/strong><\/p>","protected":false},"excerpt":{"rendered":"<p>Industrial facilities in Minneapolis, MN rely on centrifuge systems to support efficient production, protect downstream equipment, and maintain consistent separation performance across demanding process environments. From manufacturing and food processing to chemical production, energy, and industrial wastewater applications, centrifuges operate under continuous duty cycles that require expert service and proactive maintenance. When industrial centrifuges are [&hellip;]<\/p>\n","protected":false},"author":3,"featured_media":0,"parent":0,"menu_order":0,"comment_status":"closed","ping_status":"closed","template":"seo-page-template.php","meta":{"_acf_changed":false,"inline_featured_image":false,"footnotes":""},"class_list":["post-2269","page","type-page","status-publish","hentry"],"acf":[],"_links":{"self":[{"href":"https:\/\/sentrimax.com\/fr\/wp-json\/wp\/v2\/pages\/2269","targetHints":{"allow":["GET"]}}],"collection":[{"href":"https:\/\/sentrimax.com\/fr\/wp-json\/wp\/v2\/pages"}],"about":[{"href":"https:\/\/sentrimax.com\/fr\/wp-json\/wp\/v2\/types\/page"}],"author":[{"embeddable":true,"href":"https:\/\/sentrimax.com\/fr\/wp-json\/wp\/v2\/users\/3"}],"replies":[{"embeddable":true,"href":"https:\/\/sentrimax.com\/fr\/wp-json\/wp\/v2\/comments?post=2269"}],"version-history":[{"count":1,"href":"https:\/\/sentrimax.com\/fr\/wp-json\/wp\/v2\/pages\/2269\/revisions"}],"predecessor-version":[{"id":2556,"href":"https:\/\/sentrimax.com\/fr\/wp-json\/wp\/v2\/pages\/2269\/revisions\/2556"}],"wp:attachment":[{"href":"https:\/\/sentrimax.com\/fr\/wp-json\/wp\/v2\/media?parent=2269"}],"curies":[{"name":"wp","href":"https:\/\/api.w.org\/{rel}","templated":true}]}}