{"id":2271,"date":"2026-01-07T15:01:48","date_gmt":"2026-01-07T15:01:48","guid":{"rendered":"https:\/\/sentrimax.com\/?page_id=2271"},"modified":"2026-04-21T21:16:02","modified_gmt":"2026-04-21T21:16:02","slug":"alfa-laval-centrifuge-repair-in-houston-tx","status":"publish","type":"page","link":"https:\/\/sentrimax.com\/fr\/alfa-laval-centrifuge-repair-in-houston-tx\/","title":{"rendered":"R\u00e9paration de centrifugeuses Alfa Laval \u00e0 Houston, Texas"},"content":{"rendered":"<p data-start=\"717\" data-end=\"1423\"><img fetchpriority=\"high\" decoding=\"async\" class=\"aligncenter size-full wp-image-2173\" src=\"https:\/\/sentrimax.com\/wp-content\/uploads\/2025\/07\/c1a73b_f3521b6db4d34f23972aa5e5d7ed0489mv2.png\" alt=\"\" width=\"980\" height=\"551\" srcset=\"https:\/\/sentrimax.com\/wp-content\/uploads\/2025\/07\/c1a73b_f3521b6db4d34f23972aa5e5d7ed0489mv2.png 980w, https:\/\/sentrimax.com\/wp-content\/uploads\/2025\/07\/c1a73b_f3521b6db4d34f23972aa5e5d7ed0489mv2-300x169.png 300w, https:\/\/sentrimax.com\/wp-content\/uploads\/2025\/07\/c1a73b_f3521b6db4d34f23972aa5e5d7ed0489mv2-768x432.png 768w, https:\/\/sentrimax.com\/wp-content\/uploads\/2025\/07\/c1a73b_f3521b6db4d34f23972aa5e5d7ed0489mv2-18x10.png 18w, https:\/\/sentrimax.com\/wp-content\/uploads\/2025\/07\/c1a73b_f3521b6db4d34f23972aa5e5d7ed0489mv2-600x337.png 600w\" sizes=\"(max-width: 980px) 100vw, 980px\" \/><\/p>\n<p data-start=\"717\" data-end=\"1423\">Les installations industrielles et municipales de Houston, au Texas, utilisent des syst\u00e8mes de centrifugation haute performance pour assurer le traitement en continu, la s\u00e9paration des solides et l&#039;efficacit\u00e9 op\u00e9rationnelle. Ces \u00e9quipements sont fabriqu\u00e9s par <span class=\"hover:entity-accent entity-underline inline cursor-pointer align-baseline\"><span class=\"whitespace-normal\">Alfa Laval<\/span><\/span> La centrifugeuse Alfa Laval est largement utilis\u00e9e dans les secteurs de l&#039;\u00e9nergie, de la chimie, de l&#039;agroalimentaire et du traitement des eaux us\u00e9es gr\u00e2ce \u00e0 sa pr\u00e9cision et sa fiabilit\u00e9. En cas d&#039;usure, de d\u00e9s\u00e9quilibre ou de panne m\u00e9canique, les plannings de production, la conformit\u00e9 aux normes et les co\u00fbts d&#039;exploitation peuvent \u00eatre impact\u00e9s. Sentrimax propose un service de r\u00e9paration professionnel de centrifugeuses Alfa Laval \u00e0 Houston, au Texas, permettant aux entreprises de r\u00e9tablir les performances et de prolonger la dur\u00e9e de vie de leurs \u00e9quipements critiques.<\/p>\n<p data-start=\"1425\" data-end=\"1753\">Forte de plusieurs d\u00e9cennies d&#039;exp\u00e9rience dans le support des syst\u00e8mes de centrifugeuses industrielles en Am\u00e9rique du Nord, Sentrimax propose des solutions de r\u00e9paration de pr\u00e9cision adapt\u00e9es aux conceptions des \u00e9quipements Alfa Laval. Chaque r\u00e9paration est effectu\u00e9e selon des processus qualit\u00e9 document\u00e9s et une approche rigoureuse et transparente, ax\u00e9e sur la fiabilit\u00e9 et la performance \u00e0 long terme.<\/p>\n<hr data-start=\"1755\" data-end=\"1758\" \/>\n<h2 data-start=\"1760\" data-end=\"1817\">Soutien aux environnements de traitement exigeants de Houston<\/h2>\n<p data-start=\"1819\" data-end=\"2230\">Houston est un p\u00f4le mondial de l&#039;\u00e9nergie, de la p\u00e9trochimie, de la fabrication et des proc\u00e9d\u00e9s industriels. Les installations de ces secteurs utilisent fr\u00e9quemment des centrifugeuses dans des conditions extr\u00eames, notamment \u00e0 hautes temp\u00e9ratures, avec des mat\u00e9riaux abrasifs et en fonctionnement continu. Les centrifugeuses Alfa Laval sont con\u00e7ues pour r\u00e9pondre \u00e0 ces exigences, mais m\u00eame les \u00e9quipements les plus robustes n\u00e9cessitent une maintenance sp\u00e9cialis\u00e9e pour garantir des performances optimales.<\/p>\n<p data-start=\"2232\" data-end=\"2509\">Sentrimax collabore \u00e9troitement avec les exploitants de la r\u00e9gion de Houston pour garantir le fonctionnement fiable des centrifugeuses Alfa Laval. Gr\u00e2ce \u00e0 des inspections d\u00e9taill\u00e9es et des r\u00e9parations cibl\u00e9es, les installations b\u00e9n\u00e9ficient d&#039;un meilleur contr\u00f4le sur la planification de la maintenance, les performances des \u00e9quipements et la stabilit\u00e9 op\u00e9rationnelle.<\/p>\n<hr data-start=\"2511\" data-end=\"2514\" \/>\n<h2 data-start=\"2516\" data-end=\"2577\">Processus de r\u00e9paration certifi\u00e9 ISO con\u00e7u pour les \u00e9quipements de pr\u00e9cision<\/h2>\n<p data-start=\"2579\" data-end=\"2872\">Sentrimax op\u00e8re selon un syst\u00e8me de gestion de la qualit\u00e9 certifi\u00e9 ISO 9001:2015, garantissant que chaque r\u00e9paration de centrifugeuse Alfa Laval suit un processus structur\u00e9 et reproductible. Ce syst\u00e8me met l&#039;accent sur la documentation, la coh\u00e9rence et la responsabilisation, de la r\u00e9ception de l&#039;\u00e9quipement jusqu&#039;aux tests finaux et \u00e0 la production des rapports.<\/p>\n<p data-start=\"2874\" data-end=\"3299\">Chaque r\u00e9paration d\u00e9bute par une inspection compl\u00e8te pouvant inclure une analyse d&#039;huile, une v\u00e9rification dimensionnelle et une \u00e9valuation de l&#039;\u00e9tat des composants. Les r\u00e9sultats sont clairement document\u00e9s et communiqu\u00e9s afin que les \u00e9quipes de maintenance puissent \u00e9valuer la port\u00e9e des r\u00e9parations, les d\u00e9lais et les implications \u00e0 long terme. Des informations compl\u00e9mentaires sur cette m\u00e9thodologie sont disponibles sur le site interne. <strong data-start=\"3240\" data-end=\"3293\"><a class=\"decorated-link\" href=\"https:\/\/sentrimax.com\/fr\/our-process\/?utm_source=chatgpt.com\" target=\"_new\" rel=\"noopener\" data-start=\"3242\" data-end=\"3291\">Notre processus<\/a><\/strong> page.<\/p>\n<hr data-start=\"3301\" data-end=\"3304\" \/>\n<h2 data-start=\"3306\" data-end=\"3360\">Services complets de r\u00e9paration de centrifugeuses Alfa Laval<\/h2>\n<h3 data-start=\"3362\" data-end=\"3398\"><strong data-start=\"3366\" data-end=\"3398\">R\u00e9paration et r\u00e9vision compl\u00e8tes<\/strong><\/h3>\n<p data-start=\"3399\" data-end=\"3800\">Sentrimax propose des services complets de r\u00e9paration et de r\u00e9vision des centrifugeuses Alfa Laval afin de remettre les \u00e9quipements en parfait \u00e9tat de fonctionnement. Ces services comprennent le d\u00e9montage complet, l&#039;inspection des pi\u00e8ces d&#039;usure, l&#039;usinage de pr\u00e9cision, le soudage, le remplacement des roulements, la pose de joints d&#039;\u00e9tanch\u00e9it\u00e9 et un remontage soign\u00e9 respectant des tol\u00e9rances strictes. Ces r\u00e9parations permettent aux installations de prolonger la dur\u00e9e de vie des \u00e9quipements et de retarder des remplacements co\u00fbteux.<\/p>\n<h3 data-start=\"3802\" data-end=\"3837\"><strong data-start=\"3806\" data-end=\"3837\">\u00c9quilibrage dynamique de pr\u00e9cision<\/strong><\/h3>\n<p data-start=\"3838\" data-end=\"4215\">Le d\u00e9s\u00e9quilibre est une cause fr\u00e9quente de vibrations, d&#039;usure acc\u00e9l\u00e9r\u00e9e et de d\u00e9faillances m\u00e9caniques pr\u00e9matur\u00e9es dans les syst\u00e8mes de centrifugeuses. Sentrimax r\u00e9alise un \u00e9quilibrage dynamique avanc\u00e9 sur trois plans conforme \u00e0 la norme ISO G 0.5, r\u00e9duisant consid\u00e9rablement les vibrations et am\u00e9liorant la stabilit\u00e9 de fonctionnement. Un \u00e9quilibrage optimal prot\u00e8ge les roulements, les r\u00e9ducteurs et les ensembles rotatifs, tout en renfor\u00e7ant la fiabilit\u00e9 \u00e0 long terme.<\/p>\n<h3 data-start=\"4217\" data-end=\"4261\"><strong data-start=\"4221\" data-end=\"4261\">R\u00e9paration de bo\u00eetes de vitesses et d&#039;ensembles rotatifs<\/strong><\/h3>\n<p data-start=\"4262\" data-end=\"4598\">Les r\u00e9ducteurs et les composants rotatifs des centrifugeuses Alfa Laval fonctionnent sous un couple \u00e9lev\u00e9 et dans des conditions de process exigeantes. Sentrimax propose des services d&#039;inspection, de remise en \u00e9tat et de r\u00e9paration m\u00e9canique d\u00e9taill\u00e9s pour les r\u00e9ducteurs, afin de r\u00e9tablir leurs performances et leur efficacit\u00e9. Ces services contribuent \u00e0 pr\u00e9venir les pannes inattendues et \u00e0 garantir la continuit\u00e9 des op\u00e9rations de production.<\/p>\n<p data-start=\"4600\" data-end=\"4721\">Un aper\u00e7u complet des capacit\u00e9s de r\u00e9paration est disponible en interne. <strong data-start=\"4668\" data-end=\"4715\"><a class=\"decorated-link\" href=\"https:\/\/sentrimax.com\/fr\/services\/?utm_source=chatgpt.com\" target=\"_new\" rel=\"noopener\" data-start=\"4670\" data-end=\"4713\">Services<\/a><\/strong> page.<\/p>\n<hr data-start=\"4723\" data-end=\"4726\" \/>\n<h2 data-start=\"4728\" data-end=\"4781\">Solutions de r\u00e9paration sur mesure pour les \u00e9quipements Alfa Laval<\/h2>\n<p data-start=\"4783\" data-end=\"5156\">Chaque installation fonctionne dans des conditions diff\u00e9rentes. Les mat\u00e9riaux utilis\u00e9s, les exigences de d\u00e9bit, les plages de temp\u00e9rature et les contraintes r\u00e9glementaires varient consid\u00e9rablement d&#039;une installation \u00e0 l&#039;autre dans la r\u00e9gion de Houston. Sentrimax con\u00e7oit des solutions de r\u00e9paration sur mesure, adapt\u00e9es au mod\u00e8le sp\u00e9cifique de la centrifugeuse Alfa Laval, \u00e0 son environnement d&#039;exploitation et \u00e0 son historique de maintenance, plut\u00f4t que d&#039;appliquer des m\u00e9thodes de r\u00e9paration g\u00e9n\u00e9riques.<\/p>\n<p data-start=\"5158\" data-end=\"5434\">Une documentation claire et une communication transparente permettent aux \u00e9quipes de maintenance de planifier leurs interventions de mani\u00e8re proactive, de g\u00e9rer efficacement leurs budgets et de r\u00e9duire les r\u00e9parations d&#039;urgence. Cette approche personnalis\u00e9e favorise une meilleure pr\u00e9visibilit\u00e9 op\u00e9rationnelle et une fiabilit\u00e9 accrue des \u00e9quipements sur le long terme.<\/p>\n<hr data-start=\"5436\" data-end=\"5439\" \/>\n<h2 data-start=\"5441\" data-end=\"5486\">Minimiser les temps d&#039;arr\u00eat des installations de Houston<\/h2>\n<p data-start=\"5488\" data-end=\"5860\">Les arr\u00eats impr\u00e9vus des centrifugeuses peuvent perturber les calendriers de production, impacter la qualit\u00e9 des produits et augmenter les co\u00fbts d&#039;exploitation. Sentrimax privil\u00e9gie des d\u00e9lais d&#039;intervention rapides et une planification coordonn\u00e9e afin de remettre les centrifugeuses Alfa Laval en service dans les meilleurs d\u00e9lais. Une communication r\u00e9active et un support technique de qualit\u00e9 contribuent \u00e9galement \u00e0 minimiser les temps d&#039;arr\u00eat lors de r\u00e9parations urgentes.<\/p>\n<p data-start=\"5862\" data-end=\"6018\">En combinant une planification proactive de la maintenance avec une ex\u00e9cution experte des r\u00e9parations, Sentrimax assure des op\u00e9rations fiables dans toute la r\u00e9gion de Houston et ses environs.<\/p>\n<hr data-start=\"6020\" data-end=\"6023\" \/>\n<h2 data-start=\"6025\" data-end=\"6075\">Conformit\u00e9, s\u00e9curit\u00e9 et meilleures pratiques de l&#039;industrie<\/h2>\n<p data-start=\"6077\" data-end=\"6679\">Les installations exploitant des centrifugeuses Alfa Laval doivent s&#039;assurer que les performances des \u00e9quipements sont conformes aux r\u00e9glementations environnementales et de s\u00e9curit\u00e9. Consultez les recommandations de la <strong data-start=\"6223\" data-end=\"6349\"><a class=\"decorated-link\" href=\"https:\/\/www.epa.gov\/npdes\/industrial-wastewater\" target=\"_new\" rel=\"noopener\" data-start=\"6225\" data-end=\"6347\">Agence am\u00e9ricaine de protection de l&#039;environnement \u2013 Gestion des eaux us\u00e9es industrielles<\/a><\/strong> souligne l&#039;importance d&#039;un \u00e9quipement de s\u00e9paration des solides fiable pour garantir la conformit\u00e9. Documentation du fabricant et bonnes pratiques de <strong data-start=\"6494\" data-end=\"6605\"><a class=\"decorated-link cursor-pointer\" target=\"_new\" rel=\"noopener\" data-start=\"6496\" data-end=\"6603\">Alfa Laval \u2013 Technologie des centrifugeuses<\/a><\/strong> soulignent \u00e9galement l&#039;importance d&#039;un entretien ad\u00e9quat et de r\u00e9parations pr\u00e9cises.<\/p>\n<p data-start=\"6681\" data-end=\"6905\">Les services de r\u00e9paration de Sentrimax soutiennent ces bonnes pratiques en veillant \u00e0 ce que les syst\u00e8mes de centrifugeuses Alfa Laval fonctionnent conform\u00e9ment aux sp\u00e9cifications de conception, aidant ainsi les installations \u00e0 r\u00e9duire les risques environnementaux, \u00e0 maintenir la conformit\u00e9 et \u00e0 prot\u00e9ger le personnel.<\/p>\n<hr data-start=\"6907\" data-end=\"6910\" \/>\n<h2 data-start=\"6912\" data-end=\"6946\">Assistance tout au long du cycle de vie au-del\u00e0 de la r\u00e9paration<\/h2>\n<p data-start=\"6948\" data-end=\"7331\">La r\u00e9paration efficace des centrifugeuses Alfa Laval est optimale lorsqu&#039;elle s&#039;inscrit dans une strat\u00e9gie globale de gestion du cycle de vie. Sentrimax propose un accompagnement continu comprenant la surveillance de l&#039;\u00e9tat, la documentation des performances et des recommandations pour la planification de la maintenance. Cette approche ax\u00e9e sur le cycle de vie permet aux installations d&#039;optimiser les intervalles d&#039;entretien, de ma\u00eetriser les co\u00fbts et de maximiser le retour sur investissement des \u00e9quipements.<\/p>\n<p data-start=\"7333\" data-end=\"7481\">Des informations techniques suppl\u00e9mentaires et des conseils de maintenance sont disponibles via le service interne. <strong data-start=\"7423\" data-end=\"7472\"><a class=\"decorated-link cursor-pointer\" target=\"_new\" rel=\"noopener\" data-start=\"7425\" data-end=\"7470\">Ressources<\/a><\/strong> section.<\/p>\n<hr data-start=\"7483\" data-end=\"7486\" \/>\n<h2 data-start=\"7488\" data-end=\"7542\">Partenaire de r\u00e9paration de centrifugeuses Alfa Laval \u00e0 Houston, Texas<\/h2>\n<p data-start=\"7544\" data-end=\"7868\">Les installations \u00e0 Houston d\u00e9pendent de la fiabilit\u00e9 de leurs centrifugeuses pour maintenir leur productivit\u00e9 et la stabilit\u00e9 de leurs op\u00e9rations. Un service de r\u00e9paration expert est essentiel pour minimiser les risques et ma\u00eetriser les co\u00fbts \u00e0 long terme. Sentrimax assure la r\u00e9paration des centrifugeuses Alfa Laval \u00e0 Houston (Texas) en privil\u00e9giant la qualit\u00e9, la pr\u00e9cision et la fiabilit\u00e9 \u00e0 long terme.<\/p>\n<p data-start=\"7870\" data-end=\"8032\">Des inspections d\u00e9taill\u00e9es aux r\u00e9parations de pr\u00e9cision en passant par le support continu tout au long du cycle de vie, Sentrimax offre aux op\u00e9rateurs une totale confiance dans leurs syst\u00e8mes de centrifugeuses Alfa Laval.<\/p>\n<hr data-start=\"8034\" data-end=\"8037\" \/>\n<h2 data-start=\"8039\" data-end=\"8060\">Passez \u00e0 l&#039;\u00e9tape suivante<\/h2>\n<p data-start=\"8062\" data-end=\"8254\">Un d\u00e9pannage rapide des centrifugeuses permet d&#039;\u00e9viter les arr\u00eats de production co\u00fbteux et les perturbations de la production. Sentrimax est pr\u00eat \u00e0 accompagner les installations de Houston gr\u00e2ce \u00e0 ses services de r\u00e9paration sp\u00e9cialis\u00e9s pour les centrifugeuses Alfa Laval.<\/p>\n<p data-start=\"8256\" data-end=\"8310\"><strong data-start=\"8256\" data-end=\"8310\"><a class=\"decorated-link\" href=\"https:\/\/sentrimax.com\/fr\/contact\/\" target=\"_new\" rel=\"noopener\" data-start=\"8258\" data-end=\"8308\">Demandez un devis !<\/a><\/strong><\/p>\n<p data-start=\"8312\" data-end=\"8338\">","protected":false},"excerpt":{"rendered":"<p>Industrial and municipal facilities in Houston, TX rely on high-performance centrifuge systems to support continuous processing, solids separation, and operational efficiency. Equipment manufactured by Alfa Laval is widely used across energy, chemical processing, food production, and wastewater treatment applications due to its precision engineering and reliability. When these centrifuges experience wear, imbalance, or mechanical failure, [&hellip;]<\/p>\n","protected":false},"author":3,"featured_media":0,"parent":0,"menu_order":0,"comment_status":"closed","ping_status":"closed","template":"seo-page-template.php","meta":{"_acf_changed":false,"inline_featured_image":false,"footnotes":""},"class_list":["post-2271","page","type-page","status-publish","hentry"],"acf":[],"_links":{"self":[{"href":"https:\/\/sentrimax.com\/fr\/wp-json\/wp\/v2\/pages\/2271","targetHints":{"allow":["GET"]}}],"collection":[{"href":"https:\/\/sentrimax.com\/fr\/wp-json\/wp\/v2\/pages"}],"about":[{"href":"https:\/\/sentrimax.com\/fr\/wp-json\/wp\/v2\/types\/page"}],"author":[{"embeddable":true,"href":"https:\/\/sentrimax.com\/fr\/wp-json\/wp\/v2\/users\/3"}],"replies":[{"embeddable":true,"href":"https:\/\/sentrimax.com\/fr\/wp-json\/wp\/v2\/comments?post=2271"}],"version-history":[{"count":1,"href":"https:\/\/sentrimax.com\/fr\/wp-json\/wp\/v2\/pages\/2271\/revisions"}],"predecessor-version":[{"id":2554,"href":"https:\/\/sentrimax.com\/fr\/wp-json\/wp\/v2\/pages\/2271\/revisions\/2554"}],"wp:attachment":[{"href":"https:\/\/sentrimax.com\/fr\/wp-json\/wp\/v2\/media?parent=2271"}],"curies":[{"name":"wp","href":"https:\/\/api.w.org\/{rel}","templated":true}]}}