{"id":2272,"date":"2026-01-07T15:04:21","date_gmt":"2026-01-07T15:04:21","guid":{"rendered":"https:\/\/sentrimax.com\/?page_id=2272"},"modified":"2026-04-21T21:16:01","modified_gmt":"2026-04-21T21:16:01","slug":"alfa-laval-decanter-centrifuge-service-in-chicago-il","status":"publish","type":"page","link":"https:\/\/sentrimax.com\/fr\/alfa-laval-decanter-centrifuge-service-in-chicago-il\/","title":{"rendered":"Service de centrifugation et d\u00e9cantation Alfa Laval \u00e0 Chicago, Illinois"},"content":{"rendered":"<p data-start=\"756\" data-end=\"1486\"><img fetchpriority=\"high\" decoding=\"async\" class=\"aligncenter size-full wp-image-2032\" src=\"https:\/\/sentrimax.com\/wp-content\/uploads\/2025\/07\/imgi_28_blog-image-1024x463-1.jpg\" alt=\"\" width=\"1024\" height=\"463\" srcset=\"https:\/\/sentrimax.com\/wp-content\/uploads\/2025\/07\/imgi_28_blog-image-1024x463-1.jpg 1024w, https:\/\/sentrimax.com\/wp-content\/uploads\/2025\/07\/imgi_28_blog-image-1024x463-1-300x136.jpg 300w, https:\/\/sentrimax.com\/wp-content\/uploads\/2025\/07\/imgi_28_blog-image-1024x463-1-768x347.jpg 768w, https:\/\/sentrimax.com\/wp-content\/uploads\/2025\/07\/imgi_28_blog-image-1024x463-1-18x8.jpg 18w, https:\/\/sentrimax.com\/wp-content\/uploads\/2025\/07\/imgi_28_blog-image-1024x463-1-600x271.jpg 600w\" sizes=\"(max-width: 1024px) 100vw, 1024px\" \/><\/p>\n<p data-start=\"756\" data-end=\"1486\">Les installations industrielles et municipales de Chicago (Illinois) utilisent des centrifugeuses d\u00e9canteuses pour assurer une s\u00e9paration efficace des solides, garantir la conformit\u00e9 r\u00e9glementaire et maintenir un fonctionnement continu. \u00c9quipement fabriqu\u00e9 par <span class=\"hover:entity-accent entity-underline inline cursor-pointer align-baseline\"><span class=\"whitespace-normal\">Alfa Laval<\/span><\/span> Largement utilis\u00e9e dans le traitement des eaux us\u00e9es, l&#039;industrie agroalimentaire, la production chimique et les applications de s\u00e9paration industrielle gr\u00e2ce \u00e0 sa durabilit\u00e9 et ses performances, la centrifugeuse d\u00e9canteuse Alfa Laval, malgr\u00e9 sa conception avanc\u00e9e, n\u00e9cessite un entretien r\u00e9gulier et l&#039;expertise de sp\u00e9cialistes pour un fonctionnement optimal. Sentrimax propose un service d&#039;entretien professionnel pour les centrifugeuses d\u00e9canteuses Alfa Laval \u00e0 Chicago (Illinois), permettant aux installations de maintenir leurs performances, leur fiabilit\u00e9 et leur stabilit\u00e9 op\u00e9rationnelle \u00e0 long terme.<\/p>\n<p data-start=\"1488\" data-end=\"1837\">Forte de plusieurs d\u00e9cennies d&#039;exp\u00e9rience dans le support des syst\u00e8mes de centrifugeuses industrielles en Am\u00e9rique du Nord, Sentrimax propose des solutions de service structur\u00e9es et adapt\u00e9es aux centrifugeuses d\u00e9canteuses Alfa Laval. Chaque intervention est r\u00e9alis\u00e9e selon des processus qualit\u00e9 document\u00e9s et une approche rigoureuse et transparente, ax\u00e9e sur la disponibilit\u00e9 et la performance.<\/p>\n<hr data-start=\"1839\" data-end=\"1842\" \/>\n<h2 data-start=\"1844\" data-end=\"1903\">Soutien aux op\u00e9rations industrielles et municipales de Chicago<\/h2>\n<p data-start=\"1905\" data-end=\"2353\">L&#039;infrastructure industrielle et municipale de Chicago comprend des stations d&#039;\u00e9puration des eaux us\u00e9es de grande envergure, des sites de production et des unit\u00e9s de traitement qui d\u00e9pendent du bon fonctionnement des centrifugeuses d\u00e9canteuses. Ces syst\u00e8mes fonctionnent souvent en continu sous des charges \u00e9lev\u00e9es, avec des mat\u00e9riaux abrasifs et dans des conditions d&#039;alimentation variables. Un service constant est essentiel pour maintenir l&#039;efficacit\u00e9 de la s\u00e9paration, ma\u00eetriser les co\u00fbts d&#039;exploitation et \u00e9viter les arr\u00eats impr\u00e9vus.<\/p>\n<p data-start=\"2355\" data-end=\"2652\">Sentrimax collabore \u00e9troitement avec les op\u00e9rateurs de la r\u00e9gion de Chicago pour garantir la fiabilit\u00e9 des centrifugeuses d\u00e9canteuses Alfa Laval, m\u00eame dans des conditions exigeantes. Gr\u00e2ce \u00e0 un service proactif, des inspections d\u00e9taill\u00e9es et une v\u00e9rification des performances, les installations b\u00e9n\u00e9ficient d&#039;un meilleur contr\u00f4le sur l&#039;\u00e9tat de leurs \u00e9quipements et la planification de leur maintenance.<\/p>\n<hr data-start=\"2654\" data-end=\"2657\" \/>\n<h2 data-start=\"2659\" data-end=\"2721\">Processus de service certifi\u00e9 ISO con\u00e7u pour les \u00e9quipements de pr\u00e9cision<\/h2>\n<p data-start=\"2723\" data-end=\"3026\">Sentrimax op\u00e8re selon un syst\u00e8me de gestion de la qualit\u00e9 certifi\u00e9 ISO 9001:2015, garantissant que chaque intervention sur les centrifugeuses d\u00e9canteuses Alfa Laval suit un processus structur\u00e9 et reproductible. Ce syst\u00e8me met l&#039;accent sur la documentation, la coh\u00e9rence et la responsabilisation, de la r\u00e9ception du mat\u00e9riel jusqu&#039;aux tests finaux et \u00e0 la production des rapports.<\/p>\n<p data-start=\"3028\" data-end=\"3506\">Chaque intervention de service d\u00e9bute par une inspection compl\u00e8te pouvant inclure une analyse d&#039;huile, un contr\u00f4le des vibrations, une v\u00e9rification dimensionnelle et une \u00e9valuation de l&#039;\u00e9tat des composants. Les r\u00e9sultats sont clairement document\u00e9s et communiqu\u00e9s afin que les \u00e9quipes de maintenance puissent prendre des d\u00e9cisions \u00e9clair\u00e9es concernant l&#039;\u00e9tendue des interventions, leur planification et les strat\u00e9gies de maintenance \u00e0 long terme. Des informations compl\u00e9mentaires sur cette m\u00e9thodologie sont disponibles sur notre site web interne. <strong data-start=\"3447\" data-end=\"3500\"><a class=\"decorated-link\" href=\"https:\/\/sentrimax.com\/fr\/our-process\/?utm_source=chatgpt.com\" target=\"_new\" rel=\"noopener\" data-start=\"3449\" data-end=\"3498\">Notre processus<\/a><\/strong> page.<\/p>\n<hr data-start=\"3508\" data-end=\"3511\" \/>\n<h2 data-start=\"3513\" data-end=\"3581\">Capacit\u00e9s compl\u00e8tes de service pour les centrifugeuses d\u00e9canteuses Alfa Laval<\/h2>\n<h3 data-start=\"3583\" data-end=\"3624\"><strong data-start=\"3587\" data-end=\"3624\">Inspection et service pr\u00e9ventif<\/strong><\/h3>\n<p data-start=\"3625\" data-end=\"3937\">L&#039;inspection r\u00e9guli\u00e8re et la maintenance pr\u00e9ventive permettent de d\u00e9tecter les probl\u00e8mes naissants avant qu&#039;ils n&#039;entra\u00eenent une panne. Sentrimax propose des programmes de maintenance planifi\u00e9e comprenant des inspections, des contr\u00f4les de lubrification, des \u00e9valuations de l&#039;usure et des v\u00e9rifications de performance afin de garantir un fonctionnement fiable et de r\u00e9duire les temps d&#039;arr\u00eat impr\u00e9vus.<\/p>\n<h3 data-start=\"3939\" data-end=\"3980\"><strong data-start=\"3943\" data-end=\"3980\">Services de r\u00e9paration et de remise \u00e0 neuf<\/strong><\/h3>\n<p data-start=\"3981\" data-end=\"4306\">Lorsque les composants des centrifugeuses d\u00e9canteuses Alfa Laval pr\u00e9sentent des signes d&#039;usure ou de dommages, Sentrimax propose des services de r\u00e9paration et de remise \u00e0 neuf de pr\u00e9cision. Ces services comprennent le d\u00e9montage, l&#039;inspection, l&#039;usinage, le soudage, le remplacement des composants et le remontage avec une grande pr\u00e9cision, permettant ainsi de r\u00e9tablir le fonctionnement optimal de l&#039;\u00e9quipement.<\/p>\n<h3 data-start=\"4308\" data-end=\"4362\"><strong data-start=\"4312\" data-end=\"4362\">\u00c9quilibrage dynamique et v\u00e9rification des performances<\/strong><\/h3>\n<p data-start=\"4363\" data-end=\"4642\">Le d\u00e9s\u00e9quilibre est une cause majeure de vibrations, d&#039;usure acc\u00e9l\u00e9r\u00e9e et de r\u00e9duction du rendement des centrifugeuses. Dans le cadre de son service d&#039;entretien des centrifugeuses d\u00e9canteuses, Sentrimax effectue un \u00e9quilibrage dynamique avanc\u00e9 et une v\u00e9rification des performances afin de garantir un fonctionnement optimal et de prot\u00e9ger les composants rotatifs critiques.<\/p>\n<p data-start=\"4644\" data-end=\"4766\">Un aper\u00e7u complet des capacit\u00e9s de service est disponible sur le site interne. <strong data-start=\"4713\" data-end=\"4760\"><a class=\"decorated-link\" href=\"https:\/\/sentrimax.com\/fr\/services\/?utm_source=chatgpt.com\" target=\"_new\" rel=\"noopener\" data-start=\"4715\" data-end=\"4758\">Services<\/a><\/strong> page.<\/p>\n<hr data-start=\"4768\" data-end=\"4771\" \/>\n<h2 data-start=\"4773\" data-end=\"4838\">Solutions de service sur mesure pour les centrifugeuses d\u00e9canteuses Alfa Laval<\/h2>\n<p data-start=\"4840\" data-end=\"5228\">Chaque installation fonctionne dans des conditions diff\u00e9rentes. Les caract\u00e9ristiques des boues, les exigences de d\u00e9bit, les plages de temp\u00e9rature et les contraintes r\u00e9glementaires varient consid\u00e9rablement d&#039;une exploitation \u00e0 l&#039;autre dans la r\u00e9gion de Chicago. Sentrimax con\u00e7oit des solutions de maintenance sur mesure, adapt\u00e9es au mod\u00e8le sp\u00e9cifique de centrifugeuse d\u00e9canteuse Alfa Laval, \u00e0 l&#039;environnement d&#039;exploitation et \u00e0 l&#039;historique de maintenance, plut\u00f4t que d&#039;appliquer des programmes de maintenance standardis\u00e9s.<\/p>\n<p data-start=\"5230\" data-end=\"5498\">Une documentation claire et une communication transparente permettent aux op\u00e9rateurs de planifier les interventions de maintenance de mani\u00e8re proactive, de g\u00e9rer efficacement les budgets et de r\u00e9duire les r\u00e9parations d&#039;urgence. Cette approche personnalis\u00e9e favorise une meilleure pr\u00e9visibilit\u00e9 op\u00e9rationnelle et une fiabilit\u00e9 accrue des \u00e9quipements sur le long terme.<\/p>\n<hr data-start=\"5500\" data-end=\"5503\" \/>\n<h2 data-start=\"5505\" data-end=\"5550\">Minimiser les temps d&#039;arr\u00eat des installations de Chicago<\/h2>\n<p data-start=\"5552\" data-end=\"5951\">Les arr\u00eats impr\u00e9vus des centrifugeuses d\u00e9canteuses peuvent perturber les processus de traitement, impacter les calendriers de production et augmenter les co\u00fbts d&#039;exploitation. Sentrimax privil\u00e9gie une planification proactive des interventions, des d\u00e9lais d&#039;ex\u00e9cution rapides et une planification coordonn\u00e9e afin de garantir le fonctionnement fiable des centrifugeuses d\u00e9canteuses Alfa Laval. Une communication r\u00e9active et un support technique de qualit\u00e9 contribuent \u00e9galement \u00e0 minimiser les temps d&#039;arr\u00eat en cas de besoin de maintenance.<\/p>\n<p data-start=\"5953\" data-end=\"6103\">En combinant des strat\u00e9gies de maintenance pr\u00e9ventive et une ex\u00e9cution experte, Sentrimax assure des op\u00e9rations constantes dans tout Chicago et ses environs.<\/p>\n<hr data-start=\"6105\" data-end=\"6108\" \/>\n<h2 data-start=\"6110\" data-end=\"6160\">Conformit\u00e9, s\u00e9curit\u00e9 et meilleures pratiques de l&#039;industrie<\/h2>\n<p data-start=\"6162\" data-end=\"6802\">Les installations exploitant des centrifugeuses d\u00e9canteuses Alfa Laval doivent s&#039;assurer que les performances des \u00e9quipements sont conformes aux r\u00e9glementations environnementales et de s\u00e9curit\u00e9. Consultez les recommandations de la <strong data-start=\"6317\" data-end=\"6448\"><a class=\"decorated-link cursor-pointer\" target=\"_new\" rel=\"noopener\" data-start=\"6319\" data-end=\"6446\">Agence am\u00e9ricaine de protection de l&#039;environnement \u2013 Aper\u00e7u du traitement des eaux us\u00e9es<\/a><\/strong> souligne l&#039;importance d&#039;un \u00e9quipement de manutention des solides fiable pour le maintien de la conformit\u00e9. Conseils du fabricant <strong data-start=\"6567\" data-end=\"6697\"><a class=\"decorated-link\" href=\"https:\/\/www.alfalaval.com\/products\/separation\/centrifugal-separators\/decanters\/\" target=\"_new\" rel=\"noopener\" data-start=\"6569\" data-end=\"6695\">Alfa Laval \u2013 Technologie de centrifugation par d\u00e9cantation<\/a><\/strong> souligne \u00e9galement le r\u00f4le d&#039;un entretien ad\u00e9quat dans le maintien de l&#039;efficacit\u00e9 de la s\u00e9paration et la long\u00e9vit\u00e9 des \u00e9quipements.<\/p>\n<p data-start=\"6804\" data-end=\"7024\">Les solutions de service Sentrimax soutiennent ces meilleures pratiques en aidant les installations \u00e0 maintenir les performances des centrifugeuses d\u00e9canteuses Alfa Laval conform\u00e9ment aux sp\u00e9cifications de conception, en r\u00e9duisant les risques environnementaux et en favorisant des op\u00e9rations s\u00fbres.<\/p>\n<hr data-start=\"7026\" data-end=\"7029\" \/>\n<h2 data-start=\"7031\" data-end=\"7074\">Assistance tout au long du cycle de vie au-del\u00e0 du service de routine<\/h2>\n<p data-start=\"7076\" data-end=\"7475\">Un service efficace pour les centrifugeuses d\u00e9canteuses Alfa Laval est optimal lorsqu&#039;il est int\u00e9gr\u00e9 \u00e0 une strat\u00e9gie globale de gestion du cycle de vie. Sentrimax propose un accompagnement continu comprenant la surveillance de l&#039;\u00e9tat des \u00e9quipements, la documentation des interventions et des recommandations pour la planification de la maintenance \u00e0 long terme. Cette approche ax\u00e9e sur le cycle de vie permet aux installations d&#039;optimiser les intervalles d&#039;entretien, de ma\u00eetriser les co\u00fbts et de maximiser le retour sur investissement.<\/p>\n<p data-start=\"7477\" data-end=\"7625\">Des informations techniques suppl\u00e9mentaires et des conseils de maintenance sont disponibles via le service interne. <strong data-start=\"7567\" data-end=\"7616\"><a class=\"decorated-link cursor-pointer\" target=\"_new\" rel=\"noopener\" data-start=\"7569\" data-end=\"7614\">Ressources<\/a><\/strong> section.<\/p>\n<hr data-start=\"7627\" data-end=\"7630\" \/>\n<h2 data-start=\"7632\" data-end=\"7696\">Partenaire de service Alfa Laval pour les d\u00e9canteurs et centrifugeuses \u00e0 Chicago, Illinois<\/h2>\n<p data-start=\"7698\" data-end=\"8061\">Les installations \u00e0 Chicago d\u00e9pendent de la fiabilit\u00e9 des centrifugeuses d\u00e9canteuses pour garantir leur productivit\u00e9, leur conformit\u00e9 et leur stabilit\u00e9 op\u00e9rationnelle. Un service d&#039;assistance professionnel est essentiel pour minimiser les risques et ma\u00eetriser les co\u00fbts \u00e0 long terme. Sentrimax assure le service apr\u00e8s-vente des centrifugeuses d\u00e9canteuses Alfa Laval \u00e0 Chicago (Illinois) en privil\u00e9giant la qualit\u00e9, la pr\u00e9cision et la fiabilit\u00e9 \u00e0 long terme.<\/p>\n<p data-start=\"8063\" data-end=\"8246\">Des inspections de routine aux programmes de service complets et au soutien continu tout au long du cycle de vie, Sentrimax offre aux op\u00e9rateurs une totale confiance dans leurs syst\u00e8mes de centrifugation d\u00e9canteuse Alfa Laval.<\/p>\n<hr data-start=\"8248\" data-end=\"8251\" \/>\n<h2 data-start=\"8253\" data-end=\"8274\">Passez \u00e0 l&#039;\u00e9tape suivante<\/h2>\n<p data-start=\"8276\" data-end=\"8489\">Un service proactif d&#039;entretien des centrifugeuses d\u00e9canteuses permet d&#039;\u00e9viter les arr\u00eats de production co\u00fbteux et les pannes impr\u00e9vues. Sentrimax est pr\u00eat \u00e0 accompagner les installations de Chicago en leur fournissant des solutions d&#039;entretien expertes pour leurs centrifugeuses d\u00e9canteuses Alfa Laval.<\/p>\n<p data-start=\"8491\" data-end=\"8545\"><strong data-start=\"8491\" data-end=\"8545\"><a class=\"decorated-link\" href=\"https:\/\/sentrimax.com\/fr\/contact\/\" target=\"_new\" rel=\"noopener\" data-start=\"8493\" data-end=\"8543\">Demandez un devis !<\/a><\/strong><\/p>","protected":false},"excerpt":{"rendered":"<p>Industrial and municipal facilities in Chicago, IL rely on decanter centrifuges to support efficient solids separation, maintain regulatory compliance, and sustain continuous processing operations. Equipment manufactured by Alfa Laval is widely used across wastewater treatment, food processing, chemical manufacturing, and industrial separation applications due to its durability and performance. Even with advanced engineering, decanter centrifuges [&hellip;]<\/p>\n","protected":false},"author":3,"featured_media":0,"parent":0,"menu_order":0,"comment_status":"closed","ping_status":"closed","template":"seo-page-template.php","meta":{"_acf_changed":false,"inline_featured_image":false,"footnotes":""},"class_list":["post-2272","page","type-page","status-publish","hentry"],"acf":[],"_links":{"self":[{"href":"https:\/\/sentrimax.com\/fr\/wp-json\/wp\/v2\/pages\/2272","targetHints":{"allow":["GET"]}}],"collection":[{"href":"https:\/\/sentrimax.com\/fr\/wp-json\/wp\/v2\/pages"}],"about":[{"href":"https:\/\/sentrimax.com\/fr\/wp-json\/wp\/v2\/types\/page"}],"author":[{"embeddable":true,"href":"https:\/\/sentrimax.com\/fr\/wp-json\/wp\/v2\/users\/3"}],"replies":[{"embeddable":true,"href":"https:\/\/sentrimax.com\/fr\/wp-json\/wp\/v2\/comments?post=2272"}],"version-history":[{"count":1,"href":"https:\/\/sentrimax.com\/fr\/wp-json\/wp\/v2\/pages\/2272\/revisions"}],"predecessor-version":[{"id":2553,"href":"https:\/\/sentrimax.com\/fr\/wp-json\/wp\/v2\/pages\/2272\/revisions\/2553"}],"wp:attachment":[{"href":"https:\/\/sentrimax.com\/fr\/wp-json\/wp\/v2\/media?parent=2272"}],"curies":[{"name":"wp","href":"https:\/\/api.w.org\/{rel}","templated":true}]}}