{"id":2274,"date":"2026-01-07T15:10:14","date_gmt":"2026-01-07T15:10:14","guid":{"rendered":"https:\/\/sentrimax.com\/?page_id=2274"},"modified":"2026-04-21T21:16:00","modified_gmt":"2026-04-21T21:16:00","slug":"alfa-laval-centrifuge-repair-in-los-angeles-ca","status":"publish","type":"page","link":"https:\/\/sentrimax.com\/fr\/alfa-laval-centrifuge-repair-in-los-angeles-ca\/","title":{"rendered":"R\u00e9paration de centrifugeuses Alfa Laval \u00e0 Los Angeles, Californie"},"content":{"rendered":"<p data-start=\"739\" data-end=\"1452\"><img fetchpriority=\"high\" decoding=\"async\" class=\"aligncenter size-full wp-image-1619\" src=\"https:\/\/sentrimax.com\/wp-content\/uploads\/2025\/07\/Pulp-Paper-1.png\" alt=\"\" width=\"1536\" height=\"1024\" srcset=\"https:\/\/sentrimax.com\/wp-content\/uploads\/2025\/07\/Pulp-Paper-1.png 1536w, https:\/\/sentrimax.com\/wp-content\/uploads\/2025\/07\/Pulp-Paper-1-300x200.png 300w, https:\/\/sentrimax.com\/wp-content\/uploads\/2025\/07\/Pulp-Paper-1-1024x683.png 1024w, https:\/\/sentrimax.com\/wp-content\/uploads\/2025\/07\/Pulp-Paper-1-768x512.png 768w, https:\/\/sentrimax.com\/wp-content\/uploads\/2025\/07\/Pulp-Paper-1-600x400.png 600w\" sizes=\"(max-width: 1536px) 100vw, 1536px\" \/><\/p>\n<p data-start=\"739\" data-end=\"1452\">Les installations industrielles et municipales de Los Angeles, en Californie, utilisent des syst\u00e8mes de centrifugation haute performance pour assurer le traitement en continu, la s\u00e9paration des solides et la conformit\u00e9 r\u00e9glementaire. Ces \u00e9quipements sont fabriqu\u00e9s par <span class=\"hover:entity-accent entity-underline inline cursor-pointer align-baseline\"><span class=\"whitespace-normal\">Alfa Laval<\/span><\/span> Largement utilis\u00e9e dans le traitement des eaux us\u00e9es, l&#039;industrie agroalimentaire, la production chimique et les applications de s\u00e9paration industrielle gr\u00e2ce \u00e0 sa robustesse et sa pr\u00e9cision d&#039;ing\u00e9nierie, la centrifugeuse Alfa Laval n\u00e9cessite, m\u00eame pour les syst\u00e8mes les plus performants, un entretien sp\u00e9cialis\u00e9 pour garantir un fonctionnement optimal. Sentrimax propose des services de r\u00e9paration professionnels de centrifugeuses Alfa Laval \u00e0 Los Angeles, en Californie, permettant aux installations de retrouver leur fiabilit\u00e9 et de prolonger la dur\u00e9e de vie de leurs \u00e9quipements critiques.<\/p>\n<p data-start=\"1454\" data-end=\"1815\">Forte de plusieurs d\u00e9cennies d&#039;exp\u00e9rience dans le support des syst\u00e8mes de centrifugeuses industrielles en Am\u00e9rique du Nord, Sentrimax propose des solutions de r\u00e9paration de pr\u00e9cision adapt\u00e9es aux centrifugeuses Alfa Laval. Chaque intervention est r\u00e9alis\u00e9e selon des proc\u00e9dures qualit\u00e9 document\u00e9es et une approche rigoureuse et transparente, ax\u00e9e sur la performance, la s\u00e9curit\u00e9 et la stabilit\u00e9 op\u00e9rationnelle \u00e0 long terme.<\/p>\n<hr data-start=\"1817\" data-end=\"1820\" \/>\n<h2 data-start=\"1822\" data-end=\"1883\">Soutien aux op\u00e9rations de traitement et de transformation de Los Angeles<\/h2>\n<p data-start=\"1885\" data-end=\"2300\">Los Angeles abrite l&#039;une des infrastructures industrielles et municipales les plus diversifi\u00e9es des \u00c9tats-Unis. Les installations de la r\u00e9gion utilisent des centrifugeuses dans des conditions exigeantes, notamment un d\u00e9bit \u00e9lev\u00e9, des mat\u00e9riaux abrasifs et des cycles de fonctionnement prolong\u00e9s. Les centrifugeuses Alfa Laval sont con\u00e7ues pour ces environnements, mais leur performance constante d\u00e9pend d&#039;une r\u00e9paration rapide et experte en cas d&#039;usure ou de probl\u00e8me m\u00e9canique.<\/p>\n<p data-start=\"2302\" data-end=\"2586\">Sentrimax collabore \u00e9troitement avec les exploitants de la r\u00e9gion de Los Angeles pour garantir la fiabilit\u00e9 des syst\u00e8mes de centrifugation Alfa Laval. Gr\u00e2ce \u00e0 des inspections d\u00e9taill\u00e9es et des services de r\u00e9paration cibl\u00e9s, les installations b\u00e9n\u00e9ficient d&#039;un meilleur contr\u00f4le sur la planification de la maintenance, les performances des \u00e9quipements et les risques op\u00e9rationnels.<\/p>\n<hr data-start=\"2588\" data-end=\"2591\" \/>\n<h2 data-start=\"2593\" data-end=\"2654\">Processus de r\u00e9paration certifi\u00e9 ISO con\u00e7u pour les \u00e9quipements de pr\u00e9cision<\/h2>\n<p data-start=\"2656\" data-end=\"2949\">Sentrimax op\u00e8re selon un syst\u00e8me de gestion de la qualit\u00e9 certifi\u00e9 ISO 9001:2015, garantissant que chaque r\u00e9paration de centrifugeuse Alfa Laval suit un processus structur\u00e9 et reproductible. Ce syst\u00e8me met l&#039;accent sur la documentation, la coh\u00e9rence et la responsabilisation, de la r\u00e9ception de l&#039;\u00e9quipement jusqu&#039;aux tests finaux et \u00e0 la production des rapports.<\/p>\n<p data-start=\"2951\" data-end=\"3376\">Chaque r\u00e9paration d\u00e9bute par une inspection compl\u00e8te pouvant inclure une analyse d&#039;huile, une v\u00e9rification dimensionnelle et une \u00e9valuation de l&#039;\u00e9tat des composants. Les r\u00e9sultats sont clairement document\u00e9s et communiqu\u00e9s afin que les \u00e9quipes de maintenance puissent \u00e9valuer la port\u00e9e des r\u00e9parations, les d\u00e9lais et les implications \u00e0 long terme. Des informations compl\u00e9mentaires sur cette m\u00e9thodologie sont disponibles sur le site interne. <strong data-start=\"3317\" data-end=\"3370\"><a class=\"decorated-link\" href=\"https:\/\/sentrimax.com\/fr\/our-process\/?utm_source=chatgpt.com\" target=\"_new\" rel=\"noopener\" data-start=\"3319\" data-end=\"3368\">Notre processus<\/a><\/strong> page.<\/p>\n<hr data-start=\"3378\" data-end=\"3381\" \/>\n<h2 data-start=\"3383\" data-end=\"3437\">Services complets de r\u00e9paration de centrifugeuses Alfa Laval<\/h2>\n<h3 data-start=\"3439\" data-end=\"3475\"><strong data-start=\"3443\" data-end=\"3475\">R\u00e9paration et r\u00e9vision compl\u00e8tes<\/strong><\/h3>\n<p data-start=\"3476\" data-end=\"3877\">Sentrimax propose des services complets de r\u00e9paration et de r\u00e9vision des centrifugeuses Alfa Laval afin de remettre les \u00e9quipements en parfait \u00e9tat de fonctionnement. Ces services comprennent le d\u00e9montage complet, l&#039;inspection des pi\u00e8ces d&#039;usure, l&#039;usinage de pr\u00e9cision, le soudage, le remplacement des roulements, la pose de joints d&#039;\u00e9tanch\u00e9it\u00e9 et un remontage soign\u00e9 respectant des tol\u00e9rances strictes. Ces r\u00e9parations permettent aux installations de prolonger la dur\u00e9e de vie des \u00e9quipements et de retarder des remplacements co\u00fbteux.<\/p>\n<h3 data-start=\"3879\" data-end=\"3914\"><strong data-start=\"3883\" data-end=\"3914\">\u00c9quilibrage dynamique de pr\u00e9cision<\/strong><\/h3>\n<p data-start=\"3915\" data-end=\"4293\">Le d\u00e9s\u00e9quilibre est une cause majeure de vibrations, d&#039;usure acc\u00e9l\u00e9r\u00e9e et de d\u00e9faillances m\u00e9caniques pr\u00e9matur\u00e9es dans les syst\u00e8mes de centrifugeuses. Sentrimax r\u00e9alise un \u00e9quilibrage dynamique avanc\u00e9 sur trois plans conforme \u00e0 la norme ISO G 0.5, r\u00e9duisant consid\u00e9rablement les vibrations et am\u00e9liorant la stabilit\u00e9 de fonctionnement. Un \u00e9quilibrage optimal prot\u00e8ge les roulements, les r\u00e9ducteurs et les ensembles rotatifs, tout en renfor\u00e7ant la fiabilit\u00e9 \u00e0 long terme.<\/p>\n<h3 data-start=\"4295\" data-end=\"4339\"><strong data-start=\"4299\" data-end=\"4339\">R\u00e9paration de bo\u00eetes de vitesses et d&#039;ensembles rotatifs<\/strong><\/h3>\n<p data-start=\"4340\" data-end=\"4676\">Les r\u00e9ducteurs et les composants rotatifs des centrifugeuses Alfa Laval fonctionnent sous un couple \u00e9lev\u00e9 et dans des conditions de process exigeantes. Sentrimax propose des services d&#039;inspection, de remise en \u00e9tat et de r\u00e9paration m\u00e9canique d\u00e9taill\u00e9s pour les r\u00e9ducteurs, afin de r\u00e9tablir leurs performances et leur efficacit\u00e9. Ces services contribuent \u00e0 pr\u00e9venir les pannes inattendues et \u00e0 garantir la continuit\u00e9 des op\u00e9rations de production.<\/p>\n<p data-start=\"4678\" data-end=\"4799\">Un aper\u00e7u complet des capacit\u00e9s de r\u00e9paration est disponible en interne. <strong data-start=\"4746\" data-end=\"4793\"><a class=\"decorated-link\" href=\"https:\/\/sentrimax.com\/fr\/services\/?utm_source=chatgpt.com\" target=\"_new\" rel=\"noopener\" data-start=\"4748\" data-end=\"4791\">Services<\/a><\/strong> page.<\/p>\n<hr data-start=\"4801\" data-end=\"4804\" \/>\n<h2 data-start=\"4806\" data-end=\"4859\">Solutions de r\u00e9paration sur mesure pour les \u00e9quipements Alfa Laval<\/h2>\n<p data-start=\"4861\" data-end=\"5241\">Chaque installation fonctionne dans des conditions diff\u00e9rentes. Les caract\u00e9ristiques d&#039;alimentation, les exigences de d\u00e9bit, les plages de temp\u00e9rature et les contraintes r\u00e9glementaires varient consid\u00e9rablement d&#039;une installation \u00e0 l&#039;autre dans la r\u00e9gion de Los Angeles. Sentrimax con\u00e7oit des solutions de r\u00e9paration sur mesure, adapt\u00e9es au mod\u00e8le sp\u00e9cifique de la centrifugeuse Alfa Laval, \u00e0 son environnement d&#039;exploitation et \u00e0 son historique de maintenance, plut\u00f4t que d&#039;appliquer des m\u00e9thodes de r\u00e9paration g\u00e9n\u00e9riques.<\/p>\n<p data-start=\"5243\" data-end=\"5521\">Une documentation claire et une communication transparente permettent aux op\u00e9rateurs d&#039;anticiper les interventions de r\u00e9paration, de g\u00e9rer efficacement les budgets et de r\u00e9duire les interventions d&#039;urgence. Cette approche personnalis\u00e9e favorise une meilleure pr\u00e9visibilit\u00e9 op\u00e9rationnelle et une fiabilit\u00e9 accrue des \u00e9quipements sur le long terme.<\/p>\n<hr data-start=\"5523\" data-end=\"5526\" \/>\n<h2 data-start=\"5528\" data-end=\"5577\">Minimiser les temps d&#039;arr\u00eat des installations de Los Angeles<\/h2>\n<p data-start=\"5579\" data-end=\"5955\">Les arr\u00eats impr\u00e9vus des centrifugeuses peuvent perturber les processus de traitement, impacter les calendriers de production et augmenter les co\u00fbts d&#039;exploitation. Sentrimax privil\u00e9gie des d\u00e9lais d&#039;intervention rapides et une planification coordonn\u00e9e afin de remettre les centrifugeuses Alfa Laval en service dans les meilleurs d\u00e9lais. Une communication r\u00e9active et un support technique de qualit\u00e9 contribuent \u00e9galement \u00e0 minimiser les temps d&#039;arr\u00eat lors de r\u00e9parations urgentes.<\/p>\n<p data-start=\"5957\" data-end=\"6117\">En combinant une planification proactive de la maintenance avec une ex\u00e9cution experte des r\u00e9parations, Sentrimax assure des op\u00e9rations fiables dans tout Los Angeles et ses environs.<\/p>\n<hr data-start=\"6119\" data-end=\"6122\" \/>\n<h2 data-start=\"6124\" data-end=\"6174\">Conformit\u00e9, s\u00e9curit\u00e9 et meilleures pratiques de l&#039;industrie<\/h2>\n<p data-start=\"6176\" data-end=\"6797\">Les installations exploitant des centrifugeuses Alfa Laval doivent s&#039;assurer que les performances des \u00e9quipements sont conformes aux r\u00e9glementations environnementales et de s\u00e9curit\u00e9. Consultez les recommandations de la <strong data-start=\"6322\" data-end=\"6448\"><a class=\"decorated-link\" href=\"https:\/\/www.epa.gov\/npdes\/industrial-wastewater\" target=\"_new\" rel=\"noopener\" data-start=\"6324\" data-end=\"6446\">Agence am\u00e9ricaine de protection de l&#039;environnement \u2013 Gestion des eaux us\u00e9es industrielles<\/a><\/strong> souligne l&#039;importance d&#039;un \u00e9quipement de s\u00e9paration des solides fiable pour le maintien de la conformit\u00e9. Conseils du fabricant <strong data-start=\"6569\" data-end=\"6680\"><a class=\"decorated-link cursor-pointer\" target=\"_new\" rel=\"noopener\" data-start=\"6571\" data-end=\"6678\">Alfa Laval \u2013 Technologie des centrifugeuses<\/a><\/strong> souligne l&#039;importance d&#039;une r\u00e9paration et d&#039;un entretien appropri\u00e9s pour pr\u00e9server l&#039;efficacit\u00e9 de la s\u00e9paration et la s\u00e9curit\u00e9 des \u00e9quipements.<\/p>\n<p data-start=\"6799\" data-end=\"7008\">Les services de r\u00e9paration de Sentrimax soutiennent ces bonnes pratiques en veillant \u00e0 ce que les syst\u00e8mes de centrifugeuses Alfa Laval fonctionnent conform\u00e9ment aux sp\u00e9cifications de conception, aidant ainsi les installations \u00e0 r\u00e9duire les risques environnementaux et \u00e0 maintenir des op\u00e9rations s\u00fbres.<\/p>\n<hr data-start=\"7010\" data-end=\"7013\" \/>\n<h2 data-start=\"7015\" data-end=\"7049\">Assistance tout au long du cycle de vie au-del\u00e0 de la r\u00e9paration<\/h2>\n<p data-start=\"7051\" data-end=\"7444\">La r\u00e9paration efficace des centrifugeuses Alfa Laval est optimale lorsqu&#039;elle s&#039;inscrit dans une strat\u00e9gie globale de gestion du cycle de vie. Sentrimax propose un accompagnement continu comprenant la surveillance de l&#039;\u00e9tat, la documentation des performances et des recommandations pour la planification de la maintenance \u00e0 long terme. Cette approche ax\u00e9e sur le cycle de vie permet aux installations d&#039;optimiser les intervalles d&#039;entretien, de ma\u00eetriser les co\u00fbts et de maximiser le retour sur investissement des \u00e9quipements.<\/p>\n<p data-start=\"7446\" data-end=\"7594\">Des informations techniques suppl\u00e9mentaires et des conseils de maintenance sont disponibles via le service interne. <strong data-start=\"7536\" data-end=\"7585\"><a class=\"decorated-link cursor-pointer\" target=\"_new\" rel=\"noopener\" data-start=\"7538\" data-end=\"7583\">Ressources<\/a><\/strong> section.<\/p>\n<hr data-start=\"7596\" data-end=\"7599\" \/>\n<h2 data-start=\"7601\" data-end=\"7659\">Partenaire de r\u00e9paration de centrifugeuses Alfa Laval pour Los Angeles, Californie<\/h2>\n<p data-start=\"7661\" data-end=\"8006\">Les installations de Los Angeles d\u00e9pendent de la fiabilit\u00e9 de leurs centrifugeuses pour garantir leur productivit\u00e9, leur conformit\u00e9 aux normes et leur stabilit\u00e9 op\u00e9rationnelle. Un service de r\u00e9paration expert est essentiel pour minimiser les risques et ma\u00eetriser les co\u00fbts \u00e0 long terme. Sentrimax assure la r\u00e9paration des centrifugeuses Alfa Laval \u00e0 Los Angeles, en Californie, en privil\u00e9giant la qualit\u00e9, la pr\u00e9cision et la fiabilit\u00e9 sur le long terme.<\/p>\n<p data-start=\"8008\" data-end=\"8170\">Des inspections d\u00e9taill\u00e9es aux r\u00e9parations de pr\u00e9cision en passant par le support continu tout au long du cycle de vie, Sentrimax offre aux op\u00e9rateurs une totale confiance dans leurs syst\u00e8mes de centrifugeuses Alfa Laval.<\/p>\n<hr data-start=\"8172\" data-end=\"8175\" \/>\n<h2 data-start=\"8177\" data-end=\"8198\">Passez \u00e0 l&#039;\u00e9tape suivante<\/h2>\n<p data-start=\"8200\" data-end=\"8403\">Un d\u00e9pannage rapide des centrifugeuses permet d&#039;\u00e9viter les arr\u00eats de production co\u00fbteux et les pannes impr\u00e9vues. Sentrimax est \u00e0 votre disposition pour la r\u00e9paration de centrifugeuses Alfa Laval \u00e0 Los Angeles.<\/p>\n<p data-start=\"8405\" data-end=\"8459\"><strong data-start=\"8405\" data-end=\"8459\"><a class=\"decorated-link\" href=\"https:\/\/sentrimax.com\/fr\/contact\/\" target=\"_new\" rel=\"noopener\" data-start=\"8407\" data-end=\"8457\">Demandez un devis !<\/a><\/strong><\/p>","protected":false},"excerpt":{"rendered":"<p>Industrial and municipal facilities throughout Los Angeles, CA rely on high-performance centrifuge systems to support continuous processing, solids separation, and regulatory compliance. Equipment manufactured by Alfa Laval is widely used across wastewater treatment, food and beverage processing, chemical manufacturing, and industrial separation applications due to its durability and engineering precision. Even the most advanced centrifuge [&hellip;]<\/p>\n","protected":false},"author":3,"featured_media":0,"parent":0,"menu_order":0,"comment_status":"closed","ping_status":"closed","template":"seo-page-template.php","meta":{"_acf_changed":false,"inline_featured_image":false,"footnotes":""},"class_list":["post-2274","page","type-page","status-publish","hentry"],"acf":[],"_links":{"self":[{"href":"https:\/\/sentrimax.com\/fr\/wp-json\/wp\/v2\/pages\/2274","targetHints":{"allow":["GET"]}}],"collection":[{"href":"https:\/\/sentrimax.com\/fr\/wp-json\/wp\/v2\/pages"}],"about":[{"href":"https:\/\/sentrimax.com\/fr\/wp-json\/wp\/v2\/types\/page"}],"author":[{"embeddable":true,"href":"https:\/\/sentrimax.com\/fr\/wp-json\/wp\/v2\/users\/3"}],"replies":[{"embeddable":true,"href":"https:\/\/sentrimax.com\/fr\/wp-json\/wp\/v2\/comments?post=2274"}],"version-history":[{"count":1,"href":"https:\/\/sentrimax.com\/fr\/wp-json\/wp\/v2\/pages\/2274\/revisions"}],"predecessor-version":[{"id":2551,"href":"https:\/\/sentrimax.com\/fr\/wp-json\/wp\/v2\/pages\/2274\/revisions\/2551"}],"wp:attachment":[{"href":"https:\/\/sentrimax.com\/fr\/wp-json\/wp\/v2\/media?parent=2274"}],"curies":[{"name":"wp","href":"https:\/\/api.w.org\/{rel}","templated":true}]}}