{"id":2275,"date":"2026-01-07T15:13:08","date_gmt":"2026-01-07T15:13:08","guid":{"rendered":"https:\/\/sentrimax.com\/?page_id=2275"},"modified":"2026-04-21T21:16:00","modified_gmt":"2026-04-21T21:16:00","slug":"alfa-laval-wastewater-centrifuge-service-in-dallas-tx","status":"publish","type":"page","link":"https:\/\/sentrimax.com\/fr\/alfa-laval-wastewater-centrifuge-service-in-dallas-tx\/","title":{"rendered":"Service de centrifugation des eaux us\u00e9es Alfa Laval \u00e0 Dallas, Texas"},"content":{"rendered":"<p data-start=\"766\" data-end=\"1464\"><img fetchpriority=\"high\" decoding=\"async\" class=\"aligncenter size-full wp-image-1618\" src=\"https:\/\/sentrimax.com\/wp-content\/uploads\/2025\/07\/Pharmaceuticals.png\" alt=\"\" width=\"1536\" height=\"1024\" srcset=\"https:\/\/sentrimax.com\/wp-content\/uploads\/2025\/07\/Pharmaceuticals.png 1536w, https:\/\/sentrimax.com\/wp-content\/uploads\/2025\/07\/Pharmaceuticals-300x200.png 300w, https:\/\/sentrimax.com\/wp-content\/uploads\/2025\/07\/Pharmaceuticals-1024x683.png 1024w, https:\/\/sentrimax.com\/wp-content\/uploads\/2025\/07\/Pharmaceuticals-768x512.png 768w, https:\/\/sentrimax.com\/wp-content\/uploads\/2025\/07\/Pharmaceuticals-600x400.png 600w\" sizes=\"(max-width: 1536px) 100vw, 1536px\" \/><\/p>\n<p data-start=\"766\" data-end=\"1464\">Les stations d&#039;\u00e9puration municipales et industrielles de Dallas, au Texas, utilisent des syst\u00e8mes de centrifugation haute performance pour g\u00e9rer les boues d&#039;\u00e9puration, respecter les exigences r\u00e9glementaires et assurer un traitement continu. Ces \u00e9quipements sont fabriqu\u00e9s par <span class=\"hover:entity-accent entity-underline inline cursor-pointer align-baseline\"><span class=\"whitespace-normal\">Alfa Laval<\/span><\/span> Largement utilis\u00e9e dans le traitement des eaux us\u00e9es gr\u00e2ce \u00e0 son efficacit\u00e9, sa durabilit\u00e9 et sa technologie de s\u00e9paration avanc\u00e9e, la centrifugeuse Alfa Laval n\u00e9cessite, malgr\u00e9 sa conception \u00e9prouv\u00e9e, un entretien r\u00e9gulier et l&#039;expertise de sp\u00e9cialistes pour un fonctionnement optimal. Sentrimax propose un service d&#039;entretien professionnel pour les centrifugeuses Alfa Laval \u00e0 Dallas, au Texas, permettant aux installations de maintenir leur fiabilit\u00e9, de prolonger la dur\u00e9e de vie de leurs \u00e9quipements et de r\u00e9duire les risques op\u00e9rationnels.<\/p>\n<p data-start=\"1466\" data-end=\"1819\">Forte de plusieurs d\u00e9cennies d&#039;exp\u00e9rience dans le support des syst\u00e8mes de centrifugation des eaux us\u00e9es en Am\u00e9rique du Nord, Sentrimax propose des solutions de service structur\u00e9es et adapt\u00e9es aux conceptions d&#039;Alfa Laval. Chaque intervention est r\u00e9alis\u00e9e selon des processus qualit\u00e9 document\u00e9s et une approche rigoureuse et transparente, ax\u00e9e sur la disponibilit\u00e9, la conformit\u00e9 et la performance \u00e0 long terme.<\/p>\n<hr data-start=\"1821\" data-end=\"1824\" \/>\n<h2 data-start=\"1826\" data-end=\"1878\">Soutien aux op\u00e9rations de traitement des eaux us\u00e9es de Dallas<\/h2>\n<p data-start=\"1880\" data-end=\"2287\">Dallas exploite un vaste r\u00e9seau complexe d&#039;infrastructures de traitement des eaux us\u00e9es desservant les secteurs r\u00e9sidentiel, commercial et industriel. Les stations d&#039;\u00e9puration doivent g\u00e9rer des caract\u00e9ristiques variables des effluents, des charges en mati\u00e8res solides fluctuantes et se conformer \u00e0 une r\u00e9glementation environnementale stricte. Les centrifugeuses Alfa Laval jouent un r\u00f4le essentiel dans la d\u00e9shydratation des boues et la s\u00e9paration des solides, influen\u00e7ant directement l&#039;efficacit\u00e9 du traitement et les co\u00fbts d&#039;\u00e9limination.<\/p>\n<p data-start=\"2289\" data-end=\"2591\">Sentrimax collabore \u00e9troitement avec les exploitants de stations d&#039;\u00e9puration de la r\u00e9gion de Dallas afin de garantir le fonctionnement fiable des centrifugeuses Alfa Laval en utilisation continue. Gr\u00e2ce \u00e0 un service proactif, des inspections d\u00e9taill\u00e9es et une v\u00e9rification des performances, les installations b\u00e9n\u00e9ficient d&#039;un meilleur contr\u00f4le sur l&#039;\u00e9tat de leurs \u00e9quipements et la planification de leur maintenance.<\/p>\n<hr data-start=\"2593\" data-end=\"2596\" \/>\n<h2 data-start=\"2598\" data-end=\"2660\">Processus de service certifi\u00e9 ISO con\u00e7u pour les \u00e9quipements de pr\u00e9cision<\/h2>\n<p data-start=\"2662\" data-end=\"2967\">Sentrimax op\u00e8re selon un syst\u00e8me de gestion de la qualit\u00e9 certifi\u00e9 ISO 9001:2015, garantissant que chaque intervention sur les centrifugeuses d&#039;eaux us\u00e9es Alfa Laval suit un processus structur\u00e9 et reproductible. Ce syst\u00e8me met l&#039;accent sur la documentation, la coh\u00e9rence et la responsabilisation, de la r\u00e9ception du mat\u00e9riel jusqu&#039;aux tests finaux et \u00e0 la production des rapports.<\/p>\n<p data-start=\"2969\" data-end=\"3439\">Chaque intervention d\u00e9bute par une inspection compl\u00e8te pouvant inclure une analyse d&#039;huile, un contr\u00f4le des vibrations, une v\u00e9rification dimensionnelle et une \u00e9valuation de l&#039;\u00e9tat des composants. Les r\u00e9sultats sont clairement document\u00e9s et communiqu\u00e9s afin que les op\u00e9rateurs puissent prendre des d\u00e9cisions \u00e9clair\u00e9es concernant l&#039;\u00e9tendue de l&#039;intervention, sa planification et les strat\u00e9gies de maintenance \u00e0 long terme. Des informations compl\u00e9mentaires sur cette m\u00e9thodologie sont disponibles sur le site interne. <strong data-start=\"3380\" data-end=\"3433\"><a class=\"decorated-link\" href=\"https:\/\/sentrimax.com\/fr\/our-process\/?utm_source=chatgpt.com\" target=\"_new\" rel=\"noopener\" data-start=\"3382\" data-end=\"3431\">Notre processus<\/a><\/strong> page.<\/p>\n<hr data-start=\"3441\" data-end=\"3444\" \/>\n<h2 data-start=\"3446\" data-end=\"3504\">Services complets de centrifugation des eaux us\u00e9es Alfa Laval<\/h2>\n<h3 data-start=\"3506\" data-end=\"3547\"><strong data-start=\"3510\" data-end=\"3547\">Inspection et service pr\u00e9ventif<\/strong><\/h3>\n<p data-start=\"3548\" data-end=\"3860\">L&#039;inspection r\u00e9guli\u00e8re et la maintenance pr\u00e9ventive permettent de d\u00e9tecter les probl\u00e8mes naissants avant qu&#039;ils n&#039;entra\u00eenent une panne. Sentrimax propose des programmes de maintenance planifi\u00e9e comprenant des inspections, des contr\u00f4les de lubrification, des \u00e9valuations de l&#039;usure et des v\u00e9rifications de performance afin de garantir un fonctionnement fiable et de r\u00e9duire les temps d&#039;arr\u00eat impr\u00e9vus.<\/p>\n<h3 data-start=\"3862\" data-end=\"3903\"><strong data-start=\"3866\" data-end=\"3903\">Services de r\u00e9paration et de remise \u00e0 neuf<\/strong><\/h3>\n<p data-start=\"3904\" data-end=\"4231\">Lorsque les composants des centrifugeuses de traitement des eaux us\u00e9es Alfa Laval pr\u00e9sentent des signes d&#039;usure ou de dommages, Sentrimax propose des services de r\u00e9paration et de remise \u00e0 neuf de pr\u00e9cision. Ces services comprennent le d\u00e9montage, l&#039;inspection, l&#039;usinage, le soudage, le remplacement des composants et le remontage avec une grande rigueur, permettant ainsi de r\u00e9tablir le fonctionnement optimal des \u00e9quipements.<\/p>\n<h3 data-start=\"4233\" data-end=\"4287\"><strong data-start=\"4237\" data-end=\"4287\">\u00c9quilibrage dynamique et v\u00e9rification des performances<\/strong><\/h3>\n<p data-start=\"4288\" data-end=\"4569\">Le d\u00e9s\u00e9quilibre est une cause majeure de vibrations, d&#039;usure acc\u00e9l\u00e9r\u00e9e et de r\u00e9duction du rendement des centrifugeuses. Dans le cadre de ses services d&#039;entretien des centrifugeuses pour eaux us\u00e9es, Sentrimax r\u00e9alise un \u00e9quilibrage dynamique avanc\u00e9 et une v\u00e9rification des performances afin de garantir un fonctionnement optimal et de prot\u00e9ger les composants rotatifs critiques.<\/p>\n<p data-start=\"4571\" data-end=\"4693\">Un aper\u00e7u complet des capacit\u00e9s de service est disponible sur le site interne. <strong data-start=\"4640\" data-end=\"4687\"><a class=\"decorated-link\" href=\"https:\/\/sentrimax.com\/fr\/services\/?utm_source=chatgpt.com\" target=\"_new\" rel=\"noopener\" data-start=\"4642\" data-end=\"4685\">Services<\/a><\/strong> page.<\/p>\n<hr data-start=\"4695\" data-end=\"4698\" \/>\n<h2 data-start=\"4700\" data-end=\"4765\">Solutions de service sur mesure pour les \u00e9quipements de traitement des eaux us\u00e9es Alfa Laval<\/h2>\n<p data-start=\"4767\" data-end=\"5166\">Aucune station d&#039;\u00e9puration ne fonctionne dans des conditions identiques. Les caract\u00e9ristiques des boues, les d\u00e9bits requis, les plages de temp\u00e9rature et les exigences r\u00e9glementaires varient consid\u00e9rablement d&#039;une station \u00e0 l&#039;autre dans la r\u00e9gion de Dallas. Sentrimax con\u00e7oit des solutions de maintenance sur mesure, adapt\u00e9es au mod\u00e8le sp\u00e9cifique de centrifugeuse Alfa Laval, \u00e0 l&#039;environnement d&#039;exploitation et \u00e0 l&#039;historique de maintenance, plut\u00f4t que d&#039;appliquer des programmes de maintenance standardis\u00e9s.<\/p>\n<p data-start=\"5168\" data-end=\"5455\">Une documentation claire et une communication transparente permettent aux gestionnaires d&#039;installations de planifier les interventions de maintenance de mani\u00e8re proactive, de g\u00e9rer efficacement les budgets et de r\u00e9duire les interventions d&#039;urgence. Cette approche personnalis\u00e9e favorise une meilleure pr\u00e9visibilit\u00e9 op\u00e9rationnelle et une fiabilit\u00e9 accrue des \u00e9quipements sur le long terme.<\/p>\n<hr data-start=\"5457\" data-end=\"5460\" \/>\n<h2 data-start=\"5462\" data-end=\"5506\">Minimiser les temps d&#039;arr\u00eat des installations de Dallas<\/h2>\n<p data-start=\"5508\" data-end=\"5909\">Les arr\u00eats impr\u00e9vus des centrifugeuses de traitement des eaux us\u00e9es peuvent perturber les processus de traitement, mettre \u00e0 rude \u00e9preuve les ressources humaines et augmenter les co\u00fbts d&#039;exploitation. Sentrimax privil\u00e9gie une planification proactive des interventions, des d\u00e9lais d&#039;ex\u00e9cution rapides et une planification coordonn\u00e9e afin de garantir le fonctionnement fiable des centrifugeuses Alfa Laval. Une communication r\u00e9active et un support technique de qualit\u00e9 contribuent \u00e9galement \u00e0 minimiser les temps d&#039;arr\u00eat en cas de besoin de maintenance.<\/p>\n<p data-start=\"5911\" data-end=\"6085\">En combinant des strat\u00e9gies de service pr\u00e9ventif avec une ex\u00e9cution experte, Sentrimax assure des op\u00e9rations de traitement des eaux us\u00e9es constantes dans tout Dallas et les communaut\u00e9s environnantes.<\/p>\n<hr data-start=\"6087\" data-end=\"6090\" \/>\n<h2 data-start=\"6092\" data-end=\"6142\">Conformit\u00e9, s\u00e9curit\u00e9 et meilleures pratiques de l&#039;industrie<\/h2>\n<p data-start=\"6144\" data-end=\"6801\">Les installations exploitant des centrifugeuses de traitement des eaux us\u00e9es Alfa Laval doivent s&#039;assurer que les performances de leurs \u00e9quipements sont conformes aux r\u00e9glementations environnementales et de s\u00e9curit\u00e9. Consultez les recommandations de la <strong data-start=\"6301\" data-end=\"6432\"><a class=\"decorated-link cursor-pointer\" target=\"_new\" rel=\"noopener\" data-start=\"6303\" data-end=\"6430\">Agence am\u00e9ricaine de protection de l&#039;environnement \u2013 Aper\u00e7u du traitement des eaux us\u00e9es<\/a><\/strong> souligne l&#039;importance d&#039;un \u00e9quipement de manutention des solides fiable pour le maintien de la conformit\u00e9. Conseils du fabricant <strong data-start=\"6551\" data-end=\"6696\"><a class=\"decorated-link\" href=\"https:\/\/www.alfalaval.com\/products\/separation\/centrifugal-separators\/decanters\/\" target=\"_new\" rel=\"noopener\" data-start=\"6553\" data-end=\"6694\">Alfa Laval \u2013 Technologie des d\u00e9canteurs et des centrifugeuses pour eaux us\u00e9es<\/a><\/strong> souligne \u00e9galement le r\u00f4le d&#039;un entretien ad\u00e9quat dans le maintien de l&#039;efficacit\u00e9 de la s\u00e9paration et la long\u00e9vit\u00e9 des \u00e9quipements.<\/p>\n<p data-start=\"6803\" data-end=\"7025\">Les solutions de service Sentrimax soutiennent ces meilleures pratiques en aidant les installations \u00e0 maintenir les performances de la centrifugeuse de traitement des eaux us\u00e9es Alfa Laval conform\u00e9ment aux sp\u00e9cifications de conception, r\u00e9duisant ainsi les risques environnementaux et favorisant des op\u00e9rations s\u00fbres.<\/p>\n<hr data-start=\"7027\" data-end=\"7030\" \/>\n<h2 data-start=\"7032\" data-end=\"7075\">Assistance tout au long du cycle de vie au-del\u00e0 du service de routine<\/h2>\n<p data-start=\"7077\" data-end=\"7478\">L&#039;efficacit\u00e9 du service d&#039;entretien des centrifugeuses de traitement des eaux us\u00e9es Alfa Laval est optimale lorsqu&#039;il est int\u00e9gr\u00e9 \u00e0 une strat\u00e9gie globale de gestion du cycle de vie. Sentrimax assure un soutien continu comprenant la surveillance de l&#039;\u00e9tat des \u00e9quipements, la documentation des interventions et des recommandations pour la planification de la maintenance \u00e0 long terme. Cette approche ax\u00e9e sur le cycle de vie permet aux installations d&#039;optimiser les intervalles d&#039;entretien, de ma\u00eetriser les co\u00fbts et de maximiser le retour sur investissement.<\/p>\n<p data-start=\"7480\" data-end=\"7628\">Des informations techniques suppl\u00e9mentaires et des conseils de maintenance sont disponibles via le service interne. <strong data-start=\"7570\" data-end=\"7619\"><a class=\"decorated-link cursor-pointer\" target=\"_new\" rel=\"noopener\" data-start=\"7572\" data-end=\"7617\">Ressources<\/a><\/strong> section.<\/p>\n<hr data-start=\"7630\" data-end=\"7633\" \/>\n<h2 data-start=\"7635\" data-end=\"7700\">Partenaire de service Alfa Laval pour les centrifugeuses de traitement des eaux us\u00e9es \u00e0 Dallas, Texas<\/h2>\n<p data-start=\"7702\" data-end=\"8092\">Les stations d&#039;\u00e9puration de Dallas d\u00e9pendent de la fiabilit\u00e9 de leurs centrifugeuses pour garantir la conformit\u00e9 aux normes, prot\u00e9ger la sant\u00e9 publique et ma\u00eetriser leurs co\u00fbts d&#039;exploitation. Un service d&#039;assistance professionnel est essentiel pour minimiser les risques et assurer une fiabilit\u00e9 \u00e0 long terme. Sentrimax propose des services d&#039;entretien de centrifugeuses Alfa Laval pour le traitement des eaux us\u00e9es \u00e0 Dallas (Texas), ax\u00e9s sur la qualit\u00e9, la pr\u00e9cision et la fiabilit\u00e9 op\u00e9rationnelle.<\/p>\n<p data-start=\"8094\" data-end=\"8279\">Des inspections de routine aux programmes de service complets et au soutien continu tout au long du cycle de vie, Sentrimax offre aux op\u00e9rateurs une confiance totale dans leurs syst\u00e8mes de centrifugation des eaux us\u00e9es Alfa Laval.<\/p>\n<hr data-start=\"8281\" data-end=\"8284\" \/>\n<h2 data-start=\"8286\" data-end=\"8307\">Passez \u00e0 l&#039;\u00e9tape suivante<\/h2>\n<p data-start=\"8309\" data-end=\"8525\">Un service proactif d&#039;entretien des centrifugeuses de traitement des eaux us\u00e9es permet d&#039;\u00e9viter les arr\u00eats de production co\u00fbteux et les pannes impr\u00e9vues. Sentrimax est pr\u00eat \u00e0 accompagner les installations de Dallas gr\u00e2ce \u00e0 ses solutions d&#039;entretien expertes pour les centrifugeuses de traitement des eaux us\u00e9es Alfa Laval.<\/p>\n<p data-start=\"8527\" data-end=\"8581\"><strong data-start=\"8527\" data-end=\"8581\"><a class=\"decorated-link\" href=\"https:\/\/sentrimax.com\/fr\/contact\/\" target=\"_new\" rel=\"noopener\" data-start=\"8529\" data-end=\"8579\">Demandez un devis !<\/a><\/strong><\/p>","protected":false},"excerpt":{"rendered":"<p>Municipal and industrial wastewater treatment facilities in Dallas, TX rely on high-performance centrifuge systems to manage biosolids, meet regulatory requirements, and maintain continuous treatment operations. Equipment manufactured by Alfa Laval is widely used in wastewater applications due to its efficiency, durability, and advanced separation technology. Even with proven engineering, wastewater centrifuges require routine service and [&hellip;]<\/p>\n","protected":false},"author":3,"featured_media":0,"parent":0,"menu_order":0,"comment_status":"closed","ping_status":"closed","template":"seo-page-template.php","meta":{"_acf_changed":false,"inline_featured_image":false,"footnotes":""},"class_list":["post-2275","page","type-page","status-publish","hentry"],"acf":[],"_links":{"self":[{"href":"https:\/\/sentrimax.com\/fr\/wp-json\/wp\/v2\/pages\/2275","targetHints":{"allow":["GET"]}}],"collection":[{"href":"https:\/\/sentrimax.com\/fr\/wp-json\/wp\/v2\/pages"}],"about":[{"href":"https:\/\/sentrimax.com\/fr\/wp-json\/wp\/v2\/types\/page"}],"author":[{"embeddable":true,"href":"https:\/\/sentrimax.com\/fr\/wp-json\/wp\/v2\/users\/3"}],"replies":[{"embeddable":true,"href":"https:\/\/sentrimax.com\/fr\/wp-json\/wp\/v2\/comments?post=2275"}],"version-history":[{"count":1,"href":"https:\/\/sentrimax.com\/fr\/wp-json\/wp\/v2\/pages\/2275\/revisions"}],"predecessor-version":[{"id":2550,"href":"https:\/\/sentrimax.com\/fr\/wp-json\/wp\/v2\/pages\/2275\/revisions\/2550"}],"wp:attachment":[{"href":"https:\/\/sentrimax.com\/fr\/wp-json\/wp\/v2\/media?parent=2275"}],"curies":[{"name":"wp","href":"https:\/\/api.w.org\/{rel}","templated":true}]}}