{"id":2276,"date":"2026-01-07T15:16:21","date_gmt":"2026-01-07T15:16:21","guid":{"rendered":"https:\/\/sentrimax.com\/?page_id=2276"},"modified":"2026-04-21T21:15:59","modified_gmt":"2026-04-21T21:15:59","slug":"alfa-laval-centrifuge-maintenance-in-denver-co","status":"publish","type":"page","link":"https:\/\/sentrimax.com\/fr\/alfa-laval-centrifuge-maintenance-in-denver-co\/","title":{"rendered":"Maintenance des centrifugeuses Alfa Laval \u00e0 Denver, Colorado"},"content":{"rendered":"<p data-start=\"745\" data-end=\"1505\"><img fetchpriority=\"high\" decoding=\"async\" class=\"aligncenter size-full wp-image-1617\" src=\"https:\/\/sentrimax.com\/wp-content\/uploads\/2025\/07\/Oil-Gas-1.png\" alt=\"\" width=\"1024\" height=\"1024\" srcset=\"https:\/\/sentrimax.com\/wp-content\/uploads\/2025\/07\/Oil-Gas-1.png 1024w, https:\/\/sentrimax.com\/wp-content\/uploads\/2025\/07\/Oil-Gas-1-300x300.png 300w, https:\/\/sentrimax.com\/wp-content\/uploads\/2025\/07\/Oil-Gas-1-150x150.png 150w, https:\/\/sentrimax.com\/wp-content\/uploads\/2025\/07\/Oil-Gas-1-768x768.png 768w, https:\/\/sentrimax.com\/wp-content\/uploads\/2025\/07\/Oil-Gas-1-600x600.png 600w, https:\/\/sentrimax.com\/wp-content\/uploads\/2025\/07\/Oil-Gas-1-100x100.png 100w\" sizes=\"(max-width: 1024px) 100vw, 1024px\" \/><\/p>\n<p data-start=\"745\" data-end=\"1505\">Les installations industrielles et municipales de Denver, au Colorado, utilisent des syst\u00e8mes de centrifugation pour assurer un fonctionnement continu, une s\u00e9paration efficace des solides et la conformit\u00e9 r\u00e9glementaire. Ces \u00e9quipements sont fabriqu\u00e9s par <span class=\"hover:entity-accent entity-underline inline cursor-pointer align-baseline\"><span class=\"whitespace-normal\">Alfa Laval<\/span><\/span> Largement utilis\u00e9e dans le traitement des eaux us\u00e9es, l&#039;industrie agroalimentaire, la production chimique et les applications de s\u00e9paration industrielle gr\u00e2ce \u00e0 sa robustesse et sa pr\u00e9cision de conception, la centrifugeuse Alfa Laval est con\u00e7ue pour les environnements exigeants. Un entretien r\u00e9gulier est donc indispensable pour pr\u00e9server ses performances, pr\u00e9venir les pannes et prolonger sa dur\u00e9e de vie. Sentrimax propose des services professionnels de maintenance pour les centrifugeuses Alfa Laval \u00e0 Denver, dans le Colorado, permettant ainsi aux installations de prot\u00e9ger leurs \u00e9quipements critiques et de garantir la stabilit\u00e9 de leurs op\u00e9rations.<\/p>\n<p data-start=\"1507\" data-end=\"1851\">Forte de plusieurs d\u00e9cennies d&#039;exp\u00e9rience dans le support des syst\u00e8mes de centrifugeuses industrielles en Am\u00e9rique du Nord, Sentrimax propose des solutions de maintenance structur\u00e9es, sp\u00e9cifiquement adapt\u00e9es aux \u00e9quipements Alfa Laval. Chaque intervention de maintenance est r\u00e9alis\u00e9e selon des processus qualit\u00e9 document\u00e9s et une approche rigoureuse et transparente, ax\u00e9e sur la fiabilit\u00e9 et la performance \u00e0 long terme.<\/p>\n<hr data-start=\"1853\" data-end=\"1856\" \/>\n<h2 data-start=\"1858\" data-end=\"1917\">Soutien aux op\u00e9rations industrielles et de traitement des eaux us\u00e9es de Denver<\/h2>\n<p data-start=\"1919\" data-end=\"2351\">L&#039;infrastructure industrielle et municipale de Denver comprend des stations d&#039;\u00e9puration, des sites de production et des unit\u00e9s de traitement qui d\u00e9pendent de la fiabilit\u00e9 des centrifugeuses. Ces installations doivent g\u00e9rer des conditions d&#039;effluents variables, des charges saisonni\u00e8res fluctuantes et des r\u00e9glementations environnementales strictes. Les centrifugeuses Alfa Laval jouent un r\u00f4le essentiel dans ces op\u00e9rations, notamment pour la d\u00e9shydratation des boues et le traitement des mati\u00e8res solides.<\/p>\n<p data-start=\"2353\" data-end=\"2652\">Sentrimax collabore \u00e9troitement avec les exploitants de la r\u00e9gion de Denver pour garantir le fonctionnement fiable des centrifugeuses Alfa Laval en utilisation continue. Gr\u00e2ce \u00e0 une planification proactive de la maintenance, des inspections d\u00e9taill\u00e9es et une v\u00e9rification des performances, les installations b\u00e9n\u00e9ficient d&#039;un meilleur contr\u00f4le sur l&#039;\u00e9tat des \u00e9quipements et les co\u00fbts du cycle de vie.<\/p>\n<hr data-start=\"2654\" data-end=\"2657\" \/>\n<h2 data-start=\"2659\" data-end=\"2725\">Processus de maintenance certifi\u00e9 ISO con\u00e7u pour les \u00e9quipements de pr\u00e9cision<\/h2>\n<p data-start=\"2727\" data-end=\"3023\">Sentrimax op\u00e8re selon un syst\u00e8me de gestion de la qualit\u00e9 certifi\u00e9 ISO 9001:2015, garantissant que chaque intervention de maintenance sur les centrifugeuses Alfa Laval suit un processus structur\u00e9 et reproductible. Ce syst\u00e8me met l&#039;accent sur la documentation, la coh\u00e9rence et la responsabilisation, de l&#039;inspection initiale au rapport final.<\/p>\n<p data-start=\"3025\" data-end=\"3493\">Chaque intervention de maintenance d\u00e9bute par une \u00e9valuation compl\u00e8te pouvant inclure une analyse d&#039;huile, un contr\u00f4le des vibrations, une v\u00e9rification dimensionnelle et une \u00e9valuation de l&#039;\u00e9tat des composants. Les r\u00e9sultats sont clairement document\u00e9s et communiqu\u00e9s afin que les op\u00e9rateurs puissent prendre des d\u00e9cisions \u00e9clair\u00e9es concernant les intervalles d&#039;entretien et les strat\u00e9gies de maintenance \u00e0 long terme. Des informations compl\u00e9mentaires sur cette m\u00e9thodologie sont disponibles sur le site interne. <strong data-start=\"3434\" data-end=\"3487\"><a class=\"decorated-link\" href=\"https:\/\/sentrimax.com\/fr\/our-process\/?utm_source=chatgpt.com\" target=\"_new\" rel=\"noopener\" data-start=\"3436\" data-end=\"3485\">Notre processus<\/a><\/strong> page.<\/p>\n<hr data-start=\"3495\" data-end=\"3498\" \/>\n<h2 data-start=\"3500\" data-end=\"3559\">Services complets de maintenance des centrifugeuses Alfa Laval<\/h2>\n<h3 data-start=\"3561\" data-end=\"3600\"><strong data-start=\"3565\" data-end=\"3600\">Programmes de maintenance pr\u00e9ventive<\/strong><\/h3>\n<p data-start=\"3601\" data-end=\"3941\">La maintenance pr\u00e9ventive permet de d\u00e9tecter les probl\u00e8mes naissants avant qu&#039;ils n&#039;entra\u00eenent une panne d&#039;\u00e9quipement. Sentrimax propose des programmes de maintenance planifi\u00e9e comprenant des inspections, des contr\u00f4les de lubrification, des \u00e9valuations de l&#039;usure et des tests de performance. Ces programmes contribuent \u00e0 r\u00e9duire les temps d&#039;arr\u00eat impr\u00e9vus et \u00e0 prolonger la dur\u00e9e de vie des centrifugeuses Alfa Laval.<\/p>\n<h3 data-start=\"3943\" data-end=\"3978\"><strong data-start=\"3947\" data-end=\"3978\">Maintenance conditionnelle<\/strong><\/h3>\n<p data-start=\"3979\" data-end=\"4276\">La maintenance conditionnelle utilise les donn\u00e9es r\u00e9elles des \u00e9quipements pour orienter les d\u00e9cisions d&#039;intervention. Sentrimax \u00e9value les conditions de fonctionnement des centrifugeuses, les tendances vibratoires et l&#039;usure des composants afin de recommander des actions de maintenance adapt\u00e9es aux besoins r\u00e9els des \u00e9quipements, am\u00e9liorant ainsi l&#039;efficacit\u00e9 tout en \u00e9vitant les interventions inutiles.<\/p>\n<h3 data-start=\"4278\" data-end=\"4332\"><strong data-start=\"4282\" data-end=\"4332\">\u00c9quilibrage dynamique et v\u00e9rification des performances<\/strong><\/h3>\n<p data-start=\"4333\" data-end=\"4595\">Un d\u00e9s\u00e9quilibre peut engendrer des vibrations, une usure acc\u00e9l\u00e9r\u00e9e et une baisse du rendement de la centrifugeuse. Dans le cadre de ses services de maintenance, Sentrimax r\u00e9alise un \u00e9quilibrage dynamique avanc\u00e9 et une v\u00e9rification des performances afin de garantir un fonctionnement optimal et de prot\u00e9ger les composants rotatifs critiques.<\/p>\n<p data-start=\"4597\" data-end=\"4741\">Vous trouverez un aper\u00e7u des services de maintenance et d&#039;entretien disponibles sur le site interne. <strong data-start=\"4688\" data-end=\"4735\"><a class=\"decorated-link\" href=\"https:\/\/sentrimax.com\/fr\/services\/?utm_source=chatgpt.com\" target=\"_new\" rel=\"noopener\" data-start=\"4690\" data-end=\"4733\">Services<\/a><\/strong> page.<\/p>\n<hr data-start=\"4743\" data-end=\"4746\" \/>\n<h2 data-start=\"4748\" data-end=\"4806\">Solutions de maintenance sur mesure pour les \u00e9quipements Alfa Laval<\/h2>\n<p data-start=\"4808\" data-end=\"5182\">Chaque installation fonctionne dans des conditions diff\u00e9rentes. Les caract\u00e9ristiques des boues, les exigences de d\u00e9bit, les plages de temp\u00e9rature et les contraintes r\u00e9glementaires varient consid\u00e9rablement d&#039;une exploitation \u00e0 l&#039;autre dans la r\u00e9gion de Denver. Sentrimax con\u00e7oit des solutions de maintenance sur mesure, adapt\u00e9es au mod\u00e8le sp\u00e9cifique de la centrifugeuse Alfa Laval, \u00e0 son environnement d&#039;exploitation et \u00e0 son historique d&#039;entretien, plut\u00f4t que d&#039;appliquer des programmes d&#039;entretien g\u00e9n\u00e9riques.<\/p>\n<p data-start=\"5184\" data-end=\"5464\">Une documentation claire et une communication transparente permettent aux gestionnaires d&#039;installations de planifier les activit\u00e9s de maintenance de mani\u00e8re proactive, de g\u00e9rer efficacement les budgets et de r\u00e9duire les r\u00e9parations d&#039;urgence. Cette approche personnalis\u00e9e favorise une meilleure pr\u00e9visibilit\u00e9 op\u00e9rationnelle et une fiabilit\u00e9 accrue des \u00e9quipements sur le long terme.<\/p>\n<hr data-start=\"5466\" data-end=\"5469\" \/>\n<h2 data-start=\"5471\" data-end=\"5515\">Minimiser les temps d&#039;arr\u00eat des installations de Denver<\/h2>\n<p data-start=\"5517\" data-end=\"5907\">Les arr\u00eats impr\u00e9vus des centrifugeuses peuvent perturber les processus de traitement, impacter les calendriers de production et augmenter les co\u00fbts d&#039;exploitation. Sentrimax privil\u00e9gie une planification proactive de la maintenance, une ex\u00e9cution efficace des interventions et une planification coordonn\u00e9e afin de garantir le fonctionnement fiable des centrifugeuses Alfa Laval. Une communication r\u00e9active et un support technique de qualit\u00e9 contribuent \u00e9galement \u00e0 minimiser les temps d&#039;arr\u00eat lors des op\u00e9rations de maintenance.<\/p>\n<p data-start=\"5909\" data-end=\"6062\">En combinant des strat\u00e9gies de maintenance pr\u00e9ventive \u00e0 une ex\u00e9cution experte, Sentrimax assure des op\u00e9rations constantes dans tout Denver et ses environs.<\/p>\n<hr data-start=\"6064\" data-end=\"6067\" \/>\n<h2 data-start=\"6069\" data-end=\"6119\">Conformit\u00e9, s\u00e9curit\u00e9 et meilleures pratiques de l&#039;industrie<\/h2>\n<p data-start=\"6121\" data-end=\"6728\">Les installations exploitant des centrifugeuses Alfa Laval doivent s&#039;assurer que les performances des \u00e9quipements sont conformes aux r\u00e9glementations environnementales et de s\u00e9curit\u00e9. Consultez les recommandations de la <strong data-start=\"6267\" data-end=\"6398\"><a class=\"decorated-link cursor-pointer\" target=\"_new\" rel=\"noopener\" data-start=\"6269\" data-end=\"6396\">Agence am\u00e9ricaine de protection de l&#039;environnement \u2013 Aper\u00e7u du traitement des eaux us\u00e9es<\/a><\/strong> souligne l&#039;importance d&#039;un \u00e9quipement de manutention des solides fiable pour le maintien de la conformit\u00e9. Conseils du fabricant <strong data-start=\"6517\" data-end=\"6628\"><a class=\"decorated-link cursor-pointer\" target=\"_new\" rel=\"noopener\" data-start=\"6519\" data-end=\"6626\">Alfa Laval \u2013 Technologie des centrifugeuses<\/a><\/strong> souligne le r\u00f4le d&#039;un entretien ad\u00e9quat dans le maintien de l&#039;efficacit\u00e9 de la s\u00e9paration et de la s\u00e9curit\u00e9 des \u00e9quipements.<\/p>\n<p data-start=\"6730\" data-end=\"6945\">Les services de maintenance de Sentrimax soutiennent ces meilleures pratiques en aidant les installations \u00e0 maintenir les performances des centrifugeuses Alfa Laval conform\u00e9ment aux sp\u00e9cifications de conception, en r\u00e9duisant les risques environnementaux et en assurant des op\u00e9rations s\u00fbres.<\/p>\n<hr data-start=\"6947\" data-end=\"6950\" \/>\n<h2 data-start=\"6952\" data-end=\"6999\">Assistance tout au long du cycle de vie au-del\u00e0 de la maintenance de routine<\/h2>\n<p data-start=\"7001\" data-end=\"7395\">La maintenance efficace des centrifugeuses Alfa Laval est optimale lorsqu&#039;elle est int\u00e9gr\u00e9e \u00e0 une strat\u00e9gie globale de gestion du cycle de vie. Sentrimax propose un accompagnement continu comprenant la surveillance de l&#039;\u00e9tat, la documentation de maintenance et des recommandations pour la planification des interventions \u00e0 long terme. Cette approche ax\u00e9e sur le cycle de vie permet aux installations d&#039;optimiser les intervalles d&#039;entretien, de ma\u00eetriser les co\u00fbts et de maximiser le retour sur investissement.<\/p>\n<p data-start=\"7397\" data-end=\"7545\">Des informations techniques suppl\u00e9mentaires et des conseils de maintenance sont disponibles via le service interne. <strong data-start=\"7487\" data-end=\"7536\"><a class=\"decorated-link cursor-pointer\" target=\"_new\" rel=\"noopener\" data-start=\"7489\" data-end=\"7534\">Ressources<\/a><\/strong> section.<\/p>\n<hr data-start=\"7547\" data-end=\"7550\" \/>\n<h2 data-start=\"7552\" data-end=\"7610\">Partenaire de maintenance des centrifugeuses Alfa Laval pour Denver, Colorado<\/h2>\n<p data-start=\"7612\" data-end=\"7967\">Les installations de Denver d\u00e9pendent de la fiabilit\u00e9 des centrifugeuses pour garantir la conformit\u00e9 r\u00e9glementaire, prot\u00e9ger la sant\u00e9 publique et ma\u00eetriser les co\u00fbts d&#039;exploitation. Une maintenance proactive est essentielle pour minimiser les risques et assurer une fiabilit\u00e9 \u00e0 long terme. Sentrimax propose des services de maintenance de centrifugeuses Alfa Laval \u00e0 Denver, Colorado, ax\u00e9s sur la qualit\u00e9, la pr\u00e9cision et la fiabilit\u00e9 op\u00e9rationnelle.<\/p>\n<p data-start=\"7969\" data-end=\"8147\">Des inspections de routine aux programmes de maintenance complets et au soutien continu tout au long du cycle de vie, Sentrimax offre aux op\u00e9rateurs une totale confiance dans leurs syst\u00e8mes de centrifugeuses Alfa Laval.<\/p>\n<hr data-start=\"8149\" data-end=\"8152\" \/>\n<h2 data-start=\"8154\" data-end=\"8175\">Passez \u00e0 l&#039;\u00e9tape suivante<\/h2>\n<p data-start=\"8177\" data-end=\"8378\">La maintenance pr\u00e9ventive des centrifugeuses permet d&#039;\u00e9viter les arr\u00eats de production co\u00fbteux et les pannes impr\u00e9vues. Sentrimax est \u00e0 votre disposition pour assurer la maintenance de vos centrifugeuses Alfa Laval \u00e0 Denver.<\/p>\n<p data-start=\"8380\" data-end=\"8434\"><strong data-start=\"8380\" data-end=\"8434\"><a class=\"decorated-link\" href=\"https:\/\/sentrimax.com\/fr\/contact\/\" target=\"_new\" rel=\"noopener\" data-start=\"8382\" data-end=\"8432\">Demandez un devis !<\/a><\/strong><\/p>","protected":false},"excerpt":{"rendered":"<p>Industrial and municipal facilities throughout Denver, CO rely on centrifuge systems to support continuous operations, efficient solids separation, and regulatory compliance. Equipment manufactured by Alfa Laval is widely used across wastewater treatment, food and beverage processing, chemical manufacturing, and industrial separation applications due to its durability and precision engineering. While these centrifuges are designed for [&hellip;]<\/p>\n","protected":false},"author":3,"featured_media":0,"parent":0,"menu_order":0,"comment_status":"closed","ping_status":"closed","template":"seo-page-template.php","meta":{"_acf_changed":false,"inline_featured_image":false,"footnotes":""},"class_list":["post-2276","page","type-page","status-publish","hentry"],"acf":[],"_links":{"self":[{"href":"https:\/\/sentrimax.com\/fr\/wp-json\/wp\/v2\/pages\/2276","targetHints":{"allow":["GET"]}}],"collection":[{"href":"https:\/\/sentrimax.com\/fr\/wp-json\/wp\/v2\/pages"}],"about":[{"href":"https:\/\/sentrimax.com\/fr\/wp-json\/wp\/v2\/types\/page"}],"author":[{"embeddable":true,"href":"https:\/\/sentrimax.com\/fr\/wp-json\/wp\/v2\/users\/3"}],"replies":[{"embeddable":true,"href":"https:\/\/sentrimax.com\/fr\/wp-json\/wp\/v2\/comments?post=2276"}],"version-history":[{"count":1,"href":"https:\/\/sentrimax.com\/fr\/wp-json\/wp\/v2\/pages\/2276\/revisions"}],"predecessor-version":[{"id":2549,"href":"https:\/\/sentrimax.com\/fr\/wp-json\/wp\/v2\/pages\/2276\/revisions\/2549"}],"wp:attachment":[{"href":"https:\/\/sentrimax.com\/fr\/wp-json\/wp\/v2\/media?parent=2276"}],"curies":[{"name":"wp","href":"https:\/\/api.w.org\/{rel}","templated":true}]}}