{"id":2278,"date":"2026-01-07T15:22:45","date_gmt":"2026-01-07T15:22:45","guid":{"rendered":"https:\/\/sentrimax.com\/?page_id=2278"},"modified":"2026-04-21T21:15:58","modified_gmt":"2026-04-21T21:15:58","slug":"alfa-laval-industrial-centrifuge-service-in-detroit-mi","status":"publish","type":"page","link":"https:\/\/sentrimax.com\/fr\/alfa-laval-industrial-centrifuge-service-in-detroit-mi\/","title":{"rendered":"Service de r\u00e9paration de centrifugeuses industrielles Alfa Laval \u00e0 D\u00e9troit, Michigan"},"content":{"rendered":"<p data-start=\"776\" data-end=\"1506\"><img fetchpriority=\"high\" decoding=\"async\" class=\"aligncenter size-full wp-image-1613\" src=\"https:\/\/sentrimax.com\/wp-content\/uploads\/2025\/07\/Food-Bev.png\" alt=\"\" width=\"1536\" height=\"1024\" srcset=\"https:\/\/sentrimax.com\/wp-content\/uploads\/2025\/07\/Food-Bev.png 1536w, https:\/\/sentrimax.com\/wp-content\/uploads\/2025\/07\/Food-Bev-300x200.png 300w, https:\/\/sentrimax.com\/wp-content\/uploads\/2025\/07\/Food-Bev-1024x683.png 1024w, https:\/\/sentrimax.com\/wp-content\/uploads\/2025\/07\/Food-Bev-768x512.png 768w, https:\/\/sentrimax.com\/wp-content\/uploads\/2025\/07\/Food-Bev-600x400.png 600w\" sizes=\"(max-width: 1536px) 100vw, 1536px\" \/><\/p>\n<p data-start=\"776\" data-end=\"1506\">Dans la r\u00e9gion de D\u00e9troit (Michigan), les installations industrielles utilisent des syst\u00e8mes de centrifugation pour assurer une production continue, des proc\u00e9d\u00e9s de s\u00e9paration pr\u00e9cis et une efficacit\u00e9 op\u00e9rationnelle optimale dans des environnements exigeants. Ces \u00e9quipements sont fabriqu\u00e9s par [Nom de l&#039;entreprise]. <span class=\"hover:entity-accent entity-underline inline cursor-pointer align-baseline\"><span class=\"whitespace-normal\">Alfa Laval<\/span><\/span> Largement utilis\u00e9e dans les secteurs de la fabrication automobile, de la chimie, de la m\u00e9tallurgie, de l&#039;\u00e9nergie et du traitement des eaux us\u00e9es industrielles gr\u00e2ce \u00e0 sa conception robuste et \u00e0 ses performances de s\u00e9paration, la centrifugeuse industrielle Alfa Laval, m\u00eame la plus performante, n\u00e9cessite un entretien r\u00e9gulier et l&#039;intervention d&#039;experts pour un fonctionnement fiable et durable. Sentrimax propose un service d&#039;entretien professionnel pour les centrifugeuses industrielles Alfa Laval \u00e0 Detroit, Michigan, permettant aux installations de maintenir leur disponibilit\u00e9, de prot\u00e9ger leurs \u00e9quipements critiques et de ma\u00eetriser leurs co\u00fbts d&#039;exploitation.<\/p>\n<p data-start=\"1508\" data-end=\"1873\">Forte de plusieurs d\u00e9cennies d&#039;exp\u00e9rience dans le support des syst\u00e8mes de centrifugeuses industrielles en Am\u00e9rique du Nord, Sentrimax propose des solutions de service structur\u00e9es, parfaitement adapt\u00e9es aux centrifugeuses Alfa Laval. Chaque intervention respecte des processus qualit\u00e9 document\u00e9s et une approche rigoureuse et transparente, ax\u00e9e sur la fiabilit\u00e9, la s\u00e9curit\u00e9 et la stabilit\u00e9 op\u00e9rationnelle \u00e0 long terme.<\/p>\n<hr data-start=\"1875\" data-end=\"1878\" \/>\n<h2 data-start=\"1880\" data-end=\"1933\">Soutenir la base manufacturi\u00e8re industrielle de D\u00e9troit<\/h2>\n<p data-start=\"1935\" data-end=\"2327\">Detroit demeure un p\u00f4le mondial de la fabrication de pointe et de la production industrielle. Les installations de la r\u00e9gion exploitent des centrifugeuses soumises \u00e0 des charges \u00e9lev\u00e9es, \u00e0 des mat\u00e9riaux abrasifs et \u00e0 des cycles de fonctionnement continus, ce qui exige des performances constantes. Les centrifugeuses industrielles Alfa Laval sont con\u00e7ues pour ces environnements, mais un entretien r\u00e9gulier est indispensable pour pr\u00e9server leur efficacit\u00e9 et pr\u00e9venir les pannes impr\u00e9vues.<\/p>\n<p data-start=\"2329\" data-end=\"2630\">Sentrimax collabore \u00e9troitement avec les op\u00e9rateurs industriels de la r\u00e9gion de D\u00e9troit pour garantir le bon fonctionnement des centrifugeuses Alfa Laval. Gr\u00e2ce \u00e0 une planification proactive des services, des inspections d\u00e9taill\u00e9es et une v\u00e9rification des performances, les installations b\u00e9n\u00e9ficient d&#039;un meilleur contr\u00f4le sur l&#039;\u00e9tat des \u00e9quipements et les co\u00fbts de leur cycle de vie.<\/p>\n<hr data-start=\"2632\" data-end=\"2635\" \/>\n<h2 data-start=\"2637\" data-end=\"2699\">Processus de service certifi\u00e9 ISO con\u00e7u pour les \u00e9quipements de pr\u00e9cision<\/h2>\n<p data-start=\"2701\" data-end=\"3006\">Sentrimax op\u00e8re selon un syst\u00e8me de gestion de la qualit\u00e9 certifi\u00e9 ISO 9001:2015, garantissant que chaque intervention sur les centrifugeuses industrielles Alfa Laval suit un processus structur\u00e9 et reproductible. Ce syst\u00e8me met l&#039;accent sur la documentation, la coh\u00e9rence et la responsabilisation, de la r\u00e9ception des \u00e9quipements jusqu&#039;aux tests finaux et \u00e0 la production des rapports.<\/p>\n<p data-start=\"3008\" data-end=\"3489\">Chaque intervention de service d\u00e9bute par une inspection compl\u00e8te pouvant inclure une analyse d&#039;huile, un contr\u00f4le des vibrations, une v\u00e9rification dimensionnelle et une \u00e9valuation de l&#039;\u00e9tat des composants. Les r\u00e9sultats sont clairement document\u00e9s et communiqu\u00e9s afin que les \u00e9quipes de maintenance puissent prendre des d\u00e9cisions \u00e9clair\u00e9es concernant l&#039;\u00e9tendue des interventions, leur planification et les strat\u00e9gies de maintenance \u00e0 long terme. Des informations compl\u00e9mentaires sur cette m\u00e9thodologie sont disponibles sur le site interne. <strong data-start=\"3430\" data-end=\"3483\"><a class=\"decorated-link\" href=\"https:\/\/sentrimax.com\/fr\/our-process\/?utm_source=chatgpt.com\" target=\"_new\" rel=\"noopener\" data-start=\"3432\" data-end=\"3481\">Notre processus<\/a><\/strong> page.<\/p>\n<hr data-start=\"3491\" data-end=\"3494\" \/>\n<h2 data-start=\"3496\" data-end=\"3566\">Capacit\u00e9s compl\u00e8tes de service pour les centrifugeuses industrielles Alfa Laval<\/h2>\n<h3 data-start=\"3568\" data-end=\"3609\"><strong data-start=\"3572\" data-end=\"3609\">Inspection et service pr\u00e9ventif<\/strong><\/h3>\n<p data-start=\"3610\" data-end=\"3922\">L&#039;inspection r\u00e9guli\u00e8re et la maintenance pr\u00e9ventive permettent de d\u00e9tecter les probl\u00e8mes naissants avant qu&#039;ils n&#039;entra\u00eenent une panne. Sentrimax propose des programmes de maintenance planifi\u00e9e comprenant des inspections, des contr\u00f4les de lubrification, des \u00e9valuations de l&#039;usure et des v\u00e9rifications de performance afin de garantir un fonctionnement fiable et de r\u00e9duire les temps d&#039;arr\u00eat impr\u00e9vus.<\/p>\n<h3 data-start=\"3924\" data-end=\"3965\"><strong data-start=\"3928\" data-end=\"3965\">Services de r\u00e9paration et de remise \u00e0 neuf<\/strong><\/h3>\n<p data-start=\"3966\" data-end=\"4293\">Lorsque les composants des centrifugeuses industrielles Alfa Laval pr\u00e9sentent des signes d&#039;usure ou de dommages, Sentrimax propose des services de r\u00e9paration et de remise \u00e0 neuf de pr\u00e9cision. Ces services comprennent le d\u00e9montage, l&#039;inspection, l&#039;usinage, le soudage, le remplacement des composants et le remontage avec une grande pr\u00e9cision, permettant ainsi de r\u00e9tablir le fonctionnement optimal des \u00e9quipements.<\/p>\n<h3 data-start=\"4295\" data-end=\"4349\"><strong data-start=\"4299\" data-end=\"4349\">\u00c9quilibrage dynamique et v\u00e9rification des performances<\/strong><\/h3>\n<p data-start=\"4350\" data-end=\"4631\">Le d\u00e9s\u00e9quilibre est une cause majeure de vibrations, d&#039;usure acc\u00e9l\u00e9r\u00e9e et de r\u00e9duction du rendement des centrifugeuses. Dans le cadre de ses services d&#039;entretien de centrifugeuses industrielles, Sentrimax r\u00e9alise un \u00e9quilibrage dynamique avanc\u00e9 et une v\u00e9rification des performances afin de garantir un fonctionnement optimal et de prot\u00e9ger les composants rotatifs critiques.<\/p>\n<p data-start=\"4633\" data-end=\"4755\">Un aper\u00e7u complet des capacit\u00e9s de service est disponible sur le site interne. <strong data-start=\"4702\" data-end=\"4749\"><a class=\"decorated-link\" href=\"https:\/\/sentrimax.com\/fr\/services\/?utm_source=chatgpt.com\" target=\"_new\" rel=\"noopener\" data-start=\"4704\" data-end=\"4747\">Services<\/a><\/strong> page.<\/p>\n<hr data-start=\"4757\" data-end=\"4760\" \/>\n<h2 data-start=\"4762\" data-end=\"4827\">Solutions de service sur mesure pour les \u00e9quipements industriels Alfa Laval<\/h2>\n<p data-start=\"4829\" data-end=\"5214\">Aucune installation industrielle ne fonctionne dans des conditions identiques. Les mat\u00e9riaux utilis\u00e9s, les exigences de d\u00e9bit, les plages de temp\u00e9rature et les contraintes r\u00e9glementaires varient consid\u00e9rablement d&#039;une installation \u00e0 l&#039;autre dans la r\u00e9gion de D\u00e9troit. Sentrimax con\u00e7oit des solutions de service sur mesure, adapt\u00e9es au mod\u00e8le sp\u00e9cifique de centrifugeuse Alfa Laval, \u00e0 l&#039;environnement d&#039;exploitation et \u00e0 l&#039;historique de maintenance, plut\u00f4t que d&#039;appliquer des programmes d&#039;entretien standardis\u00e9s.<\/p>\n<p data-start=\"5216\" data-end=\"5503\">Une documentation claire et une communication transparente permettent aux \u00e9quipes de maintenance de planifier leurs interventions de mani\u00e8re proactive, de g\u00e9rer efficacement leurs budgets et de r\u00e9duire les interventions d&#039;urgence. Cette approche personnalis\u00e9e contribue \u00e0 une meilleure pr\u00e9visibilit\u00e9 op\u00e9rationnelle et \u00e0 une fiabilit\u00e9 accrue des \u00e9quipements sur le long terme.<\/p>\n<hr data-start=\"5505\" data-end=\"5508\" \/>\n<h2 data-start=\"5510\" data-end=\"5555\">Minimiser les temps d&#039;arr\u00eat des installations de D\u00e9troit<\/h2>\n<p data-start=\"5557\" data-end=\"5956\">Les arr\u00eats impr\u00e9vus des centrifugeuses industrielles peuvent perturber les calendriers de production, impacter la qualit\u00e9 des produits et augmenter les co\u00fbts d&#039;exploitation. Sentrimax privil\u00e9gie une planification proactive des interventions, des d\u00e9lais d&#039;ex\u00e9cution rapides et une planification coordonn\u00e9e afin de garantir le fonctionnement fiable des centrifugeuses industrielles Alfa Laval. Une communication r\u00e9active et un support technique de qualit\u00e9 contribuent \u00e9galement \u00e0 minimiser les temps d&#039;arr\u00eat en cas de besoin de maintenance.<\/p>\n<p data-start=\"5958\" data-end=\"6119\">En combinant des strat\u00e9gies de maintenance pr\u00e9ventive et une ex\u00e9cution experte, Sentrimax assure la continuit\u00e9 des op\u00e9rations industrielles dans tout D\u00e9troit et les r\u00e9gions environnantes.<\/p>\n<hr data-start=\"6121\" data-end=\"6124\" \/>\n<h2 data-start=\"6126\" data-end=\"6176\">Conformit\u00e9, s\u00e9curit\u00e9 et meilleures pratiques de l&#039;industrie<\/h2>\n<p data-start=\"6178\" data-end=\"6789\">Les installations exploitant des centrifugeuses industrielles Alfa Laval doivent s&#039;assurer que les performances des \u00e9quipements sont conformes aux r\u00e9glementations environnementales et de s\u00e9curit\u00e9. Consultez les recommandations de la <strong data-start=\"6335\" data-end=\"6461\"><a class=\"decorated-link\" href=\"https:\/\/www.epa.gov\/npdes\/industrial-wastewater\" target=\"_new\" rel=\"noopener\" data-start=\"6337\" data-end=\"6459\">Agence am\u00e9ricaine de protection de l&#039;environnement \u2013 Gestion des eaux us\u00e9es industrielles<\/a><\/strong> souligne l&#039;importance d&#039;un \u00e9quipement de s\u00e9paration des solides fiable pour le maintien de la conformit\u00e9. Conseils du fabricant <strong data-start=\"6582\" data-end=\"6693\"><a class=\"decorated-link cursor-pointer\" target=\"_new\" rel=\"noopener\" data-start=\"6584\" data-end=\"6691\">Alfa Laval \u2013 Technologie des centrifugeuses<\/a><\/strong> souligne le r\u00f4le d&#039;un entretien ad\u00e9quat dans le maintien de l&#039;efficacit\u00e9 de la s\u00e9paration et de la s\u00e9curit\u00e9 des \u00e9quipements.<\/p>\n<p data-start=\"6791\" data-end=\"7014\">Les solutions de service Sentrimax soutiennent ces meilleures pratiques en aidant les installations \u00e0 maintenir les performances des centrifugeuses industrielles Alfa Laval conform\u00e9ment aux sp\u00e9cifications de conception, en r\u00e9duisant les risques environnementaux et en favorisant des op\u00e9rations s\u00fbres.<\/p>\n<hr data-start=\"7016\" data-end=\"7019\" \/>\n<h2 data-start=\"7021\" data-end=\"7064\">Assistance tout au long du cycle de vie au-del\u00e0 du service de routine<\/h2>\n<p data-start=\"7066\" data-end=\"7467\">L&#039;efficacit\u00e9 du service apr\u00e8s-vente des centrifugeuses industrielles Alfa Laval est optimale lorsqu&#039;il est int\u00e9gr\u00e9 \u00e0 une strat\u00e9gie globale de gestion du cycle de vie. Sentrimax propose un accompagnement continu comprenant la surveillance de l&#039;\u00e9tat des \u00e9quipements, la documentation des interventions et des recommandations pour la planification de la maintenance \u00e0 long terme. Cette approche ax\u00e9e sur le cycle de vie permet aux installations d&#039;optimiser les intervalles d&#039;entretien, de ma\u00eetriser les co\u00fbts et de maximiser le retour sur investissement.<\/p>\n<p data-start=\"7469\" data-end=\"7617\">Des informations techniques suppl\u00e9mentaires et des conseils de maintenance sont disponibles via le service interne. <strong data-start=\"7559\" data-end=\"7608\"><a class=\"decorated-link cursor-pointer\" target=\"_new\" rel=\"noopener\" data-start=\"7561\" data-end=\"7606\">Ressources<\/a><\/strong> section.<\/p>\n<hr data-start=\"7619\" data-end=\"7622\" \/>\n<h2 data-start=\"7624\" data-end=\"7690\">Partenaire de service Alfa Laval pour les centrifugeuses industrielles \u00e0 Detroit, Michigan<\/h2>\n<p data-start=\"7692\" data-end=\"8049\">Les installations industrielles de D\u00e9troit d\u00e9pendent de la fiabilit\u00e9 des centrifugeuses pour maintenir leur productivit\u00e9, la qualit\u00e9 de leurs produits et la stabilit\u00e9 de leurs op\u00e9rations. Un service d&#039;assistance professionnel est essentiel pour minimiser les risques et garantir une fiabilit\u00e9 \u00e0 long terme. Sentrimax assure le service apr\u00e8s-vente des centrifugeuses industrielles Alfa Laval \u00e0 D\u00e9troit (Michigan), en mettant l&#039;accent sur la qualit\u00e9, la pr\u00e9cision et la fiabilit\u00e9 des op\u00e9rations.<\/p>\n<p data-start=\"8051\" data-end=\"8236\">Des inspections de routine aux programmes de service complets et au soutien continu tout au long du cycle de vie, Sentrimax offre aux op\u00e9rateurs une totale confiance dans leurs syst\u00e8mes de centrifugeuses industrielles Alfa Laval.<\/p>\n<hr data-start=\"8238\" data-end=\"8241\" \/>\n<h2 data-start=\"8243\" data-end=\"8264\">Passez \u00e0 l&#039;\u00e9tape suivante<\/h2>\n<p data-start=\"8266\" data-end=\"8483\">Un service proactif de maintenance des centrifugeuses industrielles permet de pr\u00e9venir les arr\u00eats de production co\u00fbteux et les pannes impr\u00e9vues. Sentrimax est pr\u00eat \u00e0 accompagner les sites de Detroit en leur proposant des solutions de maintenance expertes pour leurs centrifugeuses industrielles Alfa Laval.<\/p>\n<p data-start=\"8485\" data-end=\"8539\"><strong data-start=\"8485\" data-end=\"8539\"><a class=\"decorated-link\" href=\"https:\/\/sentrimax.com\/fr\/contact\/\" target=\"_new\" rel=\"noopener\" data-start=\"8487\" data-end=\"8537\">Demandez un devis !<\/a><\/strong><\/p>","protected":false},"excerpt":{"rendered":"<p>Industrial facilities throughout Detroit, MI rely on centrifuge systems to support continuous production, precise separation processes, and operational efficiency in demanding environments. Equipment manufactured by Alfa Laval is widely used across automotive manufacturing, chemical processing, metals, energy, and industrial wastewater applications due to its robust design and separation performance. Even the most advanced industrial centrifuges [&hellip;]<\/p>\n","protected":false},"author":3,"featured_media":0,"parent":0,"menu_order":0,"comment_status":"closed","ping_status":"closed","template":"seo-page-template.php","meta":{"_acf_changed":false,"inline_featured_image":false,"footnotes":""},"class_list":["post-2278","page","type-page","status-publish","hentry"],"acf":[],"_links":{"self":[{"href":"https:\/\/sentrimax.com\/fr\/wp-json\/wp\/v2\/pages\/2278","targetHints":{"allow":["GET"]}}],"collection":[{"href":"https:\/\/sentrimax.com\/fr\/wp-json\/wp\/v2\/pages"}],"about":[{"href":"https:\/\/sentrimax.com\/fr\/wp-json\/wp\/v2\/types\/page"}],"author":[{"embeddable":true,"href":"https:\/\/sentrimax.com\/fr\/wp-json\/wp\/v2\/users\/3"}],"replies":[{"embeddable":true,"href":"https:\/\/sentrimax.com\/fr\/wp-json\/wp\/v2\/comments?post=2278"}],"version-history":[{"count":1,"href":"https:\/\/sentrimax.com\/fr\/wp-json\/wp\/v2\/pages\/2278\/revisions"}],"predecessor-version":[{"id":2547,"href":"https:\/\/sentrimax.com\/fr\/wp-json\/wp\/v2\/pages\/2278\/revisions\/2547"}],"wp:attachment":[{"href":"https:\/\/sentrimax.com\/fr\/wp-json\/wp\/v2\/media?parent=2278"}],"curies":[{"name":"wp","href":"https:\/\/api.w.org\/{rel}","templated":true}]}}