{"id":2280,"date":"2026-01-07T15:35:54","date_gmt":"2026-01-07T15:35:54","guid":{"rendered":"https:\/\/sentrimax.com\/?page_id=2280"},"modified":"2026-04-21T21:15:57","modified_gmt":"2026-04-21T21:15:57","slug":"alfa-laval-decanter-centrifuge-repair-in-phoenix-az","status":"publish","type":"page","link":"https:\/\/sentrimax.com\/fr\/alfa-laval-decanter-centrifuge-repair-in-phoenix-az\/","title":{"rendered":"R\u00e9paration de centrifugeuses d\u00e9canteuses Alfa Laval \u00e0 Phoenix, Arizona"},"content":{"rendered":"<p data-start=\"759\" data-end=\"1506\"><img fetchpriority=\"high\" decoding=\"async\" class=\"aligncenter size-full wp-image-1190\" src=\"https:\/\/sentrimax.com\/wp-content\/uploads\/2025\/06\/image-1.jpg\" alt=\"\" width=\"1440\" height=\"694\" srcset=\"https:\/\/sentrimax.com\/wp-content\/uploads\/2025\/06\/image-1.jpg 1440w, https:\/\/sentrimax.com\/wp-content\/uploads\/2025\/06\/image-1-600x289.jpg 600w, https:\/\/sentrimax.com\/wp-content\/uploads\/2025\/06\/image-1-300x145.jpg 300w, https:\/\/sentrimax.com\/wp-content\/uploads\/2025\/06\/image-1-1024x494.jpg 1024w, https:\/\/sentrimax.com\/wp-content\/uploads\/2025\/06\/image-1-768x370.jpg 768w\" sizes=\"(max-width: 1440px) 100vw, 1440px\" \/><\/p>\n<p data-start=\"759\" data-end=\"1506\">Les installations industrielles et municipales de Phoenix, en Arizona, utilisent des centrifugeuses d\u00e9canteuses pour assurer une s\u00e9paration efficace des solides, la conformit\u00e9 r\u00e9glementaire et des op\u00e9rations de traitement en continu dans les conditions d\u00e9sertiques difficiles. \u00c9quipement fabriqu\u00e9 par <span class=\"hover:entity-accent entity-underline inline cursor-pointer align-baseline\"><span class=\"whitespace-normal\">Alfa Laval<\/span><\/span> Largement utilis\u00e9e dans le traitement des eaux us\u00e9es, l&#039;industrie agroalimentaire, la production chimique et les applications de s\u00e9paration industrielle gr\u00e2ce \u00e0 sa durabilit\u00e9 et ses performances, la centrifugeuse d\u00e9canteuse Alfa Laval, malgr\u00e9 sa conception avanc\u00e9e, n\u00e9cessite une r\u00e9paration experte pour maintenir son efficacit\u00e9 et pr\u00e9venir les pannes impr\u00e9vues. Sentrimax propose des services professionnels de r\u00e9paration de centrifugeuses d\u00e9canteuses Alfa Laval \u00e0 Phoenix, en Arizona, permettant aux entreprises de restaurer les performances de leurs \u00e9quipements critiques et d&#039;en prolonger la dur\u00e9e de vie.<\/p>\n<p data-start=\"1508\" data-end=\"1878\">Forte de plusieurs d\u00e9cennies d&#039;exp\u00e9rience dans le support des syst\u00e8mes de centrifugeuses industrielles en Am\u00e9rique du Nord, Sentrimax propose des solutions de r\u00e9paration de pr\u00e9cision adapt\u00e9es aux centrifugeuses d\u00e9canteuses Alfa Laval. Chaque intervention est r\u00e9alis\u00e9e selon des proc\u00e9dures qualit\u00e9 document\u00e9es et une approche rigoureuse et transparente, ax\u00e9e sur la fiabilit\u00e9, la s\u00e9curit\u00e9 et la stabilit\u00e9 op\u00e9rationnelle \u00e0 long terme.<\/p>\n<hr data-start=\"1880\" data-end=\"1883\" \/>\n<h2 data-start=\"1885\" data-end=\"1945\">Soutien aux op\u00e9rations industrielles et de traitement des eaux us\u00e9es de Phoenix<\/h2>\n<p data-start=\"1947\" data-end=\"2292\">Les installations de la r\u00e9gion de Phoenix fonctionnent dans des conditions difficiles, notamment des temp\u00e9ratures ambiantes \u00e9lev\u00e9es, des mati\u00e8res premi\u00e8res abrasives et des cycles de fonctionnement continus. Les stations d&#039;\u00e9puration et les entreprises de traitement industriel font appel aux centrifugeuses d\u00e9canteuses Alfa Laval pour g\u00e9rer les variations de charge en mati\u00e8res solides tout en respectant les r\u00e9glementations environnementales.<\/p>\n<p data-start=\"2294\" data-end=\"2578\">Sentrimax collabore \u00e9troitement avec les op\u00e9rateurs de Phoenix pour garantir le fonctionnement fiable des syst\u00e8mes de centrifugation d\u00e9canteurs Alfa Laval. Gr\u00e2ce \u00e0 des inspections d\u00e9taill\u00e9es et des services de r\u00e9paration cibl\u00e9s, les installations b\u00e9n\u00e9ficient d&#039;un meilleur contr\u00f4le sur la planification de la maintenance, les performances des \u00e9quipements et les risques op\u00e9rationnels.<\/p>\n<hr data-start=\"2580\" data-end=\"2583\" \/>\n<h2 data-start=\"2585\" data-end=\"2646\">Processus de r\u00e9paration certifi\u00e9 ISO con\u00e7u pour les \u00e9quipements de pr\u00e9cision<\/h2>\n<p data-start=\"2648\" data-end=\"2950\">Sentrimax op\u00e8re selon un syst\u00e8me de gestion de la qualit\u00e9 certifi\u00e9 ISO 9001:2015, garantissant que chaque r\u00e9paration de centrifugeuse d\u00e9canteuse Alfa Laval suit un processus structur\u00e9 et reproductible. Ce syst\u00e8me met l&#039;accent sur la documentation, la coh\u00e9rence et la responsabilisation, de la r\u00e9ception de l&#039;\u00e9quipement jusqu&#039;aux tests finaux et \u00e0 la production des rapports.<\/p>\n<p data-start=\"2952\" data-end=\"3390\">Chaque r\u00e9paration d\u00e9bute par une inspection compl\u00e8te pouvant inclure une analyse d&#039;huile, une v\u00e9rification dimensionnelle, une analyse vibratoire et une \u00e9valuation de l&#039;\u00e9tat des composants. Les r\u00e9sultats sont clairement document\u00e9s et communiqu\u00e9s afin que les op\u00e9rateurs puissent \u00e9valuer l&#039;\u00e9tendue des r\u00e9parations, les d\u00e9lais et les implications en mati\u00e8re de maintenance \u00e0 long terme. Des informations compl\u00e9mentaires sur cette m\u00e9thodologie sont disponibles sur le site interne. <strong data-start=\"3331\" data-end=\"3384\"><a class=\"decorated-link\" href=\"https:\/\/sentrimax.com\/fr\/our-process\/?utm_source=chatgpt.com\" target=\"_new\" rel=\"noopener\" data-start=\"3333\" data-end=\"3382\">Notre processus<\/a><\/strong> page.<\/p>\n<hr data-start=\"3392\" data-end=\"3395\" \/>\n<h2 data-start=\"3397\" data-end=\"3460\">Services complets de r\u00e9paration de centrifugeuses d\u00e9canteuses Alfa Laval<\/h2>\n<h3 data-start=\"3462\" data-end=\"3498\"><strong data-start=\"3466\" data-end=\"3498\">R\u00e9paration et r\u00e9vision compl\u00e8tes<\/strong><\/h3>\n<p data-start=\"3499\" data-end=\"3909\">Sentrimax propose des services complets de r\u00e9paration et de r\u00e9vision des centrifugeuses d\u00e9canteuses Alfa Laval afin de remettre les \u00e9quipements en parfait \u00e9tat de fonctionnement. Ces services comprennent le d\u00e9montage complet, l&#039;inspection des pi\u00e8ces d&#039;usure, l&#039;usinage de pr\u00e9cision, le soudage, le remplacement des roulements, la pose de joints d&#039;\u00e9tanch\u00e9it\u00e9 et un remontage soign\u00e9 respectant des tol\u00e9rances strictes. Ces r\u00e9parations permettent aux installations de prolonger la dur\u00e9e de vie des \u00e9quipements et de retarder des remplacements co\u00fbteux.<\/p>\n<h3 data-start=\"3911\" data-end=\"3946\"><strong data-start=\"3915\" data-end=\"3946\">\u00c9quilibrage dynamique de pr\u00e9cision<\/strong><\/h3>\n<p data-start=\"3947\" data-end=\"4334\">Le d\u00e9s\u00e9quilibre est une cause majeure de vibrations, d&#039;usure acc\u00e9l\u00e9r\u00e9e et de d\u00e9faillances m\u00e9caniques pr\u00e9matur\u00e9es dans les syst\u00e8mes de centrifugation d\u00e9canteuse. Sentrimax r\u00e9alise un \u00e9quilibrage dynamique avanc\u00e9 sur trois plans conforme \u00e0 la norme ISO G 0.5, r\u00e9duisant consid\u00e9rablement les vibrations et am\u00e9liorant la stabilit\u00e9 de fonctionnement. Un \u00e9quilibrage optimal prot\u00e8ge les roulements, les r\u00e9ducteurs et les ensembles rotatifs, tout en renfor\u00e7ant la fiabilit\u00e9 \u00e0 long terme.<\/p>\n<h3 data-start=\"4336\" data-end=\"4380\"><strong data-start=\"4340\" data-end=\"4380\">R\u00e9paration de bo\u00eetes de vitesses et d&#039;ensembles rotatifs<\/strong><\/h3>\n<p data-start=\"4381\" data-end=\"4726\">Les r\u00e9ducteurs et les composants rotatifs des centrifugeuses d\u00e9canteuses Alfa Laval fonctionnent sous un couple \u00e9lev\u00e9 et dans des conditions de process exigeantes. Sentrimax propose des services d&#039;inspection, de remise en \u00e9tat et de r\u00e9paration m\u00e9canique d\u00e9taill\u00e9s pour les r\u00e9ducteurs, afin de r\u00e9tablir leurs performances et leur efficacit\u00e9. Ces services contribuent \u00e0 pr\u00e9venir les pannes inattendues et \u00e0 garantir la continuit\u00e9 des op\u00e9rations de production.<\/p>\n<p data-start=\"4728\" data-end=\"4849\">Un aper\u00e7u complet des capacit\u00e9s de r\u00e9paration est disponible en interne. <strong data-start=\"4796\" data-end=\"4843\"><a class=\"decorated-link\" href=\"https:\/\/sentrimax.com\/fr\/services\/?utm_source=chatgpt.com\" target=\"_new\" rel=\"noopener\" data-start=\"4798\" data-end=\"4841\">Services<\/a><\/strong> page.<\/p>\n<hr data-start=\"4851\" data-end=\"4854\" \/>\n<h2 data-start=\"4856\" data-end=\"4920\">Solutions de r\u00e9paration sur mesure pour les centrifugeuses d\u00e9canteuses Alfa Laval<\/h2>\n<p data-start=\"4922\" data-end=\"5302\">Chaque installation fonctionne dans des conditions diff\u00e9rentes. Les caract\u00e9ristiques des boues, les exigences de d\u00e9bit, les plages de temp\u00e9rature et les contraintes r\u00e9glementaires varient d&#039;une exploitation \u00e0 l&#039;autre dans la r\u00e9gion de Phoenix. Sentrimax con\u00e7oit des solutions de r\u00e9paration sur mesure, adapt\u00e9es au mod\u00e8le sp\u00e9cifique de centrifugeuse d\u00e9canteuse Alfa Laval, \u00e0 son environnement d&#039;exploitation et \u00e0 son historique de maintenance, plut\u00f4t que d&#039;appliquer des m\u00e9thodes de r\u00e9paration g\u00e9n\u00e9riques.<\/p>\n<p data-start=\"5304\" data-end=\"5582\">Une documentation claire et une communication transparente permettent aux op\u00e9rateurs d&#039;anticiper les interventions de r\u00e9paration, de g\u00e9rer efficacement les budgets et de r\u00e9duire les interventions d&#039;urgence. Cette approche personnalis\u00e9e favorise une meilleure pr\u00e9visibilit\u00e9 op\u00e9rationnelle et une fiabilit\u00e9 accrue des \u00e9quipements sur le long terme.<\/p>\n<hr data-start=\"5584\" data-end=\"5587\" \/>\n<h2 data-start=\"5589\" data-end=\"5634\">Minimiser les temps d&#039;arr\u00eat des installations de Phoenix<\/h2>\n<p data-start=\"5636\" data-end=\"6028\">Les arr\u00eats impr\u00e9vus des centrifugeuses d\u00e9canteuses peuvent perturber les processus de traitement, mettre \u00e0 rude \u00e9preuve les ressources humaines et augmenter les co\u00fbts d&#039;exploitation. Sentrimax privil\u00e9gie des d\u00e9lais d&#039;intervention rapides et une planification coordonn\u00e9e afin de remettre en service les centrifugeuses d\u00e9canteuses Alfa Laval dans les meilleurs d\u00e9lais. Une communication r\u00e9active et un support technique de qualit\u00e9 contribuent \u00e9galement \u00e0 minimiser les temps d&#039;arr\u00eat lors de r\u00e9parations urgentes.<\/p>\n<p data-start=\"6030\" data-end=\"6190\">En combinant une planification proactive de la maintenance avec une ex\u00e9cution experte des r\u00e9parations, Sentrimax assure des op\u00e9rations fiables dans tout Phoenix et les communaut\u00e9s environnantes.<\/p>\n<hr data-start=\"6192\" data-end=\"6195\" \/>\n<h2 data-start=\"6197\" data-end=\"6247\">Conformit\u00e9, s\u00e9curit\u00e9 et meilleures pratiques de l&#039;industrie<\/h2>\n<p data-start=\"6249\" data-end=\"6879\">Les installations exploitant des centrifugeuses d\u00e9canteuses Alfa Laval doivent s&#039;assurer que les performances des \u00e9quipements sont conformes aux r\u00e9glementations environnementales et de s\u00e9curit\u00e9. Consultez les recommandations de la <strong data-start=\"6404\" data-end=\"6535\"><a class=\"decorated-link cursor-pointer\" target=\"_new\" rel=\"noopener\" data-start=\"6406\" data-end=\"6533\">Agence am\u00e9ricaine de protection de l&#039;environnement \u2013 Aper\u00e7u du traitement des eaux us\u00e9es<\/a><\/strong> souligne l&#039;importance d&#039;un \u00e9quipement de manutention des solides fiable pour le maintien de la conformit\u00e9. Conseils du fabricant <strong data-start=\"6654\" data-end=\"6784\"><a class=\"decorated-link\" href=\"https:\/\/www.alfalaval.com\/products\/separation\/centrifugal-separators\/decanters\/\" target=\"_new\" rel=\"noopener\" data-start=\"6656\" data-end=\"6782\">Alfa Laval \u2013 Technologie de centrifugation par d\u00e9cantation<\/a><\/strong> souligne le r\u00f4le d&#039;une r\u00e9paration ad\u00e9quate dans la pr\u00e9servation de l&#039;efficacit\u00e9 de la s\u00e9paration et de la s\u00e9curit\u00e9 des \u00e9quipements.<\/p>\n<p data-start=\"6881\" data-end=\"7099\">Les services de r\u00e9paration de Sentrimax soutiennent ces meilleures pratiques en veillant \u00e0 ce que les syst\u00e8mes de centrifugation d\u00e9canteurs Alfa Laval fonctionnent conform\u00e9ment aux sp\u00e9cifications de conception, aidant ainsi les installations \u00e0 r\u00e9duire les risques environnementaux et \u00e0 maintenir des op\u00e9rations s\u00fbres.<\/p>\n<hr data-start=\"7101\" data-end=\"7104\" \/>\n<h2 data-start=\"7106\" data-end=\"7140\">Assistance tout au long du cycle de vie au-del\u00e0 de la r\u00e9paration<\/h2>\n<p data-start=\"7142\" data-end=\"7544\">La r\u00e9paration efficace des centrifugeuses d\u00e9canteuses Alfa Laval est optimale lorsqu&#039;elle s&#039;inscrit dans une strat\u00e9gie globale de gestion du cycle de vie. Sentrimax propose un accompagnement continu comprenant la surveillance de l&#039;\u00e9tat des \u00e9quipements, la documentation des performances et des recommandations pour la planification de la maintenance \u00e0 long terme. Cette approche ax\u00e9e sur le cycle de vie permet aux installations d&#039;optimiser les intervalles d&#039;entretien, de ma\u00eetriser les co\u00fbts et de maximiser le retour sur investissement.<\/p>\n<p data-start=\"7546\" data-end=\"7694\">Des informations techniques suppl\u00e9mentaires et des conseils de maintenance sont disponibles via le service interne. <strong data-start=\"7636\" data-end=\"7685\"><a class=\"decorated-link cursor-pointer\" target=\"_new\" rel=\"noopener\" data-start=\"7638\" data-end=\"7683\">Ressources<\/a><\/strong> section.<\/p>\n<hr data-start=\"7696\" data-end=\"7699\" \/>\n<h2 data-start=\"7701\" data-end=\"7764\">Partenaire de r\u00e9paration de centrifugeuses d\u00e9canteuses Alfa Laval \u00e0 Phoenix, Arizona<\/h2>\n<p data-start=\"7766\" data-end=\"8136\">Les installations de Phoenix d\u00e9pendent de la fiabilit\u00e9 de leurs centrifugeuses d\u00e9canteuses pour garantir la conformit\u00e9 aux normes, prot\u00e9ger la sant\u00e9 publique et ma\u00eetriser les co\u00fbts d&#039;exploitation. Un service de r\u00e9paration expert est essentiel pour minimiser les risques et assurer une fiabilit\u00e9 \u00e0 long terme. Sentrimax propose des services de r\u00e9paration de centrifugeuses d\u00e9canteuses Alfa Laval \u00e0 Phoenix, en Arizona, avec un souci constant de la qualit\u00e9, de la pr\u00e9cision et de la fiabilit\u00e9 op\u00e9rationnelle.<\/p>\n<p data-start=\"8138\" data-end=\"8309\">Des inspections d\u00e9taill\u00e9es aux r\u00e9parations de pr\u00e9cision en passant par le support continu tout au long du cycle de vie, Sentrimax offre aux op\u00e9rateurs une totale confiance dans leurs syst\u00e8mes de centrifugation d\u00e9canteuse Alfa Laval.<\/p>\n<hr data-start=\"8311\" data-end=\"8314\" \/>\n<h2 data-start=\"8316\" data-end=\"8337\">Passez \u00e0 l&#039;\u00e9tape suivante<\/h2>\n<p data-start=\"8339\" data-end=\"8556\">Un d\u00e9pannage rapide des centrifugeuses d\u00e9canteuses permet d&#039;\u00e9viter les arr\u00eats de production co\u00fbteux et les pannes impr\u00e9vues. Sentrimax est \u00e0 votre disposition pour la r\u00e9paration de vos centrifugeuses d\u00e9canteuses Alfa Laval \u00e0 Phoenix.<\/p>\n<p data-start=\"8558\" data-end=\"8612\"><strong data-start=\"8558\" data-end=\"8612\"><a class=\"decorated-link\" href=\"https:\/\/sentrimax.com\/fr\/contact\/\" target=\"_new\" rel=\"noopener\" data-start=\"8560\" data-end=\"8610\">Demandez un devis !<\/a><\/strong><\/p>","protected":false},"excerpt":{"rendered":"<p>Industrial and municipal facilities throughout Phoenix, AZ rely on decanter centrifuges to support efficient solids separation, regulatory compliance, and continuous processing operations in demanding desert conditions. Equipment manufactured by Alfa Laval is widely used in wastewater treatment, food processing, chemical manufacturing, and industrial separation applications due to its durability and performance. Even with advanced engineering, [&hellip;]<\/p>\n","protected":false},"author":3,"featured_media":0,"parent":0,"menu_order":0,"comment_status":"closed","ping_status":"closed","template":"seo-page-template.php","meta":{"_acf_changed":false,"inline_featured_image":false,"footnotes":""},"class_list":["post-2280","page","type-page","status-publish","hentry"],"acf":[],"_links":{"self":[{"href":"https:\/\/sentrimax.com\/fr\/wp-json\/wp\/v2\/pages\/2280","targetHints":{"allow":["GET"]}}],"collection":[{"href":"https:\/\/sentrimax.com\/fr\/wp-json\/wp\/v2\/pages"}],"about":[{"href":"https:\/\/sentrimax.com\/fr\/wp-json\/wp\/v2\/types\/page"}],"author":[{"embeddable":true,"href":"https:\/\/sentrimax.com\/fr\/wp-json\/wp\/v2\/users\/3"}],"replies":[{"embeddable":true,"href":"https:\/\/sentrimax.com\/fr\/wp-json\/wp\/v2\/comments?post=2280"}],"version-history":[{"count":1,"href":"https:\/\/sentrimax.com\/fr\/wp-json\/wp\/v2\/pages\/2280\/revisions"}],"predecessor-version":[{"id":2545,"href":"https:\/\/sentrimax.com\/fr\/wp-json\/wp\/v2\/pages\/2280\/revisions\/2545"}],"wp:attachment":[{"href":"https:\/\/sentrimax.com\/fr\/wp-json\/wp\/v2\/media?parent=2280"}],"curies":[{"name":"wp","href":"https:\/\/api.w.org\/{rel}","templated":true}]}}