{"id":2281,"date":"2026-01-07T15:39:41","date_gmt":"2026-01-07T15:39:41","guid":{"rendered":"https:\/\/sentrimax.com\/?page_id=2281"},"modified":"2026-04-21T21:15:57","modified_gmt":"2026-04-21T21:15:57","slug":"sharples-centrifuge-repair-in-chicago-il","status":"publish","type":"page","link":"https:\/\/sentrimax.com\/fr\/sharples-centrifuge-repair-in-chicago-il\/","title":{"rendered":"R\u00e9paration de centrifugeuses Sharples \u00e0 Chicago, Illinois"},"content":{"rendered":"<p data-start=\"713\" data-end=\"1429\"><img fetchpriority=\"high\" decoding=\"async\" class=\"aligncenter size-full wp-image-910\" src=\"https:\/\/sentrimax.com\/wp-content\/uploads\/2025\/05\/image-4.png\" alt=\"\" width=\"1648\" height=\"1013\" srcset=\"https:\/\/sentrimax.com\/wp-content\/uploads\/2025\/05\/image-4.png 1648w, https:\/\/sentrimax.com\/wp-content\/uploads\/2025\/05\/image-4-600x369.png 600w, https:\/\/sentrimax.com\/wp-content\/uploads\/2025\/05\/image-4-300x184.png 300w, https:\/\/sentrimax.com\/wp-content\/uploads\/2025\/05\/image-4-1024x629.png 1024w, https:\/\/sentrimax.com\/wp-content\/uploads\/2025\/05\/image-4-768x472.png 768w, https:\/\/sentrimax.com\/wp-content\/uploads\/2025\/05\/image-4-1536x944.png 1536w\" sizes=\"(max-width: 1648px) 100vw, 1648px\" \/><\/p>\n<p data-start=\"713\" data-end=\"1429\">Les installations industrielles et municipales de Chicago, dans l&#039;Illinois, utilisent des syst\u00e8mes de centrifugation pour assurer un fonctionnement continu, une s\u00e9paration efficace des solides et la conformit\u00e9 r\u00e9glementaire. Ces \u00e9quipements sont fabriqu\u00e9s par <span class=\"hover:entity-accent entity-underline inline cursor-pointer align-baseline\"><span class=\"whitespace-normal\">Sharples<\/span><\/span> La centrifugeuse Sharples est utilis\u00e9e depuis longtemps dans le traitement des eaux us\u00e9es, l&#039;industrie chimique, la production alimentaire et les applications de s\u00e9paration industrielle gr\u00e2ce \u00e0 sa conception m\u00e9canique robuste et \u00e0 ses performances \u00e9prouv\u00e9es. Avec le temps et dans des conditions d&#039;utilisation exigeantes, un entretien expert devient indispensable pour garantir la fiabilit\u00e9 et l&#039;efficacit\u00e9 de ces syst\u00e8mes. Sentrimax propose des services professionnels de r\u00e9paration de centrifugeuses Sharples \u00e0 Chicago (Illinois), permettant aux installations de retrouver des performances optimales et de prolonger la dur\u00e9e de vie de leurs \u00e9quipements critiques.<\/p>\n<p data-start=\"1431\" data-end=\"1777\">Forte de plusieurs d\u00e9cennies d&#039;exp\u00e9rience dans le support des syst\u00e8mes de centrifugeuses industrielles en Am\u00e9rique du Nord, Sentrimax propose des solutions de r\u00e9paration de pr\u00e9cision adapt\u00e9es aux centrifugeuses Sharples. Chaque intervention est r\u00e9alis\u00e9e selon des proc\u00e9dures qualit\u00e9 document\u00e9es et une approche rigoureuse et transparente, ax\u00e9e sur la s\u00e9curit\u00e9, la performance et la stabilit\u00e9 op\u00e9rationnelle \u00e0 long terme.<\/p>\n<hr data-start=\"1779\" data-end=\"1782\" \/>\n<h2 data-start=\"1784\" data-end=\"1843\">Soutien aux op\u00e9rations industrielles et municipales de Chicago<\/h2>\n<p data-start=\"1845\" data-end=\"2292\">Chicago est un p\u00f4le majeur de production, de transformation et de traitement des eaux us\u00e9es, desservant des millions d&#039;habitants et d&#039;entreprises. Les installations de la r\u00e9gion d\u00e9pendent de la fiabilit\u00e9 des centrifugeuses pour la gestion des mati\u00e8res solides, la protection des \u00e9quipements en aval et le respect des r\u00e9glementations environnementales. Les centrifugeuses Sharples fonctionnent souvent sous des charges \u00e9lev\u00e9es, avec des mat\u00e9riaux abrasifs et en cycles de service continus, ce qui acc\u00e9l\u00e8re l&#039;usure des composants.<\/p>\n<p data-start=\"2294\" data-end=\"2572\">Sentrimax collabore \u00e9troitement avec les exploitants de la r\u00e9gion de Chicago pour garantir le fonctionnement fiable des centrifugeuses Sharples. Gr\u00e2ce \u00e0 des inspections d\u00e9taill\u00e9es et des services de r\u00e9paration cibl\u00e9s, les installations b\u00e9n\u00e9ficient d&#039;un meilleur contr\u00f4le sur la planification de la maintenance, les performances des \u00e9quipements et les risques op\u00e9rationnels.<\/p>\n<hr data-start=\"2574\" data-end=\"2577\" \/>\n<h2 data-start=\"2579\" data-end=\"2637\">Processus de r\u00e9paration certifi\u00e9 ISO con\u00e7u pour les \u00e9quipements anciens<\/h2>\n<p data-start=\"2639\" data-end=\"2930\">Sentrimax op\u00e8re selon un syst\u00e8me de gestion de la qualit\u00e9 certifi\u00e9 ISO 9001:2015, garantissant que chaque r\u00e9paration de centrifugeuse Sharples suit un processus structur\u00e9 et reproductible. Ce syst\u00e8me met l&#039;accent sur la documentation, la coh\u00e9rence et la responsabilisation, de la r\u00e9ception de l&#039;\u00e9quipement jusqu&#039;aux tests finaux et \u00e0 la production des rapports.<\/p>\n<p data-start=\"2932\" data-end=\"3367\">Chaque r\u00e9paration d\u00e9bute par une inspection compl\u00e8te pouvant inclure une analyse d&#039;huile, une v\u00e9rification dimensionnelle, une analyse vibratoire et une \u00e9valuation de l&#039;\u00e9tat des composants. Les r\u00e9sultats sont clairement document\u00e9s et communiqu\u00e9s afin que les op\u00e9rateurs puissent \u00e9valuer l&#039;\u00e9tendue des r\u00e9parations, les d\u00e9lais et les implications en mati\u00e8re de maintenance \u00e0 long terme. Des informations compl\u00e9mentaires sur cette m\u00e9thodologie sont disponibles sur le site interne. <strong data-start=\"3308\" data-end=\"3361\"><a class=\"decorated-link\" href=\"https:\/\/sentrimax.com\/fr\/our-process\/?utm_source=chatgpt.com\" target=\"_new\" rel=\"noopener\" data-start=\"3310\" data-end=\"3359\">Notre processus<\/a><\/strong> page.<\/p>\n<hr data-start=\"3369\" data-end=\"3372\" \/>\n<h2 data-start=\"3374\" data-end=\"3426\">Services complets de r\u00e9paration de centrifugeuses Sharples<\/h2>\n<h3 data-start=\"3428\" data-end=\"3464\"><strong data-start=\"3432\" data-end=\"3464\">R\u00e9paration et r\u00e9vision compl\u00e8tes<\/strong><\/h3>\n<p data-start=\"3465\" data-end=\"3864\">Sentrimax propose des services complets de r\u00e9paration et de r\u00e9vision des centrifugeuses Sharples afin de remettre les \u00e9quipements en parfait \u00e9tat de fonctionnement. Ces services comprennent le d\u00e9montage complet, l&#039;inspection des pi\u00e8ces d&#039;usure, l&#039;usinage de pr\u00e9cision, le soudage, le remplacement des roulements, la pose de joints d&#039;\u00e9tanch\u00e9it\u00e9 et un remontage soign\u00e9 respectant des tol\u00e9rances strictes. Ces r\u00e9parations permettent aux installations de prolonger la dur\u00e9e de vie des \u00e9quipements et de diff\u00e9rer des investissements de remplacement co\u00fbteux.<\/p>\n<h3 data-start=\"3866\" data-end=\"3901\"><strong data-start=\"3870\" data-end=\"3901\">\u00c9quilibrage dynamique de pr\u00e9cision<\/strong><\/h3>\n<p data-start=\"3902\" data-end=\"4280\">Le d\u00e9s\u00e9quilibre est une cause majeure de vibrations, d&#039;usure acc\u00e9l\u00e9r\u00e9e et de d\u00e9faillances m\u00e9caniques pr\u00e9matur\u00e9es dans les syst\u00e8mes de centrifugeuses. Sentrimax r\u00e9alise un \u00e9quilibrage dynamique avanc\u00e9 sur trois plans conforme \u00e0 la norme ISO G 0.5, r\u00e9duisant consid\u00e9rablement les vibrations et am\u00e9liorant la stabilit\u00e9 de fonctionnement. Un \u00e9quilibrage optimal prot\u00e8ge les roulements, les r\u00e9ducteurs et les ensembles rotatifs, tout en renfor\u00e7ant la fiabilit\u00e9 \u00e0 long terme.<\/p>\n<h3 data-start=\"4282\" data-end=\"4326\"><strong data-start=\"4286\" data-end=\"4326\">R\u00e9paration de bo\u00eetes de vitesses et d&#039;ensembles rotatifs<\/strong><\/h3>\n<p data-start=\"4327\" data-end=\"4658\">Les r\u00e9ducteurs et ensembles rotatifs des centrifugeuses Sharples fonctionnent sous un couple \u00e9lev\u00e9 et dans des conditions de process exigeantes. Sentrimax propose des services complets d&#039;inspection, de remise \u00e0 neuf et de r\u00e9paration m\u00e9canique des r\u00e9ducteurs afin de garantir leur efficacit\u00e9 et leur fiabilit\u00e9. Ces services contribuent \u00e0 pr\u00e9venir les pannes impr\u00e9vues et \u00e0 assurer le bon fonctionnement de l&#039;installation.<\/p>\n<p data-start=\"4660\" data-end=\"4781\">Un aper\u00e7u complet des capacit\u00e9s de r\u00e9paration est disponible en interne. <strong data-start=\"4728\" data-end=\"4775\"><a class=\"decorated-link\" href=\"https:\/\/sentrimax.com\/fr\/services\/?utm_source=chatgpt.com\" target=\"_new\" rel=\"noopener\" data-start=\"4730\" data-end=\"4773\">Services<\/a><\/strong> page.<\/p>\n<hr data-start=\"4783\" data-end=\"4786\" \/>\n<h2 data-start=\"4788\" data-end=\"4841\">Solutions de r\u00e9paration sur mesure pour les centrifugeuses Sharples<\/h2>\n<p data-start=\"4843\" data-end=\"5279\">De nombreuses centrifugeuses Sharples restent en service des d\u00e9cennies apr\u00e8s leur installation, assurant souvent le bon fonctionnement d&#039;infrastructures critiques et de processus industriels. Chaque installation fonctionnant dans des conditions diff\u00e9rentes, les \u00e9quipements anciens n\u00e9cessitent fr\u00e9quemment des solutions de r\u00e9paration personnalis\u00e9es. Sentrimax con\u00e7oit des solutions de r\u00e9paration adapt\u00e9es au mod\u00e8le sp\u00e9cifique de la centrifugeuse Sharples, \u00e0 son environnement d&#039;exploitation et \u00e0 son historique d&#039;entretien, plut\u00f4t que d&#039;appliquer des m\u00e9thodes g\u00e9n\u00e9riques.<\/p>\n<p data-start=\"5281\" data-end=\"5558\">Une documentation claire et une communication transparente permettent aux gestionnaires d&#039;installations de planifier les interventions de r\u00e9paration de mani\u00e8re proactive, de g\u00e9rer efficacement les budgets et de r\u00e9duire les interventions d&#039;urgence. Cette approche personnalis\u00e9e am\u00e9liore la pr\u00e9visibilit\u00e9 op\u00e9rationnelle et la fiabilit\u00e9 \u00e0 long terme des \u00e9quipements.<\/p>\n<hr data-start=\"5560\" data-end=\"5563\" \/>\n<h2 data-start=\"5565\" data-end=\"5610\">Minimiser les temps d&#039;arr\u00eat des installations de Chicago<\/h2>\n<p data-start=\"5612\" data-end=\"5988\">Les arr\u00eats impr\u00e9vus des centrifugeuses peuvent perturber les processus de traitement des eaux us\u00e9es, les calendriers de production et les obligations de conformit\u00e9. Sentrimax privil\u00e9gie des d\u00e9lais d&#039;intervention rapides et une planification coordonn\u00e9e afin de remettre les centrifugeuses Sharples en service dans les meilleurs d\u00e9lais. Une communication r\u00e9active et un support technique de qualit\u00e9 contribuent \u00e9galement \u00e0 minimiser les temps d&#039;arr\u00eat lors de r\u00e9parations urgentes.<\/p>\n<p data-start=\"5990\" data-end=\"6150\">En combinant une planification proactive de la maintenance avec une ex\u00e9cution experte des r\u00e9parations, Sentrimax assure des op\u00e9rations fiables dans tout Chicago et les communaut\u00e9s environnantes.<\/p>\n<hr data-start=\"6152\" data-end=\"6155\" \/>\n<h2 data-start=\"6157\" data-end=\"6207\">Conformit\u00e9, s\u00e9curit\u00e9 et meilleures pratiques de l&#039;industrie<\/h2>\n<p data-start=\"6209\" data-end=\"6784\">Les installations exploitant des centrifugeuses Sharples doivent s&#039;assurer que les performances des \u00e9quipements sont conformes aux r\u00e9glementations environnementales et de s\u00e9curit\u00e9. Consultez les recommandations de la <strong data-start=\"6353\" data-end=\"6484\"><a class=\"decorated-link cursor-pointer\" target=\"_new\" rel=\"noopener\" data-start=\"6355\" data-end=\"6482\">Agence am\u00e9ricaine de protection de l&#039;environnement \u2013 Aper\u00e7u du traitement des eaux us\u00e9es<\/a><\/strong> souligne l&#039;importance d&#039;\u00e9quipements de manutention des solides fiables pour le maintien de la conformit\u00e9. Ressources sectorielles de <strong data-start=\"6604\" data-end=\"6670\"><a class=\"decorated-link cursor-pointer\" target=\"_new\" rel=\"noopener\" data-start=\"6606\" data-end=\"6668\">F\u00e9d\u00e9ration pour l&#039;environnement de l&#039;eau<\/a><\/strong> Mettre en avant la maintenance et la r\u00e9paration proactives des \u00e9quipements comme facteurs cl\u00e9s de l&#039;efficacit\u00e9 op\u00e9rationnelle et de la r\u00e9duction des risques.<\/p>\n<p data-start=\"6786\" data-end=\"6993\">Les services de r\u00e9paration de Sentrimax soutiennent ces meilleures pratiques en veillant \u00e0 ce que les syst\u00e8mes de centrifugeuses Sharples fonctionnent conform\u00e9ment aux sp\u00e9cifications de conception, aidant ainsi les installations \u00e0 r\u00e9duire les risques environnementaux et \u00e0 maintenir des op\u00e9rations s\u00fbres.<\/p>\n<hr data-start=\"6995\" data-end=\"6998\" \/>\n<h2 data-start=\"7000\" data-end=\"7034\">Assistance tout au long du cycle de vie au-del\u00e0 de la r\u00e9paration<\/h2>\n<p data-start=\"7036\" data-end=\"7427\">La r\u00e9paration efficace des centrifugeuses Sharples est optimale lorsqu&#039;elle s&#039;inscrit dans une strat\u00e9gie globale de gestion du cycle de vie. Sentrimax propose un accompagnement continu comprenant la surveillance de l&#039;\u00e9tat des \u00e9quipements, la documentation des performances et des recommandations pour la planification de la maintenance \u00e0 long terme. Cette approche ax\u00e9e sur le cycle de vie permet aux installations d&#039;optimiser les intervalles d&#039;entretien, de ma\u00eetriser les co\u00fbts et de maximiser le retour sur investissement.<\/p>\n<p data-start=\"7429\" data-end=\"7577\">Des informations techniques suppl\u00e9mentaires et des conseils de maintenance sont disponibles via le service interne. <strong data-start=\"7519\" data-end=\"7568\"><a class=\"decorated-link cursor-pointer\" target=\"_new\" rel=\"noopener\" data-start=\"7521\" data-end=\"7566\">Ressources<\/a><\/strong> section.<\/p>\n<hr data-start=\"7579\" data-end=\"7582\" \/>\n<h2 data-start=\"7584\" data-end=\"7636\">Sharples, partenaire de r\u00e9paration de centrifugeuses \u00e0 Chicago (Illinois).<\/h2>\n<p data-start=\"7638\" data-end=\"8002\">Les installations \u00e0 Chicago d\u00e9pendent de la fiabilit\u00e9 de leurs centrifugeuses pour garantir la conformit\u00e9, la productivit\u00e9 et la stabilit\u00e9 op\u00e9rationnelle. Un service de r\u00e9paration expert est essentiel pour minimiser les risques et prolonger la dur\u00e9e de vie des centrifugeuses anciennes. Sentrimax assure la r\u00e9paration des centrifugeuses Sharples \u00e0 Chicago (Illinois) en privil\u00e9giant la qualit\u00e9, la pr\u00e9cision et la fiabilit\u00e9 \u00e0 long terme.<\/p>\n<p data-start=\"8004\" data-end=\"8164\">Des inspections d\u00e9taill\u00e9es aux r\u00e9parations de pr\u00e9cision en passant par un support continu tout au long du cycle de vie, Sentrimax offre aux op\u00e9rateurs une totale confiance dans leurs syst\u00e8mes de centrifugeuses Sharples.<\/p>\n<hr data-start=\"8166\" data-end=\"8169\" \/>\n<h2 data-start=\"8171\" data-end=\"8192\">Passez \u00e0 l&#039;\u00e9tape suivante<\/h2>\n<p data-start=\"8194\" data-end=\"8391\">Un d\u00e9pannage rapide des centrifugeuses permet d&#039;\u00e9viter les arr\u00eats de production co\u00fbteux et les pannes impr\u00e9vues. Sentrimax est \u00e0 votre disposition pour la r\u00e9paration de centrifugeuses Sharples \u00e0 Chicago.<\/p>\n<p data-start=\"8393\" data-end=\"8447\"><strong data-start=\"8393\" data-end=\"8447\"><a class=\"decorated-link\" href=\"https:\/\/sentrimax.com\/fr\/contact\/\" target=\"_new\" rel=\"noopener\" data-start=\"8395\" data-end=\"8445\">Demandez un devis !<\/a><\/strong><\/p>","protected":false},"excerpt":{"rendered":"<p>Industrial and municipal facilities in Chicago, IL rely on centrifuge systems to support continuous operations, efficient solids separation, and regulatory compliance. Equipment manufactured by Sharples has long been used across wastewater treatment, chemical processing, food production, and industrial separation applications due to its robust mechanical design and proven performance. As these systems age and operate [&hellip;]<\/p>\n","protected":false},"author":3,"featured_media":0,"parent":0,"menu_order":0,"comment_status":"closed","ping_status":"closed","template":"seo-page-template.php","meta":{"_acf_changed":false,"inline_featured_image":false,"footnotes":""},"class_list":["post-2281","page","type-page","status-publish","hentry"],"acf":[],"_links":{"self":[{"href":"https:\/\/sentrimax.com\/fr\/wp-json\/wp\/v2\/pages\/2281","targetHints":{"allow":["GET"]}}],"collection":[{"href":"https:\/\/sentrimax.com\/fr\/wp-json\/wp\/v2\/pages"}],"about":[{"href":"https:\/\/sentrimax.com\/fr\/wp-json\/wp\/v2\/types\/page"}],"author":[{"embeddable":true,"href":"https:\/\/sentrimax.com\/fr\/wp-json\/wp\/v2\/users\/3"}],"replies":[{"embeddable":true,"href":"https:\/\/sentrimax.com\/fr\/wp-json\/wp\/v2\/comments?post=2281"}],"version-history":[{"count":1,"href":"https:\/\/sentrimax.com\/fr\/wp-json\/wp\/v2\/pages\/2281\/revisions"}],"predecessor-version":[{"id":2544,"href":"https:\/\/sentrimax.com\/fr\/wp-json\/wp\/v2\/pages\/2281\/revisions\/2544"}],"wp:attachment":[{"href":"https:\/\/sentrimax.com\/fr\/wp-json\/wp\/v2\/media?parent=2281"}],"curies":[{"name":"wp","href":"https:\/\/api.w.org\/{rel}","templated":true}]}}