{"id":2282,"date":"2026-01-07T15:46:26","date_gmt":"2026-01-07T15:46:26","guid":{"rendered":"https:\/\/sentrimax.com\/?page_id=2282"},"modified":"2026-04-21T21:15:56","modified_gmt":"2026-04-21T21:15:56","slug":"sharples-decanter-centrifuge-service-in-houston-tx","status":"publish","type":"page","link":"https:\/\/sentrimax.com\/fr\/sharples-decanter-centrifuge-service-in-houston-tx\/","title":{"rendered":"Service de centrifugation Sharples Decanter \u00e0 Houston, Texas"},"content":{"rendered":"<p data-start=\"752\" data-end=\"1572\"><img fetchpriority=\"high\" decoding=\"async\" class=\"aligncenter size-full wp-image-1190\" src=\"https:\/\/sentrimax.com\/wp-content\/uploads\/2025\/06\/image-1.jpg\" alt=\"\" width=\"1440\" height=\"694\" srcset=\"https:\/\/sentrimax.com\/wp-content\/uploads\/2025\/06\/image-1.jpg 1440w, https:\/\/sentrimax.com\/wp-content\/uploads\/2025\/06\/image-1-600x289.jpg 600w, https:\/\/sentrimax.com\/wp-content\/uploads\/2025\/06\/image-1-300x145.jpg 300w, https:\/\/sentrimax.com\/wp-content\/uploads\/2025\/06\/image-1-1024x494.jpg 1024w, https:\/\/sentrimax.com\/wp-content\/uploads\/2025\/06\/image-1-768x370.jpg 768w\" sizes=\"(max-width: 1440px) 100vw, 1440px\" \/><\/p>\n<p data-start=\"752\" data-end=\"1572\">Les installations industrielles et municipales de Houston, au Texas, utilisent des centrifugeuses d\u00e9canteuses pour assurer un traitement en continu, une s\u00e9paration efficace des solides et la conformit\u00e9 r\u00e9glementaire dans des environnements d&#039;exploitation exigeants. Ces \u00e9quipements sont fabriqu\u00e9s par <span class=\"hover:entity-accent entity-underline inline cursor-pointer align-baseline\"><span class=\"whitespace-normal\">Sharples<\/span><\/span> Gr\u00e2ce \u00e0 sa conception m\u00e9canique robuste et \u00e0 ses performances \u00e9prouv\u00e9es sur le long terme, le d\u00e9canteur centrifuge Sharples est largement utilis\u00e9 dans le traitement des eaux us\u00e9es, la chimie, la production d&#039;\u00e9nergie et les applications de s\u00e9paration industrielle. Fonctionnant sous fortes charges et dans des conditions de process difficiles, ces syst\u00e8mes n\u00e9cessitent un entretien r\u00e9gulier pour garantir leur fiabilit\u00e9 et \u00e9viter les arr\u00eats impr\u00e9vus. Sentrimax propose un service professionnel de maintenance des d\u00e9canteurs centrifuges Sharples \u00e0 Houston, au Texas, permettant aux installations de maintenir leurs performances, de prolonger la dur\u00e9e de vie de leurs \u00e9quipements et de ma\u00eetriser les risques op\u00e9rationnels.<\/p>\n<p data-start=\"1574\" data-end=\"1930\">Forte de plusieurs d\u00e9cennies d&#039;exp\u00e9rience dans le support des syst\u00e8mes de centrifugeuses industrielles en Am\u00e9rique du Nord, Sentrimax propose des solutions de service structur\u00e9es et adapt\u00e9es aux centrifugeuses d\u00e9canteuses Sharples. Chaque intervention respecte des processus qualit\u00e9 document\u00e9s et une approche rigoureuse et transparente, ax\u00e9e sur la disponibilit\u00e9, la s\u00e9curit\u00e9 et la fiabilit\u00e9 \u00e0 long terme.<\/p>\n<hr data-start=\"1932\" data-end=\"1935\" \/>\n<h2 data-start=\"1937\" data-end=\"1997\">Soutien aux op\u00e9rations industrielles et de traitement des eaux us\u00e9es de Houston<\/h2>\n<p data-start=\"1999\" data-end=\"2451\">Houston est un centre mondial de production d&#039;\u00e9nergie, de transformation p\u00e9trochimique, de fabrication et de traitement des eaux us\u00e9es municipales. Les installations de la r\u00e9gion exploitent des centrifugeuses d\u00e9canteuses dans des conditions extr\u00eames, notamment avec des mat\u00e9riaux abrasifs, des caract\u00e9ristiques d&#039;alimentation variables et des cycles de fonctionnement continus. Un service de centrifugation fiable est essentiel pour maintenir l&#039;efficacit\u00e9 de la s\u00e9paration, prot\u00e9ger les \u00e9quipements en aval et respecter les r\u00e9glementations environnementales strictes.<\/p>\n<p data-start=\"2453\" data-end=\"2754\">Sentrimax collabore \u00e9troitement avec les exploitants de la r\u00e9gion de Houston pour garantir le fonctionnement fiable des centrifugeuses d\u00e9canteuses Sharples. Gr\u00e2ce \u00e0 une planification proactive des interventions, des inspections d\u00e9taill\u00e9es et une v\u00e9rification des performances, les installations b\u00e9n\u00e9ficient d&#039;un meilleur contr\u00f4le sur l&#039;\u00e9tat de leurs \u00e9quipements et la planification de la maintenance.<\/p>\n<hr data-start=\"2756\" data-end=\"2759\" \/>\n<h2 data-start=\"2761\" data-end=\"2820\">Processus de service certifi\u00e9 ISO con\u00e7u pour les \u00e9quipements anciens<\/h2>\n<p data-start=\"2822\" data-end=\"3123\">Sentrimax op\u00e8re selon un syst\u00e8me de gestion de la qualit\u00e9 certifi\u00e9 ISO 9001:2015, garantissant que chaque intervention sur les centrifugeuses d\u00e9canteuses Sharples suit un processus structur\u00e9 et reproductible. Ce syst\u00e8me met l&#039;accent sur la documentation, la coh\u00e9rence et la responsabilisation, de la r\u00e9ception du mat\u00e9riel jusqu&#039;aux tests finaux et \u00e0 la production des rapports.<\/p>\n<p data-start=\"3125\" data-end=\"3598\">Chaque intervention de service d\u00e9bute par une inspection compl\u00e8te pouvant inclure une analyse d&#039;huile, un contr\u00f4le des vibrations, une v\u00e9rification dimensionnelle et une \u00e9valuation de l&#039;\u00e9tat des composants. Les r\u00e9sultats sont clairement document\u00e9s et communiqu\u00e9s afin que les op\u00e9rateurs puissent prendre des d\u00e9cisions \u00e9clair\u00e9es concernant l&#039;\u00e9tendue de l&#039;intervention, sa planification et les strat\u00e9gies de maintenance \u00e0 long terme. Des informations compl\u00e9mentaires sur cette m\u00e9thodologie sont disponibles sur le site interne. <strong data-start=\"3539\" data-end=\"3592\"><a class=\"decorated-link\" href=\"https:\/\/sentrimax.com\/fr\/our-process\/?utm_source=chatgpt.com\" target=\"_new\" rel=\"noopener\" data-start=\"3541\" data-end=\"3590\">Notre processus<\/a><\/strong> page.<\/p>\n<hr data-start=\"3600\" data-end=\"3603\" \/>\n<h2 data-start=\"3605\" data-end=\"3671\">Capacit\u00e9s compl\u00e8tes de service pour les centrifugeuses d\u00e9canteuses Sharples<\/h2>\n<h3 data-start=\"3673\" data-end=\"3714\"><strong data-start=\"3677\" data-end=\"3714\">Inspection et service pr\u00e9ventif<\/strong><\/h3>\n<p data-start=\"3715\" data-end=\"4027\">L&#039;inspection r\u00e9guli\u00e8re et la maintenance pr\u00e9ventive permettent de d\u00e9tecter les probl\u00e8mes naissants avant qu&#039;ils n&#039;entra\u00eenent une panne. Sentrimax propose des programmes de maintenance planifi\u00e9e comprenant des inspections, des contr\u00f4les de lubrification, des \u00e9valuations de l&#039;usure et des v\u00e9rifications de performance afin de garantir un fonctionnement fiable et de r\u00e9duire les temps d&#039;arr\u00eat impr\u00e9vus.<\/p>\n<h3 data-start=\"4029\" data-end=\"4070\"><strong data-start=\"4033\" data-end=\"4070\">Services de r\u00e9paration et de remise \u00e0 neuf<\/strong><\/h3>\n<p data-start=\"4071\" data-end=\"4394\">Lorsque les composants des centrifugeuses d\u00e9canteuses Sharples pr\u00e9sentent des signes d&#039;usure ou de dommages, Sentrimax propose des services de r\u00e9paration et de remise \u00e0 neuf de pr\u00e9cision. Ces services comprennent le d\u00e9montage, l&#039;inspection, l&#039;usinage, le soudage, le remplacement des composants et le remontage avec une grande pr\u00e9cision, permettant ainsi de r\u00e9tablir le fonctionnement optimal de l&#039;\u00e9quipement.<\/p>\n<h3 data-start=\"4396\" data-end=\"4450\"><strong data-start=\"4400\" data-end=\"4450\">\u00c9quilibrage dynamique et v\u00e9rification des performances<\/strong><\/h3>\n<p data-start=\"4451\" data-end=\"4730\">Le d\u00e9s\u00e9quilibre est une cause majeure de vibrations, d&#039;usure acc\u00e9l\u00e9r\u00e9e et de r\u00e9duction du rendement des centrifugeuses. Dans le cadre de son service d&#039;entretien des centrifugeuses d\u00e9canteuses, Sentrimax effectue un \u00e9quilibrage dynamique avanc\u00e9 et une v\u00e9rification des performances afin de garantir un fonctionnement optimal et de prot\u00e9ger les composants rotatifs critiques.<\/p>\n<p data-start=\"4732\" data-end=\"4854\">Un aper\u00e7u complet des capacit\u00e9s de service est disponible sur le site interne. <strong data-start=\"4801\" data-end=\"4848\"><a class=\"decorated-link\" href=\"https:\/\/sentrimax.com\/fr\/services\/?utm_source=chatgpt.com\" target=\"_new\" rel=\"noopener\" data-start=\"4803\" data-end=\"4846\">Services<\/a><\/strong> page.<\/p>\n<hr data-start=\"4856\" data-end=\"4859\" \/>\n<h2 data-start=\"4861\" data-end=\"4924\">Solutions de service sur mesure pour les centrifugeuses d\u00e9canteuses Sharples<\/h2>\n<p data-start=\"4926\" data-end=\"5341\">De nombreuses centrifugeuses d\u00e9canteuses Sharples restent en service pendant des d\u00e9cennies, assurant souvent des op\u00e9rations critiques. Chaque installation fonctionnant dans des conditions diff\u00e9rentes, les \u00e9quipements anciens n\u00e9cessitent fr\u00e9quemment des interventions de maintenance personnalis\u00e9es. Sentrimax con\u00e7oit des solutions de maintenance sur mesure, adapt\u00e9es au mod\u00e8le de centrifugeuse Sharples, \u00e0 son environnement d&#039;exploitation et \u00e0 son historique de maintenance, plut\u00f4t que d&#039;appliquer des programmes d&#039;entretien standardis\u00e9s.<\/p>\n<p data-start=\"5343\" data-end=\"5630\">Une documentation claire et une communication transparente permettent aux gestionnaires d&#039;installations de planifier les interventions de maintenance de mani\u00e8re proactive, de g\u00e9rer efficacement les budgets et de r\u00e9duire les interventions d&#039;urgence. Cette approche personnalis\u00e9e favorise une meilleure pr\u00e9visibilit\u00e9 op\u00e9rationnelle et une fiabilit\u00e9 accrue des \u00e9quipements sur le long terme.<\/p>\n<hr data-start=\"5632\" data-end=\"5635\" \/>\n<h2 data-start=\"5637\" data-end=\"5682\">Minimiser les temps d&#039;arr\u00eat des installations de Houston<\/h2>\n<p data-start=\"5684\" data-end=\"6081\">Les arr\u00eats impr\u00e9vus des centrifugeuses d\u00e9canteuses peuvent perturber les processus de traitement, impacter les calendriers de production et augmenter les co\u00fbts d&#039;exploitation. Sentrimax privil\u00e9gie une planification proactive des interventions, des d\u00e9lais d&#039;ex\u00e9cution rapides et une planification coordonn\u00e9e afin de garantir le fonctionnement fiable des centrifugeuses d\u00e9canteuses Sharples. Une communication r\u00e9active et un support technique de qualit\u00e9 contribuent \u00e9galement \u00e0 minimiser les temps d&#039;arr\u00eat en cas de besoin de maintenance.<\/p>\n<p data-start=\"6083\" data-end=\"6231\">En combinant des strat\u00e9gies de maintenance pr\u00e9ventive et une ex\u00e9cution experte, Sentrimax assure des op\u00e9rations fiables dans tout Houston et ses environs.<\/p>\n<hr data-start=\"6233\" data-end=\"6236\" \/>\n<h2 data-start=\"6238\" data-end=\"6288\">Conformit\u00e9, s\u00e9curit\u00e9 et meilleures pratiques de l&#039;industrie<\/h2>\n<p data-start=\"6290\" data-end=\"6876\">Les installations exploitant des centrifugeuses d\u00e9canteuses Sharples doivent s&#039;assurer que les performances de leurs \u00e9quipements sont conformes aux r\u00e9glementations environnementales et de s\u00e9curit\u00e9. Consultez les recommandations de la <strong data-start=\"6443\" data-end=\"6574\"><a class=\"decorated-link cursor-pointer\" target=\"_new\" rel=\"noopener\" data-start=\"6445\" data-end=\"6572\">Agence am\u00e9ricaine de protection de l&#039;environnement \u2013 Aper\u00e7u du traitement des eaux us\u00e9es<\/a><\/strong> souligne l&#039;importance d&#039;\u00e9quipements de manutention des solides fiables pour le maintien de la conformit\u00e9. Ressources sectorielles de <strong data-start=\"6694\" data-end=\"6760\"><a class=\"decorated-link cursor-pointer\" target=\"_new\" rel=\"noopener\" data-start=\"6696\" data-end=\"6758\">F\u00e9d\u00e9ration pour l&#039;environnement de l&#039;eau<\/a><\/strong> Mettre en avant l&#039;entretien proactif des centrifugeuses comme facteurs cl\u00e9s de l&#039;efficacit\u00e9 op\u00e9rationnelle et de la r\u00e9duction des risques.<\/p>\n<p data-start=\"6878\" data-end=\"7097\">Les solutions de service Sentrimax soutiennent ces meilleures pratiques en aidant les installations \u00e0 maintenir les performances des centrifugeuses d\u00e9canteuses Sharples conform\u00e9ment aux sp\u00e9cifications de conception, en r\u00e9duisant les risques environnementaux et en favorisant des op\u00e9rations s\u00fbres.<\/p>\n<hr data-start=\"7099\" data-end=\"7102\" \/>\n<h2 data-start=\"7104\" data-end=\"7147\">Assistance tout au long du cycle de vie au-del\u00e0 du service de routine<\/h2>\n<p data-start=\"7149\" data-end=\"7546\">Un service efficace pour les centrifugeuses d\u00e9canteuses Sharples est optimal lorsqu&#039;il est int\u00e9gr\u00e9 \u00e0 une strat\u00e9gie globale de gestion du cycle de vie. Sentrimax propose un accompagnement continu comprenant la surveillance de l&#039;\u00e9tat des \u00e9quipements, la documentation des interventions et des recommandations pour la planification de la maintenance \u00e0 long terme. Cette approche ax\u00e9e sur le cycle de vie permet aux installations d&#039;optimiser les intervalles d&#039;entretien, de ma\u00eetriser les co\u00fbts et de maximiser le retour sur investissement.<\/p>\n<p data-start=\"7548\" data-end=\"7696\">Des informations techniques suppl\u00e9mentaires et des conseils de maintenance sont disponibles via le service interne. <strong data-start=\"7638\" data-end=\"7687\"><a class=\"decorated-link cursor-pointer\" target=\"_new\" rel=\"noopener\" data-start=\"7640\" data-end=\"7685\">Ressources<\/a><\/strong> section.<\/p>\n<hr data-start=\"7698\" data-end=\"7701\" \/>\n<h2 data-start=\"7703\" data-end=\"7765\">Partenaire de service Sharples Decanter Centrifuge pour Houston, Texas<\/h2>\n<p data-start=\"7767\" data-end=\"8143\">\u00c0 Houston, les installations d\u00e9pendent de la fiabilit\u00e9 des centrifugeuses d\u00e9canteuses pour garantir la conformit\u00e9 r\u00e9glementaire, prot\u00e9ger la sant\u00e9 publique et ma\u00eetriser les co\u00fbts d&#039;exploitation. Un service d&#039;assistance professionnel est essentiel pour minimiser les risques et assurer une fiabilit\u00e9 \u00e0 long terme. Sentrimax propose des services d&#039;entretien de centrifugeuses d\u00e9canteuses Sharples \u00e0 Houston (Texas) ax\u00e9s sur la qualit\u00e9, la pr\u00e9cision et la fiabilit\u00e9 op\u00e9rationnelle.<\/p>\n<p data-start=\"8145\" data-end=\"8326\">Des inspections de routine aux programmes de service complets et au soutien continu tout au long du cycle de vie, Sentrimax offre aux op\u00e9rateurs une totale confiance dans leurs syst\u00e8mes de centrifugeuses d\u00e9canteuses Sharples.<\/p>\n<hr data-start=\"8328\" data-end=\"8331\" \/>\n<h2 data-start=\"8333\" data-end=\"8354\">Passez \u00e0 l&#039;\u00e9tape suivante<\/h2>\n<p data-start=\"8356\" data-end=\"8567\">Un service proactif d&#039;entretien des centrifugeuses d\u00e9canteuses permet d&#039;\u00e9viter les arr\u00eats de production co\u00fbteux et les pannes impr\u00e9vues. Sentrimax est pr\u00eat \u00e0 accompagner les installations de Houston gr\u00e2ce \u00e0 ses solutions d&#039;entretien expertes pour les centrifugeuses d\u00e9canteuses Sharples.<\/p>\n<p data-start=\"8569\" data-end=\"8623\"><strong data-start=\"8569\" data-end=\"8623\"><a class=\"decorated-link\" href=\"https:\/\/sentrimax.com\/fr\/contact\/\" target=\"_new\" rel=\"noopener\" data-start=\"8571\" data-end=\"8621\">Demandez un devis !<\/a><\/strong><\/p>","protected":false},"excerpt":{"rendered":"<p>Industrial and municipal facilities throughout Houston, TX rely on decanter centrifuges to support continuous processing, efficient solids separation, and regulatory compliance in demanding operating environments. Equipment manufactured by Sharples has been widely used across wastewater treatment, chemical processing, energy production, and industrial separation applications due to its robust mechanical design and proven long-term performance. As [&hellip;]<\/p>\n","protected":false},"author":3,"featured_media":0,"parent":0,"menu_order":0,"comment_status":"closed","ping_status":"closed","template":"seo-page-template.php","meta":{"_acf_changed":false,"inline_featured_image":false,"footnotes":""},"class_list":["post-2282","page","type-page","status-publish","hentry"],"acf":[],"_links":{"self":[{"href":"https:\/\/sentrimax.com\/fr\/wp-json\/wp\/v2\/pages\/2282","targetHints":{"allow":["GET"]}}],"collection":[{"href":"https:\/\/sentrimax.com\/fr\/wp-json\/wp\/v2\/pages"}],"about":[{"href":"https:\/\/sentrimax.com\/fr\/wp-json\/wp\/v2\/types\/page"}],"author":[{"embeddable":true,"href":"https:\/\/sentrimax.com\/fr\/wp-json\/wp\/v2\/users\/3"}],"replies":[{"embeddable":true,"href":"https:\/\/sentrimax.com\/fr\/wp-json\/wp\/v2\/comments?post=2282"}],"version-history":[{"count":1,"href":"https:\/\/sentrimax.com\/fr\/wp-json\/wp\/v2\/pages\/2282\/revisions"}],"predecessor-version":[{"id":2543,"href":"https:\/\/sentrimax.com\/fr\/wp-json\/wp\/v2\/pages\/2282\/revisions\/2543"}],"wp:attachment":[{"href":"https:\/\/sentrimax.com\/fr\/wp-json\/wp\/v2\/media?parent=2282"}],"curies":[{"name":"wp","href":"https:\/\/api.w.org\/{rel}","templated":true}]}}