{"id":2283,"date":"2026-01-07T15:50:37","date_gmt":"2026-01-07T15:50:37","guid":{"rendered":"https:\/\/sentrimax.com\/?page_id=2283"},"modified":"2026-04-21T21:15:10","modified_gmt":"2026-04-21T21:15:10","slug":"sharples-centrifuge-parts-in-toronto-on","status":"publish","type":"page","link":"https:\/\/sentrimax.com\/fr\/sharples-centrifuge-parts-in-toronto-on\/","title":{"rendered":"Pi\u00e8ces d\u00e9tach\u00e9es pour centrifugeuses Sharples \u00e0 Toronto, Ontario"},"content":{"rendered":"<p data-start=\"713\" data-end=\"1475\"><img fetchpriority=\"high\" decoding=\"async\" class=\"aligncenter size-full wp-image-904\" src=\"https:\/\/sentrimax.com\/wp-content\/uploads\/2025\/05\/image-3-1.png\" alt=\"\" width=\"1236\" height=\"760\" srcset=\"https:\/\/sentrimax.com\/wp-content\/uploads\/2025\/05\/image-3-1.png 1236w, https:\/\/sentrimax.com\/wp-content\/uploads\/2025\/05\/image-3-1-600x369.png 600w, https:\/\/sentrimax.com\/wp-content\/uploads\/2025\/05\/image-3-1-300x184.png 300w, https:\/\/sentrimax.com\/wp-content\/uploads\/2025\/05\/image-3-1-1024x630.png 1024w, https:\/\/sentrimax.com\/wp-content\/uploads\/2025\/05\/image-3-1-768x472.png 768w\" sizes=\"(max-width: 1236px) 100vw, 1236px\" \/><\/p>\n<p data-start=\"713\" data-end=\"1475\">Les installations industrielles et municipales de Toronto (Ontario) utilisent des syst\u00e8mes de centrifugation pour la s\u00e9paration des solides, l&#039;efficacit\u00e9 des proc\u00e9d\u00e9s et la conformit\u00e9 r\u00e9glementaire. Ces \u00e9quipements sont fabriqu\u00e9s par <span class=\"hover:entity-accent entity-underline inline cursor-pointer align-baseline\"><span class=\"whitespace-normal\">Sharples<\/span><\/span> La centrifugeuse Sharples est utilis\u00e9e depuis longtemps dans le traitement des eaux us\u00e9es, la transformation chimique, la production alimentaire et les applications de s\u00e9paration industrielle gr\u00e2ce \u00e0 sa conception m\u00e9canique robuste et \u00e0 ses performances \u00e9prouv\u00e9es. Nombre d&#039;entre elles restent en service pendant des d\u00e9cennies, ce qui rend essentiel l&#039;acc\u00e8s \u00e0 des pi\u00e8ces de rechange adapt\u00e9es pour garantir leur fiabilit\u00e9 et prolonger leur dur\u00e9e de vie. Sentrimax fournit des pi\u00e8ces d\u00e9tach\u00e9es professionnelles pour centrifugeuses Sharples \u00e0 Toronto (Ontario), proposant des composants de pr\u00e9cision con\u00e7us pour r\u00e9tablir les performances et minimiser les temps d&#039;arr\u00eat impr\u00e9vus.<\/p>\n<p data-start=\"1477\" data-end=\"1807\">Forte de plusieurs d\u00e9cennies d&#039;exp\u00e9rience dans le soutien aux syst\u00e8mes de centrifugeuses industrielles en Am\u00e9rique du Nord, Sentrimax fournit des pi\u00e8ces pour centrifugeuses Sharples, conformes aux processus de qualit\u00e9 certifi\u00e9s ISO. Chaque composant est soigneusement sp\u00e9cifi\u00e9, inspect\u00e9 et document\u00e9 afin d&#039;aider les installations de la r\u00e9gion de Toronto \u00e0 prot\u00e9ger leurs \u00e9quipements critiques et \u00e0 assurer la stabilit\u00e9 de leurs op\u00e9rations.<\/p>\n<hr data-start=\"1809\" data-end=\"1812\" \/>\n<h2 data-start=\"1814\" data-end=\"1873\">Soutien aux op\u00e9rations industrielles et municipales de Toronto<\/h2>\n<p data-start=\"1875\" data-end=\"2318\">Toronto est un important centre de production, d&#039;infrastructures, d&#039;agroalimentaire et de traitement des eaux us\u00e9es. Les installations de ces secteurs utilisent fr\u00e9quemment des centrifugeuses Sharples en fonctionnement continu, avec des mat\u00e9riaux abrasifs et des conditions d&#039;alimentation variables. Au fil du temps, les roulements, les joints d&#039;\u00e9tanch\u00e9it\u00e9, les pi\u00e8ces d&#039;usure et les ensembles m\u00e9caniques subissent une fatigue et doivent \u00eatre remplac\u00e9s par des pi\u00e8ces conformes aux sp\u00e9cifications afin d&#039;\u00e9viter une baisse de performance et des dommages secondaires.<\/p>\n<p data-start=\"2320\" data-end=\"2604\">Sentrimax collabore \u00e9troitement avec les exploitants de Toronto pour identifier les pi\u00e8ces de rechange appropri\u00e9es pour les centrifugeuses Sharples, en fonction du mod\u00e8le d&#039;\u00e9quipement, des conditions d&#039;utilisation et de l&#039;historique d&#039;entretien. Un choix judicieux des pi\u00e8ces r\u00e9duit les risques li\u00e9s \u00e0 la maintenance, prolonge la dur\u00e9e de vie de l&#039;\u00e9quipement et facilite la planification de la maintenance.<\/p>\n<hr data-start=\"2606\" data-end=\"2609\" \/>\n<h2 data-start=\"2611\" data-end=\"2658\">Qualit\u00e9 et tra\u00e7abilit\u00e9 des pi\u00e8ces certifi\u00e9es ISO<\/h2>\n<p data-start=\"2660\" data-end=\"3008\">Toutes les pi\u00e8ces pour centrifugeuses Sharples fournies par Sentrimax sont conformes \u00e0 la norme ISO 9001:2015. Chaque composant est inspect\u00e9 avant livraison afin de v\u00e9rifier sa pr\u00e9cision dimensionnelle, l&#039;int\u00e9grit\u00e9 des mat\u00e9riaux et son ad\u00e9quation fonctionnelle. La documentation et la tra\u00e7abilit\u00e9 sont assur\u00e9es pour soutenir les programmes d&#039;assurance qualit\u00e9 et les strat\u00e9gies de maintenance \u00e0 long terme.<\/p>\n<p data-start=\"3010\" data-end=\"3259\">De la sp\u00e9cification initiale \u00e0 la r\u00e9alisation, Sentrimax privil\u00e9gie la pr\u00e9cision, la coh\u00e9rence et la transparence. Plus de d\u00e9tails sur cette approche structur\u00e9e sont disponibles sur le site interne. <strong data-start=\"3200\" data-end=\"3253\"><a class=\"decorated-link\" href=\"https:\/\/sentrimax.com\/fr\/our-process\/?utm_source=chatgpt.com\" target=\"_new\" rel=\"noopener\" data-start=\"3202\" data-end=\"3251\">Notre processus<\/a><\/strong> page.<\/p>\n<hr data-start=\"3261\" data-end=\"3264\" \/>\n<h2 data-start=\"3266\" data-end=\"3303\">Pi\u00e8ces d\u00e9tach\u00e9es pour centrifugeuse Sharples fournies<\/h2>\n<h3 data-start=\"3305\" data-end=\"3331\"><strong data-start=\"3309\" data-end=\"3331\">Roulements et joints d&#039;\u00e9tanch\u00e9it\u00e9<\/strong><\/h3>\n<p data-start=\"3332\" data-end=\"3672\">Les roulements et les joints d&#039;\u00e9tanch\u00e9it\u00e9 sont essentiels au fonctionnement s\u00fbr et efficace des centrifugeuses Sharples. Les roulements supportent des charges de rotation \u00e9lev\u00e9es, tandis que les joints d&#039;\u00e9tanch\u00e9it\u00e9 emp\u00eachent la contamination, les fuites et les pertes de lubrifiant. Sentrimax fournit des roulements et des joints d&#039;\u00e9tanch\u00e9it\u00e9 de pr\u00e9cision, con\u00e7us pour r\u00e9pondre aux exigences de conception de Sharples et r\u00e9sister aux environnements d&#039;exploitation les plus exigeants.<\/p>\n<h3 data-start=\"3674\" data-end=\"3713\"><strong data-start=\"3678\" data-end=\"3713\">Composants d&#039;usure et consommables<\/strong><\/h3>\n<p data-start=\"3714\" data-end=\"3990\">Les bagues d&#039;usure, les chemises, les joints et autres composants consommables s&#039;usent naturellement sous l&#039;effet de l&#039;abrasion et d&#039;un fonctionnement continu. Sentrimax fournit des pi\u00e8ces de rechange adapt\u00e9es pour maintenir l&#039;efficacit\u00e9 de s\u00e9paration, r\u00e9duire les vibrations et garantir un fonctionnement fiable \u00e0 long terme.<\/p>\n<h3 data-start=\"3992\" data-end=\"4034\"><strong data-start=\"3996\" data-end=\"4034\">Assemblages m\u00e9caniques et rotatifs<\/strong><\/h3>\n<p data-start=\"4035\" data-end=\"4329\">Les arbres, accouplements, engrenages et ensembles rotatifs des centrifugeuses Sharples fonctionnent sous des couples et des contraintes m\u00e9caniques \u00e9lev\u00e9s. Sentrimax fournit des composants m\u00e9caniques de pr\u00e9cision, con\u00e7us pour un ajustement, un \u00e9quilibrage et une durabilit\u00e9 optimaux, contribuant ainsi \u00e0 r\u00e9tablir l&#039;int\u00e9grit\u00e9 m\u00e9canique et la stabilit\u00e9 de fonctionnement.<\/p>\n<p data-start=\"4331\" data-end=\"4470\">Un aper\u00e7u complet des pi\u00e8ces et des options de service apr\u00e8s-vente est disponible sur le site interne. <strong data-start=\"4417\" data-end=\"4464\"><a class=\"decorated-link\" href=\"https:\/\/sentrimax.com\/fr\/services\/?utm_source=chatgpt.com\" target=\"_new\" rel=\"noopener\" data-start=\"4419\" data-end=\"4462\">Services<\/a><\/strong> page.<\/p>\n<hr data-start=\"4472\" data-end=\"4475\" \/>\n<h2 data-start=\"4477\" data-end=\"4532\">Assistance experte en identification et sp\u00e9cification des pi\u00e8ces<\/h2>\n<p data-start=\"4534\" data-end=\"4802\">L&#039;identification pr\u00e9cise des pi\u00e8ces est essentielle pour la maintenance des centrifugeuses anciennes. Les techniciens de Sentrimax accompagnent les installations de Toronto en mati\u00e8re de v\u00e9rification des pi\u00e8ces, de contr\u00f4le de compatibilit\u00e9 et de sp\u00e9cifications, afin de garantir le choix des composants ad\u00e9quats d\u00e8s la premi\u00e8re fois.<\/p>\n<p data-start=\"4804\" data-end=\"5081\">En consultant la documentation technique, les historiques d&#039;entretien et les conditions de fonctionnement, Sentrimax aide les installations \u00e0 \u00e9viter de commander des pi\u00e8ces incorrectes ou incompatibles. Cette approche personnalis\u00e9e r\u00e9duit les temps d&#039;arr\u00eat, pr\u00e9vient les retards d&#039;installation et am\u00e9liore la fiabilit\u00e9 \u00e0 long terme des centrifugeuses.<\/p>\n<hr data-start=\"5083\" data-end=\"5086\" \/>\n<h2 data-start=\"5088\" data-end=\"5145\">Int\u00e9gration des pi\u00e8ces \u00e0 la planification de la maintenance et des r\u00e9parations<\/h2>\n<p data-start=\"5147\" data-end=\"5409\">Les pi\u00e8ces d\u00e9tach\u00e9es pour centrifugeuses Sharples offrent une valeur ajout\u00e9e maximale lorsqu&#039;elles sont int\u00e9gr\u00e9es \u00e0 une strat\u00e9gie globale de maintenance et de r\u00e9paration. Sentrimax accompagne les installations en alignant la fourniture de pi\u00e8ces sur les programmes de maintenance pr\u00e9ventive, les r\u00e9sultats d&#039;inspection et les intervalles d&#039;entretien planifi\u00e9s.<\/p>\n<p data-start=\"5411\" data-end=\"5695\">La coordination du remplacement des pi\u00e8ces avec les activit\u00e9s de maintenance permet de ma\u00eetriser les co\u00fbts, de prolonger la dur\u00e9e de vie des \u00e9quipements et de r\u00e9duire les interventions d&#039;urgence. Le mod\u00e8le de support int\u00e9gr\u00e9 de Sentrimax garantit la synergie entre les pi\u00e8ces, le service et les r\u00e9parations afin d&#039;optimiser la disponibilit\u00e9 et l&#039;efficacit\u00e9 op\u00e9rationnelle.<\/p>\n<hr data-start=\"5697\" data-end=\"5700\" \/>\n<h2 data-start=\"5702\" data-end=\"5752\">Conformit\u00e9, s\u00e9curit\u00e9 et meilleures pratiques de l&#039;industrie<\/h2>\n<p data-start=\"5754\" data-end=\"6245\">Les installations exploitant des centrifugeuses Sharples en Ontario doivent se conformer aux r\u00e9glementations environnementales et de s\u00e9curit\u00e9. Consultez les directives de <strong data-start=\"5876\" data-end=\"5917\">Environnement et Changement climatique Canada<\/strong> souligne l&#039;importance d&#039;\u00e9quipements fiables de traitement des eaux us\u00e9es et de s\u00e9paration des solides pour prot\u00e9ger les cours d&#039;eau et r\u00e9duire les risques environnementaux. Ressources industrielles de <strong data-start=\"6094\" data-end=\"6126\">F\u00e9d\u00e9ration pour l&#039;environnement de l&#039;eau<\/strong> Mettre en avant la maintenance proactive et la fiabilit\u00e9 des composants comme facteurs cl\u00e9s de l&#039;efficacit\u00e9 op\u00e9rationnelle et de la r\u00e9duction des risques.<\/p>\n<p data-start=\"6247\" data-end=\"6270\"><strong data-start=\"6247\" data-end=\"6270\">Ressources externes\u00a0:<\/strong><\/p>\n<ul data-start=\"6271\" data-end=\"6386\">\n<li data-start=\"6271\" data-end=\"6351\">\n<p data-start=\"6273\" data-end=\"6351\"><a class=\"decorated-link\" href=\"https:\/\/www.canada.ca\/en\/environment-climate-change\/services\/wastewater.html\" target=\"_new\" rel=\"noopener\" data-start=\"6273\" data-end=\"6349\">https:\/\/www.canada.ca\/en\/environment-climate-change\/services\/wastewater.html<\/a><\/p>\n<\/li>\n<li data-start=\"6352\" data-end=\"6386\">\n<p data-start=\"6354\" data-end=\"6386\"><a class=\"decorated-link cursor-pointer\" target=\"_new\" rel=\"noopener\" data-start=\"6354\" data-end=\"6384\">https:\/\/www.wef.org\/resources\/<\/a><\/p>\n<\/li>\n<\/ul>\n<p data-start=\"6388\" data-end=\"6559\">Les solutions de pi\u00e8ces Sentrimax soutiennent ces meilleures pratiques en aidant les installations \u00e0 maintenir les syst\u00e8mes de centrifugeuses Sharples conform\u00e9ment aux sp\u00e9cifications de conception et aux exigences r\u00e9glementaires.<\/p>\n<hr data-start=\"6561\" data-end=\"6564\" \/>\n<h2 data-start=\"6566\" data-end=\"6606\">Assistance tout au long du cycle de vie au-del\u00e0 de la fourniture de pi\u00e8ces<\/h2>\n<p data-start=\"6608\" data-end=\"6995\">La fourniture de pi\u00e8ces pour centrifugeuses n&#039;est qu&#039;un aspect de la fiabilit\u00e9 \u00e0 long terme des \u00e9quipements. Sentrimax assure un soutien continu tout au long du cycle de vie, incluant la surveillance de l&#039;\u00e9tat des \u00e9quipements, des recommandations pour la planification des pi\u00e8ces et la documentation de service. Cette approche ax\u00e9e sur le cycle de vie permet aux installations de Toronto d&#039;anticiper leurs besoins futurs en pi\u00e8ces, d&#039;optimiser leurs budgets de maintenance et de maximiser le retour sur investissement de leurs \u00e9quipements.<\/p>\n<p data-start=\"6997\" data-end=\"7145\">Des informations techniques suppl\u00e9mentaires et des conseils de maintenance sont disponibles via le service interne. <strong data-start=\"7087\" data-end=\"7136\"><a class=\"decorated-link cursor-pointer\" target=\"_new\" rel=\"noopener\" data-start=\"7089\" data-end=\"7134\">Ressources<\/a><\/strong> section.<\/p>\n<hr data-start=\"7147\" data-end=\"7150\" \/>\n<h2 data-start=\"7152\" data-end=\"7203\">Sharples, partenaire de pi\u00e8ces d\u00e9tach\u00e9es pour centrifugeuses \u00e0 Toronto (Ontario).<\/h2>\n<p data-start=\"7205\" data-end=\"7549\">Des pi\u00e8ces de rechange fiables pour centrifugeuses sont essentielles au maintien de la stabilit\u00e9 op\u00e9rationnelle, de la conformit\u00e9 et de la productivit\u00e9, notamment pour les \u00e9quipements anciens qui continuent de jouer un r\u00f4le crucial dans les op\u00e9rations de traitement et de transformation. Sentrimax fournit des pi\u00e8ces de rechange pour centrifugeuses Sharples \u00e0 Toronto (Ontario) en privil\u00e9giant la pr\u00e9cision, la tra\u00e7abilit\u00e9 et la fiabilit\u00e9 \u00e0 long terme.<\/p>\n<p data-start=\"7551\" data-end=\"7718\">Des roulements et joints d&#039;\u00e9tanch\u00e9it\u00e9 aux principaux ensembles m\u00e9caniques et composants d&#039;usure, Sentrimax fournit les pi\u00e8ces dont les installations de Toronto ont besoin pour prot\u00e9ger leurs actifs et r\u00e9duire les temps d&#039;arr\u00eat.<\/p>\n<hr data-start=\"7720\" data-end=\"7723\" \/>\n<h2 data-start=\"7725\" data-end=\"7746\">Passez \u00e0 l&#039;\u00e9tape suivante<\/h2>\n<p data-start=\"7748\" data-end=\"7962\">Disposer des pi\u00e8ces d\u00e9tach\u00e9es ad\u00e9quates pour centrifugeuses Sharples permet d&#039;\u00e9viter les arr\u00eats de production co\u00fbteux et les pannes impr\u00e9vues. Sentrimax est pr\u00eat \u00e0 fournir aux installations de Toronto des pi\u00e8ces d\u00e9tach\u00e9es et un soutien technique de qualit\u00e9.<\/p>\n<p data-start=\"7964\" data-end=\"8018\"><strong data-start=\"7964\" data-end=\"8018\"><a class=\"decorated-link\" href=\"https:\/\/sentrimax.com\/fr\/contact\/\" target=\"_new\" rel=\"noopener\" data-start=\"7966\" data-end=\"8016\">Demandez un devis !<\/a><\/strong><\/p>","protected":false},"excerpt":{"rendered":"<p>Industrial and municipal facilities throughout Toronto, ON rely on centrifuge systems to support solids separation, process efficiency, and regulatory compliance. Equipment manufactured by Sharples has long been used across wastewater treatment, chemical processing, food production, and industrial separation applications due to its durable mechanical design and proven performance. Many Sharples centrifuges remain in service for [&hellip;]<\/p>\n","protected":false},"author":3,"featured_media":0,"parent":0,"menu_order":0,"comment_status":"closed","ping_status":"closed","template":"seo-page-template.php","meta":{"_acf_changed":false,"inline_featured_image":false,"footnotes":""},"class_list":["post-2283","page","type-page","status-publish","hentry"],"acf":[],"_links":{"self":[{"href":"https:\/\/sentrimax.com\/fr\/wp-json\/wp\/v2\/pages\/2283","targetHints":{"allow":["GET"]}}],"collection":[{"href":"https:\/\/sentrimax.com\/fr\/wp-json\/wp\/v2\/pages"}],"about":[{"href":"https:\/\/sentrimax.com\/fr\/wp-json\/wp\/v2\/types\/page"}],"author":[{"embeddable":true,"href":"https:\/\/sentrimax.com\/fr\/wp-json\/wp\/v2\/users\/3"}],"replies":[{"embeddable":true,"href":"https:\/\/sentrimax.com\/fr\/wp-json\/wp\/v2\/comments?post=2283"}],"version-history":[{"count":1,"href":"https:\/\/sentrimax.com\/fr\/wp-json\/wp\/v2\/pages\/2283\/revisions"}],"predecessor-version":[{"id":2542,"href":"https:\/\/sentrimax.com\/fr\/wp-json\/wp\/v2\/pages\/2283\/revisions\/2542"}],"wp:attachment":[{"href":"https:\/\/sentrimax.com\/fr\/wp-json\/wp\/v2\/media?parent=2283"}],"curies":[{"name":"wp","href":"https:\/\/api.w.org\/{rel}","templated":true}]}}