{"id":2284,"date":"2026-01-07T15:54:55","date_gmt":"2026-01-07T15:54:55","guid":{"rendered":"https:\/\/sentrimax.com\/?page_id=2284"},"modified":"2026-04-21T21:15:09","modified_gmt":"2026-04-21T21:15:09","slug":"sharples-centrifuge-repair-in-los-angeles-ca","status":"publish","type":"page","link":"https:\/\/sentrimax.com\/fr\/sharples-centrifuge-repair-in-los-angeles-ca\/","title":{"rendered":"R\u00e9paration de centrifugeuses Sharples \u00e0 Los Angeles, Californie"},"content":{"rendered":"<p data-start=\"729\" data-end=\"1515\"><img fetchpriority=\"high\" decoding=\"async\" class=\"aligncenter size-full wp-image-168\" src=\"https:\/\/sentrimax.com\/wp-content\/uploads\/2025\/05\/image-6.jpg\" alt=\"\" width=\"1269\" height=\"519\" srcset=\"https:\/\/sentrimax.com\/wp-content\/uploads\/2025\/05\/image-6.jpg 1269w, https:\/\/sentrimax.com\/wp-content\/uploads\/2025\/05\/image-6-600x245.jpg 600w, https:\/\/sentrimax.com\/wp-content\/uploads\/2025\/05\/image-6-300x123.jpg 300w, https:\/\/sentrimax.com\/wp-content\/uploads\/2025\/05\/image-6-1024x419.jpg 1024w, https:\/\/sentrimax.com\/wp-content\/uploads\/2025\/05\/image-6-768x314.jpg 768w\" sizes=\"(max-width: 1269px) 100vw, 1269px\" \/><\/p>\n<p data-start=\"729\" data-end=\"1515\">Les installations industrielles et municipales de Los Angeles, en Californie, utilisent des syst\u00e8mes de centrifugation pour assurer un fonctionnement continu, une s\u00e9paration efficace des solides et la conformit\u00e9 r\u00e9glementaire dans des environnements de traitement complexes. Ces \u00e9quipements sont fabriqu\u00e9s par <span class=\"hover:entity-accent entity-underline inline cursor-pointer align-baseline\"><span class=\"whitespace-normal\">Sharples<\/span><\/span> La centrifugeuse Sharples est largement utilis\u00e9e depuis des d\u00e9cennies dans le traitement des eaux us\u00e9es, l&#039;industrie chimique, la production alimentaire et les applications de s\u00e9paration industrielle gr\u00e2ce \u00e0 sa conception m\u00e9canique robuste et sa longue dur\u00e9e de vie. Avec le temps et les conditions d&#039;utilisation exigeantes, une r\u00e9paration professionnelle devient indispensable pour garantir la fiabilit\u00e9 et les performances de ces syst\u00e8mes. Sentrimax propose des services de r\u00e9paration sp\u00e9cialis\u00e9s pour les centrifugeuses Sharples \u00e0 Los Angeles, en Californie, permettant aux installations de retrouver leur fonctionnalit\u00e9, de prot\u00e9ger leurs \u00e9quipements critiques et d&#039;en prolonger la dur\u00e9e de vie.<\/p>\n<p data-start=\"1517\" data-end=\"1885\">Forte de plusieurs d\u00e9cennies d&#039;exp\u00e9rience dans le support des syst\u00e8mes de centrifugeuses industrielles en Am\u00e9rique du Nord, Sentrimax propose des solutions de r\u00e9paration de pr\u00e9cision adapt\u00e9es aux centrifugeuses Sharples. Chaque intervention est r\u00e9alis\u00e9e selon des processus qualit\u00e9 document\u00e9s et une approche rigoureuse et transparente, ax\u00e9e sur la s\u00e9curit\u00e9, la performance et la stabilit\u00e9 op\u00e9rationnelle \u00e0 long terme.<\/p>\n<hr data-start=\"1887\" data-end=\"1890\" \/>\n<h2 data-start=\"1892\" data-end=\"1953\">Soutien aux op\u00e9rations industrielles et municipales de Los Angeles<\/h2>\n<p data-start=\"1955\" data-end=\"2394\">Los Angeles abrite l&#039;une des infrastructures industrielles et municipales les plus vastes et les plus diversifi\u00e9es des \u00c9tats-Unis. Stations d&#039;\u00e9puration, usines de fabrication, entreprises agroalimentaires et op\u00e9rateurs industriels d\u00e9pendent des performances des centrifugeuses pour atteindre leurs objectifs de production et respecter les normes environnementales. Dans ces environnements, les centrifugeuses Sharples fonctionnent souvent en continu, avec des mat\u00e9riaux abrasifs et des charges de traitement fluctuantes.<\/p>\n<p data-start=\"2396\" data-end=\"2682\">Sentrimax collabore \u00e9troitement avec les exploitants de la r\u00e9gion de Los Angeles pour garantir le fonctionnement fiable des centrifugeuses Sharples. Gr\u00e2ce \u00e0 des inspections d\u00e9taill\u00e9es et des services de r\u00e9paration cibl\u00e9s, les installations b\u00e9n\u00e9ficient d&#039;un meilleur contr\u00f4le de la planification de la maintenance, des performances des \u00e9quipements et des risques op\u00e9rationnels.<\/p>\n<hr data-start=\"2684\" data-end=\"2687\" \/>\n<h2 data-start=\"2689\" data-end=\"2752\">Processus de r\u00e9paration certifi\u00e9 ISO pour les \u00e9quipements de centrifugation anciens<\/h2>\n<p data-start=\"2754\" data-end=\"3045\">Sentrimax op\u00e8re selon un syst\u00e8me de gestion de la qualit\u00e9 certifi\u00e9 ISO 9001:2015, garantissant que chaque r\u00e9paration de centrifugeuse Sharples suit un processus structur\u00e9 et reproductible. Ce syst\u00e8me met l&#039;accent sur la documentation, la coh\u00e9rence et la responsabilisation, de la r\u00e9ception de l&#039;\u00e9quipement jusqu&#039;aux tests finaux et \u00e0 la production des rapports.<\/p>\n<p data-start=\"3047\" data-end=\"3493\">Chaque r\u00e9paration d\u00e9bute par une inspection compl\u00e8te pouvant inclure une analyse d&#039;huile, un contr\u00f4le des vibrations, une v\u00e9rification dimensionnelle et une \u00e9valuation de l&#039;\u00e9tat des composants. Les r\u00e9sultats sont clairement document\u00e9s et communiqu\u00e9s afin que les responsables d&#039;installations puissent \u00e9valuer l&#039;\u00e9tendue des r\u00e9parations, les d\u00e9lais et les implications en mati\u00e8re de maintenance \u00e0 long terme. Des informations compl\u00e9mentaires sur cette m\u00e9thodologie sont disponibles sur le site interne. <strong data-start=\"3434\" data-end=\"3487\"><a class=\"decorated-link\" href=\"https:\/\/sentrimax.com\/fr\/our-process\/?utm_source=chatgpt.com\" target=\"_new\" rel=\"noopener\" data-start=\"3436\" data-end=\"3485\">Notre processus<\/a><\/strong> page.<\/p>\n<hr data-start=\"3495\" data-end=\"3498\" \/>\n<h2 data-start=\"3500\" data-end=\"3552\">Services complets de r\u00e9paration de centrifugeuses Sharples<\/h2>\n<h3 data-start=\"3554\" data-end=\"3590\"><strong data-start=\"3558\" data-end=\"3590\">R\u00e9paration et r\u00e9vision compl\u00e8tes<\/strong><\/h3>\n<p data-start=\"3591\" data-end=\"3990\">Sentrimax propose des services complets de r\u00e9paration et de r\u00e9vision des centrifugeuses Sharples afin de remettre les \u00e9quipements en parfait \u00e9tat de fonctionnement. Ces services comprennent le d\u00e9montage complet, l&#039;inspection des pi\u00e8ces d&#039;usure, l&#039;usinage de pr\u00e9cision, le soudage, le remplacement des roulements, la pose de joints d&#039;\u00e9tanch\u00e9it\u00e9 et un remontage soign\u00e9 respectant des tol\u00e9rances strictes. Ces r\u00e9parations permettent aux installations de prolonger la dur\u00e9e de vie des \u00e9quipements et de diff\u00e9rer des investissements de remplacement co\u00fbteux.<\/p>\n<h3 data-start=\"3992\" data-end=\"4027\"><strong data-start=\"3996\" data-end=\"4027\">\u00c9quilibrage dynamique de pr\u00e9cision<\/strong><\/h3>\n<p data-start=\"4028\" data-end=\"4406\">Le d\u00e9s\u00e9quilibre est une cause majeure de vibrations, d&#039;usure acc\u00e9l\u00e9r\u00e9e et de d\u00e9faillances m\u00e9caniques pr\u00e9matur\u00e9es dans les syst\u00e8mes de centrifugeuses. Sentrimax r\u00e9alise un \u00e9quilibrage dynamique avanc\u00e9 sur trois plans conforme \u00e0 la norme ISO G 0.5, r\u00e9duisant consid\u00e9rablement les vibrations et am\u00e9liorant la stabilit\u00e9 de fonctionnement. Un \u00e9quilibrage optimal prot\u00e8ge les roulements, les r\u00e9ducteurs et les ensembles rotatifs, tout en am\u00e9liorant la fiabilit\u00e9 \u00e0 long terme.<\/p>\n<h3 data-start=\"4408\" data-end=\"4452\"><strong data-start=\"4412\" data-end=\"4452\">R\u00e9paration de bo\u00eetes de vitesses et d&#039;ensembles rotatifs<\/strong><\/h3>\n<p data-start=\"4453\" data-end=\"4732\">Les r\u00e9ducteurs et ensembles rotatifs des centrifugeuses Sharples fonctionnent sous un couple \u00e9lev\u00e9 et dans des conditions de process exigeantes. Sentrimax propose des services complets d&#039;inspection, de remise en \u00e9tat et de r\u00e9paration m\u00e9canique des r\u00e9ducteurs afin de r\u00e9tablir leur efficacit\u00e9 et leur fiabilit\u00e9, et ainsi pr\u00e9venir les pannes impr\u00e9vues.<\/p>\n<p data-start=\"4734\" data-end=\"4855\">Un aper\u00e7u complet des capacit\u00e9s de r\u00e9paration est disponible en interne. <strong data-start=\"4802\" data-end=\"4849\"><a class=\"decorated-link\" href=\"https:\/\/sentrimax.com\/fr\/services\/?utm_source=chatgpt.com\" target=\"_new\" rel=\"noopener\" data-start=\"4804\" data-end=\"4847\">Services<\/a><\/strong> page.<\/p>\n<hr data-start=\"4857\" data-end=\"4860\" \/>\n<h2 data-start=\"4862\" data-end=\"4915\">Solutions de r\u00e9paration sur mesure pour les centrifugeuses Sharples<\/h2>\n<p data-start=\"4917\" data-end=\"5332\">De nombreuses centrifugeuses Sharples restent en service des d\u00e9cennies apr\u00e8s leur installation, assurant souvent des op\u00e9rations critiques. Chaque installation fonctionnant dans des conditions diff\u00e9rentes, les \u00e9quipements anciens n\u00e9cessitent fr\u00e9quemment des solutions de r\u00e9paration personnalis\u00e9es. Sentrimax con\u00e7oit des solutions de r\u00e9paration adapt\u00e9es au mod\u00e8le sp\u00e9cifique de la centrifugeuse Sharples, \u00e0 son environnement d&#039;exploitation et \u00e0 son historique d&#039;entretien, plut\u00f4t que d&#039;appliquer des m\u00e9thodes g\u00e9n\u00e9riques.<\/p>\n<p data-start=\"5334\" data-end=\"5601\">Une documentation claire et une communication transparente permettent aux \u00e9quipes de maintenance de planifier les r\u00e9parations de mani\u00e8re proactive, de g\u00e9rer efficacement les budgets et de r\u00e9duire les interventions d&#039;urgence. Cette approche personnalis\u00e9e am\u00e9liore la pr\u00e9visibilit\u00e9 op\u00e9rationnelle et la fiabilit\u00e9 \u00e0 long terme des \u00e9quipements.<\/p>\n<hr data-start=\"5603\" data-end=\"5606\" \/>\n<h2 data-start=\"5608\" data-end=\"5657\">Minimiser les temps d&#039;arr\u00eat des installations de Los Angeles<\/h2>\n<p data-start=\"5659\" data-end=\"6035\">Les arr\u00eats impr\u00e9vus des centrifugeuses peuvent perturber les processus de traitement des eaux us\u00e9es, les calendriers de production et les obligations de conformit\u00e9. Sentrimax privil\u00e9gie des d\u00e9lais d&#039;intervention rapides et une planification coordonn\u00e9e afin de remettre les centrifugeuses Sharples en service dans les meilleurs d\u00e9lais. Une communication r\u00e9active et un support technique de qualit\u00e9 contribuent \u00e9galement \u00e0 minimiser les temps d&#039;arr\u00eat lors de r\u00e9parations urgentes.<\/p>\n<p data-start=\"6037\" data-end=\"6197\">En combinant une planification proactive de la maintenance avec une ex\u00e9cution experte des r\u00e9parations, Sentrimax assure des op\u00e9rations fiables dans tout Los Angeles et ses environs.<\/p>\n<hr data-start=\"6199\" data-end=\"6202\" \/>\n<h2 data-start=\"6204\" data-end=\"6254\">Conformit\u00e9, s\u00e9curit\u00e9 et meilleures pratiques de l&#039;industrie<\/h2>\n<p data-start=\"6256\" data-end=\"6837\">Les installations exploitant des centrifugeuses Sharples doivent s&#039;assurer que les performances des \u00e9quipements sont conformes aux r\u00e9glementations environnementales et de s\u00e9curit\u00e9. Consultez les recommandations de la <strong data-start=\"6400\" data-end=\"6531\"><a class=\"decorated-link cursor-pointer\" target=\"_new\" rel=\"noopener\" data-start=\"6402\" data-end=\"6529\">Agence am\u00e9ricaine de protection de l&#039;environnement \u2013 Aper\u00e7u du traitement des eaux us\u00e9es<\/a><\/strong> souligne l&#039;importance d&#039;\u00e9quipements de manutention des solides fiables pour le maintien de la conformit\u00e9. Ressources sectorielles de <strong data-start=\"6651\" data-end=\"6717\"><a class=\"decorated-link cursor-pointer\" target=\"_new\" rel=\"noopener\" data-start=\"6653\" data-end=\"6715\">F\u00e9d\u00e9ration pour l&#039;environnement de l&#039;eau<\/a><\/strong> Mettre en avant la maintenance et la r\u00e9paration proactives des centrifugeuses comme des facteurs cl\u00e9s de l&#039;efficacit\u00e9 op\u00e9rationnelle et de la r\u00e9duction des risques.<\/p>\n<p data-start=\"6839\" data-end=\"7046\">Les services de r\u00e9paration de Sentrimax soutiennent ces meilleures pratiques en veillant \u00e0 ce que les syst\u00e8mes de centrifugeuses Sharples fonctionnent conform\u00e9ment aux sp\u00e9cifications de conception, aidant ainsi les installations \u00e0 r\u00e9duire les risques environnementaux et \u00e0 maintenir des op\u00e9rations s\u00fbres.<\/p>\n<hr data-start=\"7048\" data-end=\"7051\" \/>\n<h2 data-start=\"7053\" data-end=\"7087\">Assistance tout au long du cycle de vie au-del\u00e0 de la r\u00e9paration<\/h2>\n<p data-start=\"7089\" data-end=\"7480\">La r\u00e9paration efficace des centrifugeuses Sharples est optimale lorsqu&#039;elle s&#039;inscrit dans une strat\u00e9gie globale de gestion du cycle de vie. Sentrimax propose un accompagnement continu comprenant la surveillance de l&#039;\u00e9tat des \u00e9quipements, la documentation des performances et des recommandations pour la planification de la maintenance \u00e0 long terme. Cette approche ax\u00e9e sur le cycle de vie permet aux installations d&#039;optimiser les intervalles d&#039;entretien, de ma\u00eetriser les co\u00fbts et de maximiser le retour sur investissement.<\/p>\n<p data-start=\"7482\" data-end=\"7630\">Des informations techniques suppl\u00e9mentaires et des conseils de maintenance sont disponibles via le service interne. <strong data-start=\"7572\" data-end=\"7621\"><a class=\"decorated-link cursor-pointer\" target=\"_new\" rel=\"noopener\" data-start=\"7574\" data-end=\"7619\">Ressources<\/a><\/strong> section.<\/p>\n<hr data-start=\"7632\" data-end=\"7635\" \/>\n<h2 data-start=\"7637\" data-end=\"7693\">Sharples, partenaire de r\u00e9paration de centrifugeuses pour Los Angeles, Californie.<\/h2>\n<p data-start=\"7695\" data-end=\"8067\">Les installations de Los Angeles d\u00e9pendent de la fiabilit\u00e9 de leurs centrifugeuses pour garantir la conformit\u00e9, la productivit\u00e9 et la stabilit\u00e9 op\u00e9rationnelle. Un service de r\u00e9paration expert est essentiel pour minimiser les risques et prolonger la dur\u00e9e de vie des centrifugeuses anciennes. Sentrimax assure la r\u00e9paration des centrifugeuses Sharples \u00e0 Los Angeles, en Californie, en privil\u00e9giant la qualit\u00e9, la pr\u00e9cision et la fiabilit\u00e9 \u00e0 long terme.<\/p>\n<p data-start=\"8069\" data-end=\"8229\">Des inspections d\u00e9taill\u00e9es aux r\u00e9parations de pr\u00e9cision en passant par un support continu tout au long du cycle de vie, Sentrimax offre aux op\u00e9rateurs une totale confiance dans leurs syst\u00e8mes de centrifugeuses Sharples.<\/p>\n<hr data-start=\"8231\" data-end=\"8234\" \/>\n<h2 data-start=\"8236\" data-end=\"8257\">Passez \u00e0 l&#039;\u00e9tape suivante<\/h2>\n<p data-start=\"8259\" data-end=\"8460\">Un d\u00e9pannage rapide des centrifugeuses permet d&#039;\u00e9viter les arr\u00eats de production co\u00fbteux et les pannes impr\u00e9vues. Sentrimax est \u00e0 votre disposition pour la r\u00e9paration de centrifugeuses Sharples dans la r\u00e9gion de Los Angeles.<\/p>\n<p data-start=\"8462\" data-end=\"8516\"><strong data-start=\"8462\" data-end=\"8516\"><a class=\"decorated-link\" href=\"https:\/\/sentrimax.com\/fr\/contact\/\" target=\"_new\" rel=\"noopener\" data-start=\"8464\" data-end=\"8514\">Demandez un devis !<\/a><\/strong><\/p>","protected":false},"excerpt":{"rendered":"<p>Industrial and municipal facilities across Los Angeles, CA rely on centrifuge systems to support continuous operations, efficient solids separation, and regulatory compliance in complex processing environments. Equipment manufactured by Sharples has been widely deployed in wastewater treatment, chemical processing, food production, and industrial separation applications for decades due to its durable mechanical design and long [&hellip;]<\/p>\n","protected":false},"author":3,"featured_media":0,"parent":0,"menu_order":0,"comment_status":"closed","ping_status":"closed","template":"seo-page-template.php","meta":{"_acf_changed":false,"inline_featured_image":false,"footnotes":""},"class_list":["post-2284","page","type-page","status-publish","hentry"],"acf":[],"_links":{"self":[{"href":"https:\/\/sentrimax.com\/fr\/wp-json\/wp\/v2\/pages\/2284","targetHints":{"allow":["GET"]}}],"collection":[{"href":"https:\/\/sentrimax.com\/fr\/wp-json\/wp\/v2\/pages"}],"about":[{"href":"https:\/\/sentrimax.com\/fr\/wp-json\/wp\/v2\/types\/page"}],"author":[{"embeddable":true,"href":"https:\/\/sentrimax.com\/fr\/wp-json\/wp\/v2\/users\/3"}],"replies":[{"embeddable":true,"href":"https:\/\/sentrimax.com\/fr\/wp-json\/wp\/v2\/comments?post=2284"}],"version-history":[{"count":1,"href":"https:\/\/sentrimax.com\/fr\/wp-json\/wp\/v2\/pages\/2284\/revisions"}],"predecessor-version":[{"id":2541,"href":"https:\/\/sentrimax.com\/fr\/wp-json\/wp\/v2\/pages\/2284\/revisions\/2541"}],"wp:attachment":[{"href":"https:\/\/sentrimax.com\/fr\/wp-json\/wp\/v2\/media?parent=2284"}],"curies":[{"name":"wp","href":"https:\/\/api.w.org\/{rel}","templated":true}]}}