{"id":2285,"date":"2026-01-07T15:58:57","date_gmt":"2026-01-07T15:58:57","guid":{"rendered":"https:\/\/sentrimax.com\/?page_id=2285"},"modified":"2026-04-21T21:15:08","modified_gmt":"2026-04-21T21:15:08","slug":"sharples-industrial-centrifuge-service-in-cleveland-oh","status":"publish","type":"page","link":"https:\/\/sentrimax.com\/fr\/sharples-industrial-centrifuge-service-in-cleveland-oh\/","title":{"rendered":"Service de centrifugeuses industrielles Sharples \u00e0 Cleveland, Ohio"},"content":{"rendered":"<p data-start=\"774\" data-end=\"1554\"><img fetchpriority=\"high\" decoding=\"async\" class=\"aligncenter size-full wp-image-2204\" src=\"https:\/\/sentrimax.com\/wp-content\/uploads\/2025\/10\/Sentrimax-PM95000-scaled-e1761191933425.jpg\" alt=\"centrifuge 40&quot; sharples rental\" width=\"1000\" height=\"718\" \/><\/p>\n<p data-start=\"774\" data-end=\"1554\">Les installations industrielles de Cleveland, dans l&#039;Ohio, utilisent des syst\u00e8mes de centrifugation pour assurer une production continue, une s\u00e9paration efficace des solides et des performances de traitement fiables. Ces \u00e9quipements sont fabriqu\u00e9s par <span class=\"hover:entity-accent entity-underline inline cursor-pointer align-baseline\"><span class=\"whitespace-normal\">Sharples<\/span><\/span> Utilis\u00e9e depuis longtemps dans la fabrication lourde, la transformation des m\u00e9taux, la production chimique et le traitement des eaux us\u00e9es industrielles gr\u00e2ce \u00e0 sa conception m\u00e9canique robuste et sa longue dur\u00e9e de vie, la centrifugeuse Sharples n\u00e9cessite un service professionnel r\u00e9gulier pour garantir sa fiabilit\u00e9 et \u00e9viter les arr\u00eats impr\u00e9vus, car ces syst\u00e8mes fonctionnent dans des conditions exigeantes et avec des cycles de service prolong\u00e9s. Sentrimax propose un service d&#039;entretien sp\u00e9cialis\u00e9 pour les centrifugeuses industrielles Sharples \u00e0 Cleveland, dans l&#039;Ohio, aidant ainsi les installations \u00e0 maintenir leurs performances, \u00e0 prolonger la dur\u00e9e de vie de leurs \u00e9quipements et \u00e0 ma\u00eetriser leurs co\u00fbts d&#039;exploitation.<\/p>\n<p data-start=\"1556\" data-end=\"1914\">Forte de plusieurs d\u00e9cennies d&#039;exp\u00e9rience dans le support des syst\u00e8mes de centrifugeuses industrielles en Am\u00e9rique du Nord, Sentrimax propose des solutions de service structur\u00e9es, parfaitement adapt\u00e9es aux centrifugeuses Sharples. Chaque intervention respecte des processus qualit\u00e9 document\u00e9s et une approche rigoureuse et transparente, ax\u00e9e sur la disponibilit\u00e9, la s\u00e9curit\u00e9 et la stabilit\u00e9 op\u00e9rationnelle \u00e0 long terme.<\/p>\n<hr data-start=\"1916\" data-end=\"1919\" \/>\n<h2 data-start=\"1921\" data-end=\"1976\">Soutien \u00e0 la base manufacturi\u00e8re industrielle de Cleveland<\/h2>\n<p data-start=\"1978\" data-end=\"2496\">Cleveland b\u00e9n\u00e9ficie d&#039;un riche patrimoine industriel, soutenu par des activit\u00e9s de fabrication de pointe, de transformation des m\u00e9taux, de production chimique et d&#039;infrastructures performantes. Les installations de la r\u00e9gion d\u00e9pendent de la fiabilit\u00e9 des centrifugeuses pour la manutention des solides, la protection des \u00e9quipements en aval et le maintien d&#039;une production constante. Dans ces environnements, les centrifugeuses industrielles Sharples fonctionnent souvent sous des couples \u00e9lev\u00e9s, avec des mat\u00e9riaux abrasifs et en continu, ce qui souligne l&#039;importance d&#039;un service proactif.<\/p>\n<p data-start=\"2498\" data-end=\"2792\">Sentrimax collabore \u00e9troitement avec les op\u00e9rateurs industriels de la r\u00e9gion de Cleveland pour garantir le fonctionnement fiable des centrifugeuses Sharples. Gr\u00e2ce \u00e0 un service planifi\u00e9, des inspections d\u00e9taill\u00e9es et une v\u00e9rification des performances, les installations b\u00e9n\u00e9ficient d&#039;un meilleur contr\u00f4le sur l&#039;\u00e9tat de leurs \u00e9quipements et la planification de leur maintenance.<\/p>\n<hr data-start=\"2794\" data-end=\"2797\" \/>\n<h2 data-start=\"2799\" data-end=\"2852\">Processus de service certifi\u00e9 ISO pour les \u00e9quipements anciens<\/h2>\n<p data-start=\"2854\" data-end=\"3147\">Sentrimax op\u00e8re selon un syst\u00e8me de gestion de la qualit\u00e9 certifi\u00e9 ISO 9001:2015, garantissant que chaque intervention sur les centrifugeuses industrielles Sharples suit un processus structur\u00e9 et reproductible. Ce syst\u00e8me met l&#039;accent sur la documentation, la coh\u00e9rence et la responsabilisation, de l&#039;inspection initiale au rapport final.<\/p>\n<p data-start=\"3149\" data-end=\"3627\">Chaque intervention de service d\u00e9bute par une \u00e9valuation compl\u00e8te pouvant inclure une analyse d&#039;huile, un contr\u00f4le vibratoire, une v\u00e9rification dimensionnelle et une \u00e9valuation de l&#039;\u00e9tat des composants. Les r\u00e9sultats sont clairement document\u00e9s et communiqu\u00e9s afin que les \u00e9quipes de maintenance puissent prendre des d\u00e9cisions \u00e9clair\u00e9es concernant le p\u00e9rim\u00e8tre de l&#039;intervention, sa planification et les strat\u00e9gies de maintenance \u00e0 long terme. Des informations compl\u00e9mentaires sur cette m\u00e9thodologie sont disponibles sur notre site web interne. <strong data-start=\"3568\" data-end=\"3621\"><a class=\"decorated-link\" href=\"https:\/\/sentrimax.com\/fr\/our-process\/?utm_source=chatgpt.com\" target=\"_new\" rel=\"noopener\" data-start=\"3570\" data-end=\"3619\">Notre processus<\/a><\/strong> page.<\/p>\n<hr data-start=\"3629\" data-end=\"3632\" \/>\n<h2 data-start=\"3634\" data-end=\"3702\">Capacit\u00e9s compl\u00e8tes de service pour les centrifugeuses industrielles Sharples<\/h2>\n<h3 data-start=\"3704\" data-end=\"3745\"><strong data-start=\"3708\" data-end=\"3745\">Inspection et service pr\u00e9ventif<\/strong><\/h3>\n<p data-start=\"3746\" data-end=\"4058\">L&#039;inspection r\u00e9guli\u00e8re et la maintenance pr\u00e9ventive permettent de d\u00e9tecter les probl\u00e8mes naissants avant qu&#039;ils n&#039;entra\u00eenent une panne. Sentrimax propose des programmes de maintenance planifi\u00e9e comprenant des inspections, des contr\u00f4les de lubrification, des \u00e9valuations de l&#039;usure et des v\u00e9rifications de performance afin de garantir un fonctionnement fiable et de r\u00e9duire les temps d&#039;arr\u00eat impr\u00e9vus.<\/p>\n<h3 data-start=\"4060\" data-end=\"4101\"><strong data-start=\"4064\" data-end=\"4101\">Services de r\u00e9paration et de remise \u00e0 neuf<\/strong><\/h3>\n<p data-start=\"4102\" data-end=\"4432\">Lorsque les composants des centrifugeuses industrielles Sharples pr\u00e9sentent des signes d&#039;usure ou de d\u00e9gradation, Sentrimax propose des services de r\u00e9paration et de remise \u00e0 neuf de pr\u00e9cision. Ces services comprennent le d\u00e9montage, l&#039;inspection, l&#039;usinage, le soudage, le remplacement des composants et le remontage avec une grande pr\u00e9cision, permettant ainsi de r\u00e9tablir le fonctionnement optimal des \u00e9quipements.<\/p>\n<h3 data-start=\"4434\" data-end=\"4488\"><strong data-start=\"4438\" data-end=\"4488\">\u00c9quilibrage dynamique et v\u00e9rification des performances<\/strong><\/h3>\n<p data-start=\"4489\" data-end=\"4770\">Le d\u00e9s\u00e9quilibre est une cause majeure de vibrations, d&#039;usure acc\u00e9l\u00e9r\u00e9e et de r\u00e9duction du rendement des centrifugeuses. Dans le cadre de ses services d&#039;entretien de centrifugeuses industrielles, Sentrimax r\u00e9alise un \u00e9quilibrage dynamique avanc\u00e9 et une v\u00e9rification des performances afin de garantir un fonctionnement optimal et de prot\u00e9ger les composants rotatifs critiques.<\/p>\n<p data-start=\"4772\" data-end=\"4910\">Un aper\u00e7u complet des services et capacit\u00e9s d&#039;assistance est disponible sur le site interne. <strong data-start=\"4857\" data-end=\"4904\"><a class=\"decorated-link\" href=\"https:\/\/sentrimax.com\/fr\/services\/?utm_source=chatgpt.com\" target=\"_new\" rel=\"noopener\" data-start=\"4859\" data-end=\"4902\">Services<\/a><\/strong> page.<\/p>\n<hr data-start=\"4912\" data-end=\"4915\" \/>\n<h2 data-start=\"4917\" data-end=\"4980\">Solutions de service sur mesure pour les \u00e9quipements industriels Sharples<\/h2>\n<p data-start=\"4982\" data-end=\"5425\">De nombreuses centrifugeuses industrielles Sharples restent en service des d\u00e9cennies apr\u00e8s leur installation, assurant souvent des processus critiques. Chaque installation fonctionnant dans des conditions diff\u00e9rentes, les \u00e9quipements anciens n\u00e9cessitent fr\u00e9quemment des strat\u00e9gies de maintenance personnalis\u00e9es. Sentrimax con\u00e7oit des solutions de maintenance sur mesure, adapt\u00e9es au mod\u00e8le sp\u00e9cifique de la centrifugeuse Sharples, \u00e0 son environnement d&#039;exploitation et \u00e0 son historique d&#039;entretien, plut\u00f4t que d&#039;appliquer des programmes de maintenance g\u00e9n\u00e9riques.<\/p>\n<p data-start=\"5427\" data-end=\"5714\">Une documentation claire et une communication transparente permettent aux \u00e9quipes de maintenance de planifier leurs interventions de mani\u00e8re proactive, de g\u00e9rer efficacement leurs budgets et de r\u00e9duire les interventions d&#039;urgence. Cette approche personnalis\u00e9e contribue \u00e0 une meilleure pr\u00e9visibilit\u00e9 op\u00e9rationnelle et \u00e0 une fiabilit\u00e9 accrue des \u00e9quipements sur le long terme.<\/p>\n<hr data-start=\"5716\" data-end=\"5719\" \/>\n<h2 data-start=\"5721\" data-end=\"5768\">Minimiser les temps d&#039;arr\u00eat des installations de Cleveland<\/h2>\n<p data-start=\"5770\" data-end=\"6160\">Les arr\u00eats impr\u00e9vus des centrifugeuses industrielles peuvent perturber les calendriers de production, impacter la qualit\u00e9 des produits et augmenter les co\u00fbts d&#039;exploitation. Sentrimax privil\u00e9gie une planification proactive des interventions, une ex\u00e9cution efficace et une planification coordonn\u00e9e afin de garantir le fonctionnement fiable des centrifugeuses industrielles Sharples. Une communication r\u00e9active et un support technique de qualit\u00e9 contribuent \u00e9galement \u00e0 minimiser les temps d&#039;arr\u00eat en cas de besoin de maintenance.<\/p>\n<p data-start=\"6162\" data-end=\"6325\">En combinant des strat\u00e9gies de maintenance pr\u00e9ventive et une ex\u00e9cution experte, Sentrimax assure la continuit\u00e9 des op\u00e9rations industrielles \u00e0 Cleveland et dans les r\u00e9gions environnantes.<\/p>\n<hr data-start=\"6327\" data-end=\"6330\" \/>\n<h2 data-start=\"6332\" data-end=\"6382\">Conformit\u00e9, s\u00e9curit\u00e9 et meilleures pratiques de l&#039;industrie<\/h2>\n<p data-start=\"6384\" data-end=\"6974\">Les installations exploitant des centrifugeuses industrielles Sharples doivent s&#039;assurer que les performances des \u00e9quipements sont conformes aux r\u00e9glementations environnementales et de s\u00e9curit\u00e9. Consultez les recommandations de la <strong data-start=\"6539\" data-end=\"6665\"><a class=\"decorated-link\" href=\"https:\/\/www.epa.gov\/npdes\/industrial-wastewater\" target=\"_new\" rel=\"noopener\" data-start=\"6541\" data-end=\"6663\">Agence am\u00e9ricaine de protection de l&#039;environnement \u2013 Gestion des eaux us\u00e9es industrielles<\/a><\/strong> souligne l&#039;importance d&#039;\u00e9quipements de s\u00e9paration des solides fiables pour le maintien de la conformit\u00e9. Ressources industrielles de <strong data-start=\"6787\" data-end=\"6853\"><a class=\"decorated-link cursor-pointer\" target=\"_new\" rel=\"noopener\" data-start=\"6789\" data-end=\"6851\">F\u00e9d\u00e9ration pour l&#039;environnement de l&#039;eau<\/a><\/strong> Mettre en avant l&#039;importance d&#039;un service et d&#039;une maintenance proactifs des centrifugeuses comme facteurs cl\u00e9s d&#039;efficacit\u00e9 op\u00e9rationnelle et de r\u00e9duction des risques.<\/p>\n<p data-start=\"6976\" data-end=\"7186\">Les solutions de service Sentrimax soutiennent ces meilleures pratiques en aidant les installations \u00e0 maintenir les performances des centrifugeuses Sharples conform\u00e9ment aux sp\u00e9cifications de conception, en r\u00e9duisant les risques environnementaux et en assurant des op\u00e9rations s\u00fbres.<\/p>\n<hr data-start=\"7188\" data-end=\"7191\" \/>\n<h2 data-start=\"7193\" data-end=\"7236\">Assistance tout au long du cycle de vie au-del\u00e0 du service de routine<\/h2>\n<p data-start=\"7238\" data-end=\"7647\">L&#039;efficacit\u00e9 du service d&#039;entretien des centrifugeuses industrielles Sharples est optimale lorsqu&#039;il est int\u00e9gr\u00e9 \u00e0 une strat\u00e9gie globale de gestion du cycle de vie. Sentrimax propose un accompagnement continu comprenant la surveillance de l&#039;\u00e9tat des \u00e9quipements, la documentation des interventions et des recommandations pour la planification de la maintenance \u00e0 long terme. Cette approche ax\u00e9e sur le cycle de vie permet aux sites de Cleveland d&#039;optimiser les intervalles d&#039;entretien, de ma\u00eetriser les co\u00fbts et de maximiser le retour sur investissement de leurs \u00e9quipements.<\/p>\n<p data-start=\"7649\" data-end=\"7797\">Des informations techniques suppl\u00e9mentaires et des conseils de maintenance sont disponibles via le service interne. <strong data-start=\"7739\" data-end=\"7788\"><a class=\"decorated-link cursor-pointer\" target=\"_new\" rel=\"noopener\" data-start=\"7741\" data-end=\"7786\">Ressources<\/a><\/strong> section.<\/p>\n<hr data-start=\"7799\" data-end=\"7802\" \/>\n<h2 data-start=\"7804\" data-end=\"7870\">Sharples, partenaire de service pour les centrifugeuses industrielles \u00e0 Cleveland, Ohio<\/h2>\n<p data-start=\"7872\" data-end=\"8256\">Les installations industrielles de Cleveland d\u00e9pendent de la fiabilit\u00e9 de leurs centrifugeuses pour garantir productivit\u00e9, qualit\u00e9 et stabilit\u00e9 op\u00e9rationnelle. Un service d&#039;assistance professionnel est essentiel pour minimiser les risques et prolonger la dur\u00e9e de vie des centrifugeuses existantes. Sentrimax assure le service apr\u00e8s-vente des centrifugeuses industrielles Sharples \u00e0 Cleveland (Ohio), en privil\u00e9giant la qualit\u00e9, la pr\u00e9cision et la fiabilit\u00e9 \u00e0 long terme.<\/p>\n<p data-start=\"8258\" data-end=\"8441\">Des inspections de routine aux programmes de service complets et au soutien continu tout au long du cycle de vie, Sentrimax offre aux op\u00e9rateurs une totale confiance dans leurs syst\u00e8mes de centrifugeuses industrielles Sharples.<\/p>\n<hr data-start=\"8443\" data-end=\"8446\" \/>\n<h2 data-start=\"8448\" data-end=\"8469\">Passez \u00e0 l&#039;\u00e9tape suivante<\/h2>\n<p data-start=\"8471\" data-end=\"8688\">Un service proactif de maintenance des centrifugeuses industrielles permet d&#039;\u00e9viter les arr\u00eats de production co\u00fbteux et les pannes impr\u00e9vues. Sentrimax est pr\u00eat \u00e0 accompagner les sites de Cleveland gr\u00e2ce \u00e0 ses solutions de maintenance expertes pour les centrifugeuses industrielles Sharples.<\/p>\n<p data-start=\"8690\" data-end=\"8744\"><strong data-start=\"8690\" data-end=\"8744\"><a class=\"decorated-link\" href=\"https:\/\/sentrimax.com\/fr\/contact\/\" target=\"_new\" rel=\"noopener\" data-start=\"8692\" data-end=\"8742\">Demandez un devis !<\/a><\/strong><\/p>","protected":false},"excerpt":{"rendered":"<p>Industrial facilities across Cleveland, OH rely on centrifuge systems to support continuous production, efficient solids separation, and dependable processing performance. Equipment manufactured by Sharples has long been utilized in heavy manufacturing, metals processing, chemical production, and industrial wastewater applications due to its rugged mechanical design and long service life. As these systems operate under demanding [&hellip;]<\/p>\n","protected":false},"author":3,"featured_media":0,"parent":0,"menu_order":0,"comment_status":"closed","ping_status":"closed","template":"seo-page-template.php","meta":{"_acf_changed":false,"inline_featured_image":false,"footnotes":""},"class_list":["post-2285","page","type-page","status-publish","hentry"],"acf":[],"_links":{"self":[{"href":"https:\/\/sentrimax.com\/fr\/wp-json\/wp\/v2\/pages\/2285","targetHints":{"allow":["GET"]}}],"collection":[{"href":"https:\/\/sentrimax.com\/fr\/wp-json\/wp\/v2\/pages"}],"about":[{"href":"https:\/\/sentrimax.com\/fr\/wp-json\/wp\/v2\/types\/page"}],"author":[{"embeddable":true,"href":"https:\/\/sentrimax.com\/fr\/wp-json\/wp\/v2\/users\/3"}],"replies":[{"embeddable":true,"href":"https:\/\/sentrimax.com\/fr\/wp-json\/wp\/v2\/comments?post=2285"}],"version-history":[{"count":1,"href":"https:\/\/sentrimax.com\/fr\/wp-json\/wp\/v2\/pages\/2285\/revisions"}],"predecessor-version":[{"id":2540,"href":"https:\/\/sentrimax.com\/fr\/wp-json\/wp\/v2\/pages\/2285\/revisions\/2540"}],"wp:attachment":[{"href":"https:\/\/sentrimax.com\/fr\/wp-json\/wp\/v2\/media?parent=2285"}],"curies":[{"name":"wp","href":"https:\/\/api.w.org\/{rel}","templated":true}]}}