{"id":2286,"date":"2026-01-07T16:04:57","date_gmt":"2026-01-07T16:04:57","guid":{"rendered":"https:\/\/sentrimax.com\/?page_id=2286"},"modified":"2026-04-21T21:15:08","modified_gmt":"2026-04-21T21:15:08","slug":"sharples-centrifuge-maintenance-in-dallas-tx","status":"publish","type":"page","link":"https:\/\/sentrimax.com\/fr\/sharples-centrifuge-maintenance-in-dallas-tx\/","title":{"rendered":"Maintenance de centrifugeuses Sharples \u00e0 Dallas, Texas"},"content":{"rendered":"<p data-start=\"735\" data-end=\"1489\"><img fetchpriority=\"high\" decoding=\"async\" class=\"aligncenter size-full wp-image-2032\" src=\"https:\/\/sentrimax.com\/wp-content\/uploads\/2025\/07\/imgi_28_blog-image-1024x463-1.jpg\" alt=\"\" width=\"1024\" height=\"463\" srcset=\"https:\/\/sentrimax.com\/wp-content\/uploads\/2025\/07\/imgi_28_blog-image-1024x463-1.jpg 1024w, https:\/\/sentrimax.com\/wp-content\/uploads\/2025\/07\/imgi_28_blog-image-1024x463-1-300x136.jpg 300w, https:\/\/sentrimax.com\/wp-content\/uploads\/2025\/07\/imgi_28_blog-image-1024x463-1-768x347.jpg 768w, https:\/\/sentrimax.com\/wp-content\/uploads\/2025\/07\/imgi_28_blog-image-1024x463-1-18x8.jpg 18w, https:\/\/sentrimax.com\/wp-content\/uploads\/2025\/07\/imgi_28_blog-image-1024x463-1-600x271.jpg 600w\" sizes=\"(max-width: 1024px) 100vw, 1024px\" \/><\/p>\n<p data-start=\"735\" data-end=\"1489\">Les installations industrielles et municipales de Dallas, au Texas, utilisent des syst\u00e8mes de centrifugation pour assurer un traitement en continu, une s\u00e9paration efficace des solides et la conformit\u00e9 r\u00e9glementaire. Ces \u00e9quipements sont fabriqu\u00e9s par <span class=\"hover:entity-accent entity-underline inline cursor-pointer align-baseline\"><span class=\"whitespace-normal\">Sharples<\/span><\/span> Utilis\u00e9e depuis des d\u00e9cennies dans le traitement des eaux us\u00e9es, l&#039;industrie chimique, la production alimentaire et les applications de s\u00e9paration industrielle, la centrifugeuse Sharples doit sa robustesse et sa longue dur\u00e9e de vie \u00e0 sa conception m\u00e9canique \u00e9prouv\u00e9e. Bien que con\u00e7ue pour durer, une maintenance r\u00e9guli\u00e8re est essentielle pour pr\u00e9server ses performances, pr\u00e9venir les pannes et prolonger sa dur\u00e9e de vie. Sentrimax propose des services professionnels de maintenance de centrifugeuses Sharples \u00e0 Dallas, au Texas, permettant ainsi aux installations de prot\u00e9ger leurs \u00e9quipements critiques et de garantir la stabilit\u00e9 de leurs op\u00e9rations.<\/p>\n<p data-start=\"1491\" data-end=\"1852\">Forte de plusieurs d\u00e9cennies d&#039;exp\u00e9rience dans le support des syst\u00e8mes de centrifugeuses industrielles en Am\u00e9rique du Nord, Sentrimax propose des solutions de maintenance structur\u00e9es, parfaitement adapt\u00e9es aux centrifugeuses Sharples. Chaque intervention de maintenance est r\u00e9alis\u00e9e selon des processus qualit\u00e9 document\u00e9s et une approche rigoureuse et transparente, ax\u00e9e sur la fiabilit\u00e9, la s\u00e9curit\u00e9 et la performance \u00e0 long terme.<\/p>\n<hr data-start=\"1854\" data-end=\"1857\" \/>\n<h2 data-start=\"1859\" data-end=\"1916\">Soutien aux op\u00e9rations industrielles et de traitement des eaux us\u00e9es de Dallas<\/h2>\n<p data-start=\"1918\" data-end=\"2371\">Dallas abrite un tissu industriel diversifi\u00e9 comprenant le traitement des eaux us\u00e9es municipales, la fabrication, l&#039;agroalimentaire et la chimie. Les installations de la r\u00e9gion utilisent fr\u00e9quemment des centrifugeuses en fonctionnement continu, avec des mat\u00e9riaux abrasifs et des conditions d&#039;alimentation variables. Dans ces environnements, les centrifugeuses Sharples jouent un r\u00f4le crucial dans la manutention des solides et l&#039;efficacit\u00e9 des proc\u00e9d\u00e9s, rendant la maintenance pr\u00e9ventive indispensable pour \u00e9viter les arr\u00eats impr\u00e9vus.<\/p>\n<p data-start=\"2373\" data-end=\"2688\">Sentrimax collabore \u00e9troitement avec les exploitants de la r\u00e9gion de Dallas pour garantir le fonctionnement fiable des centrifugeuses Sharples, m\u00eame dans des conditions exigeantes. Gr\u00e2ce \u00e0 une maintenance planifi\u00e9e, des inspections d\u00e9taill\u00e9es et une v\u00e9rification des performances, les installations b\u00e9n\u00e9ficient d&#039;un meilleur contr\u00f4le sur l&#039;\u00e9tat des \u00e9quipements, la planification de leur cycle de vie et les co\u00fbts d&#039;exploitation.<\/p>\n<hr data-start=\"2690\" data-end=\"2693\" \/>\n<h2 data-start=\"2695\" data-end=\"2752\">Processus de maintenance certifi\u00e9 ISO pour les \u00e9quipements anciens<\/h2>\n<p data-start=\"2754\" data-end=\"3048\">Sentrimax op\u00e8re selon un syst\u00e8me de gestion de la qualit\u00e9 certifi\u00e9 ISO 9001:2015, garantissant que chaque intervention de maintenance sur les centrifugeuses Sharples suit un processus structur\u00e9 et reproductible. Ce syst\u00e8me met l&#039;accent sur la documentation, la coh\u00e9rence et la responsabilisation, de l&#039;inspection initiale au rapport final.<\/p>\n<p data-start=\"3050\" data-end=\"3550\">Chaque intervention de maintenance d\u00e9bute par une \u00e9valuation compl\u00e8te pouvant inclure une analyse d&#039;huile, un contr\u00f4le des vibrations, une v\u00e9rification dimensionnelle et une \u00e9valuation de l&#039;\u00e9tat des composants. Les r\u00e9sultats sont clairement document\u00e9s et communiqu\u00e9s afin que les \u00e9quipes de maintenance puissent prendre des d\u00e9cisions \u00e9clair\u00e9es concernant les intervalles d&#039;entretien, le remplacement des composants et les strat\u00e9gies de maintenance \u00e0 long terme. Des informations compl\u00e9mentaires sur cette m\u00e9thodologie sont disponibles sur le site interne. <strong data-start=\"3491\" data-end=\"3544\"><a class=\"decorated-link\" href=\"https:\/\/sentrimax.com\/fr\/our-process\/?utm_source=chatgpt.com\" target=\"_new\" rel=\"noopener\" data-start=\"3493\" data-end=\"3542\">Notre processus<\/a><\/strong> page.<\/p>\n<hr data-start=\"3552\" data-end=\"3555\" \/>\n<h2 data-start=\"3557\" data-end=\"3614\">Services complets d&#039;entretien des centrifugeuses Sharples<\/h2>\n<h3 data-start=\"3616\" data-end=\"3655\"><strong data-start=\"3620\" data-end=\"3655\">Programmes de maintenance pr\u00e9ventive<\/strong><\/h3>\n<p data-start=\"3656\" data-end=\"4009\">La maintenance pr\u00e9ventive est essentielle pour identifier les probl\u00e8mes naissants avant qu&#039;ils n&#039;entra\u00eenent une panne. Sentrimax propose des programmes de maintenance planifi\u00e9e comprenant des inspections, des contr\u00f4les de lubrification, des \u00e9valuations de l&#039;usure et des tests op\u00e9rationnels. Ces programmes contribuent \u00e0 prolonger la dur\u00e9e de vie des \u00e9quipements, \u00e0 r\u00e9duire les temps d&#039;arr\u00eat impr\u00e9vus et \u00e0 am\u00e9liorer leur fiabilit\u00e9 \u00e0 long terme.<\/p>\n<h3 data-start=\"4011\" data-end=\"4046\"><strong data-start=\"4015\" data-end=\"4046\">Maintenance conditionnelle<\/strong><\/h3>\n<p data-start=\"4047\" data-end=\"4368\">La maintenance conditionnelle se concentre sur les performances r\u00e9elles des \u00e9quipements plut\u00f4t que sur des intervalles d&#039;entretien fixes. Sentrimax analyse les donn\u00e9es de vibration, les conditions de fonctionnement et l&#039;usure des composants afin de recommander des interventions de maintenance adapt\u00e9es aux besoins r\u00e9els des \u00e9quipements. Cette approche am\u00e9liore l&#039;efficacit\u00e9 tout en minimisant les interventions inutiles.<\/p>\n<h3 data-start=\"4370\" data-end=\"4424\"><strong data-start=\"4374\" data-end=\"4424\">\u00c9quilibrage dynamique et v\u00e9rification des performances<\/strong><\/h3>\n<p data-start=\"4425\" data-end=\"4707\">Le d\u00e9s\u00e9quilibre est une cause fr\u00e9quente de vibrations, d&#039;usure acc\u00e9l\u00e9r\u00e9e et de r\u00e9duction du rendement des centrifugeuses. Dans le cadre de la maintenance des centrifugeuses Sharples, Sentrimax effectue un \u00e9quilibrage dynamique avanc\u00e9 et une v\u00e9rification des performances afin de garantir un fonctionnement optimal et de prot\u00e9ger les composants rotatifs critiques.<\/p>\n<p data-start=\"4709\" data-end=\"4851\">Un aper\u00e7u complet des capacit\u00e9s de maintenance et de service est disponible sur le site interne. <strong data-start=\"4798\" data-end=\"4845\"><a class=\"decorated-link\" href=\"https:\/\/sentrimax.com\/fr\/services\/?utm_source=chatgpt.com\" target=\"_new\" rel=\"noopener\" data-start=\"4800\" data-end=\"4843\">Services<\/a><\/strong> page.<\/p>\n<hr data-start=\"4853\" data-end=\"4856\" \/>\n<h2 data-start=\"4858\" data-end=\"4916\">Solutions de maintenance sur mesure pour les centrifugeuses Sharples<\/h2>\n<p data-start=\"4918\" data-end=\"5346\">De nombreuses centrifugeuses Sharples restent en service des d\u00e9cennies apr\u00e8s leur installation, assurant souvent des processus critiques. Chaque installation fonctionnant dans des conditions diff\u00e9rentes, les \u00e9quipements anciens n\u00e9cessitent fr\u00e9quemment des strat\u00e9gies de maintenance personnalis\u00e9es. Sentrimax con\u00e7oit des solutions de maintenance sur mesure, adapt\u00e9es au mod\u00e8le sp\u00e9cifique de la centrifugeuse Sharples, \u00e0 son environnement d&#039;exploitation et \u00e0 son historique d&#039;entretien, plut\u00f4t que d&#039;appliquer des programmes de maintenance g\u00e9n\u00e9riques.<\/p>\n<p data-start=\"5348\" data-end=\"5634\">Une documentation claire et une communication transparente permettent aux responsables d&#039;installations de planifier les activit\u00e9s de maintenance de mani\u00e8re proactive, de g\u00e9rer efficacement les budgets et de r\u00e9duire les interventions d&#039;urgence. Cette approche personnalis\u00e9e favorise une meilleure pr\u00e9visibilit\u00e9 op\u00e9rationnelle et une fiabilit\u00e9 accrue des \u00e9quipements sur le long terme.<\/p>\n<hr data-start=\"5636\" data-end=\"5639\" \/>\n<h2 data-start=\"5641\" data-end=\"5685\">Minimiser les temps d&#039;arr\u00eat des installations de Dallas<\/h2>\n<p data-start=\"5687\" data-end=\"6069\">Les arr\u00eats impr\u00e9vus des centrifugeuses peuvent perturber les proc\u00e9d\u00e9s de traitement des eaux us\u00e9es, les calendriers de production et les obligations de conformit\u00e9. Sentrimax privil\u00e9gie une planification proactive de la maintenance, une ex\u00e9cution efficace et une programmation coordonn\u00e9e afin de garantir le fonctionnement fiable des centrifugeuses Sharples. Une communication r\u00e9active et un support technique de qualit\u00e9 contribuent \u00e9galement \u00e0 minimiser les temps d&#039;arr\u00eat lors des op\u00e9rations de maintenance.<\/p>\n<p data-start=\"6071\" data-end=\"6228\">En combinant des strat\u00e9gies de maintenance pr\u00e9ventive \u00e0 une ex\u00e9cution experte, Sentrimax assure des op\u00e9rations constantes dans tout Dallas et les communaut\u00e9s environnantes.<\/p>\n<hr data-start=\"6230\" data-end=\"6233\" \/>\n<h2 data-start=\"6235\" data-end=\"6285\">Conformit\u00e9, s\u00e9curit\u00e9 et meilleures pratiques de l&#039;industrie<\/h2>\n<p data-start=\"6287\" data-end=\"6867\">Les installations exploitant des centrifugeuses Sharples doivent s&#039;assurer que les performances des \u00e9quipements sont conformes aux r\u00e9glementations environnementales et de s\u00e9curit\u00e9. Consultez les recommandations de la <strong data-start=\"6431\" data-end=\"6562\"><a class=\"decorated-link cursor-pointer\" target=\"_new\" rel=\"noopener\" data-start=\"6433\" data-end=\"6560\">Agence am\u00e9ricaine de protection de l&#039;environnement \u2013 Aper\u00e7u du traitement des eaux us\u00e9es<\/a><\/strong> souligne l&#039;importance d&#039;\u00e9quipements de manutention des solides fiables pour le maintien de la conformit\u00e9. Ressources sectorielles de <strong data-start=\"6682\" data-end=\"6748\"><a class=\"decorated-link cursor-pointer\" target=\"_new\" rel=\"noopener\" data-start=\"6684\" data-end=\"6746\">F\u00e9d\u00e9ration pour l&#039;environnement de l&#039;eau<\/a><\/strong> Mettre en avant la maintenance proactive et la fiabilit\u00e9 des \u00e9quipements comme facteurs cl\u00e9s de l&#039;efficacit\u00e9 op\u00e9rationnelle et de la r\u00e9duction des risques.<\/p>\n<p data-start=\"6869\" data-end=\"7082\">Les services de maintenance de Sentrimax soutiennent ces meilleures pratiques en aidant les installations \u00e0 maintenir les performances des centrifugeuses Sharples conform\u00e9ment aux sp\u00e9cifications de conception, en r\u00e9duisant les risques environnementaux et en assurant des op\u00e9rations s\u00fbres.<\/p>\n<hr data-start=\"7084\" data-end=\"7087\" \/>\n<h2 data-start=\"7089\" data-end=\"7136\">Assistance tout au long du cycle de vie au-del\u00e0 de la maintenance de routine<\/h2>\n<p data-start=\"7138\" data-end=\"7537\">La maintenance efficace des centrifugeuses Sharples est optimale lorsqu&#039;elle est int\u00e9gr\u00e9e \u00e0 une strat\u00e9gie globale de gestion du cycle de vie. Sentrimax propose un accompagnement continu comprenant la surveillance de l&#039;\u00e9tat des \u00e9quipements, la documentation de maintenance et des recommandations pour la planification des interventions \u00e0 long terme. Cette approche ax\u00e9e sur le cycle de vie permet aux sites de Dallas d&#039;optimiser les intervalles d&#039;entretien, de ma\u00eetriser les co\u00fbts et de maximiser le retour sur investissement.<\/p>\n<p data-start=\"7539\" data-end=\"7687\">Des informations techniques suppl\u00e9mentaires et des conseils de maintenance sont disponibles via le service interne. <strong data-start=\"7629\" data-end=\"7678\"><a class=\"decorated-link cursor-pointer\" target=\"_new\" rel=\"noopener\" data-start=\"7631\" data-end=\"7676\">Ressources<\/a><\/strong> section.<\/p>\n<hr data-start=\"7689\" data-end=\"7692\" \/>\n<h2 data-start=\"7694\" data-end=\"7750\">Sharples, partenaire de maintenance des centrifugeuses \u00e0 Dallas, Texas.<\/h2>\n<p data-start=\"7752\" data-end=\"8119\">Les installations de Dallas d\u00e9pendent de la fiabilit\u00e9 de leurs centrifugeuses pour garantir la conformit\u00e9, la productivit\u00e9 et la stabilit\u00e9 op\u00e9rationnelle. Une maintenance proactive est essentielle pour minimiser les risques et prolonger la dur\u00e9e de vie des centrifugeuses anciennes. Sentrimax assure la maintenance des centrifugeuses Sharples \u00e0 Dallas (Texas) en privil\u00e9giant la qualit\u00e9, la pr\u00e9cision et la fiabilit\u00e9 \u00e0 long terme.<\/p>\n<p data-start=\"8121\" data-end=\"8297\">Des inspections de routine aux programmes de maintenance complets et au soutien continu tout au long du cycle de vie, Sentrimax offre aux op\u00e9rateurs une totale confiance dans leurs syst\u00e8mes de centrifugeuses Sharples.<\/p>\n<hr data-start=\"8299\" data-end=\"8302\" \/>\n<h2 data-start=\"8304\" data-end=\"8325\">Passez \u00e0 l&#039;\u00e9tape suivante<\/h2>\n<p data-start=\"8327\" data-end=\"8526\">La maintenance pr\u00e9ventive des centrifugeuses permet d&#039;\u00e9viter les arr\u00eats de production co\u00fbteux et les pannes impr\u00e9vues. Sentrimax est \u00e0 votre disposition pour assurer la maintenance de vos centrifugeuses Sharples \u00e0 Dallas.<\/p>\n<p data-start=\"8528\" data-end=\"8582\"><strong data-start=\"8528\" data-end=\"8582\"><a class=\"decorated-link\" href=\"https:\/\/sentrimax.com\/fr\/contact\/\" target=\"_new\" rel=\"noopener\" data-start=\"8530\" data-end=\"8580\">Demandez un devis !<\/a><\/strong><\/p>","protected":false},"excerpt":{"rendered":"<p>Industrial and municipal facilities throughout Dallas, TX rely on centrifuge systems to support continuous processing, efficient solids separation, and regulatory compliance. Equipment manufactured by Sharples has been used for decades across wastewater treatment, chemical processing, food production, and industrial separation applications due to its rugged mechanical design and long service life. While these centrifuges are [&hellip;]<\/p>\n","protected":false},"author":3,"featured_media":0,"parent":0,"menu_order":0,"comment_status":"closed","ping_status":"closed","template":"seo-page-template.php","meta":{"_acf_changed":false,"inline_featured_image":false,"footnotes":""},"class_list":["post-2286","page","type-page","status-publish","hentry"],"acf":[],"_links":{"self":[{"href":"https:\/\/sentrimax.com\/fr\/wp-json\/wp\/v2\/pages\/2286","targetHints":{"allow":["GET"]}}],"collection":[{"href":"https:\/\/sentrimax.com\/fr\/wp-json\/wp\/v2\/pages"}],"about":[{"href":"https:\/\/sentrimax.com\/fr\/wp-json\/wp\/v2\/types\/page"}],"author":[{"embeddable":true,"href":"https:\/\/sentrimax.com\/fr\/wp-json\/wp\/v2\/users\/3"}],"replies":[{"embeddable":true,"href":"https:\/\/sentrimax.com\/fr\/wp-json\/wp\/v2\/comments?post=2286"}],"version-history":[{"count":1,"href":"https:\/\/sentrimax.com\/fr\/wp-json\/wp\/v2\/pages\/2286\/revisions"}],"predecessor-version":[{"id":2539,"href":"https:\/\/sentrimax.com\/fr\/wp-json\/wp\/v2\/pages\/2286\/revisions\/2539"}],"wp:attachment":[{"href":"https:\/\/sentrimax.com\/fr\/wp-json\/wp\/v2\/media?parent=2286"}],"curies":[{"name":"wp","href":"https:\/\/api.w.org\/{rel}","templated":true}]}}