{"id":2287,"date":"2026-01-07T16:10:05","date_gmt":"2026-01-07T16:10:05","guid":{"rendered":"https:\/\/sentrimax.com\/?page_id=2287"},"modified":"2026-04-21T21:15:07","modified_gmt":"2026-04-21T21:15:07","slug":"sharples-wastewater-centrifuge-repair-in-atlanta-ga","status":"publish","type":"page","link":"https:\/\/sentrimax.com\/fr\/sharples-wastewater-centrifuge-repair-in-atlanta-ga\/","title":{"rendered":"R\u00e9paration de centrifugeuses Sharples pour eaux us\u00e9es \u00e0 Atlanta, G\u00e9orgie"},"content":{"rendered":"<p data-start=\"309\" data-end=\"855\"><img fetchpriority=\"high\" decoding=\"async\" class=\"aligncenter size-full wp-image-2173\" src=\"https:\/\/sentrimax.com\/wp-content\/uploads\/2025\/07\/c1a73b_f3521b6db4d34f23972aa5e5d7ed0489mv2.png\" alt=\"\" width=\"980\" height=\"551\" srcset=\"https:\/\/sentrimax.com\/wp-content\/uploads\/2025\/07\/c1a73b_f3521b6db4d34f23972aa5e5d7ed0489mv2.png 980w, https:\/\/sentrimax.com\/wp-content\/uploads\/2025\/07\/c1a73b_f3521b6db4d34f23972aa5e5d7ed0489mv2-300x169.png 300w, https:\/\/sentrimax.com\/wp-content\/uploads\/2025\/07\/c1a73b_f3521b6db4d34f23972aa5e5d7ed0489mv2-768x432.png 768w, https:\/\/sentrimax.com\/wp-content\/uploads\/2025\/07\/c1a73b_f3521b6db4d34f23972aa5e5d7ed0489mv2-18x10.png 18w, https:\/\/sentrimax.com\/wp-content\/uploads\/2025\/07\/c1a73b_f3521b6db4d34f23972aa5e5d7ed0489mv2-600x337.png 600w\" sizes=\"(max-width: 980px) 100vw, 980px\" \/><\/p>\n<p data-start=\"309\" data-end=\"855\">Sentrimax propose des services sp\u00e9cialis\u00e9s de r\u00e9paration de centrifugeuses Sharples pour le traitement des eaux us\u00e9es, destin\u00e9s aux installations municipales et industrielles de la r\u00e9gion d&#039;Atlanta, en G\u00e9orgie. Fort de plusieurs d\u00e9cennies d&#039;exp\u00e9rience sur le terrain, Sentrimax est un prestataire de services de confiance pour les centrifugeuses., <strong data-start=\"531\" data-end=\"572\"><span class=\"hover:entity-accent entity-underline inline cursor-pointer align-baseline\"><span class=\"whitespace-normal\">Sentrimax<\/span><\/span><\/strong> Sentrimax propose des diagnostics rapides et pr\u00e9cis, des pi\u00e8ces de qualit\u00e9 d&#039;origine et des r\u00e9parations de pr\u00e9cision qui r\u00e9tablissent les performances des \u00e9quipements et prolongent leur dur\u00e9e de vie. Qu&#039;il s&#039;agisse de pannes d&#039;urgence ou de r\u00e9visions planifi\u00e9es, Sentrimax accompagne les stations d&#039;\u00e9puration de la r\u00e9gion d&#039;Atlanta avec des solutions fiables et ax\u00e9es sur la s\u00e9curit\u00e9.<\/p>\n<p data-start=\"857\" data-end=\"1282\"><strong data-start=\"857\" data-end=\"869\">Sharples<\/strong> Les centrifugeuses sont largement utilis\u00e9es dans le traitement des eaux us\u00e9es en raison de leur robustesse et de leur efficacit\u00e9 de s\u00e9paration. Cependant, leur fonctionnement continu dans des environnements abrasifs et riches en mati\u00e8res solides engendre une usure importante des roulements, des spirales, des r\u00e9ducteurs et des ensembles rotatifs. Sentrimax comprend ces difficult\u00e9s et propose des solutions de r\u00e9paration con\u00e7ues pour minimiser les temps d&#039;arr\u00eat tout en am\u00e9liorant la fiabilit\u00e9 et l&#039;efficacit\u00e9 op\u00e9rationnelle.<\/p>\n<hr data-start=\"1284\" data-end=\"1287\" \/>\n<p data-start=\"1289\" data-end=\"1349\"><strong data-start=\"1289\" data-end=\"1349\">Soutien local \u00e0 Atlanta pour les op\u00e9rations critiques de traitement des eaux us\u00e9es<\/strong><\/p>\n<p data-start=\"1351\" data-end=\"1780\">Des installations \u00e0 travers <strong data-start=\"1369\" data-end=\"1410\"><span class=\"hover:entity-accent entity-underline inline cursor-pointer align-baseline\"><span class=\"whitespace-normal\">Atlanta<\/span><\/span><\/strong> Pour respecter les permis de rejet, les objectifs de traitement des biosolides et les exigences de conformit\u00e9 environnementale, il est essentiel que les centrifugeuses Sharples fonctionnent sans interruption. Sentrimax assure un service d&#039;intervention rapide dans la r\u00e9gion, permettant ainsi \u00e0 ses techniciens de se mobiliser rapidement en cas de probl\u00e8mes de vibrations, de r\u00e9duction du couple, d&#039;alarmes de temp\u00e9rature ou de perte de d\u00e9bit sur les centrifugeuses Sharples.<\/p>\n<p data-start=\"1782\" data-end=\"2051\">En combinant un service d&#039;intervention sur site \u00e0 des op\u00e9rations d&#039;usinage et d&#039;\u00e9quilibrage de pointe r\u00e9alis\u00e9es en interne, Sentrimax assure une r\u00e9paration compl\u00e8te sans d\u00e9lai inutile. Cette approche locale r\u00e9duit les co\u00fbts logistiques et garantit le fonctionnement optimal des infrastructures essentielles de traitement des eaux us\u00e9es.<\/p>\n<hr data-start=\"2053\" data-end=\"2056\" \/>\n<p data-start=\"2058\" data-end=\"2111\"><strong data-start=\"2058\" data-end=\"2111\">Services complets de r\u00e9paration de centrifugeuses Sharples<\/strong><\/p>\n<p data-start=\"2113\" data-end=\"2264\">Sentrimax propose une gamme compl\u00e8te de services de r\u00e9paration de centrifugeuses \u00e0 eaux us\u00e9es Sharples, adapt\u00e9s aux besoins op\u00e9rationnels des stations d&#039;\u00e9puration de la r\u00e9gion d&#039;Atlanta\u00a0:<\/p>\n<ul data-start=\"2266\" data-end=\"2606\">\n<li data-start=\"2266\" data-end=\"2322\">\n<p data-start=\"2268\" data-end=\"2322\">Inspections m\u00e9caniques compl\u00e8tes et analyse des d\u00e9faillances<\/p>\n<\/li>\n<li data-start=\"2323\" data-end=\"2375\">\n<p data-start=\"2325\" data-end=\"2375\">r\u00e9paration ou remplacement de rouleaux, de bols et de convoyeurs<\/p>\n<\/li>\n<li data-start=\"2376\" data-end=\"2424\">\n<p data-start=\"2378\" data-end=\"2424\">D\u00e9pose, pose et alignement des roulements<\/p>\n<\/li>\n<li data-start=\"2425\" data-end=\"2469\">\n<p data-start=\"2427\" data-end=\"2469\">R\u00e9fection des bo\u00eetes de vitesses et v\u00e9rification du couple<\/p>\n<\/li>\n<li data-start=\"2470\" data-end=\"2509\">\n<p data-start=\"2472\" data-end=\"2509\">\u00c9quilibrage dynamique selon les tol\u00e9rances du constructeur<\/p>\n<\/li>\n<li data-start=\"2510\" data-end=\"2564\">\n<p data-start=\"2512\" data-end=\"2564\">Am\u00e9liorations apport\u00e9es \u00e0 l&#039;\u00e9tanch\u00e9it\u00e9, \u00e0 la doublure anti-usure et \u00e0 la protection contre l&#039;abrasion<\/p>\n<\/li>\n<li data-start=\"2565\" data-end=\"2606\">\n<p data-start=\"2567\" data-end=\"2606\">Assistance aux syst\u00e8mes \u00e9lectriques et de contr\u00f4le<\/p>\n<\/li>\n<\/ul>\n<p data-start=\"2608\" data-end=\"2858\">Chaque r\u00e9paration est effectu\u00e9e selon des proc\u00e9dures document\u00e9es qui respectent, voire d\u00e9passent, les normes des \u00e9quipementiers. Les techniciens de Sentrimax sont form\u00e9s pour identifier les causes profondes de l&#039;usure, et non seulement les sympt\u00f4mes, ce qui contribue \u00e0 pr\u00e9venir les pannes r\u00e9p\u00e9t\u00e9es et les arr\u00eats impr\u00e9vus co\u00fbteux.<\/p>\n<p data-start=\"2860\" data-end=\"3119\">Pour les installations n\u00e9cessitant un soutien plus \u00e9tendu, Sentrimax propose \u00e9galement des solutions compl\u00e8tes de r\u00e9paration de centrifugeuses, au-del\u00e0 des unit\u00e9s Sharples, garantissant ainsi la continuit\u00e9 des op\u00e9rations pour des parcs d&#039;\u00e9quipements h\u00e9t\u00e9rog\u00e8nes. Pour en savoir plus sur ces services, consultez le site web. <a class=\"decorated-link cursor-pointer\" target=\"_new\" rel=\"noopener\" data-start=\"3078\" data-end=\"3118\">https:\/\/sentrimax.com\/centrifuge-repair\/<\/a>.<\/p>\n<hr data-start=\"3121\" data-end=\"3124\" \/>\n<p data-start=\"3126\" data-end=\"3170\"><strong data-start=\"3126\" data-end=\"3170\">Pi\u00e8ces de qualit\u00e9 d&#039;origine et remises \u00e0 neuf de pr\u00e9cision<\/strong><\/p>\n<p data-start=\"3172\" data-end=\"3514\">L&#039;acc\u00e8s \u00e0 des pi\u00e8ces de haute qualit\u00e9 est essentiel \u00e0 la fiabilit\u00e9 \u00e0 long terme des centrifugeuses. Sentrimax fournit des composants d&#039;origine et \u00e9quivalents pour les centrifugeuses de traitement des eaux us\u00e9es Sharples, notamment des roulements, des spires de vis, des plaquettes d&#039;usure, des joints et des r\u00e9ducteurs. Toutes les pi\u00e8ces sont inspect\u00e9es et v\u00e9rifi\u00e9es avant installation afin de garantir leur compatibilit\u00e9 et leurs performances.<\/p>\n<p data-start=\"3516\" data-end=\"3861\">Lorsque les conditions le justifient, Sentrimax effectue la remise \u00e0 neuf compl\u00e8te des centrifugeuses. Ces interventions permettent de r\u00e9tablir les tol\u00e9rances critiques, d&#039;am\u00e9liorer l&#039;efficacit\u00e9 de s\u00e9paration et de prolonger consid\u00e9rablement la dur\u00e9e de vie des \u00e9quipements Sharples vieillissants. Les installations b\u00e9n\u00e9ficient ainsi de performances pr\u00e9visibles et d&#039;un co\u00fbt total de possession r\u00e9duit par rapport aux r\u00e9parations correctives fr\u00e9quentes.<\/p>\n<p data-start=\"3863\" data-end=\"3990\">Des informations suppl\u00e9mentaires sur les composants disponibles et les options de remplacement sont disponibles \u00e0 l&#039;adresse suivante\u00a0: <a class=\"decorated-link cursor-pointer\" target=\"_new\" rel=\"noopener\" data-start=\"3950\" data-end=\"3989\">https:\/\/sentrimax.com\/centrifuge-parts\/<\/a>.<\/p>\n<hr data-start=\"3992\" data-end=\"3995\" \/>\n<p data-start=\"3997\" data-end=\"4059\"><strong data-start=\"3997\" data-end=\"4059\">Maintenance pr\u00e9ventive des centrifugeuses \u00e0 eaux us\u00e9es Sharples<\/strong><\/p>\n<p data-start=\"4061\" data-end=\"4421\">Les r\u00e9parations r\u00e9actives sont co\u00fbteuses en temps et pr\u00e9sentent un risque op\u00e9rationnel important. Sentrimax encourage les stations d&#039;\u00e9puration d&#039;Atlanta \u00e0 mettre en \u0153uvre des programmes de maintenance pr\u00e9ventive adapt\u00e9s aux conditions de fonctionnement des centrifugeuses Sharples. Les inspections planifi\u00e9es, l&#039;analyse des vibrations, le pr\u00e9l\u00e8vement d&#039;\u00e9chantillons d&#039;huile et la surveillance de l&#039;usure permettent de d\u00e9tecter les probl\u00e8mes pr\u00e9cocement, souvent avant le d\u00e9clenchement d&#039;alarmes ou l&#039;arr\u00eat des \u00e9quipements.<\/p>\n<p data-start=\"4423\" data-end=\"4775\">Les programmes de maintenance pr\u00e9ventive sont personnalis\u00e9s en fonction du d\u00e9bit, de la charge en solides et des exigences de fonctionnement. En anticipant l&#039;usure, les installations peuvent allonger les intervalles d&#039;entretien, stabiliser les performances de d\u00e9shydratation et r\u00e9duire les interventions d&#039;urgence. Sentrimax propose \u00e9galement des contrats de service garantissant une intervention prioritaire et un budget de maintenance pr\u00e9visible.<\/p>\n<hr data-start=\"4777\" data-end=\"4780\" \/>\n<p data-start=\"4782\" data-end=\"4836\"><strong data-start=\"4782\" data-end=\"4836\">Soutien \u00e0 la conformit\u00e9 r\u00e9glementaire et environnementale<\/strong><\/p>\n<p data-start=\"4838\" data-end=\"5205\">Les stations d&#039;\u00e9puration sont soumises \u00e0 une r\u00e9glementation stricte, et les performances des centrifugeuses sont essentielles \u00e0 leur conformit\u00e9. Une s\u00e9paration inefficace des mati\u00e8res solides peut augmenter les co\u00fbts de transport, perturber les proc\u00e9d\u00e9s en aval et entra\u00eener des infractions aux permis. Les r\u00e9parations des centrifugeuses Sentrimax sont r\u00e9alis\u00e9es conform\u00e9ment aux meilleures pratiques du secteur et aux normes environnementales afin de garantir la conformit\u00e9.<\/p>\n<p data-start=\"5207\" data-end=\"5601\">Pour plus d&#039;informations sur la r\u00e9glementation relative au traitement des eaux us\u00e9es et les directives op\u00e9rationnelles, les installations peuvent consulter les ressources de l&#039;Agence am\u00e9ricaine de protection de l&#039;environnement (EPA) \u00e0 l&#039;adresse suivante\u00a0: <a class=\"decorated-link\" href=\"https:\/\/www.epa.gov\/npdes\" target=\"_new\" rel=\"noopener\" data-start=\"5376\" data-end=\"5401\">https:\/\/www.epa.gov\/npdes<\/a> ou des publications techniques de la Water Environment Federation \u00e0 <a class=\"decorated-link\" href=\"https:\/\/www.wef.org\/\" target=\"_new\" rel=\"noopener\" data-start=\"5469\" data-end=\"5489\">https:\/\/www.wef.org\/<\/a>. Ces organisations offrent un \u00e9clairage pr\u00e9cieux sur l&#039;\u00e9volution des attentes en mati\u00e8re de conformit\u00e9 et des technologies de traitement.<\/p>\n<hr data-start=\"5603\" data-end=\"5606\" \/>\n<p data-start=\"5608\" data-end=\"5651\"><strong data-start=\"5608\" data-end=\"5651\">Pourquoi les entreprises d&#039;Atlanta choisissent Sentrimax<\/strong><\/p>\n<p data-start=\"5653\" data-end=\"6027\">Les municipalit\u00e9s et les entreprises industrielles de la r\u00e9gion d&#039;Atlanta font confiance \u00e0 Sentrimax pour son expertise technique, sa r\u00e9activit\u00e9 et son engagement envers la qualit\u00e9. Chaque r\u00e9paration de centrifugeuse de traitement des eaux us\u00e9es Sharples est r\u00e9alis\u00e9e dans le respect des normes de s\u00e9curit\u00e9, de pr\u00e9cision et de durabilit\u00e9. Une documentation d\u00e9taill\u00e9e accompagne chaque projet, garantissant transparence et fiabilit\u00e9.<\/p>\n<p data-start=\"6029\" data-end=\"6286\">Sentrimax accompagne \u00e9galement les installations lors de leurs mises \u00e0 niveau et initiatives d&#039;optimisation des proc\u00e9d\u00e9s. Qu&#039;il s&#039;agisse d&#039;int\u00e9grer de nouveaux mat\u00e9riaux r\u00e9sistants \u00e0 l&#039;abrasion ou d&#039;am\u00e9liorer la capacit\u00e9 de couple pour des charges de solides plus \u00e9lev\u00e9es, les r\u00e9parations sont con\u00e7ues pour r\u00e9pondre aux exigences op\u00e9rationnelles r\u00e9elles.<\/p>\n<p data-start=\"6288\" data-end=\"6431\">Les installations souhaitant en savoir plus sur les capacit\u00e9s de service sp\u00e9cifiques aux eaux us\u00e9es peuvent explorer <a class=\"decorated-link cursor-pointer\" target=\"_new\" rel=\"noopener\" data-start=\"6386\" data-end=\"6430\">https:\/\/sentrimax.com\/industries\/wastewater\/<\/a>.<\/p>\n<hr data-start=\"6433\" data-end=\"6436\" \/>\n<p data-start=\"6438\" data-end=\"6486\"><strong data-start=\"6438\" data-end=\"6486\">Service complet, du diagnostic \u00e0 la mise en service<\/strong><\/p>\n<p data-start=\"6488\" data-end=\"6799\">Sentrimax propose bien plus que la simple r\u00e9paration de composants. Son service comprend l&#039;assistance au d\u00e9montage et au remontage, la v\u00e9rification de l&#039;alignement, l&#039;aide \u00e0 la mise en service et les contr\u00f4les de performance apr\u00e8s r\u00e9paration. Cette approche globale garantit une remise en service optimale des centrifugeuses Sharples et un fonctionnement conforme aux sp\u00e9cifications d\u00e8s le premier jour.<\/p>\n<p data-start=\"6801\" data-end=\"7004\">En maintenant des contr\u00f4les de qualit\u00e9 rigoureux et en tirant parti de techniciens exp\u00e9riment\u00e9s, Sentrimax aide les stations d&#039;\u00e9puration d&#039;Atlanta \u00e0 r\u00e9duire les risques, \u00e0 ma\u00eetriser les co\u00fbts de maintenance et \u00e0 assurer un fonctionnement ininterrompu.<\/p>\n<hr data-start=\"7006\" data-end=\"7009\" \/>\n<p data-start=\"7011\" data-end=\"7076\"><strong data-start=\"7011\" data-end=\"7076\">R\u00e9paration professionnelle de centrifugeuses Sharples \u00e0 Atlanta, G\u00e9orgie<\/strong><\/p>\n<p data-start=\"7078\" data-end=\"7365\">Pour la r\u00e9paration fiable des centrifugeuses Sharples \u00e0 Atlanta, en G\u00e9orgie, les entreprises font confiance \u00e0 l&#039;expertise de Sentrimax. Du d\u00e9pannage d&#039;urgence \u00e0 la planification de la maintenance \u00e0 long terme, Sentrimax propose des solutions qui garantissent le fonctionnement efficace et conforme des syst\u00e8mes de traitement des eaux us\u00e9es.<\/p>\n<p data-start=\"7367\" data-end=\"7421\" data-is-last-node=\"\" data-is-only-node=\"\"><strong data-start=\"7367\" data-end=\"7421\" data-is-last-node=\"\"><a class=\"decorated-link\" href=\"https:\/\/sentrimax.com\/fr\/contact\/\" target=\"_new\" rel=\"noopener\" data-start=\"7369\" data-end=\"7419\">Demandez un devis !<\/a><\/strong><\/p>","protected":false},"excerpt":{"rendered":"<p>Sentrimax provides specialized Sharples wastewater centrifuge repair services for municipal and industrial facilities throughout Atlanta, Georgia. As a trusted centrifuge service provider with decades of field experience, Sentrimax delivers fast, accurate diagnostics, OEM-quality parts, and precision repairs that restore equipment performance and extend service life. From emergency breakdowns to planned overhauls, Sentrimax supports Atlanta-area wastewater [&hellip;]<\/p>\n","protected":false},"author":3,"featured_media":0,"parent":0,"menu_order":0,"comment_status":"closed","ping_status":"closed","template":"seo-page-template.php","meta":{"_acf_changed":false,"inline_featured_image":false,"footnotes":""},"class_list":["post-2287","page","type-page","status-publish","hentry"],"acf":[],"_links":{"self":[{"href":"https:\/\/sentrimax.com\/fr\/wp-json\/wp\/v2\/pages\/2287","targetHints":{"allow":["GET"]}}],"collection":[{"href":"https:\/\/sentrimax.com\/fr\/wp-json\/wp\/v2\/pages"}],"about":[{"href":"https:\/\/sentrimax.com\/fr\/wp-json\/wp\/v2\/types\/page"}],"author":[{"embeddable":true,"href":"https:\/\/sentrimax.com\/fr\/wp-json\/wp\/v2\/users\/3"}],"replies":[{"embeddable":true,"href":"https:\/\/sentrimax.com\/fr\/wp-json\/wp\/v2\/comments?post=2287"}],"version-history":[{"count":1,"href":"https:\/\/sentrimax.com\/fr\/wp-json\/wp\/v2\/pages\/2287\/revisions"}],"predecessor-version":[{"id":2538,"href":"https:\/\/sentrimax.com\/fr\/wp-json\/wp\/v2\/pages\/2287\/revisions\/2538"}],"wp:attachment":[{"href":"https:\/\/sentrimax.com\/fr\/wp-json\/wp\/v2\/media?parent=2287"}],"curies":[{"name":"wp","href":"https:\/\/api.w.org\/{rel}","templated":true}]}}