{"id":2288,"date":"2026-01-07T16:12:54","date_gmt":"2026-01-07T16:12:54","guid":{"rendered":"https:\/\/sentrimax.com\/?page_id=2288"},"modified":"2026-01-07T18:33:13","modified_gmt":"2026-01-07T18:33:13","slug":"sharples-centrifuge-repair-in-richmond-va","status":"publish","type":"page","link":"https:\/\/sentrimax.com\/fr\/sharples-centrifuge-repair-in-richmond-va\/","title":{"rendered":"R\u00e9paration de centrifugeuses Sharples \u00e0 Richmond, en Virginie"},"content":{"rendered":"<p data-start=\"287\" data-end=\"844\"><img fetchpriority=\"high\" decoding=\"async\" class=\"aligncenter size-full wp-image-2026\" src=\"https:\/\/sentrimax.com\/wp-content\/uploads\/2025\/07\/imgi_4_c1a73b_67d9bd780e544ea3924fdef1b967ae4fmv2-1.webp\" alt=\"\" width=\"980\" height=\"551\" srcset=\"https:\/\/sentrimax.com\/wp-content\/uploads\/2025\/07\/imgi_4_c1a73b_67d9bd780e544ea3924fdef1b967ae4fmv2-1.webp 980w, https:\/\/sentrimax.com\/wp-content\/uploads\/2025\/07\/imgi_4_c1a73b_67d9bd780e544ea3924fdef1b967ae4fmv2-1-300x169.webp 300w, https:\/\/sentrimax.com\/wp-content\/uploads\/2025\/07\/imgi_4_c1a73b_67d9bd780e544ea3924fdef1b967ae4fmv2-1-768x432.webp 768w, https:\/\/sentrimax.com\/wp-content\/uploads\/2025\/07\/imgi_4_c1a73b_67d9bd780e544ea3924fdef1b967ae4fmv2-1-18x10.webp 18w, https:\/\/sentrimax.com\/wp-content\/uploads\/2025\/07\/imgi_4_c1a73b_67d9bd780e544ea3924fdef1b967ae4fmv2-1-600x337.webp 600w\" sizes=\"(max-width: 980px) 100vw, 980px\" \/><\/p>\n<p data-start=\"287\" data-end=\"844\">Sentrimax propose des services professionnels de r\u00e9paration de centrifugeuses Sharples aux stations d&#039;\u00e9puration et aux sites industriels de Richmond, en Virginie. Forte de plusieurs d\u00e9cennies d&#039;exp\u00e9rience dans la maintenance d&#039;\u00e9quipements de s\u00e9paration critiques, Sentrimax assure des diagnostics fiables, des r\u00e9parations de pr\u00e9cision et utilise des composants de qualit\u00e9 d&#039;origine pour optimiser les performances et prolonger la dur\u00e9e de vie des centrifugeuses Sharples. Qu&#039;il s&#039;agisse de pannes urgentes, de maintenance planifi\u00e9e ou de remises \u00e0 neuf, Sentrimax est un partenaire de confiance pour les installations qui ne peuvent se permettre aucun arr\u00eat de production impr\u00e9vu.<\/p>\n<p data-start=\"846\" data-end=\"1293\">Les centrifugeuses Sharples jouent un r\u00f4le essentiel dans le traitement des eaux us\u00e9es en s\u00e9parant efficacement les solides des liquides, m\u00eame dans des conditions exigeantes. Un fonctionnement continu, l&#039;utilisation de mat\u00e9riaux abrasifs et des couples de serrage \u00e9lev\u00e9s peuvent entra\u00eener l&#039;usure des composants, des vibrations et une r\u00e9duction du d\u00e9bit. Sentrimax ma\u00eetrise les contraintes m\u00e9caniques et li\u00e9es aux proc\u00e9d\u00e9s propres aux \u00e9quipements Sharples et applique des m\u00e9thodes de r\u00e9paration \u00e9prouv\u00e9es pour garantir leur fiabilit\u00e9 \u00e0 long terme.<\/p>\n<hr data-start=\"1295\" data-end=\"1298\" \/>\n<p data-start=\"1300\" data-end=\"1352\"><strong data-start=\"1300\" data-end=\"1352\">Soutien local aux installations de traitement des eaux us\u00e9es de Richmond<\/strong><\/p>\n<p data-start=\"1354\" data-end=\"1779\">Dans la r\u00e9gion de Richmond, les stations d&#039;\u00e9puration des eaux us\u00e9es d\u00e9pendent des centrifugeuses pour respecter les normes r\u00e9glementaires, g\u00e9rer les boues d&#039;\u00e9puration et garantir un fonctionnement optimal. En cas de probl\u00e8me m\u00e9canique ou op\u00e9rationnel d&#039;une centrifugeuse Sharples, une intervention rapide est essentielle. Sentrimax assure un service d&#039;assistance r\u00e9actif \u00e0 Richmond et dans ses environs, permettant aux installations de r\u00e9soudre les probl\u00e8mes avant qu&#039;ils n&#039;entra\u00eenent des pannes co\u00fbteuses.<\/p>\n<p data-start=\"1781\" data-end=\"2077\">En combinant des services d&#039;intervention sur site \u00e0 des op\u00e9rations de r\u00e9paration et d&#039;\u00e9quilibrage internes de pointe, Sentrimax r\u00e9duit les d\u00e9lais de r\u00e9paration et la complexit\u00e9 logistique. Cette approche permet aux installations de Richmond de remettre rapidement en service leurs \u00e9quipements critiques tout en garantissant la qualit\u00e9 des r\u00e9parations.<\/p>\n<hr data-start=\"2079\" data-end=\"2082\" \/>\n<p data-start=\"2084\" data-end=\"2137\"><strong data-start=\"2084\" data-end=\"2137\">Services complets de r\u00e9paration de centrifugeuses Sharples<\/strong><\/p>\n<p data-start=\"2139\" data-end=\"2265\">Sentrimax propose des services de r\u00e9paration de centrifugeuses Sharples complets, adapt\u00e9s aux applications industrielles et de traitement des eaux us\u00e9es, notamment\u00a0:<\/p>\n<ul data-start=\"2267\" data-end=\"2639\">\n<li data-start=\"2267\" data-end=\"2323\">\n<p data-start=\"2269\" data-end=\"2323\">Inspections m\u00e9caniques d\u00e9taill\u00e9es et analyse des d\u00e9faillances<\/p>\n<\/li>\n<li data-start=\"2324\" data-end=\"2376\">\n<p data-start=\"2326\" data-end=\"2376\">r\u00e9paration ou remplacement de bols, de volutes et de convoyeurs<\/p>\n<\/li>\n<li data-start=\"2377\" data-end=\"2435\">\n<p data-start=\"2379\" data-end=\"2435\">D\u00e9pose, pose et alignement de pr\u00e9cision des roulements<\/p>\n<\/li>\n<li data-start=\"2436\" data-end=\"2492\">\n<p data-start=\"2438\" data-end=\"2492\">Inspection, r\u00e9fection et v\u00e9rification du couple de la bo\u00eete de vitesses<\/p>\n<\/li>\n<li data-start=\"2493\" data-end=\"2536\">\n<p data-start=\"2495\" data-end=\"2536\">\u00c9quilibrage dynamique selon les sp\u00e9cifications du constructeur<\/p>\n<\/li>\n<li data-start=\"2537\" data-end=\"2590\">\n<p data-start=\"2539\" data-end=\"2590\">Am\u00e9liorations du remplacement des joints et de la protection contre l&#039;usure<\/p>\n<\/li>\n<li data-start=\"2591\" data-end=\"2639\">\n<p data-start=\"2593\" data-end=\"2639\">Soutien au d\u00e9marrage et v\u00e9rification op\u00e9rationnelle<\/p>\n<\/li>\n<\/ul>\n<p data-start=\"2641\" data-end=\"2922\">Chaque r\u00e9paration est effectu\u00e9e selon des proc\u00e9dures document\u00e9es conformes aux normes des \u00e9quipements d&#039;origine. Plut\u00f4t que de se concentrer uniquement sur les dommages visibles, Sentrimax \u00e9value les causes sous-jacentes telles que les d\u00e9fauts d&#039;alignement, les probl\u00e8mes de lubrification ou l&#039;usure li\u00e9e au processus afin de pr\u00e9venir les pannes r\u00e9currentes.<\/p>\n<p data-start=\"2924\" data-end=\"3141\">Les installations \u00e9quip\u00e9es de plusieurs marques ou mod\u00e8les de centrifugeuses peuvent \u00e9galement b\u00e9n\u00e9ficier des services plus complets offerts par Sentrimax. Pour en savoir plus sur les options de r\u00e9paration de centrifugeuses, consultez le site web. <a class=\"decorated-link cursor-pointer\" target=\"_new\" rel=\"noopener\" data-start=\"3100\" data-end=\"3140\">https:\/\/sentrimax.com\/centrifuge-repair\/<\/a>.<\/p>\n<hr data-start=\"3143\" data-end=\"3146\" \/>\n<p data-start=\"3148\" data-end=\"3192\"><strong data-start=\"3148\" data-end=\"3192\">Pi\u00e8ces de qualit\u00e9 d&#039;origine et remises \u00e0 neuf de pr\u00e9cision<\/strong><\/p>\n<p data-start=\"3194\" data-end=\"3531\">Des pi\u00e8ces de rechange de haute qualit\u00e9 sont essentielles \u00e0 la long\u00e9vit\u00e9 et aux performances des centrifugeuses Sharples. Sentrimax fournit des composants d&#039;origine et \u00e9quivalents, notamment des roulements, des joints d&#039;\u00e9tanch\u00e9it\u00e9, des rev\u00eatements anti-usure, des ensembles de spirales et des pi\u00e8ces de r\u00e9ducteur. Chaque composant est inspect\u00e9 et v\u00e9rifi\u00e9 afin de garantir un ajustement, un \u00e9quilibrage et une durabilit\u00e9 optimaux avant son installation.<\/p>\n<p data-start=\"3533\" data-end=\"3893\">Pour les centrifugeuses Sharples vieillissantes ou fortement us\u00e9es, Sentrimax propose une remise \u00e0 neuf compl\u00e8te. Ces interventions comprennent le r\u00e9tablissement des tol\u00e9rances critiques, le remplacement des composants us\u00e9s et la v\u00e9rification de l&#039;int\u00e9grit\u00e9 m\u00e9canique de l&#039;ensemble. Une remise \u00e0 neuf professionnelle permet d&#039;allonger consid\u00e9rablement la dur\u00e9e de vie de l&#039;\u00e9quipement tout en am\u00e9liorant l&#039;efficacit\u00e9 de s\u00e9paration et la stabilit\u00e9 de fonctionnement.<\/p>\n<p data-start=\"3895\" data-end=\"4015\">Des informations suppl\u00e9mentaires sur les pi\u00e8ces disponibles et la prise en charge des composants sont disponibles \u00e0 l&#039;adresse suivante\u00a0: <a class=\"decorated-link cursor-pointer\" target=\"_new\" rel=\"noopener\" data-start=\"3975\" data-end=\"4014\">https:\/\/sentrimax.com\/centrifuge-parts\/<\/a>.<\/p>\n<hr data-start=\"4017\" data-end=\"4020\" \/>\n<p data-start=\"4022\" data-end=\"4073\"><strong data-start=\"4022\" data-end=\"4073\">Maintenance pr\u00e9ventive des centrifugeuses Sharples<\/strong><\/p>\n<p data-start=\"4075\" data-end=\"4404\">Bien que les r\u00e9parations d&#039;urgence soient parfois in\u00e9vitables, la maintenance pr\u00e9ventive est l&#039;un des moyens les plus efficaces de r\u00e9duire les co\u00fbts \u00e0 long terme et les risques op\u00e9rationnels. Sentrimax collabore avec les installations de la r\u00e9gion de Richmond pour \u00e9laborer des programmes de maintenance pr\u00e9ventive sp\u00e9cifiquement con\u00e7us pour les centrifugeuses Sharples fonctionnant dans des environnements de traitement des eaux us\u00e9es.<\/p>\n<p data-start=\"4406\" data-end=\"4763\">Ces programmes peuvent inclure des inspections de routine, des analyses vibratoires, la surveillance de l&#039;\u00e9tat de l&#039;huile et des \u00e9valuations de l&#039;usure. En identifiant les premiers signes de d\u00e9gradation, les installations peuvent planifier la maintenance lors des arr\u00eats programm\u00e9s plut\u00f4t que de r\u00e9agir \u00e0 des pannes inattendues. La maintenance pr\u00e9ventive contribue \u00e9galement \u00e0 stabiliser les performances de d\u00e9shydratation et \u00e0 allonger les intervalles d&#039;entretien.<\/p>\n<p data-start=\"4765\" data-end=\"4926\">Sentrimax propose des contrats de service flexibles qui offrent un soutien constant, une planification prioritaire et une planification de maintenance pr\u00e9visible aux exploitants de stations d&#039;\u00e9puration.<\/p>\n<hr data-start=\"4928\" data-end=\"4931\" \/>\n<p data-start=\"4933\" data-end=\"4987\"><strong data-start=\"4933\" data-end=\"4987\">Soutien \u00e0 la conformit\u00e9 environnementale et r\u00e9glementaire<\/strong><\/p>\n<p data-start=\"4989\" data-end=\"5377\">Le bon fonctionnement des centrifugeuses est essentiel au respect des r\u00e9glementations relatives aux rejets d&#039;eaux us\u00e9es et aux boues d&#039;\u00e9puration. Une faible efficacit\u00e9 de s\u00e9paration ou des arr\u00eats de production peuvent accro\u00eetre les co\u00fbts de transport, perturber les proc\u00e9d\u00e9s en aval et exposer les installations \u00e0 des risques de non-conformit\u00e9. Les services de r\u00e9paration et de maintenance de Sentrimax sont con\u00e7us pour garantir des performances constantes et la conformit\u00e9 r\u00e9glementaire.<\/p>\n<p data-start=\"5379\" data-end=\"5765\">Pour obtenir des conseils suppl\u00e9mentaires sur les normes de traitement des eaux us\u00e9es et les consid\u00e9rations de conformit\u00e9, les installations peuvent consulter l&#039;Agence am\u00e9ricaine de protection de l&#039;environnement (EPA) \u00e0 l&#039;adresse suivante\u00a0: <a class=\"decorated-link cursor-pointer\" target=\"_new\" rel=\"noopener\" data-start=\"5537\" data-end=\"5562\">https:\/\/www.epa.gov\/water<\/a> ou des ressources techniques de la Water Environment Federation \u00e0 <a class=\"decorated-link\" href=\"https:\/\/www.wef.org\/\" target=\"_new\" rel=\"noopener\" data-start=\"5627\" data-end=\"5647\">https:\/\/www.wef.org\/<\/a>. Ces organisations fournissent des informations reconnues par l&#039;industrie sur les processus de traitement, les r\u00e9glementations et les meilleures pratiques.<\/p>\n<hr data-start=\"5767\" data-end=\"5770\" \/>\n<p data-start=\"5772\" data-end=\"5816\"><strong data-start=\"5772\" data-end=\"5816\">Pourquoi les installations de Richmond choisissent Sentrimax<\/strong><\/p>\n<p data-start=\"5818\" data-end=\"6160\">Les installations de Richmond choisissent Sentrimax pour la r\u00e9paration de leurs centrifugeuses Sharples en raison de son expertise technique, de son souci du d\u00e9tail et de son engagement envers la performance \u00e0 long terme. Chaque projet b\u00e9n\u00e9ficie du soutien de techniciens exp\u00e9riment\u00e9s qui comprennent les exigences m\u00e9caniques des centrifugeuses de traitement des eaux us\u00e9es et les contraintes op\u00e9rationnelles auxquelles sont confront\u00e9es les stations d&#039;\u00e9puration.<\/p>\n<p data-start=\"6162\" data-end=\"6467\">Sentrimax privil\u00e9gie le contr\u00f4le qualit\u00e9, une communication transparente et une documentation compl\u00e8te tout au long du processus de r\u00e9paration. Les installations re\u00e7oivent des rapports d&#039;intervention d\u00e9taill\u00e9s pr\u00e9sentant les constatations, les travaux effectu\u00e9s et les recommandations pour la maintenance future, ce qui permet une prise de d\u00e9cision \u00e9clair\u00e9e et une meilleure gestion des actifs.<\/p>\n<p data-start=\"6469\" data-end=\"6563\">Pour une expertise sp\u00e9cifique en mati\u00e8re de traitement des eaux us\u00e9es, consultez <a class=\"decorated-link cursor-pointer\" target=\"_new\" rel=\"noopener\" data-start=\"6518\" data-end=\"6562\">https:\/\/sentrimax.com\/industries\/wastewater\/<\/a>.<\/p>\n<hr data-start=\"6565\" data-end=\"6568\" \/>\n<p data-start=\"6570\" data-end=\"6607\"><strong data-start=\"6570\" data-end=\"6607\">Du diagnostic au soutien au d\u00e9marrage<\/strong><\/p>\n<p data-start=\"6609\" data-end=\"6921\">Sentrimax propose bien plus que la simple r\u00e9paration de composants. Ses services comprennent l&#039;assistance au d\u00e9montage et au remontage, les contr\u00f4les d&#039;alignement, l&#039;assistance \u00e0 la mise en service et la v\u00e9rification des performances apr\u00e8s r\u00e9paration. Cette approche globale garantit la remise en service des centrifugeuses Sharples en toute s\u00e9curit\u00e9, avec un fonctionnement optimal et une efficacit\u00e9 maximale.<\/p>\n<p data-start=\"6923\" data-end=\"7130\">En combinant connaissances en ing\u00e9nierie et exp\u00e9rience pratique sur le terrain, Sentrimax aide les stations d&#039;\u00e9puration de Richmond \u00e0 r\u00e9duire les temps d&#039;arr\u00eat, \u00e0 ma\u00eetriser les co\u00fbts de maintenance et \u00e0 prot\u00e9ger les investissements critiques dans les infrastructures.<\/p>\n<hr data-start=\"7132\" data-end=\"7135\" \/>\n<p data-start=\"7137\" data-end=\"7203\"><strong data-start=\"7137\" data-end=\"7203\">R\u00e9paration professionnelle de centrifugeuses Sharples \u00e0 Richmond, Virginie<\/strong><\/p>\n<p data-start=\"7205\" data-end=\"7520\">\u00c0 Richmond, en Virginie, les entreprises font confiance \u00e0 Sentrimax pour la r\u00e9paration fiable de leurs centrifugeuses Sharples. Son expertise reconnue et son service r\u00e9actif en font un choix s\u00fbr. Qu&#039;il s&#039;agisse d&#039;une r\u00e9paration urgente ou d&#039;une maintenance \u00e0 long terme, Sentrimax propose des solutions con\u00e7ues pour garantir le fonctionnement efficace et conforme des stations d&#039;\u00e9puration.<\/p>\n<p data-start=\"7522\" data-end=\"7576\" data-is-last-node=\"\" data-is-only-node=\"\"><strong data-start=\"7522\" data-end=\"7576\" data-is-last-node=\"\"><a class=\"decorated-link\" href=\"https:\/\/sentrimax.com\/fr\/contact\/\" target=\"_new\" rel=\"noopener\" data-start=\"7524\" data-end=\"7574\">Demandez un devis !<\/a><\/strong><\/p>","protected":false},"excerpt":{"rendered":"<p>Sentrimax delivers professional Sharples centrifuge repair services to wastewater treatment facilities and industrial operations throughout Richmond, Virginia. With decades of experience supporting critical separation equipment, Sentrimax provides reliable diagnostics, precision repairs, and OEM-quality components designed to restore performance and extend the operational life of Sharples centrifuges. From urgent breakdowns to planned maintenance and rebuilds, Sentrimax [&hellip;]<\/p>\n","protected":false},"author":3,"featured_media":0,"parent":0,"menu_order":0,"comment_status":"closed","ping_status":"closed","template":"","meta":{"_acf_changed":false,"inline_featured_image":false,"footnotes":""},"class_list":["post-2288","page","type-page","status-publish","hentry"],"acf":[],"_links":{"self":[{"href":"https:\/\/sentrimax.com\/fr\/wp-json\/wp\/v2\/pages\/2288","targetHints":{"allow":["GET"]}}],"collection":[{"href":"https:\/\/sentrimax.com\/fr\/wp-json\/wp\/v2\/pages"}],"about":[{"href":"https:\/\/sentrimax.com\/fr\/wp-json\/wp\/v2\/types\/page"}],"author":[{"embeddable":true,"href":"https:\/\/sentrimax.com\/fr\/wp-json\/wp\/v2\/users\/3"}],"replies":[{"embeddable":true,"href":"https:\/\/sentrimax.com\/fr\/wp-json\/wp\/v2\/comments?post=2288"}],"version-history":[{"count":0,"href":"https:\/\/sentrimax.com\/fr\/wp-json\/wp\/v2\/pages\/2288\/revisions"}],"wp:attachment":[{"href":"https:\/\/sentrimax.com\/fr\/wp-json\/wp\/v2\/media?parent=2288"}],"curies":[{"name":"wp","href":"https:\/\/api.w.org\/{rel}","templated":true}]}}