{"id":2289,"date":"2026-01-07T16:14:59","date_gmt":"2026-01-07T16:14:59","guid":{"rendered":"https:\/\/sentrimax.com\/?page_id=2289"},"modified":"2026-04-21T21:15:06","modified_gmt":"2026-04-21T21:15:06","slug":"sharples-decanter-centrifuge-service-in-denver-co","status":"publish","type":"page","link":"https:\/\/sentrimax.com\/fr\/sharples-decanter-centrifuge-service-in-denver-co\/","title":{"rendered":"Service de centrifugation Sharples Decanter \u00e0 Denver, Colorado"},"content":{"rendered":"<p data-start=\"300\" data-end=\"734\"><img fetchpriority=\"high\" decoding=\"async\" class=\"aligncenter size-full wp-image-1619\" src=\"https:\/\/sentrimax.com\/wp-content\/uploads\/2025\/07\/Pulp-Paper-1.png\" alt=\"\" width=\"1536\" height=\"1024\" srcset=\"https:\/\/sentrimax.com\/wp-content\/uploads\/2025\/07\/Pulp-Paper-1.png 1536w, https:\/\/sentrimax.com\/wp-content\/uploads\/2025\/07\/Pulp-Paper-1-300x200.png 300w, https:\/\/sentrimax.com\/wp-content\/uploads\/2025\/07\/Pulp-Paper-1-1024x683.png 1024w, https:\/\/sentrimax.com\/wp-content\/uploads\/2025\/07\/Pulp-Paper-1-768x512.png 768w, https:\/\/sentrimax.com\/wp-content\/uploads\/2025\/07\/Pulp-Paper-1-600x400.png 600w\" sizes=\"(max-width: 1536px) 100vw, 1536px\" \/><\/p>\n<p data-start=\"300\" data-end=\"734\">Sentrimax propose un service complet de centrifugation d\u00e9canteuse Sharples pour les stations d&#039;\u00e9puration et les sites industriels de Denver, dans le Colorado. Forte de plusieurs d\u00e9cennies d&#039;exp\u00e9rience pratique dans la maintenance d&#039;\u00e9quipements de s\u00e9paration critiques, <strong data-start=\"538\" data-end=\"579\"><span class=\"hover:entity-accent entity-underline inline cursor-pointer align-baseline\"><span class=\"whitespace-normal\">Sentrimax<\/span><\/span><\/strong> assure la maintenance de pr\u00e9cision, les r\u00e9parations d&#039;experts et des solutions de fiabilit\u00e9 \u00e0 long terme pour les centrifugeuses d\u00e9canteuses Sharples fonctionnant dans des environnements exigeants.<\/p>\n<p data-start=\"736\" data-end=\"1218\">Les centrifugeuses d\u00e9canteuses sont essentielles au traitement des eaux us\u00e9es, \u00e0 la gestion des biosolides et \u00e0 la d\u00e9shydratation des boues. Con\u00e7us pour un fonctionnement continu, les \u00e9quipements Sharples sont soumis \u00e0 des contraintes importantes sur leurs composants m\u00e9caniques au fil du temps, en raison de la forte concentration de mati\u00e8res solides, des mat\u00e9riaux abrasifs et du couple constant. Sentrimax comprend ces difficult\u00e9s et propose des solutions de maintenance visant \u00e0 r\u00e9duire les temps d&#039;arr\u00eat, \u00e0 optimiser l&#039;efficacit\u00e9 de s\u00e9paration et \u00e0 prolonger la dur\u00e9e de vie des centrifugeuses d\u00e9canteuses Sharples.<\/p>\n<hr data-start=\"1220\" data-end=\"1223\" \/>\n<p data-start=\"1225\" data-end=\"1274\"><strong data-start=\"1225\" data-end=\"1274\">Soutien \u00e0 l&#039;infrastructure des eaux us\u00e9es de Denver<\/strong><\/p>\n<p data-start=\"1276\" data-end=\"1632\">installations de traitement des eaux us\u00e9es \u00e0 travers <strong data-start=\"1315\" data-end=\"1356\"><span class=\"hover:entity-accent entity-underline inline cursor-pointer align-baseline\"><span class=\"whitespace-normal\">Denver<\/span><\/span><\/strong> Pour respecter les exigences r\u00e9glementaires, ma\u00eetriser les co\u00fbts d&#039;exploitation et prot\u00e9ger les proc\u00e9d\u00e9s en aval, il est essentiel de compter sur la fiabilit\u00e9 des centrifugeuses. En cas de vibrations, de diminution du degr\u00e9 de siccit\u00e9 du g\u00e2teau de centrifugation, d&#039;alarmes de couple ou d&#039;usure m\u00e9canique sur les centrifugeuses d\u00e9canteuses Sharples, une intervention rapide est indispensable.<\/p>\n<p data-start=\"1634\" data-end=\"2055\">Sentrimax offre un service r\u00e9actif dans la r\u00e9gion de Denver, alliant assistance sur site et ateliers de r\u00e9paration de pointe. Cette approche int\u00e9gr\u00e9e minimise les d\u00e9lais, r\u00e9duit les co\u00fbts de transport et garantit des r\u00e9parations conformes aux normes les plus exigeantes. Les entreprises b\u00e9n\u00e9ficient ainsi de d\u00e9lais d&#039;intervention plus courts et de l&#039;assurance que leurs \u00e9quipements fonctionneront de mani\u00e8re fiable en conditions r\u00e9elles d&#039;utilisation.<\/p>\n<hr data-start=\"2057\" data-end=\"2060\" \/>\n<p data-start=\"2062\" data-end=\"2120\"><strong data-start=\"2062\" data-end=\"2120\">Capacit\u00e9s compl\u00e8tes de d\u00e9cantation et de centrifugation Sharples<\/strong><\/p>\n<p data-start=\"2122\" data-end=\"2274\">Sentrimax propose un service complet d&#039;entretien des centrifugeuses d\u00e9canteuses Sharples, prenant en charge aussi bien la maintenance courante que les probl\u00e8mes m\u00e9caniques complexes. Les services comprennent\u00a0:<\/p>\n<ul data-start=\"2276\" data-end=\"2638\">\n<li data-start=\"2276\" data-end=\"2331\">\n<p data-start=\"2278\" data-end=\"2331\">Inspections compl\u00e8tes et \u00e9valuations de l&#039;\u00e9tat<\/p>\n<\/li>\n<li data-start=\"2332\" data-end=\"2384\">\n<p data-start=\"2334\" data-end=\"2384\">r\u00e9paration ou remplacement de bols, de volutes et de convoyeurs<\/p>\n<\/li>\n<li data-start=\"2385\" data-end=\"2443\">\n<p data-start=\"2387\" data-end=\"2443\">D\u00e9pose, pose et alignement de pr\u00e9cision des roulements<\/p>\n<\/li>\n<li data-start=\"2444\" data-end=\"2495\">\n<p data-start=\"2446\" data-end=\"2495\">Inspection, r\u00e9fection et essai de couple de la bo\u00eete de vitesses<\/p>\n<\/li>\n<li data-start=\"2496\" data-end=\"2535\">\n<p data-start=\"2498\" data-end=\"2535\">\u00c9quilibrage dynamique selon les tol\u00e9rances du constructeur<\/p>\n<\/li>\n<li data-start=\"2536\" data-end=\"2585\">\n<p data-start=\"2538\" data-end=\"2585\">Am\u00e9liorations du remplacement des joints et de la protection contre l&#039;usure<\/p>\n<\/li>\n<li data-start=\"2586\" data-end=\"2638\">\n<p data-start=\"2588\" data-end=\"2638\">Assistance au d\u00e9marrage et v\u00e9rification apr\u00e8s service<\/p>\n<\/li>\n<\/ul>\n<p data-start=\"2640\" data-end=\"2932\">Chaque intervention suit des proc\u00e9dures document\u00e9es conformes aux normes des \u00e9quipementiers. Plut\u00f4t que de se concentrer uniquement sur l&#039;usure visible, les techniciens de Sentrimax \u00e9valuent les causes sous-jacentes telles que le d\u00e9salignement, la d\u00e9faillance de la lubrification ou les contraintes li\u00e9es au processus afin de pr\u00e9venir les pannes r\u00e9currentes.<\/p>\n<p data-start=\"2934\" data-end=\"3131\">Les installations exploitant des parcs de centrifugeuses mixtes peuvent \u00e9galement compter sur Sentrimax pour un soutien technique plus \u00e9tendu. Plus d&#039;informations sur ces capacit\u00e9s sont disponibles sur [lien manquant]. <a class=\"decorated-link cursor-pointer\" target=\"_new\" rel=\"noopener\" data-start=\"3090\" data-end=\"3130\">https:\/\/sentrimax.com\/centrifuge-repair\/<\/a>.<\/p>\n<hr data-start=\"3133\" data-end=\"3136\" \/>\n<p data-start=\"3138\" data-end=\"3193\"><strong data-start=\"3138\" data-end=\"3193\">Pi\u00e8ces de qualit\u00e9 d&#039;origine pour centrifugeuses d\u00e9canteuses Sharples<\/strong><\/p>\n<p data-start=\"3195\" data-end=\"3533\">Des composants de haute qualit\u00e9 sont essentiels au maintien de la fiabilit\u00e9 des centrifugeuses d\u00e9canteuses. Sentrimax fournit des pi\u00e8ces d&#039;origine et \u00e9quivalentes pour les \u00e9quipements Sharples, notamment des roulements, des joints d&#039;\u00e9tanch\u00e9it\u00e9, des rev\u00eatements anti-usure, des spires de la spirale et des r\u00e9ducteurs. Toutes les pi\u00e8ces sont inspect\u00e9es et v\u00e9rifi\u00e9es avant installation afin de garantir un ajustement, un \u00e9quilibrage et une durabilit\u00e9 optimaux.<\/p>\n<p data-start=\"3535\" data-end=\"3906\">Pour les unit\u00e9s fortement us\u00e9es ou vieillissantes, Sentrimax propose une remise \u00e0 neuf compl\u00e8te des centrifugeuses d\u00e9canteuses Sharples. Ces remises \u00e0 neuf r\u00e9tablissent les tol\u00e9rances critiques, corrigent l&#039;usure cumulative et am\u00e9liorent l&#039;int\u00e9grit\u00e9 m\u00e9canique de l&#039;ensemble. Une remise \u00e0 neuf professionnelle peut prolonger consid\u00e9rablement la dur\u00e9e de vie de l&#039;\u00e9quipement, tout en am\u00e9liorant les performances de d\u00e9shydratation et en r\u00e9duisant les co\u00fbts de maintenance \u00e0 long terme.<\/p>\n<p data-start=\"3908\" data-end=\"4019\">Pour en savoir plus sur les composants de remplacement disponibles et le support technique, consultez le site web. <a class=\"decorated-link cursor-pointer\" target=\"_new\" rel=\"noopener\" data-start=\"3979\" data-end=\"4018\">https:\/\/sentrimax.com\/centrifuge-parts\/<\/a>.<\/p>\n<hr data-start=\"4021\" data-end=\"4024\" \/>\n<p data-start=\"4026\" data-end=\"4078\"><strong data-start=\"4026\" data-end=\"4078\">Maintenance pr\u00e9ventive pour une fiabilit\u00e9 \u00e0 long terme<\/strong><\/p>\n<p data-start=\"4080\" data-end=\"4334\">Les r\u00e9parations d&#039;urgence peuvent s&#039;av\u00e9rer co\u00fbteuses et perturber le fonctionnement des stations d&#039;\u00e9puration. Sentrimax collabore avec les installations de la r\u00e9gion de Denver pour mettre en \u0153uvre des programmes de maintenance pr\u00e9ventive con\u00e7us sp\u00e9cifiquement pour les centrifugeuses d\u00e9canteuses Sharples utilis\u00e9es dans les environnements de traitement des eaux us\u00e9es.<\/p>\n<p data-start=\"4336\" data-end=\"4703\">Les services de maintenance pr\u00e9ventive peuvent inclure des inspections r\u00e9guli\u00e8res, l&#039;analyse des vibrations, la surveillance de l&#039;\u00e9tat de l&#039;huile et la mesure de l&#039;usure. Ces mesures proactives permettent de d\u00e9tecter les premiers signes de d\u00e9gradation avant qu&#039;ils n&#039;entra\u00eenent des arr\u00eats impr\u00e9vus. Les installations b\u00e9n\u00e9ficient ainsi de programmes de maintenance plus pr\u00e9visibles, d&#039;une disponibilit\u00e9 accrue et d&#039;une meilleure ma\u00eetrise des budgets de maintenance.<\/p>\n<p data-start=\"4705\" data-end=\"4863\">Sentrimax propose \u00e9galement des contrats de service qui garantissent une intervention prioritaire et un soutien constant, permettant aux exploitants de stations d&#039;\u00e9puration de planifier la maintenance en toute confiance.<\/p>\n<hr data-start=\"4865\" data-end=\"4868\" \/>\n<p data-start=\"4870\" data-end=\"4921\"><strong data-start=\"4870\" data-end=\"4921\">Soutien \u00e0 la conformit\u00e9 r\u00e9glementaire et environnementale<\/strong><\/p>\n<p data-start=\"4923\" data-end=\"5283\">La fiabilit\u00e9 des performances des centrifugeuses d\u00e9canteuses est essentielle au respect des normes environnementales. Une s\u00e9paration inefficace des solides peut accro\u00eetre les volumes transport\u00e9s, surcharger les proc\u00e9d\u00e9s de traitement en aval et exposer les installations \u00e0 des risques r\u00e9glementaires. Les services Sentrimax sont con\u00e7us pour garantir des performances constantes et la conformit\u00e9 aux r\u00e9glementations applicables en mati\u00e8re de traitement des eaux us\u00e9es.<\/p>\n<p data-start=\"5285\" data-end=\"5689\">Pour obtenir des conseils suppl\u00e9mentaires sur les normes de traitement des eaux us\u00e9es et les consid\u00e9rations r\u00e9glementaires, les installations peuvent consulter l&#039;Agence am\u00e9ricaine de protection de l&#039;environnement (EPA) \u00e0 l&#039;adresse suivante\u00a0: <a class=\"decorated-link cursor-pointer\" target=\"_new\" rel=\"noopener\" data-start=\"5443\" data-end=\"5468\">https:\/\/www.epa.gov\/water<\/a> ou des ressources techniques de la Water Environment Federation \u00e0 <a class=\"decorated-link\" href=\"https:\/\/www.wef.org\/\" target=\"_new\" rel=\"noopener\" data-start=\"5533\" data-end=\"5553\">https:\/\/www.wef.org\/<\/a>. Ces organisations fournissent des informations faisant autorit\u00e9 sur les technologies de traitement, les exigences de conformit\u00e9 et les meilleures pratiques du secteur.<\/p>\n<hr data-start=\"5691\" data-end=\"5694\" \/>\n<p data-start=\"5696\" data-end=\"5738\"><strong data-start=\"5696\" data-end=\"5738\">Pourquoi les entreprises de Denver choisissent Sentrimax<\/strong><\/p>\n<p data-start=\"5740\" data-end=\"6098\">Les stations d&#039;\u00e9puration et les installations industrielles de Denver choisissent Sentrimax pour l&#039;entretien de leurs centrifugeuses d\u00e9canteuses Sharples en raison de son expertise technique, de sa r\u00e9activit\u00e9 et de son engagement envers la qualit\u00e9. Chaque projet b\u00e9n\u00e9ficie du soutien de techniciens exp\u00e9riment\u00e9s qui ma\u00eetrisent aussi bien la conception m\u00e9canique des \u00e9quipements Sharples que les r\u00e9alit\u00e9s op\u00e9rationnelles des stations d&#039;\u00e9puration.<\/p>\n<p data-start=\"6100\" data-end=\"6386\">Sentrimax privil\u00e9gie une communication claire et une documentation exhaustive tout au long du processus de service. Les installations re\u00e7oivent des rapports d\u00e9taill\u00e9s pr\u00e9sentant les constatations, les travaux effectu\u00e9s et les recommandations pour la maintenance future, ce qui permet de prendre des d\u00e9cisions \u00e9clair\u00e9es en mati\u00e8re de gestion des actifs et de planification \u00e0 long terme.<\/p>\n<p data-start=\"6388\" data-end=\"6498\">Pour obtenir des informations et une expertise sp\u00e9cifiques au traitement des eaux us\u00e9es, veuillez consulter notre site web. <a class=\"decorated-link cursor-pointer\" target=\"_new\" rel=\"noopener\" data-start=\"6453\" data-end=\"6497\">https:\/\/sentrimax.com\/industries\/wastewater\/<\/a>.<\/p>\n<hr data-start=\"6500\" data-end=\"6503\" \/>\n<p data-start=\"6505\" data-end=\"6546\"><strong data-start=\"6505\" data-end=\"6546\">De l&#039;inspection \u00e0 l&#039;assistance au d\u00e9marrage<\/strong><\/p>\n<p data-start=\"6548\" data-end=\"6905\">Sentrimax propose une assistance qui va bien au-del\u00e0 de la simple r\u00e9paration des composants. Son offre comprend le d\u00e9montage et le remontage des \u00e9quipements, la v\u00e9rification de l&#039;alignement, l&#039;assistance au d\u00e9marrage et les contr\u00f4les de performance apr\u00e8s intervention. Cette approche globale garantit la remise en service des centrifugeuses d\u00e9canteuses Sharples en toute s\u00e9curit\u00e9, avec un fonctionnement optimal et conform\u00e9ment aux sp\u00e9cifications techniques.<\/p>\n<p data-start=\"6907\" data-end=\"7101\">En combinant connaissances en ing\u00e9nierie et exp\u00e9rience pratique sur le terrain, Sentrimax aide les installations de Denver \u00e0 r\u00e9duire les temps d&#039;arr\u00eat, \u00e0 ma\u00eetriser les co\u00fbts de maintenance et \u00e0 prot\u00e9ger les investissements critiques dans les infrastructures.<\/p>\n<hr data-start=\"7103\" data-end=\"7106\" \/>\n<p data-start=\"7108\" data-end=\"7169\"><strong data-start=\"7108\" data-end=\"7169\">Demande de service de centrifugation Sharples Decanter \u00e0 Denver, Colorado<\/strong><\/p>\n<p data-start=\"7171\" data-end=\"7497\">\u00c0 Denver, dans le Colorado, les entreprises font confiance \u00e0 Sentrimax pour l&#039;entretien professionnel de leurs centrifugeuses d\u00e9canteuses Sharples. Son expertise reconnue et son assistance fiable en font un partenaire de choix. Qu&#039;il s&#039;agisse d&#039;interventions urgentes ou de la planification de la maintenance \u00e0 long terme, Sentrimax propose des solutions garantissant le fonctionnement efficace et conforme des stations d&#039;\u00e9puration.<\/p>\n<p data-start=\"7499\" data-end=\"7553\" data-is-last-node=\"\" data-is-only-node=\"\"><strong data-start=\"7499\" data-end=\"7553\" data-is-last-node=\"\"><a class=\"decorated-link\" href=\"https:\/\/sentrimax.com\/fr\/contact\/\" target=\"_new\" rel=\"noopener\" data-start=\"7501\" data-end=\"7551\">Demandez un devis !<\/a><\/strong><\/p>","protected":false},"excerpt":{"rendered":"<p>Sentrimax provides comprehensive Sharples decanter centrifuge service for wastewater treatment facilities and industrial operations throughout Denver, Colorado. With decades of hands-on experience servicing critical separation equipment, Sentrimax delivers precision maintenance, expert repairs, and long-term reliability solutions for Sharples decanter centrifuges operating in demanding environments. Decanter centrifuges are essential to wastewater processing, biosolids management, and sludge [&hellip;]<\/p>\n","protected":false},"author":3,"featured_media":0,"parent":0,"menu_order":0,"comment_status":"closed","ping_status":"closed","template":"seo-page-template.php","meta":{"_acf_changed":false,"inline_featured_image":false,"footnotes":""},"class_list":["post-2289","page","type-page","status-publish","hentry"],"acf":[],"_links":{"self":[{"href":"https:\/\/sentrimax.com\/fr\/wp-json\/wp\/v2\/pages\/2289","targetHints":{"allow":["GET"]}}],"collection":[{"href":"https:\/\/sentrimax.com\/fr\/wp-json\/wp\/v2\/pages"}],"about":[{"href":"https:\/\/sentrimax.com\/fr\/wp-json\/wp\/v2\/types\/page"}],"author":[{"embeddable":true,"href":"https:\/\/sentrimax.com\/fr\/wp-json\/wp\/v2\/users\/3"}],"replies":[{"embeddable":true,"href":"https:\/\/sentrimax.com\/fr\/wp-json\/wp\/v2\/comments?post=2289"}],"version-history":[{"count":1,"href":"https:\/\/sentrimax.com\/fr\/wp-json\/wp\/v2\/pages\/2289\/revisions"}],"predecessor-version":[{"id":2536,"href":"https:\/\/sentrimax.com\/fr\/wp-json\/wp\/v2\/pages\/2289\/revisions\/2536"}],"wp:attachment":[{"href":"https:\/\/sentrimax.com\/fr\/wp-json\/wp\/v2\/media?parent=2289"}],"curies":[{"name":"wp","href":"https:\/\/api.w.org\/{rel}","templated":true}]}}